{"id":1101,"date":"2021-03-12T14:22:45","date_gmt":"2021-03-12T13:22:45","guid":{"rendered":"https:\/\/antalyatouristinformation.com\/d\/?page_id=1101"},"modified":"2021-06-20T22:34:48","modified_gmt":"2021-06-20T20:34:48","slug":"myra","status":"publish","type":"page","link":"https:\/\/antalyatouristinformation.com\/d\/things-to-do\/history\/myra\/","title":{"rendered":"Guide to the Ancient City of Myra in Antalya: History and Tips"},"content":{"rendered":"<p>The ancient city of Myra is an important one. It&#8217;s located in the Demre district of Antalya. The name Myra means &#8220;<em>The Place of the Supreme Mother Goddess<\/em>&#8220;.<\/p>\n<p>Myra is famous for the church of Saint Nicholas, as he was the bishop in Myra and because of this the city maintained its reputation throughout the Middle Ages.<\/p>\n<p>In this article, you will find all the important information you need to know before visiting Myra, including history, activities, location, tours, and access.<\/p>\n<p>Let&#8217;s discover Myra in Demre !<\/p>\n<p><span><img decoding=\"async\" alt=\"St Nicholaos Church in Demre in Antalya in Turkey\" data-id=\"1121\" width=\"702\" data-init-width=\"1000\" height=\"470\" data-init-height=\"670\" title=\"St Nicholaos Church in Demre in Antalya in Turkey\" loading=\"lazy\" src=\"https:\/\/antalyatouristinformation.com\/d\/wp-content\/uploads\/sites\/9\/2021\/03\/st-nicholaos-church-in-demre.jpg\" data-width=\"702\" data-height=\"470\" data-pinpro-key=\"3zpb76n96\"><\/span><\/p>\n<h2 id=\"t-1619532833588\">What Can I Do in Myra?<\/h2>\n<p>This church, attributed to Santa Claus, is considered sacred for many believers. After visiting this church, you can see the <strong>magnificent rock-cut tombs and theater<\/strong>.&nbsp;<\/p>\n<h3>Acropolis<\/h3>\n<p><strong>The acropolis<\/strong> is just above the rock tombs and theater, however, no significant remains have survived in the acropolis. The city was initially founded on the hill above where the rock tombs are located, then it expanded downwards and became <strong>one of the six most important Lycian cities<\/strong>. Myra developed a lot during the 2nd century AD and many buildings were built with donations from wealthy people in this period.<\/p>\n<h3>Rock Tombs<\/h3>\n<p>There are<strong> two Lycian necropolis areas<\/strong> (rock tombs) cut into the vertical sides of the cliffs in Myra. The tombs were often carved in the shape of the front of a temple with pillars. It is remarkable that the rock tombs are adorned with so many reliefs and they look like a small houses. The &#8220;Lion Tomb&#8221; is the most famous.&nbsp;<\/p>\n<p>The shape and characteristics of the tombs indicated the status of the person buried in the tomb. The reliefs on the bottoms sometimes displayed scenes from the person&#8217;s life.<\/p>\n<p><span><img decoding=\"async\" alt=\"Ancient Greco-Roman amphitheatre of Myra in Antalya in Turkey\" data-id=\"5698\" width=\"702\" data-init-width=\"1000\" height=\"468\" data-init-height=\"667\" title=\"Ancient Greco-Roman amphitheatre of Myra in Antalya in Turkey\" loading=\"lazy\" src=\"https:\/\/antalyatouristinformation.com\/d\/wp-content\/uploads\/sites\/9\/2021\/05\/Ancient-Greco-Roman-amphitheatre-of-Myra-in-Antalya-in-Turkey.jpg\" data-width=\"702\" data-height=\"468\" data-pinpro-key=\"x0flab681\"><\/span><\/p>\n<h3>Theater<\/h3>\n<p>The Myra theater is <strong>one of the best preserved theaters in the Lycian Region <\/strong>that was<strong>&nbsp;<\/strong>built during the Roman period. It has a capacity to hold approximately 11,000 people. <span lang=\"en\"><span data-language-for-alternatives=\"en\" data-language-to-translate-into=\"auto\" data-phrase-index=\"0\">The majority of the two-story stage building is still standing. It was damaged in the earthquake in 141, then &nbsp;was repaired by a wealthy merchant, named Opramoas from Rhadiapolis. It is thought that the side of the theater facing the audience was once decorated with masks, reliefs, and sculptures.<\/span><\/span><\/p>\n<p><span><img decoding=\"async\" alt=\"Church of St. Nicholas at Myra in Antalya in Turkey\" data-id=\"5696\" width=\"702\" data-init-width=\"1000\" height=\"468\" data-init-height=\"667\" title=\"Church of St. Nicholas at Myra in Antalya in Turkey\" loading=\"lazy\" src=\"https:\/\/antalyatouristinformation.com\/d\/wp-content\/uploads\/sites\/9\/2021\/05\/Church-of-St.-Nicholas-at-Myra-in-Antalya-in-Turkey.jpg\" data-width=\"702\" data-height=\"468\" data-pinpro-key=\"nmtm58p28\"><\/span><\/p>\n<h3>Church of St. Nicholas at Myra<\/h3>\n<p>St. Nicholas Church was first built in the 6th century after the death of St. Nicholas. Afterwards several miraculous healings are said to have taken place among the believers who came to <strong>venerate his relics<\/strong>, and thus<strong>&nbsp;<\/strong>Myra became a place of pilgrimage. The current <strong>church<\/strong> was built mainly from the 8th century.<\/p>\n<p><strong>A monastery<\/strong> was added in the second half of the 11th century. A restoration work began in 1863, following the Russian Tsar Alexander bought the building and the surrounding area from the Ottoman Empire.<strong> A bell tower<\/strong> was added that can be seen today during these restorations. The sarcophagus of Saint Nicholas, which was destroyed in 1087, was unearthed in1968.<\/p>\n<p>St. Nicholas Church has been on the <strong>UNESCO World Heritage Tentative List since 2000. <\/strong>Read our complete guide to the<a href=\"https:\/\/antalyatouristinformation.com\/d\/things-to-do\/history\/st-nicholas-church\/\" style=\"outline: none;\">&nbsp;St. Nicholas Church in Demre<\/a>.<\/p>\n<h3>Boat Tour from Andriake (\u00c7aya\u011fz\u0131)<\/h3>\n<p>Myra&#8217;s Andriake port was once one of the <strong>largest<\/strong><strong>&nbsp;and most important ports of the time<\/strong>. Today, Andriake is the pier where you can find boat tours. <strong>\u00c7aya\u011fz\u0131 is the<\/strong><strong>best starting point for daily boat tours<\/strong> that stop at Kalek\u00f6y, Kekova, \u00dc\u00e7a\u011f\u0131z, and Tersane Bay. You can rent a boat with a small group or join a group. You can swim in sparkling coves and have a wonderful day on one of these tours.<\/p>\n<p><span><img decoding=\"async\" alt=\"Masks at Myra in Antalya in Turkey\" data-id=\"1119\" width=\"702\" data-init-width=\"1000\" height=\"470\" data-init-height=\"670\" title=\"Masks at Myra in Antalya in Turkey\" loading=\"lazy\" src=\"https:\/\/antalyatouristinformation.com\/d\/wp-content\/uploads\/sites\/9\/2021\/03\/masks-myra-antalya-turkey.jpg\" data-width=\"702\" data-height=\"470\" data-pinpro-key=\"xgj519eyx\"><\/span><\/p>\n<h2 id=\"t-1619532833589\">Entrance, Tickets, and Tours<\/h2>\n<ul>\n<li><span style=\"\"><strong>Entrance:<\/strong> In the summer, entrance times are from 08:30 to 19:30. In the winter, entrance times are from 08:30 to 17:30.<\/span><\/li>\n<li style=\"\"><span style=\"\"><strong>Tickets:&nbsp;<\/strong>The entrance fee for Myra is 45 TL in 2021.<\/span><\/li>\n<li><span style=\"\"><strong><span lang=\"en\"><span data-language-for-alternatives=\"en\" data-language-to-translate-into=\"auto\" data-phrase-index=\"0\">Museum Pass:&nbsp;<\/span><\/span><\/strong><span lang=\"en\"><span data-language-for-alternatives=\"en\" data-language-to-translate-into=\"auto\" data-phrase-index=\"0\">If you have a Museum Pass, you can visit this historical ancient city free of charge.<\/span><\/span><\/span><\/li>\n<\/ul>\n<ul>\n<li><span style=\"\"><strong>Tip:<\/strong> To book amusement parks, museums, and tour tickets in advance of your trip to the Antalya region, don&#8217;t hesitate to check out the deals in our official shop.<\/span><\/li>\n<\/ul>\n<p><span><img decoding=\"async\" alt=\"Myra Ancient City in Demre in Antalya in Turkey\" data-id=\"1120\" width=\"702\" data-init-width=\"1000\" height=\"470\" data-init-height=\"670\" title=\"Myra Ancient City in Demre in Antalya in Turkey\" loading=\"lazy\" src=\"https:\/\/antalyatouristinformation.com\/d\/wp-content\/uploads\/sites\/9\/2021\/03\/shutterstock_1900229326.jpg\" data-width=\"702\" data-height=\"470\" data-pinpro-key=\"00gixblv1\"><\/span><\/p>\n<h2 id=\"t-1619532833590\" data-alt-text=\"How to Get to Myra\">How to Get to Myra from Antalya<\/h2>\n<p>The ancient city of Myra is located in Demre, in the western district of Antalya, on the Teke Peninsula. Myra is 2 kilometers from the center of Demre, 30 kilometers from Finike, and 45 kilometers from Ka\u015f.<\/p>\n<p>You can reach Myra&#8217;s entrance near the Demre stream with a car. Check out how to <a href=\"https:\/\/antalyatouristinformation.com\/d\/plan\/rent-a-car\/\" style=\"outline: none;\"><strong>rent a car in Antalya<\/strong><\/a>.<\/p>\n<p><strong>Bus:&nbsp;<\/strong>You can reach Demre with the&nbsp;<strong>Antalya-Demre <\/strong>bus, then take a taxi to Myra.<\/p>\n<p><span><img decoding=\"async\" alt=\"St Nicholaos of Myra in Antalya in Turkey\" data-id=\"3501\" width=\"702\" data-init-width=\"1000\" height=\"470\" data-init-height=\"670\" title=\"St Nicholaos of Myra in Antalya in Turkey\" loading=\"lazy\" src=\"https:\/\/antalyatouristinformation.com\/d\/wp-content\/uploads\/sites\/9\/2021\/04\/st-nicholaos-of-Myra-in-Antalya-in-Turkey.jpg\" data-width=\"702\" data-height=\"470\" data-pinpro-key=\"5bcf9199i\"><\/span><\/p>\n<h2 style=\"\" id=\"t-1619532833591\" data-alt-text=\"Frequently Asked Questions\">FAQ (Frequently Asked Questions)<\/h2>\n<p><span><img decoding=\"async\" alt=\"Ruins of the ancient city of Myra in Demre in Antalya in Turkey\" data-id=\"5700\" width=\"702\" data-init-width=\"1000\" height=\"468\" data-init-height=\"667\" title=\"Ruins of the ancient city of Myra in Demre in Antalya in Turkey\" loading=\"lazy\" src=\"https:\/\/antalyatouristinformation.com\/d\/wp-content\/uploads\/sites\/9\/2021\/05\/Ruins-of-the-ancient-city-of-Myra-in-Demre-Turkey.jpg\" data-width=\"702\" data-height=\"468\" data-pinpro-key=\"hgg6w5jzk\"><\/span><\/p>\n<h2 id=\"t-1619532833592\">The History of Myra<\/h2>\n<p>Myra was an important city in the Lycian Kingdom and its history dates back to 5th century BC.<\/p>\n<p>During the early years of Christianity, the Apostle Paul came to Myra. During this Christian period, Myra developed as a religious center. Myra owns its fame to St. Nicholas who became a saint after his death. Here, a church was built in his name.<\/p>\n<p>In the following century, the city became the capital of the Byzantine diocese of Lycia under Theodosius II, who reigned from 408 to 450.<\/p>\n<p>From the 7th century onward, Myra lost its importance due to earthquakes, floods, and the alluvium brought by the Demre Stream. Myra became a village in the 12th century due to Arab raids.<\/p>\n<p>Learn more about monuments in Antalya with our guide to&nbsp;<a href=\"https:\/\/antalyatouristinformation.com\/d\/things-to-do\/history\/\" style=\"outline: none;\">ancient ruins in Antalya<\/a>.<\/p>\n<h2 style=\"\" id=\"t-1619532833593\" data-alt-text=\"Contact\">Contact<\/h2>\n<ul>\n<li><span style=\"\"><strong>Address:&nbsp;<\/strong>Myra \u00d6ren Yeri Demre \/ Antalya<\/span><\/li>\n<li><span style=\"\"><strong>Opening Hours:&nbsp;<\/strong>In the summer period, entrance is provided between 08:30 and 19:30, in the winter season, entrance to the city is provided between 08:30 and 17:30.<\/span><\/li>\n<li><span style=\"\"><strong>Public Transport:&nbsp;<strong>Bus:&nbsp;<\/strong><\/strong>After reaching Demre by Antalya-Demre buses, you can go to Myra by taxi.<\/span><\/li>\n<li style=\"\"><span style=\"\"><strong>Web:&nbsp;<\/strong><a href=\"https:\/\/muze.gov.tr\/muze-detay?SectionId=MYR01&amp;DistId=MYR\" target=\"_blank\" style=\"outline: none;\" rel=\"noopener\">Muze.gov.tr\/myra<\/a><\/span><\/li>\n<\/ul>\n","protected":false},"excerpt":{"rendered":"<p>The ancient city of Myra is an important one. It&#8217;s located in the Demre district of Antalya. The name Myra means &#8220;The Place of the Supreme Mother Goddess&#8220;. Myra is famous for the church of Saint Nicholas, as he was the bishop in Myra and because of this the city maintained its reputation throughout the [&hellip;]<\/p>\n","protected":false},"author":4,"featured_media":1116,"parent":119,"menu_order":0,"comment_status":"closed","ping_status":"closed","template":"","meta":{"_acf_changed":false,"footnotes":""},"categories":[],"tags":[43,42],"class_list":["post-1101","page","type-page","status-publish","has-post-thumbnail","hentry","tag-antiquity","tag-history","post-wrapper","thrv_wrapper"],"acf":[],"wp-worthy-pixel":{"ignored":false,"public":null,"server":null,"url":null},"wp-worthy-type":"normal","_links":{"self":[{"href":"https:\/\/antalyatouristinformation.com\/d\/wp-json\/wp\/v2\/pages\/1101","targetHints":{"allow":["GET"]}}],"collection":[{"href":"https:\/\/antalyatouristinformation.com\/d\/wp-json\/wp\/v2\/pages"}],"about":[{"href":"https:\/\/antalyatouristinformation.com\/d\/wp-json\/wp\/v2\/types\/page"}],"author":[{"embeddable":true,"href":"https:\/\/antalyatouristinformation.com\/d\/wp-json\/wp\/v2\/users\/4"}],"replies":[{"embeddable":true,"href":"https:\/\/antalyatouristinformation.com\/d\/wp-json\/wp\/v2\/comments?post=1101"}],"version-history":[{"count":53,"href":"https:\/\/antalyatouristinformation.com\/d\/wp-json\/wp\/v2\/pages\/1101\/revisions"}],"predecessor-version":[{"id":10945,"href":"https:\/\/antalyatouristinformation.com\/d\/wp-json\/wp\/v2\/pages\/1101\/revisions\/10945"}],"up":[{"embeddable":true,"href":"https:\/\/antalyatouristinformation.com\/d\/wp-json\/wp\/v2\/pages\/119"}],"wp:featuredmedia":[{"embeddable":true,"href":"https:\/\/antalyatouristinformation.com\/d\/wp-json\/wp\/v2\/media\/1116"}],"wp:attachment":[{"href":"https:\/\/antalyatouristinformation.com\/d\/wp-json\/wp\/v2\/media?parent=1101"}],"wp:term":[{"taxonomy":"category","embeddable":true,"href":"https:\/\/antalyatouristinformation.com\/d\/wp-json\/wp\/v2\/categories?post=1101"},{"taxonomy":"post_tag","embeddable":true,"href":"https:\/\/antalyatouristinformation.com\/d\/wp-json\/wp\/v2\/tags?post=1101"}],"curies":[{"name":"wp","href":"https:\/\/api.w.org\/{rel}","templated":true}]}}