{"id":1204,"date":"2021-03-15T12:00:17","date_gmt":"2021-03-15T11:00:17","guid":{"rendered":"https:\/\/antalyatouristinformation.com\/d\/?page_id=1204"},"modified":"2021-06-23T18:43:58","modified_gmt":"2021-06-23T16:43:58","slug":"dinopark","status":"publish","type":"page","link":"https:\/\/antalyatouristinformation.com\/d\/things-to-do\/attraction\/dinopark\/","title":{"rendered":"Visit Dinopark in Antalya: Access and Information"},"content":{"rendered":"<p>Do your children like dinosaurs? Do they enjoy spending time in amusement parks? Here&#8217;s a place with the perfect combo! You can enjoy a wonderful time with your family at Dinopark, Antalya.<\/p>\n<p>Dinopark is located on 30 hectares of shady pine forest and is an exciting attraction located in the Kemer district in Antalya. The theme park is mostly appealing to children as Turkey&#8217;s first dinosaur park. It&#8217;s a <span style=\"font-size: 18px;\">very entertaining way to learn more about the age of dinosaurs and other information about them.<\/span><\/p>\n<p><span style=\"font-size: 18px;\">In this article, you will find all the important information about Dinopark, including how to access it, where to get a ticket, and you can do in the park.&nbsp;<\/span><\/p>\n<h2>What Can I Do at Dinopark ?<\/h2>\n<p>In Dinopark, you will find models of many dinosaurs that became extinct millions of years ago. These models also make realistic dinosaur sounds and give the feeling that they are alive.<\/p>\n<p>The <strong>moving dinosaur sculptures attract great attention. <\/strong>They were placed in the park by Chinese engineers after they were produced in China.&nbsp;<\/p>\n<p><span lang=\"en\"><span data-language-for-alternatives=\"en\" data-language-to-translate-into=\"tr\" data-phrase-index=\"0\">The names of the dinosaurs, their history, what they ate, and the region where they lived is written on the signs in front of them.&nbsp;<\/span><\/span><\/p>\n<p><span lang=\"en\"><span data-language-for-alternatives=\"en\" data-language-to-translate-into=\"tr\" data-phrase-index=\"0\">Don&#8217;t miss the <strong>tiny zoo<\/strong> inside.<\/span> <span data-language-for-alternatives=\"en\" data-language-to-translate-into=\"tr\" data-phrase-index=\"2\">You can feed animals, such as an o<span data-language-for-alternatives=\"en\" data-language-to-translate-into=\"tr\" data-phrase-index=\"1\">strich, rabbit, goat, and various poultry&nbsp;<\/span><\/span><\/span><span lang=\"en\"><span data-language-for-alternatives=\"en\" data-language-to-translate-into=\"tr\" data-phrase-index=\"2\">with your hand. There are also pony rides for the little ones.<\/span><\/span><\/p>\n<p><span lang=\"en\"><span data-language-for-alternatives=\"en\" data-language-to-translate-into=\"tr\" data-phrase-index=\"2\">The <strong>excavation site<\/strong> is another fun and exciting activity especially for children interested in paleontology. The climbing wall and trampoline are some of the other fun activities for children.<\/span><\/span><\/p>\n<p><span lang=\"en\"><span data-language-for-alternatives=\"en\" data-language-to-translate-into=\"tr\" data-phrase-index=\"2\">There&#8217;s also a <strong>7D cinema and a horror house<\/strong> labyrinth that mostly appeals to adults.&nbsp;<\/span><\/span><\/p>\n<p><span lang=\"en\"><span data-language-for-alternatives=\"en\" data-language-to-translate-into=\"tr\" data-phrase-index=\"2\">You can enjoy breakfast or lunch at the restaurant in Dinopark. It&#8217;s also a popular venue to organize celebrations, birthday parties, and various meetings.<\/span><\/span><\/p>\n<p><span><img decoding=\"async\" alt=\"Dinopark in Antalya in Turkey (Editorial) \" data-id=\"2372\" width=\"702\" data-init-width=\"1000\" height=\"468\" data-init-height=\"667\" title=\"Dinopark in Antalya in Turkey (Editorial) \" loading=\"lazy\" src=\"\/\/antalyatouristinformation.com\/d\/wp-content\/uploads\/sites\/9\/2021\/04\/Dinopark-in-Antalya-in-Turkey.jpg\" data-width=\"702\" data-height=\"468\" data-pin-media=\"https:\/\/antalyatouristinformation.com\/d\/wp-content\/uploads\/sites\/9\/2021\/06\/prag_50_sehenswuerdigkeiten_pinterest-18.jpg\" data-pin-description=\"Information about Dinopark Antalya | Antalya Tourist Information\" data-pin-url=\"https:\/\/antalyatouristinformation.com\/d\/things-to-do\/attraction\/dinopark\/?tve=true&amp;tcbf=bf964e88c1\" data-pinpro-key=\"wurzaf3rk\"><\/span><\/p>\n<h2>Entrance, Tickets, and Tours<\/h2>\n<ul>\n<li><span style=\"\"><strong>Entrance :<\/strong> Dinopark is open every day from 09:00 to 20:00<\/span><\/li>\n<li style=\"\"><span style=\"\"><strong>Tickets:<\/strong> The ticket was 30 TL in 2019. You may need to check their website to see if it has changed since then.<\/span><\/li>\n<\/ul>\n<ul>\n<li><span><strong>Tip :<\/strong> To book amusement parks, museums, and tour tickets in advance of your trip to the Antalya region, don&#8217;t hesitate to check out the deals in our official shop.<\/span><\/li>\n<\/ul>\n<h2>How to Get to Dinopark in Antalya<\/h2>\n<p>Dinopark is 9 km from Kemer city center and 36 km from Antalya.<\/p>\n<ul>\n<li><strong>Bus :<\/strong> It&#8217;s possible to reach Dinopark using the KEMER &#8211; G\u00d6YN\u00dcK bus or minibus located next to Antalya&#8217;s 5 M Migros.<\/li>\n<\/ul>\n<h2 style=\"\">Contact<\/h2>\n<ul>\n<li><span style=\"\"><strong>Address:&nbsp;<\/strong>Esentepe Mah., Adnan Menderes Bulvar\u0131, 07985 G\u00f6yn\u00fck \/ Kemer &#8211; Antalya<\/span><\/li>\n<li style=\"\"><span style=\"\"><strong>Website:&nbsp;<\/strong><a href=\"http:\/\/www.dinopark.com.tr\" target=\"_blank\" style=\"outline: none;\" rel=\"noopener\">http:\/\/www.dinopark.com.tr<\/a><\/span><\/li>\n<\/ul>\n","protected":false},"excerpt":{"rendered":"<p>Do your children like dinosaurs? Do they enjoy spending time in amusement parks? Here&#8217;s a place with the perfect combo! You can enjoy a wonderful time with your family at Dinopark, Antalya. Dinopark is located on 30 hectares of shady pine forest and is an exciting attraction located in the Kemer district in Antalya. The [&hellip;]<\/p>\n","protected":false},"author":4,"featured_media":2371,"parent":117,"menu_order":0,"comment_status":"open","ping_status":"closed","template":"","meta":{"_acf_changed":false,"footnotes":""},"categories":[],"tags":[36],"class_list":["post-1204","page","type-page","status-publish","has-post-thumbnail","hentry","tag-attraction","post-wrapper","thrv_wrapper"],"acf":[],"wp-worthy-pixel":{"ignored":false,"public":null,"server":null,"url":null},"wp-worthy-type":"normal","_links":{"self":[{"href":"https:\/\/antalyatouristinformation.com\/d\/wp-json\/wp\/v2\/pages\/1204","targetHints":{"allow":["GET"]}}],"collection":[{"href":"https:\/\/antalyatouristinformation.com\/d\/wp-json\/wp\/v2\/pages"}],"about":[{"href":"https:\/\/antalyatouristinformation.com\/d\/wp-json\/wp\/v2\/types\/page"}],"author":[{"embeddable":true,"href":"https:\/\/antalyatouristinformation.com\/d\/wp-json\/wp\/v2\/users\/4"}],"replies":[{"embeddable":true,"href":"https:\/\/antalyatouristinformation.com\/d\/wp-json\/wp\/v2\/comments?post=1204"}],"version-history":[{"count":25,"href":"https:\/\/antalyatouristinformation.com\/d\/wp-json\/wp\/v2\/pages\/1204\/revisions"}],"predecessor-version":[{"id":11017,"href":"https:\/\/antalyatouristinformation.com\/d\/wp-json\/wp\/v2\/pages\/1204\/revisions\/11017"}],"up":[{"embeddable":true,"href":"https:\/\/antalyatouristinformation.com\/d\/wp-json\/wp\/v2\/pages\/117"}],"wp:featuredmedia":[{"embeddable":true,"href":"https:\/\/antalyatouristinformation.com\/d\/wp-json\/wp\/v2\/media\/2371"}],"wp:attachment":[{"href":"https:\/\/antalyatouristinformation.com\/d\/wp-json\/wp\/v2\/media?parent=1204"}],"wp:term":[{"taxonomy":"category","embeddable":true,"href":"https:\/\/antalyatouristinformation.com\/d\/wp-json\/wp\/v2\/categories?post=1204"},{"taxonomy":"post_tag","embeddable":true,"href":"https:\/\/antalyatouristinformation.com\/d\/wp-json\/wp\/v2\/tags?post=1204"}],"curies":[{"name":"wp","href":"https:\/\/api.w.org\/{rel}","templated":true}]}}