{"id":133,"date":"2021-02-15T12:15:40","date_gmt":"2021-02-15T11:15:40","guid":{"rendered":"http:\/\/antalyatouristinformation.com\/d\/?page_id=133"},"modified":"2021-06-20T21:49:01","modified_gmt":"2021-06-20T19:49:01","slug":"karain","status":"publish","type":"page","link":"https:\/\/antalyatouristinformation.com\/d\/things-to-do\/cave\/karain\/","title":{"rendered":"Guide to Karain Cave in Antalya: History &#038; Tips"},"content":{"rendered":"<p>Do you want to visit the cave where the first Anatolian inhabitants lived? You are at the right place!<\/p>\n<p>Karain cave is an important site to visit in Turkey. Indeed, it&#8217;s considered to be the oldest human habitation in Anatolia and it is the largest cave in Turkey to have ever been inhabited.&nbsp;<\/p>\n<p>This precious cave gives information about all phases of the Paleolithic age in continuity. It&#8217;s one hour from Antalya by car.<\/p>\n<p>In this article, you will find all the useful tourist information about this place&#8217;s history and tips to make your discovery easier.<\/p>\n<p><span><img decoding=\"async\" alt=\"\" data-id=\"383\" width=\"702\" data-init-width=\"1000\" height=\"471\" data-init-height=\"670\" title=\"karain cave in antalya turkey\" loading=\"lazy\" src=\"\/\/antalyatouristinformation.com\/d\/wp-content\/uploads\/sites\/9\/2021\/02\/karain-cave-in-antalya-turkey.jpg\" data-width=\"702\" data-height=\"471\" data-pinpro-key=\"840ul000c\"><\/span><\/p>\n<h2 id=\"t-1619455445130\" data-alt-text=\"What Can I Do?\">What Can I Do at Karain Cave?<\/h2>\n<p>Experts calculated that <strong>Karain cave is 500,000 years old<\/strong> and <strong>was inhabited from the Paleolithic Age to the Iron Age<\/strong>. It&#8217;s understood from old inscriptions on the walls and other findings that it was used as a religious center during the Hellenistic and Roman periods.<\/p>\n<p>A visit to the cave is extremely interesting for all, considering that these places were used as shelter for human beings from the beginning of existence until today. Caves were the simplest form of shelter to keep humans safe.<\/p>\n<p>Karain cave is considered as a very important place in the world because it sheds light on the arrival of the first people who migrated from Africa to Anatolia. This is crucial information in the exploration of human civilization from the first humans until today&#8217;s time.<\/p>\n<p>There are three large chambers, which are separated by calcite walls, stalagmites, and stalactites connected by narrow passages.&nbsp;<\/p>\n<h3>Traces of Neanderthals<\/h3>\n<p>The Paleolithic Age has three phases; the Old Paleolithic, Middle Paleolithic, and Upper Paleolithic Ages. Neanderthals lived in the Middle Paleolithic period. The teeth and skulls of Neanderthals were found in this cave. The drawings and tools, as well as human and animal bones from every phase of the Paleolithic Age can be seen in Karain cave.<\/p>\n<p>Fossilized bones of animals such as pigs, horses, goats, deer, as well as many other large animals such as elephants, lions, panthers, hippos, rhinoceros, and hyenas, which are now extinct in Anatolian lands, were found in the cave.<\/p>\n<h3>Karain Museum<\/h3>\n<p>Some artifacts found in Karain Cave are exhibited in the Karain Museum at the foot of the mountainside. You can also see a number of findings obtained from Karain Cave in the Prehistoric Hall at the <a href=\"https:\/\/antalyatouristinformation.com\/d\/things-to-do\/museum\/antalya-archeological\/\" style=\"outline: none;\">Antalya Archaeology Museum<\/a>.<\/p>\n<p>There is a small cafe\/shop on the site.&nbsp;<\/p>\n<p><span><img decoding=\"async\" alt=\"karain Cave in Antalya in Turkey\" data-id=\"380\" width=\"702\" data-init-width=\"1000\" height=\"470\" data-init-height=\"670\" title=\"karain Cave in Antalya in Turkey\" loading=\"lazy\" src=\"https:\/\/antalyatouristinformation.com\/d\/wp-content\/uploads\/sites\/9\/2021\/02\/karain-magarasi-antalya-turkey.jpg\" data-width=\"702\" data-height=\"470\" data-pinpro-key=\"qlnvpjjkx\"><\/span><\/p>\n<h2 id=\"t-1619455445131\">Entrance, Tickets, and Tours<\/h2>\n<ul>\n<li><strong>Summer period :&nbsp;<\/strong>From 1 April to 1 October : 10:00-17:00&nbsp;<\/li>\n<li><strong>Winter period :<\/strong> From 1 October to 1 April : 8:30-17:30<\/li>\n<\/ul>\n<p>The cave is <strong>open from Tuesday to Friday only<\/strong>.<\/p>\n<ul>\n<li><span style=\"\"><strong>Entrance :<\/strong> Entrance Fee : 10 TL<\/span><\/li>\n<li style=\"\"><span style=\"\"><strong>Tickets :<\/strong> Tickets can be bought on site. The <strong>Museum Pass Card<\/strong> is valid for the entrance to Karain Cave. Get the Museum Pass Card in advance in our shop!&nbsp;<\/span><\/li>\n<\/ul>\n<ul>\n<li><span style=\"\"><strong>Tip:<\/strong> To book amusement parks, museums, and tour tickets in advance of your trip to the Antalya region, don&#8217;t hesitate to check out the deals in our official shop.<\/span><\/li>\n<\/ul>\n<p><span><img decoding=\"async\" alt=\"\" data-id=\"390\" width=\"702\" data-init-width=\"1000\" height=\"471\" data-init-height=\"670\" title=\"road to karain cave in antalya in turkey\" loading=\"lazy\" src=\"\/\/antalyatouristinformation.com\/d\/wp-content\/uploads\/sites\/9\/2021\/02\/road-to-karain-cave-in-antalya-in-turkey.jpg\" data-width=\"702\" data-height=\"471\" data-pinpro-key=\"s5i4br74k\"><\/span><\/p>\n<h2 id=\"t-1619455445132\" data-alt-text=\"How to Get There\">How to Get to Karain Cave<\/h2>\n<p>The cave is located in Ya\u011fca village, which is 5-6 km away from the old Antalya-Burdur highway, 35 km northwest of Antalya.<\/p>\n<p>There is no public transport that will take you to the cave. <a href=\"https:\/\/antalyatouristinformation.com\/d\/plan\/rent-a-car\/\" style=\"outline: none;\">Renting a car in Antalya<\/a> or taking a <a href=\"https:\/\/antalyatouristinformation.com\/d\/public-transport\/taxi\/\" style=\"outline: none;\">taxi in Antalya<\/a><strong>&nbsp;<\/strong>are the only options.<\/p>\n<p>The most challenging part of the visit is getting to the entrance of the cave because it&#8217;s necessary to climb more than 400 stairs up into the mouth of the cave. It is not suitable for people with walking difficulties. It&#8217;s even more difficult on hot summer days because there is no shade.<\/p>\n<p><span><img decoding=\"async\" alt=\"\" data-id=\"385\" width=\"702\" data-init-width=\"1000\" height=\"471\" data-init-height=\"670\" title=\"karain cave antalya in turkey\" loading=\"lazy\" src=\"\/\/antalyatouristinformation.com\/d\/wp-content\/uploads\/sites\/9\/2021\/02\/karain-cave-antalya-in-turkey.jpg\" data-width=\"702\" data-height=\"471\" data-pinpro-key=\"2ufn7gsz1\"><\/span><\/p>\n<h2 style=\"\" id=\"t-1619455445133\" data-alt-text=\"FAQ\">FAQ (Frequently Asked Questions)<\/h2>\n<p><span><img decoding=\"async\" alt=\"karain cave in Antalya in Turkey 2\" data-id=\"381\" width=\"702\" data-init-width=\"1000\" height=\"470\" data-init-height=\"670\" title=\"karain cave in Antalya in Turkey 2\" loading=\"lazy\" src=\"https:\/\/antalyatouristinformation.com\/d\/wp-content\/uploads\/sites\/9\/2021\/02\/karain-cave-antalya-turkey.jpg\" data-width=\"702\" data-height=\"470\" data-pinpro-key=\"d1zd34znl\"><\/span><\/p>\n<h2 id=\"t-1619455445134\" data-alt-text=\"History\">The History of Karain Cave<\/h2>\n<p>The cave was discovered in 1946 by Professor Dr. \u0130smail K\u0131l\u0131\u00e7 K\u00f6kten for the first time and presented to the world of science. \u0130smail K\u0131l\u0131\u00e7 K\u00f6kten from Ankara University oversaw the first excavations from 1946 to 1974 .<\/p>\n<p>Karain Cave was a suitable settlement for our human ancestors because of the suitability of its natural conditions.<\/p>\n<p>Recent studies revealed that the plain in front of the cave was a lake 60 thousand years ago. It can be easily said that this lake made the cave and its surroundings a productive living space.<\/p>\n<p>The cave was used as a temple during the Roman period.<\/p>\n<p>In the Prehistory Hall of the Archaeological Museum in Antalya, many interesting remains from Karain Cave, such as cutting and piercing stone tools and animal fossils from the Paleolithic Age can be seen. A sizeable collection obtained from Karain Cave is also exhibited in the Museum of Anatolian Civilizations in Ankara.<\/p>\n<p>Looking for more places to visit in Antalya? Discover more <a href=\"https:\/\/antalyatouristinformation.com\/d\/things-to-do\/cave\/\" style=\"outline: none;\">caves in Antalya<\/a>.<\/p>\n<h2 style=\"\" id=\"t-1619455445135\">Contact<\/h2>\n<ul>\n<li><span style=\"\"><strong>Address:&nbsp;<\/strong>Ya\u011fca, 07190 Antalya Merkez\/Antalya<\/span><\/li>\n<li><span style=\"\"><strong>Opening Hours:&nbsp;<\/strong><a href=\"https:\/\/muze.gov.tr\/muze-detay?sectionId=KRM01&amp;distId=MRK\" target=\"_blank\" style=\"outline: none;\" rel=\"noopener\">Muze.gov.tr<\/a><\/span><\/li>\n<li><span style=\"\"><strong>Public Transport:&nbsp;<\/strong>No public transport available to get there. Renting a car or taking a taxi are the only options.<\/span><\/li>\n<li style=\"\"><span style=\"\"><strong>Web:&nbsp;<\/strong><a href=\"https:\/\/muze.gov.tr\/muze-detay?sectionId=KRM01&amp;distId=MRK\" target=\"_blank\" style=\"outline: none;\" rel=\"noopener\">Muze.gov.tr<\/a><\/span><\/li>\n<\/ul>\n<p style=\"\">\n<p>Which period belongs the Karain Cave?&nbsp;<\/p>\n<p style=\"\">Paris ist die Stadt der XY. Zu den bedeutendsten Sehensw\u00fcrdigkeiten z\u00e4hlt Xy, XY und Xy.&nbsp;<\/p>\n<ol>\n<li style=\"\">Eiffelturm<\/li>\n<li style=\"\">qkerjbg<\/li>\n<li style=\"\">qergbkhjqerbg<\/li>\n<li style=\"\">qergbqkrgbq<\/li>\n<li style=\"\">rgqerkgb<\/li>\n<\/ol>\n<p>Mehr steht in unserem Guide zu den Top 10 Sehensw\u00fcrdigkeiten von Paris.&nbsp;<\/p>\n<p><span><\/span><\/p>\n","protected":false},"excerpt":{"rendered":"<p>Do you want to visit the cave where the first Anatolian inhabitants lived? You are at the right place! Karain cave is an important site to visit in Turkey. Indeed, it&#8217;s considered to be the oldest human habitation in Anatolia and it is the largest cave in Turkey to have ever been inhabited.&nbsp; This precious [&hellip;]<\/p>\n","protected":false},"author":4,"featured_media":386,"parent":147,"menu_order":0,"comment_status":"open","ping_status":"closed","template":"","meta":{"_acf_changed":false,"footnotes":""},"categories":[],"tags":[41],"class_list":["post-133","page","type-page","status-publish","has-post-thumbnail","hentry","tag-cave","post-wrapper","thrv_wrapper"],"acf":[],"wp-worthy-pixel":{"ignored":false,"public":null,"server":null,"url":null},"wp-worthy-type":"normal","_links":{"self":[{"href":"https:\/\/antalyatouristinformation.com\/d\/wp-json\/wp\/v2\/pages\/133","targetHints":{"allow":["GET"]}}],"collection":[{"href":"https:\/\/antalyatouristinformation.com\/d\/wp-json\/wp\/v2\/pages"}],"about":[{"href":"https:\/\/antalyatouristinformation.com\/d\/wp-json\/wp\/v2\/types\/page"}],"author":[{"embeddable":true,"href":"https:\/\/antalyatouristinformation.com\/d\/wp-json\/wp\/v2\/users\/4"}],"replies":[{"embeddable":true,"href":"https:\/\/antalyatouristinformation.com\/d\/wp-json\/wp\/v2\/comments?post=133"}],"version-history":[{"count":54,"href":"https:\/\/antalyatouristinformation.com\/d\/wp-json\/wp\/v2\/pages\/133\/revisions"}],"predecessor-version":[{"id":10904,"href":"https:\/\/antalyatouristinformation.com\/d\/wp-json\/wp\/v2\/pages\/133\/revisions\/10904"}],"up":[{"embeddable":true,"href":"https:\/\/antalyatouristinformation.com\/d\/wp-json\/wp\/v2\/pages\/147"}],"wp:featuredmedia":[{"embeddable":true,"href":"https:\/\/antalyatouristinformation.com\/d\/wp-json\/wp\/v2\/media\/386"}],"wp:attachment":[{"href":"https:\/\/antalyatouristinformation.com\/d\/wp-json\/wp\/v2\/media?parent=133"}],"wp:term":[{"taxonomy":"category","embeddable":true,"href":"https:\/\/antalyatouristinformation.com\/d\/wp-json\/wp\/v2\/categories?post=133"},{"taxonomy":"post_tag","embeddable":true,"href":"https:\/\/antalyatouristinformation.com\/d\/wp-json\/wp\/v2\/tags?post=133"}],"curies":[{"name":"wp","href":"https:\/\/api.w.org\/{rel}","templated":true}]}}