{"id":138,"date":"2021-02-15T12:16:59","date_gmt":"2021-02-15T11:16:59","guid":{"rendered":"http:\/\/antalyatouristinformation.com\/d\/?page_id=138"},"modified":"2021-06-16T11:17:35","modified_gmt":"2021-06-16T09:17:35","slug":"termessos","status":"publish","type":"page","link":"https:\/\/antalyatouristinformation.com\/d\/things-to-do\/history\/termessos\/","title":{"rendered":"Guide to the Ancient City of Termessos in Antalya: History &#038; Tips"},"content":{"rendered":"<p>Termessos is a very well preserved ancient city located 17 km north-west of Antalya, in the Mount G\u00fcll\u00fck-Termessos National Park.<\/p>\n<p>It was built 1,050 meters above sea level and spreads over a wide area. It&#8217;s one of the best-preserved historic settlements in Turkey. This is a very impressive and important historical site to visit in Turkey.<\/p>\n<p>Here, you will find all the important information you should know before visiting the ancient city of Termessos in Antalya.&nbsp;<\/p>\n<p><span><img decoding=\"async\" alt=\"Termessos Ruins in Antalya in Turkey\" data-id=\"461\" width=\"702\" data-init-width=\"1000\" height=\"470\" data-init-height=\"670\" title=\"Termessos Ruins in Antalya in Turkey\" loading=\"lazy\" src=\"https:\/\/antalyatouristinformation.com\/d\/wp-content\/uploads\/sites\/9\/2021\/02\/termessos-ruins-in-Antalya-in-Turkey.jpg\" data-width=\"702\" data-height=\"470\" data-pinpro-key=\"x254gkn7u\"><\/span><\/p>\n<h2 id=\"t-1619536151704\">What Can I Do in Termessos?<\/h2>\n<p>The city Termessos is located on the G\u00fcll\u00fck Mountain, also known as Termessos National Park, rich with botanic vegetation. The site houses many endangered animals. Close to the National Park&#8217;s gate you will find a small museum that exhibits animals and plants unique to this environment.<\/p>\n<p>Termessos is a hidden beauty among the wild plants and pine forests. You will find peaceful nature welcoming you while making your discoveries, away from the bustling touristic areas. You will also find that Termessos has a much more impressive atmosphere than many other ancient cities.<\/p>\n<p>Among the remaining ruins are the city walls, <a href=\"https:\/\/antalyatouristinformation.com\/d\/things-to-do\/history\/hadrians-gate\/\" style=\"outline: none;\">Hadrian&#8217;s Triumphal Arch<\/a>, the cisterns, the theater, the gymnasium, the agora, the odeon, and the heroon. You can find the general plan of the city in the parking area.<\/p>\n<p>Here are the places you will see in Termessos :<\/p>\n<h3>Necropolis<\/h3>\n<p>There are many temples and two large burial areas (necropolis) with a good number of tombs and sarcophagi in the ancient city of Termessos. In the <a href=\"https:\/\/antalyatouristinformation.com\/d\/things-to-do\/museum\/antalya-archeological\/\" target=\"_blank\" style=\"outline: none;\" rel=\"noopener\">Antalya Museum<\/a>, there is a specific hall exhibiting the sarcophagi obtained from Termessos.<\/p>\n<p><span><img decoding=\"async\" alt=\"Tomb of Alcetas at Termessos in Antalya in Turkey\" data-id=\"457\" width=\"702\" data-init-width=\"1000\" height=\"470\" data-init-height=\"670\" title=\"Tomb of Alcetas at Termessos in Antalya in Turkey\" loading=\"lazy\" src=\"https:\/\/antalyatouristinformation.com\/d\/wp-content\/uploads\/sites\/9\/2021\/02\/termessos-tomb-in-Antalya-in-Turkey.jpg\" data-width=\"702\" data-height=\"470\" data-pinpro-key=\"puyip8tz4\"><\/span><\/p>\n<h3>Tomb of Alcetas<\/h3>\n<p>In the upper necropolis, an important tomb belongs to Alcetas, who was one of Alexander the Great&#8217;s commanders. He intended to take control of Termessos after Alexander&#8217;s death. Young people from Termessos made a heroic mausoleum for him.<\/p>\n<p>Alexander the Great&#8217;s death caused a conflict between Antigonos and Alcetas, two of his commanders. Alcetas was defeated by Antigonos. But the people of Termessos defended Alcetas and the city was besieged once again for this reason. At the end of all this confusion, Alcetas killed himself and handed over his dead body to Antigonos. Alcetas&#8217;s defenders built this monument for his memory, where he is depicted fighting on his horse.<\/p>\n<p><span><img decoding=\"async\" alt=\"Theater of Termessos in Antalya in Turkey\" data-id=\"466\" width=\"702\" data-init-width=\"1000\" height=\"470\" data-init-height=\"670\" title=\"Theater of Termessos in Antalya in Turkey\" loading=\"lazy\" src=\"https:\/\/antalyatouristinformation.com\/d\/wp-content\/uploads\/sites\/9\/2021\/02\/termessos-theater-Antalya-in-Turkey.jpg\" data-width=\"702\" data-height=\"470\" data-pinpro-key=\"r622dl8qa\"><\/span><\/p>\n<h3>Theater<\/h3>\n<p>With view of a cliff, this theater is one of the most interesting structures on earth. The theater has 4,200 seats and shows the characteristics of a Roman theater, but has the semi circular design from Hellenist period.<\/p>\n<h3>Odeon<\/h3>\n<p>As in other classical cities, an odeon was located about 100 meters from the theater. This building, which resembled a small theater, dates back to the 1st century BC. It&#8217;s well preserved in all its parts and shows high quality, cut stone construction.<\/p>\n<h3>Temple of Artemis<\/h3>\n<p>Both the temple and the cult statue inside of it were built by a woman named &#8220;Aurelia Armasta&#8221; and her husband. By examining the style, it&#8217;s thought that the history of the temple goes back to the end of the 2nd century AD.<\/p>\n<h3>Temple of Zeus Solymeus<\/h3>\n<p>This temple was dedicated to the patron god of the city, Zeus Solymeus. Unfortunately, only a five meter high wall remains from the temple.<\/p>\n<p><span><img decoding=\"async\" alt=\"Road Ruins of Termessos in Antalya in Turkey\" data-id=\"463\" width=\"702\" data-init-width=\"1000\" height=\"470\" data-init-height=\"670\" title=\"Road Ruins of Termessos in Antalya in Turkey\" loading=\"lazy\" src=\"https:\/\/antalyatouristinformation.com\/d\/wp-content\/uploads\/sites\/9\/2021\/02\/termessos-road-ruins-in-Antalya-in-Turkey.jpg\" data-width=\"702\" data-height=\"470\" data-pinpro-key=\"k6lsw7qdw\"><\/span><\/p>\n<h2 id=\"t-1619536151705\">Entrance, Tickets, and Tours<\/h2>\n<ul>\n<li><span style=\"\"><strong>Entrance:<\/strong> Termessos can be visited between 10.00 and 16.00 during the summer season, and between 08.30 to 17.30 during the winter season. Ticket booths close one hour before closing time.<\/span><\/li>\n<li style=\"\"><span style=\"\"><strong>Tickets:<\/strong> Tickets for the ancient city of Termessos can be bought on site. The fee is 10 TL.&nbsp;<\/span><\/li>\n<li><span><strong>Museum Pass Card:<\/strong> If you have a Museum Pass, you can visit this historical ancient city free of charge. Get your Museum Pass Card in our shop.<\/span><\/li>\n<\/ul>\n<ul>\n<li><span style=\"\"><strong>Tip:<\/strong> To book amusement parks, museums, and tour tickets in advance of your trip to the Antalya region, don&#8217;t hesitate to check out the deals in our official shop.<\/span><\/li>\n<\/ul>\n<p><span><img decoding=\"async\" alt=\"Road to Termessos in Antalya in Turkey\" data-id=\"464\" width=\"702\" data-init-width=\"1000\" height=\"470\" data-init-height=\"670\" title=\"Road to Termessos in Antalya in Turkey\" loading=\"lazy\" src=\"https:\/\/antalyatouristinformation.com\/d\/wp-content\/uploads\/sites\/9\/2021\/02\/termessos-road-in-Antalya-in-Turkey.jpg\" data-width=\"702\" data-height=\"470\" data-pinpro-key=\"qlx9exota\"><\/span><\/p>\n<h2 id=\"t-1619536151706\" data-alt-text=\"How to Get to Termessos\">How to Get to Termessos from Antalya<\/h2>\n<p>After going 6.5 km towards Korkuteli from Antalya, there is a &#8220;<a href=\"https:\/\/antalyatouristinformation.com\/d\/things-to-do\/cave\/karain\" style=\"outline: none;\">Karain Cave<\/a>&#8221; junction on the right and a sign to &#8220;G\u00fclll\u00fck Mountain-Termessos National Park&#8221; on the left.<\/p>\n<p>Karain cave is 11 km away from this junction. If you want, you can make a combination tour with Termessos. After entering the national park&#8217;s gate, it is necessary to go about 8.5 km on the winding asphalt road to reach the parking area.<\/p>\n<p>There are ruins along the ancient road known as &#8220;King&#8217;s Road&#8221;.&nbsp;<\/p>\n<ul>\n<li><strong>Private Car: <\/strong>The ancient city of Termessos is located on the Antalya-Korkuteli Highway, 37 km from Antalya. It takes about 45 minutes to get there by car. <a href=\"https:\/\/antalyatouristinformation.com\/d\/plan\/rent-a-car\/\" style=\"outline: none;\"><strong>Rent a car in Antalya<\/strong><\/a>.<\/li>\n<li><strong>Minibus:&nbsp;<\/strong>It&#8217;s not possible to get to the entrance of Termessos by public transportation. You should be prepared to walk, if you choose the minibus option. You can take the &#8220;Antalya-Korkuteli&#8221; minibus and get off on the &#8220;Termessos&#8221; crossroad. From here, either you can take a taxi or hike your way up to the site. The 8.5 km long road can be hiked on foot from here. It&#8217;s perfect for hikers who enjoy historical sites but not so good for people with walking difficulties. A big bottle of water and comfortable shoes are necessary for this adventure.<\/li>\n<\/ul>\n<p><span><img decoding=\"async\" alt=\"Termessos Ancient Site in Antalya in Turkey\" data-id=\"455\" width=\"702\" data-init-width=\"1000\" height=\"470\" data-init-height=\"670\" title=\"Termessos Ancient Site in Antalya in Turkey\" loading=\"lazy\" src=\"https:\/\/antalyatouristinformation.com\/d\/wp-content\/uploads\/sites\/9\/2021\/02\/termessos-in-Antalya-in-Turkey.jpg\" data-width=\"702\" data-height=\"470\" data-pinpro-key=\"leg1prk8n\"><\/span><\/p>\n<h2 style=\"\" id=\"t-1619536151707\" data-alt-text=\"Frequently Asked Questions\">FAQ (Frequently Asked Questions)<\/h2>\n<p><span><img decoding=\"async\" alt=\"Theater of Termessos in Antalya in Turkey\" data-id=\"452\" width=\"702\" data-init-width=\"1000\" height=\"470\" data-init-height=\"670\" title=\"Theater of Termessos in Antalya in Turkey\" loading=\"lazy\" src=\"https:\/\/antalyatouristinformation.com\/d\/wp-content\/uploads\/sites\/9\/2021\/02\/termessos-theater-in-Antalya-in-Turkey.jpg\" data-width=\"702\" data-height=\"470\" data-pinpro-key=\"tybqenqj8\"><\/span><\/p>\n<h2 id=\"t-1619536151708\">The History of Termessos<\/h2>\n<p>It&#8217;s not known exactly when the city was founded. According to the geographer Strabo, the inhabitants of Termessos, who were the Pisidian people, called themselves &#8220;Solymi&#8221;. Solymos was one of the Anatolian gods, who was identified with Zeus in the following years. His name was given to the mountain here. Solymos was frequently minted on Termessos coins. Solimos is mentioned in Homer&#8217;s Iliad in connection with the legend of Bellerophon.<\/p>\n<p>However, in historical sources, Termessos does not appear until around 334 BC, when Alexander the Great moved through the area and did not attack the city due to its strategically strong position high in the mountains. Alexander the Great did not touch this city during his Asian expedition.<\/p>\n<p>The people of Termessos lived comfortably in the Hellenistic and Roman periods as &#8216;friends and allies&#8217; of the Roman people. The city belonged to the Roman province of Pamphylia.<\/p>\n<p>Termessos, after a gradual decline, was finally abandoned in the 5th century. Since the ruins show obvious earthquake damage, it is reasonable to assume that an earthquake prompted the inhabitants to leave the city.<\/p>\n<p>Due to its natural and historical wealth, the city is included in the National Park category. Termessos has not yet been subjected to archaeological excavation so far.<\/p>\n<h2 style=\"\" id=\"t-1619536151709\">Contact<\/h2>\n<ul>\n<li><span style=\"\"><strong>Address:&nbsp;<\/strong>Bayatbademleri, G\u00fcll\u00fck da\u011f\u0131, Termessos Milli Park\u0131 \/ Antalya<\/span><\/li>\n<li><span style=\"\"><strong>Opening Hours:&nbsp;<\/strong>Between 10.00 and 16.00 during the summer season, and between 08.30 to 17.30 during the winter season.<\/span><\/li>\n<li><span style=\"\"><strong>Public Transport:&nbsp;<\/strong>Private Car or Minibus<\/span><\/li>\n<\/ul>\n","protected":false},"excerpt":{"rendered":"<p>Termessos is a very well preserved ancient city located 17 km north-west of Antalya, in the Mount G\u00fcll\u00fck-Termessos National Park. It was built 1,050 meters above sea level and spreads over a wide area. It&#8217;s one of the best-preserved historic settlements in Turkey. This is a very impressive and important historical site to visit in [&hellip;]<\/p>\n","protected":false},"author":4,"featured_media":453,"parent":119,"menu_order":0,"comment_status":"open","ping_status":"closed","template":"","meta":{"_acf_changed":false,"footnotes":""},"categories":[],"tags":[43,37,42],"class_list":["post-138","page","type-page","status-publish","has-post-thumbnail","hentry","tag-antiquity","tag-hiking","tag-history","post-wrapper","thrv_wrapper"],"acf":[],"wp-worthy-pixel":{"ignored":false,"public":null,"server":null,"url":null},"wp-worthy-type":"normal","_links":{"self":[{"href":"https:\/\/antalyatouristinformation.com\/d\/wp-json\/wp\/v2\/pages\/138","targetHints":{"allow":["GET"]}}],"collection":[{"href":"https:\/\/antalyatouristinformation.com\/d\/wp-json\/wp\/v2\/pages"}],"about":[{"href":"https:\/\/antalyatouristinformation.com\/d\/wp-json\/wp\/v2\/types\/page"}],"author":[{"embeddable":true,"href":"https:\/\/antalyatouristinformation.com\/d\/wp-json\/wp\/v2\/users\/4"}],"replies":[{"embeddable":true,"href":"https:\/\/antalyatouristinformation.com\/d\/wp-json\/wp\/v2\/comments?post=138"}],"version-history":[{"count":51,"href":"https:\/\/antalyatouristinformation.com\/d\/wp-json\/wp\/v2\/pages\/138\/revisions"}],"predecessor-version":[{"id":10514,"href":"https:\/\/antalyatouristinformation.com\/d\/wp-json\/wp\/v2\/pages\/138\/revisions\/10514"}],"up":[{"embeddable":true,"href":"https:\/\/antalyatouristinformation.com\/d\/wp-json\/wp\/v2\/pages\/119"}],"wp:featuredmedia":[{"embeddable":true,"href":"https:\/\/antalyatouristinformation.com\/d\/wp-json\/wp\/v2\/media\/453"}],"wp:attachment":[{"href":"https:\/\/antalyatouristinformation.com\/d\/wp-json\/wp\/v2\/media?parent=138"}],"wp:term":[{"taxonomy":"category","embeddable":true,"href":"https:\/\/antalyatouristinformation.com\/d\/wp-json\/wp\/v2\/categories?post=138"},{"taxonomy":"post_tag","embeddable":true,"href":"https:\/\/antalyatouristinformation.com\/d\/wp-json\/wp\/v2\/tags?post=138"}],"curies":[{"name":"wp","href":"https:\/\/api.w.org\/{rel}","templated":true}]}}