{"id":140,"date":"2021-02-15T12:19:43","date_gmt":"2021-02-15T11:19:43","guid":{"rendered":"http:\/\/antalyatouristinformation.com\/d\/?page_id=140"},"modified":"2021-06-16T09:20:46","modified_gmt":"2021-06-16T07:20:46","slug":"upper-duden","status":"publish","type":"page","link":"https:\/\/antalyatouristinformation.com\/d\/things-to-do\/waterfall\/upper-duden\/","title":{"rendered":"Visit Upper D\u00fcden Waterfall in Antalya"},"content":{"rendered":"<p>What do you think about spending the day at an invigorating waterfall during hot summer days?<\/p>\n<p>Upper D\u00fcden Waterfall is one of the best recreational areas and it&#8217;s located only about 12 kilometers northeast of Antalya. It is a magnificent natural beauty where you can breathe in the fresh air and take in the beautiful shades of green.<\/p>\n<p>In this article, you will find all the information you need on how to visit the Upper D\u00fcden Waterfall in Antalya and some tips about the place.<\/p>\n<p><span><img decoding=\"async\" alt=\"Upper Duden Waterfall kepez in Antalya in Turkey\" data-id=\"849\" width=\"702\" data-init-width=\"1000\" height=\"470\" data-init-height=\"670\" title=\"Upper Duden Waterfall kepez in Antalya in Turkey\" loading=\"lazy\" src=\"https:\/\/antalyatouristinformation.com\/d\/wp-content\/uploads\/sites\/9\/2021\/03\/Upper-Duden-Waterfall-kepez-Antalya.jpg\" data-width=\"702\" data-height=\"470\" data-pinpro-key=\"6yj143thk\" data-pin-media=\"https:\/\/antalyatouristinformation.com\/d\/wp-content\/uploads\/sites\/9\/2021\/06\/prag_50_sehenswuerdigkeiten_pinterest-5.jpg\" data-pin-description=\"Visit the Upper D\u00fcden Waterfall in Antalya, Turkey \u27a4 Read Info on \u2714 Access \u2714 Tour \u2714 Tips \u2714\" data-pin-url=\"https:\/\/antalyatouristinformation.com\/d\/things-to-do\/waterfall\/upper-duden\/?tve=true&amp;tcbf=8a45bbc0ac\"><\/span><\/p>\n<h2 id=\"t-1619177756041\" data-alt-text=\"What Can I Do There?\">What Can I Do at Upper D\u00fcden Waterfall?<\/h2>\n<p>Upper D\u00fcden Waterfall is also called &#8220;Alexander Falls&#8221;. It&#8217;s said that Alexander the Great, who conquered Pamphylia between 334-333 BC, gave water to his horses while passing through this region.<\/p>\n<p>This recreation spot is preferred by those who want to get away from the city center and find peace in nature. The pleasure of visiting the waterfall on a hot day is always welcome.<\/p>\n<p>There are places for observing picturesque panoramas, as well as restaurants and cafes. You can find plenty of restaurants on the both sides of the lake. It&#8217;s also possible to bring your own food and enjoy in the picnic areas. It is very refreshing to have a picnic by the creek and to soak your feet in the water to cool off.<\/p>\n<h3>Picturesque Views From the Caves<\/h3>\n<p>The caves behind the waterfall are very interesting formations. The cavities of the caves are like a window that offers a beautiful view. You can even pass under where the waterfall flows. Do not forget to watch the waterfall from the cave behind the flowing water. Sometimes in the caves you have to bend down and they can be quite humid. Therefore, it&#8217;s important to be careful not to slip.<\/p>\n<p><span><img decoding=\"async\" alt=\"upper d\u00fcden waterfall in Antalya in Turkey\" data-id=\"852\" width=\"702\" data-init-width=\"1000\" height=\"470\" data-init-height=\"670\" title=\"upper d\u00fcden waterfall in Antalya in Turkey\" loading=\"lazy\" src=\"https:\/\/antalyatouristinformation.com\/d\/wp-content\/uploads\/sites\/9\/2021\/03\/upper-dueden-waterfalls-in-antalya.jpg\" data-width=\"702\" data-height=\"470\" data-pinpro-key=\"4uuk07961\" data-pin-media=\"https:\/\/antalyatouristinformation.com\/d\/wp-content\/uploads\/sites\/9\/2021\/06\/prag_50_sehenswuerdigkeiten_pinterest-5.jpg\" data-pin-description=\"Visit the Upper D\u00fcden Waterfall in Antalya, Turkey \u27a4 Read Info on \u2714 Access \u2714 Tour \u2714 Tips \u2714\" data-pin-url=\"https:\/\/antalyatouristinformation.com\/d\/things-to-do\/waterfall\/upper-duden\/?tve=true&amp;tcbf=8a45bbc0ac\"><\/span><\/p>\n<h2 id=\"t-1619177756042\">Entrance, Tickets, and Tours<\/h2>\n<ul>\n<li><span style=\"\"><strong>Entrance:<\/strong> Upper D\u00fcden Waterfall is open everyday. Visits are allowed between 09:00 to 19:30 in summer and 09:00 to 18:00 in winter.<\/span><\/li>\n<li><span><strong>Ticket:<\/strong> Entrance fee is 5 TL per person and the Museum Pass Card is not valid. &nbsp;<\/span><\/li>\n<\/ul>\n<ul>\n<li><span style=\"\"><strong>Tip:<\/strong> To book amusement parks, museums, and tour tickets in advance of your trip to the Antalya region, don&#8217;t hesitate to check out the deals in our official shop.<\/span><\/li>\n<\/ul>\n<h2 id=\"t-1619177756043\" data-alt-text=\"How to Get to the Waterfall\">How to Get to Upper D\u00fcden Waterfall<\/h2>\n<p>Upper D\u00fcden Waterfall is located in the Varsak District, within the boundaries of Kepez District.<\/p>\n<ul>\n<li><strong>Minibus :&nbsp;<\/strong>You can take the Varsak minibuses departing from Antalya city center.<\/li>\n<li><strong> Public Bus : <\/strong>It is also possible to reach by municipal buses numbers VC30, CV17A, VL62, VF66, VC69, 524, and 524A.<\/li>\n<\/ul>\n<h2 style=\"\" id=\"t-1619177756044\" data-alt-text=\"Frequently Asked Questions\">FAQ (Frequently Asked Questions)<\/h2>\n<p><span><img decoding=\"async\" alt=\"upper duden waterfall \u0131n antalya \u0131n turkey\" data-id=\"850\" width=\"702\" data-init-width=\"1000\" height=\"470\" data-init-height=\"670\" title=\"upper duden waterfall \u0131n antalya \u0131n turkey\" loading=\"lazy\" src=\"https:\/\/antalyatouristinformation.com\/d\/wp-content\/uploads\/sites\/9\/2021\/03\/upper-duden-waterfall-in-antalya-in-turkey.jpg\" data-width=\"702\" data-height=\"470\" data-pinpro-key=\"efvpm6nyf\" data-pin-media=\"https:\/\/antalyatouristinformation.com\/d\/wp-content\/uploads\/sites\/9\/2021\/06\/prag_50_sehenswuerdigkeiten_pinterest-5.jpg\" data-pin-description=\"Visit the Upper D\u00fcden Waterfall in Antalya, Turkey \u27a4 Read Info on \u2714 Access \u2714 Tour \u2714 Tips \u2714\" data-pin-url=\"https:\/\/antalyatouristinformation.com\/d\/things-to-do\/waterfall\/upper-duden\/?tve=true&amp;tcbf=8a45bbc0ac\"><\/span><\/p>\n<h2 id=\"t-1619177756045\" data-alt-text=\"The History of the Waterfall\">The History of Upper D\u00fcden Waterfall<\/h2>\n<p>The source of the D\u00fcden River is a series of karst springs, united under the general name K\u0131rkg\u00f6zler and are located around the 30th kilometer of the old Antalya-Burdur road. Their waters collect in one stream and are directed through channels to the turbines of the hydroelectric power stations in Kepez and then through an artificial canal passing through the city from west to east, where they reach a place called D\u00fcdenba\u015f\u0131. The old riverbed starts there and is where Upper D\u00fcden waterfall is located.<\/p>\n<p>The regulator, built in front of B\u0131y\u0131kl\u0131 sinkhole, directs the K\u0131rkg\u00f6zler and P\u0131narba\u015f\u0131 waters into the canal to the Kepez hydroelectric power plant, where the pressure pipe transfers them to the equilibrium funnel and lowers it through the plant\u2019s turbine. In D\u00fcdenba\u015f\u0131, water again flows from a long-channel discharge unit, where it forms artificial cascades. From here, the amount of water forms a large river. Seven irrigation ditches distribute water to land northeast of Antalya.<\/p>\n<p>The area where Upper D\u00fcden Waterfall is located was turned into a picnic and recreation area by the DS\u0130 between 1970 and 1972.<\/p>\n<p>Read about more&nbsp;<a href=\"https:\/\/antalyatouristinformation.com\/d\/things-to-do\/waterfall\/\" style=\"outline: none;\">waterfalls in the Antalya<\/a> region here.<\/p>\n<h2 style=\"\" id=\"t-1619177756046\">Contact<\/h2>\n<ul>\n<li><span style=\"\"><strong>Address:&nbsp;<\/strong>D\u00fcdenbas\u0131 mah 21 Cad, D\u00fcden Cd. 07320 Kepez\/Antalya<\/span><\/li>\n<li><span style=\"\"><strong>Opening Hours:&nbsp;<\/strong>It can be visited between 09:00 &#8211; 19:30 in summer and 09:00 &#8211; 18:00 in winter.<\/span><\/li>\n<li><span style=\"\"><strong>Public Transport: Bus:<\/strong>&nbsp;Number VC30, CV17A, VL62, VF66, VC69, 524, and 524A.<\/span><\/li>\n<\/ul>\n","protected":false},"excerpt":{"rendered":"<p>What do you think about spending the day at an invigorating waterfall during hot summer days? Upper D\u00fcden Waterfall is one of the best recreational areas and it&#8217;s located only about 12 kilometers northeast of Antalya. It is a magnificent natural beauty where you can breathe in the fresh air and take in the beautiful [&hellip;]<\/p>\n","protected":false},"author":4,"featured_media":854,"parent":135,"menu_order":0,"comment_status":"open","ping_status":"closed","template":"","meta":{"_acf_changed":false,"footnotes":""},"categories":[],"tags":[50],"class_list":["post-140","page","type-page","status-publish","has-post-thumbnail","hentry","tag-waterfall","post-wrapper","thrv_wrapper"],"acf":[],"wp-worthy-pixel":{"ignored":false,"public":null,"server":null,"url":null},"wp-worthy-type":"normal","_links":{"self":[{"href":"https:\/\/antalyatouristinformation.com\/d\/wp-json\/wp\/v2\/pages\/140","targetHints":{"allow":["GET"]}}],"collection":[{"href":"https:\/\/antalyatouristinformation.com\/d\/wp-json\/wp\/v2\/pages"}],"about":[{"href":"https:\/\/antalyatouristinformation.com\/d\/wp-json\/wp\/v2\/types\/page"}],"author":[{"embeddable":true,"href":"https:\/\/antalyatouristinformation.com\/d\/wp-json\/wp\/v2\/users\/4"}],"replies":[{"embeddable":true,"href":"https:\/\/antalyatouristinformation.com\/d\/wp-json\/wp\/v2\/comments?post=140"}],"version-history":[{"count":53,"href":"https:\/\/antalyatouristinformation.com\/d\/wp-json\/wp\/v2\/pages\/140\/revisions"}],"predecessor-version":[{"id":10476,"href":"https:\/\/antalyatouristinformation.com\/d\/wp-json\/wp\/v2\/pages\/140\/revisions\/10476"}],"up":[{"embeddable":true,"href":"https:\/\/antalyatouristinformation.com\/d\/wp-json\/wp\/v2\/pages\/135"}],"wp:featuredmedia":[{"embeddable":true,"href":"https:\/\/antalyatouristinformation.com\/d\/wp-json\/wp\/v2\/media\/854"}],"wp:attachment":[{"href":"https:\/\/antalyatouristinformation.com\/d\/wp-json\/wp\/v2\/media?parent=140"}],"wp:term":[{"taxonomy":"category","embeddable":true,"href":"https:\/\/antalyatouristinformation.com\/d\/wp-json\/wp\/v2\/categories?post=140"},{"taxonomy":"post_tag","embeddable":true,"href":"https:\/\/antalyatouristinformation.com\/d\/wp-json\/wp\/v2\/tags?post=140"}],"curies":[{"name":"wp","href":"https:\/\/api.w.org\/{rel}","templated":true}]}}