{"id":158,"date":"2021-02-15T12:24:29","date_gmt":"2021-02-15T11:24:29","guid":{"rendered":"http:\/\/antalyatouristinformation.com\/d\/?page_id=158"},"modified":"2021-06-13T22:35:40","modified_gmt":"2021-06-13T20:35:40","slug":"tunektepe-teleferik","status":"publish","type":"page","link":"https:\/\/antalyatouristinformation.com\/d\/things-to-do\/attraction\/tunektepe-teleferik\/","title":{"rendered":"Guide to T\u00fcnektepe Teleferik (Cable Car) in Antalya, Turkey : Access and Tips"},"content":{"rendered":"<p>Antalya has a unique geography with its lovely nature, majestic mountains and magnificent sea. T\u00fcnek tepe is a beautiful hill terrace with the altitude of 618 meters (2009 feet) where the Bey Mountains meets the Mediterranean Sea.&nbsp;<\/p>\n<p>One of the best ways to watch Antalya from a high spot is to get a ride on the T\u00fcnektepe<em>&nbsp;<\/em>cable car called <em>T\u00fcnektepe Teleferik&nbsp;<\/em>in&nbsp;Turkish. You should definitely add T\u00fcnektepe to your route as it is the best attraction of Antalya. You will watch the spectacular view of Antalya and get the fresh air with the pine trees while taking amazing pictures of the skyline.<\/p>\n<p>In this article, you can find all the information about the famous T\u00fcnektepe Cable Car.<\/p>\n<p><span><img decoding=\"async\" alt=\"\" data-id=\"601\" width=\"702\" data-init-width=\"1000\" height=\"471\" data-init-height=\"670\" title=\"T\u00dcnektepe cable car in antalya in turkey\" loading=\"lazy\" src=\"\/\/antalyatouristinformation.com\/d\/wp-content\/uploads\/sites\/9\/2021\/02\/TUenektepe-cable-car-in-antalya-in-turkey.jpg\" data-width=\"702\" data-height=\"471\"><\/span><\/p>\n<h2>What can I do at T\u00fcnektepe ?<\/h2>\n<p>As you ascend with the T\u00fcnek Tepe cable car, you will discover an unbeatable view of the horizons of Antalya.<\/p>\n<p>The cable car is about 1706 meters long and the cable has a 3604 meters length. It provides service with 36 cabins with a capacity of 8 people. It can easily carry 1200 people per hour. You can reach T\u00fcnektepe at an altitude of 605 meters in about 9 minutes.<\/p>\n<p>You can find restaurants and cafes in the facilities located at the top. Since the restaurants here are affiliated to Antalya Municipality, the prices are quite affordable. Bringing food from outside is not allowed.<\/p>\n<p>There is a playground for the children at the upper station of the cable car. You can watch a detailed panoramic view with the binoculars that work with coins.<\/p>\n<p>It is better to call before you go in rainy days since the cable car might not work due to the bad weather conditions.<\/p>\n<p><span><img decoding=\"async\" alt=\"\" data-id=\"599\" width=\"702\" data-init-width=\"1000\" height=\"471\" data-init-height=\"670\" title=\"tunektepe cable car in antalya in turkey\" loading=\"lazy\" src=\"\/\/antalyatouristinformation.com\/d\/wp-content\/uploads\/sites\/9\/2021\/02\/tunektepe-cable-car-in-antalya-in-turkey.jpg\" data-width=\"702\" data-height=\"471\"><\/span><\/p>\n<h2>Entrance, Tickets and Tours<\/h2>\n<p>T\u00fcnektepe Cable car is free for ages between 0 and 6. In 2020 ,the price per person over 6 years old is set as &#8220;20 TL&#8221;.&nbsp;<\/p>\n<p>Visitors can use the &#8220;Antalya Card&#8221;, which they use for urban transportation, for cable car boarding.<\/p>\n<ul>\n<li><span style=\"\"><strong>Entrance :<\/strong> The facility is closed on Mondays. It can be visited between 10:00 and 18:00.<\/span><\/li>\n<li style=\"\"><span style=\"\"><strong>Tickets :<\/strong> It is possible to get tickets on the site. Antalya Card can be used by the visitors instead of tickets. Get more information about the <a href=\"https:\/\/antalyatouristinformation.com\/d\/public-transport\/antalyakart\/\" target=\"_blank\" rel=\"noopener\">Antalya Card<\/a>.<\/span><\/li>\n<\/ul>\n<ul>\n<li><span><strong>Tip :<\/strong> To book amusement parks, museums and tours tickets in advance for your trip in Antalya region, don&#8217;t hesitate to check our deals in our official shop :<\/span><\/li>\n<\/ul>\n<h2>How to get to the Cable car ?<\/h2>\n<p>This Cable car ride station is located at Sar\u0131su area on Konyaalti Beach.<\/p>\n<p><strong>Bus : <\/strong>Bus lines KL08, MF40, 70, 71, 76, 08, 06 will pass near the bottom station of the cable car.<\/p>\n<h2 style=\"\">FAQ (Frequently Asked Questions)<\/h2>\n<h2>History of the T\u00fcnektepe Cable car<\/h2>\n<p>The Cable Car project was initiated in 2013 as a project to connect T\u00fcnek Tepe, the coastal hill overlooking the city of Antalya, with the Sar\u0131su Neighborhood at the edge of the Konyaalt\u0131 district. This project cost 14 million Turkish Lira.<\/p>\n<h2 style=\"\">Contact&nbsp;<\/h2>\n<ul>\n<li><span style=\"\"><strong>Address :&nbsp;<\/strong>Liman Mahallesi Konyaalt\u0131-Antalya<\/span><\/li>\n<li><span style=\"\"><strong>Opening Hours :&nbsp;<\/strong>The facility is closed on Mondays. It can be visited between 10:00 and 18:00.<\/span><\/li>\n<li><span style=\"\"><strong>Public Transport :&nbsp;<\/strong>Bus lines KL08, MF40, 70, 71, 76, 08, 06&nbsp;<\/span><\/li>\n<\/ul>\n","protected":false},"excerpt":{"rendered":"<p>Antalya has a unique geography with its lovely nature, majestic mountains and magnificent sea. T\u00fcnek tepe is a beautiful hill terrace with the altitude of 618 meters (2009 feet) where the Bey Mountains meets the Mediterranean Sea.&nbsp; One of the best ways to watch Antalya from a high spot is to get a ride on [&hellip;]<\/p>\n","protected":false},"author":4,"featured_media":597,"parent":117,"menu_order":0,"comment_status":"open","ping_status":"closed","template":"","meta":{"_acf_changed":false,"footnotes":""},"categories":[],"tags":[36],"class_list":["post-158","page","type-page","status-publish","has-post-thumbnail","hentry","tag-attraction","post-wrapper","thrv_wrapper"],"acf":[],"wp-worthy-pixel":{"ignored":false,"public":null,"server":null,"url":null},"wp-worthy-type":"normal","_links":{"self":[{"href":"https:\/\/antalyatouristinformation.com\/d\/wp-json\/wp\/v2\/pages\/158","targetHints":{"allow":["GET"]}}],"collection":[{"href":"https:\/\/antalyatouristinformation.com\/d\/wp-json\/wp\/v2\/pages"}],"about":[{"href":"https:\/\/antalyatouristinformation.com\/d\/wp-json\/wp\/v2\/types\/page"}],"author":[{"embeddable":true,"href":"https:\/\/antalyatouristinformation.com\/d\/wp-json\/wp\/v2\/users\/4"}],"replies":[{"embeddable":true,"href":"https:\/\/antalyatouristinformation.com\/d\/wp-json\/wp\/v2\/comments?post=158"}],"version-history":[{"count":25,"href":"https:\/\/antalyatouristinformation.com\/d\/wp-json\/wp\/v2\/pages\/158\/revisions"}],"predecessor-version":[{"id":10618,"href":"https:\/\/antalyatouristinformation.com\/d\/wp-json\/wp\/v2\/pages\/158\/revisions\/10618"}],"up":[{"embeddable":true,"href":"https:\/\/antalyatouristinformation.com\/d\/wp-json\/wp\/v2\/pages\/117"}],"wp:featuredmedia":[{"embeddable":true,"href":"https:\/\/antalyatouristinformation.com\/d\/wp-json\/wp\/v2\/media\/597"}],"wp:attachment":[{"href":"https:\/\/antalyatouristinformation.com\/d\/wp-json\/wp\/v2\/media?parent=158"}],"wp:term":[{"taxonomy":"category","embeddable":true,"href":"https:\/\/antalyatouristinformation.com\/d\/wp-json\/wp\/v2\/categories?post=158"},{"taxonomy":"post_tag","embeddable":true,"href":"https:\/\/antalyatouristinformation.com\/d\/wp-json\/wp\/v2\/tags?post=158"}],"curies":[{"name":"wp","href":"https:\/\/api.w.org\/{rel}","templated":true}]}}