{"id":190,"date":"2021-02-15T12:44:40","date_gmt":"2021-02-15T11:44:40","guid":{"rendered":"http:\/\/antalyatouristinformation.com\/d\/?page_id=190"},"modified":"2021-06-13T22:35:26","modified_gmt":"2021-06-13T20:35:26","slug":"olympos-teleferik","status":"publish","type":"page","link":"https:\/\/antalyatouristinformation.com\/d\/things-to-do\/attraction\/olympos-teleferik\/","title":{"rendered":"Guide to Olympos Teleferik (Cable Car) in Kemer: Access and Tips"},"content":{"rendered":"<p>Olympos is well know for it&#8217;s beautiful nature, the <a href=\"https:\/\/antalyatouristinformation.com\/d\/things-to-do\/history\/olympos\/\" target=\"_blank\" style=\"outline: none;\" rel=\"noopener\">Olympos Ancient Site<\/a> and the famous&nbsp;<a href=\"https:\/\/antalyatouristinformation.com\/d\/things-to-do\/beach\/olympos\/\" target=\"_blank\" style=\"outline: none;\" rel=\"noopener\">Olympos Beach<\/a>.<\/p>\n<p>In this complete guide to Olympos Teleferik in Kemer<strong>,&nbsp;<\/strong>you will learn everything about the cable car ride, the attractions on Mount Olympos, the history as well as helpful information on access, entrance fees and tickets.&nbsp;<\/p>\n<p>Did you know that the most popular attraction around is actually the Cable Car that goes up and down the hill?<\/p>\n<p>Olympos Teleferik cable car is one of the most famous sights in the south coast of Turkey.<\/p>\n<p>A ride on the cable car is a spectacular experience at a lofty height. If you try it, you have to look forward to sensational panoramic views as well as exciting activities on the 2,364-meter Mount Olympos.<\/p>\n<p><span><img decoding=\"async\" alt=\"Tahtali Teleferik in Kemer in Turkey\" data-id=\"5055\" width=\"702\" data-init-width=\"1000\" height=\"468\" data-init-height=\"667\" title=\"Tahtali Teleferik in Kemer in Turkey\" src=\"https:\/\/antalyatouristinformation.com\/d\/wp-content\/uploads\/sites\/9\/2021\/04\/Tahtali-Teleferik-in-Kemer-in-Turkey-5.jpg\" data-width=\"702\" data-height=\"468\" loading=\"lazy\"><\/span><\/p>\n<h2 id=\"t-1619806254325\" data-alt-text=\"What to do?\">What can I do at Olympos Teleferik in Kemer ?<\/h2>\n<p>Following a 4,350-meter track, the Olympos Teleferik cable car takes visitors up to Mount Olympos (Tahtal\u0131 Da\u011f\u0131). This makes the Olympos Teleferik <strong>one of the longest cable cars in the world<\/strong>.&nbsp;<\/p>\n<p>A trip to the mountain and the ride on the cable car is a great experience for young and old alike. For this reason, it is also a very popular attraction for families with children. You can spend half a day or a few hours here, depending on your preference.<\/p>\n<p><span><img decoding=\"async\" alt=\"Tahtali Teleferik in Kemer in Turkey\" data-id=\"5057\" width=\"702\" data-init-width=\"1000\" height=\"468\" data-init-height=\"667\" title=\"Tahtali Teleferik in Kemer in Turkey\" loading=\"lazy\" src=\"https:\/\/antalyatouristinformation.com\/d\/wp-content\/uploads\/sites\/9\/2021\/04\/Tahtali-Teleferik-in-Kemer-in-Turkey-6.jpg\" data-width=\"702\" data-height=\"468\"><\/span><\/p>\n<h2 id=\"t-1619806254326\" data-alt-text=\"Ride the  Cable Car\">Ride on the Olympos Cable Car<\/h2>\n<p>Two red passenger cabins with large windows and a capacity of 80 people take visitors from the base station on the beach of Kemer up to the mountain station on the peak of Mount Olympos.<\/p>\n<p>Immediately after the departure you can <strong>admire the city of Kemer and the surrounding sea.&nbsp;<\/strong>The higher it goes, the more fascinating sights become visible. These include the <a href=\"https:\/\/antalyatouristinformation.com\/d\/things-to-do\/beach\/olympos\/\" style=\"outline: none;\">beach of Olympos<\/a> or the <a href=\"https:\/\/antalyatouristinformation.com\/d\/things-to-do\/history\/phaselis\/\" style=\"outline: none;\">ancient remains of Phaselis<\/a>. You can admire the charming landscape and the mountain ranges, and from time to time you can spot birds fluttering around.<\/p>\n<p>After <strong>a 10-minute journey full of picturesque views<\/strong>, you finally reach Mount Olympos.<\/p>\n<p><span><img decoding=\"async\" alt=\"Mount Olympos in Antalya in Turkey\" data-id=\"5638\" width=\"702\" data-init-width=\"1000\" height=\"468\" data-init-height=\"667\" title=\"Mount Olympos in Antalya in Turkey\" loading=\"lazy\" src=\"https:\/\/antalyatouristinformation.com\/d\/wp-content\/uploads\/sites\/9\/2021\/05\/Mount-Olympos-in-Antalya.jpg\" data-width=\"702\" data-height=\"468\"><\/span><\/p>\n<h2 id=\"t-1619806254327\">Special Rides<\/h2>\n<p>Romantics can take part in <strong>sunset or sunrise rides<\/strong>. While in the morning you can admire the dawn with a delicious hot drink and a fragrant pastry, the sunset ride includes a romantic dinner and atmospheric live music.<\/p>\n<p>Special rides for full moon or star watching programs are also <a href=\"https:\/\/www.olymposteleferik.com\/en\/presented\" target=\"_blank\" style=\"outline: none;\" rel=\"noopener\">available<\/a>.<\/p>\n<p><span><img decoding=\"async\" alt=\"Tahtali Teleferik in Kemer in Turkey\" data-id=\"5059\" width=\"702\" data-init-width=\"1000\" height=\"468\" data-init-height=\"667\" title=\"Tahtali Teleferik in Kemer in Turkey\" loading=\"lazy\" src=\"https:\/\/antalyatouristinformation.com\/d\/wp-content\/uploads\/sites\/9\/2021\/04\/Tahtali-Teleferik-in-Kemer-in-Turkey-2.jpg\" data-width=\"702\" data-height=\"468\"><\/span><\/p>\n<h2 id=\"t-1619806254328\" data-alt-text=\"Mount Olympos\">Mount Olympos (Tahtal\u0131 Da\u011f\u0131)<\/h2>\n<p>With an altitude of 2,364 meters, Antalya&#8217;s local mountain in an idyllic location right by the sea is the second highest mountain in Olympos Beyda\u011flar\u0131 <a href=\"https:\/\/antalyatouristinformation.com\/d\/things-to-do\/national-parks\/\" style=\"outline: none;\">National Park<\/a>.<\/p>\n<p>When you reach the top of the mountain station, you will be rewarded with a magnificent panoramic view. The observation desk on the roof of the mountain station is <strong>one of the most impressive viewpoints in the region.<\/strong><\/p>\n<p>On a clear day, you can even see Antalya, 50 km away, and enjoy a distant view of the mountains, the coast and the Mediterranean Sea.<\/p>\n<p><span><img decoding=\"async\" alt=\"Mount Olympos in Antalya in Turkey\" data-id=\"5633\" width=\"702\" data-init-width=\"1000\" height=\"468\" data-init-height=\"667\" title=\"Mount Olympos in Antalya in Turkey\" loading=\"lazy\" src=\"https:\/\/antalyatouristinformation.com\/d\/wp-content\/uploads\/sites\/9\/2021\/05\/Mount-Olympos-in-Antalya-in-Turkey.jpg\" data-width=\"702\" data-height=\"468\"><\/span><\/p>\n<h2 id=\"t-1619806254329\" data-alt-text=\"Activities on Top\">Attractions &amp; Activities on the Mountain<\/h2>\n<p>In addition to the breathtaking views and fresh air, <strong>Mount Olympos offers exciting activities<\/strong>. There are different climbing and hiking trails that lead over remarkable landscapes.<\/p>\n<p>However, the absolute highlight is the <strong>paragliding station <\/strong>on the mountain, which allows visitors to experience unforgettable moments during a tandem paragliding flight. They are offered daily from May to October. Those interested must book them in advance.<\/p>\n<p>Adrenaline rush is also provided by a <strong>bungee catapult on the top of the mountain<\/strong>. After prior registration, brave visitors can be catapulted into the sky during this unique bungee experience.<\/p>\n<p>Visitors who like it quieter can<strong> relax and linger in the beautiful nature<\/strong>. You can take a walk to explore the mountain or even have a picnic. There is also a mountain restaurant and caf\u00e9 where you can enjoy delicacies and refreshments.<\/p>\n<p>Thanks to countless breathtaking photo opportunities, you can take wonderful pictures on the top of Tahtal\u0131 Mountain.<\/p>\n<p>In winter, the top of the mountain is covered with snow, which makes it equally worth seeing with its heavenly scenery. Children in particular can look forward to a snowball fight or even build a snowman.<\/p>\n<p><span><img decoding=\"async\" alt=\"Tahtali Teleferik in Kemer in Turkey\" data-id=\"5052\" width=\"702\" data-init-width=\"1000\" height=\"468\" data-init-height=\"667\" title=\"Tahtali Teleferik in Kemer in Turkey\" loading=\"lazy\" src=\"https:\/\/antalyatouristinformation.com\/d\/wp-content\/uploads\/sites\/9\/2021\/04\/Tahtali-Teleferik-in-Kemer-in-Turkey-4.jpg\" data-width=\"702\" data-height=\"468\"><\/span><\/p>\n<h2 id=\"t-1619806254330\" data-alt-text=\"Events\">Events at Olympos Teleferik<\/h2>\n<p>Mount Olympos is also a <strong>unique venue for events<\/strong>. You can organize seminars, live concerts, corporate meetings and even weddings upon request. More information can be found <a href=\"https:\/\/www.olymposteleferik.com\/en\/presented\" target=\"_blank\" rel=\"noopener\">here<\/a>. <a href=\"https:\/\/www.olymposteleferik.com\/en\/presented\" style=\"outline: none;\"><\/a><\/p>\n<p>Events such as the &#8220;Tahtal\u0131 RunToSky&#8221; race or the &#8220;SeaToSky Enduro Motorcycle Race,&#8221; on the other hand, attract sports enthusiasts from all over the world. You can find more information <a href=\"https:\/\/www.olymposteleferik.com\/en\/events\" target=\"_blank\" rel=\"noopener\">here<\/a>. <a href=\"https:\/\/www.olymposteleferik.com\/en\/events\" style=\"outline: none;\"><\/a><\/p>\n<h2 id=\"t-1619806254331\" data-alt-text=\"Technical Details\">Technical Details of Olympos Teleferik<\/h2>\n<ul>\n<li><span style=\"\"><b>Duration of the ride:<\/b> 10 minutes<\/span><\/li>\n<li style=\"\"><span style=\"\"><b><b>Length of the track:<\/b> <span style=\"font-weight: normal;\">4.359 kilometers (2.709 mi)<\/span><\/b><\/span><\/li>\n<li><span style=\"\"><b><b>Max. speed:<\/b> <span style=\"font-weight: normal;\">36 km\/h (10m\/s)<\/span><\/b><\/span><\/li>\n<li><span style=\"\"><b>Capacity of the cabins:<\/b> 80 persons<\/span><\/li>\n<li><span style=\"\"><b>Opening date:<\/b> 17 June 2007<\/span><\/li>\n<li><span style=\"\"><b>Altitude of the base station:<\/b> 726 m above sea level (2,382 ft)<\/span><\/li>\n<li><span style=\"\"><b>Altitude of the mountain station:<\/b> 2365 m above sea level (7,759 ft)<\/span><\/li>\n<\/ul>\n<p><span><img decoding=\"async\" alt=\"Tahtali Teleferik in Kemer in Turkey\" data-id=\"5054\" width=\"702\" data-init-width=\"1000\" height=\"468\" data-init-height=\"667\" title=\"Tahtali Teleferik in Kemer in Turkey\" src=\"https:\/\/antalyatouristinformation.com\/d\/wp-content\/uploads\/sites\/9\/2021\/04\/Tahtali-Teleferik-in-Kemer-in-Turkey.jpg\" data-width=\"702\" data-height=\"468\" loading=\"lazy\"><\/span><\/p>\n<h2 id=\"t-1619806254332\" data-alt-text=\"Tickets and Tours\">Entrance, Tickets and Tours<\/h2>\n<ul>\n<li><span style=\"\"><strong>Entrance:<\/strong> Children from 0-6 years do not need tickets to ride the Olympos Teleferik cable car. Reduced prices are available for children from 7-12 years. There are one-way tickets as well as round trip tickets.<\/span><\/li>\n<li style=\"\"><span style=\"\"><strong>Tickets:<\/strong> Tickets for the ride on the Olympos cable car are available on site and <a href=\"https:\/\/antalyatouristinformation.com\/d\/produkt\/olympos-teleferik\/\" style=\"outline: none;\">online in our shop<\/a>. Due to the fact that there can be long queues in front of the ticket office on site, buying a ticket online is highly recommended.<\/span><\/li>\n<li><span style=\"\"><strong>Sunset\/rise Tickets:<\/strong> During the high season, the cable car offers special sunset\/rise rides. Tickets are available <a href=\"https:\/\/www.olymposteleferik.com\/en\/ticket-prices-2\" target=\"_blank\" style=\"outline: none;\" rel=\"noopener\">here<\/a>.<\/span><\/li>\n<li><span style=\"\"><strong>Transfer:&nbsp;<\/strong>You can book a transfer from Antalya to Olympos cable car in Kemer and back. You can find the current prices <a href=\"https:\/\/www.olymposteleferik.com\/en\/ticket-prices-2\" target=\"_blank\" rel=\"noopener\">here<\/a>.<\/span><\/li>\n<li><span style=\"\"><strong>Tours: <\/strong>The Olympos Teleferik cable car ride is part of many day trips organized around the Antalya region.<\/span><\/li>\n<\/ul>\n<ul>\n<li><span style=\"\"><strong>Tip:<\/strong> To book amusement parks, museums and tours tickets in advance for your trip in Antalya region, don&#8217;t hesitate to check our deals in our official shop:<\/span><\/li>\n<\/ul>\n<h2 id=\"t-1619806254333\" data-alt-text=\"How to go there\">How to get to Olympos Teleferik<\/h2>\n<p>Olympos Teleferik cable car is located in Olympos Beydaglari National Park in Kemer in Antalya region. The base station is 50 km from the center of Antalya and 200 km from Alanya away. It can be quickly reached from several surrounding destinations.<\/p>\n<ul>\n<li><strong>By car :&nbsp;<\/strong>It is very easy to drive to the cable car by <a href=\"https:\/\/antalyatouristinformation.com\/d\/plan\/rent-a-car\/\">rental car<\/a>. You just have to follow the main road D-400 until a signposted exit between Camyuva and Tekirova appears. Follow this road for another 7 kilometers until you reach the base station.<\/li>\n<li><strong>By bus :<\/strong> Another good option to reach the cable car is by<a href=\"https:\/\/antalyatouristinformation.com\/d\/public-transport\/\"> public transportation<\/a>. From the city center of Antalya, take one of the following bus lines: KC71, KM61, KC71A, 504, 504A, 600A, TK92, KL08, UC11, UC11A, TK36, DK38, VC57 and VC59. Drive to &#8220;5M-Migros&#8221; station and change to the intercity buses to Tekirova. Then drive to the base station of Olympos cable car.<\/li>\n<li><strong>Transfer :&nbsp;<\/strong>You can book a transfer from different areas in Antalya region on the website of Olympos Teleferik. Many tours include the round trip transfer from your hotel.<\/li>\n<\/ul>\n<p><span><img decoding=\"async\" alt=\"Tahtali Teleferik in Kemer in Turkey\" data-id=\"5058\" width=\"702\" data-init-width=\"1000\" height=\"468\" data-init-height=\"667\" title=\"Tahtali Teleferik in Kemer in Turkey\" src=\"https:\/\/antalyatouristinformation.com\/d\/wp-content\/uploads\/sites\/9\/2021\/04\/Tahtali-Teleferik-in-Kemer-in-Turkey-3.jpg\" data-width=\"702\" data-height=\"468\" loading=\"lazy\"><\/span><\/p>\n<h2 style=\"\" id=\"t-1619806254334\" data-alt-text=\"FAQ\">FAQ (Frequently Asked Questions)<\/h2>\n<p><span><img decoding=\"async\" alt=\"History of Olympos Teleferik in Antalya in Turkey\" data-id=\"5635\" width=\"702\" data-init-width=\"1000\" height=\"468\" data-init-height=\"667\" title=\"History of Olympos Teleferik in Antalya in Turkey\" loading=\"lazy\" src=\"https:\/\/antalyatouristinformation.com\/d\/wp-content\/uploads\/sites\/9\/2021\/05\/History-of-Olympos-Teleferik-in-Antalya-in-Turkey.jpg\" data-width=\"702\" data-height=\"468\"><\/span><\/p>\n<h2 id=\"t-1619806254335\" data-alt-text=\"History\">History of Olympos Teleferik<\/h2>\n<p>The Olympos Teleferik aerial lift was built within three years by the leading companies Doppelmayr and Garaventa. It was put into operation for the first time on June 17, 2007.<\/p>\n<p>The name of the cable car is derived from the name of Mount Olympus, which in ancient times was considered as the abode of the Greek gods. The local inhabitants considered it to be \u201cMount Olympus\u201d because of its impressive height.<\/p>\n<p>Today, the cable car nicknamed &#8220;Sea to Sky&#8221; is the longest cable car in Europe. It is used by more than 350,000 guests annually.<\/p>\n<h2 style=\"\" id=\"t-1619806254336\">Contact:<\/h2>\n<ul>\n<li><span style=\"\"><strong>Address:&nbsp;<\/strong>Olympos Teleferik, Tekirova Mahallesi Antalya Kumluca Anayolu Caddesi No:2 Kemer\/Antalya<\/span><\/li>\n<li><span style=\"\"><strong>Opening Hours:&nbsp;<\/strong>For the latest hours, please check <a href=\"https:\/\/www.olymposteleferik.com\/en\/opening-hours\" target=\"_blank\" style=\"outline: none;\" rel=\"noopener\">this website<\/a>.<strong>&nbsp;<\/strong><\/span><\/li>\n<li><span style=\"\"><strong>Public Transport:&nbsp;<\/strong>With bus from the center of Antalya until &#8220;5M-Migros&#8221; station. Then change to the intercity buses to Tekirova.<\/span><\/li>\n<li style=\"\"><span style=\"\"><strong>Website:&nbsp;<\/strong><a href=\"https:\/\/www.olymposteleferik.com\/en\" style=\"outline: none;\">OlymposTeleferik.com<\/a><\/span><\/li>\n<\/ul>\n","protected":false},"excerpt":{"rendered":"<p>Olympos is well know for it&#8217;s beautiful nature, the Olympos Ancient Site and the famous&nbsp;Olympos Beach. In this complete guide to Olympos Teleferik in Kemer,&nbsp;you will learn everything about the cable car ride, the attractions on Mount Olympos, the history as well as helpful information on access, entrance fees and tickets.&nbsp; Did you know that [&hellip;]<\/p>\n","protected":false},"author":5,"featured_media":5048,"parent":117,"menu_order":0,"comment_status":"open","ping_status":"closed","template":"","meta":{"_acf_changed":false,"footnotes":""},"categories":[],"tags":[36],"class_list":["post-190","page","type-page","status-publish","has-post-thumbnail","hentry","tag-attraction","post-wrapper","thrv_wrapper"],"acf":[],"wp-worthy-pixel":{"ignored":false,"public":null,"server":null,"url":null},"wp-worthy-type":"normal","_links":{"self":[{"href":"https:\/\/antalyatouristinformation.com\/d\/wp-json\/wp\/v2\/pages\/190","targetHints":{"allow":["GET"]}}],"collection":[{"href":"https:\/\/antalyatouristinformation.com\/d\/wp-json\/wp\/v2\/pages"}],"about":[{"href":"https:\/\/antalyatouristinformation.com\/d\/wp-json\/wp\/v2\/types\/page"}],"author":[{"embeddable":true,"href":"https:\/\/antalyatouristinformation.com\/d\/wp-json\/wp\/v2\/users\/5"}],"replies":[{"embeddable":true,"href":"https:\/\/antalyatouristinformation.com\/d\/wp-json\/wp\/v2\/comments?post=190"}],"version-history":[{"count":33,"href":"https:\/\/antalyatouristinformation.com\/d\/wp-json\/wp\/v2\/pages\/190\/revisions"}],"predecessor-version":[{"id":10230,"href":"https:\/\/antalyatouristinformation.com\/d\/wp-json\/wp\/v2\/pages\/190\/revisions\/10230"}],"up":[{"embeddable":true,"href":"https:\/\/antalyatouristinformation.com\/d\/wp-json\/wp\/v2\/pages\/117"}],"wp:featuredmedia":[{"embeddable":true,"href":"https:\/\/antalyatouristinformation.com\/d\/wp-json\/wp\/v2\/media\/5048"}],"wp:attachment":[{"href":"https:\/\/antalyatouristinformation.com\/d\/wp-json\/wp\/v2\/media?parent=190"}],"wp:term":[{"taxonomy":"category","embeddable":true,"href":"https:\/\/antalyatouristinformation.com\/d\/wp-json\/wp\/v2\/categories?post=190"},{"taxonomy":"post_tag","embeddable":true,"href":"https:\/\/antalyatouristinformation.com\/d\/wp-json\/wp\/v2\/tags?post=190"}],"curies":[{"name":"wp","href":"https:\/\/api.w.org\/{rel}","templated":true}]}}