{"id":210,"date":"2021-02-15T12:49:51","date_gmt":"2021-02-15T11:49:51","guid":{"rendered":"http:\/\/antalyatouristinformation.com\/d\/?page_id=210"},"modified":"2021-06-16T12:06:40","modified_gmt":"2021-06-16T10:06:40","slug":"dolmus","status":"publish","type":"page","link":"https:\/\/antalyatouristinformation.com\/d\/public-transport\/antalya-city\/dolmus\/","title":{"rendered":"Use a Dolmu\u015f in Turkey: Rules You Should Know!"},"content":{"rendered":"<p>Taking the dolmu\u015f can be one of the most folk activities to do in Turkey! But what is a dolmu\u015f? Do you know how it works?<\/p>\n<p>In Turkey, a dolmu\u015f is a small collective bus that operates in cities and in the countryside. The Dolmu\u015f is one of the most important means of public transport and if you will travel in Turkey and Antalya, you should, for sure, know how to use it, because the dolmu\u015f has its own way of functioning.<\/p>\n<p>Lucky for you, this article will explain, in detail, all the useful information you need to use the dolmu\u015f during your trip to Turkey and in Antalya. Here we go!<\/p>\n<h2 id=\"t-1619706415459\" data-alt-text=\"Basic Information\">Basic Information About the Dolmu\u015f<\/h2>\n<p>Dolmu\u015f means <strong>&#8220;it&#8217;s full&#8221;&nbsp;<\/strong>in Turkish. The name comes from the fact that a dolmu\u015f does not leave until it has enough passengers. <strong>Cars, minibuses, boats, and motorboats<\/strong> can be used as dolmu\u015f.<\/p>\n<p><strong>In the past,<\/strong> a dolmu\u015f was used exclusively in Istanbul to cross the Bosphorus or the Golden Horn. The small motorboats or &#8220;kay\u0131k&#8221;, waited at the piers until there were enough passengers on the ferry, only then did they set off. Today, there are usually set sailing times.<\/p>\n<p>Since 1931, dolmu\u015f traffic has also been on the roads. Nowadays, it is impossible to imagine public transport throughout the country without a dolmu\u015f!<\/p>\n<h2 id=\"t-1619706415460\">Dolmu\u015f Routes<\/h2>\n<p>A Dolmu\u015f travels between two points on a precisely defined route and at a fixed time interval. Passengers can get on and off wherever they want on this route.<strong>&nbsp;<\/strong>All you have to do is signal the dolmu\u015f from the roadside and it will stop to pick you up.<\/p>\n<p>If you want to get off, tell the driver and he will stop at the next opportunity.<\/p>\n<p><span><img decoding=\"async\" alt=\"Dolmus waiting for tourists in Antalya in Turkey (Editorial)\" data-id=\"2082\" width=\"702\" data-init-width=\"1000\" height=\"468\" data-init-height=\"667\" title=\"Dolmus waiting for tourists in Antalya in Turkey (Editorial)\" loading=\"lazy\" src=\"\/\/antalyatouristinformation.com\/d\/wp-content\/uploads\/sites\/9\/2021\/04\/Dolmus-waiting-for-tourists-in-Antalya-in-Turkey.jpg\" data-width=\"702\" data-height=\"468\" data-pinpro-key=\"z8yv8xx30\"><\/span><\/p>\n<h2 id=\"t-1619706415461\" data-alt-text=\"Dolmu\u015f Stops\">Dolmu\u015f Stops<\/h2>\n<p>There are <strong>no precisely defined stops<\/strong> for a dolmu\u015f except for the initial and final stops. In Antalya, there are about 70 different routes served by the dolmu\u015f. It&#8217;s estimated that there are about 1800 &#8220;stops&#8221; on these routes. If you are in a dolmu\u015f and want to stop it somewhere, you just shout &#8220;Inecek var&#8221; which means &#8220;someone wants to get off&#8221; and the driver will stop immediately if nothing prevents it.<\/p>\n<p><strong>The Dolmu\u015f also operates between cities<\/strong>, so from Antalya you can go to Akseki, Aksu, Alanya, Finike, Ka\u015f, Kemer, Manavgat, Beldibi, and Belek, and other places, by dolmu\u015f.<\/p>\n<h2 id=\"t-1619706415462\" data-alt-text=\"Dolmu\u015f Prices\">Dolmu\u015f Prices<\/h2>\n<p><strong>The prices for each route are fixed.<\/strong> Payment is mostly made in cash, which is passed from the passengers to the driver. The driver has a small box on his right next to the gear stick, into which he puts the small change in the appropriate compartments. This enables him to give change even during the journey. <strong>No tickets are issued on the dolmu\u015f.<\/strong><\/p>\n<p>Now you are quite ready to get in a dolmu\u015f and experience a folk way to travel around town. Did you ever take the dolmu\u015f in Turkey? How did you like it? Tell us about your experience in the comments below.<\/p>\n<p>Also, read about&nbsp;<a href=\"https:\/\/antalyatouristinformation.com\/d\/public-transport\/taxi\/\" style=\"outline: none;\">taxis in Antalya<\/a>&nbsp;and our complete guide to&nbsp;<a href=\"https:\/\/antalyatouristinformation.com\/d\/plan\/rent-a-car\/\" style=\"outline: none;\">renting a car in Antalya<\/a>.<\/p>\n<p>If you are planning your trip to Antalya, you might be interested in our&nbsp;<a href=\"https:\/\/antalyatouristinformation.com\/d\/hotel\/\" style=\"outline: none;\">hotel selection in Antalya<\/a> guide and our <a href=\"https:\/\/antalyatouristinformation.com\/d\/tickets\" style=\"outline: none;\">Antalya Tickets Shop<\/a>, both available to make your trip easier!<\/p>\n","protected":false},"excerpt":{"rendered":"<p>Taking the dolmu\u015f can be one of the most folk activities to do in Turkey! But what is a dolmu\u015f? Do you know how it works? In Turkey, a dolmu\u015f is a small collective bus that operates in cities and in the countryside. The Dolmu\u015f is one of the most important means of public transport [&hellip;]<\/p>\n","protected":false},"author":6,"featured_media":6050,"parent":1589,"menu_order":0,"comment_status":"open","ping_status":"closed","template":"","meta":{"_acf_changed":false,"footnotes":""},"categories":[],"tags":[55,58],"class_list":["post-210","page","type-page","status-publish","has-post-thumbnail","hentry","tag-plan","tag-public-transport","post-wrapper","thrv_wrapper"],"acf":[],"wp-worthy-pixel":{"ignored":false,"public":null,"server":null,"url":null},"wp-worthy-type":"normal","_links":{"self":[{"href":"https:\/\/antalyatouristinformation.com\/d\/wp-json\/wp\/v2\/pages\/210","targetHints":{"allow":["GET"]}}],"collection":[{"href":"https:\/\/antalyatouristinformation.com\/d\/wp-json\/wp\/v2\/pages"}],"about":[{"href":"https:\/\/antalyatouristinformation.com\/d\/wp-json\/wp\/v2\/types\/page"}],"author":[{"embeddable":true,"href":"https:\/\/antalyatouristinformation.com\/d\/wp-json\/wp\/v2\/users\/6"}],"replies":[{"embeddable":true,"href":"https:\/\/antalyatouristinformation.com\/d\/wp-json\/wp\/v2\/comments?post=210"}],"version-history":[{"count":27,"href":"https:\/\/antalyatouristinformation.com\/d\/wp-json\/wp\/v2\/pages\/210\/revisions"}],"predecessor-version":[{"id":10544,"href":"https:\/\/antalyatouristinformation.com\/d\/wp-json\/wp\/v2\/pages\/210\/revisions\/10544"}],"up":[{"embeddable":true,"href":"https:\/\/antalyatouristinformation.com\/d\/wp-json\/wp\/v2\/pages\/1589"}],"wp:featuredmedia":[{"embeddable":true,"href":"https:\/\/antalyatouristinformation.com\/d\/wp-json\/wp\/v2\/media\/6050"}],"wp:attachment":[{"href":"https:\/\/antalyatouristinformation.com\/d\/wp-json\/wp\/v2\/media?parent=210"}],"wp:term":[{"taxonomy":"category","embeddable":true,"href":"https:\/\/antalyatouristinformation.com\/d\/wp-json\/wp\/v2\/categories?post=210"},{"taxonomy":"post_tag","embeddable":true,"href":"https:\/\/antalyatouristinformation.com\/d\/wp-json\/wp\/v2\/tags?post=210"}],"curies":[{"name":"wp","href":"https:\/\/api.w.org\/{rel}","templated":true}]}}