{"id":263,"date":"2021-02-15T13:43:50","date_gmt":"2021-02-15T12:43:50","guid":{"rendered":"http:\/\/antalyatouristinformation.com\/d\/?page_id=263"},"modified":"2021-06-23T18:44:30","modified_gmt":"2021-06-23T16:44:30","slug":"yoruk-park","status":"publish","type":"page","link":"https:\/\/antalyatouristinformation.com\/d\/things-to-do\/attraction\/yoruk-park\/","title":{"rendered":"Visit Y\u00f6r\u00fck Park in Antalya: Location, Entrance, Tickets, and Tips"},"content":{"rendered":"<p>If you are in Antalya or in Kemer, would you like to change your scenery for a day, fill your stomach with good food and learn about a special local community ? We found you the perfect place ! Y\u00f6r\u00fck Park in Kemer !<\/p>\n<p>It is an open-air <a href=\"https:\/\/antalyatouristinformation.com\/d\/things-to-do\/museum\/\" style=\"outline: none;\">museum <\/a>about the history of the place and its inhabitants. With its location by the sea, it is a nice place to <strong>relax and taste traditional dishes<\/strong> of the Y\u00f6r\u00fck people.<\/p>\n<p>On this guide, we will inform you about the Y\u00f6r\u00fck Park in Kemer, what to expect if you visit it and helpful information on entrance fees and how to get there.<\/p>\n<p><span><img decoding=\"async\" alt=\"Yoruk Park in Kemer in Turkey\" data-id=\"5207\" width=\"702\" data-init-width=\"1000\" height=\"468\" data-init-height=\"667\" title=\"Yoruk Park in Kemer in Turkey\" loading=\"lazy\" src=\"https:\/\/antalyatouristinformation.com\/d\/wp-content\/uploads\/sites\/9\/2021\/04\/Yoruk-Park-in-Kemer-in-Turkey-2.jpg\" data-width=\"702\" data-height=\"468\"><\/span><\/p>\n<h2>What can I do at Y\u00f6r\u00fck Park?<\/h2>\n<p>In Kemer, Y\u00f6r\u00fck Park guides its visitors as an <strong>open-air museum through the history, culture and traditions of the local Y\u00f6r\u00fck nomads<\/strong>, the original inhabitants of this region.<\/p>\n<p>Visitors can visit the <strong>traditional houses of the Y\u00f6r\u00fck<\/strong> and gain an insight into the everyday life of the inhabitants.&nbsp;<\/p>\n<p>During your walk through the park, you can discover <strong>many tools, everyday objects as well as various tents<\/strong> with figures depicting the former nomadic life of the Y\u00f6r\u00fck.<\/p>\n<p>This gives the visitor a vivid impression of their past as nomads. At the same time, one can learn more about the <strong>nomadic way of life of the inhabitants<\/strong> while visiting the park.<\/p>\n<p>A highlight are the dance performances accompanied by Turkish folk music.<\/p>\n<p>The park also offers<strong> breathtaking views and photo opportunities<\/strong>. You can marvel at the glittering sea and the mountains behind it. On a clear day, you can even see as far as Antalya.<\/p>\n<p>Y\u00f6r\u00fck Park offers typical <strong>Turkish dishes with the regional flavor of the Y\u00f6r\u00fck<\/strong>. The freshly prepared g\u00f6zleme, Turkish stuffed flatbread, are very popular. You can even watch this classic being prepared. Thanks to several shady <strong>outdoor sitting areas<\/strong>, you can enjoy the sensational view of the sea while tasting the specialties.<\/p>\n<p>The&nbsp;<strong>silence of Y\u00f6r\u00fck Park<\/strong>&nbsp;is a welcome change for many visitors. It is a beautiful haven to escape the hustle and bustle of the city as well as the crowds.<\/p>\n<p>Since the Y\u00f6r\u00fck tribe has a strong bond with animals due to their past as a pastoral people, you can also spot quite a&nbsp;<strong>few animals in the park<\/strong>, most of which roam free and linger here.<\/p>\n<p><span><img decoding=\"async\" alt=\"Yoruk Park in Kemer in Turkey\" data-id=\"5206\" width=\"702\" data-init-width=\"1000\" height=\"468\" data-init-height=\"667\" title=\"Yoruk Park in Kemer in Turkey\" src=\"https:\/\/antalyatouristinformation.com\/d\/wp-content\/uploads\/sites\/9\/2021\/04\/Yoruk-Park-in-Kemer-in-Turkey.jpg\" data-width=\"702\" data-height=\"468\" loading=\"lazy\"><\/span><\/p>\n<h2>Entrance, Tickets and Tours<\/h2>\n<ul>\n<li><span style=\"\"><strong>Entrance:<\/strong> To visit Y\u00f6r\u00fck Park, you have to pay a small entrance fee. However, if you eat or drink something in the park, the entrance fee will be deducted from it.<\/span><\/li>\n<li style=\"\"><span style=\"\"><strong>Tickets:<\/strong> The entrance fee is paid on site.&nbsp;<\/span><\/li>\n<\/ul>\n<ul>\n<li><span><strong>Tip :<\/strong> To book amusement parks, museums and tours tickets in advance for your trip in Antalya region, don&#8217;t hesitate to check our deals in our official shop:<\/span><\/li>\n<\/ul>\n<p><span><img decoding=\"async\" alt=\"Yoruk Park in Antalya in Turkey\" data-id=\"2381\" width=\"702\" data-init-width=\"1000\" height=\"468\" data-init-height=\"667\" title=\"Yoruk Park in Antalya in Turkey\" loading=\"lazy\" src=\"https:\/\/antalyatouristinformation.com\/d\/wp-content\/uploads\/sites\/9\/2021\/04\/Yoruk-Park-in-Antalya.jpg\" data-width=\"702\" data-height=\"468\"><\/span><\/p>\n<h2>How to get to Y\u00f6r\u00fck Park<\/h2>\n<p>Y\u00f6r\u00fck Park is <strong>located on the K\u00fc\u00e7\u00fckburun peninsula in Kemer,<\/strong> about an hour south of Antalya. It is a little hidden between the bay of Kemer and the marina.<\/p>\n<ul>\n<li><strong>By Foot :<\/strong> You can reach the park by foot from the bay or from the southern city center of Kemer.<\/li>\n<li><strong>Public Transport :<\/strong> If you want to use <a href=\"https:\/\/antalyatouristinformation.com\/d\/public-transport\/\" style=\"outline: none;\">public transport<\/a>, you can get to the park by&nbsp;<a href=\"https:\/\/antalyatouristinformation.com\/d\/public-transport\/dolmus\/\" style=\"outline: none;\">Dolmu\u015f<\/a>. It brings visitors from further away to the vicinity of the park. For this, it is best to get off at the bay of Kemer or the marina.<\/li>\n<\/ul>\n<p><span><img decoding=\"async\" alt=\"Yoruk Park in Kemer in Turkey\" data-id=\"5208\" width=\"702\" data-init-width=\"1000\" height=\"468\" data-init-height=\"667\" title=\"Yoruk Park in Kemer in Turkey\" src=\"https:\/\/antalyatouristinformation.com\/d\/wp-content\/uploads\/sites\/9\/2021\/04\/Yoruk-Park-in-Kemer-in-Turkey-3.jpg\" data-width=\"702\" data-height=\"468\" loading=\"lazy\"><\/span><\/p>\n<h2>History of the Y\u00f6r\u00fck Park<\/h2>\n<p>Y\u00f6r\u00fck Park was founded in 1982 with the aim of making the life and history of the Y\u00f6r\u00fck people accessible to a large public.<\/p>\n<p>In addition, the park was intended to serve as a quiet and natural retreat in downtown Kemer.<\/p>\n<p>Since then, Y\u00f6r\u00fck Park has become an alternative <a href=\"https:\/\/antalyatouristinformation.com\/d\/things-to-do\/attraction\/\">attraction <\/a>for locals and tourists alike. School classes in particular visit Y\u00f6r\u00fck Park to learn about the local nomadic people.<\/p>\n<h2 style=\"\">Contact<\/h2>\n<ul>\n<li><span style=\"\"><strong>Address:&nbsp;<\/strong>Folklorik Y\u00f6r\u00fck Park\u0131 Kemer\/Antalya<\/span><\/li>\n<li><span style=\"\"><strong>Opening Hours:&nbsp;<\/strong>During the summer months from<strong>&nbsp;<\/strong>09.00 AM to 08.00 PM. During the winter months from<strong> <\/strong>09.00 AM to 07.00 PM<\/span><\/li>\n<li><span style=\"\"><strong>Public Transport:&nbsp;<\/strong>Dolmu\u015f direction to the marina or the bay of Kemer<\/span><\/li>\n<li style=\"\"><span style=\"\"><strong>Website:&nbsp;<\/strong><a href=\"http:\/\/www.yorukparki.com.tr\/\" style=\"outline: none;\">Yorukparki.com.tr<\/a><\/span><\/li>\n<\/ul>\n","protected":false},"excerpt":{"rendered":"<p>If you are in Antalya or in Kemer, would you like to change your scenery for a day, fill your stomach with good food and learn about a special local community ? We found you the perfect place ! Y\u00f6r\u00fck Park in Kemer ! It is an open-air museum about the history of the place [&hellip;]<\/p>\n","protected":false},"author":5,"featured_media":5204,"parent":117,"menu_order":0,"comment_status":"open","ping_status":"closed","template":"","meta":{"_acf_changed":false,"footnotes":""},"categories":[],"tags":[36],"class_list":["post-263","page","type-page","status-publish","has-post-thumbnail","hentry","tag-attraction","post-wrapper","thrv_wrapper"],"acf":[],"wp-worthy-pixel":{"ignored":false,"public":null,"server":null,"url":null},"wp-worthy-type":"normal","_links":{"self":[{"href":"https:\/\/antalyatouristinformation.com\/d\/wp-json\/wp\/v2\/pages\/263","targetHints":{"allow":["GET"]}}],"collection":[{"href":"https:\/\/antalyatouristinformation.com\/d\/wp-json\/wp\/v2\/pages"}],"about":[{"href":"https:\/\/antalyatouristinformation.com\/d\/wp-json\/wp\/v2\/types\/page"}],"author":[{"embeddable":true,"href":"https:\/\/antalyatouristinformation.com\/d\/wp-json\/wp\/v2\/users\/5"}],"replies":[{"embeddable":true,"href":"https:\/\/antalyatouristinformation.com\/d\/wp-json\/wp\/v2\/comments?post=263"}],"version-history":[{"count":31,"href":"https:\/\/antalyatouristinformation.com\/d\/wp-json\/wp\/v2\/pages\/263\/revisions"}],"predecessor-version":[{"id":11018,"href":"https:\/\/antalyatouristinformation.com\/d\/wp-json\/wp\/v2\/pages\/263\/revisions\/11018"}],"up":[{"embeddable":true,"href":"https:\/\/antalyatouristinformation.com\/d\/wp-json\/wp\/v2\/pages\/117"}],"wp:featuredmedia":[{"embeddable":true,"href":"https:\/\/antalyatouristinformation.com\/d\/wp-json\/wp\/v2\/media\/5204"}],"wp:attachment":[{"href":"https:\/\/antalyatouristinformation.com\/d\/wp-json\/wp\/v2\/media?parent=263"}],"wp:term":[{"taxonomy":"category","embeddable":true,"href":"https:\/\/antalyatouristinformation.com\/d\/wp-json\/wp\/v2\/categories?post=263"},{"taxonomy":"post_tag","embeddable":true,"href":"https:\/\/antalyatouristinformation.com\/d\/wp-json\/wp\/v2\/tags?post=263"}],"curies":[{"name":"wp","href":"https:\/\/api.w.org\/{rel}","templated":true}]}}