{"id":2693,"date":"2021-04-12T14:58:00","date_gmt":"2021-04-12T12:58:00","guid":{"rendered":"http:\/\/antalyatouristinformation.com\/d\/?page_id=2693"},"modified":"2021-06-20T13:48:28","modified_gmt":"2021-06-20T11:48:28","slug":"antalya-city","status":"publish","type":"page","link":"https:\/\/antalyatouristinformation.com\/d\/shopping\/bazaar\/antalya-city\/","title":{"rendered":"Best Markets and Bazaars in the City of Antalya"},"content":{"rendered":"<p>In Antalya, <strong>a weekly market is held in almost all neighborhoods<\/strong>, where locals buy fresh fruits and vegetables, spices, and much more. In addition, there are <strong>fixed markets<\/strong> that are open throughout the week.&nbsp;<\/p>\n<p>In total, there are <strong>over 80 markets in Antalya<\/strong>.<\/p>\n<p>Here we have put together a small selection of the best markets and bazaars to visit in Antalya, for the best shopping experience.<\/p>\n<p>Before starting, keep in mind that we also have articles about <a href=\"https:\/\/antalyatouristinformation.com\/d\/shopping\/souvenir\" style=\"outline: none;\">souvenirs to bring home from Antalya<\/a> and a <a href=\"https:\/\/antalyatouristinformation.com\/d\/shopping\/shopping-guide\/\" style=\"outline: none;\">shopping guide for Antalya<\/a>.<\/p>\n<h2 id=\"t-1619708020116\">1. Bazaar Near the Clock Tower<\/h2>\n<p><span><img decoding=\"async\" alt=\"Antalya clock tower at Republic Square\" data-id=\"4530\" width=\"702\" data-init-width=\"1000\" height=\"468\" data-init-height=\"667\" title=\"Antalya clock tower at Republic Square\" loading=\"lazy\" src=\"https:\/\/antalyatouristinformation.com\/d\/wp-content\/uploads\/sites\/9\/2021\/04\/Antalya-clock-tower-at-Republic-Square.jpg\" data-width=\"702\" data-height=\"468\" data-pinpro-key=\"5ys73wi36\"><\/span><\/p>\n<p>The large covered bazaar near the clock tower offers everything you would expect to find in an oriental market, including souvenirs, Turkish honey, imitation bags, clothing, spices, and much more.<\/p>\n<p>Loudly shouting, the merchants praise their goods. Duplicates of famous brands are sold here also. The atmosphere alone is worth a visit. Trading is allowed and even wanted here. Its central location makes the bazaar particularly popular.<\/p>\n<h2 id=\"t-1619708020117\">2. Kalei\u00e7i<\/h2>\n<p><span><img decoding=\"async\" alt=\"Antalya Kaleici (Editorial)\" data-id=\"4532\" width=\"702\" data-init-width=\"1000\" height=\"468\" data-init-height=\"667\" title=\"Antalya Kaleici (Editorial)\" loading=\"lazy\" src=\"https:\/\/antalyatouristinformation.com\/d\/wp-content\/uploads\/sites\/9\/2021\/04\/Antalya-Kaleici-Editorial.jpg\" data-width=\"702\" data-height=\"468\" data-pinpro-key=\"45ln1dq0u\"><\/span><\/p>\n<p>Kalei\u00e7i is not a bazaar in the strictest sense, but the atmosphere is the same. In the old town of Antalya, you can find one souvenir store after another along the narrow cobblestone streets. Antiques, paintings, and high-quality carpets are also sold here. The houses themselves are worth seeing, some dating back to the Ottoman era. It seems as if time has stopped here.<\/p>\n<h2 id=\"t-1619708020118\">3. Saturday Bazaar in Lara<\/h2>\n<p>Every Saturday a market is held in the Lara district. Fresh fruits and vegetables, cheese, spices, souvenirs, and clothes are sold in this bazaar. Fresh and dried herbs are also on sale. Partly, the market is a little reminiscent of a flea market, second-hand clothes can be found too. It&#8217;s one of the largest clothing markets in Antalya.<\/p>\n<p>Various food stalls invite you to snack, especially recommended is G\u00f6zleme, which is made of thin, flat bread filled with feta cheese, spinach, potatoes, and minced meat.&nbsp;<\/p>\n<p>From the bus stop at Sinano\u011flu and \u0130smet G\u00f6k\u015fen Caddesi it&#8217;s about a five minute walk.<\/p>\n<h2 id=\"t-1619708020119\">4. Antalya Bazaar<\/h2>\n<p><span><img decoding=\"async\" alt=\"Clock Tower in Antalya in Turkey (Editorial)\" data-id=\"2163\" width=\"702\" data-init-width=\"1000\" height=\"468\" data-init-height=\"667\" title=\"Clock Tower in Antalya in Turkey (Editorial)\" loading=\"lazy\" src=\"https:\/\/antalyatouristinformation.com\/d\/wp-content\/uploads\/sites\/9\/2021\/04\/Clock-Tower-in-Antalya-in-Turkey.jpg\" data-width=\"702\" data-height=\"468\" data-pinpro-key=\"so3i8r4qd\"><\/span><\/p>\n<p>At this market, which is open all week, you can find everything your heart desires. Souvenirs, leather goods, gifts, spices, clothing, and much more is waiting for you here. Also, a lot of cheap stuff is offered. The dealers are usually happy to haggle over the price and make some jokes.&nbsp;<\/p>\n<p>The bazaar is partially covered and is located in the center of Antalya, which makes it very popular with visitors.<\/p>\n<p>You might also stroll through the small alley right next to the market, where coppersmiths are located and still produce their goods as they did a hundred years ago. Plates, pots, and tea trays are in high demand.<\/p>\n<h2 id=\"t-1619708020120\">5. Orient Bazaar<\/h2>\n<p>Not far from the Antalya Bazaar in the southern foothills of Kalei\u00e7i, the old town of Antalya, is the Orient Bazaar, which is open all week. It is not a bazaar in the truest sense of the word, but numerous, often tiny stores line up and display their wares on the small streets. Handcrafts are sold here, as well as hand-knotted carpets, which are valued by the number of knots per square centimeter, and also woven kilim carpets are offered here. Even those who do not want to buy a carpet shouldn&#8217;t miss the atmosphere.<\/p>\n<h2 id=\"t-1619708020121\">6. \u00c7a\u011flayan Bazaar<\/h2>\n<p>The \u00c7a\u011flayan Bazaar is located in southeast Antalya and is a farmers market. Local producers sell their products here every Monday. Since the market is a bit away from the major tourist attractions, it provides an original shopping experience. There is no haggling here, you pay what the merchants say. On offer are fresh fruits and vegetables from the area, fish, olives, herbs, and the like.<\/p>\n<p>The market is about a three-minute walk from the &#8220;Bar\u0131naklar&#8221; bus stop and about a seven-minute walk from the &#8220;B\u00fclent Ecevit Bulvar\u0131&#8221; bus stop.&nbsp;<\/p>\n<h2 id=\"t-1619708020122\">7. Spice Market<\/h2>\n<p><span><img decoding=\"async\" alt=\"\" data-id=\"2743\" width=\"1000\" data-init-width=\"1000\" height=\"670\" data-init-height=\"670\" title=\"manavgat local market in antalya\" loading=\"lazy\" src=\"\/\/antalyatouristinformation.com\/d\/wp-content\/uploads\/sites\/9\/2021\/04\/manavgat-local-market-in-antalya.jpg\" data-width=\"1000\" data-height=\"670\" data-pinpro-key=\"m8whk3noo\"><\/span><\/p>\n<p>Fresh herbs and spices are very popular in Turkey and are used in almost every dish. So it&#8217;s no wonder that almost all markets also sell spices. In addition, dried fruits, nuts, teas, and dried herbs are often offered. Fresh saffron can also be found in almost every market.&nbsp;<\/p>\n<p>The spice market in Manavgat, near Side, is particularly famous.<\/p>\n<p>Now you are set to go shopping. If you want more information about shopping in Antalya, you can have a look at these:<\/p>\n<ul>\n<li><a href=\"https:\/\/antalyatouristinformation.com\/d\/shopping\/shopping-guide\/\" style=\"outline: none;\">Complete Guide to Shopping in Antalya<\/a><\/li>\n<li><a href=\"https:\/\/antalyatouristinformation.com\/d\/shopping\/shopping-center\/\" style=\"outline: none;\">Shopping Centers in Antalya<\/a><\/li>\n<li><a href=\"https:\/\/antalyatouristinformation.com\/d\/shopping\/souvenir\" style=\"outline: none;\">20 Souvenirs Ideas to Buy from Antalya<\/a><\/li>\n<li><a href=\"https:\/\/antalyatouristinformation.com\/d\/shopping\/basar\/manavgat\/\" style=\"outline: none;\">Guide to the Famous Manavgat Shopping Bazaar<\/a><\/li>\n<\/ul>\n<p style=\"text-align: center;\"><a href=\"https:\/\/www.google.com\/maps\/d\/u\/1\/viewer?hl=tr&amp;mid=1WNxf4M7NT8MIosu55DnYYC1X6Z3QhV7U&amp;ll=36.888224129582106%2C30.697013050000024&amp;z=16\" target=\"_blank\" style=\"outline: none;\" rel=\"noopener\">(Link to the map)<\/a><\/p>\n","protected":false},"excerpt":{"rendered":"<p>In Antalya, a weekly market is held in almost all neighborhoods, where locals buy fresh fruits and vegetables, spices, and much more. In addition, there are fixed markets that are open throughout the week.&nbsp; In total, there are over 80 markets in Antalya. Here we have put together a small selection of the best markets [&hellip;]<\/p>\n","protected":false},"author":6,"featured_media":10132,"parent":3293,"menu_order":0,"comment_status":"open","ping_status":"closed","template":"","meta":{"_acf_changed":false,"footnotes":""},"categories":[],"tags":[34],"class_list":["post-2693","page","type-page","status-publish","has-post-thumbnail","hentry","tag-shopping","post-wrapper","thrv_wrapper"],"acf":[],"wp-worthy-pixel":{"ignored":false,"public":null,"server":null,"url":null},"wp-worthy-type":"normal","_links":{"self":[{"href":"https:\/\/antalyatouristinformation.com\/d\/wp-json\/wp\/v2\/pages\/2693","targetHints":{"allow":["GET"]}}],"collection":[{"href":"https:\/\/antalyatouristinformation.com\/d\/wp-json\/wp\/v2\/pages"}],"about":[{"href":"https:\/\/antalyatouristinformation.com\/d\/wp-json\/wp\/v2\/types\/page"}],"author":[{"embeddable":true,"href":"https:\/\/antalyatouristinformation.com\/d\/wp-json\/wp\/v2\/users\/6"}],"replies":[{"embeddable":true,"href":"https:\/\/antalyatouristinformation.com\/d\/wp-json\/wp\/v2\/comments?post=2693"}],"version-history":[{"count":31,"href":"https:\/\/antalyatouristinformation.com\/d\/wp-json\/wp\/v2\/pages\/2693\/revisions"}],"predecessor-version":[{"id":10834,"href":"https:\/\/antalyatouristinformation.com\/d\/wp-json\/wp\/v2\/pages\/2693\/revisions\/10834"}],"up":[{"embeddable":true,"href":"https:\/\/antalyatouristinformation.com\/d\/wp-json\/wp\/v2\/pages\/3293"}],"wp:featuredmedia":[{"embeddable":true,"href":"https:\/\/antalyatouristinformation.com\/d\/wp-json\/wp\/v2\/media\/10132"}],"wp:attachment":[{"href":"https:\/\/antalyatouristinformation.com\/d\/wp-json\/wp\/v2\/media?parent=2693"}],"wp:term":[{"taxonomy":"category","embeddable":true,"href":"https:\/\/antalyatouristinformation.com\/d\/wp-json\/wp\/v2\/categories?post=2693"},{"taxonomy":"post_tag","embeddable":true,"href":"https:\/\/antalyatouristinformation.com\/d\/wp-json\/wp\/v2\/tags?post=2693"}],"curies":[{"name":"wp","href":"https:\/\/api.w.org\/{rel}","templated":true}]}}