{"id":271,"date":"2021-02-15T13:48:29","date_gmt":"2021-02-15T12:48:29","guid":{"rendered":"http:\/\/antalyatouristinformation.com\/d\/?page_id=271"},"modified":"2021-06-16T10:12:10","modified_gmt":"2021-06-16T08:12:10","slug":"koprulu","status":"publish","type":"page","link":"https:\/\/antalyatouristinformation.com\/d\/things-to-do\/canyon\/koprulu\/","title":{"rendered":"Visit K\u00f6pr\u00fcl\u00fc Canyon in Antalya: Access and Tips"},"content":{"rendered":"<p>Have you rafted in a boat drifting in ice-cold water? If you haven&#8217;t tried yet, don&#8217;t miss K\u00f6pr\u00fcl\u00fc Canyon! You will have the most amazing and refreshing experience possible.<\/p>\n<p>K\u00f6pr\u00fcl\u00fc Canyon is one of the popular attractions in Antalya and gathers hundreds of tourists every day in the summer.<\/p>\n<p>In this article, you will find all the information you should know before visiting K\u00f6pr\u00fcl\u00fc Canyon, including tips about how to access, tours, and tickets to this national park.<\/p>\n<p><span><img decoding=\"async\" alt=\"\" data-id=\"1340\" width=\"702\" data-init-width=\"1000\" height=\"471\" data-init-height=\"670\" title=\"rafting at K\u00f6pr\u00fcl\u00fc Kanyon in Antalya\" loading=\"lazy\" src=\"\/\/antalyatouristinformation.com\/d\/wp-content\/uploads\/sites\/9\/2021\/03\/rafting-at-Koepruelue-Kanyon-in-Antalya.jpg\" data-width=\"702\" data-height=\"471\" data-pinpro-key=\"nd3sgxdhg\" data-pin-media=\"https:\/\/antalyatouristinformation.com\/d\/wp-content\/uploads\/sites\/9\/2021\/06\/prag_50_sehenswuerdigkeiten_pinterest-20-2.jpg\" data-pin-description=\"Visit K\u00f6pr\u00fcl\u00fc Canyon in Antalya | Antalya Tourist Information\" data-pin-url=\"https:\/\/antalyatouristinformation.com\/d\/things-to-do\/canyon\/koprulu\/?tve=true&amp;tcbf=8a45bbc0ac\"><\/span><\/p>\n<h2 id=\"t-1619791917621\" data-alt-text=\"What Can I Do in K\u00f6pr\u00fcl\u00fc Canyon?\">What Can I Do in K\u00f6pr\u00fcl\u00fc Canyon?<\/h2>\n<p><span lang=\"en\"> <\/span>Rafting is the most popular activity in K\u00f6pr\u00fcl\u00fc Canyon.&nbsp;<span lang=\"en\"><span data-language-for-alternatives=\"en\" data-language-to-translate-into=\"tr\" data-phrase-index=\"1\">Apart from rafting, you can explore the region by trekking to take in the historical and natural texture of the region. You should definitely see the stone bridges that the canyon gets its name&nbsp;<\/span><\/span><span lang=\"en\"><span data-language-for-alternatives=\"en\" data-language-to-translate-into=\"tr\" data-phrase-index=\"1\">from. K\u00f6pr\u00fcl\u00fc Canyon is also great if you are interested in other sports such as horseback riding, safaris, and camping.<\/span><\/span><\/p>\n<p><strong>Selge Ancient City:&nbsp;<\/strong><span lang=\"en\"><span data-language-for-alternatives=\"en\" data-language-to-translate-into=\"tr\" data-phrase-index=\"0\">In the upper part of the K\u00f6pr\u00fcl\u00fc Canyon National Park are the ruins of the ancient city of Selge.<\/span><\/span><span lang=\"en\"><span data-language-for-alternatives=\"en\" data-language-to-translate-into=\"tr\" data-phrase-index=\"0\">K\u00f6pr\u00fcl\u00fc Canyon was the source of life for this ancient city. To get to Selge, you will need to cross Oluk bridge and drive about 13 km.&nbsp;<\/span><\/span>As you drive up, a magnificent view is waiting for you. Below, you can see the entrance to K\u00f6pr\u00fcl\u00fc Canyon, the valley covered with forests, and Toka Mountain.<\/p>\n<p><strong>Oluk Bridge:<\/strong> There is a Roman bridge at the entrance of the canyon, which is thought to have been built in the 2nd century, during the heyday of Selge. Oluk bridge, was formerly known as Eurymedon.<\/p>\n<p>There is another bridge nearby named B\u00fc\u011fr\u00fcm bridge. The area around this bridge is ideal for a picnic.&nbsp;<\/p>\n<p><strong>K\u00f6pr\u00fc\u00e7ay: <\/strong>Similar to other streams in the region, K\u00f6pr\u00fc\u00e7ay has cool water in the summer and its possible to go for a swim. The flowing water temperature is around 9 degrees at the part closest to the source in K\u00f6pr\u00fcl\u00fc Canyon, and it does not differ much in the summer or winter. Although, when you move away from the source, in the heat of the summer months, the temperature of the water rises to 15 degrees.<\/p>\n<p><strong>Rafting at K\u00f6pr\u00fc\u00e7ay: <\/strong>Rafting in ice-cold spring water in the scorching heat of the summer is a wonderful experience! K\u00f6pr\u00fc\u00e7ay hosts water sports eight months of the year. The best route for rafting is on K\u00f6pr\u00fc\u00e7ay, where many travel agencies organize rafting tours. Boots, shovels, lifejackets, and helmets are provided for these tours. The 12 km long rafting route consists of various difficulty levels. 8-10 people can easily fit in one rafting boat. Apart from that, there are also kayaking boats that can hold two people.<\/p>\n<p><strong>Jeep Safari at K\u00f6pr\u00fcl\u00fc Canyon:<\/strong> Trekking and Jeep safari tours are organized to explore the villages around the area in an adventurous way. Jeep Safari routes are mostly on dirt roads known as off-road and mountainous terrain.<\/p>\n<p><strong>Camping in K\u00f6pr\u00fcl\u00fc Canyon: <\/strong>The National Park offers a peaceful place for camping by the river, shaded by trees. Also, if you prefer, there are bungalow on the banks of K\u00f6pr\u00fc\u00e7ay. WC, hot shower, and electricity are provided in the camping area.<\/p>\n<p><span><img decoding=\"async\" alt=\"\" data-id=\"4903\" width=\"702\" data-init-width=\"1000\" height=\"471\" data-init-height=\"670\" title=\"taz\u0131 canyon in antalya in turkey\" loading=\"lazy\" src=\"https:\/\/antalyatouristinformation.com\/d\/wp-content\/uploads\/sites\/9\/2021\/04\/tazi-canyon-in-antalya-in-turkey-1.jpg\" data-width=\"702\" data-height=\"471\" data-pinpro-key=\"rx6jag8td\" data-pin-media=\"https:\/\/antalyatouristinformation.com\/d\/wp-content\/uploads\/sites\/9\/2021\/06\/prag_50_sehenswuerdigkeiten_pinterest-20-2.jpg\" data-pin-description=\"Visit K\u00f6pr\u00fcl\u00fc Canyon in Antalya | Antalya Tourist Information\" data-pin-url=\"https:\/\/antalyatouristinformation.com\/d\/things-to-do\/canyon\/koprulu\/?tve=true&amp;tcbf=8a45bbc0ac\"><\/span><\/p>\n<h2 id=\"t-1619791917622\" data-alt-text=\"Taz\u0131 Canyon \">Taz\u0131 Canyon in K\u00f6pr\u00fcl\u00fc Canyon (Eagles Canyon)<\/h2>\n<p>Taz\u0131 Canyon is in K\u00f6pr\u00fcl\u00fc Canyon National Park.<\/p>\n<p>Taz\u0131 Canyon is a natural canyon formed by streams and it has become very trendy in recent years from all the posts on social media. Wisdom Valley in Taz\u0131 Canyon is gradually becoming a popular destination for camping as well. You need to walk about 11 km across steep rocks, high in the mountains to reach Taz\u0131 Canyon. Photography and nature lovers will admire the various angles of the canyon and marvelous view of K\u00f6pr\u00fc\u00e7ay stream. Taz\u0131 Canyon is very rich in biodiversity, with many species of plants and animals.&nbsp;<\/p>\n<p>Although the cliff view is breathtaking, there are no security measures here. Because of this, you need to be very careful when taking pictures.<\/p>\n<p><span><img decoding=\"async\" alt=\"\" data-id=\"1343\" width=\"702\" data-init-width=\"1000\" height=\"471\" data-init-height=\"670\" title=\"k\u00f6pr\u00fcl\u00fckanyon national park in antalya in turkey\" loading=\"lazy\" src=\"\/\/antalyatouristinformation.com\/d\/wp-content\/uploads\/sites\/9\/2021\/03\/koeprueluekanyon-national-park-in-antalya-in-turkey.jpg\" data-width=\"702\" data-height=\"471\" data-pinpro-key=\"pl45dxl7o\" data-pin-media=\"https:\/\/antalyatouristinformation.com\/d\/wp-content\/uploads\/sites\/9\/2021\/06\/prag_50_sehenswuerdigkeiten_pinterest-20-2.jpg\" data-pin-description=\"Visit K\u00f6pr\u00fcl\u00fc Canyon in Antalya | Antalya Tourist Information\" data-pin-url=\"https:\/\/antalyatouristinformation.com\/d\/things-to-do\/canyon\/koprulu\/?tve=true&amp;tcbf=8a45bbc0ac\"><\/span><\/p>\n<h2 id=\"t-1619791917623\">Entrance, Tickets, and Tours<\/h2>\n<ul>\n<li style=\"\"><span style=\"\"><strong>Tickets:<\/strong> Entry to K\u00f6pr\u00fcl\u00fc Canyon National Park is free.<\/span><\/li>\n<li><span style=\"\"><strong>Tours: <\/strong>Many local travel agencies organize daily tours to K\u00f6pr\u00fcl\u00fc Canyon. This is the easiest way to explore the canyon and get back to city if you don&#8217;t have a private vehicle.&nbsp;<\/span><\/li>\n<\/ul>\n<ul>\n<li><span style=\"\"><strong>Tip:<\/strong> To book amusement parks, museums, and tour tickets in advance of your trip to the Antalya region, don&#8217;t hesitate to check out the deals in our official shop.<\/span><\/li>\n<\/ul>\n<p><span><img decoding=\"async\" alt=\"\" data-id=\"1342\" width=\"702\" data-init-width=\"1000\" height=\"471\" data-init-height=\"670\" title=\"k\u00f6pr\u00fcl\u00fc kanyon in antalya\" loading=\"lazy\" src=\"\/\/antalyatouristinformation.com\/d\/wp-content\/uploads\/sites\/9\/2021\/03\/koepruelue-kanyon-in-antalya.jpg\" data-width=\"702\" data-height=\"471\" data-pinpro-key=\"w696kmevi\" data-pin-media=\"https:\/\/antalyatouristinformation.com\/d\/wp-content\/uploads\/sites\/9\/2021\/06\/prag_50_sehenswuerdigkeiten_pinterest-20-2.jpg\" data-pin-description=\"Visit K\u00f6pr\u00fcl\u00fc Canyon in Antalya | Antalya Tourist Information\" data-pin-url=\"https:\/\/antalyatouristinformation.com\/d\/things-to-do\/canyon\/koprulu\/?tve=true&amp;tcbf=8a45bbc0ac\"><\/span><\/p>\n<h2 id=\"t-1619791917624\">How to Get to K\u00f6pr\u00fcl\u00fc Canyon<\/h2>\n<p>K\u00f6pr\u00fcl\u00fc Canyon National Park is 63 km north west of Manavgat and 85 km north east of Antalya. Be\u015fkonak is in the center of K\u00f6p\u00fcl\u00fc Canyon National Park. It is 80 km away from the center of Antalya.<\/p>\n<p><strong>Daily Tours:<\/strong> Many local travel agencies organize daily tours to K\u00f6pr\u00fcl\u00fc Canyon. This is the easiest way to explore the canyon and get back to city if you don&#8217;t have a private vehicle. Agencies that organize these tours from holiday destinations such as Antalya, Side, Manavgat, and Kemer and offer shuttle services that are included in the tour.<\/p>\n<p><strong>Bus:&nbsp;<\/strong>Take the bus to Manavgat or Alanya and get off at the K\u00f6pr\u00fcl\u00fc Canyon &#8211; Be\u015fkonak turnout. You can take the Be\u015fkonak village minibus to reach K\u00f6pr\u00fcl\u00fc Canyon from here.<\/p>\n<p><span><img decoding=\"async\" alt=\"K\u00f6pr\u00fcl\u00fc Canyon in Antalya in Turkey\" data-id=\"1344\" width=\"702\" data-init-width=\"1000\" height=\"470\" data-init-height=\"670\" title=\"K\u00f6pr\u00fcl\u00fc Canyon in Antalya in Turkey\" loading=\"lazy\" src=\"https:\/\/antalyatouristinformation.com\/d\/wp-content\/uploads\/sites\/9\/2021\/03\/shutterstock_1937866726.jpg\" data-width=\"702\" data-height=\"470\" style=\"\" data-pinpro-key=\"9wjaz6oxr\" data-pin-media=\"https:\/\/antalyatouristinformation.com\/d\/wp-content\/uploads\/sites\/9\/2021\/06\/prag_50_sehenswuerdigkeiten_pinterest-20-2.jpg\" data-pin-description=\"Visit K\u00f6pr\u00fcl\u00fc Canyon in Antalya | Antalya Tourist Information\" data-pin-url=\"https:\/\/antalyatouristinformation.com\/d\/things-to-do\/canyon\/koprulu\/?tve=true&amp;tcbf=8a45bbc0ac\"><\/span><\/p>\n<h2 style=\"\" id=\"t-1619791917625\" data-alt-text=\"FAQ \">FAQ (Frequently Asked Questions)<\/h2>\n<p><span><img decoding=\"async\" alt=\"\" data-id=\"1341\" width=\"702\" data-init-width=\"1000\" height=\"471\" data-init-height=\"670\" title=\"k\u00f6pr\u00fcl\u00fc canyon in antalya in turkey\" loading=\"lazy\" src=\"\/\/antalyatouristinformation.com\/d\/wp-content\/uploads\/sites\/9\/2021\/03\/koepruelue-canyon-in-antalya-in-turkey.jpg\" data-width=\"702\" data-height=\"471\" data-pinpro-key=\"6mrpiz1ah\" data-pin-media=\"https:\/\/antalyatouristinformation.com\/d\/wp-content\/uploads\/sites\/9\/2021\/06\/prag_50_sehenswuerdigkeiten_pinterest-20-2.jpg\" data-pin-description=\"Visit K\u00f6pr\u00fcl\u00fc Canyon in Antalya | Antalya Tourist Information\" data-pin-url=\"https:\/\/antalyatouristinformation.com\/d\/things-to-do\/canyon\/koprulu\/?tve=true&amp;tcbf=8a45bbc0ac\"><\/span><\/p>\n<h2 id=\"t-1619791917626\">The History of K\u00f6pr\u00fcl\u00fc Canyon<\/h2>\n<p>K\u00f6pr\u00fcl\u00fc Canyon&#8217;s water source is from E\u011firdir lake. Geological structures that include clay, sandstone, conglomerate, and limestone slopes allowed the formation of different karstic landforms.&nbsp;<\/p>\n<p>There are deer, mountain goats, bears, foxes, wolves, rabbits, martens, and badgers living in K\u00f6pr\u00fcl\u00fc Canyon National Park. Red pine and scrub areas are common in the national park and the 400-hectare pure Mediterranean series forest is a unique botanical feature in the area. K\u00f6pr\u00fc\u00e7ay is the most popular rafting area in Turkey. It&#8217;s also famous for its fresh trout.<\/p>\n<p>K\u00f6pr\u00fcl\u00fc Canyon was declared a national park in 1973, after natural and cultural resources in the area were evaluated. The national park covers an area about 36,614 hectares.&nbsp;<\/p>\n<h2 style=\"\" id=\"t-1619791917627\">Contact<\/h2>\n<ul>\n<li><span style=\"\"><strong>Address:&nbsp;<\/strong>Bozyaka, 07550 Manavgat\/Antalya<\/span><\/li>\n<li><span style=\"\"><strong>Opening Hours:&nbsp;<\/strong><a href=\"http:\/\/koprulukanyon.tabiat.gov.tr\" target=\"_blank\" style=\"outline: none;\" rel=\"noopener\">Koprulukanyon.tabiat.gov.tr<\/a><\/span><\/li>\n<li><span style=\"\"><strong>Public Transport:<\/strong> Bus: Take the bus to Manavgat or Alanya and get off at the K\u00f6pr\u00fcl\u00fc Canyon &#8211; Be\u015fkonak turnout. You can take the Bekonak village minibus to reach K\u00f6pr\u00fcl\u00fc Canyon from here.<\/span><\/li>\n<li style=\"\"><span style=\"\"><strong>Web:&nbsp;<\/strong><a href=\"http:\/\/koprulukanyon.tabiat.gov.tr\" target=\"_blank\" style=\"outline: none;\" rel=\"noopener\">Koprulukanyon.tabiat.gov.tr<\/a><\/span><\/li>\n<\/ul>\n","protected":false},"excerpt":{"rendered":"<p>Have you rafted in a boat drifting in ice-cold water? If you haven&#8217;t tried yet, don&#8217;t miss K\u00f6pr\u00fcl\u00fc Canyon! You will have the most amazing and refreshing experience possible. K\u00f6pr\u00fcl\u00fc Canyon is one of the popular attractions in Antalya and gathers hundreds of tourists every day in the summer. In this article, you will find [&hellip;]<\/p>\n","protected":false},"author":4,"featured_media":1339,"parent":265,"menu_order":0,"comment_status":"open","ping_status":"closed","template":"","meta":{"_acf_changed":false,"footnotes":""},"categories":[],"tags":[40],"class_list":["post-271","page","type-page","status-publish","has-post-thumbnail","hentry","tag-canyon","post-wrapper","thrv_wrapper"],"acf":[],"wp-worthy-pixel":{"ignored":false,"public":null,"server":null,"url":null},"wp-worthy-type":"normal","_links":{"self":[{"href":"https:\/\/antalyatouristinformation.com\/d\/wp-json\/wp\/v2\/pages\/271","targetHints":{"allow":["GET"]}}],"collection":[{"href":"https:\/\/antalyatouristinformation.com\/d\/wp-json\/wp\/v2\/pages"}],"about":[{"href":"https:\/\/antalyatouristinformation.com\/d\/wp-json\/wp\/v2\/types\/page"}],"author":[{"embeddable":true,"href":"https:\/\/antalyatouristinformation.com\/d\/wp-json\/wp\/v2\/users\/4"}],"replies":[{"embeddable":true,"href":"https:\/\/antalyatouristinformation.com\/d\/wp-json\/wp\/v2\/comments?post=271"}],"version-history":[{"count":55,"href":"https:\/\/antalyatouristinformation.com\/d\/wp-json\/wp\/v2\/pages\/271\/revisions"}],"predecessor-version":[{"id":10497,"href":"https:\/\/antalyatouristinformation.com\/d\/wp-json\/wp\/v2\/pages\/271\/revisions\/10497"}],"up":[{"embeddable":true,"href":"https:\/\/antalyatouristinformation.com\/d\/wp-json\/wp\/v2\/pages\/265"}],"wp:featuredmedia":[{"embeddable":true,"href":"https:\/\/antalyatouristinformation.com\/d\/wp-json\/wp\/v2\/media\/1339"}],"wp:attachment":[{"href":"https:\/\/antalyatouristinformation.com\/d\/wp-json\/wp\/v2\/media?parent=271"}],"wp:term":[{"taxonomy":"category","embeddable":true,"href":"https:\/\/antalyatouristinformation.com\/d\/wp-json\/wp\/v2\/categories?post=271"},{"taxonomy":"post_tag","embeddable":true,"href":"https:\/\/antalyatouristinformation.com\/d\/wp-json\/wp\/v2\/tags?post=271"}],"curies":[{"name":"wp","href":"https:\/\/api.w.org\/{rel}","templated":true}]}}