{"id":273,"date":"2021-02-15T13:49:01","date_gmt":"2021-02-15T12:49:01","guid":{"rendered":"http:\/\/antalyatouristinformation.com\/d\/?page_id=273"},"modified":"2021-06-16T11:30:43","modified_gmt":"2021-06-16T09:30:43","slug":"goynuk-canyon","status":"publish","type":"page","link":"https:\/\/antalyatouristinformation.com\/d\/things-to-do\/canyon\/goynuk-canyon\/","title":{"rendered":"Guide to G\u00f6yn\u00fck Canyon in Kemer: Access, Hiking Trails, and Tips for Tourists"},"content":{"rendered":"<p>The Antalya region offers many breathtaking canyons for boat excursions or hiking activities, like <a href=\"https:\/\/antalyatouristinformation.com\/d\/things-to-do\/canyon\/green\" style=\"outline: none;\">Green Canyon<\/a>, <a href=\"https:\/\/antalyatouristinformation.com\/d\/things-to-do\/canyon\/sapadere\/\" style=\"outline: none;\">Sapadere Canyon<\/a>, and G\u00f6yn\u00fck Canyon.&nbsp;<\/p>\n<p>With its natural beauty, G\u00f6yn\u00fck Canyon in Kemer is a <strong>popular destination for hiking and canyoning in Antalya<\/strong>. It&#8217;s perfect for beginners and seasoned hikers and offers great natural scenery to explore.<\/p>\n<p>In this article, you will find all the important information you need for your trip to G\u00f6yn\u00fck Canyon in Antalya, including what to expect during your visit it, attractions in the area, helpful information on entrance fees, and how to get there.<\/p>\n<h2 id=\"t-1622450525178\" data-alt-text=\"What Can I Do in G\u00f6yn\u00fck?\">What Can I Do in G\u00f6yn\u00fck Canyon in Kemer?<\/h2>\n<p><span><img decoding=\"async\" alt=\"Goynuk Canyon in Antalya in Turkey\" data-id=\"5026\" width=\"702\" data-init-width=\"1000\" height=\"468\" data-init-height=\"667\" title=\"Goynuk Canyon in Antalya in Turkey\" src=\"https:\/\/antalyatouristinformation.com\/d\/wp-content\/uploads\/sites\/9\/2021\/04\/Goynuk-Canyon-in-Antalya-in-Turkey-1.jpg\" data-width=\"702\" data-height=\"468\" loading=\"lazy\" data-pinpro-key=\"np9p5da0q\" data-pin-media=\"https:\/\/antalyatouristinformation.com\/d\/wp-content\/uploads\/sites\/9\/2021\/06\/prag_50_sehenswuerdigkeiten_pinterest-12-3.jpg\" data-pin-description=\"Guide to G\u00f6yn\u00fck Canyon in Kemer | Antalya Tourist Information\" data-pin-url=\"https:\/\/antalyatouristinformation.com\/d\/things-to-do\/canyon\/goynuk-canyon\/?tve=true&amp;tcbf=8a45bbc0ac\"><\/span><\/p>\n<p>G\u00f6yn\u00fck Canyon will impress you with&nbsp;<strong>a wild river flowing through&nbsp;<\/strong><strong>idyllic nature<\/strong>, <strong>picturesque waterfalls,<\/strong> and a <strong>remarkable&nbsp;<a href=\"https:\/\/antalyatouristinformation.com\/d\/things-to-do\/canyon\/\" style=\"outline: none;\">canyon<\/a>.<\/strong><\/p>\n<p>The canyon is a kind of<strong>&nbsp;<\/strong>adventure park and offers several varied activities nearby. These include <strong>rafting, canyoning safari tours, paintball, and guided walking tours for a canyoning adventure.<\/strong><\/p>\n<p>If you want even more thrills, you can go on the <strong>zipline<\/strong>, which is 40 meters above the ground.<\/p>\n<p>However, it is also possible to explore an approximately<strong> 3 kilometer long trail <\/strong>in G\u00f6yn\u00fck Canyon on your own.<\/p>\n<h2 id=\"t-1622450525179\" data-alt-text=\"The Hiking Trail in G\u00f6yn\u00fck\">The Hiking Trail in G\u00f6yn\u00fck Canyon<\/h2>\n<p><span><img decoding=\"async\" alt=\"Goynuk Canyon in Antalya in Turkey\" data-id=\"5032\" width=\"702\" data-init-width=\"1000\" height=\"468\" data-init-height=\"667\" title=\"Goynuk Canyon in Antalya in Turkey\" loading=\"lazy\" src=\"https:\/\/antalyatouristinformation.com\/d\/wp-content\/uploads\/sites\/9\/2021\/04\/Goynuk-Canyon-in-Antalya-in-Turkey-6.jpg\" data-width=\"702\" data-height=\"468\" data-pinpro-key=\"l8t3rwzio\" data-pin-media=\"https:\/\/antalyatouristinformation.com\/d\/wp-content\/uploads\/sites\/9\/2021\/06\/prag_50_sehenswuerdigkeiten_pinterest-12-3.jpg\" data-pin-description=\"Guide to G\u00f6yn\u00fck Canyon in Kemer | Antalya Tourist Information\" data-pin-url=\"https:\/\/antalyatouristinformation.com\/d\/things-to-do\/canyon\/goynuk-canyon\/?tve=true&amp;tcbf=8a45bbc0ac\"><\/span><\/p>\n<p>A hiking trail leads along a gravel path to the end of the valley and into the canyon. You will be accompanied by the sound of the river, pine forests, and the song of the wind. It is not uncommon to meet salamanders here.<\/p>\n<p>In addition to like-minded hikers who have set out for G\u00f6yn\u00fck Canyon, you might also <strong>meet groups of hikers hiking the 510-meter &#8220;<a href=\"https:\/\/antalyatouristinformation.com\/d\/things-to-do\/attraction\/lycian-way\/\" style=\"outline: none;\">Lycian Way<\/a>&#8220;<\/strong> along the mountains of the Lycian Coast.<\/p>\n<p>After about one kilometer, you reach the <strong>highest point <\/strong>and also one of the<strong> most beautiful viewpoints<\/strong> on G\u00f6yn\u00fck Hiking Trail. You will recognize it by a wooden fountain right in front. The fountain offers fresh spring water. The bench next to it is a good place for a break with a stunning view of the river.<\/p>\n<p>Next, there is a <strong>2-kilometer trail that goes over a rather steep slope<\/strong>, leading to the canyon.<\/p>\n<p>The <strong>end of the hiking trail is marked by a cabin that stands by a picturesque lake<\/strong>. With guided hiking tours and appropriate equipment, the canyon itself can also approached from here.<\/p>\n<p>All other hikers can now take a well-deserved break at the lake. <strong>The crystal clear and ice cold water is a welcome refreshment on hot days<\/strong>. Snacks and beverages are sold at the cabin during the season.<\/p>\n<h2 id=\"t-1622450525180\">Restaurant in G\u00f6yn\u00fck Canyon<\/h2>\n<p><span><img decoding=\"async\" alt=\"Goynuk Canyon in Antalya in Turkey\" data-id=\"5031\" width=\"702\" data-init-width=\"1000\" height=\"468\" data-init-height=\"667\" title=\"Goynuk Canyon in Antalya in Turkey\" loading=\"lazy\" src=\"https:\/\/antalyatouristinformation.com\/d\/wp-content\/uploads\/sites\/9\/2021\/04\/Goynuk-Canyon-in-Antalya-in-Turkey-2.jpg\" data-width=\"702\" data-height=\"468\" data-pinpro-key=\"twruj8cj6\" data-pin-media=\"https:\/\/antalyatouristinformation.com\/d\/wp-content\/uploads\/sites\/9\/2021\/06\/prag_50_sehenswuerdigkeiten_pinterest-12-3.jpg\" data-pin-description=\"Guide to G\u00f6yn\u00fck Canyon in Kemer | Antalya Tourist Information\" data-pin-url=\"https:\/\/antalyatouristinformation.com\/d\/things-to-do\/canyon\/goynuk-canyon\/?tve=true&amp;tcbf=8a45bbc0ac\"><\/span><\/p>\n<p>At the entrance of G\u00f6yn\u00fck Canyon, you&#8217;ll come across a <strong>rustic restaurant<\/strong> with plenty of seating right on the lake.<\/p>\n<p>This is a great <strong>place to rest<\/strong> after the excursion and to regain your strength with typical Turkish barbecue dishes and snacks.<\/p>\n<h2 id=\"t-1622450525181\" data-alt-text=\"Attractions Close to G\u00f6yn\u00fck\">Attractions Close to G\u00f6yn\u00fck Canyon<\/h2>\n<p>You can combine the day trip to G\u00f6yn\u00fck with various other <a href=\"https:\/\/antalyatouristinformation.com\/d\/things-to-do\/attraction\/\" style=\"outline: none;\">attractions<\/a>.<\/p>\n<ul>\n<li>We recommend a trip to the <a href=\"https:\/\/antalyatouristinformation.com\/d\/things-to-do\/history\/olympos\/\" style=\"outline: none;\">ancient city of Olympos<\/a> near \u00c7iral\u0131, where you can admire ruins from ancient times and visit the idyllic <a href=\"https:\/\/antalyatouristinformation.com\/d\/things-to-do\/beach\/olympos\/\" style=\"outline: none;\">Olympos Beach<\/a>.<\/li>\n<li>In the immediate vicinity, in Kemer, there is <a href=\"https:\/\/antalyatouristinformation.com\/d\/things-to-do\/attraction\/dinopark\/\" style=\"outline: none;\">Dinopark <\/a>amusement park and the authentic <a href=\"https:\/\/antalyatouristinformation.com\/d\/things-to-do\/attraction\/yoruk-park\/\" style=\"outline: none;\">Y\u00f6r\u00fck Park<\/a>, dedicated to the history of the nomadic Y\u00f6r\u00fck people.<\/li>\n<li>A ride on the <a href=\"https:\/\/antalyatouristinformation.com\/d\/things-to-do\/attraction\/tahtali-teleferik\/\" style=\"outline: none;\">Tahtal\u0131 Teleferik Cable<\/a> car takes you to the 2,500 meter high Tahtal\u0131 Mountain with breathtaking views.<\/li>\n<\/ul>\n<p><span><img decoding=\"async\" alt=\"Goyn\u00fck Canyon in Antalya in Turkey by Thomas\" data-id=\"5649\" width=\"702\" data-init-width=\"1000\" height=\"468\" data-init-height=\"667\" title=\"Goyn\u00fck Canyon in Antalya in Turkey by Thomas\" loading=\"lazy\" src=\"https:\/\/antalyatouristinformation.com\/d\/wp-content\/uploads\/sites\/9\/2021\/05\/Goynuk-Canyon-in-Antalya-in-Turkey-4.jpg\" data-width=\"702\" data-height=\"468\" data-pinpro-key=\"qkftnjz4c\" data-pin-media=\"https:\/\/antalyatouristinformation.com\/d\/wp-content\/uploads\/sites\/9\/2021\/06\/prag_50_sehenswuerdigkeiten_pinterest-12-3.jpg\" data-pin-description=\"Guide to G\u00f6yn\u00fck Canyon in Kemer | Antalya Tourist Information\" data-pin-url=\"https:\/\/antalyatouristinformation.com\/d\/things-to-do\/canyon\/goynuk-canyon\/?tve=true&amp;tcbf=8a45bbc0ac\"><\/span><\/p>\n<h2 id=\"t-1622450525182\">Entrance, Tickets, and Tours<\/h2>\n<ul>\n<li><span style=\"\"><strong>Entrance:<\/strong> Entrance fees are charged to enter G\u00f6yn\u00fck Canyon.<\/span><\/li>\n<li style=\"\"><span style=\"\"><strong>Tickets:<\/strong> Tickets are available at the ticket office on site.<\/span><\/li>\n<li><span style=\"\"><strong>Tours: <\/strong>You can book canyoning tours and zipline adventures in G\u00f6yn\u00fck Canyon <a href=\"https:\/\/www.goynukcanyon.com\/en\/tours-en\/\" target=\"_blank\" style=\"outline: none;\" rel=\"noopener\">here<\/a>.<\/span><\/li>\n<\/ul>\n<ul>\n<li><span style=\"\"><strong>Tip:<\/strong> To book amusement parks, museums, and tour tickets in advance of your trip to the Antalya region, don&#8217;t hesitate to check out the deals in our official shop.<\/span><\/li>\n<\/ul>\n<p><span><img decoding=\"async\" alt=\"Goynuk Canyon in Antalya in Turkey\" data-id=\"5034\" width=\"702\" data-init-width=\"1000\" height=\"468\" data-init-height=\"667\" title=\"Goynuk Canyon in Antalya in Turkey\" src=\"https:\/\/antalyatouristinformation.com\/d\/wp-content\/uploads\/sites\/9\/2021\/04\/Goynuk-Canyon-in-Antalya-in-Turkey-3.jpg\" data-width=\"702\" data-height=\"468\" loading=\"lazy\" data-pinpro-key=\"7qa8nepc8\" data-pin-media=\"https:\/\/antalyatouristinformation.com\/d\/wp-content\/uploads\/sites\/9\/2021\/06\/prag_50_sehenswuerdigkeiten_pinterest-12-3.jpg\" data-pin-description=\"Guide to G\u00f6yn\u00fck Canyon in Kemer | Antalya Tourist Information\" data-pin-url=\"https:\/\/antalyatouristinformation.com\/d\/things-to-do\/canyon\/goynuk-canyon\/?tve=true&amp;tcbf=8a45bbc0ac\"><\/span><\/p>\n<h2 id=\"t-1622450525183\">How to Get to G\u00f6yn\u00fck Canyon<\/h2>\n<p>G\u00f6yn\u00fck Canyon is located in the town of G\u00f6yn\u00fck in the Kemer district of the Antalya Province.<\/p>\n<p>The easiest way to get there is by <a href=\"https:\/\/antalyatouristinformation.com\/d\/plan\/rent-a-car\/\" style=\"outline: none;\">rental car<\/a>. The D-400 highway towards Finike leads from Antalya to G\u00f6yn\u00fck Canyon. Take the signposted exit to &#8220;G\u00f6yn\u00fck-Beldibi&#8221;, not far from the bridge. There is parking at the entrance of the canyon.<\/p>\n<p>Traveling by<a href=\"https:\/\/antalyatouristinformation.com\/d\/public-transport\/\" style=\"outline: none;\"> public transport <\/a>is not highly recommended due to limited departure times. There are buses from G\u00f6yn\u00fck municipality to G\u00f6yn\u00fck Canyon once an hour.<\/p>\n<p><span><img decoding=\"async\" alt=\"Goynuk Canyon in Antalya in Turkey by Thomas\" data-id=\"5651\" width=\"702\" data-init-width=\"1000\" height=\"468\" data-init-height=\"667\" title=\"Goynuk Canyon in Antalya in Turkey by Thomas\" loading=\"lazy\" src=\"https:\/\/antalyatouristinformation.com\/d\/wp-content\/uploads\/sites\/9\/2021\/05\/Goynuk-Canyon-in-Antalya-in-Turkey-7.jpg\" data-width=\"702\" data-height=\"468\" data-pinpro-key=\"lr55k030h\" data-pin-media=\"https:\/\/antalyatouristinformation.com\/d\/wp-content\/uploads\/sites\/9\/2021\/06\/prag_50_sehenswuerdigkeiten_pinterest-12-3.jpg\" data-pin-description=\"Guide to G\u00f6yn\u00fck Canyon in Kemer | Antalya Tourist Information\" data-pin-url=\"https:\/\/antalyatouristinformation.com\/d\/things-to-do\/canyon\/goynuk-canyon\/?tve=true&amp;tcbf=8a45bbc0ac\"><\/span><\/p>\n<h2 style=\"\" id=\"t-1622450525184\" data-alt-text=\"Frequently Asked Questions\">FAQ (Frequently Asked Questions)<\/h2>\n<h2 style=\"\" id=\"t-1622450525185\">Contact<\/h2>\n<ul>\n<li><span style=\"\"><strong>Address :&nbsp;<\/strong>G\u00f6yn\u00fck Canyon, Beldibi Mahallesi, \u00c7omaklar Mevkii, No:73 G\u00f6yn\u00fck Kanyonu, 07982 Kemer\/Antalya<\/span><\/li>\n<li><span style=\"\"><strong>Opening Hours :&nbsp;<\/strong>For the lastest information about opening hours, please consult the official <a href=\"https:\/\/www.goynukcanyon.com\/en\/frequently-asked-questions\/\" target=\"_blank\" rel=\"noopener\">website<\/a>.<strong>&nbsp;<\/strong><\/span><\/li>\n<li><span style=\"\"><strong>Public Transport :&nbsp;<\/strong>Buses depart from G\u00f6yn\u00fck municipality to G\u00f6yn\u00fck Canyon once an hour<\/span><\/li>\n<li style=\"\"><span style=\"\"><strong>Website :&nbsp;<\/strong><strong><a href=\"https:\/\/www.goynukcanyon.com\/en\/home-en\/\" style=\"outline: none;\">Goynukcanyon.com<\/a><\/strong><\/span><\/li>\n<\/ul>\n","protected":false},"excerpt":{"rendered":"<p>The Antalya region offers many breathtaking canyons for boat excursions or hiking activities, like Green Canyon, Sapadere Canyon, and G\u00f6yn\u00fck Canyon.&nbsp; With its natural beauty, G\u00f6yn\u00fck Canyon in Kemer is a popular destination for hiking and canyoning in Antalya. It&#8217;s perfect for beginners and seasoned hikers and offers great natural scenery to explore. In this [&hellip;]<\/p>\n","protected":false},"author":5,"featured_media":5025,"parent":265,"menu_order":0,"comment_status":"open","ping_status":"closed","template":"","meta":{"_acf_changed":false,"footnotes":""},"categories":[],"tags":[40],"class_list":["post-273","page","type-page","status-publish","has-post-thumbnail","hentry","tag-canyon","post-wrapper","thrv_wrapper"],"acf":[],"wp-worthy-pixel":{"ignored":false,"public":null,"server":null,"url":null},"wp-worthy-type":"normal","_links":{"self":[{"href":"https:\/\/antalyatouristinformation.com\/d\/wp-json\/wp\/v2\/pages\/273","targetHints":{"allow":["GET"]}}],"collection":[{"href":"https:\/\/antalyatouristinformation.com\/d\/wp-json\/wp\/v2\/pages"}],"about":[{"href":"https:\/\/antalyatouristinformation.com\/d\/wp-json\/wp\/v2\/types\/page"}],"author":[{"embeddable":true,"href":"https:\/\/antalyatouristinformation.com\/d\/wp-json\/wp\/v2\/users\/5"}],"replies":[{"embeddable":true,"href":"https:\/\/antalyatouristinformation.com\/d\/wp-json\/wp\/v2\/comments?post=273"}],"version-history":[{"count":35,"href":"https:\/\/antalyatouristinformation.com\/d\/wp-json\/wp\/v2\/pages\/273\/revisions"}],"predecessor-version":[{"id":10532,"href":"https:\/\/antalyatouristinformation.com\/d\/wp-json\/wp\/v2\/pages\/273\/revisions\/10532"}],"up":[{"embeddable":true,"href":"https:\/\/antalyatouristinformation.com\/d\/wp-json\/wp\/v2\/pages\/265"}],"wp:featuredmedia":[{"embeddable":true,"href":"https:\/\/antalyatouristinformation.com\/d\/wp-json\/wp\/v2\/media\/5025"}],"wp:attachment":[{"href":"https:\/\/antalyatouristinformation.com\/d\/wp-json\/wp\/v2\/media?parent=273"}],"wp:term":[{"taxonomy":"category","embeddable":true,"href":"https:\/\/antalyatouristinformation.com\/d\/wp-json\/wp\/v2\/categories?post=273"},{"taxonomy":"post_tag","embeddable":true,"href":"https:\/\/antalyatouristinformation.com\/d\/wp-json\/wp\/v2\/tags?post=273"}],"curies":[{"name":"wp","href":"https:\/\/api.w.org\/{rel}","templated":true}]}}