{"id":296,"date":"2021-02-15T14:30:44","date_gmt":"2021-02-15T13:30:44","guid":{"rendered":"http:\/\/antalyatouristinformation.com\/d\/?page_id=296"},"modified":"2021-06-20T22:35:48","modified_gmt":"2021-06-20T20:35:48","slug":"yanartas-chimaera","status":"publish","type":"page","link":"https:\/\/antalyatouristinformation.com\/d\/things-to-do\/history\/yanartas-chimaera\/","title":{"rendered":"Visit Yanarta\u015f (Chimaera) in Olympos: Access, Tours, and History"},"content":{"rendered":"<p>Yanarta\u015f is about 1.5 km from C\u0131ral\u0131 in Kemer and approximately 55 km south of Antalya. It&#8217;s located on the <a href=\"https:\/\/antalyatouristinformation.com\/d\/things-to-do\/attraction\/lycian-way\/\" style=\"outline: none;\"><strong>Lycian Way<\/strong><\/a>, a popular trail for hikers and walkers.<\/p>\n<p>Yanartas, whose ancient name was &#8220;Khimera&#8221;, has always been a <strong>sacred place throughout history<\/strong>. It is generally believed that Yanarta\u015f is the <strong>ancient Mount Chimaera,<\/strong> where the Olympic fire was lit for the first time.<\/p>\n<p>In this article, we&#8217;ll share all the useful information you need to know before <strong>visiting Yanarta\u015f<\/strong> (Chimaera), including how to get there, tourist tips, history, and tours.<\/p>\n<p><span><img decoding=\"async\" alt=\"\u00e7\u0131ral\u0131 yanartas in Antalya in Turkey\" data-id=\"2604\" width=\"702\" data-init-width=\"1000\" height=\"470\" data-init-height=\"670\" title=\"\u00e7\u0131ral\u0131 yanartas in Antalya in Turkey\" loading=\"lazy\" src=\"https:\/\/antalyatouristinformation.com\/d\/wp-content\/uploads\/sites\/9\/2021\/04\/cirali-yanartas-milli-park-in-antalya-in-turkey.jpg\" data-width=\"702\" data-height=\"470\" style=\"\" data-pinpro-key=\"or8jk6ijw\"><\/span><\/p>\n<h2 id=\"t-1619455720574\" data-alt-text=\"What Can I Do in Yanarta\u015f?\">What Can I Do in Yanarta\u015f (Chimaera)?<\/h2>\n<p>There is a <strong>5th century church<\/strong> at the entrance of the site. Yanarta\u015f is at the top of the hill and can be reached from the entrance of the <strong>ruins with a slightly inclined pathway<\/strong> in about half an hour. This pathway is shaded by trees. From time to time you can stop and watch the beauty of the valley and the \u00c7\u0131ral\u0131 coast. The <strong>legendary volcanic field<\/strong> is worth the effort.<\/p>\n<p>What are some other activities in Yanarta\u015f?<\/p>\n<p><span><img decoding=\"async\" alt=\"Yanartas Chimaira in Cirali in Antalya in Turkey by Thomas\" data-id=\"5739\" width=\"702\" data-init-width=\"1000\" height=\"437\" data-init-height=\"623\" title=\"Yanartas Chimaira in Cirali in Antalya in Turkey by Thomas\" loading=\"lazy\" src=\"https:\/\/antalyatouristinformation.com\/d\/wp-content\/uploads\/sites\/9\/2021\/05\/Yanartas-Chimaira-in-Cirali-in-Antalya-in-Turkey-2.jpg\" data-width=\"702\" data-height=\"437\" data-pinpro-key=\"n0ue8yw2n\"><\/span><\/p>\n<h2 id=\"t-1619813083887\" data-alt-text=\"Eternal Flame of Yanarta\u015f\">Eternal Flame of Yanarta\u015f (Chimaera)<\/h2>\n<p>Yanarta\u015f has a <strong>permanent fire caused by methane emissions<\/strong>. This fire that never extinguishes in the large volcanic area has been burning since ancient times and is just 100 m. above the city ruins. &nbsp;<\/p>\n<p><strong>The Flames are created by cracks in a natural gas reservoir&nbsp;<\/strong>that reach the surface of the earth. These cracks were formed by earthquakes. The fire, which was once more powerful, later turned into more flames with less power. It is most impressive to watch the faint flames when it gets dark.<\/p>\n<p><span><img decoding=\"async\" alt=\"C\u0131ral\u0131 Yanartas in Antalya in Turkey in Turkey\" data-id=\"2604\" width=\"702\" data-init-width=\"1000\" height=\"470\" data-init-height=\"670\" title=\"C\u0131ral\u0131 Yanartas in Antalya in Turkey in Turkey\" loading=\"lazy\" src=\"https:\/\/antalyatouristinformation.com\/d\/wp-content\/uploads\/sites\/9\/2021\/04\/cirali-yanartas-milli-park-in-antalya-in-turkey.jpg\" data-width=\"702\" data-height=\"470\" data-pinpro-key=\"ftluvzh13\"><\/span><\/p>\n<h3>Temple of Hephaestus<\/h3>\n<p>Immediately below the fires are the<strong> remains of the Temple of Hephaestus<\/strong>, the Greek god who was associated with fire, through his role as the gods&#8217; blacksmith. <strong>Hephaistos was the chief god of the city of Olympos in the Roman Period.&nbsp;<\/strong>Hephaistos was the ugly and crippled son of Zeus and Hera in mythology. Ashamed of the child, Hera threw him down from the Mount Olympos.<\/p>\n<p>According to another legend, <strong>Hephaistos was thrown down the mountain and injured by Zeus<\/strong>, who was angry at him for taking his mother&#8217;s side in an argument. After that, Hephaistos was engaged in blacksmithing and improved himself, and began to make very valuable weapons and jewelry for many gods. He made a throne for his mother and brought it to Olympos. When Hera sat on this throne, the throne took her captive. Only when Zeus stepped in, Hephaestus finally released Hera and descended from Mount Olympos as the God of Blacksmiths.<\/p>\n<p>Some <strong>inscriptions and altar remains from&nbsp;<\/strong>this temple have survived to the present day, but a basilica was built over the temple in the Byzantine Period after the beginning of Christianity. There are also other structures from the Byzantine period in the region.&nbsp;<\/p>\n<p>The <strong>fountain structure<\/strong> from the Roman period is another important ruin. There are 2 more places where you can find fire is burning in the area.<\/p>\n<p><span><img decoding=\"async\" alt=\"Yanartas Chimaira in Cirali in Antalya in Turkey by Thomas\" data-id=\"5740\" width=\"702\" data-init-width=\"1000\" height=\"468\" data-init-height=\"667\" title=\"Yanartas Chimaira in Cirali in Antalya in Turkey by Thomas\" loading=\"lazy\" src=\"https:\/\/antalyatouristinformation.com\/d\/wp-content\/uploads\/sites\/9\/2021\/05\/Yanartas-Chimaira-in-Cirali-in-Antalya-in-Turkey-7.jpg\" data-width=\"702\" data-height=\"468\" data-pinpro-key=\"4tqm5c6rs\"><\/span><\/p>\n<h2 id=\"t-1619455720575\">Entrance, Tickets, and Tours<\/h2>\n<ul>\n<li><span style=\"\"><strong>Entrance:<\/strong> Yanarta\u015f can be visited day and night. Visiting hours may differ depending on the season.<\/span><\/li>\n<li style=\"\"><span style=\"\"><strong>Tickets:<\/strong> There is an entrance fee to visit <strong>Yanartas in Olympos National Park.<\/strong>&nbsp;It&#8217;s around 10 TL.<\/span><\/li>\n<\/ul>\n<ul>\n<li><span style=\"\"><strong>Tip:<\/strong> To book amusement parks, museums and tour tickets in advance for your trip in Antalya region, don&#8217;t hesitate to check our deals in our official shop:<\/span><\/li>\n<\/ul>\n<p><span><img decoding=\"async\" alt=\"Yanartas Chimaira in Cirali in Antalya in Turkey\" data-id=\"5040\" width=\"702\" data-init-width=\"1000\" height=\"468\" data-init-height=\"667\" title=\"Yanartas Chimaira in Cirali in Antalya in Turkey\" loading=\"lazy\" src=\"https:\/\/antalyatouristinformation.com\/d\/wp-content\/uploads\/sites\/9\/2021\/04\/Yanartas-Chimaira-in-Cirali-in-Antalya-in-Turkey-4.jpg\" data-width=\"702\" data-height=\"468\" data-pinpro-key=\"38gg2zcyg\"><\/span><\/p>\n<h2 id=\"t-1619455720576\" data-alt-text=\"How to Get to Yanarta\u015f\">How to Get to Yanarta\u015f (Chimaera)<\/h2>\n<p><strong>By Car:<\/strong> To reach Yanarta\u015f, you first need to get to<span style=\"text-decoration: underline;\">&nbsp;\u00c7\u0131ral\u0131<\/span>. It&#8217;s about 82 km from Antalya to \u00c7\u0131ral\u0131 and takes about 1.5 hours by private car. If you are going to \u00c7\u0131ral\u0131 from Kemer, it&#8217;s an average of 50 minutes travel time. The journey from Olympos to \u00c7\u0131ral\u0131 is about 30 minutes. In the direction of Kumluca, cross the bridge at the entrance to \u00c7\u0131ral\u0131, which is about 28 km from Kemer, and continue. When you pass the road that stretches between the hostels and orange groves for 3.5 km, you reach the beginning of the road leading to Yanarta\u015f. To <a href=\"https:\/\/antalyatouristinformation.com\/d\/plan\/rent-a-car\/\" style=\"outline: none;\">Rent a Car in Antalya<\/a>, follow our guide.<\/p>\n<p><strong>By bus:<\/strong> Get on the <span style=\"text-decoration: underline;\">Antalya-Ka\u015f bus<\/span> and say you want to get off at the <strong>\u00c7\u0131ral\u0131 crossroad<\/strong>. Your journey to this point will take approximately 1.5 hours. There is a minibus stop at the \u00c7\u0131ral\u0131 junction. You can go to Yanarta\u015f entrance by taking the minibuses at this stop.<\/p>\n<h2 style=\"\" id=\"t-1619455720577\" data-alt-text=\"Frequently Asked Questions\">FAQ (Frequently Asked Questions)<\/h2>\n<p><span><img decoding=\"async\" alt=\"Yanartas Chimaira in Cirali in Antalya in Turkey\" data-id=\"5042\" width=\"702\" data-init-width=\"1000\" height=\"468\" data-init-height=\"667\" title=\"Yanartas Chimaira in Cirali in Antalya in Turkey\" loading=\"lazy\" src=\"https:\/\/antalyatouristinformation.com\/d\/wp-content\/uploads\/sites\/9\/2021\/04\/Yanartas-Chimaira-in-Cirali-in-Antalya-in-Turkey-3.jpg\" data-width=\"702\" data-height=\"468\" data-pinpro-key=\"asqmiymfu\"><\/span><\/p>\n<h2 id=\"t-1619455720578\" data-alt-text=\"The History of Yanarta\u015f\">The History of Yanarta\u015f (Chimaera)<\/h2>\n<p>The site was identified as the ancient Mount Chimera by Sir Francis Beaufort in 1811 and described by T.A.B.Spratt in his Voyage through Lycia, Micias, and the Cybirate, in the company of Reverend E.T. Daniell. The debate over the connection between the myth and the exact location of Chimera originated in 1844 by Albert Forbiger. George E. Bean was of the opinion that the name was originated somewhere else, further west where similar flames burned.&nbsp;<\/p>\n<p>Yanarta\u015f is also the title of a 1970 novel by Turkish writer Mehmet Seyda, however it has no relation to this location.<\/p>\n<h2 style=\"\" id=\"t-1619455720579\" data-alt-text=\"Contact\">Contact<\/h2>\n<ul>\n<li><span style=\"\"><strong>Address :&nbsp;<\/strong>\u00c7\u0131ral\u0131, Ulup\u0131nar, 07982 Kemer\/Antalya<\/span><\/li>\n<li><span style=\"\"><strong>Public Transport :&nbsp;<\/strong>The easiest way to visit the place is with a rental car or guided tour. Al other options include several kilometers of walking or changing the bus several times.&nbsp;<\/span><\/li>\n<\/ul>\n","protected":false},"excerpt":{"rendered":"<p>Yanarta\u015f is about 1.5 km from C\u0131ral\u0131 in Kemer and approximately 55 km south of Antalya. It&#8217;s located on the Lycian Way, a popular trail for hikers and walkers. Yanartas, whose ancient name was &#8220;Khimera&#8221;, has always been a sacred place throughout history. It is generally believed that Yanarta\u015f is the ancient Mount Chimaera, where [&hellip;]<\/p>\n","protected":false},"author":4,"featured_media":2602,"parent":119,"menu_order":0,"comment_status":"open","ping_status":"closed","template":"","meta":{"_acf_changed":false,"footnotes":""},"categories":[],"tags":[43,37,42],"class_list":["post-296","page","type-page","status-publish","has-post-thumbnail","hentry","tag-antiquity","tag-hiking","tag-history","post-wrapper","thrv_wrapper"],"acf":[],"wp-worthy-pixel":{"ignored":false,"public":null,"server":null,"url":null},"wp-worthy-type":"normal","_links":{"self":[{"href":"https:\/\/antalyatouristinformation.com\/d\/wp-json\/wp\/v2\/pages\/296","targetHints":{"allow":["GET"]}}],"collection":[{"href":"https:\/\/antalyatouristinformation.com\/d\/wp-json\/wp\/v2\/pages"}],"about":[{"href":"https:\/\/antalyatouristinformation.com\/d\/wp-json\/wp\/v2\/types\/page"}],"author":[{"embeddable":true,"href":"https:\/\/antalyatouristinformation.com\/d\/wp-json\/wp\/v2\/users\/4"}],"replies":[{"embeddable":true,"href":"https:\/\/antalyatouristinformation.com\/d\/wp-json\/wp\/v2\/comments?post=296"}],"version-history":[{"count":52,"href":"https:\/\/antalyatouristinformation.com\/d\/wp-json\/wp\/v2\/pages\/296\/revisions"}],"predecessor-version":[{"id":10950,"href":"https:\/\/antalyatouristinformation.com\/d\/wp-json\/wp\/v2\/pages\/296\/revisions\/10950"}],"up":[{"embeddable":true,"href":"https:\/\/antalyatouristinformation.com\/d\/wp-json\/wp\/v2\/pages\/119"}],"wp:featuredmedia":[{"embeddable":true,"href":"https:\/\/antalyatouristinformation.com\/d\/wp-json\/wp\/v2\/media\/2602"}],"wp:attachment":[{"href":"https:\/\/antalyatouristinformation.com\/d\/wp-json\/wp\/v2\/media?parent=296"}],"wp:term":[{"taxonomy":"category","embeddable":true,"href":"https:\/\/antalyatouristinformation.com\/d\/wp-json\/wp\/v2\/categories?post=296"},{"taxonomy":"post_tag","embeddable":true,"href":"https:\/\/antalyatouristinformation.com\/d\/wp-json\/wp\/v2\/tags?post=296"}],"curies":[{"name":"wp","href":"https:\/\/api.w.org\/{rel}","templated":true}]}}