{"id":311,"date":"2021-02-15T14:50:58","date_gmt":"2021-02-15T13:50:58","guid":{"rendered":"http:\/\/antalyatouristinformation.com\/d\/?page_id=311"},"modified":"2021-06-20T16:34:02","modified_gmt":"2021-06-20T14:34:02","slug":"olympos","status":"publish","type":"page","link":"https:\/\/antalyatouristinformation.com\/d\/things-to-do\/beach\/olympos\/","title":{"rendered":"Guide to Olympos Beach in Antalya: Access, Attractions, and Tips"},"content":{"rendered":"<p>Steeped in history, Olympos Beach on the Lycian coast near \u00c7iral\u0131 is especially popular with nature lovers. Located in the middle of a nature reserve, the pebble beach will impress you with beautiful vegetation, ancient ruins, and a unique atmosphere.<\/p>\n<p>In this guide, you will find all the important information about Olympos Beach near \u00c7iral\u0131, Antalya, including what to expect during your visit, helpful information on entrance fees, attractions, and how to get there.<\/p>\n<p><span><img decoding=\"async\" alt=\"Olympos ancient city in Antalya in Turkey\" data-id=\"2185\" width=\"702\" data-init-width=\"1000\" height=\"468\" data-init-height=\"667\" title=\"Olympos ancient city in Antalya in Turkey\" src=\"\/\/antalyatouristinformation.com\/d\/wp-content\/uploads\/sites\/9\/2021\/04\/Olympos-ancient-city-in-Antalya-in-Turkey.jpg\" data-width=\"702\" data-height=\"468\" loading=\"lazy\" data-pin-media=\"https:\/\/antalyatouristinformation.com\/d\/wp-content\/uploads\/sites\/9\/2021\/06\/prag_50_sehenswuerdigkeiten_pinterest-27.jpg\" data-pin-description=\"Guide to Olympos Beach in Antalya | Antalya Tourist Information\" data-pin-url=\"https:\/\/antalyatouristinformation.com\/d\/things-to-do\/beach\/olympos\/?tve=true&amp;tcbf=1f0c2dc9db\" data-pinpro-key=\"xn1ux6e21\"><\/span><\/p>\n<h2 id=\"t-1619540069814\" data-alt-text=\"What Can I Do?\">What Can I Do at Olympos Beach?<\/h2>\n<p>Olympos Beach is a natural pebble beach near the ancient city of Olympos.<\/p>\n<p>The wildlife in this oasis includes Caretta Caretta sea turtles that lay their eggs on the beach. This is one of the reasons that Olympos Beach is protected today.<\/p>\n<p>This fact makes Olympos Beach very interesting, especially for nature lovers. Bathing in beautiful clear sea water in the middle of a nature reserve and enjoying peaceful seclusion by day is an extraordinary experience.<\/p>\n<p>History buffs will enjoy the many relics from ancient times.<\/p>\n<p>Most visitors are mainly alternative vacationers, backpackers, and hippies. For a few years now, Olympos Beach has also become an increasingly popular destination for couples and families.<\/p>\n<p>Showers, changing rooms, sunbeds, and umbrellas are not available on the beach.<\/p>\n<p>On the kilometer-long gravel <a href=\"https:\/\/antalyatouristinformation.com\/d\/things-to-do\/beach\/\" style=\"outline: none;\">beach,&nbsp;<\/a>you will find a few restaurants serving dishes with vegetables from their own gardens. Beach vendors, on the other hand, offer refreshments and fresh mussels for sale.<\/p>\n<p>The numerous bars, cafes, and pubs also offer entertainment in the evening, so <a href=\"https:\/\/antalyatouristinformation.com\/d\/nightlife\/\" style=\"outline: none;\">nightlife <\/a>is not lacking. A lively atmosphere also prevails on the beach, including campfires.<\/p>\n<p><span><img decoding=\"async\" alt=\"Olympos Beach in Cirali in Kemer in Antalya in Turkey\" data-id=\"5068\" width=\"702\" data-init-width=\"1000\" height=\"468\" data-init-height=\"667\" title=\"Olympos Beach in Cirali in Kemer in Antalya in Turkey\" loading=\"lazy\" src=\"https:\/\/antalyatouristinformation.com\/d\/wp-content\/uploads\/sites\/9\/2021\/04\/Olympos-Beach-in-Cirali-in-Kemer-in-Antalya-in-Turkey-6.jpg\" data-width=\"702\" data-height=\"468\" data-pin-media=\"https:\/\/antalyatouristinformation.com\/d\/wp-content\/uploads\/sites\/9\/2021\/06\/prag_50_sehenswuerdigkeiten_pinterest-27.jpg\" data-pin-description=\"Guide to Olympos Beach in Antalya | Antalya Tourist Information\" data-pin-url=\"https:\/\/antalyatouristinformation.com\/d\/things-to-do\/beach\/olympos\/?tve=true&amp;tcbf=1f0c2dc9db\" data-pinpro-key=\"kvq0f14eh\"><\/span><\/p>\n<h3>Nearby Attractions<\/h3>\n<p>Undoubtedly the most famous <a href=\"https:\/\/antalyatouristinformation.com\/d\/things-to-do\/attraction\/\" style=\"outline: none;\">attraction <\/a>near the beach are the ruins of the ancient city of Olympos. Following the crystal clear Akca stream. You can walk there from the beach.<\/p>\n<p>You can learn more about this ancient city in our guide to the&nbsp;<a href=\"https:\/\/antalyatouristinformation.com\/d\/things-to-do\/history\/olympos\/\" style=\"outline: none;\">Ancient City of Olympos in Antalya, Turkey: History and Tips<\/a>.<\/p>\n<p>Olympos Beach is also part of the historical &#8220;<a href=\"https:\/\/antalyatouristinformation.com\/d\/things-to-do\/attraction\/lycian-way\/\" style=\"outline: none;\">Lycian Way<\/a>&#8221; hiking route, which is why a hiking trip is a good idea.<\/p>\n<p>Another fascinating sight is the &#8220;Eternal Flame&#8221; of <a href=\"https:\/\/antalyatouristinformation.com\/d\/things-to-do\/history\/yanartas-chimaera\/\" style=\"outline: none;\">Chimaera<\/a>, about 8 km from the beach.<\/p>\n<p>Tree houses in the area are very popular and are an interesting change from hotels, bungalows, and guesthouses. Camping sites are also available.<\/p>\n<p>A popular excursion destination is <a href=\"https:\/\/antalyatouristinformation.com\/d\/things-to-do\/canyon\/koprulu\/\" style=\"outline: none;\">K\u00f6pr\u00fcl\u00fc Canyon<\/a>, where rafting is possible.<\/p>\n<p>Other sports activities are also offered by local guesthouses. These include activities such as climbing and hiking in the coastal mountains, as well as scuba diving, bungee jumping, mountain biking, paragliding, and yoga.<\/p>\n<p><span><img decoding=\"async\" alt=\"Olympos Beach in Cirali in Kemer in Antalya in Turkey\" data-id=\"5070\" width=\"702\" data-init-width=\"1000\" height=\"468\" data-init-height=\"667\" title=\"Olympos Beach in Cirali in Kemer in Antalya in Turkey\" src=\"https:\/\/antalyatouristinformation.com\/d\/wp-content\/uploads\/sites\/9\/2021\/04\/Olympos-Beach-in-Cirali-in-Kemer-in-Antalya-in-Turkey-4.jpg\" data-width=\"702\" data-height=\"468\" loading=\"lazy\" data-pin-media=\"https:\/\/antalyatouristinformation.com\/d\/wp-content\/uploads\/sites\/9\/2021\/06\/prag_50_sehenswuerdigkeiten_pinterest-27.jpg\" data-pin-description=\"Guide to Olympos Beach in Antalya | Antalya Tourist Information\" data-pin-url=\"https:\/\/antalyatouristinformation.com\/d\/things-to-do\/beach\/olympos\/?tve=true&amp;tcbf=1f0c2dc9db\" data-pinpro-key=\"kib9e9acm\"><\/span><\/p>\n<h2 id=\"t-1619540069815\">Entrance, Tickets, and Tours<\/h2>\n<p>Since Olympos Beach is located in the ancient city of Olympos, you can visit the beach only if you buy a ticket for the ancient city of Olympos. The distance from the ticket office to the beach is a few hundred meters on foot.<\/p>\n<ul>\n<li><span style=\"\"><strong>Entrance:<\/strong> The entrance fee for the ancient city of Olympos is 30 TL in 2021. The entrance is free for Museum Card holders.<\/span><\/li>\n<li style=\"\"><span style=\"\"><strong>Tickets:<\/strong> Tickets for the ancient city of Olympos are available at the ticket office on site.<\/span><\/li>\n<\/ul>\n<ul>\n<li><span style=\"\"><strong>Tip:<\/strong> To book amusement parks, museums, and tour tickets in advance of your trip to the Antalya region, don&#8217;t hesitate to check out the deals in our official shop.<\/span><\/li>\n<\/ul>\n<p><span><img decoding=\"async\" alt=\"Olympos Ancient Greek city in Antalya\" data-id=\"2189\" width=\"702\" data-init-width=\"1000\" height=\"468\" data-init-height=\"667\" title=\"Olympos Ancient Greek city in Antalya\" src=\"\/\/antalyatouristinformation.com\/d\/wp-content\/uploads\/sites\/9\/2021\/04\/Olympos-Ancient-Greek-city-in-Antalya.jpg\" data-width=\"702\" data-height=\"468\" loading=\"lazy\" data-pin-media=\"https:\/\/antalyatouristinformation.com\/d\/wp-content\/uploads\/sites\/9\/2021\/06\/prag_50_sehenswuerdigkeiten_pinterest-27.jpg\" data-pin-description=\"Guide to Olympos Beach in Antalya | Antalya Tourist Information\" data-pin-url=\"https:\/\/antalyatouristinformation.com\/d\/things-to-do\/beach\/olympos\/?tve=true&amp;tcbf=1f0c2dc9db\" data-pinpro-key=\"2olstu8i1\"><\/span><\/p>\n<h2 id=\"t-1619540069816\">How to Get to Olympos Beach<\/h2>\n<p>Olympos Beach is situated in the Kumluca district near \u00c7iral\u0131 in the Antalya region. It&#8217;s located in the ancient city of Olympos, about 28 kilometers from Kemer.<\/p>\n<ul>\n<li><strong>By Public Transport:&nbsp;<\/strong>If you want to travel from Antalya by<a href=\"https:\/\/antalyatouristinformation.com\/d\/public-transport\/\" style=\"outline: none;\"> public transport<\/a>, it&#8217;s best to take the buses or minibuses departing from the Antalya bus station and go in the &#8220;Kumluca-Fethiye&#8221; direction. Get off at the Olympos station.<\/li>\n<li><strong>From the&nbsp;<a href=\"https:\/\/antalyatouristinformation.com\/d\/plan\/antalya-airport\/\" style=\"outline: none;\">Antalya airport<\/a>:<\/strong> The easiest way to reach Olympos Beach is by taking a shuttle bus.<\/li>\n<li><strong>By Car:&nbsp;<\/strong>A good alternative is to arrive on your own with a rental car. There is free parking on site. You can read more about this in our guide to&nbsp;<a href=\"https:\/\/antalyatouristinformation.com\/d\/plan\/rent-a-car\/\" style=\"outline: none;\">renting a car<\/a> in Antalya.<\/li>\n<\/ul>\n<h2 style=\"\" id=\"t-1619540069817\" data-alt-text=\"FAQ\">FAQ (Frequently Asked Questions)<\/h2>\n<h2 id=\"t-1619540069818\">Hotels Around Olympos Beach&nbsp;<\/h2>\n<p>The area around Olympos is popular for its exceptional accommodations. Here are the most popular hotels, pensions, tree houses, and bungalows in the area.<\/p>\n<p><strong>\u00c7\u0131ral\u0131 Hera Hotel:<\/strong> \u00c7\u0131ral\u0131 Hera Hotel is located 6 minutes from Olympos Beach by foot. This 4-star hotel will impress you with its stunning nature and luxury bungalows. <u>Address:<\/u>&nbsp;Ulup\u0131nar Mah, \u00c7\u0131ral\u0131 Sk No:473\/1 Kemer\/Antalya<\/p>\n<p><strong>Caretta Caretta Pension:<\/strong> This family-friendly pension is only 650 meters from Olympos Beach. The comfortable wooden houses with a balconies and hammocks are located in an idyllic setting that will enchant you with a wide variety of fruit trees. <u>Address:<\/u>&nbsp;Ulup\u0131nar, \u00c7\u0131ral\u0131 Sk No. 465 Kemer\/Antalya<\/p>\n<p><strong>Bayram&#8217;s Tree Houses:<\/strong> If you are looking for an exceptional place to stay, this is for you. Bayram&#8217;s Tree Houses are 1 km from Olympos Beach and 100m from the ancient city of Olympos. They are some of the most popular tree houses in the area. <u>Address:<\/u><em>Bayram&#8217;s Tree Houses Yaz\u0131r, Kumluca, Antalya<\/em><\/p>\n<p><strong>Villa Efsane Hotel Apart Bungalow: <\/strong>Villa Efsane Hotel Apart Bungalow is ideal for those seeking a peaceful and quiet accommodation. <u>Address:<\/u>&nbsp;Ulup\u0131nar, \u00c7\u0131ral\u0131 Sk 195\/10 Kemer\/Antalya<\/p>\n<p><span><img decoding=\"async\" alt=\"Ruins of Olympos in Antalya in Turkey\" data-id=\"2191\" width=\"702\" data-init-width=\"1000\" height=\"468\" data-init-height=\"667\" title=\"Ruins of Olympos in Antalya in Turkey\" src=\"\/\/antalyatouristinformation.com\/d\/wp-content\/uploads\/sites\/9\/2021\/04\/Ruins-of-Olympos-in-Antalya-in-Turkey.jpg\" data-width=\"702\" data-height=\"468\" loading=\"lazy\" data-pin-media=\"https:\/\/antalyatouristinformation.com\/d\/wp-content\/uploads\/sites\/9\/2021\/06\/prag_50_sehenswuerdigkeiten_pinterest-27.jpg\" data-pin-description=\"Guide to Olympos Beach in Antalya | Antalya Tourist Information\" data-pin-url=\"https:\/\/antalyatouristinformation.com\/d\/things-to-do\/beach\/olympos\/?tve=true&amp;tcbf=1f0c2dc9db\" data-pinpro-key=\"zx8cnh5rn\"><\/span><\/p>\n<h2 id=\"t-1619540069819\" data-alt-text=\"History of Olympos Beach\">The History of Olympos Beach in Turkey<\/h2>\n<p>Olympos Beach has a very long history. Centuries ago the beach was known as a pirate stronghold and was therefore avoided.<\/p>\n<p>After Olympos Beach became the scene of movies like &#8220;Ulysses&#8221; and &#8220;Jason and the Argonauts&#8221;, the place gradually gained popularity.<\/p>\n<p>The beach was considered a popular vacation spot in the 1970s, especially among hippies.<\/p>\n<p>Since 1972, Olympos Beach has been a protected area. The reason for this is Caretta Caretta sea turtles lay their eggs on this beach. The WWF nature and environmental protection organization&#8217;s promotion project has insured that the coastal section has been developed for tourism only with caution.<\/p>\n<p>For this reason, there are no large hotel complexes near by, only small hostels, guesthouses, bungalows, and family-run hotels.<\/p>\n<h2 style=\"\" id=\"t-1619540069820\">Contact<\/h2>\n<ul>\n<li><span style=\"\"><strong>Address:&nbsp;<\/strong>Olympos Beach, Ulup\u0131nar, Kumluca \/ Antalya<\/span><\/li>\n<li><span style=\"\"><strong>Opening Hours:&nbsp;<\/strong><a href=\"https:\/\/muze.gov.tr\/muze-detay?SectionId=OLY01&amp;DistId=OLY\" target=\"_blank\" style=\"outline: none;\" rel=\"noopener\">https:\/\/muze.gov.tr<\/a><\/span><\/li>\n<li><span style=\"\"><strong>Public Transport:&nbsp;<\/strong>Minibuses or buses departing from Antalya Bus Station in the &#8220;Kumluca-Fethiye&#8221; direction<\/span><\/li>\n<\/ul>\n<h2 id=\"t-1619540069821\" data-hide=\"true\">Other Beautiful Beaches Around Olympos Beach<\/h2>\n<p>To visit other beautiful beaches in the Antalya region, read these articles:<\/p>\n<ul>\n<li><a href=\"https:\/\/antalyatouristinformation.com\/d\/things-to-do\/beach\/patara\/\" target=\"_blank\" style=\"outline: none;\" rel=\"noopener\">Guide to Patara Beach in Ka\u015f<\/a><\/li>\n<li><a href=\"https:\/\/antalyatouristinformation.com\/d\/things-to-do\/beach\/kaputas\/\" target=\"_blank\" style=\"outline: none;\" rel=\"noopener\">Guide to Kaputa\u015f Beach in Ka\u015f<\/a><\/li>\n<li><a href=\"https:\/\/antalyatouristinformation.com\/d\/things-to-do\/beach\/cleopatra\/\" target=\"_blank\" style=\"outline: none;\" rel=\"noopener\">Guide to Cleopatra Beach in Alanya<\/a><\/li>\n<li><a href=\"https:\/\/antalyatouristinformation.com\/d\/things-to-do\/beach\/konyaalti\/\" target=\"_blank\" style=\"outline: none;\" rel=\"noopener\">Guide to Konyaalt\u0131 Beach in Antalya<\/a><\/li>\n<li><a href=\"https:\/\/antalyatouristinformation.com\/d\/things-to-do\/beach\/damlatas\/\" target=\"_blank\" style=\"outline: none;\" rel=\"noopener\">Guide to Damlata\u015f Beach in Alanya<\/a><\/li>\n<\/ul>\n","protected":false},"excerpt":{"rendered":"<p>Steeped in history, Olympos Beach on the Lycian coast near \u00c7iral\u0131 is especially popular with nature lovers. Located in the middle of a nature reserve, the pebble beach will impress you with beautiful vegetation, ancient ruins, and a unique atmosphere. In this guide, you will find all the important information about Olympos Beach near \u00c7iral\u0131, [&hellip;]<\/p>\n","protected":false},"author":5,"featured_media":5066,"parent":124,"menu_order":0,"comment_status":"open","ping_status":"closed","template":"","meta":{"_acf_changed":false,"footnotes":""},"categories":[],"tags":[39],"class_list":["post-311","page","type-page","status-publish","has-post-thumbnail","hentry","tag-beach","post-wrapper","thrv_wrapper"],"acf":[],"wp-worthy-pixel":{"ignored":false,"public":null,"server":null,"url":null},"wp-worthy-type":"normal","_links":{"self":[{"href":"https:\/\/antalyatouristinformation.com\/d\/wp-json\/wp\/v2\/pages\/311","targetHints":{"allow":["GET"]}}],"collection":[{"href":"https:\/\/antalyatouristinformation.com\/d\/wp-json\/wp\/v2\/pages"}],"about":[{"href":"https:\/\/antalyatouristinformation.com\/d\/wp-json\/wp\/v2\/types\/page"}],"author":[{"embeddable":true,"href":"https:\/\/antalyatouristinformation.com\/d\/wp-json\/wp\/v2\/users\/5"}],"replies":[{"embeddable":true,"href":"https:\/\/antalyatouristinformation.com\/d\/wp-json\/wp\/v2\/comments?post=311"}],"version-history":[{"count":37,"href":"https:\/\/antalyatouristinformation.com\/d\/wp-json\/wp\/v2\/pages\/311\/revisions"}],"predecessor-version":[{"id":10857,"href":"https:\/\/antalyatouristinformation.com\/d\/wp-json\/wp\/v2\/pages\/311\/revisions\/10857"}],"up":[{"embeddable":true,"href":"https:\/\/antalyatouristinformation.com\/d\/wp-json\/wp\/v2\/pages\/124"}],"wp:featuredmedia":[{"embeddable":true,"href":"https:\/\/antalyatouristinformation.com\/d\/wp-json\/wp\/v2\/media\/5066"}],"wp:attachment":[{"href":"https:\/\/antalyatouristinformation.com\/d\/wp-json\/wp\/v2\/media?parent=311"}],"wp:term":[{"taxonomy":"category","embeddable":true,"href":"https:\/\/antalyatouristinformation.com\/d\/wp-json\/wp\/v2\/categories?post=311"},{"taxonomy":"post_tag","embeddable":true,"href":"https:\/\/antalyatouristinformation.com\/d\/wp-json\/wp\/v2\/tags?post=311"}],"curies":[{"name":"wp","href":"https:\/\/api.w.org\/{rel}","templated":true}]}}