{"id":313,"date":"2021-02-15T14:51:14","date_gmt":"2021-02-15T13:51:14","guid":{"rendered":"http:\/\/antalyatouristinformation.com\/d\/?page_id=313"},"modified":"2021-06-19T17:56:27","modified_gmt":"2021-06-19T15:56:27","slug":"kaputas","status":"publish","type":"page","link":"https:\/\/antalyatouristinformation.com\/d\/things-to-do\/beach\/kaputas\/","title":{"rendered":"Guide to Kaputa\u015f Beach in Ka\u015f: Access, Attractions, and Tips"},"content":{"rendered":"<p>Millions of tourists choose Turkey every year for a good reason.&nbsp;<\/p>\n<p>Our country has some of the most beautiful beaches you can find in the Mediterranean area.<\/p>\n<p>The Antalya region is a favorite destination because of the beautiful landscapes and sandy beaches it offers.<\/p>\n<p>Kaputa\u015f Beach with its famous bright turquoise sea is not only one of the most beautiful beaches on the Lycian Coast, but it&#8217;s considered to be one of the most beautiful beaches in all of Turkey. If you don&#8217;t know about it, you are at the right place! We will guide you through all the tourist information you need to know so you can visit and have a good time at Kaputa\u015f Beach in Ka\u015f.<\/p>\n<p>In this guide, you will find what you can do at Kaputa\u015f Beach in Ka\u015f, what to expect during your visit, where it is, how to access it, and other helpful information about entrance fees.<\/p>\n<p><span><img decoding=\"async\" alt=\"Kaputa\u015f Beach in Antalya\" data-id=\"2144\" width=\"900\" data-init-width=\"1000\" height=\"600\" data-init-height=\"667\" title=\"Kaputa\u015f Beach in Antalya\" src=\"\/\/antalyatouristinformation.com\/d\/wp-content\/uploads\/sites\/9\/2021\/04\/Kaputas-Beach-in-Antalya.jpg\" data-width=\"900\" data-height=\"600\" loading=\"lazy\" data-pin-media=\"https:\/\/antalyatouristinformation.com\/d\/wp-content\/uploads\/sites\/9\/2021\/06\/prag_50_sehenswuerdigkeiten_pinterest-12-1.jpg\" data-pin-description=\"Guide to Kaputa\u015f Beach in Ka\u015f | Antalya Tourist Information\" data-pin-url=\"https:\/\/antalyatouristinformation.com\/d\/things-to-do\/beach\/kaputas\/?tve=true&amp;tcbf=affd232f39\" data-pinpro-key=\"xpjqzutmm\"><\/span><\/p>\n<h2 id=\"t-1619539311824\" data-alt-text=\"What Can I Do?\">What Can I Do at Kaputa\u015f Beach?<\/h2>\n<p>Below steep cliffs hides a bay and a small paradise&#8230;Kaputa\u015f.<\/p>\n<p>This bay near Ka\u015f has long ceased to be an insider&#8217;s tip. It consists of the <strong>150 meter long Kaputa\u015f Beach with golden, fine-grained sand, turquoise seas and a meter-high cliff.<\/strong><\/p>\n<p>A long and steep staircase with 187 steps leads you from the coastal road down to the bay, where one of the most beautiful <a href=\"https:\/\/antalyatouristinformation.com\/d\/things-to-do\/beach\/\" style=\"outline: none;\">beaches <\/a>in the Mediterranean awaits you.<\/p>\n<p>The picturesque natural beach is run by the municipality of Ka\u015f. It&#8217;s unspoiled and therefore a beautiful destination for swimming and sunbathing. The transition from sand to sea is announced by small pebbles.<\/p>\n<p>The water is comparatively cooler due to the spring water that flows here. The fact that<strong> it becomes quite deep after 8 to 10 meters<\/strong> is quite unusual.<\/p>\n<p><strong>Umbrellas and sunbeds are usually available only during the high season, for a fee.<\/strong><strong>Showers, toilets, and changing rooms<\/strong> are available on site. A <strong>small snack bar caters to<\/strong> visitors needs, with refreshments, snacks, and ice-cream.<\/p>\n<p>This turquoise paradise is very popular among locals as well as tourists from all over the world. For this reason, there can be a <strong>large number of visitors<\/strong>, especially in the high season.<\/p>\n<p>The bay is also a <strong>trendy destination for cruise ships<\/strong> that stop here. Therefore, the crystal clear bay can also be wonderfully visited with a boat trip. On this occasion, you can also discover the fascinating <a href=\"https:\/\/antalyatouristinformation.com\/d\/things-to-do\/cave\/\" style=\"outline: none;\">caves <\/a>in the area. One of the most famous is <strong>Blue Cave.<\/strong>&nbsp;You can reach from the beach by walking.<\/p>\n<p>Before going down the stairs to the beach, it&#8217;s worth <strong>taking a photo with Kaputa\u015f Beach in the background<\/strong>. The picturesque scenery with the bright turquoise sea resembles a postcard motif and is one of the most Instagramable places in Turkey.<\/p>\n<h3>Blue Cave<\/h3>\n<p>The Blue Cave is not far from the island of Kekova. It&#8217;s one of the most popular sights in the area. The former pirate cave owes its name to the bright blue color of the water, which always amazes visitors.<\/p>\n<p>You can discover this natural wonder only by boat. Due to the strong current around the mouth of the cave, it&#8217;s not recommended to swim here from the nearby Kaputa\u015f Beach. There are a lot of boat tours from Ka\u015f and Kalkan that will bring you here.&nbsp;<\/p>\n<p>You can swim through the small opening in the cliff face and have a close look at the impressive cave. Thanks to the incoming rays of the sun, the place is bathed in an iridescent sapphire blue, which is almost magical.<\/p>\n<p>There might be quite a few fish swimming around you. Bats are also not uncommon in this cave.<\/p>\n<p>Even non-swimmers can visit the Blue Cave by paddling inside with a canoe.<\/p>\n<p><span><img decoding=\"async\" alt=\"Kaputas Beach in Kas Antalya\" data-id=\"2146\" width=\"702\" data-init-width=\"1000\" height=\"468\" data-init-height=\"667\" title=\"Kaputas Beach in Kas Antalya\" src=\"\/\/antalyatouristinformation.com\/d\/wp-content\/uploads\/sites\/9\/2021\/04\/Kaputas-Beach-in-Kas-Antalya.jpg\" data-width=\"702\" data-height=\"468\" loading=\"lazy\" data-pin-media=\"https:\/\/antalyatouristinformation.com\/d\/wp-content\/uploads\/sites\/9\/2021\/06\/prag_50_sehenswuerdigkeiten_pinterest-12-1.jpg\" data-pin-description=\"Guide to Kaputa\u015f Beach in Ka\u015f | Antalya Tourist Information\" data-pin-url=\"https:\/\/antalyatouristinformation.com\/d\/things-to-do\/beach\/kaputas\/?tve=true&amp;tcbf=affd232f39\" data-pinpro-key=\"lmbzim492\"><\/span><\/p>\n<h2 id=\"t-1619539311818\" data-alt-text=\"Entrance and Tickets\">Entrance and Tickets to&nbsp;<strong>Kaputa\u015f Beach<\/strong><\/h2>\n<ul>\n<li><span style=\"\"><strong>Entrance:<\/strong> Admission to the <span style=\"text-decoration: underline;\">beach is free of charge<\/span>. Sunbeds and umbrellas are available for a fee. We recommend to <span style=\"text-decoration: underline;\">go in the morning<\/span> and get your spot early if you want to be close to the beach. It will be overcrowded during high seasons.<\/span><\/li>\n<\/ul>\n<ul>\n<li><span style=\"\"><strong>Boat Tours:<\/strong> You can book a boat tour to Kaputa\u015f and its surroundings online. It will give you amazing souvenir photos and memories. If you book online, you will have several offers to pick from.<strong>&nbsp;<a href=\"https:\/\/antalyatouristinformation.com\/d\/tickets\/\" target=\"_blank\" style=\"outline: none;\" rel=\"noopener\"><strong>Check out the options here.<\/strong><\/a><\/strong><\/span><\/li>\n<\/ul>\n<ul>\n<li><span style=\"\"><strong>Tip:<\/strong> To book amusement parks, museums, and tour tickets in advance of your trip to the Antalya region, don&#8217;t hesitate to check out the deals in our official shop.<\/span><\/li>\n<\/ul>\n<h2 id=\"t-1619539311819\">How to Get to Kaputa\u015f Beach<\/h2>\n<p>Kaputa\u015f Beach is situated in a bay on the coastal road between Ka\u015f and Kalkan. It&#8217;s located on the Lycian Coast, 7 km from Kalkan and 20 km from Ka\u015f.<\/p>\n<ul>\n<li><strong>By bus from Ka\u015f and Kalkan:<\/strong> The easiest way to reach the beach is by <a href=\"https:\/\/antalyatouristinformation.com\/d\/public-transport\/\" style=\"outline: none;\">public transport<\/a>. Minibusses (<a href=\"https:\/\/antalyatouristinformation.com\/d\/public-transport-de\/dolmus\/\" style=\"outline: none;\">dolmu\u015f<\/a>) which shuttle between Ka\u015f and Kalkan stop here.<\/li>\n<li><strong>By car:<\/strong> Since the beach is located on the D400 highway, it&#8217;s also very easy to get here by <a href=\"https:\/\/antalyatouristinformation.com\/d\/public-transport-de\/rent-a-car\/\">rental car<\/a>. However, there is limited parking on the side of the road.<\/li>\n<\/ul>\n<p><span><img decoding=\"async\" alt=\"Kaputas Beach Turkey Mediterranean Sea\" data-id=\"2148\" width=\"702\" data-init-width=\"1000\" height=\"468\" data-init-height=\"667\" title=\"Kaputas Beach Turkey Mediterranean Sea\" src=\"\/\/antalyatouristinformation.com\/d\/wp-content\/uploads\/sites\/9\/2021\/04\/Kaputas-Beach-Turkey-Mediterranean-Sea.jpg\" data-width=\"702\" data-height=\"468\" loading=\"lazy\" data-pin-media=\"https:\/\/antalyatouristinformation.com\/d\/wp-content\/uploads\/sites\/9\/2021\/06\/prag_50_sehenswuerdigkeiten_pinterest-12-1.jpg\" data-pin-description=\"Guide to Kaputa\u015f Beach in Ka\u015f | Antalya Tourist Information\" data-pin-url=\"https:\/\/antalyatouristinformation.com\/d\/things-to-do\/beach\/kaputas\/?tve=true&amp;tcbf=affd232f39\" data-pinpro-key=\"m5x64mf3a\"><\/span><\/p>\n<h2 style=\"\" id=\"t-1619539311820\" data-alt-text=\"FAQ \">FAQ (Frequently Asked Questions)<\/h2>\n<h2 id=\"t-1619539311821\">Hotels Around Kaputa\u015f Beach<\/h2>\n<p>Here are some accommodation options around Kaputa\u015f Beach. These are 4 of the most appreciated hotels around for every taste and budget:<\/p>\n<p><strong>Fidanka Hotel:<\/strong> Fidanka Hotel overlooking the Mediterranean Sea has a charming vintage-style, beautiful gardens with stunning flora and free Wifi. The 3-star hotel with is located 8 minutes from Kaputa\u015f Beach and 20 minutes from Patara Beach by car. <em><span style=\"text-decoration: underline;\">Address:<\/span><\/em>Kalkan, K\u0131\u015fla Mevkii, Zeytinlik Cd. No:19, Ka\u015f\/Antalya<\/p>\n<p><span style=\"font-style: normal;\"><strong>Hideaway Hotel:&nbsp;<\/strong>This family run hotel with stunning views of the Mediterranean Sea is situated 20 minutes away from Kaputa\u015f Beach and 3 minutes from the charming old town of Ka\u015f by car. This hotel on top of a hill has a garden with olive trees, a pool, and a roof top terrace.&nbsp;<\/span><u>Address:<\/u> Andifli, Anfi Tiyatro Sk. No:7, Ka\u015f\/Antalya<\/p>\n<p><strong>Patara Prince Hotel &amp; Resort:<\/strong> If you are looking for relaxation and wellness, Patara Prince Hotel is the right choice. This 4-star hotel with a view of the sea and the beach features a spa, pool, a concierge, and room service. &nbsp;<u>Address:<\/u>Kalkan, Zeytinlik Cad, No: 26, Antalya<\/p>\n<p><strong>Pirat Hotel: <\/strong>This budget-friendly hotel across the street from a marina is a good choice for families with children. This hotel near Kaputa\u015f Beach and the ancient city of Xanthos has a pool and an informal atmosphere. <u>Address:<\/u>Kalkan Mahallesi \u0130skele Sokak Marina, D:No:3, Ka\u015f\/Antalya&nbsp;<\/p>\n<h2 style=\"\" id=\"t-1619539311822\" data-alt-text=\"Contact\">Contact<\/h2>\n<ul>\n<li><span style=\"\"><strong>Address:&nbsp;<\/strong>Kaputa\u015f Plaj\u0131, Kalkan Mahallesi, Ka\u015f\/Antalya<\/span><\/li>\n<li><span style=\"\"><strong>Public Transport:<\/strong> Dolmu\u015f commuting between Kalkan and Ka\u015f<\/span><\/li>\n<\/ul>\n<h2 id=\"t-1619539311823\" data-hide=\"true\">Other Beautiful Beaches Around Kaputa\u015f Beach<\/h2>\n<p>To visit other beautiful beaches in the Antalya region, read these articles:<\/p>\n<ul>\n<li><a href=\"https:\/\/antalyatouristinformation.com\/d\/things-to-do\/beach\/patara\/\" target=\"_blank\" style=\"outline: none;\" rel=\"noopener\">Guide to Patara Beach in Ka\u015f<\/a><\/li>\n<li><a href=\"https:\/\/antalyatouristinformation.com\/d\/things-to-do\/beach\/cleopatra\/\" style=\"outline: none;\" target=\"_blank\" rel=\"noopener\">Guide to Cleopatra Beach in Alanya<\/a><\/li>\n<li><a href=\"https:\/\/antalyatouristinformation.com\/d\/things-to-do\/beach\/damlatas\" style=\"outline: none;\" target=\"_blank\" rel=\"noopener\">Guide to Damlata\u015f Beach in Alanya<\/a><\/li>\n<li><a href=\"https:\/\/antalyatouristinformation.com\/d\/things-to-do\/beach\/cleopatra\/\" style=\"outline: none;\" target=\"_blank\" rel=\"noopener\">Guide to Konyaalt\u0131 Beach in Antalya<\/a><\/li>\n<li><a href=\"https:\/\/antalyatouristinformation.com\/d\/things-to-do\/beach\/olympos\/\" target=\"_blank\" style=\"outline: none;\" rel=\"noopener\">Guide to Olympos Beach in Kemer<\/a><\/li>\n<\/ul>\n","protected":false},"excerpt":{"rendered":"<p>Millions of tourists choose Turkey every year for a good reason.&nbsp; Our country has some of the most beautiful beaches you can find in the Mediterranean area. The Antalya region is a favorite destination because of the beautiful landscapes and sandy beaches it offers. Kaputa\u015f Beach with its famous bright turquoise sea is not only [&hellip;]<\/p>\n","protected":false},"author":5,"featured_media":2143,"parent":124,"menu_order":0,"comment_status":"open","ping_status":"closed","template":"","meta":{"_acf_changed":false,"footnotes":""},"categories":[],"tags":[39],"class_list":["post-313","page","type-page","status-publish","has-post-thumbnail","hentry","tag-beach","post-wrapper","thrv_wrapper"],"acf":[],"wp-worthy-pixel":{"ignored":false,"public":null,"server":null,"url":null},"wp-worthy-type":"normal","_links":{"self":[{"href":"https:\/\/antalyatouristinformation.com\/d\/wp-json\/wp\/v2\/pages\/313","targetHints":{"allow":["GET"]}}],"collection":[{"href":"https:\/\/antalyatouristinformation.com\/d\/wp-json\/wp\/v2\/pages"}],"about":[{"href":"https:\/\/antalyatouristinformation.com\/d\/wp-json\/wp\/v2\/types\/page"}],"author":[{"embeddable":true,"href":"https:\/\/antalyatouristinformation.com\/d\/wp-json\/wp\/v2\/users\/5"}],"replies":[{"embeddable":true,"href":"https:\/\/antalyatouristinformation.com\/d\/wp-json\/wp\/v2\/comments?post=313"}],"version-history":[{"count":40,"href":"https:\/\/antalyatouristinformation.com\/d\/wp-json\/wp\/v2\/pages\/313\/revisions"}],"predecessor-version":[{"id":10791,"href":"https:\/\/antalyatouristinformation.com\/d\/wp-json\/wp\/v2\/pages\/313\/revisions\/10791"}],"up":[{"embeddable":true,"href":"https:\/\/antalyatouristinformation.com\/d\/wp-json\/wp\/v2\/pages\/124"}],"wp:featuredmedia":[{"embeddable":true,"href":"https:\/\/antalyatouristinformation.com\/d\/wp-json\/wp\/v2\/media\/2143"}],"wp:attachment":[{"href":"https:\/\/antalyatouristinformation.com\/d\/wp-json\/wp\/v2\/media?parent=313"}],"wp:term":[{"taxonomy":"category","embeddable":true,"href":"https:\/\/antalyatouristinformation.com\/d\/wp-json\/wp\/v2\/categories?post=313"},{"taxonomy":"post_tag","embeddable":true,"href":"https:\/\/antalyatouristinformation.com\/d\/wp-json\/wp\/v2\/tags?post=313"}],"curies":[{"name":"wp","href":"https:\/\/api.w.org\/{rel}","templated":true}]}}