{"id":315,"date":"2021-02-15T14:51:34","date_gmt":"2021-02-15T13:51:34","guid":{"rendered":"http:\/\/antalyatouristinformation.com\/d\/?page_id=315"},"modified":"2021-06-19T18:05:48","modified_gmt":"2021-06-19T16:05:48","slug":"cleopatra","status":"publish","type":"page","link":"https:\/\/antalyatouristinformation.com\/d\/things-to-do\/beach\/cleopatra\/","title":{"rendered":"Guide to Cleopatra Beach in Alanya: Access, Attractions, and Tips"},"content":{"rendered":"<p>Millions of tourists choose Turkey every year for a good reason. Turkey has some of the most beautiful beaches you can find in the Mediterranean. The Antalya region is often picked as a favorite destination for its beautiful landscapes and sandy beaches. Foreigners even <a href=\"https:\/\/antalyatouristinformation.com\/d\/wedding\/venues\/\" target=\"_blank\" style=\"outline: none;\" rel=\"noopener\">get married on Antalya&#8217;s most amazing beaches<\/a>.<\/p>\n<p>The legendary Cleopatra Beach is one of the most beautiful <a href=\"https:\/\/antalyatouristinformation.com\/d\/things-to-do\/beach\/\" style=\"outline: none;\">beaches <\/a>in Turkey, clearly worth visiting during your trip to Antalya. With its crystal-clear water and numerous water sport activities, it attracts about 2 million tourists a year and gets more and more popular every year.<\/p>\n<p>In this article, you will find all you need to know about Cleopatra Beach in Alanya, including what to expect during your visit, how to get there, and helpful information about entrance fees.<\/p>\n<p><span><img decoding=\"async\" alt=\"Mediterranean Sea Cleopatra beach in Alanya\" data-id=\"5501\" width=\"702\" data-init-width=\"1000\" height=\"468\" data-init-height=\"667\" title=\"Mediterranean Sea Cleopatra beach in Alanya\" loading=\"lazy\" src=\"https:\/\/antalyatouristinformation.com\/d\/wp-content\/uploads\/sites\/9\/2021\/05\/Mediterranean-Sea-Cleopatra-beach-in-Alanya.jpg\" data-width=\"702\" data-height=\"468\" data-pin-media=\"https:\/\/antalyatouristinformation.com\/d\/wp-content\/uploads\/sites\/9\/2021\/06\/prag_50_sehenswuerdigkeiten_pinterest-14.jpg\" data-pin-description=\"Guide to Cleopatra Beach in Alanya | Antalya Tourist Information\" data-pin-url=\"https:\/\/antalyatouristinformation.com\/d\/things-to-do\/beach\/cleopatra\/?tve=true&amp;tcbf=affd232f39\" data-pinpro-key=\"eun16nudm\"><\/span><\/p>\n<h2 id=\"t-1619538640976\" data-alt-text=\"What Can I Do?\">What Can I Do on Cleopatra Beach in Alanya?<\/h2>\n<p>Cleopatra Beach was <strong>named after the world-famous Egyptian queen, Cleopatra<\/strong>, who is said to have bathed here.<\/p>\n<p>The beach gained fame due to its <strong>crystal clear water. <\/strong>It has a legendary reputation among the beaches in Turkey. Today, the 2 kilometer long beach is considered one of the most popular seaside resorts for sun-seeking tourists.<\/p>\n<p>Cleopatra Beach is cleaned daily. It consists of a comparatively coarser-grained <strong>sandy beach, which<\/strong><strong>is said not to stick to the body <\/strong>due to its texture.<\/p>\n<p>The beach has been awarded the <strong>&#8220;Blue Flag&#8221; status<\/strong>, which stands for good water quality and environmental management.<\/p>\n<p>The sea is <strong>shallow up to 8-10 meters<\/strong>. However, it gets deeper after that, so caution is advised, especially for children.<\/p>\n<p>There are amenities such as <strong>toilets, showers, changing rooms<\/strong>, as well as sunbeds and umbrellas for a fee.<\/p>\n<p>Thanks to numerous <strong>snack bars<\/strong>, you can buy snacks and cool drinks on site.<\/p>\n<p>Although the high season from June to September is considered a favorite for a beach vacation, the low season also has its advantages. The water temperature rarely drops below 20\u00b0 and it&#8217;s less-crowded.<\/p>\n<p><span><img decoding=\"async\" alt=\"Cleopatra Beach in Alanya in Turkey\" data-id=\"2154\" width=\"702\" data-init-width=\"1000\" height=\"468\" data-init-height=\"667\" title=\"Cleopatra Beach in Alanya in Turkey\" src=\"\/\/antalyatouristinformation.com\/d\/wp-content\/uploads\/sites\/9\/2021\/04\/Cleopatra-Beach-in-Alanya-in-Turkey.jpg\" data-width=\"702\" data-height=\"468\" loading=\"lazy\" data-pin-media=\"https:\/\/antalyatouristinformation.com\/d\/wp-content\/uploads\/sites\/9\/2021\/06\/prag_50_sehenswuerdigkeiten_pinterest-14.jpg\" data-pin-description=\"Guide to Cleopatra Beach in Alanya | Antalya Tourist Information\" data-pin-url=\"https:\/\/antalyatouristinformation.com\/d\/things-to-do\/beach\/cleopatra\/?tve=true&amp;tcbf=affd232f39\" data-pinpro-key=\"s5g9bg1d4\"><\/span><\/p>\n<h3>Beach Activities<\/h3>\n<p>Cleopatra Beach is <strong>ideal for water sports<\/strong>. You can enjoy sports such as parasailing, surfing, kite surfing, and scuba diving. Other activities like jet skiing, sailing, and beach volleyball are also options here.<\/p>\n<p>Children will also get their money&#8217;s worth. Apart from the sea, young children can let off steam in the amusement park west of the beach or in Atat\u00fcrk Park with a mini-golf course.<\/p>\n<p>One of the highlights is <strong>the promenade <\/strong>about 100 meters from the beach. It&#8217;s a popular meeting place. Here you can find several cafes, bars, restaurants, and hotels. In addition, the promenade is lined with many stores and souvenir shops.<\/p>\n<h3>Nearby Attractions<\/h3>\n<p>Since there are <a href=\"https:\/\/antalyatouristinformation.com\/d\/things-to-do\/attraction\/\" style=\"outline: none;\">attractions <\/a>near Cleopatra Beach, it is easy to combine a day at the beach with sightseeing.<\/p>\n<p>Popular attractions in the area include the <a href=\"https:\/\/antalyatouristinformation.com\/d\/things-to-do\/museum\/alanya-archaeology\/\" style=\"outline: none;\">Alanya Archaeology Museum<\/a>, <a href=\"https:\/\/antalyatouristinformation.com\/d\/things-to-do\/cave\/damlatas\/\" target=\"_blank\" rel=\"noopener\">Damlata\u015f Cave<\/a> with the adjacent <a href=\"https:\/\/antalyatouristinformation.com\/d\/things-to-do\/beach\/damlatas\" target=\"_blank\" style=\"outline: none;\" rel=\"noopener\">Damlata\u015f Beach<\/a>, <a href=\"https:\/\/antalyatouristinformation.com\/d\/things-to-do\/history\/alanya-castle\/\" style=\"outline: none;\">Alanya Castle<\/a> and the <a href=\"https:\/\/antalyatouristinformation.com\/d\/things-to-do\/history\/kizil-kule\/\" style=\"outline: none;\">historical K\u0131z\u0131l Kule (Red Tower)<\/a>.<\/p>\n<p>The <a href=\"https:\/\/antalyatouristinformation.com\/d\/things-to-do\/attraction\/nightlife\/\" style=\"outline: none;\">nightlife <\/a>in Alanya is also popular.<\/p>\n<p><span><img decoding=\"async\" alt=\"Alanya Cityscape from a funicular cart in Turkey\" data-id=\"5503\" width=\"702\" data-init-width=\"1000\" height=\"468\" data-init-height=\"667\" title=\"Alanya Cityscape from a funicular cart in Turkey\" loading=\"lazy\" src=\"https:\/\/antalyatouristinformation.com\/d\/wp-content\/uploads\/sites\/9\/2021\/05\/Alanya-Cityscape-from-a-funicular-cart-in-Turkey.jpg\" data-width=\"702\" data-height=\"468\" data-pin-media=\"https:\/\/antalyatouristinformation.com\/d\/wp-content\/uploads\/sites\/9\/2021\/06\/prag_50_sehenswuerdigkeiten_pinterest-14.jpg\" data-pin-description=\"Guide to Cleopatra Beach in Alanya | Antalya Tourist Information\" data-pin-url=\"https:\/\/antalyatouristinformation.com\/d\/things-to-do\/beach\/cleopatra\/?tve=true&amp;tcbf=affd232f39\" data-pinpro-key=\"b0fmnzrbh\"><\/span><\/p>\n<h2 id=\"t-1619538640977\" data-alt-text=\"Entrance, Tickets, and Tours\">Entrance, Tickets, and Tours<\/h2>\n<ul>\n<li><span style=\"\"><strong>Entrance:<\/strong> Admission to Cleopatra Beach is free of charge. Sunbeds and umbrellas are available for a fee. However, you can bring your own umbrella or spread your beach towel on the beach.<\/span><\/li>\n<\/ul>\n<ul>\n<li><span style=\"\"><strong>Boat Tours:<\/strong> You can find many boat tour options online. We recommend to book in advance and be prepared for amazing trips. Here are <strong>options for boat tours in Alanya.<\/strong><\/span><\/li>\n<\/ul>\n<ul>\n<li><span style=\"\"><strong>Tip:<\/strong> To book amusement parks, museums, and tour tickets in advance of your trip to the Antalya region, don&#8217;t hesitate to check out the deals in our official shop.<\/span><\/li>\n<\/ul>\n<p><span><img decoding=\"async\" alt=\"Cleopatra Beach in Alanya in Turkey\" data-id=\"5505\" width=\"702\" data-init-width=\"1000\" height=\"468\" data-init-height=\"667\" title=\"Cleopatra Beach in Alanya in Turkey\" src=\"https:\/\/antalyatouristinformation.com\/d\/wp-content\/uploads\/sites\/9\/2021\/05\/Cleopatra-Beach-in-Alanya-in-Turkey.jpg\" data-width=\"702\" data-height=\"468\" loading=\"lazy\" data-pin-media=\"https:\/\/antalyatouristinformation.com\/d\/wp-content\/uploads\/sites\/9\/2021\/06\/prag_50_sehenswuerdigkeiten_pinterest-14.jpg\" data-pin-description=\"Guide to Cleopatra Beach in Alanya | Antalya Tourist Information\" data-pin-url=\"https:\/\/antalyatouristinformation.com\/d\/things-to-do\/beach\/cleopatra\/?tve=true&amp;tcbf=affd232f39\" data-pinpro-key=\"s8zl80e5f\"><\/span><\/p>\n<h2 id=\"t-1619538640978\">How to Get to Cleopatra Beach<\/h2>\n<p>Cleopatra Beach is located on the west of the Alanya peninsula in the Antalya region. At the entrance of the beach there is the famous <a href=\"https:\/\/antalyatouristinformation.com\/d\/things-to-do\/cave\/damlatas\/\" style=\"outline: none;\">Damlata\u015f Cave<\/a> with <a href=\"https:\/\/antalyatouristinformation.com\/d\/things-to-do\/beach\/damlatas\/\" style=\"outline: none;\">Damlata\u015f Beach<\/a> in front of it.<\/p>\n<p>Cleopatra Beach is situated about 2 kilometers from the center of Alanya.<\/p>\n<ul>\n<li><strong>By public transport or taxi from Alanya:<\/strong> You can reach the beach easily with <a href=\"https:\/\/antalyatouristinformation.com\/d\/public-transport\/\" style=\"outline: none;\">public transportation<\/a>. Bus lines 1, 40, and 50 stop near the beach. A good alternative is to take a&nbsp;<a href=\"https:\/\/antalyatouristinformation.com\/d\/public-transport-de\/taxi\/\" style=\"outline: none;\">taxi<\/a>.<\/li>\n<li><strong>From the&nbsp;<a href=\"https:\/\/antalyatouristinformation.com\/d\/plan\/antalya-airport\/\" style=\"outline: none;\">Antalya Airport<\/a> :<\/strong> About 120km from Alanya, you can either rent a car or arrive by bus. Read our article about <a href=\"https:\/\/antalyatouristinformation.com\/d\/plan\/rent-a-car\/\" target=\"_blank\" style=\"outline: none;\" rel=\"noopener\">renting a car in Antalya<\/a>.<\/li>\n<\/ul>\n<h2 style=\"\" id=\"t-1619538640979\" data-alt-text=\"FAQ\">FAQ (Frequently Asked Questions)<\/h2>\n<p><span><img decoding=\"async\" alt=\"Cleopatra Beach in Antalya in Turkey\" data-id=\"5581\" width=\"702\" data-init-width=\"1000\" height=\"468\" data-init-height=\"667\" title=\"Cleopatra Beach in Antalya in Turkey\" src=\"https:\/\/antalyatouristinformation.com\/d\/wp-content\/uploads\/sites\/9\/2021\/05\/Cleopatra-Beach-in-Antalya.jpg\" data-width=\"702\" data-height=\"468\" loading=\"lazy\" data-pin-media=\"https:\/\/antalyatouristinformation.com\/d\/wp-content\/uploads\/sites\/9\/2021\/06\/prag_50_sehenswuerdigkeiten_pinterest-14.jpg\" data-pin-description=\"Guide to Cleopatra Beach in Alanya | Antalya Tourist Information\" data-pin-url=\"https:\/\/antalyatouristinformation.com\/d\/things-to-do\/beach\/cleopatra\/?tve=true&amp;tcbf=affd232f39\" data-pinpro-key=\"5kh8rs82s\"><\/span><\/p>\n<h2 id=\"t-1619538640980\">The History of Cleopatra Beach<\/h2>\n<p>According to legend, in ancient times the Roman statesman, Marcus Antonius, gave the city of Alanya to the last Egyptian queen, Cleopatra, as a wedding gift.<\/p>\n<p>The Egyptian queen is said to have enjoyed staying here and swimming in the bay. For this reason, the beach bears the name of Cleopatra today.<\/p>\n<p>Cleopatra Beach is one of the most popular beaches in Turkey with about 2 million visitors annually.<\/p>\n<h2 style=\"\" id=\"t-1619538640981\" data-alt-text=\"Contact\">Contact<\/h2>\n<ul>\n<li><span style=\"\"><strong>Address: <\/strong>Cleopatra Beach Antalya (Kleopatra Plaj\u0131)<\/span><\/li>\n<li><span style=\"\"><strong>Public Transport:&nbsp;<\/strong>By bus lines 1, 40, and 50 from the city center<strong>&nbsp;<\/strong><\/span><\/li>\n<\/ul>\n<h2 id=\"t-1619538640982\" data-hide=\"true\">Other Beautiful Beaches Around Cleopatra Beach<\/h2>\n<p>To visit other beautiful beaches in the Antalya region, read these articles:<\/p>\n<ul>\n<li><a href=\"https:\/\/antalyatouristinformation.com\/d\/things-to-do\/beach\/patara\/\" target=\"_blank\" style=\"outline: none;\" rel=\"noopener\">Guide to Patara Beach in Ka\u015f<\/a><\/li>\n<li><a href=\"https:\/\/antalyatouristinformation.com\/d\/things-to-do\/beach\/kaputas\/\" target=\"_blank\" style=\"outline: none;\" rel=\"noopener\">Guide to Kaputa\u015f Beach in Ka\u015f<\/a><\/li>\n<li><a href=\"https:\/\/antalyatouristinformation.com\/d\/things-to-do\/beach\/damlatas\" target=\"_blank\" style=\"outline: none;\" rel=\"noopener\">Guide to Damlata\u015f Beach in Alanya<\/a><\/li>\n<li><a href=\"https:\/\/antalyatouristinformation.com\/d\/things-to-do\/beach\/cleopatra\/\" target=\"_blank\" style=\"outline: none;\" rel=\"noopener\">Guide to Konyaalt\u0131 Beach in Antalya<\/a><\/li>\n<li><a href=\"https:\/\/antalyatouristinformation.com\/d\/things-to-do\/beach\/olympos\/\" target=\"_blank\" style=\"outline: none;\" rel=\"noopener\">Guide to Olympos Beach in \u00c7\u0131ral\u0131<\/a><\/li>\n<\/ul>\n","protected":false},"excerpt":{"rendered":"<p>Millions of tourists choose Turkey every year for a good reason. Turkey has some of the most beautiful beaches you can find in the Mediterranean. The Antalya region is often picked as a favorite destination for its beautiful landscapes and sandy beaches. Foreigners even get married on Antalya&#8217;s most amazing beaches. The legendary Cleopatra Beach [&hellip;]<\/p>\n","protected":false},"author":5,"featured_media":2152,"parent":124,"menu_order":0,"comment_status":"open","ping_status":"closed","template":"","meta":{"_acf_changed":false,"footnotes":""},"categories":[],"tags":[39],"class_list":["post-315","page","type-page","status-publish","has-post-thumbnail","hentry","tag-beach","post-wrapper","thrv_wrapper"],"acf":[],"wp-worthy-pixel":{"ignored":false,"public":null,"server":null,"url":null},"wp-worthy-type":"normal","_links":{"self":[{"href":"https:\/\/antalyatouristinformation.com\/d\/wp-json\/wp\/v2\/pages\/315","targetHints":{"allow":["GET"]}}],"collection":[{"href":"https:\/\/antalyatouristinformation.com\/d\/wp-json\/wp\/v2\/pages"}],"about":[{"href":"https:\/\/antalyatouristinformation.com\/d\/wp-json\/wp\/v2\/types\/page"}],"author":[{"embeddable":true,"href":"https:\/\/antalyatouristinformation.com\/d\/wp-json\/wp\/v2\/users\/5"}],"replies":[{"embeddable":true,"href":"https:\/\/antalyatouristinformation.com\/d\/wp-json\/wp\/v2\/comments?post=315"}],"version-history":[{"count":39,"href":"https:\/\/antalyatouristinformation.com\/d\/wp-json\/wp\/v2\/pages\/315\/revisions"}],"predecessor-version":[{"id":10792,"href":"https:\/\/antalyatouristinformation.com\/d\/wp-json\/wp\/v2\/pages\/315\/revisions\/10792"}],"up":[{"embeddable":true,"href":"https:\/\/antalyatouristinformation.com\/d\/wp-json\/wp\/v2\/pages\/124"}],"wp:featuredmedia":[{"embeddable":true,"href":"https:\/\/antalyatouristinformation.com\/d\/wp-json\/wp\/v2\/media\/2152"}],"wp:attachment":[{"href":"https:\/\/antalyatouristinformation.com\/d\/wp-json\/wp\/v2\/media?parent=315"}],"wp:term":[{"taxonomy":"category","embeddable":true,"href":"https:\/\/antalyatouristinformation.com\/d\/wp-json\/wp\/v2\/categories?post=315"},{"taxonomy":"post_tag","embeddable":true,"href":"https:\/\/antalyatouristinformation.com\/d\/wp-json\/wp\/v2\/tags?post=315"}],"curies":[{"name":"wp","href":"https:\/\/api.w.org\/{rel}","templated":true}]}}