{"id":317,"date":"2021-02-15T14:51:47","date_gmt":"2021-02-15T13:51:47","guid":{"rendered":"http:\/\/antalyatouristinformation.com\/d\/?page_id=317"},"modified":"2021-06-20T17:42:02","modified_gmt":"2021-06-20T15:42:02","slug":"patara","status":"publish","type":"page","link":"https:\/\/antalyatouristinformation.com\/d\/things-to-do\/beach\/patara\/","title":{"rendered":"Guide to Patara Beach in Ka\u015f: Access, Attractions, and Tips"},"content":{"rendered":"<p>Millions of tourists choose Turkey every year for a good reason. Turkey has some of the most beautiful beaches you can find in the Mediterranean. The Antalya region is usually picked as a favorite destination for its&nbsp;<strong>beautiful landscapes and sandy beaches<\/strong>.<\/p>\n<p>The wide Patara Beach on the Lycian coast is a paradise of honey-yellow sand dunes. It&#8217;s the longest and widest <a href=\"https:\/\/antalyatouristinformation.com\/d\/things-to-do\/beach\/\" style=\"outline: none;\">beach <\/a>in Turkey and is also considered to be one of the most beautiful beaches in the world.<\/p>\n<p>In this guide, you will find all the important information about Patara Beach near Ka\u015f, including what to expect during your visit, helpful information on entrance fees, and how to get there.<\/p>\n<p><span><img decoding=\"async\" alt=\"Patara beach in Antalya in Turkey\" data-id=\"2196\" width=\"702\" data-init-width=\"1000\" height=\"468\" data-init-height=\"667\" title=\"Patara beach in Antalya in Turkey\" src=\"\/\/antalyatouristinformation.com\/d\/wp-content\/uploads\/sites\/9\/2021\/04\/Patara-beach-in-Antalya-in-Turkey.jpg\" data-width=\"702\" data-height=\"468\" loading=\"lazy\" data-pin-media=\"https:\/\/antalyatouristinformation.com\/d\/wp-content\/uploads\/sites\/9\/2021\/06\/prag_50_sehenswuerdigkeiten_pinterest-28.jpg\" data-pin-description=\"Guide to Patara Beach in Ka\u015f | Antalya Tourist Information\" data-pin-url=\"https:\/\/antalyatouristinformation.com\/d\/things-to-do\/beach\/patara\/?tve=true&amp;tcbf=3fb0886d64\" data-pinpro-key=\"s7cxzbjve\"><\/span><\/p>\n<h2 id=\"t-1619540419715\" data-alt-text=\"What Can I Do?\">What Can I Do at Patara Beach?<\/h2>\n<p>The 12 km long Patara Beach is famous for its gorgeous sandy beach. It&#8217;s characterized by its remarkable <strong>500 meter&nbsp;<\/strong><strong>width<\/strong>. With so much&nbsp;<strong>fine, honey-yellow sand<\/strong>, Patara Beach is more <strong>like a desert <\/strong>than a beach. This is what makes it so unique.<\/p>\n<p>The surroundings are undeveloped and this reinforces the ambiance of this beach. Apart from a large beach caf\u00e9 with quite a few seating areas selling snacks, refreshments, and ice cream, there are no large buildings.<\/p>\n<p>Despite its popularity, this natural beach caters to vacationers who prefer<strong> quiet and seclusion<\/strong>. Thanks to the wide area, it&#8217;s not a problem to find a quiet spot for yourself.<\/p>\n<p>You can relax, sunbathe, swim, or build sandcastles with your children. The water is very clear and pure. The<strong> sea is shallow,<\/strong> which is why families with children like to visit Patara Beach. However, there are big waves from time to time.<\/p>\n<p>Free showers, changing rooms, and toilets are available on the beach. Sunbeds and umbrellas can be rented for a fee.<\/p>\n<p>During the golden hours of sunset, a very special scenery appears. You can wonderfully watch the sunset from the cliffs and take <strong>dreamlike photos with many sand dunes<\/strong> and the sea in the background.<\/p>\n<p>Since Patara Beach is a protected area, it closes at 8:00 pm to leave the Caretta Caretta sea turtles that are nesting here undisturbed.<\/p>\n<h3>Attractions in the Area<\/h3>\n<p>The r<strong>uins of the ancient port city of Patara<\/strong> are located in close proximity to the beach. The ancient city is famous mainly for the fact that Nicholas of Myra was born here. Learn more about this ancient city in our guide to <a href=\"https:\/\/antalyatouristinformation.com\/d\/things-to-do\/history\/patara\/\">Patara<\/a>.<\/p>\n<p>Other ancient cities in the area that are worth a visit are the <a href=\"https:\/\/antalyatouristinformation.com\/d\/things-to-do\/history\/xanthos\/\" style=\"outline: none;\">ancient city of Xanthos<\/a> and <a href=\"https:\/\/antalyatouristinformation.com\/d\/things-to-do\/history\/letoon\/\" style=\"outline: none;\">Letoon<\/a>.<\/p>\n<p>Another famous attraction is the famous <a href=\"https:\/\/antalyatouristinformation.com\/d\/things-to-do\/canyon\/saklikent\/\" style=\"outline: none;\">Sakl\u0131kent Canyon <\/a>in Sakl\u0131kent National Park. It&#8217;s one of the<strong> most visited sights<\/strong> in the area.<\/p>\n<p><span><img decoding=\"async\" alt=\"Sunset in Patara Beach in Antalya\" data-id=\"2198\" width=\"702\" data-init-width=\"1000\" height=\"468\" data-init-height=\"667\" title=\"Sunset in Patara Beach in Antalya\" src=\"\/\/antalyatouristinformation.com\/d\/wp-content\/uploads\/sites\/9\/2021\/04\/Sunset-in-Patara-Beach-in-Antalya.jpg\" data-width=\"702\" data-height=\"468\" loading=\"lazy\" data-pin-media=\"https:\/\/antalyatouristinformation.com\/d\/wp-content\/uploads\/sites\/9\/2021\/06\/prag_50_sehenswuerdigkeiten_pinterest-28.jpg\" data-pin-description=\"Guide to Patara Beach in Ka\u015f | Antalya Tourist Information\" data-pin-url=\"https:\/\/antalyatouristinformation.com\/d\/things-to-do\/beach\/patara\/?tve=true&amp;tcbf=3fb0886d64\" data-pinpro-key=\"v6i5zihch\"><\/span><\/p>\n<h2 id=\"t-1619540419716\" data-alt-text=\"Entrance, Tickets, and Tours\">Entrance, Tickets, and Tours<\/h2>\n<ul>\n<li><span style=\"\"><strong>Entrance:<\/strong> An entrance fee is charged for Patara Beach. Sunbeds and umbrella fees are not included in the price.<\/span><\/li>\n<li style=\"\"><span style=\"\"><strong>Tickets:<\/strong> Tickets are available at the ticket office on site.<\/span><\/li>\n<li><span style=\"\"><strong>Tours:&nbsp;<\/strong>Jeep safari excursions that go from the town of Fethiye to Patara Beach are very popular. They are available from local operators.<\/span><\/li>\n<\/ul>\n<ul>\n<li><span style=\"\"><strong>Tip:<\/strong> To book amusement parks, museums, and tour tickets in advance of your trip to the Antalya region, don&#8217;t hesitate to check out the deals in our official shop.<\/span><\/li>\n<\/ul>\n<p><span><img decoding=\"async\" alt=\"Patara beach in Antalya\" data-id=\"2200\" width=\"702\" data-init-width=\"1000\" height=\"468\" data-init-height=\"667\" title=\"Patara beach in Antalya\" src=\"\/\/antalyatouristinformation.com\/d\/wp-content\/uploads\/sites\/9\/2021\/04\/Patara-beach-in-Antalya.jpg\" data-width=\"702\" data-height=\"468\" loading=\"lazy\" data-pin-media=\"https:\/\/antalyatouristinformation.com\/d\/wp-content\/uploads\/sites\/9\/2021\/06\/prag_50_sehenswuerdigkeiten_pinterest-28.jpg\" data-pin-description=\"Guide to Patara Beach in Ka\u015f | Antalya Tourist Information\" data-pin-url=\"https:\/\/antalyatouristinformation.com\/d\/things-to-do\/beach\/patara\/?tve=true&amp;tcbf=3fb0886d64\" data-pinpro-key=\"xjvh6ihmv\"><\/span><\/p>\n<h2 id=\"t-1619540419717\" data-alt-text=\"How to Get There\">How to Get to Patara Beach Near Ka\u015f?<\/h2>\n<p>Patara Beach is located in between Ka\u015f and Fethiye in the Antalya province. It&#8217;s situated in Gelemi\u015f village, about 42 km from Ka\u015f.<\/p>\n<ul>\n<li><strong>Public Transport:&nbsp;<\/strong>You can easily reach Patara Beach by<a href=\"https:\/\/antalyatouristinformation.com\/d\/public-transport\/\" style=\"outline: none;\"> public transport<\/a>. For example, minibuses leave every 20 minutes from the Ka\u015f bus station and go to the beach.<\/li>\n<li><strong>By Bus:<\/strong> From the center of Antalya there are also buses that go to Patara Beach.&nbsp;<\/li>\n<li><strong>By Car:<\/strong> Since the center of Antalya is 220 km away, getting there by<a href=\"https:\/\/antalyatouristinformation.com\/d\/plan\/rent-a-car\/\" style=\"outline: none;\"> rental car <\/a>is a good option. There are plenty of parking facilities on site.<\/li>\n<\/ul>\n<p><span><img decoding=\"async\" alt=\"The city gate of Patara in Antalya\" data-id=\"2202\" width=\"702\" data-init-width=\"1000\" height=\"468\" data-init-height=\"667\" title=\"The city gate of Patara in Antalya\" src=\"\/\/antalyatouristinformation.com\/d\/wp-content\/uploads\/sites\/9\/2021\/04\/The-city-gate-of-Patara-in-Antalya.jpg\" data-width=\"702\" data-height=\"468\" loading=\"lazy\" data-pin-media=\"https:\/\/antalyatouristinformation.com\/d\/wp-content\/uploads\/sites\/9\/2021\/06\/prag_50_sehenswuerdigkeiten_pinterest-28.jpg\" data-pin-description=\"Guide to Patara Beach in Ka\u015f | Antalya Tourist Information\" data-pin-url=\"https:\/\/antalyatouristinformation.com\/d\/things-to-do\/beach\/patara\/?tve=true&amp;tcbf=3fb0886d64\" data-pinpro-key=\"memg76e64\"><\/span><\/p>\n<h2 style=\"\" id=\"t-1619540419718\" data-alt-text=\"FAQ \">FAQ (Frequently Asked Questions)<\/h2>\n<h2 id=\"t-1619540419719\">Hotels Around Patara Beach<\/h2>\n<p>Since Patara Beach is a protected area, there are no large hotel complexes and resorts in the area. You will find family run hotels and more modest accommodations for every budget. Here are four hotels near Patara Beach.<\/p>\n<p><strong>Patara Caretta Hotel: <\/strong>This small family-run hotel is surrounded by picturesque nature. There is a free shuttle service, so you can easily explore the ruins of Patara as well as Patara Beach, which are about 5 km from the hotel<strong>.&nbsp;<\/strong><u>Address:<\/u>Gelemi\u015f Mahallesi, Gedik Sokak No: 27, Patara, Ka\u015f\/Antalya<\/p>\n<p><strong>Apollon Hotel: <\/strong>Apollon Hotel is located 3 km from the coast of<strong>&nbsp;<\/strong>Patara Beach. This quiet 3-star hotel with a pool and an on-site restaurant is a good choice for families with children. <u>Address:<\/u>Gelemi\u015f, Patara Merkez<\/p>\n<p><strong>Golden Lighthouse Hotel: <\/strong>If you are looking for a cozy place to<strong>&nbsp;<\/strong>relax, Golden Lighthouse Hotel is right for you. This nice, small hotel with pleasant atmosphere is close to the center of Patara (200m), the ancient city of Patara (2 km), and Patara Beach (3 km). <u>Address:<\/u>Patara Merkez sokak no 39, Ka\u015f\/Antalya<\/p>\n<p><strong>Flower Pension: <\/strong>This is a budget-friendly pension close to Patara Beach. Here, you will find Turkish cuisine with fresh vegetables from their own garden, as well as a casual ambience. Also, if you love flowers, herbs, and trees, this might be a perfect fit.<strong>&nbsp;<\/strong><u>Address:&nbsp;<\/u>Gelemi\u015f K\u00f6y\u00fc Merkez Mah. 11 &#8211; 11\/B.<\/p>\n<h2 style=\"\" id=\"t-1619540419720\" data-alt-text=\"Contact\">Contact<\/h2>\n<ul>\n<li><span style=\"\"><strong>Address:&nbsp;<\/strong>Patara Beach,<strong> <\/strong>Gelemi\u015f, 07976 Ka\u015f\/Antalya<\/span><\/li>\n<li><span style=\"\"><strong>Opening Hours:&nbsp;<\/strong>Daily from 8:00 am to 08:00 pm<\/span><\/li>\n<li><span style=\"\"><strong>Public Transport:&nbsp;<\/strong>By minibuses from the Ka\u015f bus station<\/span><\/li>\n<\/ul>\n<h2 id=\"t-1619540419721\" data-hide=\"true\">Other Beautiful Beaches Around Patara Beach<\/h2>\n<p>To visit other beautiful beaches in the Antalya region, read these articles:<\/p>\n<ul>\n<li><a href=\"https:\/\/antalyatouristinformation.com\/d\/things-to-do\/beach\/kaputas\/\" target=\"_blank\" style=\"outline: none;\" rel=\"noopener\">Guide to Kaputa\u015f Beach in Ka\u015f<\/a><\/li>\n<li><a href=\"https:\/\/antalyatouristinformation.com\/d\/things-to-do\/beach\/cleopatra\/\" target=\"_blank\" style=\"outline: none;\" rel=\"noopener\">Guide to Cleopatra Beach in Alanya<\/a><\/li>\n<li><a href=\"https:\/\/antalyatouristinformation.com\/d\/things-to-do\/beach\/damlatas\" target=\"_blank\" style=\"outline: none;\" rel=\"noopener\">Guide to Damlata\u015f Beach in Alanya<\/a><\/li>\n<li><a href=\"https:\/\/antalyatouristinformation.com\/d\/things-to-do\/beach\/cleopatra\/\" target=\"_blank\" style=\"outline: none;\" rel=\"noopener\">Guide to Konyaalt\u0131 Beach in Antalya<\/a><\/li>\n<li><a href=\"https:\/\/antalyatouristinformation.com\/d\/things-to-do\/beach\/olympos\/\" target=\"_blank\" style=\"outline: none;\" rel=\"noopener\">Guide to Olympos Beach in Kemer<\/a><\/li>\n<\/ul>\n","protected":false},"excerpt":{"rendered":"<p>Millions of tourists choose Turkey every year for a good reason. Turkey has some of the most beautiful beaches you can find in the Mediterranean. The Antalya region is usually picked as a favorite destination for its&nbsp;beautiful landscapes and sandy beaches. The wide Patara Beach on the Lycian coast is a paradise of honey-yellow sand [&hellip;]<\/p>\n","protected":false},"author":5,"featured_media":2195,"parent":124,"menu_order":0,"comment_status":"open","ping_status":"closed","template":"","meta":{"_acf_changed":false,"footnotes":""},"categories":[],"tags":[39],"class_list":["post-317","page","type-page","status-publish","has-post-thumbnail","hentry","tag-beach","post-wrapper","thrv_wrapper"],"acf":[],"wp-worthy-pixel":{"ignored":false,"public":null,"server":null,"url":null},"wp-worthy-type":"normal","_links":{"self":[{"href":"https:\/\/antalyatouristinformation.com\/d\/wp-json\/wp\/v2\/pages\/317","targetHints":{"allow":["GET"]}}],"collection":[{"href":"https:\/\/antalyatouristinformation.com\/d\/wp-json\/wp\/v2\/pages"}],"about":[{"href":"https:\/\/antalyatouristinformation.com\/d\/wp-json\/wp\/v2\/types\/page"}],"author":[{"embeddable":true,"href":"https:\/\/antalyatouristinformation.com\/d\/wp-json\/wp\/v2\/users\/5"}],"replies":[{"embeddable":true,"href":"https:\/\/antalyatouristinformation.com\/d\/wp-json\/wp\/v2\/comments?post=317"}],"version-history":[{"count":29,"href":"https:\/\/antalyatouristinformation.com\/d\/wp-json\/wp\/v2\/pages\/317\/revisions"}],"predecessor-version":[{"id":10862,"href":"https:\/\/antalyatouristinformation.com\/d\/wp-json\/wp\/v2\/pages\/317\/revisions\/10862"}],"up":[{"embeddable":true,"href":"https:\/\/antalyatouristinformation.com\/d\/wp-json\/wp\/v2\/pages\/124"}],"wp:featuredmedia":[{"embeddable":true,"href":"https:\/\/antalyatouristinformation.com\/d\/wp-json\/wp\/v2\/media\/2195"}],"wp:attachment":[{"href":"https:\/\/antalyatouristinformation.com\/d\/wp-json\/wp\/v2\/media?parent=317"}],"wp:term":[{"taxonomy":"category","embeddable":true,"href":"https:\/\/antalyatouristinformation.com\/d\/wp-json\/wp\/v2\/categories?post=317"},{"taxonomy":"post_tag","embeddable":true,"href":"https:\/\/antalyatouristinformation.com\/d\/wp-json\/wp\/v2\/tags?post=317"}],"curies":[{"name":"wp","href":"https:\/\/api.w.org\/{rel}","templated":true}]}}