{"id":3347,"date":"2021-04-19T12:22:48","date_gmt":"2021-04-19T10:22:48","guid":{"rendered":"http:\/\/antalyatouristinformation.com\/d\/?page_id=3347"},"modified":"2021-06-18T11:34:21","modified_gmt":"2021-06-18T09:34:21","slug":"islands","status":"publish","type":"page","link":"https:\/\/antalyatouristinformation.com\/d\/things-to-do\/islands\/","title":{"rendered":"8 Amazing Islands in Antalya You Should See"},"content":{"rendered":"<p>What people often don&#8217;t know is that from Antalya, there are amazing islands to visit.<\/p>\n<p>Indeed, visiting an island for a day is very common. But you have to know which ones are worth it.<\/p>\n<p>In this list below, we compiled the 8 best islands you should see in the Antalya province. You will read about islands with sunken ancient cities, white sandy beaches, and crystal clear water for diving.&nbsp;<\/p>\n<p>Also, covered here is how you can spend the day on a Greek island. Let&#8217;s discover them one by one.<\/p>\n<h2 id=\"t-1621435115307\">1. Kekova Island<\/h2>\n<p><span><img decoding=\"async\" alt=\"Kekova Island in Antalya in Turkey\" data-id=\"5537\" width=\"702\" data-init-width=\"1000\" height=\"468\" data-init-height=\"667\" title=\"Kekova Island in Antalya in Turkey\" loading=\"lazy\" src=\"https:\/\/antalyatouristinformation.com\/d\/wp-content\/uploads\/sites\/9\/2021\/05\/Sunken-City-of-Simena-in-Antalya-in-Turkey.jpg\" data-width=\"702\" data-height=\"468\" data-pinpro-key=\"glej0t505\" data-pin-media=\"https:\/\/antalyatouristinformation.com\/d\/wp-content\/uploads\/sites\/9\/2021\/06\/prag_50_sehenswuerdigkeiten_pinterest-8-3.jpg\" data-pin-description=\"8 amazing Islands To See in Antalya | Antalya Tourist Information\" data-pin-url=\"https:\/\/antalyatouristinformation.com\/d\/things-to-do\/islands\/?tve=true&amp;tcbf=cd7dd7a6c4\"><\/span><\/p>\n<p>The<strong>&nbsp;<\/strong><a href=\"https:\/\/antalyatouristinformation.com\/d\/things-to-do\/islands\/kekova\/\" style=\"outline: none;\"><strong>island of Kekova<\/strong><\/a><strong>&nbsp;<\/strong>and the <strong>s<\/strong><strong>unken city<\/strong>, are among the&nbsp;<strong>most visited places&nbsp;<\/strong>in the Mediterranean. They are&nbsp;<strong>unique historical places<\/strong> both underwater and on land. This area is popular for sailing and a famous stop for Blue Cruises. It can be visited on a daily excursion boat as well.<\/p>\n<p>You should definitely see&nbsp;<a href=\"https:\/\/antalyatouristinformation.com\/d\/things-to-do\/history\/simena\/\" style=\"outline: none;\"><strong>the sunken city of Simena<\/strong><\/a> on the north side of the island overlooking Kalek\u00f6y. The ruins of the old streets and buildings under the water can be seen under the clear water.&nbsp;<\/p>\n<p>There are many interesting places waiting to be discovered in the Kekova region, such as the ruins of&nbsp;<strong>Simena<\/strong>&nbsp;and&nbsp;<strong>Teimussa&nbsp;<\/strong>and the ruins of the ancient cities of<strong>&nbsp;Aperlai&nbsp;<\/strong>and&nbsp;<strong>Dolihiste.<\/strong><\/p>\n<p><a href=\"https:\/\/www.getyourguide.com\/kekova-island-l33480\/from-demre-private-boat-trip-to-kekova-t237752\/\" target=\"_blank\" style=\"outline: none;\" rel=\"noopener\">From Demre, you can take a private boat trip to Kekova<\/a>.<strong>&nbsp;<\/strong>It is possible to hire a private boat to explore the highlights around Kekova Island. Have an intimate experience while spending time around Kekova. Whether you&#8217;re interested in taking multiple dips in the water, exploring ruins and caves, or just taking in the sun, you are sure to enjoy your time at sea on a private boat. This kind of daily excursion trip costs around 280 \u20ac per group of up to 8 people.<\/p>\n<p><a href=\"https:\/\/vigotours.com\/kemer-turkey\/blue-cruise-turkey-from-kemer-to-kekova\" target=\"_blank\" style=\"outline: none;\" rel=\"noopener\">From Kemer to Kekova, explore the sea on a Blue Cruise in Turkey<\/a>. Discover the marvelous coast of Western Antalya for 7 days with Gulet Blue Cruise. An adventurous trip with history, culture, and nature. &nbsp;The prices change depending on the month. It costs about 500 \u20ac per person in the highest season.<\/p>\n<p><a href=\"https:\/\/www.getyourguide.com\/alanya-l918\/alanya-demre-myra-and-kekova-sunken-city-tour-t353521\/\" target=\"_blank\" style=\"outline: none;\" rel=\"noopener\">From Alanya, discover the Demre, Myra, and Kekova Sunken City Tour<\/a>. Check out the sunken city of Kekova and the ancient cities of Demre and <a href=\"https:\/\/antalyatouristinformation.com\/d\/things-to-do\/history\/myra\/\" style=\"outline: none;\">Myra<\/a> on a boat. You will also visit <a href=\"https:\/\/antalyatouristinformation.com\/d\/things-to-do\/history\/st-nicholas-church\/\" style=\"outline: none;\"> St. Nicolas Church<\/a> and rock tombs with a professional guide.<\/p>\n<h2 id=\"t-1621435115308\">2. \u00dc\u00e7 Adalar (Three Islands)<\/h2>\n<p><span><img decoding=\"async\" alt=\"\u00dcc Adalar in Antalya in Turkey\" data-id=\"5610\" width=\"702\" data-init-width=\"1000\" height=\"468\" data-init-height=\"667\" title=\"\u00dcc Adalar in Antalya in Turkey\" loading=\"lazy\" src=\"https:\/\/antalyatouristinformation.com\/d\/wp-content\/uploads\/sites\/9\/2021\/05\/Uec-Adalar-in-Antalya-in-Turkey.jpg\" data-width=\"702\" data-height=\"468\" data-pinpro-key=\"hf9g55w11\" data-pin-media=\"https:\/\/antalyatouristinformation.com\/d\/wp-content\/uploads\/sites\/9\/2021\/06\/prag_50_sehenswuerdigkeiten_pinterest-8-3.jpg\" data-pin-description=\"8 amazing Islands To See in Antalya | Antalya Tourist Information\" data-pin-url=\"https:\/\/antalyatouristinformation.com\/d\/things-to-do\/islands\/?tve=true&amp;tcbf=cd7dd7a6c4\"><\/span><\/p>\n<p>\u00dc\u00e7 Adalar (Three Islands) is a very famous diving spot located near the town of Kemer in Antalya. Diving sites in \u00dc\u00e7 Adalar can be reached with a short 30-minute boat ride.<\/p>\n<p>\u00dc\u00e7 Adalar (Three Islands) is an enormous diving site with 9 reefs and 2 underwater caves. The surfaces of underwater reefs are composed of rocks covered with various marine plants. There are various sized cavities on the surfaces of these walls. One of the largest reefs is Canyon Reef, named after two steep rocks that pass like a canyon.<\/p>\n<ul>\n<li>Read more about <a href=\"https:\/\/antalyatouristinformation.com\/d\/things-to-do\/islands\/uc-adalar\/\" style=\"outline: none;\">\u00dc\u00e7 Adalar in Kemer<\/a>.<\/li>\n<li>Visit amazing <a href=\"https:\/\/antalyatouristinformation.com\/d\/things-to-do\/canyon\/\" style=\"outline: none;\">canyons in Antalya<\/a>.<\/li>\n<\/ul>\n<h2 id=\"t-1621435115309\">3. Suluada (Very Popular with Travelers)<\/h2>\n<p><span><img decoding=\"async\" alt=\"Suluada Island beach in Antalya in Turkey\" data-id=\"5613\" width=\"702\" data-init-width=\"1000\" height=\"468\" data-init-height=\"667\" title=\"Suluada Island beach in Antalya in Turkey\" loading=\"lazy\" src=\"https:\/\/antalyatouristinformation.com\/d\/wp-content\/uploads\/sites\/9\/2021\/05\/Suluada-Island-beach-in-Antalya-in-Turkey.jpg\" data-width=\"702\" data-height=\"468\" data-pinpro-key=\"la3bxud2n\" data-pin-media=\"https:\/\/antalyatouristinformation.com\/d\/wp-content\/uploads\/sites\/9\/2021\/06\/prag_50_sehenswuerdigkeiten_pinterest-8-3.jpg\" data-pin-description=\"8 amazing Islands To See in Antalya | Antalya Tourist Information\" data-pin-url=\"https:\/\/antalyatouristinformation.com\/d\/things-to-do\/islands\/?tve=true&amp;tcbf=cd7dd7a6c4\"><\/span><\/p>\n<p>Suluada is one of the best spots to swim in the <strong>town of Kumluca<\/strong> in Antalya.<\/p>\n<p>With its crystal clear sands and sparkling turquoise waters. You will never need a filter when taking pictures on Suluada!<\/p>\n<p>If you take a boat tour, the first stop is usually Suluada, which is a very unique beauty near Adrasan. It&#8217;s also called as the &#8220;Maldives of the Region&#8221; with its clear turquoise waters and white sands.<\/p>\n<p>If the boat goes directly to Suluada, it will take about 40 minutes to reach the island. The water gets its color and clarity from microorganisms called foraminifera on the island.<\/p>\n<p>The boat tour continues in the direction of bays in Adrasan and C\u0131ral\u0131 with several swimming breaks and a lunch break.<\/p>\n<p>It&#8217;s recommended to make your reservation in advance if you want to take a boat tour. Remember, there are two kinds of boat tours from Adrasan. First, Adrasan bays which does not include Suluada, and second, Adrasan bays and Suluada. Make sure there is Suluada on your tour when making your reservation.<\/p>\n<ul>\n<li>Read more about<a href=\"https:\/\/antalyatouristinformation.com\/d\/things-to-do\/islands\/suluada\/\" style=\"outline: none;\"> Suluada in Antalya<\/a>.<\/li>\n<\/ul>\n<h2 id=\"t-1621435115310\">4. Kastellorizo (Meg\u00edsti or Meis)<\/h2>\n<p><span><img decoding=\"async\" alt=\"Ferrys departing from Alanya Harbour\" data-id=\"5564\" width=\"702\" data-init-width=\"1000\" height=\"468\" data-init-height=\"667\" title=\"Ferrys departing from Alanya Harbour\" loading=\"lazy\" src=\"https:\/\/antalyatouristinformation.com\/d\/wp-content\/uploads\/sites\/9\/2021\/05\/Ferrys-departing-from-Alanya-Harbour.jpg\" data-width=\"702\" data-height=\"468\" data-pinpro-key=\"gu5fjrmyo\" data-pin-media=\"https:\/\/antalyatouristinformation.com\/d\/wp-content\/uploads\/sites\/9\/2021\/06\/prag_50_sehenswuerdigkeiten_pinterest-8-3.jpg\" data-pin-description=\"8 amazing Islands To See in Antalya | Antalya Tourist Information\" data-pin-url=\"https:\/\/antalyatouristinformation.com\/d\/things-to-do\/islands\/?tve=true&amp;tcbf=cd7dd7a6c4\"><\/span><\/p>\n<p>Kastellorizo is a Greek island and municipality of the Dodecanese in the Eastern Mediterranean. It is the closest Greek island to Turkey, only 2.1 km away from Ka\u015f, Antalya.<\/p>\n<p>It&#8217;s possible to get the island with a 20-minute ferry ride from Ka\u015f. Enjoy the beautiful Greek island that has a lot to offer, including beaches, good food, and wonderful welcoming and amazing landscapes.<\/p>\n<p>The island was famous for visa runs in Antalya until Turkey introduced a law, that tourists are only allowed to stay 90 days within 180 days. Before the change, staying some hours in Kastellorizo, reset the 90 days.&nbsp;<\/p>\n<ul>\n<li><strong>Read More:<\/strong><a href=\"https:\/\/antalyatouristinformation.com\/d\/wp-admin\/post.php?post=3342&amp;action=architect&amp;tve=true\" style=\"outline: none;\">Kastellorizo Island in Ka\u015f<\/a><\/li>\n<li><strong>Read More: <\/strong><a href=\"https:\/\/antalyatouristinformation.com\/d\/things-to-do\/kas\/\" style=\"outline: none;\">20 Things to Do in <\/a><a href=\"https:\/\/antalyatouristinformation.com\/d\/wp-admin\/post.php?post=3342&amp;action=architect&amp;tve=true\" style=\"outline: none;\">Ka\u015f<\/a><\/li>\n<\/ul>\n<h2 id=\"t-1621435115311\">5. Dolphin Island<\/h2>\n<p><span><img decoding=\"async\" alt=\"Dolphin Island in Antalya in Turkey\" data-id=\"5618\" width=\"702\" data-init-width=\"1000\" height=\"468\" data-init-height=\"667\" title=\"Dolphin Island in Antalya in Turkey\" loading=\"lazy\" src=\"https:\/\/antalyatouristinformation.com\/d\/wp-content\/uploads\/sites\/9\/2021\/05\/Dolphin-Island-in-Antalya-in-Turkey.jpg\" data-width=\"702\" data-height=\"468\" data-pinpro-key=\"r3fm1lfjb\" data-pin-media=\"https:\/\/antalyatouristinformation.com\/d\/wp-content\/uploads\/sites\/9\/2021\/06\/prag_50_sehenswuerdigkeiten_pinterest-8-3.jpg\" data-pin-description=\"8 amazing Islands To See in Antalya | Antalya Tourist Information\" data-pin-url=\"https:\/\/antalyatouristinformation.com\/d\/things-to-do\/islands\/?tve=true&amp;tcbf=cd7dd7a6c4\"><\/span><\/p>\n<p>Excursions to Dolphin Island depart from Side in Antalya. You can climb aboard to see the lovely dolphins playing and accompanying you on your way, which will make some of the best memories from your trip to Antalya!<\/p>\n<p>You will explore the beautiful sea shore of Side during this full day boat trip while you sunbathe and relax. This tour takes approximately 8 hours and begins from the Side ancient harbor.&nbsp;<\/p>\n<p>There will be several swimming stops both in the pure waters of Manavgat River and in the sea during the ride. The staff will serve a delicious local lunch on board.<\/p>\n<p>The most striking part of this tour is that there is a chance to see sea turtles and adorable dolphins jumping in the sea some days.<\/p>\n<ul>\n<li>Check out this article with more information about <a href=\"https:\/\/antalyatouristinformation.com\/d\/things-to-do\/islands\/dolphin\/\" style=\"outline: none;\">Dolphin Island in Side<\/a>.<\/li>\n<\/ul>\n<h2 id=\"t-1621435115312\">6. S\u0131\u00e7an Adas\u0131 (Turtle Island)<\/h2>\n<p><span><img decoding=\"async\" alt=\"Turtle Island in Antalya in Turkey\" data-id=\"8219\" width=\"702\" data-init-width=\"1000\" height=\"468\" data-init-height=\"667\" title=\"Turtle Island in Antalya in Turkey\" loading=\"lazy\" src=\"https:\/\/antalyatouristinformation.com\/d\/wp-content\/uploads\/sites\/9\/2021\/05\/Turtle-Island-in-Antalya-in-Turkey.jpg\" data-width=\"702\" data-height=\"468\" data-pinpro-key=\"6d6x4y10p\" data-pin-media=\"https:\/\/antalyatouristinformation.com\/d\/wp-content\/uploads\/sites\/9\/2021\/06\/prag_50_sehenswuerdigkeiten_pinterest-8-3.jpg\" data-pin-description=\"8 amazing Islands To See in Antalya | Antalya Tourist Information\" data-pin-url=\"https:\/\/antalyatouristinformation.com\/d\/things-to-do\/islands\/?tve=true&amp;tcbf=cd7dd7a6c4\"><\/span><\/p>\n<p>S\u0131can Adas\u0131 can be translated as &#8220;Rat Island&#8221; and it sometimes called &#8220;Turtle Island&#8221;. It&#8217;s a small islet between Sar\u0131su Beach and Fisherman&#8217;s Shelter and is a hidden beauty in Antalya. There is also an island with the same name close to <a href=\"https:\/\/antalyatouristinformation.com\/d\/things-to-do\/beach\/patara\/\" style=\"outline: none;\">Patara Beach<\/a>!<\/p>\n<p>It&#8217;s a popular diving spot close to Antalya city and a famous way point close to <a href=\"https:\/\/antalyatouristinformation.com\/d\/things-to-do\/beach\/konyaalti\/\" style=\"outline: none;\">Konyaalt\u0131 Beach<\/a> on the way to the <a href=\"https:\/\/antalyatouristinformation.com\/d\/hotel\/\" style=\"outline: none;\">beach resorts in Kemer<\/a>.<\/p>\n<h2 id=\"t-1621435115313\">7. Be\u015f Adalar (Five Islands)<\/h2>\n<p><span><img decoding=\"async\" alt=\"Be\u015f Adalar in Antalya in Turkey\" data-id=\"5625\" width=\"702\" data-init-width=\"1000\" height=\"468\" data-init-height=\"667\" title=\"Be\u015f Adalar in Antalya in Turkey\" loading=\"lazy\" src=\"https:\/\/antalyatouristinformation.com\/d\/wp-content\/uploads\/sites\/9\/2021\/05\/Bes-Adalar-in-Antalya-in-Turkey.jpg\" data-width=\"702\" data-height=\"468\" data-pinpro-key=\"zgrd397ol\" data-pin-media=\"https:\/\/antalyatouristinformation.com\/d\/wp-content\/uploads\/sites\/9\/2021\/06\/prag_50_sehenswuerdigkeiten_pinterest-8-3.jpg\" data-pin-description=\"8 amazing Islands To See in Antalya | Antalya Tourist Information\" data-pin-url=\"https:\/\/antalyatouristinformation.com\/d\/things-to-do\/islands\/?tve=true&amp;tcbf=cd7dd7a6c4\"><\/span><\/p>\n<p>Be\u015f Adalar (Five Islands) is a group of islands close to Cape Gelidonya, on the southern coast of the Teke Peninsula in Antalya.&nbsp;<\/p>\n<p>The largest of the 5 islands is called Devecitas\u0131 Ada (Long Island) and is used as a diving spot with its marvelous underwater beauty and depth.<\/p>\n<p>2 of the 5 islands reach 400-500 feet above sea level, the other three are barren and smaller.<\/p>\n<h2 id=\"t-1621435115314\">8. Ka\u015f Islands&nbsp;<\/h2>\n<p><span><img decoding=\"async\" alt=\"Ka\u015f Islands in Antalya in Turkey\" data-id=\"5626\" width=\"702\" data-init-width=\"1000\" height=\"468\" data-init-height=\"667\" title=\"Ka\u015f Islands in Antalya in Turkey\" loading=\"lazy\" src=\"https:\/\/antalyatouristinformation.com\/d\/wp-content\/uploads\/sites\/9\/2021\/05\/Kas-Islands-in-Antalya-in-Turkey.jpg\" data-width=\"702\" data-height=\"468\" data-pinpro-key=\"3olqsfn8c\" data-pin-media=\"https:\/\/antalyatouristinformation.com\/d\/wp-content\/uploads\/sites\/9\/2021\/06\/prag_50_sehenswuerdigkeiten_pinterest-8-3.jpg\" data-pin-description=\"8 amazing Islands To See in Antalya | Antalya Tourist Information\" data-pin-url=\"https:\/\/antalyatouristinformation.com\/d\/things-to-do\/islands\/?tve=true&amp;tcbf=cd7dd7a6c4\"><\/span><\/p>\n<p>You can take a private boat trip to discover the islands around Ka\u015f from Ka\u015f harbor. G\u00fcvercin Island (Pigeon Island) is a perfect place to swim and snorkel.<\/p>\n<p>There is a shark sculpture under the water here. Traditional Turkish food is prepared and served on the boat as a delicious lunch along with fresh seasonal fruits, Turkish tea, and other snacks during the day.<\/p>\n<p>Discover Limanagzi Bay and Harbor Mouth Bay with crystal clear waters before sailing to Big Pebble Beach. This place is known for its underground cool water stream.&nbsp;<\/p>\n<p>To explore more of Antalya, check out our guide to the best <a href=\"https:\/\/antalyatouristinformation.com\/d\/things-to-do\/beach\/\" style=\"outline: none;\">beaches in Antalya<\/a> and our&nbsp;<a href=\"https:\/\/antalyatouristinformation.com\/d\/hotel\/\" style=\"outline: none;\">resorts selection in Antalya<\/a> for an amazing stay.<\/p>\n","protected":false},"excerpt":{"rendered":"<p>What people often don&#8217;t know is that from Antalya, there are amazing islands to visit. Indeed, visiting an island for a day is very common. But you have to know which ones are worth it. In this list below, we compiled the 8 best islands you should see in the Antalya province. You will read [&hellip;]<\/p>\n","protected":false},"author":4,"featured_media":4115,"parent":113,"menu_order":0,"comment_status":"open","ping_status":"closed","template":"","meta":{"_acf_changed":false,"footnotes":""},"categories":[],"tags":[44],"class_list":["post-3347","page","type-page","status-publish","has-post-thumbnail","hentry","tag-island","post-wrapper","thrv_wrapper"],"acf":[],"wp-worthy-pixel":{"ignored":false,"public":null,"server":null,"url":null},"wp-worthy-type":"normal","_links":{"self":[{"href":"https:\/\/antalyatouristinformation.com\/d\/wp-json\/wp\/v2\/pages\/3347","targetHints":{"allow":["GET"]}}],"collection":[{"href":"https:\/\/antalyatouristinformation.com\/d\/wp-json\/wp\/v2\/pages"}],"about":[{"href":"https:\/\/antalyatouristinformation.com\/d\/wp-json\/wp\/v2\/types\/page"}],"author":[{"embeddable":true,"href":"https:\/\/antalyatouristinformation.com\/d\/wp-json\/wp\/v2\/users\/4"}],"replies":[{"embeddable":true,"href":"https:\/\/antalyatouristinformation.com\/d\/wp-json\/wp\/v2\/comments?post=3347"}],"version-history":[{"count":55,"href":"https:\/\/antalyatouristinformation.com\/d\/wp-json\/wp\/v2\/pages\/3347\/revisions"}],"predecessor-version":[{"id":10691,"href":"https:\/\/antalyatouristinformation.com\/d\/wp-json\/wp\/v2\/pages\/3347\/revisions\/10691"}],"up":[{"embeddable":true,"href":"https:\/\/antalyatouristinformation.com\/d\/wp-json\/wp\/v2\/pages\/113"}],"wp:featuredmedia":[{"embeddable":true,"href":"https:\/\/antalyatouristinformation.com\/d\/wp-json\/wp\/v2\/media\/4115"}],"wp:attachment":[{"href":"https:\/\/antalyatouristinformation.com\/d\/wp-json\/wp\/v2\/media?parent=3347"}],"wp:term":[{"taxonomy":"category","embeddable":true,"href":"https:\/\/antalyatouristinformation.com\/d\/wp-json\/wp\/v2\/categories?post=3347"},{"taxonomy":"post_tag","embeddable":true,"href":"https:\/\/antalyatouristinformation.com\/d\/wp-json\/wp\/v2\/tags?post=3347"}],"curies":[{"name":"wp","href":"https:\/\/api.w.org\/{rel}","templated":true}]}}