{"id":3377,"date":"2021-04-19T17:50:17","date_gmt":"2021-04-19T15:50:17","guid":{"rendered":"http:\/\/antalyatouristinformation.com\/d\/?page_id=3377"},"modified":"2021-05-16T01:26:06","modified_gmt":"2021-05-15T23:26:06","slug":"oymapinar-dam","status":"publish","type":"page","link":"https:\/\/antalyatouristinformation.com\/d\/things-to-do\/attraction\/oymapinar-dam\/","title":{"rendered":"Visit Oymap\u0131nar Dam in Antalya: Access &#038; Tips"},"content":{"rendered":"<p>You can find many very nice places to visit during your trip to Manavgat in Antalya Region. The Oymap\u0131nar Dam is one of them. It is a beautiful escape from beach and city, immersed into complete nature.<\/p>\n<p>Oymap\u0131nar Dam on the Manavgat River is located in the Taurus Mountains, about 80 km east of Antalya and 25 km inland from the coast. It is the largest dam in the region and the <strong>third largest dam in Turkey<\/strong>.&nbsp;<\/p>\n<p>Oymap\u0131nar Dam receives many visitors with its enchanting natural beauty and cooling effect. If you are looking for a different experience other than hitting to the beaches around Antalya for a day, this is a perfect alternative tourism region fascinating with its nature!<\/p>\n<p>In this article, we will provide you useful information to visit the Oymap\u0131nar Dam: Access, tips, location, tickets and activities to do in there.<\/p>\n<p><span><img decoding=\"async\" alt=\"Oymap\u0131nar Dam in Antalya in Turkey\" data-id=\"5354\" width=\"702\" data-init-width=\"1000\" height=\"470\" data-init-height=\"670\" title=\"Oymap\u0131nar Dam in Antalya in Turkey\" loading=\"lazy\" src=\"https:\/\/antalyatouristinformation.com\/d\/wp-content\/uploads\/sites\/9\/2021\/04\/boat-cruise-oymapinar.jpg\" data-width=\"702\" data-height=\"470\"><\/span><\/p>\n<h2 id=\"t-1620204957387\" data-alt-text=\"What can I do there?\">What can I do at Oymap\u0131nar Dam?<\/h2>\n<p>The reason Oymap\u0131nar Dam was constructed was the production of electrical energy. It attracts the attention of many local and foreign visitors recently with the beautiful scenery and canyon tour with a boat.<\/p>\n<p>If you&#8217;re into nature walks and catching marvellous angles for photography, visiting <strong>Oymap\u0131nar Dam<\/strong> should be among your list while you&#8217;re in the region, next to the best <a href=\"https:\/\/antalyatouristinformation.com\/d\/things-to-do\/national-parks\" target=\"_blank\" rel=\"noopener\">National Parks in Antalya<\/a>.&nbsp;<\/p>\n<p>Oymap\u0131nar village is located 18 km away from Manavgat center. After the entrance gate of the dam, it is reached to the top of the dam by following the road on the right.<\/p>\n<p>The exciting view of the 180-meter-high Oymap\u0131nar dam built in a narrow valley awaits you on the top. On one side there is a 180-meter cliff, and other side a concrete structure that resists the extreme pressure of the reservoir well over 100 meters deep, converting potential energy into electricity.<\/p>\n<p>If visiting <a href=\"https:\/\/antalyatouristinformation.com\/d\/things-to-do\/waterfall\/manavgat-waterfall\/\" target=\"_blank\" style=\"outline: none;\" rel=\"noopener\">Manavgat Waterfall<\/a> is on your list, you can reach Oymap\u0131nar Dam by driving another 30 minutes. Manavgat Dam and Oymap\u0131nar Dam are located in the north of Manavgat District. The first dam is Manavgat Dam and the second is Oymap\u0131nar Dam. The distance between Manavgat Waterfall and Oymap\u0131nar Dam is about 15 km. There are also daily guided tours combining many places and attractions in their program.&nbsp;<\/p>\n<ul>\n<li>Read about the <a href=\"https:\/\/antalyatouristinformation.com\/d\/things-to-do\/attraction\/manavgat-river\/\" target=\"_blank\" style=\"outline: none;\" rel=\"noopener\">Manavgat River Visit<\/a>, for boat cruise and Watersport activities.<\/li>\n<li>Read more about the famous <a href=\"https:\/\/antalyatouristinformation.com\/d\/things-to-do\/waterfall\/manavgat-waterfall\/\" target=\"_blank\" rel=\"noopener\">Manavgat Waterfall<\/a><\/li>\n<li>Also check out our article about <a href=\"https:\/\/antalyatouristinformation.com\/d\/shopping\/manavgat-bazaar\/\" target=\"_blank\" rel=\"noopener\">Manavgat Bazaar<\/a>, the best of the region<\/li>\n<\/ul>\n<h3>Boat Tours on the Oymap\u0131nar Dam and Green Canyon<\/h3>\n<p>Oymap\u0131nar Dam, one of the <strong>highest dams in Turkey<\/strong>, looks breathtaking from the hills of the valley.<\/p>\n<p>In the summer months, boat tours are organized on the dam. These boats will take the visitors near the source of Manavgat river and stop at 2 different places for a swimming break.<\/p>\n<p>Don&#8217;t forget your swimsuits to cool off in the dam lake! The <a href=\"https:\/\/antalyatouristinformation.com\/d\/things-to-do\/canyon\/green\" target=\"_blank\" style=\"outline: none;\" rel=\"noopener\"><strong>Green Canyon<\/strong><\/a>, which is hundreds of meters long will be an exciting part of the river cruise.<\/p>\n<ul>\n<li>Discover all the amazing <a href=\"https:\/\/antalyatouristinformation.com\/d\/things-to-do\/canyon\/\" target=\"_blank\" rel=\"noopener\">Canyons in Antalya<\/a> with our complete guide.&nbsp;<\/li>\n<\/ul>\n<h3><strong>Interesting facts<\/strong><\/h3>\n<ul>\n<li><span style=\"\">A bacterium in the water changed the color of the water into green and thus the dam is known as Green Canyon.&nbsp;<\/span><\/li>\n<li style=\"\"><span style=\"\">In 2004, &nbsp;Green Canyon declared as a protected area. A bird sanctuary and wide roads are built to encourage touristic and sporting activities in the region.<\/span><\/li>\n<\/ul>\n<p><span><img decoding=\"async\" alt=\"oymap\u0131nar dam in Antalya in Turkey\" data-id=\"5357\" width=\"702\" data-init-width=\"1000\" height=\"470\" data-init-height=\"670\" title=\"oymap\u0131nar dam in Antalya in Turkey\" loading=\"lazy\" src=\"https:\/\/antalyatouristinformation.com\/d\/wp-content\/uploads\/sites\/9\/2021\/04\/aerial-oymapinar-dam.jpg\" data-width=\"702\" data-height=\"470\"><\/span><\/p>\n<h2 id=\"t-1620204957392\">Entrance, tickets and tours<\/h2>\n<ul>\n<li><span style=\"\"><strong>Entrance:<\/strong> The entrance for &nbsp;Oymap\u0131nar Dam is free.<\/span><\/li>\n<li><span style=\"\"><strong>Tours:<\/strong> There are guided tours with Green Canyon and Oymap\u0131nar Dam. <a href=\"https:\/\/www.viator.com\/tours\/Side\/Green-Canyon-Boat-Tour-from-Side\/d23557-9398P25\" target=\"_blank\" rel=\"noopener\">Click here<\/a> to find our about them.<\/span><\/li>\n<\/ul>\n<ul>\n<li><span style=\"\"><strong>Tip:<\/strong> To book amusement parks, museums and tours tickets in advance for your trip in Antalya region, don&#8217;t hesitate to check our deals in our official shop:<\/span><\/li>\n<\/ul>\n<h2 id=\"t-1620204957388\" data-alt-text=\"How to get there?\">How to get to Oymap\u0131nar Dam<\/h2>\n<p>Oymap\u0131nar Dam is 22 km away from Manavgat Center, and 93 km from Antalya Center.<\/p>\n<ul>\n<li><strong>By Car:&nbsp;<\/strong>To reach Oymap\u0131nar Dam, head north from Manavgat Center to Manavgat Waterfall. Manavgat Dam lake will be left on your right. After passing Oymap\u0131nar village, you&#8217;ll reach the dam.<\/li>\n<li><strong><a href=\"https:\/\/antalyatouristinformation.com\/d\/plan\/rent-a-car\/\" target=\"_blank\" rel=\"noopener\">Rent a car in Antalya<\/a><strong>&nbsp;<\/strong><\/strong>to see many sights in the region is also possible.<\/li>\n<li><strong>Public Transportation: <\/strong>Minibuses from Antalya Intercity Bus Terminal direction of Manavgat<\/li>\n<li><strong>With a Tour: <\/strong>You can book your trip to Oymap\u0131nar Dam and Green Canyon online! This will be an easy way to get there is a chance to be picked up from your <a href=\"https:\/\/antalyatouristinformation.com\/d\/hotel\/\" target=\"_blank\" rel=\"noopener\">hotel in Antalya<\/a>.<\/li>\n<\/ul>\n<p><span><img decoding=\"async\" alt=\"oymap\u0131nar river in Antalya in Turkey\" data-id=\"5360\" width=\"702\" data-init-width=\"1000\" height=\"470\" data-init-height=\"670\" title=\"oymap\u0131nar river in Antalya in Turkey\" loading=\"lazy\" src=\"https:\/\/antalyatouristinformation.com\/d\/wp-content\/uploads\/sites\/9\/2021\/04\/oymapinar-river.jpg\" data-width=\"702\" data-height=\"470\"><\/span><\/p>\n<h2 style=\"\" id=\"t-1620204957389\" data-alt-text=\"FAQ\">FAQ (Frequently Asked Questions)<\/h2>\n<p><span><img decoding=\"async\" alt=\"oymap\u0131nar dam in Antalya in Turkey\" data-id=\"5363\" width=\"702\" data-init-width=\"1000\" height=\"470\" data-init-height=\"670\" title=\"oymap\u0131nar dam in Antalya in Turkey\" loading=\"lazy\" src=\"https:\/\/antalyatouristinformation.com\/d\/wp-content\/uploads\/sites\/9\/2021\/04\/shutterstock_1749625610.jpg\" data-width=\"702\" data-height=\"470\" style=\"\"><\/span><\/p>\n<h2 id=\"t-1620204957390\" data-alt-text=\"History of the dam\">History of the Oymap\u0131nar Dam<\/h2>\n<p>The dam was built by the Turkish state and planned by the French engineering firm Coyne et Bellier from Paris. The main contractor was the company Bilfinger und Berger from Mannheim. The construction work on the dam wall was finished in February 1983.<\/p>\n<p>A total of 676,000 m\u00b3 (according to other information 573,000 m\u00b3) of concrete was used in the structure. The cavern power plant with four turbines, which is located in an underground cavern in the rock, has a maximum output of 540 MW. This is 3% of the total Turkish installed capacity.<\/p>\n<h2 style=\"\" id=\"t-1620204957391\" data-alt-text=\"Contact and Location\">Contact:<\/h2>\n<ul>\n<li><span style=\"\"><strong>Address:&nbsp;<\/strong>Oymap\u0131nar Baraj\u0131 ve Hidroelektrik Santrali, Manavgat\/Antalya<\/span><\/li>\n<li><span style=\"\"><strong>Public Transport:&nbsp;<\/strong>Minibuses from Antalya Intercity Bus Terminal direction of Manavgat<\/span><\/li>\n<\/ul>\n","protected":false},"excerpt":{"rendered":"<p>You can find many very nice places to visit during your trip to Manavgat in Antalya Region. The Oymap\u0131nar Dam is one of them. It is a beautiful escape from beach and city, immersed into complete nature. Oymap\u0131nar Dam on the Manavgat River is located in the Taurus Mountains, about 80 km east of Antalya [&hellip;]<\/p>\n","protected":false},"author":4,"featured_media":6498,"parent":117,"menu_order":0,"comment_status":"open","ping_status":"closed","template":"","meta":{"_acf_changed":false,"footnotes":""},"categories":[],"tags":[],"class_list":["post-3377","page","type-page","status-publish","has-post-thumbnail","hentry","post-wrapper","thrv_wrapper"],"acf":[],"wp-worthy-pixel":{"ignored":false,"public":null,"server":null,"url":null},"wp-worthy-type":"normal","_links":{"self":[{"href":"https:\/\/antalyatouristinformation.com\/d\/wp-json\/wp\/v2\/pages\/3377","targetHints":{"allow":["GET"]}}],"collection":[{"href":"https:\/\/antalyatouristinformation.com\/d\/wp-json\/wp\/v2\/pages"}],"about":[{"href":"https:\/\/antalyatouristinformation.com\/d\/wp-json\/wp\/v2\/types\/page"}],"author":[{"embeddable":true,"href":"https:\/\/antalyatouristinformation.com\/d\/wp-json\/wp\/v2\/users\/4"}],"replies":[{"embeddable":true,"href":"https:\/\/antalyatouristinformation.com\/d\/wp-json\/wp\/v2\/comments?post=3377"}],"version-history":[{"count":37,"href":"https:\/\/antalyatouristinformation.com\/d\/wp-json\/wp\/v2\/pages\/3377\/revisions"}],"predecessor-version":[{"id":10619,"href":"https:\/\/antalyatouristinformation.com\/d\/wp-json\/wp\/v2\/pages\/3377\/revisions\/10619"}],"up":[{"embeddable":true,"href":"https:\/\/antalyatouristinformation.com\/d\/wp-json\/wp\/v2\/pages\/117"}],"wp:featuredmedia":[{"embeddable":true,"href":"https:\/\/antalyatouristinformation.com\/d\/wp-json\/wp\/v2\/media\/6498"}],"wp:attachment":[{"href":"https:\/\/antalyatouristinformation.com\/d\/wp-json\/wp\/v2\/media?parent=3377"}],"wp:term":[{"taxonomy":"category","embeddable":true,"href":"https:\/\/antalyatouristinformation.com\/d\/wp-json\/wp\/v2\/categories?post=3377"},{"taxonomy":"post_tag","embeddable":true,"href":"https:\/\/antalyatouristinformation.com\/d\/wp-json\/wp\/v2\/tags?post=3377"}],"curies":[{"name":"wp","href":"https:\/\/api.w.org\/{rel}","templated":true}]}}