{"id":3382,"date":"2021-04-19T17:56:36","date_gmt":"2021-04-19T15:56:36","guid":{"rendered":"http:\/\/antalyatouristinformation.com\/d\/?page_id=3382"},"modified":"2021-06-13T22:35:06","modified_gmt":"2021-06-13T20:35:06","slug":"manavgat-river","status":"publish","type":"page","link":"https:\/\/antalyatouristinformation.com\/d\/things-to-do\/attraction\/manavgat-river\/","title":{"rendered":"Guide to Manavgat River: Boat cruise, Falls &#038; Rafting"},"content":{"rendered":"<p>One of the Top activities recommended around Manavgat is definitely a Boat Cruise on the Manavgat River. It&#8217;s a great way to enjoy a full day of relaxation and fun, diving in the region&#8217;s most impressive nature.<\/p>\n<p>Manavgat River has its source in the Taurus Mountains and flows into the Mediterranean Sea after passing through the city of Manavgat.<\/p>\n<p>Manavgat River has a suitable environment for <a href=\"https:\/\/antalyatouristinformation.com\/d\/things-to-do\/watersport\" target=\"_blank\" style=\"outline: none;\" rel=\"noopener\">watersports in Antalya<\/a>. Indeed, rafting activity on the river and safari<strong>&nbsp;<\/strong>around the waterfall are among the most popular activities in the region.<\/p>\n<p>On this page, we will provide you all the important information to know about Manavgat River: Location and Access, Boat Cruises, Rafting, Waterfalls&#8230; and more.<\/p>\n<p><span><img decoding=\"async\" alt=\"manavgat river in Antalya in Turkey\" data-id=\"5851\" width=\"702\" data-init-width=\"1000\" height=\"470\" data-init-height=\"670\" title=\"manavgat river in Antalya in Turkey\" loading=\"lazy\" src=\"https:\/\/antalyatouristinformation.com\/d\/wp-content\/uploads\/sites\/9\/2021\/05\/cruises-on-the-manavgat-river-in-antalya.jpg\" data-width=\"702\" data-height=\"470\"><\/span><\/p>\n<h2 id=\"t-1620200468199\" data-alt-text=\"What can I do at the River?\">What can I do at Manavgat River?<\/h2>\n<p>The <a href=\"https:\/\/antalyatouristinformation.com\/d\/things-to-do\/attraction\/oymapinar-dam\/\" target=\"_blank\" rel=\"noopener\"><strong>Oymap\u0131nar Dam<\/strong><\/a>, whose construction was completed in 1984, is approximately 25 km above the point where the Manavgat River flows into the sea. The Manavgat Dam is approximately 10 km below Oymap\u0131nar Dam. It&#8217;s construction was finished in 1987. <a href=\"https:\/\/antalyatouristinformation.com\/d\/things-to-do\/waterfall\/manavgat-waterfall\/\" target=\"_blank\" style=\"outline: none;\" rel=\"noopener\"><strong>Manavgat Waterfall<\/strong><\/a><strong>&nbsp;<\/strong>is reached after 7 km from the <strong>Manavgat Dam<\/strong> in the direction of the waterway.<\/p>\n<h3>Boat Tours in Manavgat River<\/h3>\n<p><strong><\/strong>From the center of Manavgat, it is possible to attend boat cruises over the river that lasts around 3 to 4 hours. The visitors are taken to Manavgat Waterfall with shuttles from the city center. There are different daily boat tour routes in the region, apart from private tours. Let&#8217;s check out some of them.<\/p>\n<ul>\n<li><strong>Waterfalls Tour:<\/strong> Boats picking passengers from Manavgat City Center to go up to Small Waterfall from the river. The second sight is big and famous Manavgat Waterfall. Worth seeing.<\/li>\n<li><strong>Manavgat River Boat Tour:&nbsp;<\/strong>These are the tours organized to the Manavgat Strait, where the Manavgat River meets the sea. The duration of this tour takes longer than the Waterfall Tour. Visitors are able to swim in both sea and cold river in the same day while admiring the unique natural beauty of Manavgat river.<\/li>\n<li><strong>Manavgat Bazaar and Waterfalls Tour:&nbsp;<\/strong>This is a daily tour route including the famous <a href=\"https:\/\/antalyatouristinformation.com\/d\/shopping\/manavgat-bazaar\/\" target=\"_blank\" rel=\"noopener\"><strong>Manavgat Bazaar<\/strong><\/a> which is set on Mondays and Thursdays. In addition, Small Waterfall and Big Waterfall visits are often combined to this tour.<\/li>\n<li><strong>Green Canyon Tour:<\/strong> Boat tours on the Green Canyon are organized by local operators. The cruise takes you along a rugged rocky landscape across the Olymap\u0131nar Dam, which is one of the biggest dams in Turkey with an area of 470 hectares. The serene atmosphere and peaceful environment will help creating a calming experience. More about <a href=\"https:\/\/antalyatouristinformation.com\/d\/things-to-do\/canyon\/green\" target=\"_blank\" rel=\"noopener\">Green Canyon in Manavgat<\/a>.<\/li>\n<li><strong>Karabarun Tour:&nbsp;<\/strong>The Small Island is standing at the entrance of Karaburun Bay, which is approximately 20-25 km from the Manavgat River in the direction of Alanya. The visitors enjoy watching the unique view of the Taurus Mountains from the sea. This daily tour makes several swimming breaks around the small island in Karaburun Bay as well as on the river on the way back.<\/li>\n<\/ul>\n<p><span><img decoding=\"async\" alt=\"alt\u0131nbesik cave in Antalya in Turkey\" data-id=\"1745\" width=\"702\" data-init-width=\"1200\" height=\"369\" data-init-height=\"630\" title=\"alt\u0131nbesik cave in Antalya in Turkey\" loading=\"lazy\" src=\"https:\/\/antalyatouristinformation.com\/d\/wp-content\/uploads\/sites\/9\/2021\/03\/altinbesik-cave-in-antalya.jpg\" data-width=\"702\" data-height=\"369\"><\/span><\/p>\n<h3>Cave visit<\/h3>\n<p><span lang=\"en\"><span data-language-for-alternatives=\"en\" data-language-to-translate-into=\"tr\" data-phrase-index=\"0\">Within the Manavgat River Basin, there is<strong>&nbsp;<\/strong><\/span><\/span><span lang=\"en\"><span data-language-for-alternatives=\"en\" data-language-to-translate-into=\"tr\" data-phrase-index=\"0\"><strong>Alt\u0131nbe\u015fik Cave<\/strong><\/span><\/span><span lang=\"en\"><span data-language-for-alternatives=\"en\" data-language-to-translate-into=\"tr\" data-phrase-index=\"0\">, which is one of the most beautiful underground caves in the world.<\/span><\/span><\/p>\n<p><span lang=\"en\"><span data-language-for-alternatives=\"en\" data-language-to-translate-into=\"tr\" data-phrase-index=\"0\">The cave is only suitable for entrance during the summer and autumn months. In winter and spring, the cave is completely filled with water and flows from the stream. That&#8217;s why the cave closes naturally during these seasons. More about <\/span><\/span><a href=\"https:\/\/antalyatouristinformation.com\/d\/things-to-do\/cave\/altinbesik\/\" target=\"_blank\" style=\"outline: none;\" rel=\"noopener\"><span lang=\"en\"><span data-language-for-alternatives=\"en\" data-language-to-translate-into=\"tr\" data-phrase-index=\"0\">Alt\u0131nbe\u015fik Cave in Antalya<\/span><\/span><\/a><span lang=\"en\"><span data-language-for-alternatives=\"en\" data-language-to-translate-into=\"tr\" data-phrase-index=\"0\">.&nbsp;<\/span><\/span><\/p>\n<h3 id=\"t-1620207888165\">Water Sports in Manavgat River<\/h3>\n<p>Water sports are the popular activities of this river. Specially rafting, but not only.<\/p>\n<ul>\n<li><strong>Rafting:&nbsp;<\/strong><\/li>\n<\/ul>\n<p><strong><\/strong>To determine the starting point for rafting course in Manavgat River, the flow rate of the water should be considered. Sahap Bridge near \u0130bradi village is the place where the rafting courses are done during the months when the water flow is suitable. Manavgat River has a <strong>difficult rafting trail <\/strong>which can be dangerous for beginners. Thats why, definitely there should be professionals to assist the groups.&nbsp;<\/p>\n<p>This is a very picturesque and adventureous track that includes three beautiful <a href=\"https:\/\/antalyatouristinformation.com\/d\/things-to-do\/canyon\/\" target=\"_blank\" style=\"outline: none;\" rel=\"noopener\">Canyons in Antalya<\/a> and various sizes of waterfalls.&nbsp;<\/p>\n<p>While sailing with the shade provided by the canyons, the raftingers are not affected by the heat and able to watch the surroundings since the flow rate of the river slows down between the transitions.<\/p>\n<p>Apart from rafting, it is possible to make small discoveries by the canoe on the river.<\/p>\n<p><span><img decoding=\"async\" alt=\"Rafting at K\u00f6pr\u00fcl\u00fc Kanyon in Antalya in Turkey\" data-id=\"6194\" width=\"702\" data-init-width=\"1000\" height=\"468\" data-init-height=\"667\" title=\"Rafting at K\u00f6pr\u00fcl\u00fc Kanyon in Antalya in Turkey\" loading=\"lazy\" src=\"https:\/\/antalyatouristinformation.com\/d\/wp-content\/uploads\/sites\/9\/2021\/05\/Koprulu-Kanyon-in-Antalya-in-Turkey-7.jpg\" data-width=\"702\" data-height=\"468\"><\/span><\/p>\n<p><strong>Other Sports and Sights Around Manavgat River:<\/strong><\/p>\n<p>\u0130brad\u0131 and Ormana villages are suitable for mountain <strong>biking<\/strong>, <strong>trekking<\/strong> and <strong>paragliding<\/strong>. This is a lovely cedar-scented region with different type of local Turkish houses (button houses) away from the crowd of the touristic places. During the spring, you can see twelve kinds of endemic flowers here.&nbsp;<\/p>\n<p><span><img decoding=\"async\" alt=\"boat cruise manavgat river in Antalya in Turkey\" data-id=\"5853\" width=\"702\" data-init-width=\"1000\" height=\"471\" data-init-height=\"670\" title=\"boat cruise manavgat river in Antalya in Turkey\" loading=\"lazy\" src=\"https:\/\/antalyatouristinformation.com\/d\/wp-content\/uploads\/sites\/9\/2021\/05\/boat-cruise-on-manavgat-river.jpg\" data-width=\"702\" data-height=\"471\"><\/span><\/p>\n<h2 id=\"t-1620200468200\">Entrance, Tickets and Tours<\/h2>\n<ul>\n<li style=\"\"><span style=\"\"><strong>Tickets:<\/strong> There is no need for a ticket for Manavgat River.<\/span><\/li>\n<li><span style=\"\"><strong>Tours: <\/strong>Attending a daily tour is one of the easiest ways to explore the area. Don&#8217;t hesitate to check out our current offers in our shop.<\/span><\/li>\n<\/ul>\n<ul>\n<li><span style=\"\"><strong>Tip:<\/strong> To book amusement parks, museums and tours tickets in advance for your trip in Antalya region, don&#8217;t hesitate to check our deals in our official shop:<\/span><\/li>\n<\/ul>\n<p><span><img decoding=\"async\" alt=\"\" data-id=\"5854\" width=\"702\" data-init-width=\"1000\" height=\"471\" data-init-height=\"670\" title=\"valley in manavgat river in antalya in turkey\" loading=\"lazy\" src=\"https:\/\/antalyatouristinformation.com\/d\/wp-content\/uploads\/sites\/9\/2021\/05\/valley-in-manavgat-river-in-antalya-in-turkey.jpg\" data-width=\"702\" data-height=\"471\"><\/span><\/p>\n<h2 id=\"t-1620200468201\">How to get to Manavgat River<\/h2>\n<p><strong>By Car: <\/strong>Manavgat Dam is approximately 12 km from Manavgat town center, 87 km from Antalya center and 62 km from Alanya center. On your way to Manavgat Waterfall, you can turn right from the &#8220;Manavgat&#8221; sign to reach Manavgat Dam. Check our fully detailed article to <a href=\"https:\/\/antalyatouristinformation.com\/d\/plan\/rent-a-car\/\" target=\"_blank\" rel=\"noopener\">rent a car in Antalya<\/a>.<\/p>\n<p><strong>By Tour: <\/strong>There are daily tours organized by local tour operators. You can pick one of the routes including Manavgat river on their itinerary.<\/p>\n<p><span><img decoding=\"async\" alt=\"boat on the manavgat river in Antalya in Turkey\" data-id=\"5852\" width=\"702\" data-init-width=\"1000\" height=\"471\" data-init-height=\"670\" title=\"boat on the manavgat river in Antalya in Turkey\" loading=\"lazy\" src=\"https:\/\/antalyatouristinformation.com\/d\/wp-content\/uploads\/sites\/9\/2021\/05\/boat-on-the-manavgat-river.jpg\" data-width=\"702\" data-height=\"471\"><\/span><\/p>\n<h2 id=\"t-1620200468202\">History of the Manavgat River<\/h2>\n<p>The Manavgat River, which was called Melas in ancient times, met the water requirement of the ancient city of Side.&nbsp;<\/p>\n<p>The Manavgat River is one of the most important rivers in the Mediterranean Region and our country in terms of the amount of water it carries. It is formed by the combination of the spring waters from the Western Taurus Mountains in the northwest of Antalya Akseki and the waters south of the Gembos closed basin.<\/p>\n<p>Manavgat River stretches for about 90 km, passes through the middle of the town of Manavgat and flows into the Mediterranean from the place called the Bosphorus.<\/p>\n<h2 style=\"\" id=\"t-1620200468203\" data-alt-text=\"Location\">Location:<\/h2>\n","protected":false},"excerpt":{"rendered":"<p>One of the Top activities recommended around Manavgat is definitely a Boat Cruise on the Manavgat River. It&#8217;s a great way to enjoy a full day of relaxation and fun, diving in the region&#8217;s most impressive nature. Manavgat River has its source in the Taurus Mountains and flows into the Mediterranean Sea after passing through [&hellip;]<\/p>\n","protected":false},"author":4,"featured_media":5856,"parent":117,"menu_order":0,"comment_status":"open","ping_status":"closed","template":"","meta":{"_acf_changed":false,"footnotes":""},"categories":[],"tags":[],"class_list":["post-3382","page","type-page","status-publish","has-post-thumbnail","hentry","post-wrapper","thrv_wrapper"],"acf":[],"wp-worthy-pixel":{"ignored":false,"public":null,"server":null,"url":null},"wp-worthy-type":"normal","_links":{"self":[{"href":"https:\/\/antalyatouristinformation.com\/d\/wp-json\/wp\/v2\/pages\/3382","targetHints":{"allow":["GET"]}}],"collection":[{"href":"https:\/\/antalyatouristinformation.com\/d\/wp-json\/wp\/v2\/pages"}],"about":[{"href":"https:\/\/antalyatouristinformation.com\/d\/wp-json\/wp\/v2\/types\/page"}],"author":[{"embeddable":true,"href":"https:\/\/antalyatouristinformation.com\/d\/wp-json\/wp\/v2\/users\/4"}],"replies":[{"embeddable":true,"href":"https:\/\/antalyatouristinformation.com\/d\/wp-json\/wp\/v2\/comments?post=3382"}],"version-history":[{"count":34,"href":"https:\/\/antalyatouristinformation.com\/d\/wp-json\/wp\/v2\/pages\/3382\/revisions"}],"predecessor-version":[{"id":10628,"href":"https:\/\/antalyatouristinformation.com\/d\/wp-json\/wp\/v2\/pages\/3382\/revisions\/10628"}],"up":[{"embeddable":true,"href":"https:\/\/antalyatouristinformation.com\/d\/wp-json\/wp\/v2\/pages\/117"}],"wp:featuredmedia":[{"embeddable":true,"href":"https:\/\/antalyatouristinformation.com\/d\/wp-json\/wp\/v2\/media\/5856"}],"wp:attachment":[{"href":"https:\/\/antalyatouristinformation.com\/d\/wp-json\/wp\/v2\/media?parent=3382"}],"wp:term":[{"taxonomy":"category","embeddable":true,"href":"https:\/\/antalyatouristinformation.com\/d\/wp-json\/wp\/v2\/categories?post=3382"},{"taxonomy":"post_tag","embeddable":true,"href":"https:\/\/antalyatouristinformation.com\/d\/wp-json\/wp\/v2\/tags?post=3382"}],"curies":[{"name":"wp","href":"https:\/\/api.w.org\/{rel}","templated":true}]}}