{"id":3812,"date":"2021-04-23T09:35:12","date_gmt":"2021-04-23T07:35:12","guid":{"rendered":"http:\/\/antalyatouristinformation.com\/d\/?page_id=3812"},"modified":"2021-06-07T22:22:18","modified_gmt":"2021-06-07T20:22:18","slug":"hiking","status":"publish","type":"page","link":"https:\/\/antalyatouristinformation.com\/d\/things-to-do\/hiking\/","title":{"rendered":"12 scenic Hiking Trails in Antalya"},"content":{"rendered":"<p>Antalya is filled with beautiful landscapes including <a href=\"https:\/\/antalyatouristinformation.com\/d\/things-to-do\/beach\/\">beaches<\/a> but also mountains, valleys, lakes, <a href=\"https:\/\/antalyatouristinformation.com\/d\/things-to-do\/canyon\/\">canyons<\/a> and beautiful protected <a href=\"https:\/\/antalyatouristinformation.com\/d\/things-to-do\/national-parks\">national parks<\/a>. Obviously, all this nature is a great ground for hike lovers. However, hiking trails are not easy to find and online ressources are limited.<\/p>\n<p>This is why we created this <strong>guide to hiking in the province Antalya<\/strong> in Turkey. It will help you learn about the best hiking trail locations and details about them.<\/p>\n<p>Also read<span style=\"color: var(--tcb-skin-color-4);\">&nbsp;everything about the preparation for hiking, maps, marked ways,&nbsp;<\/span>accommodation<span style=\"color: var(--tcb-skin-color-4);\">&nbsp;and frequently asked questions about hiking in Turkey.&nbsp;<\/span><\/p>\n<p>Let&#8217;s start with the best trails for hiking in Antalya.&nbsp;<\/p>\n<h2 id=\"t-1620389747570\">1. Termessos Ancient Ruins<\/h2>\n<p><span><img decoding=\"async\" alt=\"Termessos ancient city in Antalya in Turkey\" data-id=\"5644\" width=\"702\" data-init-width=\"1000\" height=\"468\" data-init-height=\"667\" title=\"Termessos ancient city in Antalya in Turkey\" loading=\"lazy\" src=\"https:\/\/antalyatouristinformation.com\/d\/wp-content\/uploads\/sites\/9\/2021\/05\/Termessos-ancient-city-in-Antalya-in-Turkey.jpg\" data-width=\"702\" data-height=\"468\" style=\"\"><\/span><\/p>\n<ul>\n<li><a rel=\"noreferrer noopener nofollow\" href=\"https:\/\/pinterest.com\/pin\/create\/button\/?url=https:\/\/antalyatouristinformation.com\/d\/things-to-do\/hiking\/?tve=true&amp;tcbf=42f1711944&amp;is_video=false&amp;media=https:\/\/antalyatouristinformation.com\/d\/wp-content\/uploads\/sites\/9\/2021\/05\/Termessos-ancient-city-in-Antalya-in-Turkey.jpg&amp;description=Hiking%20in%20Antalya%3A%2012%20scenic%20Trails%20%5BGuide%20with%20Tips%5D\" onclick=\"essb.window('https:\/\/pinterest.com\/pin\/create\/button\/?url=https:\/\/antalyatouristinformation.com\/d\/things-to-do\/hiking\/?tve=true&amp;tcbf=42f1711944&amp;is_video=false&amp;media=https:\/\/antalyatouristinformation.com\/d\/wp-content\/uploads\/sites\/9\/2021\/05\/Termessos-ancient-city-in-Antalya-in-Turkey.jpg&amp;description=Hiking%20in%20Antalya%3A%2012%20scenic%20Trails%20%5BGuide%20with%20Tips%5D','pinpro','kov62gob'); return false;\" target=\"_blank\"><span><\/span><span>Pin<\/span><\/a><\/li>\n<\/ul>\n<p>A highlight near Antalya is the hike to the ruins of the ancient city of Termessos at the foot of Mount Solymos. Already Homer mentioned the Solymans in his Iliad, the story of Troy, as brave warriors.<\/p>\n<p>Alexander the Great failed in the siege of the mountain city. He did not want to sacrifice his army to an eagle&#8217;s nest. Today, Turkey&#8217;s &#8220;Machu Piccu&#8221; at 1,500 meters above sea level in Termessos National Park is a wonderful destination for a one-hour hike.<\/p>\n<p>The experience at the end of the hike is the view from the Roman Theater with more than 5,000 seats to the mountains of the Taurus Mountains.<\/p>\n<p>Discover more information about <a href=\"https:\/\/antalyatouristinformation.com\/d\/things-to-do\/history\/termessos\/\" style=\"outline: none;\">Termessos Ancient Site<\/a><\/p>\n<h2 id=\"t-1620389747571\">2. Yanartas-Chimaira<\/h2>\n<p><span><img decoding=\"async\" alt=\"Yanartas Chimaira in Cirali in Antalya in Turkey by Thomas\" data-id=\"5739\" width=\"702\" data-init-width=\"1000\" height=\"437\" data-init-height=\"623\" title=\"Yanartas Chimaira in Cirali in Antalya in Turkey by Thomas\" loading=\"lazy\" src=\"https:\/\/antalyatouristinformation.com\/d\/wp-content\/uploads\/sites\/9\/2021\/05\/Yanartas-Chimaira-in-Cirali-in-Antalya-in-Turkey-2.jpg\" data-width=\"702\" data-height=\"437\" style=\"\"><\/span><\/p>\n<ul>\n<li><a rel=\"noreferrer noopener nofollow\" href=\"https:\/\/pinterest.com\/pin\/create\/button\/?url=https:\/\/antalyatouristinformation.com\/d\/things-to-do\/hiking\/?tve=true&amp;tcbf=42f1711944&amp;is_video=false&amp;media=https:\/\/antalyatouristinformation.com\/d\/wp-content\/uploads\/sites\/9\/2021\/05\/Yanartas-Chimaira-in-Cirali-in-Antalya-in-Turkey-2.jpg&amp;description=Hiking%20in%20Antalya%3A%2012%20scenic%20Trails%20%5BGuide%20with%20Tips%5D\" onclick=\"essb.window('https:\/\/pinterest.com\/pin\/create\/button\/?url=https:\/\/antalyatouristinformation.com\/d\/things-to-do\/hiking\/?tve=true&amp;tcbf=42f1711944&amp;is_video=false&amp;media=https:\/\/antalyatouristinformation.com\/d\/wp-content\/uploads\/sites\/9\/2021\/05\/Yanartas-Chimaira-in-Cirali-in-Antalya-in-Turkey-2.jpg&amp;description=Hiking%20in%20Antalya%3A%2012%20scenic%20Trails%20%5BGuide%20with%20Tips%5D','pinpro','kov62goh'); return false;\" target=\"_blank\"><span><\/span><span>Pin<\/span><\/a><\/li>\n<\/ul>\n<p>About 70 kilometers southwest of Antalya near \u00c7\u0131ral\u0131, a millennium-old natural phenomenon can be observed. In several places flames emerge from the rocky mountainside, also called the &#8220;eternal fires of Chimaira&#8221;.<\/p>\n<p>The fire fields are located 2 kilometers from the sea 250 meters above the coast. From the caf\u00e9 it takes 30 minutes to reach the first flames and about 60 minutes to reach the last flames on the hill.<\/p>\n<p>Read more about the fires of <a href=\"https:\/\/antalyatouristinformation.com\/d\/things-to-do\/history\/yanartas-chimaera\/\" style=\"outline: none;\">Chimaira Yanartas<\/a><\/p>\n<h2 id=\"t-1620389747572\">3. Lycian Way<\/h2>\n<p><span><img decoding=\"async\" alt=\"Lycian Way in Antalya in Turkey\" data-id=\"4219\" width=\"702\" data-init-width=\"1000\" height=\"468\" data-init-height=\"667\" title=\"Lycian Way in Antalya in Turkey\" loading=\"lazy\" src=\"https:\/\/antalyatouristinformation.com\/d\/wp-content\/uploads\/sites\/9\/2021\/04\/Lycian-Way-in-Antalya-in-Turkey.jpg\" data-width=\"702\" data-height=\"468\" style=\"\"><\/span><\/p>\n<ul>\n<li><a rel=\"noreferrer noopener nofollow\" href=\"https:\/\/pinterest.com\/pin\/create\/button\/?url=https:\/\/antalyatouristinformation.com\/d\/things-to-do\/hiking\/?tve=true&amp;tcbf=42f1711944&amp;is_video=false&amp;media=https:\/\/antalyatouristinformation.com\/d\/wp-content\/uploads\/sites\/9\/2021\/04\/Lycian-Way-in-Antalya-in-Turkey.jpg&amp;description=Hiking%20in%20Antalya%3A%2012%20scenic%20Trails%20%5BGuide%20with%20Tips%5D\" onclick=\"essb.window('https:\/\/pinterest.com\/pin\/create\/button\/?url=https:\/\/antalyatouristinformation.com\/d\/things-to-do\/hiking\/?tve=true&amp;tcbf=42f1711944&amp;is_video=false&amp;media=https:\/\/antalyatouristinformation.com\/d\/wp-content\/uploads\/sites\/9\/2021\/04\/Lycian-Way-in-Antalya-in-Turkey.jpg&amp;description=Hiking%20in%20Antalya%3A%2012%20scenic%20Trails%20%5BGuide%20with%20Tips%5D','pinpro','kov62gol'); return false;\" target=\"_blank\"><span><\/span><span>Pin<\/span><\/a><\/li>\n<\/ul>\n<p>Cultural routes are hiking trails that follow old trade routes or the footsteps of famous travelers. The best known is the 509-kilometer Likya Yolu, which runs from Fethiye to Antalya and is an option for experienced hikers.<\/p>\n<p>The trail leads along sights such as the ruins of the UNESCO World Heritage Site of Xanthos, Myra and the cliffs of the Lycian Coast to Antalya.<\/p>\n<p>Of course, partial routes can also be hiked. For guests in the area around Patara, Kalkan or Ka\u015f, the 16-kilometer section that leads from the ruins of Pydnai via the remains of Letoon to the excavation site of Xanthos in five hours without any significant climbs is just as interesting as the route that leads from the ruins of Phellos at an altitude of 860 meters, partly steeply downhill to Ka\u015f.<\/p>\n<p>On the entire Lycian Way there are numerous other part routes that can be hiked.<\/p>\n<p>Read more with our complete guide of <a href=\"https:\/\/antalyatouristinformation.com\/d\/things-to-do\/attraction\/lycian-way\/\" style=\"outline: none;\">Lycian Way Hiking Trail<\/a> that informs you about location, trails and special tips.&nbsp;<\/p>\n<h2 id=\"t-1620389747573\">4. Paulus Way<\/h2>\n<p><span><img decoding=\"async\" alt=\"Paulus Way in Antalya in Turkey\" data-id=\"7144\" width=\"702\" data-init-width=\"1000\" height=\"468\" data-init-height=\"667\" title=\"Paulus Way in Antalya in Turkey\" loading=\"lazy\" src=\"https:\/\/antalyatouristinformation.com\/d\/wp-content\/uploads\/sites\/9\/2021\/05\/Paulus-Way-in-Antalya-in-Turkey.jpg\" data-width=\"702\" data-height=\"468\" data-pinpro-key=\"ty5rioc88\"><\/span><\/p>\n<p>The Paulus Way, another cultural route with very demanding and strenuous sections, is considered the second oldest hiking trail in Turkey with a length of 500 kilometers.<\/p>\n<p>It begins in Perge, 10 kilometers east of Antalya, and follows the footsteps of the Apostle Paul to the ancient site of Antioch near Yalva\u00e7 in the northeast of Lake E\u011firdir. The trail leads to altitudes of up to 2,200 meters. Partial stretches can be hiked.<\/p>\n<h2 id=\"t-1620389747574\">5. Alanya City Centre to Syedra<\/h2>\n<p><span><img decoding=\"async\" alt=\"Syedra Ancient Site in Alanya in Antalya in Turkey\" data-id=\"1520\" width=\"702\" data-init-width=\"1000\" height=\"470\" data-init-height=\"670\" title=\"Syedra Ancient Site in Alanya in Antalya in Turkey\" loading=\"lazy\" src=\"https:\/\/antalyatouristinformation.com\/d\/wp-content\/uploads\/sites\/9\/2021\/03\/syedra-anc-site-in-alanya-antalya-in-turkey.jpg\" data-width=\"702\" data-height=\"470\" style=\"\"><\/span><\/p>\n<ul>\n<li><a rel=\"noreferrer noopener nofollow\" href=\"https:\/\/pinterest.com\/pin\/create\/button\/?url=https:\/\/antalyatouristinformation.com\/d\/things-to-do\/hiking\/?tve=true&amp;tcbf=42f1711944&amp;is_video=false&amp;media=https:\/\/antalyatouristinformation.com\/d\/wp-content\/uploads\/sites\/9\/2021\/03\/syedra-anc-site-in-alanya-antalya-in-turkey.jpg&amp;description=Hiking%20in%20Antalya%3A%2012%20scenic%20Trails%20%5BGuide%20with%20Tips%5D\" onclick=\"essb.window('https:\/\/pinterest.com\/pin\/create\/button\/?url=https:\/\/antalyatouristinformation.com\/d\/things-to-do\/hiking\/?tve=true&amp;tcbf=42f1711944&amp;is_video=false&amp;media=https:\/\/antalyatouristinformation.com\/d\/wp-content\/uploads\/sites\/9\/2021\/03\/syedra-anc-site-in-alanya-antalya-in-turkey.jpg&amp;description=Hiking%20in%20Antalya%3A%2012%20scenic%20Trails%20%5BGuide%20with%20Tips%5D','pinpro','kov62goo'); return false;\" target=\"_blank\"><span><\/span><span>Pin<\/span><\/a><\/li>\n<\/ul>\n<p>Seydra used to be an ancient city whose first literary mentions date back to the middle of the 1st century BC. On a high hilltop off the coast lie the ruins of the city, which you enter through the well-preserved monumental gate to the west. Perhaps you will visit one of the two caves, the Cistern Cave and the Baptistery Cave, whose walls are decorated with frescoes from the early Christian period.<\/p>\n<p>From the top of the mountain there is a fantastic view of the whole surrounding countryside. Syedra is located about 18 kilometers from the center of Alanya, the hike takes about 3 hours.<\/p>\n<p>Read more details about <a href=\"https:\/\/antalyatouristinformation.com\/d\/things-to-do\/history\/syedra\/\" style=\"outline: none;\">Syedra Ancient Site<\/a><\/p>\n<p>More <a href=\"https:\/\/antalyatouristinformation.com\/d\/things-to-do\/history\/\" style=\"outline: none;\">Ancient City Ruins in Antalya<\/a><\/p>\n<p>Here are other<a href=\"https:\/\/antalyatouristinformation.com\/d\/things-to-do\/alanya\/\" style=\"outline: none;\"> things to do in Alanya<\/a><\/p>\n<h2 id=\"t-1620389747575\">6. Hiking in the Mountains in Ormana<\/h2>\n<p><span><img decoding=\"async\" alt=\"Hiking in the Mountains in Ormana in Antalya in Turkey\" data-id=\"7147\" width=\"702\" data-init-width=\"1000\" height=\"470\" data-init-height=\"667\" title=\"Hiking in the Mountains in Ormana in Antalya in Turkey\" loading=\"lazy\" src=\"https:\/\/antalyatouristinformation.com\/d\/wp-content\/uploads\/sites\/9\/2021\/05\/Hiking-in-the-Mountains-in-Ormana-in-Antalya-in-Turkey.jpg\" data-width=\"702\" data-height=\"470\" style=\"\"><\/span><\/p>\n<ul>\n<li><a rel=\"noreferrer noopener nofollow\" href=\"https:\/\/pinterest.com\/pin\/create\/button\/?url=https:\/\/antalyatouristinformation.com\/d\/things-to-do\/hiking\/?tve=true&amp;tcbf=42f1711944&amp;is_video=false&amp;media=https:\/\/antalyatouristinformation.com\/d\/wp-content\/uploads\/sites\/9\/2021\/05\/Hiking-in-the-Mountains-in-Ormana-in-Antalya-in-Turkey.jpg&amp;description=Hiking%20in%20Antalya%3A%2012%20scenic%20Trails%20%5BGuide%20with%20Tips%5D\" onclick=\"essb.window('https:\/\/pinterest.com\/pin\/create\/button\/?url=https:\/\/antalyatouristinformation.com\/d\/things-to-do\/hiking\/?tve=true&amp;tcbf=42f1711944&amp;is_video=false&amp;media=https:\/\/antalyatouristinformation.com\/d\/wp-content\/uploads\/sites\/9\/2021\/05\/Hiking-in-the-Mountains-in-Ormana-in-Antalya-in-Turkey.jpg&amp;description=Hiking%20in%20Antalya%3A%2012%20scenic%20Trails%20%5BGuide%20with%20Tips%5D','pinpro','kov62gor'); return false;\" target=\"_blank\"><span><\/span><span>Pin<\/span><\/a><\/li>\n<\/ul>\n<p>The village of Ormana is located in the foothills of the Taurus Mountains about 60 kilometers from Manavgat and is famous for its button houses built only of stone and boards without nails and cement.<\/p>\n<p>There are several hiking routes from here, including the 11-kilometer trail to <a href=\"https:\/\/antalyatouristinformation.com\/d\/things-to-do\/cave\/altinbesik\/\">Altinbesik Cave<\/a>. Maybe you would like to go mushroom picking in the mountains, the morel, the second most expensive edible mushroom in the world after the truffle? If you are lucky, you will also see some wild horses.<\/p>\n<p>More <a href=\"https:\/\/antalyatouristinformation.com\/d\/sports\/\" style=\"outline: none;\">sports to do in Antalya<\/a>&#8216;s nature<\/p>\n<h2 id=\"t-1620389747576\">7. Hiking in Kas<\/h2>\n<p><span><img decoding=\"async\" alt=\"Hiking in Kas in Antalya in Turkey\" data-id=\"7149\" width=\"702\" data-init-width=\"1000\" height=\"470\" data-init-height=\"667\" title=\"Hiking in Kas in Antalya in Turkey\" loading=\"lazy\" src=\"https:\/\/antalyatouristinformation.com\/d\/wp-content\/uploads\/sites\/9\/2021\/05\/Hiking-in-Kas-in-Antalya-in-Turkey.jpg\" data-width=\"702\" data-height=\"470\" style=\"\"><\/span><\/p>\n<ul>\n<li><a rel=\"noreferrer noopener nofollow\" href=\"https:\/\/pinterest.com\/pin\/create\/button\/?url=https:\/\/antalyatouristinformation.com\/d\/things-to-do\/hiking\/?tve=true&amp;tcbf=42f1711944&amp;is_video=false&amp;media=https:\/\/antalyatouristinformation.com\/d\/wp-content\/uploads\/sites\/9\/2021\/05\/Hiking-in-Kas-in-Antalya-in-Turkey.jpg&amp;description=Hiking%20in%20Antalya%3A%2012%20scenic%20Trails%20%5BGuide%20with%20Tips%5D\" onclick=\"essb.window('https:\/\/pinterest.com\/pin\/create\/button\/?url=https:\/\/antalyatouristinformation.com\/d\/things-to-do\/hiking\/?tve=true&amp;tcbf=42f1711944&amp;is_video=false&amp;media=https:\/\/antalyatouristinformation.com\/d\/wp-content\/uploads\/sites\/9\/2021\/05\/Hiking-in-Kas-in-Antalya-in-Turkey.jpg&amp;description=Hiking%20in%20Antalya%3A%2012%20scenic%20Trails%20%5BGuide%20with%20Tips%5D','pinpro','kov62gou'); return false;\" target=\"_blank\"><span><\/span><span>Pin<\/span><\/a><\/li>\n<\/ul>\n<p>In Ka\u015f there are numerous options for hiking, in total the area has 38 hiking trails. One of them is the 9.6 kilometer long trail that leads from Ka\u015f to Limangaz\u0131 Bay, which can only be reached by boat or on foot.<\/p>\n<p>It takes about 2.5 hours to walk this distance. Another option is a circular walk between two bays, which covers a total of 15 kilometers and takes about 6 hours. In addition, sections of the Lycian Way can be hiked from Ka\u015f.<\/p>\n<p>On the routes the hikers pass ancient ruins and old houses, always accompanied by the breathtaking views of the coast.<\/p>\n<p>Discover the best <a href=\"https:\/\/antalyatouristinformation.com\/d\/things-to-do\/kas\/\" style=\"outline: none;\">things to do in Kas<\/a><\/p>\n<p>Discover more <a href=\"https:\/\/antalyatouristinformation.com\/d\/things-to-do\/\" style=\"outline: none;\">100+ things to do in Antalya<\/a><\/p>\n<h2 id=\"t-1620389747577\">8. Tazi (Eagles Canyon)<\/h2>\n<p><span><img decoding=\"async\" alt=\"Tazi (Eagles Canyon) in Antalya in Turkey\" data-id=\"7152\" width=\"702\" data-init-width=\"1000\" height=\"470\" data-init-height=\"667\" title=\"Tazi (Eagles Canyon) in Antalya in Turkey\" loading=\"lazy\" src=\"https:\/\/antalyatouristinformation.com\/d\/wp-content\/uploads\/sites\/9\/2021\/05\/Tazi-Eagles-Canyon-in-Antalya-in-Turkey-1.jpg\" data-width=\"702\" data-height=\"470\" style=\"\"><\/span><\/p>\n<ul>\n<li><a rel=\"noreferrer noopener nofollow\" href=\"https:\/\/pinterest.com\/pin\/create\/button\/?url=https:\/\/antalyatouristinformation.com\/d\/things-to-do\/hiking\/?tve=true&amp;tcbf=42f1711944&amp;is_video=false&amp;media=https:\/\/antalyatouristinformation.com\/d\/wp-content\/uploads\/sites\/9\/2021\/05\/Tazi-Eagles-Canyon-in-Antalya-in-Turkey-1.jpg&amp;description=Hiking%20in%20Antalya%3A%2012%20scenic%20Trails%20%5BGuide%20with%20Tips%5D\" onclick=\"essb.window('https:\/\/pinterest.com\/pin\/create\/button\/?url=https:\/\/antalyatouristinformation.com\/d\/things-to-do\/hiking\/?tve=true&amp;tcbf=42f1711944&amp;is_video=false&amp;media=https:\/\/antalyatouristinformation.com\/d\/wp-content\/uploads\/sites\/9\/2021\/05\/Tazi-Eagles-Canyon-in-Antalya-in-Turkey-1.jpg&amp;description=Hiking%20in%20Antalya%3A%2012%20scenic%20Trails%20%5BGuide%20with%20Tips%5D','pinpro','kov62gox'); return false;\" target=\"_blank\"><span><\/span><span>Pin<\/span><\/a><\/li>\n<\/ul>\n<p tve-droppable\"\"=\"\">Taz\u0131 Canyon, also called Eagles Canyon, is located within K\u00f6pr\u00fcl\u00fc Canyon only 10 kilometers from the rafting center of K\u00f6pr\u00fcl\u00fc Canyon Nature Park. It is a natural canyon formed by streams. To get there you have to hike about 11 kilometers through the steep rocks in the high mountains, finally being rewarded with a fantastic view.<\/p>\n<p>The area is rich in flora and fauna, animals such as wild boar, deer, fox, wolf, badger, rabbit, lynx and snakes live here. If you are lucky, you can even see golden eagles or buzzards. On the sides of the canyon, a dense and flowering forest offers a picturesque view.<\/p>\n<p>In recent years, Tazi Canyon has become a popular Instagram subject. Particularly in demand are the pictures with the large boulders that border the 300-meter-high cliffs. But be careful, weeds grow on the rocks, making them very slippery in some parts.&nbsp;<\/p>\n<p>By the way, Taz\u0131 means &#8220;greyhound&#8221; in English and not &#8220;eagle&#8221;&#8230;<\/p>\n<p>Here is our complete <a href=\"https:\/\/antalyatouristinformation.com\/d\/things-to-do\/canyon\/tazi-eagle\/\" style=\"outline: none;\">Guide of Tazi Canyon<\/a><\/p>\n<p>Full article about <a href=\"https:\/\/antalyatouristinformation.com\/d\/things-to-do\/canyon\/koprulu\/\" target=\"_blank\" style=\"outline: none;\" rel=\"noopener\">K\u00f6pr\u00fcl\u00fc Canyon in Antalya<\/a><\/p>\n<p>More<a href=\"https:\/\/antalyatouristinformation.com\/d\/things-to-do\/canyon\/\" target=\"_blank\" style=\"outline: none;\" rel=\"noopener\">&nbsp;Canyons in Antalya<\/a><\/p>\n<h2 id=\"t-1620389747578\">9. Hiking from Xanthos to Patara<\/h2>\n<p><span><img decoding=\"async\" alt=\"Patara beach in Antalya\" data-id=\"2200\" width=\"702\" data-init-width=\"1000\" height=\"468\" data-init-height=\"667\" title=\"Patara beach in Antalya\" loading=\"lazy\" src=\"https:\/\/antalyatouristinformation.com\/d\/wp-content\/uploads\/sites\/9\/2021\/04\/Patara-beach-in-Antalya.jpg\" data-width=\"702\" data-height=\"468\" style=\"\"><\/span><\/p>\n<ul>\n<li><a rel=\"noreferrer noopener nofollow\" href=\"https:\/\/pinterest.com\/pin\/create\/button\/?url=https:\/\/antalyatouristinformation.com\/d\/things-to-do\/hiking\/?tve=true&amp;tcbf=42f1711944&amp;is_video=false&amp;media=https:\/\/antalyatouristinformation.com\/d\/wp-content\/uploads\/sites\/9\/2021\/04\/Patara-beach-in-Antalya.jpg&amp;description=Hiking%20in%20Antalya%3A%2012%20scenic%20Trails%20%5BGuide%20with%20Tips%5D\" onclick=\"essb.window('https:\/\/pinterest.com\/pin\/create\/button\/?url=https:\/\/antalyatouristinformation.com\/d\/things-to-do\/hiking\/?tve=true&amp;tcbf=42f1711944&amp;is_video=false&amp;media=https:\/\/antalyatouristinformation.com\/d\/wp-content\/uploads\/sites\/9\/2021\/04\/Patara-beach-in-Antalya.jpg&amp;description=Hiking%20in%20Antalya%3A%2012%20scenic%20Trails%20%5BGuide%20with%20Tips%5D','pinpro','kov62gp0'); return false;\" target=\"_blank\"><span><\/span><span>Pin<\/span><\/a><\/li>\n<\/ul>\n<p>From the archaeological site of Xanthos, which has been a UNESCO World Heritage Site since 1988, a 14-kilometer trail, which is part of the Lycian Trail, leads to Patara.<\/p>\n<p>Here you will also find ruins worth seeing as well as a partly deserted sandy beach. The beach of Patara is closed from mid-June to mid-August, because during this time the hawksbill turtle comes ashore here to lay its eggs.<\/p>\n<p>On the way there are impressive views of Kalkan Bay and the backlands of the Lycian Peninsula. The route takes about 4 hours in total.<\/p>\n<p \"=\"\" our=\"\" a=\"\" href=\"https:\/\/antalyatouristinformation.com\/d\/things-to-do\/beach\/patara\/\" style=\"outline: none;\" guide=\"\" of=\"\" patara=\"\" beach=\"\" in=\"\" kas=\"\" pp=\"\">Check information about <a href=\"https:\/\/antalyatouristinformation.com\/d\/things-to-do\/history\/xanthos\/\" style=\"outline: none;\">Xanthos Ancient Site<\/a><\/p>\n<p \"=\"\" other=\"\" a=\"\" href=\"https:\/\/antalyatouristinformation.com\/d\/things-to-do\/beach\/\" style=\"outline: none;\" beaches=\"\" in=\"\" antalya=\"\" to=\"\" discover=\"\" p=\"\" divdivh2=\"\" id=\"t-1620389747579\" 10.=\"\" olympos=\"\" tahtali=\"\" mount=\"\" h2=\"\" divdivspandivdivdivdivdivdivdivimg=\"\" alt=\"Tahtali Teleferik in Kemer in Turkey\" data-id=\"5055\" width=\"702\" data-init-width=\"1000\" height=\"468\" data-init-height=\"667\" title=\"Tahtali Teleferik in Kemer in Turkey\" loading=\"lazy\" src=\"https:\/\/antalyatouristinformation.com\/d\/wp-content\/uploads\/sites\/9\/2021\/04\/Tahtali-Teleferik-in-Kemer-in-Turkey-5.jpg\" data-width=\"702\" data-height=\"468\" div=\"\" data-essb-position=\"pinit\" data-essb-postid=\"3812\" data-essb-instance=\"kov62gp3\" ullia=\"\" rel=\"noreferrer noopener nofollow\" onclick=\"essb.window('https:\/\/pinterest.com\/pin\/create\/button\/?url=https:\/\/antalyatouristinformation.com\/d\/things-to-do\/hiking\/?tve=true&amp;tcbf=42f1711944&amp;is_video=false&amp;media=https:\/\/antalyatouristinformation.com\/d\/wp-content\/uploads\/sites\/9\/2021\/04\/Tahtali-Teleferik-in-Kemer-in-Turkey-5.jpg&amp;description=Hiking%20in%20Antalya%3A%2012%20scenic%20Trails%20%5BGuide%20with%20Tips%5D','pinpro','kov62gp3'); return false;\" target=\"_blank\" span=\"\" spanspanpin=\"\" li=\"\" ul=\"\" divdivpwithin=\"\" 10=\"\" minutes=\"\" the=\"\" red=\"\" cabins=\"\" of=\"\" cable=\"\" car=\"\" go=\"\" from=\"\" beach=\"\" kemer=\"\" tahtal\u0131=\"\" mountain,=\"\" better=\"\" known=\"\" as=\"\" olympos.=\"\" ride=\"\" up=\"\" 2,365-meter=\"\" mountain=\"\" takes=\"\" about=\"\" minutes,=\"\" and=\"\" panorama=\"\" is=\"\" stunning,=\"\" even=\"\" ancient=\"\" remains=\"\" phaselis=\"\" can=\"\" be=\"\" seen.=\"\" ppfrom=\"\" top=\"\" good=\"\" weather,=\"\" view=\"\" reaches=\"\" alanya.=\"\" here=\"\" there=\"\" are=\"\" numerous=\"\" opportunities=\"\" for=\"\" hiking.=\"\" ppif=\"\" you=\"\" want,=\"\" hike=\"\" directly=\"\" mountain.=\"\" spring,=\"\" summer=\"\" autumn,=\"\" climb=\"\" easily=\"\" doable=\"\" guests=\"\" with=\"\" physical=\"\" condition=\"\" appropriate=\"\" hiking=\"\" equipment.&nbsp;=\"\" pp=\"\"><span lang=\"en\"><span data-language-for-alternatives=\"en\" data-language-to-translate-into=\"auto\" data-phrase-index=\"0\">Check our fully detailed article about&nbsp;<\/span><\/span><a href=\"https:\/\/antalyatouristinformation.com\/d\/wp-admin\/post.php?post=245&amp;action=edit\" target=\"_blank\" style=\"outline: none;\" rel=\"noopener\">Olympos Ancient Site<\/a><\/p>\n","protected":false},"excerpt":{"rendered":"<p>Antalya is filled with beautiful landscapes including beaches but also mountains, valleys, lakes, canyons and beautiful protected national parks. Obviously, all this nature is a great ground for hike lovers. However, hiking trails are not easy to find and online ressources are limited. This is why we created this guide to hiking in the province [&hellip;]<\/p>\n","protected":false},"author":6,"featured_media":7142,"parent":113,"menu_order":0,"comment_status":"open","ping_status":"closed","template":"","meta":{"_acf_changed":false,"footnotes":""},"categories":[],"tags":[69],"class_list":["post-3812","page","type-page","status-publish","has-post-thumbnail","hentry","tag-sports","post-wrapper","thrv_wrapper"],"acf":[],"wp-worthy-pixel":{"ignored":false,"public":null,"server":null,"url":null},"wp-worthy-type":"normal","_links":{"self":[{"href":"https:\/\/antalyatouristinformation.com\/d\/wp-json\/wp\/v2\/pages\/3812","targetHints":{"allow":["GET"]}}],"collection":[{"href":"https:\/\/antalyatouristinformation.com\/d\/wp-json\/wp\/v2\/pages"}],"about":[{"href":"https:\/\/antalyatouristinformation.com\/d\/wp-json\/wp\/v2\/types\/page"}],"author":[{"embeddable":true,"href":"https:\/\/antalyatouristinformation.com\/d\/wp-json\/wp\/v2\/users\/6"}],"replies":[{"embeddable":true,"href":"https:\/\/antalyatouristinformation.com\/d\/wp-json\/wp\/v2\/comments?post=3812"}],"version-history":[{"count":39,"href":"https:\/\/antalyatouristinformation.com\/d\/wp-json\/wp\/v2\/pages\/3812\/revisions"}],"predecessor-version":[{"id":9944,"href":"https:\/\/antalyatouristinformation.com\/d\/wp-json\/wp\/v2\/pages\/3812\/revisions\/9944"}],"up":[{"embeddable":true,"href":"https:\/\/antalyatouristinformation.com\/d\/wp-json\/wp\/v2\/pages\/113"}],"wp:featuredmedia":[{"embeddable":true,"href":"https:\/\/antalyatouristinformation.com\/d\/wp-json\/wp\/v2\/media\/7142"}],"wp:attachment":[{"href":"https:\/\/antalyatouristinformation.com\/d\/wp-json\/wp\/v2\/media?parent=3812"}],"wp:term":[{"taxonomy":"category","embeddable":true,"href":"https:\/\/antalyatouristinformation.com\/d\/wp-json\/wp\/v2\/categories?post=3812"},{"taxonomy":"post_tag","embeddable":true,"href":"https:\/\/antalyatouristinformation.com\/d\/wp-json\/wp\/v2\/tags?post=3812"}],"curies":[{"name":"wp","href":"https:\/\/api.w.org\/{rel}","templated":true}]}}