{"id":3815,"date":"2021-04-23T09:36:06","date_gmt":"2021-04-23T07:36:06","guid":{"rendered":"http:\/\/antalyatouristinformation.com\/d\/?page_id=3815"},"modified":"2021-05-19T09:42:07","modified_gmt":"2021-05-19T07:42:07","slug":"rafting","status":"publish","type":"page","link":"https:\/\/antalyatouristinformation.com\/d\/things-to-do\/rafting\/","title":{"rendered":"Rafting in Antalya: The complete Guide for Wild-Water and Tubing"},"content":{"rendered":"<p>Watersport in a very popular activity in Antalya. There are many choices available for sports and water lovers. Indeed, you can see in our <a href=\"https:\/\/antalyatouristinformation.com\/d\/things-to-do\/watersport\" style=\"outline: none;\">Guide of Waterports in Antalya<\/a> the variety of things to do in the beautiful nature of Antalya.&nbsp;<\/p>\n<p>One popular activities available in Antalya is Rafting. Many great places are the idea landscape for rafting in Antalya province specially during hot summer days.&nbsp;<\/p>\n<p>On this page, you will find ideas of places famous for rafting in Antalya, information about rafting excursions and frequently asked questions.&nbsp;<\/p>\n<p>Let&#8217;s dive into it&#8230;<\/p>\n<p><span><img decoding=\"async\" alt=\"K\u00f6pr\u00fcl\u00fc Canyon in Antalya in Turkey\" data-id=\"7233\" width=\"702\" data-init-width=\"1000\" height=\"470\" data-init-height=\"667\" title=\"K\u00f6pr\u00fcl\u00fc Canyon in Antalya in Turkey\" loading=\"lazy\" src=\"https:\/\/antalyatouristinformation.com\/d\/wp-content\/uploads\/sites\/9\/2021\/05\/Koprulu-Kanyon-in-Antalya-in-Turkey-6.jpg\" data-width=\"702\" data-height=\"470\" style=\"\"><\/p>\n<ul>\n<li><a rel=\"noreferrer noopener nofollow\" href=\"https:\/\/pinterest.com\/pin\/create\/button\/?url=https:\/\/antalyatouristinformation.com\/d\/things-to-do\/rafting\/?tve=true&amp;tcbf=42f1711944&amp;is_video=false&amp;media=https:\/\/antalyatouristinformation.com\/d\/wp-content\/uploads\/sites\/9\/2021\/05\/Koprulu-Kanyon-in-Antalya-in-Turkey-6.jpg&amp;description=Rafting%20in%20Antalya%3A%20Guide%20for%20Wild-Water%20and%20Tubing\" onclick=\"essb.window('https:\/\/pinterest.com\/pin\/create\/button\/?url=https:\/\/antalyatouristinformation.com\/d\/things-to-do\/rafting\/?tve=true&amp;tcbf=42f1711944&amp;is_video=false&amp;media=https:\/\/antalyatouristinformation.com\/d\/wp-content\/uploads\/sites\/9\/2021\/05\/Koprulu-Kanyon-in-Antalya-in-Turkey-6.jpg&amp;description=Rafting%20in%20Antalya%3A%20Guide%20for%20Wild-Water%20and%20Tubing','pinpro','kov5ovh6'); return false;\" target=\"_blank\"><span><\/span><span>Pin<\/span><\/a><\/li>\n<\/ul>\n<p><\/span><\/p>\n<h2 id=\"t-1620409563825\" data-alt-text=\"K\u00f6pr\u00fcl\u00fc Canyon\">1. Rafting at K\u00f6pr\u00fcl\u00fc Canyon<\/h2>\n<p>K\u00f6pr\u00fcl\u00fc is the biggest wild water rafting center in Turkey. There are rafting excursions from all resorts between Kemer and Alanya. Booking of the excursions is possible online with round trip transfers from the hotel.<\/p>\n<p>The tours are offered all year round, even in the winter months. Depending on the provider, the rafting tours include rafting with an inflatable boat, a jeep safari, a photo stop at Eagles Canyon, zip-lining or canyoning.<\/p>\n<p>The equipment needed for rafting is supplied by the provider. This includes, among other things, the life jacket and helmet.<\/p>\n<p>Normally, the rafts are designed for 4 &#8211; 12 people. The inflatable boats are made of very sturdy rubber and have several independent air chambers, so even if one chamber is damaged, the boat will not sink. Even in summer, the water is very cold and hardly gets warmer than a maximum of 12 degrees.&nbsp;<\/p>\n<ul>\n<li>Check these fully detailed articles about <a href=\"https:\/\/antalyatouristinformation.com\/d\/things-to-do\/canyon\/koprulu\/\" style=\"outline: none;\">K\u00f6pr\u00fcl\u00fc Canyon National Park<\/a> and <a href=\"https:\/\/antalyatouristinformation.com\/d\/things-to-do\/canyon\/tazi-eagle\/\">Tazi Eagles Canyon<\/a>.<\/li>\n<li>Check our <a href=\"https:\/\/antalyatouristinformation.com\/d\/hotel\/\">recommandation of hotels in Antalya<\/a><\/li>\n<\/ul>\n<p><span><img decoding=\"async\" alt=\"Rafting in Saklikent in Antalya Turkey\" data-id=\"7322\" width=\"702\" data-init-width=\"1000\" height=\"470\" data-init-height=\"667\" title=\"Rafting in Saklikent in Antalya Turkey\" loading=\"lazy\" src=\"https:\/\/antalyatouristinformation.com\/d\/wp-content\/uploads\/sites\/9\/2021\/05\/Rafting-in-Saklikent-in-Antalya-Turkey.jpg\" data-width=\"702\" data-height=\"470\" style=\"\"><\/p>\n<ul>\n<li><a rel=\"noreferrer noopener nofollow\" href=\"https:\/\/pinterest.com\/pin\/create\/button\/?url=https:\/\/antalyatouristinformation.com\/d\/things-to-do\/rafting\/?tve=true&amp;tcbf=42f1711944&amp;is_video=false&amp;media=https:\/\/antalyatouristinformation.com\/d\/wp-content\/uploads\/sites\/9\/2021\/05\/Rafting-in-Saklikent-in-Antalya-Turkey.jpg&amp;description=Rafting%20in%20Antalya%3A%20Guide%20for%20Wild-Water%20and%20Tubing\" onclick=\"essb.window('https:\/\/pinterest.com\/pin\/create\/button\/?url=https:\/\/antalyatouristinformation.com\/d\/things-to-do\/rafting\/?tve=true&amp;tcbf=42f1711944&amp;is_video=false&amp;media=https:\/\/antalyatouristinformation.com\/d\/wp-content\/uploads\/sites\/9\/2021\/05\/Rafting-in-Saklikent-in-Antalya-Turkey.jpg&amp;description=Rafting%20in%20Antalya%3A%20Guide%20for%20Wild-Water%20and%20Tubing','pinpro','kov5ovhc'); return false;\" target=\"_blank\"><span><\/span><span>Pin<\/span><\/a><\/li>\n<\/ul>\n<p><\/span><\/p>\n<h2 id=\"t-1620409563826\" data-alt-text=\"Saklikent Canyon\">2. Rafting in Saklikent<\/h2>\n<p>Saklikent National Park is divided between Antalya province and the neighboring province of Mugla. Rafting is offered in Saklikent on a small scale. On the river there are mainly offers for rafting with floating tires, which is also called tubing.&nbsp;The oversized tires are also known as &#8220;donuts&#8221; or &#8220;biscuits&#8221; because of their shape. Unlike rafting, where 4-12 people sit in an inflatable boat, each equipped with a stab paddle, in tubing you sit alone with a double paddle in a floating tire. Since the tires are smaller than the inflatables, they spin more often and faster in the water.Tours are available from Antalya province from the Kas region, usually in combination with a jeep safari to ancient ruins such as <a href=\"https:\/\/antalyatouristinformation.com\/d\/things-to-do\/history\/xanthos\/\">Xanthos<\/a> or <a href=\"https:\/\/antalyatouristinformation.com\/d\/things-to-do\/history\/patara\/\">Patara<\/a>, <a href=\"https:\/\/antalyatouristinformation.com\/d\/things-to-do\/beach\/patara\/\">Patara beach<\/a> and an optional mud bath near Saklikent.<\/p>\n<ul>\n<li>Check this fully detailed article about <a href=\"https:\/\/antalyatouristinformation.com\/d\/saklikent-canyon\/\" style=\"outline: none;\">Saklikent Canyon National Park<\/a><\/li>\n<\/ul>\n<p><span><img decoding=\"async\" alt=\"Alara River Rafting is possible in Spring\" data-id=\"7222\" width=\"702\" data-init-width=\"1000\" height=\"470\" data-init-height=\"667\" title=\"Alara River Rafting is possible in Spring\" loading=\"lazy\" src=\"https:\/\/antalyatouristinformation.com\/d\/wp-content\/uploads\/sites\/9\/2021\/05\/Alara-River-Rafting-is-possible-in-Spring.jpg\" data-width=\"702\" data-height=\"470\" style=\"\"><\/p>\n<ul>\n<li><a rel=\"noreferrer noopener nofollow\" href=\"https:\/\/pinterest.com\/pin\/create\/button\/?url=https:\/\/antalyatouristinformation.com\/d\/things-to-do\/rafting\/?tve=true&amp;tcbf=42f1711944&amp;is_video=false&amp;media=https:\/\/antalyatouristinformation.com\/d\/wp-content\/uploads\/sites\/9\/2021\/05\/Alara-River-Rafting-is-possible-in-Spring.jpg&amp;description=Rafting%20in%20Antalya%3A%20Guide%20for%20Wild-Water%20and%20Tubing\" onclick=\"essb.window('https:\/\/pinterest.com\/pin\/create\/button\/?url=https:\/\/antalyatouristinformation.com\/d\/things-to-do\/rafting\/?tve=true&amp;tcbf=42f1711944&amp;is_video=false&amp;media=https:\/\/antalyatouristinformation.com\/d\/wp-content\/uploads\/sites\/9\/2021\/05\/Alara-River-Rafting-is-possible-in-Spring.jpg&amp;description=Rafting%20in%20Antalya%3A%20Guide%20for%20Wild-Water%20and%20Tubing','pinpro','kov5ovhg'); return false;\" target=\"_blank\"><span><\/span><span>Pin<\/span><\/a><\/li>\n<\/ul>\n<p><\/span><\/p>\n<h2 id=\"t-1620409563831\" data-alt-text=\"Alara River\">3. Rafting at Alara River (Alanya)<\/h2>\n<p>The Alara River, about 70 kilometers long, flows into the Mediterranean Sea at the seaside resort of Okurcalar. In spring the water in the river is high enough for rafting. Narrow canyons, sometimes large boulders as well as some steep steps, which can only be overcome by jumping into the water pools below, are on the rafting tour. The trips are organized by local tour operators depending on the water situation.&nbsp;This is an option from the seaside resorts in Alanya county, from Okurcalar to Alanya city. If rafting on Alara River is not possible, <a href=\"https:\/\/antalyatouristinformation.com\/d\/things-to-do\/canyon\/koprulu\/\">K\u00f6pr\u00fcl\u00fc Canyon National Park<\/a> is an alternative all year round.&nbsp;<\/p>\n<ul>\n<li>Read more about <a href=\"https:\/\/antalyatouristinformation.com\/d\/things-to-do\/history\/alara-han\/\" style=\"outline: none;\">Alara Han &amp; Castle in Alanya<\/a><\/li>\n<li>Read more <a href=\"https:\/\/antalyatouristinformation.com\/d\/things-to-do\/alanya\/\">things to do in Alanya<\/a><\/li>\n<\/ul>\n<p><span><img decoding=\"async\" alt=\"Rafting at D\u00fcden River in Antalya Turkey\" data-id=\"7226\" width=\"702\" data-init-width=\"1000\" height=\"470\" data-init-height=\"667\" title=\"Rafting at D\u00fcden River in Antalya Turkey\" loading=\"lazy\" src=\"https:\/\/antalyatouristinformation.com\/d\/wp-content\/uploads\/sites\/9\/2021\/05\/Rafting-at-Duden-River-in-Antalya-Turkey.jpg\" data-width=\"702\" data-height=\"470\" style=\"\"><\/p>\n<ul>\n<li><a rel=\"noreferrer noopener nofollow\" href=\"https:\/\/pinterest.com\/pin\/create\/button\/?url=https:\/\/antalyatouristinformation.com\/d\/things-to-do\/rafting\/?tve=true&amp;tcbf=42f1711944&amp;is_video=false&amp;media=https:\/\/antalyatouristinformation.com\/d\/wp-content\/uploads\/sites\/9\/2021\/05\/Rafting-at-Duden-River-in-Antalya-Turkey.jpg&amp;description=Rafting%20in%20Antalya%3A%20Guide%20for%20Wild-Water%20and%20Tubing\" onclick=\"essb.window('https:\/\/pinterest.com\/pin\/create\/button\/?url=https:\/\/antalyatouristinformation.com\/d\/things-to-do\/rafting\/?tve=true&amp;tcbf=42f1711944&amp;is_video=false&amp;media=https:\/\/antalyatouristinformation.com\/d\/wp-content\/uploads\/sites\/9\/2021\/05\/Rafting-at-Duden-River-in-Antalya-Turkey.jpg&amp;description=Rafting%20in%20Antalya%3A%20Guide%20for%20Wild-Water%20and%20Tubing','pinpro','kov5ovhk'); return false;\" target=\"_blank\"><span><\/span><span>Pin<\/span><\/a><\/li>\n<\/ul>\n<p><\/span><\/p>\n<h2 id=\"t-1620409563827\" data-alt-text=\"D\u00fcden River\">4. Rafting at D\u00fcden River<\/h2>\n<p>Rafting is possible at the D\u00fcden River between the <a href=\"https:\/\/antalyatouristinformation.com\/d\/things-to-do\/waterfall\/upper-duden\/\">Upper D\u00fcden Waterfall<\/a> and the <a href=\"https:\/\/antalyatouristinformation.com\/d\/things-to-do\/waterfall\/lower-duden\/\">Lower D\u00fcden Waterfall<\/a> in Antalya-Lara. The boats go up to the upper part of the 50 m high D\u00fcden Waterfall on the cliffs of Antalya, also called Karpuz Kald\u0131ran, which is secured with mettal grids. The 4-kilometer rafting course contains several switchbacks and narrow places. <\/p>\n<p>Especially at the end of the route, the expert knowledge of the professional guides is needed so that the boats can be stopped on time in front of the metal grids and brought to the shore.<\/p>\n<p>The excursions for rafting on D\u00fcden River can be booked only from Antalya city region with local tour operators.&nbsp;<\/p>\n<ul>\n<li>Check out more details about <a href=\"https:\/\/antalyatouristinformation.com\/d\/things-to-do\/beach\/lara\/\">Lara Beach in Antalya<\/a> or <a href=\"https:\/\/antalyatouristinformation.com\/d\/things-to-do\/beach\/konyaalti\/\" style=\"outline: none;\">Konyaalti Beach in Antalya<\/a><\/li>\n<\/ul>\n<p><span><img decoding=\"async\" alt=\"Where can I book Rafting in Antalya in Turkey\" data-id=\"7324\" width=\"702\" data-init-width=\"1000\" height=\"470\" data-init-height=\"667\" title=\"Where can I book Rafting in Antalya in Turkey\" loading=\"lazy\" src=\"https:\/\/antalyatouristinformation.com\/d\/wp-content\/uploads\/sites\/9\/2021\/05\/Where-can-I-book-Rafting-in-Antalya-in-Turkey.jpg\" data-width=\"702\" data-height=\"470\" style=\"\"><\/p>\n<ul>\n<li><a rel=\"noreferrer noopener nofollow\" href=\"https:\/\/pinterest.com\/pin\/create\/button\/?url=https:\/\/antalyatouristinformation.com\/d\/things-to-do\/rafting\/?tve=true&amp;tcbf=42f1711944&amp;is_video=false&amp;media=https:\/\/antalyatouristinformation.com\/d\/wp-content\/uploads\/sites\/9\/2021\/05\/Where-can-I-book-Rafting-in-Antalya-in-Turkey.jpg&amp;description=Rafting%20in%20Antalya%3A%20Guide%20for%20Wild-Water%20and%20Tubing\" onclick=\"essb.window('https:\/\/pinterest.com\/pin\/create\/button\/?url=https:\/\/antalyatouristinformation.com\/d\/things-to-do\/rafting\/?tve=true&amp;tcbf=42f1711944&amp;is_video=false&amp;media=https:\/\/antalyatouristinformation.com\/d\/wp-content\/uploads\/sites\/9\/2021\/05\/Where-can-I-book-Rafting-in-Antalya-in-Turkey.jpg&amp;description=Rafting%20in%20Antalya%3A%20Guide%20for%20Wild-Water%20and%20Tubing','pinpro','kov5ovhn'); return false;\" target=\"_blank\"><span><\/span><span>Pin<\/span><\/a><\/li>\n<\/ul>\n<p><\/span><\/p>\n<h2 id=\"t-1620409563828\" data-alt-text=\"Rafting Excursions\">Where can I book Rafting in Antalya?<\/h2>\n<p>Booking is possible directly from the provider, with local travel agencies, in hotels or online, depending on the option chosen.<\/p>\n<h3 style=\"text-align: center;\">Bookings in Antalya<\/h3>\n<p style=\"text-align: center;\">antalyatouristinformation.com\/d is your best partner when it comes to plan your trip in Antalya. For bookings, questions about Antalya trips, group travel, transfers&#8230; anything, fell free to reach us. &nbsp;<\/p>\n<p><span><img decoding=\"async\" alt=\"K\u00f6prul\u00fc Canyon in Antalya \" data-id=\"7223\" width=\"702\" data-init-width=\"1000\" height=\"470\" data-init-height=\"667\" title=\"K\u00f6prul\u00fc Canyon in Antalya \" loading=\"lazy\" src=\"https:\/\/antalyatouristinformation.com\/d\/wp-content\/uploads\/sites\/9\/2021\/05\/Koprulu-Kanyon-in-Antalya-in-Turkey-10.jpg\" data-width=\"702\" data-height=\"470\" style=\"\"><\/p>\n<ul>\n<li><a rel=\"noreferrer noopener nofollow\" href=\"https:\/\/pinterest.com\/pin\/create\/button\/?url=https:\/\/antalyatouristinformation.com\/d\/things-to-do\/rafting\/?tve=true&amp;tcbf=42f1711944&amp;is_video=false&amp;media=https:\/\/antalyatouristinformation.com\/d\/wp-content\/uploads\/sites\/9\/2021\/05\/Koprulu-Kanyon-in-Antalya-in-Turkey-10.jpg&amp;description=Rafting%20in%20Antalya%3A%20Guide%20for%20Wild-Water%20and%20Tubing\" onclick=\"essb.window('https:\/\/pinterest.com\/pin\/create\/button\/?url=https:\/\/antalyatouristinformation.com\/d\/things-to-do\/rafting\/?tve=true&amp;tcbf=42f1711944&amp;is_video=false&amp;media=https:\/\/antalyatouristinformation.com\/d\/wp-content\/uploads\/sites\/9\/2021\/05\/Koprulu-Kanyon-in-Antalya-in-Turkey-10.jpg&amp;description=Rafting%20in%20Antalya%3A%20Guide%20for%20Wild-Water%20and%20Tubing','pinpro','kov5ovhp'); return false;\" target=\"_blank\"><span><\/span><span>Pin<\/span><\/a><\/li>\n<\/ul>\n<p><\/span><\/p>\n<h2 id=\"t-1620409563829\" data-alt-text=\"FAQ\">Frequently Asked Questions (FAQ)<\/h2>\n<ul>\n<li style=\"\"><span style=\"\"><strong>Price:<\/strong> The cheapest offers for rafting start in the low season partly already from 20 \u20ac. Average offers with round trip transfer from the hotel, food and additional program cost more.&nbsp;<\/span><\/li>\n<li style=\"\"><span style=\"\"><strong>Transfer: <\/strong>Most rafting offers in Antalya include transfer from the hotel to the rafting center and back to the hotel. <\/span><\/li>\n<li><span><strong>Equipment: <\/strong>Safety equipment such as life jackets, wetsuits, helmets and paddles are provided by local operators. <\/span><\/li>\n<li style=\"\"><span style=\"\"><strong>Clothing:&nbsp;<\/strong>Safety clothing is provided by local vendors, this includes wetsuits. Swimwear may be worn underneath.<\/span><\/li>\n<li><span><strong>Food: <\/strong>Rafting tours in Antalya usually have lunch included in the price. Depending on the provider, drinks are also included in the all-inclusive package.<\/span><\/li>\n<li><span><strong>Photos:&nbsp;<\/strong>It is difficult to take your own photos during the rafting. For this we recommend your own waterproof camera, for example a GoPro. The rafting providers have their own photographers who take souvenir photos of the participants. They can be bought from the independent photographers.<\/span><\/li>\n<\/ul>\n<p><span><img decoding=\"async\" alt=\"rafting at Koprulu Kanyon in Antalya in Turkey\" data-id=\"5136\" width=\"702\" data-init-width=\"1000\" height=\"470\" data-init-height=\"670\" title=\"rafting at Koprulu Kanyon in Antalya in Turkey\" loading=\"lazy\" src=\"https:\/\/antalyatouristinformation.com\/d\/wp-content\/uploads\/sites\/9\/2021\/04\/rafting-at-Koepruelue-Kanyon-in-Antalya.jpg\" data-width=\"702\" data-height=\"470\" style=\"\" data-pinpro-key=\"yojuasrpd\"><\/span><\/p>\n<h2 id=\"t-1620409563830\" data-hide=\"true\">Bottom line<\/h2>\n<p>Rafting is a welcome change from beach and bathing vacations. In Antalya province, these trips are organized from all seaside resorts between Kemer and Alanya with hotel pickup. K\u00f6pr\u00fcl\u00fc is the biggest wild water rafting center in Turkey, here rafting is possible all year round.<\/p>\n<p>In addition, there are various regional offers for rafting, which are not offered by every seaside resort. Rafting in Sakl\u0131kent is available in the region of Kas, guests from Alanya and surroundings come to the Alara River and rafting on the D\u00fcden River is suitable for guests in Antalya.<\/p>\n<p>With proper equipment and professional guidance, rafting in the Antalya region is considered as being safe.<\/p>\n<p>More ideas of <a href=\"https:\/\/antalyatouristinformation.com\/d\/things-to-do\/\" style=\"outline: none;\">things to do in Antalya<\/a> here.<\/p>\n<p style=\"text-align: center;\"><a href=\"https:\/\/www.google.com\/maps\/d\/u\/1\/viewer?hl=tr&amp;mid=1Nwn4BvYNdlFxtautD1_zAFBO2xGPbsLT&amp;ll=36.83464564741368%2C30.565070850000023&amp;z=9\" target=\"_blank\" rel=\"noopener\">(Link to the map)<\/a><\/p>\n","protected":false},"excerpt":{"rendered":"<p>Watersport in a very popular activity in Antalya. There are many choices available for sports and water lovers. Indeed, you can see in our Guide of Waterports in Antalya the variety of things to do in the beautiful nature of Antalya.&nbsp; One popular activities available in Antalya is Rafting. Many great places are the idea [&hellip;]<\/p>\n","protected":false},"author":6,"featured_media":7230,"parent":113,"menu_order":0,"comment_status":"open","ping_status":"closed","template":"","meta":{"_acf_changed":false,"footnotes":""},"categories":[],"tags":[69],"class_list":["post-3815","page","type-page","status-publish","has-post-thumbnail","hentry","tag-sports","post-wrapper","thrv_wrapper"],"acf":[],"wp-worthy-pixel":{"ignored":false,"public":null,"server":null,"url":null},"wp-worthy-type":"normal","_links":{"self":[{"href":"https:\/\/antalyatouristinformation.com\/d\/wp-json\/wp\/v2\/pages\/3815","targetHints":{"allow":["GET"]}}],"collection":[{"href":"https:\/\/antalyatouristinformation.com\/d\/wp-json\/wp\/v2\/pages"}],"about":[{"href":"https:\/\/antalyatouristinformation.com\/d\/wp-json\/wp\/v2\/types\/page"}],"author":[{"embeddable":true,"href":"https:\/\/antalyatouristinformation.com\/d\/wp-json\/wp\/v2\/users\/6"}],"replies":[{"embeddable":true,"href":"https:\/\/antalyatouristinformation.com\/d\/wp-json\/wp\/v2\/comments?post=3815"}],"version-history":[{"count":51,"href":"https:\/\/antalyatouristinformation.com\/d\/wp-json\/wp\/v2\/pages\/3815\/revisions"}],"predecessor-version":[{"id":9313,"href":"https:\/\/antalyatouristinformation.com\/d\/wp-json\/wp\/v2\/pages\/3815\/revisions\/9313"}],"up":[{"embeddable":true,"href":"https:\/\/antalyatouristinformation.com\/d\/wp-json\/wp\/v2\/pages\/113"}],"wp:featuredmedia":[{"embeddable":true,"href":"https:\/\/antalyatouristinformation.com\/d\/wp-json\/wp\/v2\/media\/7230"}],"wp:attachment":[{"href":"https:\/\/antalyatouristinformation.com\/d\/wp-json\/wp\/v2\/media?parent=3815"}],"wp:term":[{"taxonomy":"category","embeddable":true,"href":"https:\/\/antalyatouristinformation.com\/d\/wp-json\/wp\/v2\/categories?post=3815"},{"taxonomy":"post_tag","embeddable":true,"href":"https:\/\/antalyatouristinformation.com\/d\/wp-json\/wp\/v2\/tags?post=3815"}],"curies":[{"name":"wp","href":"https:\/\/api.w.org\/{rel}","templated":true}]}}