{"id":4918,"date":"2021-04-28T18:45:34","date_gmt":"2021-04-28T16:45:34","guid":{"rendered":"https:\/\/antalyatouristinformation.com\/d\/things-to-do\/beach\/clone-of-guide-to-cleopatra-beach-in-alanya-access-attractions-tips\/"},"modified":"2021-06-20T18:35:09","modified_gmt":"2021-06-20T16:35:09","slug":"lara","status":"publish","type":"page","link":"https:\/\/antalyatouristinformation.com\/d\/things-to-do\/beach\/lara\/","title":{"rendered":"Guide to Lara Beach in Antalya: Access, Attractions, and Tips"},"content":{"rendered":"<p>If you are a regular in Antalya, you probably know Lara very well. But if you are new to the region, you should know that Lara Beach, located east of Antalya\u2019s old town, is one of the most visited beaches in the whole Antalya province.<\/p>\n<p>The beach<em>&nbsp;<\/em>is especially famous for its upscale beachfront hotels, which are some of the best rated hotels in Turkey, making Lara a favorite destination for beach vacations in the summer.<\/p>\n<p>This beautiful sandy beach with clear water is especially popular with families. With its gorgeous backdrop, Lara Beach is even a beloved location for unique beach <a href=\"https:\/\/antalyatouristinformation.com\/d\/wedding\/\">weddings in Antalya<\/a>. Everybody loves Lara Beach and they are plenty of reasons. You can read all about them below.<\/p>\n<p>In this complete guide to Lara Beach, you will find information about what to expect when you visit this beach, attractions, things to do, how to get there, and information on entrance fees.<\/p>\n<p>Let&#8217;s start the discovery!<\/p>\n<p><span><img decoding=\"async\" alt=\"Beach at Limak Lara Hotel in Antalya Turkey\" data-id=\"7107\" width=\"702\" data-init-width=\"1000\" height=\"468\" data-init-height=\"667\" title=\"Beach at Limak Lara Hotel in Antalya Turkey\" loading=\"lazy\" src=\"https:\/\/antalyatouristinformation.com\/d\/wp-content\/uploads\/sites\/9\/2021\/05\/Beach-at-Limak-Lara-Hotel-in-Antalya-Turkey.jpg\" data-width=\"702\" data-height=\"468\" style=\"\" data-pin-media=\"https:\/\/antalyatouristinformation.com\/d\/wp-content\/uploads\/sites\/9\/2021\/06\/prag_50_sehenswuerdigkeiten_pinterest-21-2.jpg\" data-pin-description=\"Guide to Lara Beach in Antalya | Antalya Tourist Information\" data-pin-url=\"https:\/\/antalyatouristinformation.com\/d\/things-to-do\/beach\/lara\/?tve=true&amp;tcbf=3fb0886d64\"><\/p>\n<ul>\n<li><a rel=\"noreferrer noopener nofollow\" href=\"https:\/\/pinterest.com\/pin\/create\/button\/?url=https:\/\/antalyatouristinformation.com\/d\/things-to-do\/beach\/lara\/?tve=true&amp;tcbf=3fb0886d64&amp;is_video=false&amp;media=https:\/\/antalyatouristinformation.com\/d\/wp-content\/uploads\/sites\/9\/2021\/06\/prag_50_sehenswuerdigkeiten_pinterest-21-2.jpg&amp;description=Guide%20to%20Lara%20Beach%20in%20Antalya%20%7C%20Antalya%20Tourist%20Information\" onclick=\"essb.window('https:\/\/pinterest.com\/pin\/create\/button\/?url=https:\/\/antalyatouristinformation.com\/d\/things-to-do\/beach\/lara\/?tve=true&amp;tcbf=3fb0886d64&amp;is_video=false&amp;media=https:\/\/antalyatouristinformation.com\/d\/wp-content\/uploads\/sites\/9\/2021\/06\/prag_50_sehenswuerdigkeiten_pinterest-21-2.jpg&amp;description=Guide%20to%20Lara%20Beach%20in%20Antalya%20%7C%20Antalya%20Tourist%20Information','pinpro','kq5e3lkf'); return false;\" target=\"_blank\"><span><\/span><span>Pin<\/span><\/a><\/li>\n<\/ul>\n<p><\/span><\/p>\n<h2 id=\"t-1619538640976\" data-alt-text=\"What Can I Do?\">What Can I Do on Lara Beach in Antalya?<\/h2>\n<p>Lara Beach on the Turkish Riviera is the <b>perfect destination for a short beach break in Antalya<\/b>. It&#8217;s the closest beach to the&nbsp;<a href=\"https:\/\/antalyatouristinformation.com\/d\/plan\/antalya-airport\/\" style=\"outline: none;\">Antalya Airport<\/a> and therefore quick and easy to reach.<\/p>\n<p>Lara is 15 km long, but only 2 km on the east side are public areas. The rest is owned by <a href=\"https:\/\/antalyatouristinformation.com\/d\/hotel\/\" style=\"outline: none;\">5 star resorts<\/a>, and some of them are the best places to stay in Antalya and in all of Turkey.<\/p>\n<p>Every year Lara Beach attracts visitors from all over the world with its kilometers of light brown sand, clear turquoise waters, and some of the best beach resorts in Turkey, almost all of which are 5-star hotels that offer all-inclusive service.<\/p>\n<p>While Lara Beach is especially popular with families that have children, it also boasts a very lively and luxurious atmosphere that makes it popular with young people. This is why it can be a bit overcrowded, especially in the high season.<\/p>\n<p>The western beach section is <strong>public and free of charge.<\/strong> There are amenities such as showers, restrooms, changing rooms, as well as sunbeds and umbrellas for a fee.<\/p>\n<p>Lara Beach is a <b>Blue Flag destination<\/b>. The water is crystal clear and, compared to <a href=\"https:\/\/antalyatouristinformation.com\/d\/things-to-do\/beach\/konyaalti\/\" style=\"outline: none;\">Konyaalt\u0131 Beach<\/a> west of Antalya, warmer and calmer. It stays shallow for a long way out. Its sandy beach is clean and caters to all kinds of activities.<\/p>\n<p><span><img decoding=\"async\" alt=\"Hotel at Lara Beach in Antalya Turkey\" data-id=\"7110\" width=\"702\" data-init-width=\"1000\" height=\"432\" data-init-height=\"616\" title=\"Hotel at Lara Beach in Antalya Turkey\" loading=\"lazy\" src=\"https:\/\/antalyatouristinformation.com\/d\/wp-content\/uploads\/sites\/9\/2021\/05\/Hotel-at-Lara-Beach-in-Antalya-Turkey.jpg\" data-width=\"702\" data-height=\"432\" data-pinpro-key=\"duistifxg\" data-pin-media=\"https:\/\/antalyatouristinformation.com\/d\/wp-content\/uploads\/sites\/9\/2021\/06\/prag_50_sehenswuerdigkeiten_pinterest-21-2.jpg\" data-pin-description=\"Guide to Lara Beach in Antalya | Antalya Tourist Information\" data-pin-url=\"https:\/\/antalyatouristinformation.com\/d\/things-to-do\/beach\/lara\/?tve=true&amp;tcbf=3fb0886d64\"><\/span><\/p>\n<h3>Beach Activities<\/h3>\n<p>Lara Beach offers wonderful opportunities for all kinds of beach &amp; water activities. You can enjoy activities such as paragliding, kitesurfing, windsurfing, jet skiing, and catamaran or banana boat rides. Children can have fun on various playgrounds.<\/p>\n<p>A number of beach clubs offer a variety of food and drinks and are a hotspot for nightlife. There is also a beach promenade with a public barbecue area, a cart track, and much more. In the vicinity you can find restaurants, caf\u00e9s, and shops.<\/p>\n<p>Get to know all the sports activities available on Lara Beach and the nightlife around:<\/p>\n<p><span><img decoding=\"async\" alt=\"Lower D\u00fcden Waterfall in Lara in Antalya Turkey\" data-id=\"5602\" width=\"702\" data-init-width=\"1000\" height=\"468\" data-init-height=\"667\" title=\"Lower D\u00fcden Waterfall in Lara in Antalya Turkey\" loading=\"lazy\" src=\"https:\/\/antalyatouristinformation.com\/d\/wp-content\/uploads\/sites\/9\/2021\/05\/Lower-Dueden-Waterfall-in-Lara-in-Antalya-Turkey.jpg\" data-width=\"702\" data-height=\"468\" style=\"\" data-pin-media=\"https:\/\/antalyatouristinformation.com\/d\/wp-content\/uploads\/sites\/9\/2021\/06\/prag_50_sehenswuerdigkeiten_pinterest-21-2.jpg\" data-pin-description=\"Guide to Lara Beach in Antalya | Antalya Tourist Information\" data-pin-url=\"https:\/\/antalyatouristinformation.com\/d\/things-to-do\/beach\/lara\/?tve=true&amp;tcbf=3fb0886d64\"><\/p>\n<ul>\n<li><a rel=\"noreferrer noopener nofollow\" href=\"https:\/\/pinterest.com\/pin\/create\/button\/?url=https:\/\/antalyatouristinformation.com\/d\/things-to-do\/beach\/lara\/?tve=true&amp;tcbf=3fb0886d64&amp;is_video=false&amp;media=https:\/\/antalyatouristinformation.com\/d\/wp-content\/uploads\/sites\/9\/2021\/06\/prag_50_sehenswuerdigkeiten_pinterest-21-2.jpg&amp;description=Guide%20to%20Lara%20Beach%20in%20Antalya%20%7C%20Antalya%20Tourist%20Information\" onclick=\"essb.window('https:\/\/pinterest.com\/pin\/create\/button\/?url=https:\/\/antalyatouristinformation.com\/d\/things-to-do\/beach\/lara\/?tve=true&amp;tcbf=3fb0886d64&amp;is_video=false&amp;media=https:\/\/antalyatouristinformation.com\/d\/wp-content\/uploads\/sites\/9\/2021\/06\/prag_50_sehenswuerdigkeiten_pinterest-21-2.jpg&amp;description=Guide%20to%20Lara%20Beach%20in%20Antalya%20%7C%20Antalya%20Tourist%20Information','pinpro','kq5e3lkn'); return false;\" target=\"_blank\"><span><\/span><span>Pin<\/span><\/a><\/li>\n<\/ul>\n<p><\/span><\/p>\n<h3>Nearby Attractions<\/h3>\n<p>Since Antalya abounds with historical sites and natural wonders, the excellent location of Lara allows you to discover quite a few attractions nearby.&nbsp;<\/p>\n<p>Just 16 kilometers away, Kalei\u00e7i, Antalya&#8217;s old town, awaits you with ancient ruins, a vibrant nightlife, <a href=\"https:\/\/antalyatouristinformation.com\/d\/shopping\/bazaar\/\" style=\"outline: none;\">Antalya&#8217;s bazaar,<\/a> and a lovely marina.<\/p>\n<p>Along with the bazaars, there are many other shopping opportunities nearby, such as Terra City Shopping Mall, one of the largest shopping centers in Antalya.<\/p>\n<p>One of the most popular attractions in Antalya is the fascinating sand sculpture museum,&nbsp;<a href=\"https:\/\/antalyatouristinformation.com\/d\/things-to-do\/attraction\/sandland\/\" style=\"outline: none;\">Sandland Antalya<\/a>, directly on Lara Beach. You can also take a trip to <a href=\"https:\/\/antalyatouristinformation.com\/d\/things-to-do\/attraction\/the-land-of-legends\/\" style=\"outline: none;\">The Land of Legends Theme Park in Belek.<\/a><\/p>\n<p>There are many natural wonders to discover. You can visit <a href=\"https:\/\/antalyatouristinformation.com\/d\/things-to-do\/waterfall\/lower-duden\/\" style=\"outline: none;\">Lower D\u00fcden Waterfall<\/a> or go on a jeep safari in the Taurus Mountains.<\/p>\n<p>A day trip to historical treasures such as <a href=\"https:\/\/antalyatouristinformation.com\/d\/things-to-do\/history\/simena\/\" style=\"outline: none;\">sunken city of Simena<\/a> or the ancient city of <a href=\"https:\/\/antalyatouristinformation.com\/d\/things-to-do\/history\/aspendos\/\" style=\"outline: none;\">Aspendos,&nbsp;<\/a>with its well-preserved amphitheater is another wonderful option.<\/p>\n<p><span><img decoding=\"async\" alt=\"Barut Lara Hotel in Lara in Antalya Turkey\" data-id=\"7106\" width=\"702\" data-init-width=\"1000\" height=\"431\" data-init-height=\"614\" title=\"Barut Lara Hotel in Lara in Antalya Turkey\" loading=\"lazy\" src=\"https:\/\/antalyatouristinformation.com\/d\/wp-content\/uploads\/sites\/9\/2021\/05\/Barut-Lara-Hotel-in-Lara-in-Antalya-Turkey.jpg\" data-width=\"702\" data-height=\"431\" style=\"\" data-pin-media=\"https:\/\/antalyatouristinformation.com\/d\/wp-content\/uploads\/sites\/9\/2021\/06\/prag_50_sehenswuerdigkeiten_pinterest-21-2.jpg\" data-pin-description=\"Guide to Lara Beach in Antalya | Antalya Tourist Information\" data-pin-url=\"https:\/\/antalyatouristinformation.com\/d\/things-to-do\/beach\/lara\/?tve=true&amp;tcbf=3fb0886d64\"><\/p>\n<ul>\n<li><a rel=\"noreferrer noopener nofollow\" href=\"https:\/\/pinterest.com\/pin\/create\/button\/?url=https:\/\/antalyatouristinformation.com\/d\/things-to-do\/beach\/lara\/?tve=true&amp;tcbf=3fb0886d64&amp;is_video=false&amp;media=https:\/\/antalyatouristinformation.com\/d\/wp-content\/uploads\/sites\/9\/2021\/06\/prag_50_sehenswuerdigkeiten_pinterest-21-2.jpg&amp;description=Guide%20to%20Lara%20Beach%20in%20Antalya%20%7C%20Antalya%20Tourist%20Information\" onclick=\"essb.window('https:\/\/pinterest.com\/pin\/create\/button\/?url=https:\/\/antalyatouristinformation.com\/d\/things-to-do\/beach\/lara\/?tve=true&amp;tcbf=3fb0886d64&amp;is_video=false&amp;media=https:\/\/antalyatouristinformation.com\/d\/wp-content\/uploads\/sites\/9\/2021\/06\/prag_50_sehenswuerdigkeiten_pinterest-21-2.jpg&amp;description=Guide%20to%20Lara%20Beach%20in%20Antalya%20%7C%20Antalya%20Tourist%20Information','pinpro','kq5e3lkw'); return false;\" target=\"_blank\"><span><\/span><span>Pin<\/span><\/a><\/li>\n<\/ul>\n<p><\/span><\/p>\n<p>Lara Beach is famous for its 5 star, all inclusive resorts.<\/p>\n<h2 id=\"t-1619538640977\">Entrance, Tickets, and Tours<\/h2>\n<ul>\n<li><span style=\"\"><strong>Entrance:<\/strong> Admission to Lara Beach is free of charge. Sunbeds and umbrellas are available for a fee. However, you can bring your own umbrella or spread your beach towel on the beach. Keep in mind, that the public area is only in the eastern part of the beach. The western part belongs to 5 star resorts.&nbsp;<\/span><\/li>\n<\/ul>\n<ul>\n<li><span style=\"\"><strong>Boat Tours: <\/strong>Boat tours from Antalya to the beautiful surroundings are very popular. You can find many boat tour options online.<\/span><\/li>\n<\/ul>\n<ul>\n<li><span style=\"\"><strong>Tip:<\/strong> To book amusement parks, museums, and tour tickets in advance of your trip to the Antalya region, don&#8217;t hesitate to check out the deals in our official shop.<\/span><\/li>\n<\/ul>\n<p><span><img decoding=\"async\" alt=\"Hotel at Lara Beach in Antalya Turkey \" data-id=\"7111\" width=\"702\" data-init-width=\"1000\" height=\"468\" data-init-height=\"667\" title=\"Hotel at Lara Beach in Antalya Turkey \" loading=\"lazy\" src=\"https:\/\/antalyatouristinformation.com\/d\/wp-content\/uploads\/sites\/9\/2021\/05\/Hotel-at-Lara-Beach-in-Antalya-Turkey-2.jpg\" data-width=\"702\" data-height=\"468\" data-pinpro-key=\"a0n6yrhxd\" data-pin-media=\"https:\/\/antalyatouristinformation.com\/d\/wp-content\/uploads\/sites\/9\/2021\/06\/prag_50_sehenswuerdigkeiten_pinterest-21-2.jpg\" data-pin-description=\"Guide to Lara Beach in Antalya | Antalya Tourist Information\" data-pin-url=\"https:\/\/antalyatouristinformation.com\/d\/things-to-do\/beach\/lara\/?tve=true&amp;tcbf=3fb0886d64\"><\/span><\/p>\n<h2 id=\"t-1619538640978\" data-alt-text=\"How to Get There\">How to Get to Lara Beach<\/h2>\n<p>Lara Beach is located east of <a href=\"https:\/\/antalyatouristinformation.com\/d\/things-to-do\/history\/antalya-kaleici\/\" style=\"outline: none;\">Antalya&#8217;s Old Town, Kalei\u00e7i<\/a>, and about 20 kilometers from the Antalya Airport. It can be easily reached with public transport.<\/p>\n<ul>\n<li><b>By Bus:<\/b> From the city center of Antalya it takes about 30 to 40 minutes by bus (KL07, KL08, and KL09) to get to the beach.<\/li>\n<li><b>From the Antalya Airport:<\/b> The drive from the Antalya Airport to Lara Beach takes about 20 to 30 minutes. You can choose between several different options. Private rental cars as well as taxis are available. Some hotels even provide an airport shuttle service. There is also a public bus (No 800) that runs every 2 hours between the airport and the Lara district, which can take 45 to 60 minutes.<\/li>\n<li><strong>By Car<\/strong>: A car is very useful in the Antalya region, especially if your hotel is in Antalya city center and you want to explore more in the region autonomously. Our recommendation is to <a href=\"https:\/\/antalyatouristinformation.com\/d\/plan\/rent-a-car\/\" style=\"outline: none;\">rent a car in Antalya<\/a>. Our guide will explain everything step-by-step.<\/li>\n<li>Also read our detailed article about the&nbsp;<a href=\"https:\/\/antalyatouristinformation.com\/d\/plan\/antalya-airport\/\" style=\"outline: none;\">Antalya Airport<\/a> and <a href=\"https:\/\/antalyatouristinformation.com\/d\/public-transport\/\" style=\"outline: none;\">transport in Antalya&#8217;s city center<\/a>.<\/li>\n<\/ul>\n<p><span><img decoding=\"async\" alt=\"Beach at Limak Lara Hotel in Antalya Turkey \" data-id=\"7109\" width=\"702\" data-init-width=\"1000\" height=\"387\" data-init-height=\"551\" title=\"Beach at Limak Lara Hotel in Antalya Turkey \" loading=\"lazy\" src=\"https:\/\/antalyatouristinformation.com\/d\/wp-content\/uploads\/sites\/9\/2021\/05\/Beach-at-Limak-Lara-Hotel-in-Antalya-Turkey-3.jpg\" data-width=\"702\" data-height=\"387\" style=\"\" data-pin-media=\"https:\/\/antalyatouristinformation.com\/d\/wp-content\/uploads\/sites\/9\/2021\/06\/prag_50_sehenswuerdigkeiten_pinterest-21-2.jpg\" data-pin-description=\"Guide to Lara Beach in Antalya | Antalya Tourist Information\" data-pin-url=\"https:\/\/antalyatouristinformation.com\/d\/things-to-do\/beach\/lara\/?tve=true&amp;tcbf=3fb0886d64\"><\/p>\n<ul>\n<li><a rel=\"noreferrer noopener nofollow\" href=\"https:\/\/pinterest.com\/pin\/create\/button\/?url=https:\/\/antalyatouristinformation.com\/d\/things-to-do\/beach\/lara\/?tve=true&amp;tcbf=3fb0886d64&amp;is_video=false&amp;media=https:\/\/antalyatouristinformation.com\/d\/wp-content\/uploads\/sites\/9\/2021\/06\/prag_50_sehenswuerdigkeiten_pinterest-21-2.jpg&amp;description=Guide%20to%20Lara%20Beach%20in%20Antalya%20%7C%20Antalya%20Tourist%20Information\" onclick=\"essb.window('https:\/\/pinterest.com\/pin\/create\/button\/?url=https:\/\/antalyatouristinformation.com\/d\/things-to-do\/beach\/lara\/?tve=true&amp;tcbf=3fb0886d64&amp;is_video=false&amp;media=https:\/\/antalyatouristinformation.com\/d\/wp-content\/uploads\/sites\/9\/2021\/06\/prag_50_sehenswuerdigkeiten_pinterest-21-2.jpg&amp;description=Guide%20to%20Lara%20Beach%20in%20Antalya%20%7C%20Antalya%20Tourist%20Information','pinpro','kq5e3ll2'); return false;\" target=\"_blank\"><span><\/span><span>Pin<\/span><\/a><\/li>\n<\/ul>\n<p><\/span><\/p>\n<p>The entrace to the eastern part of Lara Beach is free. The rest belongs to 5 Star Resorts.<\/p>\n<h2 style=\"\" id=\"t-1619538640979\" data-alt-text=\"FAQ\">FAQ (Frequently Asked Questions)<\/h2>\n<p><span><img decoding=\"async\" alt=\"Antalya Lara Beach at Trendy Hotel Turkey\" data-id=\"7105\" width=\"702\" data-init-width=\"1000\" height=\"468\" data-init-height=\"667\" title=\"Antalya Lara Beach at Trendy Hotel Turkey\" loading=\"lazy\" src=\"https:\/\/antalyatouristinformation.com\/d\/wp-content\/uploads\/sites\/9\/2021\/05\/Antalya-Lara-Beach-at-Trendy-Hotel-Turkey.jpg\" data-width=\"702\" data-height=\"468\" data-pinpro-key=\"yjgrkvz5l\" data-pin-media=\"https:\/\/antalyatouristinformation.com\/d\/wp-content\/uploads\/sites\/9\/2021\/06\/prag_50_sehenswuerdigkeiten_pinterest-21-2.jpg\" data-pin-description=\"Guide to Lara Beach in Antalya | Antalya Tourist Information\" data-pin-url=\"https:\/\/antalyatouristinformation.com\/d\/things-to-do\/beach\/lara\/?tve=true&amp;tcbf=3fb0886d64\"><\/span><\/p>\n<h2 id=\"t-1619538640980\">The History of Lara Beach<\/h2>\n<p>Lara Public Beach is 2 kilometers long and the average width is 45 meters. The famous Lower D\u00fcden Waterfalls plunges straight into the sea near Lara Beach.&nbsp;<\/p>\n<p>The name of Lara Beach is derived from the ancient Luwian language and means &#8220;sand&#8221;. It&#8217;s said that the beach&#8217;s fine sand is good for rheumatic diseases.<\/p>\n<p>Today, Lara Beach is one of the most important beaches in Antalya.<\/p>\n<h2 style=\"\" id=\"t-1619538640981\">Contact<\/h2>\n<ul>\n<li><span style=\"\"><strong>Address: <\/strong>Lara Plaj\u0131, Muratpa\u015fa \/ Antalya<\/span><\/li>\n<li><span style=\"\"><strong>Public Transport: <\/strong>By bus line KL07, KL08, or KL09&nbsp;<\/span><\/li>\n<\/ul>\n<h2 id=\"t-1619538640982\" data-hide=\"true\">Other Beautiful Beaches Around Lara Beach<\/h2>\n<p>To visit other beautiful beaches in the Antalya region, read these articles:<\/p>\n<ul>\n<li><a href=\"https:\/\/antalyatouristinformation.com\/d\/things-to-do\/beach\/patara\/\" target=\"_blank\" style=\"outline: none;\" rel=\"noopener\">Guide Patara Beach in Ka\u015f<\/a><\/li>\n<li><a href=\"https:\/\/antalyatouristinformation.com\/d\/things-to-do\/beach\/kaputas\/\" target=\"_blank\" style=\"outline: none;\" rel=\"noopener\">Guide Kaputa\u015f Beach, Ka\u015f<\/a><\/li>\n<li><a href=\"https:\/\/antalyatouristinformation.com\/d\/things-to-do\/beach\/damlatas\" target=\"_blank\" style=\"outline: none;\" rel=\"noopener\">Guide Damlata\u015f Beach in Alanya<\/a><\/li>\n<li><a href=\"https:\/\/antalyatouristinformation.com\/d\/things-to-do\/beach\/cleopatra\/\" target=\"_blank\" style=\"outline: none;\" rel=\"noopener\">Guide Konyaalt\u0131 Beach in Antalya<\/a><\/li>\n<li><a href=\"https:\/\/antalyatouristinformation.com\/d\/things-to-do\/beach\/olympos\/\" target=\"_blank\" style=\"outline: none;\" rel=\"noopener\">Guide Olympos Beach in \u00c7\u0131ral\u0131<\/a><\/li>\n<\/ul>\n","protected":false},"excerpt":{"rendered":"<p>If you are a regular in Antalya, you probably know Lara very well. But if you are new to the region, you should know that Lara Beach, located east of Antalya\u2019s old town, is one of the most visited beaches in the whole Antalya province. The beach&nbsp;is especially famous for its upscale beachfront hotels, which [&hellip;]<\/p>\n","protected":false},"author":5,"featured_media":7104,"parent":124,"menu_order":0,"comment_status":"open","ping_status":"closed","template":"","meta":{"_acf_changed":false,"footnotes":""},"categories":[],"tags":[39],"class_list":["post-4918","page","type-page","status-publish","has-post-thumbnail","hentry","tag-beach","post-wrapper","thrv_wrapper"],"acf":[],"wp-worthy-pixel":{"ignored":false,"public":null,"server":null,"url":null},"wp-worthy-type":"normal","_links":{"self":[{"href":"https:\/\/antalyatouristinformation.com\/d\/wp-json\/wp\/v2\/pages\/4918","targetHints":{"allow":["GET"]}}],"collection":[{"href":"https:\/\/antalyatouristinformation.com\/d\/wp-json\/wp\/v2\/pages"}],"about":[{"href":"https:\/\/antalyatouristinformation.com\/d\/wp-json\/wp\/v2\/types\/page"}],"author":[{"embeddable":true,"href":"https:\/\/antalyatouristinformation.com\/d\/wp-json\/wp\/v2\/users\/5"}],"replies":[{"embeddable":true,"href":"https:\/\/antalyatouristinformation.com\/d\/wp-json\/wp\/v2\/comments?post=4918"}],"version-history":[{"count":35,"href":"https:\/\/antalyatouristinformation.com\/d\/wp-json\/wp\/v2\/pages\/4918\/revisions"}],"predecessor-version":[{"id":10868,"href":"https:\/\/antalyatouristinformation.com\/d\/wp-json\/wp\/v2\/pages\/4918\/revisions\/10868"}],"up":[{"embeddable":true,"href":"https:\/\/antalyatouristinformation.com\/d\/wp-json\/wp\/v2\/pages\/124"}],"wp:featuredmedia":[{"embeddable":true,"href":"https:\/\/antalyatouristinformation.com\/d\/wp-json\/wp\/v2\/media\/7104"}],"wp:attachment":[{"href":"https:\/\/antalyatouristinformation.com\/d\/wp-json\/wp\/v2\/media?parent=4918"}],"wp:term":[{"taxonomy":"category","embeddable":true,"href":"https:\/\/antalyatouristinformation.com\/d\/wp-json\/wp\/v2\/categories?post=4918"},{"taxonomy":"post_tag","embeddable":true,"href":"https:\/\/antalyatouristinformation.com\/d\/wp-json\/wp\/v2\/tags?post=4918"}],"curies":[{"name":"wp","href":"https:\/\/api.w.org\/{rel}","templated":true}]}}