{"id":5277,"date":"2021-05-03T19:33:51","date_gmt":"2021-05-03T17:33:51","guid":{"rendered":"https:\/\/antalyatouristinformation.com\/d\/?page_id=5277"},"modified":"2021-06-20T13:51:53","modified_gmt":"2021-06-20T11:51:53","slug":"entry-regulations","status":"publish","type":"page","link":"https:\/\/antalyatouristinformation.com\/d\/entry-regulations\/","title":{"rendered":"Turkey&#8217;s Entry Regulations and Visas (For Tourists) \u2013 2021"},"content":{"rendered":"<p>This is our complete guide to Turkey&#8217;s entry regulations.&nbsp;<\/p>\n<p>Here you will find everything about the necessary documents, visa requirements, and frequently asked questions.&nbsp;<\/p>\n<p>Follow up your reading with our article about the current <a href=\"https:\/\/antalyatouristinformation.com\/d\/covid\/covid-19-rules\/\" style=\"outline: none;\">Covid-19 Rules in Turkey<\/a> that will help you travel safely and worry-free.<\/p>\n<p>If you have questions about <a href=\"https:\/\/antalyatouristinformation.com\/d\/entry-regulations\/customs\/\" style=\"outline: none;\">Customs Regulation in Turkey<\/a>, we have a guide about that, also.<\/p>\n<p>Let\u00b4s start with the most important questions.&nbsp;<\/p>\n<p><span><img decoding=\"async\" alt=\"Do I have to buy a Visa in Antalya in Turkey\" data-id=\"6192\" width=\"702\" data-init-width=\"1000\" height=\"468\" data-init-height=\"667\" title=\"Do I have to buy a Visa in Antalya in Turkey\" loading=\"lazy\" src=\"https:\/\/antalyatouristinformation.com\/d\/wp-content\/uploads\/sites\/9\/2021\/05\/Do-I-have-to-buy-a-Visa-in-Antalya-in-Turkey.jpg\" data-width=\"702\" data-height=\"468\" data-pinpro-key=\"36365jan3\"><\/span><\/p>\n<h2 id=\"t-1620119404334\" data-alt-text=\"Is a Visa Necessary?\">Do I Need to Buy a Visa?<\/h2>\n<p><strong>Step-by-Step guide to find out if you need a visa:<\/strong><\/p>\n<p>Depending on your your citizenship, you may or may not need to buy a visa for Turkey.<\/p>\n<p>The easiest way to check is to visit <a href=\"https:\/\/www.evisa.gov.tr\/en\/apply\/\" target=\"_blank\" style=\"outline: none;\" rel=\"noopener\">the official government <\/a><a href=\"https:\/\/www.evisa.gov.tr\/en\/apply\/\" target=\"_blank\" style=\"outline: none;\" rel=\"noopener\">e-visa<\/a> website.<\/p>\n<ul>\n<li><span>1. Select the country\/region of your travel document.<\/span><\/li>\n<li><span>2. Select your travel document.<\/span><\/li>\n<li><span>3. Enter the security verification listed below.<\/span><\/li>\n<li><span>4. Click &#8220;Select &amp; Continue&#8221;.<\/span><\/li>\n<\/ul>\n<ul>\n<li><span>If you <strong>do not need a visa<\/strong>, the following text will appear: &#8220;<strong>You are exempt from visa&#8221;<\/strong>.&nbsp;<\/span><\/li>\n<li><span>If&nbsp;<strong>you do need a visa<\/strong> for entry, you will see <strong>how long your visa is valid<\/strong> and the <strong>visa fee.<\/strong> Press &#8220;Save &amp; Continue&#8221; to see in the next step and&nbsp;<strong>requirements have to be fulfilled<\/strong>. For example, in some cases you will need a return ticket.<\/span><\/li>\n<\/ul>\n<p><span><img decoding=\"async\" alt=\"Necessary Documents to Enter Turkey\" data-id=\"6196\" width=\"702\" data-init-width=\"1000\" height=\"468\" data-init-height=\"667\" title=\"Necessary Documents to Enter Turkey\" loading=\"lazy\" src=\"https:\/\/antalyatouristinformation.com\/d\/wp-content\/uploads\/sites\/9\/2021\/05\/Necessary-Documents-to-Enter-Turkey.jpg\" data-width=\"702\" data-height=\"468\" data-pinpro-key=\"v1ghcmqw4\"><\/span><\/p>\n<h2 id=\"t-1620119404335\" data-alt-text=\"Documents Needed\">Documents Needed to Enter Turkey<\/h2>\n<p><strong>Covid-19 Rules: <\/strong>From June 1, 2021, travelers who will visit Turkey are required to present<strong> one of the following documents<\/strong>:<\/p>\n<ul>\n<li>Proof of vaccination at least 14 days before the date of travel<\/li>\n<li>Documentation of recovery from COVID-19 in the last 6 months<\/li>\n<li>A negative rapid antigen test result taken within the last 48 hours before arrival<\/li>\n<li>A negative PCR test result taken within the last 72 hours before arrival<\/li>\n<\/ul>\n<p>This applies to all countries<strong> except: United Kingdom, Iran, Egypt, Singapore, Afghanistan, Bangladesh, Brazil, South Africa, India, Nepal, Pakistan, Sri Lanka.<\/strong><\/p>\n<ul>\n<li>Travelers departing from the United Kingdom, Iran, Egypt, or Singapore will be required to present a negative PCR test result which has to be made max. 72 hours before entry.<\/li>\n<li>Travelers who depart from or have visited Afghanistan, Bangladesh, Brazil, South Africa, India, Nepal, Pakistan, or Sri Lanka in the last 14 days must provide a negative PCR test taken within the last 72 hours prior to arrival. These travelers are required to quarantine for 14 days at locations designated by the governorships. A PCR test will be conducted at the end of the 14th day of quarantine. If the result is negative, the quarantine is terminated.<\/li>\n<\/ul>\n<p>Please be advised, that additional to normal entry regulations, travelers have to fill out an&nbsp;<a href=\"https:\/\/register.health.gov.tr\/\" target=\"_blank\" style=\"outline: none;\" rel=\"noopener\">entry registration form.<\/a>&nbsp;<\/p>\n<p><strong>The following documents are required to enter Turkey.<\/strong><\/p>\n<ul>\n<li><span>Valid travel documet (in most cases valid passport, in some cases temporary passport or ID-Card)&nbsp;<\/span><\/li>\n<li><span>If you are traveling with a child, a valid child passport.<\/span><\/li>\n<li><span>Depending on your citizenship, a visa or E-visa.<\/span><\/li>\n<\/ul>\n<p>C<strong>itizens from&nbsp;<\/strong><strong>15 countries<\/strong> are allowed to enter Turkey with their<strong>&nbsp;national ID-Cards<\/strong>. A couple of these countries include Germany, Ukraine, and the Netherlands. Citizens from other countries must present their passports.<\/p>\n<p><strong>Read more:<\/strong><a href=\"https:\/\/www.mfa.gov.tr\/countries-whose-citizens-are-allowed-to-enter-turkey-with-their-national-id_s.en.mfa\" target=\"_blank\" style=\"outline: none;\" rel=\"noopener\">Official List of Countries that are allowed to enter Turkey with their ID-Card <\/a>(without Passport).<\/p>\n<p><strong><\/strong>For most countries, your passport should be valid for <strong>at least 6 months<\/strong> from the date of entry into Turkey.<\/p>\n<p>In addition, it should have a <strong>full blank page<\/strong> for the entry and exit stamp.<\/p>\n<p>In some cases it is possible to enter Turkey with an <strong>expired passport<\/strong>. Note, however, that this is not possible at all border crossings and may cause difficulties especially at land borders.<\/p>\n<p><strong>Here is a list of countries that are allowed to <a href=\"https:\/\/www.mfa.gov.tr\/countries-whose-citizens-are-allowed-to-enter-turkey-with-their-national-id_s.en.mfa\" target=\"_blank\" style=\"outline: none;\" rel=\"noopener\">enter Turkey with an expired Passport.<\/a><\/strong><\/p>\n<p><span><img decoding=\"async\" alt=\"Entry Regulations for Children in Antalya in Turkey\" data-id=\"6199\" width=\"702\" data-init-width=\"1000\" height=\"468\" data-init-height=\"667\" title=\"Entry Regulations for Children in Antalya in Turkey\" loading=\"lazy\" src=\"https:\/\/antalyatouristinformation.com\/d\/wp-content\/uploads\/sites\/9\/2021\/05\/Entry-Regulations-for-Children-in-Antalya-in-Turkey.jpg\" data-width=\"702\" data-height=\"468\" data-pinpro-key=\"pm5p8pn6k\"><\/span><\/p>\n<h2 id=\"t-1620119404336\" data-alt-text=\"Entry for Children\">Entry Regulations for Children<\/h2>\n<p>Since June 26, 2012, <strong>children need their own valid passport<\/strong> to enter Turkey.<\/p>\n<p>Entries on their parents&#8217; passports are <strong>not valid anymore <\/strong>and will not permit them to travel into Turkey.<\/p>\n<p>Children of nationalities who are allowed to enter with a national ID card can also enter with their ID card.<\/p>\n<p><strong>Important:<\/strong> Children Need Their Own Passport to Enter Turkey!<\/p>\n<p><span><img decoding=\"async\" alt=\"How long can I stay with a Tourist Visa in Turkey\" data-id=\"6201\" width=\"702\" data-init-width=\"1000\" height=\"468\" data-init-height=\"667\" title=\"How long can I stay with a Tourist Visa in Turkey\" loading=\"lazy\" src=\"https:\/\/antalyatouristinformation.com\/d\/wp-content\/uploads\/sites\/9\/2021\/05\/How-long-can-I-stay-with-a-Tourist-Visa-in-Turkey.jpg\" data-width=\"702\" data-height=\"468\" data-pinpro-key=\"k3ddjuga6\"><\/span><\/p>\n<h2 id=\"t-1620119404337\" data-alt-text=\"How Long Can I Stay?\">How Long Can I Stay in Turkey with a Tourist Visa?<\/h2>\n<p>The length of time you can stay in Turkey depends on the citizenship on your passport. It can <strong>vary between 30 and 90 days<\/strong>.&nbsp;<\/p>\n<p>Citizens from most European countries are able to travel without a visa for visits of up to <strong>90 days within a 180-day period<\/strong>.<\/p>\n<p>This means that a maximum of 180 days is possible in one year.&nbsp;<\/p>\n<p>Note that<strong>&nbsp;visa runs are no longer possible&nbsp;<\/strong>to renew your tourist visa. Therefore, leaving Turkey and reentering does not reset the 90 days within the 180 day limit.&nbsp;<\/p>\n<p>Most tourists are granted a <strong>&#8220;multiple-entry visa&#8221;,<\/strong> which allows them to enter and leave the country as long as their visa is valid. There are also <strong>&#8220;single entry visas<\/strong>&#8220;, which allow only one entry to the country.<\/p>\n<p>Travelers who want to stay longer than 90 days can apply for a \u201c<strong>Short Term Residence Permi<\/strong><strong>t<\/strong>\u201d at the Local Immigration Offices (Provincial Directorate of Migration Administration).<\/p>\n<p>Please note, if you stay longer than your tourist visa allows, you risk <strong>a fine and deportation<\/strong>.<\/p>\n<p><span><img decoding=\"async\" alt=\"E-Visa, Visa at the Land Border or Visa from an Embassy in Antalya in Turkey\" data-id=\"6204\" width=\"702\" data-init-width=\"1000\" height=\"468\" data-init-height=\"667\" title=\"E-Visa, Visa at the Land Border or Visa from an Embassy in Antalya in Turkey\" loading=\"lazy\" src=\"https:\/\/antalyatouristinformation.com\/d\/wp-content\/uploads\/sites\/9\/2021\/05\/E-Visa-Visa-at-the-Land-Border-or-Visa-from-an-Embassy-in-Antalya-in-Turkey.jpg\" data-width=\"702\" data-height=\"468\" data-pinpro-key=\"jw8bvlk18\"><\/span><\/p>\n<h2 id=\"t-1620119404338\" data-alt-text=\"Where to Get a Visa\">E-Visas, Visas upon Arrival, and Visas from an Embassy<\/h2>\n<h3><strong><span style=\"text-decoration: underline;\">E-Visas:&nbsp;<\/span><\/strong><\/h3>\n<p>From most countries, it&#8217;s possible to easily obtain an e-Visa online. The e-Visa application only takes a<strong> few minutes<\/strong>.<\/p>\n<p>After filling out the online form and paying the visa fee, you will receive your visa<strong> within 3 days<\/strong>. For urgent applications, you will get an e-mail with your e-Visa in <strong>about 14 minutes.&nbsp;<\/strong><\/p>\n<p>We recommend that you use the <a href=\"https:\/\/www.evisa.gov.tr\/en\/\" target=\"_blank\" style=\"outline: none;\" rel=\"noopener\"><strong>official Turkish government site<\/strong><\/a> for this purpose. Note that government sites are always recognizable by the suffix <strong>&#8220;.gov&#8221;.<\/strong><\/p>\n<p><strong><strong><strong><a href=\"https:\/\/www.evisa.gov.tr\/en\/info\/who-is-eligible-for-e-visa\/\" target=\"_blank\" style=\"outline: none;\" rel=\"noopener\">See if you are eligible for an E-Visa.<\/a>&nbsp;<\/strong><\/strong><\/strong><\/p>\n<h3><strong><span style=\"text-decoration: underline;\">Visa upon arrival:<\/span><\/strong><\/h3>\n<p>Some citizens may obtain a&nbsp;<strong>visa upon arrival at a Turkish airport<\/strong>. &nbsp;However, tourists who need a visa are strongly advised to apply for an e-visa before their trip, as there are fewer and fewer Turkish airports with visa application centers.<\/p>\n<p>In addition, the fees charged by the official e-Visa website are lower than the fees for visas obtained upon arrival at Turkish airports.<\/p>\n<p><strong><strong><a href=\"https:\/\/www.evisa.gov.tr\/en\/info\/i-do-not-want-to-apply-for-an-e-visa-can-i-get-a-visa-on-arrival\/\" target=\"_blank\" style=\"outline: none;\" rel=\"noopener\">See if you can obtain a visa on arrival.<\/a><\/strong><\/strong><\/p>\n<h3><strong><span style=\"text-decoration: underline;\">Turkish Embassy or Consulate:<\/span><\/strong><\/h3>\n<p>You can also contact the <strong>Turkish Embassy or Consulate<\/strong> in your country to obtain a Turkish visa.<\/p>\n<p>For this type of application, it is best to start applying at least one month before the date of travel and already have all the necessary documents prepared.<\/p>\n<p><span><img decoding=\"async\" alt=\"Enter Turkey with a Car\" data-id=\"6209\" width=\"702\" data-init-width=\"1000\" height=\"468\" data-init-height=\"667\" title=\"Enter Turkey with a Car\" loading=\"lazy\" src=\"https:\/\/antalyatouristinformation.com\/d\/wp-content\/uploads\/sites\/9\/2021\/05\/Enter-Turkey-with-a-Car.jpg\" data-width=\"702\" data-height=\"468\" data-pinpro-key=\"pykh8cku0\"><\/span><\/p>\n<h2 id=\"t-1620119404339\" data-alt-text=\"Entering with a Car\">Entering Turkey with a Car<\/h2>\n<p>When entering Turkey by car, in addition to the travel documents already mentioned (passport or ID card, visa if necessary), you must also present these documents at the Turkish land border:<\/p>\n<ul>\n<li>&nbsp;International driving license<\/li>\n<li>&nbsp;License documents for the vehicle<\/li>\n<li>&nbsp;International Green Card and insurance to travel on Turkish roads<\/li>\n<li>&nbsp;Power of attorney (if the vehicle belongs to someone else)<\/li>\n<\/ul>\n<p><strong>Car Insurance:<\/strong> Please note that the Green Card insurance is usually valid only up to the Bosphorus.<\/p>\n<p>We therefore recommend that you check in advance whether your insurance policy is also valid for the Asian side of the country.<\/p>\n<p>If you need, you can buy valid insurance at border crossings.<\/p>\n<p><span><img decoding=\"async\" alt=\"Enter Turkey with a Cruise Ship or Yacht\" data-id=\"6212\" width=\"702\" data-init-width=\"1000\" height=\"468\" data-init-height=\"667\" title=\"Enter Turkey with a Cruise Ship or Yacht\" loading=\"lazy\" src=\"https:\/\/antalyatouristinformation.com\/d\/wp-content\/uploads\/sites\/9\/2021\/05\/Enter-Turkey-with-a-Cruise-Ship-or-Yacht.jpg\" data-width=\"702\" data-height=\"468\" data-pinpro-key=\"t36fhj4tm\"><\/span><\/p>\n<h2 id=\"t-1620119404340\" data-alt-text=\"Entering with a Ship\">Entering Turkey with a Cruise Ship or Yacht<\/h2>\n<p>When entering Turkey by cruise ship, for example in Alanya or Antalya, you do not need to apply for a visa, if you do not stay ashore for more than 72 hours.<\/p>\n<p>We recommend that you ask your tour operator about the necessary documents and current entry requirements.<\/p>\n<p><span><img decoding=\"async\" alt=\"Health Insurance in Turkey\" data-id=\"6214\" width=\"702\" data-init-width=\"1000\" height=\"470\" data-init-height=\"667\" title=\"Health Insurance in Turkey\" loading=\"lazy\" src=\"https:\/\/antalyatouristinformation.com\/d\/wp-content\/uploads\/sites\/9\/2021\/05\/Health-Insurance-in-Turkey.jpg\" data-width=\"702\" data-height=\"470\" style=\"\"><\/span><\/p>\n<ul>\n<li><a rel=\"noreferrer noopener nofollow\" href=\"https:\/\/pinterest.com\/pin\/create\/button\/?url=https:\/\/antalyatouristinformation.com\/d\/entry-regulations\/?tve=true&amp;tcbf=592f2e0b34&amp;is_video=false&amp;media=https:\/\/antalyatouristinformation.com\/d\/wp-content\/uploads\/sites\/9\/2021\/05\/Health-Insurance-in-Turkey.jpg&amp;description=Turkey%E2%80%99s%20Entry%20Regulations%20and%20Visas%20(For%20Tourists)%20%E2%80%93%202021%20%7C%20Antalya%20Tourist%20Information\" onclick=\"essb.window('https:\/\/pinterest.com\/pin\/create\/button\/?url=https:\/\/antalyatouristinformation.com\/d\/entry-regulations\/?tve=true&amp;tcbf=592f2e0b34&amp;is_video=false&amp;media=https:\/\/antalyatouristinformation.com\/d\/wp-content\/uploads\/sites\/9\/2021\/05\/Health-Insurance-in-Turkey.jpg&amp;description=Turkey%E2%80%99s%20Entry%20Regulations%20and%20Visas%20(For%20Tourists)%20%E2%80%93%202021%20%7C%20Antalya%20Tourist%20Information','pinpro','kq0n7m0n'); return false;\" target=\"_blank\"><span><\/span><span>Pin<\/span><\/a><\/li>\n<\/ul>\n<h2 id=\"t-1620119404341\" data-alt-text=\"Health Insurance\">Health Insurance in Turkey<\/h2>\n<p>It&#8217;s <strong>highly <\/strong><strong>recommended to get travel insurance or international health insurance&nbsp;<\/strong>before traveling to Turkey.&nbsp;<\/p>\n<p>In the event you need emergency medical treatment, as a tourist, you are more likely to be admitted to a private clinic due to the higher standards.<\/p>\n<p>However, healthcare insurance does not usually cover the full costs of private clinics. The difference must be paid out of your own pocket.<\/p>\n<p>For this reason, it&#8217;s a good idea to purchase travel insurance or international health insurance in advance. Travel insurance is available for as little as 10 euros per person.<\/p>\n<p><span><img decoding=\"async\" alt=\"Long Term Visa in Antalya in Turkey\" data-id=\"6216\" width=\"702\" data-init-width=\"1000\" height=\"470\" data-init-height=\"667\" title=\"Long Term Visa in Antalya in Turkey\" loading=\"lazy\" src=\"https:\/\/antalyatouristinformation.com\/d\/wp-content\/uploads\/sites\/9\/2021\/05\/Long-Term-Visa-in-Antalya-in-Turkey.jpg\" data-width=\"702\" data-height=\"470\" style=\"\"><\/span><\/p>\n<ul>\n<li><a rel=\"noreferrer noopener nofollow\" href=\"https:\/\/pinterest.com\/pin\/create\/button\/?url=https:\/\/antalyatouristinformation.com\/d\/entry-regulations\/?tve=true&amp;tcbf=592f2e0b34&amp;is_video=false&amp;media=https:\/\/antalyatouristinformation.com\/d\/wp-content\/uploads\/sites\/9\/2021\/05\/Long-Term-Visa-in-Antalya-in-Turkey.jpg&amp;description=Turkey%E2%80%99s%20Entry%20Regulations%20and%20Visas%20(For%20Tourists)%20%E2%80%93%202021%20%7C%20Antalya%20Tourist%20Information\" onclick=\"essb.window('https:\/\/pinterest.com\/pin\/create\/button\/?url=https:\/\/antalyatouristinformation.com\/d\/entry-regulations\/?tve=true&amp;tcbf=592f2e0b34&amp;is_video=false&amp;media=https:\/\/antalyatouristinformation.com\/d\/wp-content\/uploads\/sites\/9\/2021\/05\/Long-Term-Visa-in-Antalya-in-Turkey.jpg&amp;description=Turkey%E2%80%99s%20Entry%20Regulations%20and%20Visas%20(For%20Tourists)%20%E2%80%93%202021%20%7C%20Antalya%20Tourist%20Information','pinpro','kq0n7m0w'); return false;\" target=\"_blank\"><span><\/span><span>Pin<\/span><\/a><\/li>\n<\/ul>\n<h2 id=\"t-1620119404342\" data-alt-text=\"Long Term Visas\">How to Apply for an IKAMET (Long Term Visa)<\/h2>\n<p>If you wish to obtain a long-term visa, you must apply for an Ikamet, or \u201c<strong>Short Term Residence Permi<\/strong><strong>t<\/strong>\u201d.<\/p>\n<p>Your first residence permit can be issued for a maximum of one year on the condition that your passport does not expire earlier.<\/p>\n<p>The application can be made online via the <a href=\"https:\/\/e-ikamet.goc.gov.tr\/\" target=\"_blank\" style=\"outline: none;\" rel=\"noopener\">official immigration services website.<\/a> You will be given an appointment at the immigration office (Directorate of Migration Management), where you will need to submit an application file.<\/p>\n<p><strong>The following documents are required:<\/strong><\/p>\n<ul>\n<li>The residence permit application form<\/li>\n<li>Photocopy of your passport<\/li>\n<li>Notarized proof of residence (e.g. a rental agreement or a written invitation from a Turkish resident)<\/li>\n<li>4 biometric photos&nbsp;<\/li>\n<li>Valid health insurance<\/li>\n<li>Bank slip proving your ability to support yourself financially throughout your stay in Turkey&nbsp;<\/li>\n<li>Application fee payment receipts&nbsp;<\/li>\n<\/ul>\n<h2 id=\"t-1620119404343\" data-alt-text=\"Contacts in Turkey\">Contacts in Turkey<\/h2>\n<p><strong>Republic of Turkey Ministry of Foreign Affairs:<\/strong><\/p>\n<ul>\n<li><strong>Website:&nbsp;<\/strong><a href=\"https:\/\/www.mfa.gov.tr\/default.en.mfa\" target=\"_blank\" style=\"outline: none;\" rel=\"noopener\">www.mfa.gov.tr\/default.en.mfa<\/a><\/li>\n<li><strong>Phone:<\/strong> +90 (312) 292 10 00<\/li>\n<li><strong>Address: <\/strong>Dr. Sad\u0131k Ahmet Cad. No:8 Balgat \/ Ankara- Turkey 06100<\/li>\n<\/ul>\n<p><strong>Antalya Provincial Directorate of Migration Management:<\/strong><\/p>\n<ul>\n<li><strong>Website: <\/strong><a href=\"https:\/\/antalya.goc.gov.tr\/\" target=\"_blank\" style=\"outline: none;\" rel=\"noopener\">antalya.goc.gov.tr\/<\/a><\/li>\n<li><strong>Phone: <\/strong>0 242 237 95 50-51-52<\/li>\n<li><strong>E-mail:<\/strong><a href=\"mailto:antalya@goc.gov.tr\" style=\"outline: none;\">antalya@goc.gov.tr<\/a><\/li>\n<li><strong>Address:<\/strong> Bay\u0131nd\u0131r Mahallesi Gazi Bulvar\u0131 No:2 07030 Muratpa\u015fa\/Antalya<\/li>\n<\/ul>\n<p><strong>Alanya District Directorate of Migration Management:<\/strong><\/p>\n<ul>\n<li><strong>Phone:&nbsp;<\/strong>(0242) 511 17 51<\/li>\n<li><strong>E-mail:&nbsp;<\/strong><a href=\"mailto:alanya@goc.gov.tr\" style=\"outline: none;\" target=\"_blank\" rel=\"noopener\">alanya@goc.gov.tr<\/a><\/li>\n<li><strong>Address:<\/strong> \u015eekerhane Mahallesi G\u00fcc\u00fco\u011flu Sokak No:18, 07400 Alanya\/Antalya<\/li>\n<\/ul>\n<p><strong>Kemer&nbsp;<span lang=\"EN-GB\">District Directorate of Migration Management<\/span>:<\/strong><\/p>\n<ul>\n<li><strong>Phone:&nbsp;<\/strong>(0242) 814 49 36<\/li>\n<li><strong>E-mail:<\/strong><a href=\"mailto:kemer@goc.gov.tr\" style=\"outline: none;\" target=\"_blank\" rel=\"noopener\">kemer@goc.gov.tr<\/a><\/li>\n<li><strong>Address:<\/strong> Merkez Mah. Yal\u0131 Cad. No: 1 \u0130\u00e7 Kap\u0131 : D-E Kemer Bel. Alt\u0131 Kemer\/Antalya<\/li>\n<\/ul>\n<p><strong>Manavgat&nbsp;<span lang=\"EN-GB\">District Directorate of Migration Management<\/span>:<\/strong><\/p>\n<ul>\n<li><strong>Phone:&nbsp;<\/strong>(0242) 742 84 47<\/li>\n<li><strong>E-mail:&nbsp;<a href=\"mailto:manavgat@goc.gov.tr\" style=\"outline: none;\" target=\"_blank\" rel=\"noopener\">manavgat@goc.gov.tr<\/a><\/strong><\/li>\n<li><strong>Address:&nbsp;<\/strong>Emek Mah. 3081 sok. \u0130l\u00e7e Emniyet M\u00fcd. Ek Hizmet Binas\u0131 No: 6 Manavgat\/Antalya<\/li>\n<\/ul>\n<p><strong>You might also be interested in these articles:<\/strong><\/p>\n<ul>\n<li><a href=\"https:\/\/antalyatouristinformation.com\/d\/entry-regulations\/e-visa\/\" style=\"outline: none;\">E-Visa Turkey: How to Apply, Pay, and the Rules<\/a><\/li>\n<li><a href=\"https:\/\/antalyatouristinformation.com\/d\/entry-regulations\/customs\/\" style=\"outline: none;\">Guide to Customs Regulations in Turkey<\/a><\/li>\n<\/ul>\n<p>Also have look at the links below to plan your trip:<\/p>\n","protected":false},"excerpt":{"rendered":"<p>This is our complete guide to Turkey&#8217;s entry regulations.&nbsp; Here you will find everything about the necessary documents, visa requirements, and frequently asked questions.&nbsp; Follow up your reading with our article about the current Covid-19 Rules in Turkey that will help you travel safely and worry-free. If you have questions about Customs Regulation in Turkey, [&hellip;]<\/p>\n","protected":false},"author":5,"featured_media":6190,"parent":0,"menu_order":0,"comment_status":"open","ping_status":"closed","template":"","meta":{"_acf_changed":false,"footnotes":""},"categories":[],"tags":[52,64],"class_list":["post-5277","page","type-page","status-publish","has-post-thumbnail","hentry","tag-covid-19","tag-entry","post-wrapper","thrv_wrapper"],"acf":[],"wp-worthy-pixel":{"ignored":false,"public":null,"server":null,"url":null},"wp-worthy-type":"normal","_links":{"self":[{"href":"https:\/\/antalyatouristinformation.com\/d\/wp-json\/wp\/v2\/pages\/5277","targetHints":{"allow":["GET"]}}],"collection":[{"href":"https:\/\/antalyatouristinformation.com\/d\/wp-json\/wp\/v2\/pages"}],"about":[{"href":"https:\/\/antalyatouristinformation.com\/d\/wp-json\/wp\/v2\/types\/page"}],"author":[{"embeddable":true,"href":"https:\/\/antalyatouristinformation.com\/d\/wp-json\/wp\/v2\/users\/5"}],"replies":[{"embeddable":true,"href":"https:\/\/antalyatouristinformation.com\/d\/wp-json\/wp\/v2\/comments?post=5277"}],"version-history":[{"count":85,"href":"https:\/\/antalyatouristinformation.com\/d\/wp-json\/wp\/v2\/pages\/5277\/revisions"}],"predecessor-version":[{"id":10841,"href":"https:\/\/antalyatouristinformation.com\/d\/wp-json\/wp\/v2\/pages\/5277\/revisions\/10841"}],"wp:featuredmedia":[{"embeddable":true,"href":"https:\/\/antalyatouristinformation.com\/d\/wp-json\/wp\/v2\/media\/6190"}],"wp:attachment":[{"href":"https:\/\/antalyatouristinformation.com\/d\/wp-json\/wp\/v2\/media?parent=5277"}],"wp:term":[{"taxonomy":"category","embeddable":true,"href":"https:\/\/antalyatouristinformation.com\/d\/wp-json\/wp\/v2\/categories?post=5277"},{"taxonomy":"post_tag","embeddable":true,"href":"https:\/\/antalyatouristinformation.com\/d\/wp-json\/wp\/v2\/tags?post=5277"}],"curies":[{"name":"wp","href":"https:\/\/api.w.org\/{rel}","templated":true}]}}