{"id":1017,"date":"2021-03-13T10:56:23","date_gmt":"2021-03-13T09:56:23","guid":{"rendered":"http:\/\/antalyatouristinformation.com\/clone4639485xzhehsskdjfhhdhebdkkekdeewsd4545gdfgm\/?page_id=1017"},"modified":"2023-04-27T12:46:04","modified_gmt":"2023-04-27T10:46:04","slug":"antalya-archaologisch","status":"publish","type":"page","link":"https:\/\/antalyatouristinformation.com\/de\/sehenswurdigkeiten\/museum\/antalya-archaologisch\/","title":{"rendered":"Arch\u00e4ologisches Museum in Antalya: Tickets und Tipps"},"content":{"rendered":"<p>Das ist der komplette Guide zum Arch\u00e4ologischen Museum in Antalya.<\/p>\n<p>Das Museum von Antalya, wie das Arch\u00e4ologische Museum auch genannt wird, ist das wichtigste und renommierteste Museum der Stadt. Unter den arch\u00e4ologischen Museen in der Provinz Antalya ist es das bedeutendste, gefolgt von dem arch\u00e4ologischen Museum in Side und Alanya.<\/p>\n<p>Hier k\u00f6nnt ihr Artefakte der drei gr\u00f6\u00dften antiken Regionen, Lykien, Pamphylien und Pisidien sehen.&nbsp;<\/p>\n<p>Alle wichtigen Informationen, die ihr vor dem Besuch des Museums wissen solltet, sind hier zusammengefasst. Dazu geh\u00f6ren Tipps, Eintritt, Anfahrt, Ausstellungsgegenst\u00e4nde sowie die Geschichte des Museums.<\/p>\n<p><span><img decoding=\"async\" alt=\"Three Graces Statue in Antalya Archeological Museum (Editorial)\" data-id=\"1999\" width=\"702\" data-init-width=\"1000\" height=\"468\" data-init-height=\"667\" title=\"Three Graces Statue in Antalya Archeological Museum (Editorial)\" loading=\"lazy\" src=\"\/\/antalyatouristinformation.com\/de\/wp-content\/uploads\/sites\/10\/2021\/04\/Three-Graces-Statue-in-Antalya-Archeological-Museum.jpg\" data-width=\"702\" data-height=\"468\" data-pinpro-key=\"zyvciygl0\" data-pin-media=\"https:\/\/antalyatouristinformation.com\/de\/wp-content\/uploads\/sites\/10\/2021\/06\/prag_50_sehenswuerdigkeiten_pinterest-13-4.jpg\" data-pin-description=\"Antalya Archaeological Museum | Antalya Tourist Information\" data-pin-url=\"https:\/\/antalyatouristinformation.com\/de\/sehenswurdigkeiten\/museum\/antalya-archaologisch\/?tve=true&amp;tcbf=b79d6e7f6b\"><\/span><\/p>\n<h2 id=\"t-1625314797730\" data-alt-text=\"Was kann ich dort machen?\">Was kann ich im Arch\u00e4ologischen Museum in Antalya machen?<\/h2>\n<p>Das Antalya Museum besteht aus 2 Etagen mit insgesamt 14 Ausstellungshallen. Auf 30.000 Quadratmetern k\u00f6nnt ihr Exponate sowohl in den Innenr\u00e4umen als auch in Freiluftgalerien bewundern. Die Ausstellungen sind chronologisch geordnet.<\/p>\n<p><b>Tipp:<\/b> Falls ihr das ganze Museum besichtigen wollt, solltet ihr mindestens zwei Stunden daf\u00fcr einplanen. Am Ausgang gibt es ein kleines Caf\u00e9 und einen Museumsshop.<\/p>\n<h2 id=\"t-1625314797731\" data-alt-text=\"Abteilungen\">Abteilungen des Museums<\/h2>\n<p>Hier findet ihr Informationen zu den einzelnen Highlights des Museums, die ihr bei eurem Besuch nicht verpassen solltet.<\/p>\n<ul>\n<li><span><strong><b>Pr\u00e4historischer Saal:<\/b> <\/strong>In dem pr\u00e4historischen Saal k\u00f6nnt ihr Objekte bewundern, die in der Karain-H\u00f6hle, in Okuzin und Semahoyuk gefunden wurden. Alle Ausstellungsst\u00fccke stammen aus der Zeit vor der Entdeckung der Schrift. Die Fossilien zeigen euch, welche Tiere damals lebten.<\/span><\/li>\n<li><span><strong><b>Saal f\u00fcr M\u00fcnzen, kleine Artefakte und Ikonen:<\/b> <\/strong>Hier k\u00f6nnt ihr M\u00fcnzen aus den Regionen Pamphylien, Pisidien und Lykien sowie Elmal\u0131-M\u00fcnzen, t\u00fcrkische Beyliks, anatolische Seldschuken und osmanische M\u00fcnzen sehen.<\/span><\/li>\n<li><span><strong><b>Raum f\u00fcr Kinder:<\/b> <\/strong>In diesem Saal k\u00f6nnt ihr euren Kindern Spielzeug aus der Antike zeigen.<\/span><\/li>\n<li><span><strong><b>Statuen von griechischen G\u00f6ttern und G\u00f6ttinnen:<\/b> <\/strong>Die etwa 20 Skulpturen von G\u00f6ttern und G\u00f6ttinnen der griechischen Mythologie stammen aus antiken St\u00e4dten rund um Antalya.<\/span><\/li>\n<li><span><strong><b>R\u00f6mische Kaiserstatuen:<\/b> <\/strong>In der spektakul\u00e4ren Halle seht ihr Statuen von Kaisern, Kaiserinnen und anderen prominenten politischen Pers\u00f6nlichkeiten aus der r\u00f6mischen Zeit. Alle wurden in der antiken Stadt Perge gefunden. Die Statue der tanzenden Frauen und Kaiser Hadrians ist eine der ber\u00fchmtesten.<\/span><\/li>\n<li><span><strong><b>Saal f\u00fcr regionale Ausgrabungen:<\/b> <\/strong>Das Museum Antalya f\u00fchrt Ausgrabungs- und arch\u00e4ologische Landschaftsarbeiten in der Region Antalya durch. Hier k\u00f6nnt ihr Artefakte aus den antiken St\u00e4tten rund um die Regionen Lykien, Pamphylien und Pisidien bewundern<strong>.<\/strong><\/span><\/li>\n<li><span><strong><b>Mosaiksaal:<\/b> <\/strong>Vers\u00e4umt nicht, das ber\u00fchmte Artefakt &#8222;Mosaik der Philosophen\u201c zu bestaunen.<\/span><\/li>\n<li><span><strong><b>Das Theater von Perge:<\/b> <\/strong>Die pr\u00e4chtige Statue des Marsyas, die in der Mitte der Halle steht, wird euch sofort ins Auge stechen. Au\u00dferdem seht ihr hier monumentale Skulpturen aus dem antiken Theater von Perge. Die Reliefs der Friese sind besonders bedeutend.<\/span><\/li>\n<li><span><strong><b>Saal der Sarkophage:<\/b> <\/strong>Die meisten Sarkophage, die ihr in dieser Halle bestaunen k\u00f6nnt, stammen von der Ausgrabung der Nekropole von Perge.<\/span><\/li>\n<\/ul>\n<p><span><img decoding=\"async\" alt=\"Antalya Archeological Museum in Turkey (Editorial)\" data-id=\"2001\" width=\"702\" data-init-width=\"1000\" height=\"468\" data-init-height=\"667\" title=\"Antalya Archeological Museum in Turkey (Editorial)\" loading=\"lazy\" src=\"\/\/antalyatouristinformation.com\/de\/wp-content\/uploads\/sites\/10\/2021\/04\/Antalya-Archeological-Museum-in-Turkey.jpg\" data-width=\"702\" data-height=\"468\" data-pinpro-key=\"0c3q2he0j\" data-pin-media=\"https:\/\/antalyatouristinformation.com\/de\/wp-content\/uploads\/sites\/10\/2021\/06\/prag_50_sehenswuerdigkeiten_pinterest-13-4.jpg\" data-pin-description=\"Antalya Archaeological Museum | Antalya Tourist Information\" data-pin-url=\"https:\/\/antalyatouristinformation.com\/de\/sehenswurdigkeiten\/museum\/antalya-archaologisch\/?tve=true&amp;tcbf=b79d6e7f6b\"><\/span><\/p>\n<h2 id=\"t-1619438769087\">Eintritt, Tickets und Touren<\/h2>\n<p>Das Museum liegt mitten in der Stadt. Ein Parkplatz ist vorhanden.<\/p>\n<ul>\n<li><span><strong>Eintritt:<\/strong> Das Museum ist in den Monaten April bis Oktober t\u00e4glich von 08:30 -18:45 Uhr und in den Monaten Oktober bis M\u00e4rz t\u00e4glich von 08:30 bis 17:30 Uhr ge\u00f6ffnet.<\/span><\/li>\n<li><span><strong>Tickets:<\/strong> F\u00fcr den Besuch des Museums wird ein Eintrittspreis erhoben. Falls ihr den Museumspass Akdeniz habt, k\u00f6nnt ihr das Museum umsonst besuchen.<\/span><\/li>\n<li><span>Kauft euch den Museumspass Akdeniz, spart Geld und \u00fcberspringt die Warteschlange!<\/span><\/li>\n<\/ul>\n<ul>\n<li><span><strong>Tipp:<\/strong> Falls ihr Tickets f\u00fcr Vergn\u00fcgungsparks, Museen und Touren f\u00fcr eure Antalya-Reise vorab buchen m\u00f6chtet, solltet ihr unbedingt einen Blick auf die Angebote in unserem offiziellen Shop werfen.<\/span><\/li>\n<\/ul>\n<h2 id=\"t-1619438769088\" data-alt-text=\"Anfahrt\">Wie komme ich zum Arch\u00e4ologischen Museum von Antalya?<\/h2>\n<p>Das Arch\u00e4ologische Museum liegt in der Konyaalt\u0131-Stra\u00dfe. Ihr k\u00f6nnt von Kalei\u00e7i aus auf dem Cumhuriyet-Boulevard einen 15-20-min\u00fctigen Spaziergang hierhin machen.<\/p>\n<p>Ihr k\u00f6nnt das Museum auch mit dem Bus oder der Stra\u00dfenbahn erreichen:<\/p>\n<p><b>Stra\u00dfenbahn:<\/b> Die Tram f\u00e4hrt jede halbe Stunde vom Stadtzentrum Antalyas aus. Bei der Haltestelle &#8222;M\u00fcze&#8220; m\u00fcsst ihr aussteigen.<\/p>\n<p><b>Bus:<\/b> Die Buslinien 600, CV14, KC06, LF09, MC58, MC68 und MZ78 bringen euch zum Museum.<\/p>\n<p><span><img decoding=\"async\" alt=\"Museum of Antiquities of Antalya in Turkey (Editorial)\" data-id=\"2005\" width=\"702\" data-init-width=\"1000\" height=\"468\" data-init-height=\"667\" title=\"Museum of Antiquities of Antalya in Turkey (Editorial)\" loading=\"lazy\" src=\"\/\/antalyatouristinformation.com\/de\/wp-content\/uploads\/sites\/10\/2021\/04\/Museum-of-Antiquities-of-Antalya-in-Turkey.jpg\" data-width=\"702\" data-height=\"468\" data-pinpro-key=\"eyfseix04\" data-pin-media=\"https:\/\/antalyatouristinformation.com\/de\/wp-content\/uploads\/sites\/10\/2021\/06\/prag_50_sehenswuerdigkeiten_pinterest-13-4.jpg\" data-pin-description=\"Antalya Archaeological Museum | Antalya Tourist Information\" data-pin-url=\"https:\/\/antalyatouristinformation.com\/de\/sehenswurdigkeiten\/museum\/antalya-archaologisch\/?tve=true&amp;tcbf=b79d6e7f6b\"><\/span><\/p>\n<h2 id=\"t-1619438769089\" data-alt-text=\"FAQ\">FAQ<\/h2>\n<h2 id=\"t-1625314797732\" data-alt-text=\"Geschichte\">Die Geschichte des Arch\u00e4ologischen Museums von Antalya<\/h2>\n<p>Im Jahr 1922 gr\u00fcndete S\u00fcleyman Fikri ERTEN das Antalya-Museum. Zun\u00e4chst war es in der Alaaddin-Moschee in Kalei\u00e7i untergebracht. 1937 zog das Museum in den Yivli-Minarett-Komplex um und 1972 in das heutige Geb\u00e4ude.<\/p>\n<p>Fundst\u00fccke aus Ausgrabungen in der Umgebung erweiterten die Sammlungen st\u00e4ndig.<\/p>\n<p>1982 begannen umfangreiche Umbau- und Restaurierungsarbeiten, um das Antalya-Museum moderner zu gestalten. 1985 wurde es schlie\u00dflich wiederer\u00f6ffnet.<\/p>\n<p>1988 wurde es mit dem &#8222;European Council Special Award&#8220;, einem Sonderpreis des Europ\u00e4ischen Rates, ausgezeichnet.<\/p>\n<p>Hier k\u00f6nnt ihr mehr \u00fcber die <a href=\"https:\/\/antalyatouristinformation.com\/de\/sehenswurdigkeiten\/museum\/\">Museen in Antalya<\/a> lesen.<\/p>\n<h2 id=\"t-1619438769091\">Kontakt<\/h2>\n<ul>\n<li><span><strong>Adresse :&nbsp;<\/strong>Bah\u00e7elievler, Konyaalt\u0131 Cd. No:88, 07050 Muratpa\u015fa\/Antalya<\/span><\/li>\n<li><span><strong>\u00d6ffnungszeiten:&nbsp;<\/strong>Sommer: 08:30 &#8211; 18:45, Winter: 08:30 &#8211; 17:30<\/span><\/li>\n<li><span><strong>\u00d6ffentlicher Verkehr:&nbsp;<\/strong>Stra\u00dfenbahn, Busse und Minibusse Richtung Konyaalt\u0131, Buslinien 600, CV14, KC06, LF09, MC58, MC68 und MZ78<\/span><\/li>\n<li><span><strong>Webseite:&nbsp;<\/strong><a href=\"https:\/\/muze.gov.tr\/muze-detay?SectionId=ANT01&amp;DistId=ANT\" target=\"_blank\" rel=\"noopener\">Museum Antalya<\/a><\/span><\/li>\n<\/ul>\n","protected":false},"excerpt":{"rendered":"<p>Das ist der komplette Guide zum Arch\u00e4ologischen Museum in Antalya. Das Museum von Antalya, wie das Arch\u00e4ologische Museum auch genannt wird, ist das wichtigste und renommierteste Museum der Stadt. Unter den arch\u00e4ologischen Museen in der Provinz Antalya ist es das bedeutendste, gefolgt von dem arch\u00e4ologischen Museum in Side und Alanya. Hier k\u00f6nnt ihr Artefakte der [&hellip;]<\/p>\n","protected":false},"author":4,"featured_media":1997,"parent":115,"menu_order":0,"comment_status":"open","ping_status":"closed","template":"","meta":{"_acf_changed":false,"footnotes":""},"categories":[],"tags":[62,38],"class_list":["post-1017","page","type-page","status-publish","has-post-thumbnail","hentry","tag-archaeology","tag-museum","post-wrapper","thrv_wrapper"],"acf":[],"wp-worthy-pixel":{"ignored":false,"public":null,"server":null,"url":null},"wp-worthy-type":"normal","_links":{"self":[{"href":"https:\/\/antalyatouristinformation.com\/de\/wp-json\/wp\/v2\/pages\/1017","targetHints":{"allow":["GET"]}}],"collection":[{"href":"https:\/\/antalyatouristinformation.com\/de\/wp-json\/wp\/v2\/pages"}],"about":[{"href":"https:\/\/antalyatouristinformation.com\/de\/wp-json\/wp\/v2\/types\/page"}],"author":[{"embeddable":true,"href":"https:\/\/antalyatouristinformation.com\/de\/wp-json\/wp\/v2\/users\/4"}],"replies":[{"embeddable":true,"href":"https:\/\/antalyatouristinformation.com\/de\/wp-json\/wp\/v2\/comments?post=1017"}],"version-history":[{"count":10,"href":"https:\/\/antalyatouristinformation.com\/de\/wp-json\/wp\/v2\/pages\/1017\/revisions"}],"predecessor-version":[{"id":14953,"href":"https:\/\/antalyatouristinformation.com\/de\/wp-json\/wp\/v2\/pages\/1017\/revisions\/14953"}],"up":[{"embeddable":true,"href":"https:\/\/antalyatouristinformation.com\/de\/wp-json\/wp\/v2\/pages\/115"}],"wp:featuredmedia":[{"embeddable":true,"href":"https:\/\/antalyatouristinformation.com\/de\/wp-json\/wp\/v2\/media\/1997"}],"wp:attachment":[{"href":"https:\/\/antalyatouristinformation.com\/de\/wp-json\/wp\/v2\/media?parent=1017"}],"wp:term":[{"taxonomy":"category","embeddable":true,"href":"https:\/\/antalyatouristinformation.com\/de\/wp-json\/wp\/v2\/categories?post=1017"},{"taxonomy":"post_tag","embeddable":true,"href":"https:\/\/antalyatouristinformation.com\/de\/wp-json\/wp\/v2\/tags?post=1017"}],"curies":[{"name":"wp","href":"https:\/\/api.w.org\/{rel}","templated":true}]}}