{"id":1054,"date":"2021-03-10T18:53:51","date_gmt":"2021-03-10T17:53:51","guid":{"rendered":"https:\/\/antalyatouristinformation.com\/clone4639485xzhehsskdjfhhdhebdkkekdeewsd4545gdfgm\/?page_id=1054"},"modified":"2023-04-18T14:34:05","modified_gmt":"2023-04-18T12:34:05","slug":"letoon","status":"publish","type":"page","link":"https:\/\/antalyatouristinformation.com\/de\/sehenswurdigkeiten\/geschichte\/letoon\/","title":{"rendered":"Letoon in Antalya: Geschichte und Tipps"},"content":{"rendered":"<p>Hier ist unser kompletter Guide zu der antiken St\u00e4tte Letoon.<\/p>\n<p>Zwischen Ka\u015f und Fethiye gibt es viele antike \u00dcberreste aus der lykischen Zivilisation. Eine davon ist Letoon.<\/p>\n<p>Letoon liegt in dem Dorf Kumluova, 4 km s\u00fcdwestlich von <a href=\"https:\/\/antalyatouristinformation.com\/de\/sehenswurdigkeiten\/geschichte\/xanthos\/\">Xanthos<\/a>. Fr\u00fcher war es das nationale Heiligtum Lykiens.<\/p>\n<p>Hier lest ihr alle wichtigen Informationen, die ihr vor dem Besuch von Letoon wissen solltet.<\/p>\n<p>Dazu geh\u00f6ren die Sehensw\u00fcrdigkeiten, Tipps und h\u00e4ufige Fragen, Eintritt und Anfahrt sowie die Geschichte von Letoon.<\/p>\n<p>Los geht\u2019s!<\/p>\n<p><span><img decoding=\"async\" alt=\"Letoon (Letoum) ancient city in Antalya in Turkey\" data-id=\"5672\" width=\"702\" data-init-width=\"1000\" height=\"468\" data-init-height=\"667\" title=\"Letoon (Letoum) ancient city in Antalya in Turkey\" loading=\"lazy\" src=\"https:\/\/antalyatouristinformation.com\/de\/wp-content\/uploads\/sites\/10\/2021\/05\/Letoon-Letoum-ancient-city-in-Antalya-in-Turkey.jpg\" data-width=\"702\" data-height=\"468\" data-pinpro-key=\"h5hvmwlur\" data-pin-media=\"https:\/\/antalyatouristinformation.com\/de\/wp-content\/uploads\/sites\/10\/2021\/06\/Antalya-Pinterest-4-14.jpg\" data-pin-description=\"Guide Letoon Ancient Site, Antalya | Antalya Tourist Information\" data-pin-url=\"https:\/\/antalyatouristinformation.com\/de\/sehenswurdigkeiten\/geschichte\/letoon\/?tve=true&amp;tcbf=d3233f18a0\"><\/span><\/p>\n<h2 id=\"t-1619532089914\" data-alt-text=\"Was kann ich dort machen?\">Was kann ich in Letoon machen?<\/h2>\n<p>Die Ruinen und Artefakte in Letoon zeigen, dass die Stadt einst eines der wichtigsten religi\u00f6sen Zentren Lykiens war. Letoon liegt in der N\u00e4he der antiken Stadt Xanthos und war das Heiligtum der Lykischen Union.<\/p>\n<p>In der Anlage seht ihr die Tempel von Leto, Apollo und Artemis, sowie die Ruinen eines Klosters, eines Brunnens und eines r\u00f6mischen Theaters. Der gr\u00f6\u00dfte Tempel ist der G\u00f6ttin Leto, der Mutter von Artemis und Apollo, gewidmet. Er wurde im Peripteros-Stil erbaut.<\/p>\n<h2 id=\"t-1625325840912\" data-alt-text=\"Legende\">Die Legende von Leto<\/h2>\n<p>Der Legende nach floh die G\u00f6ttin Leto, nachdem sie Apollo und Artemis auf der Insel Delos zur Welt gebracht hatte, vor dem Zorn von Hera. Sie suchte zun\u00e4chst Zuflucht an der K\u00fcste. Dann kam sie nach Xanthos, um ihre Kinder in einer Quelle im Tal mit heiligem Wasser zu waschen. Die Einheimischen wollten sie auf ihrem Weg dorthin aufhalten. Aus Rache verwandelte die G\u00f6ttin alle in Fr\u00f6sche. Sp\u00e4ter wurde bei der Quelle der Leto-Tempel errichtet.<\/p>\n<p>Die anderen beiden Tempel sind Artemis und Apollo gewidmet. Heute k\u00f6nnt ihr nur noch die Fundamente dieser 3 Tempel sehen.<\/p>\n<p>Beachtet auch den Brunnen im S\u00fcdwesten der Tempel und die Basilika im Osten.<\/p>\n<h3>Theater<\/h3>\n<p>Im Norden der Stadt seht ihr eine Stoa und ein hellenistisches Theater. Das Theater ist in den Hang hineingebaut, der gesamte mittlere Teil wurde aus dem Fels gehauen. Nur die Seitenteile wurden angebaut. Kurioserweise durchquert eine Stra\u00dfe das Theater. Sie wird von zwei bogenf\u00f6rmigen Eing\u00e4ngen mit geschm\u00fcckten T\u00fcren gekennzeichnet. Seht ihr die Masken, mit denen die Nordt\u00fcr verziert ist? Fr\u00fcher hatte das Theater Platz f\u00fcr etwa 5.000 Zuschauer.<\/p>\n<p>Falls ihr Zeit habt, macht doch einen Spaziergang zum Strand. Auf der Stra\u00dfe dorthin stehen rechts und links B\u00e4ume und bieten Schatten. Der Letoon-Strand ist Teil des 18 km langen <a href=\"https:\/\/antalyatouristinformation.com\/de\/sehenswurdigkeiten\/strand\/patara\/\">Patara-Strandes<\/a>.<\/p>\n<p><span><img decoding=\"async\" alt=\"Theater in Letoon in Antalya in Turkey\" data-id=\"5675\" width=\"702\" data-init-width=\"1000\" height=\"468\" data-init-height=\"667\" title=\"Theater in Letoon in Antalya in Turkey\" loading=\"lazy\" src=\"https:\/\/antalyatouristinformation.com\/de\/wp-content\/uploads\/sites\/10\/2021\/05\/Theater-in-Letoon-in-Antalya-in-Turkey.jpg\" data-width=\"702\" data-height=\"468\" data-pinpro-key=\"vh17rtm5q\" data-pin-media=\"https:\/\/antalyatouristinformation.com\/de\/wp-content\/uploads\/sites\/10\/2021\/06\/Antalya-Pinterest-4-14.jpg\" data-pin-description=\"Guide Letoon Ancient Site, Antalya | Antalya Tourist Information\" data-pin-url=\"https:\/\/antalyatouristinformation.com\/de\/sehenswurdigkeiten\/geschichte\/letoon\/?tve=true&amp;tcbf=d3233f18a0\"><\/span><\/p>\n<h2 id=\"t-1619532089915\">Eintritt, Tickets und Touren<\/h2>\n<p>Letoon, Xanthos und <a href=\"https:\/\/antalyatouristinformation.com\/de\/sehenswurdigkeiten\/geschichte\/patara\/\">Patara<\/a> k\u00f6nnt ihr bequem an einem Tag besuchen.<\/p>\n<ul>\n<li><span><strong>Eintritt:<\/strong> Die Ruinen von Letoon sind zwischen April und Oktober t\u00e4glich von 10:00 bis 19:00 Uhr und von Oktober bis M\u00e4rz von 08:30 bis 17:30 Uhr ge\u00f6ffnet.<\/span><\/li>\n<li><span><strong>Tickets:<\/strong> Der Eintritt in die St\u00e4tte ist kostenpflichtig. Tickets sind vor Ort erh\u00e4ltlich.<\/span><\/li>\n<li><span><strong>Touren:<\/strong><strong>&nbsp;<\/strong>Ihr k\u00f6nnt euren Besuch in Letoon bequem mit dem Besuch anderer antiker St\u00e4tten in der N\u00e4he kombinieren. Xanthos und Patara bieten sich daf\u00fcr an.<\/span><\/li>\n<li><span><strong><strong>Museumspass Akdeniz:&nbsp;&nbsp;<\/strong><\/strong>Der Museumspass Akdeniz ist in Letoon g\u00fcltig. Ihr k\u00f6nnt ihn in unserem Shop kaufen.<\/span><\/li>\n<\/ul>\n<ul>\n<li><span><strong>Tipp:<\/strong> Falls ihr Tickets f\u00fcr Vergn\u00fcgungsparks, Museen und Touren f\u00fcr eure Antalya-Reise vorab buchen m\u00f6chtet, solltet ihr unbedingt einen Blick auf die Angebote in unserem offiziellen Shop werfen.<\/span><\/li>\n<\/ul>\n<p><span><img decoding=\"async\" alt=\"Letoon Ancient Site in Fethiye in Turkey\" data-id=\"1086\" width=\"702\" data-init-width=\"1000\" height=\"470\" data-init-height=\"670\" title=\"Letoon Ancient Site in Fethiye in Turkey\" loading=\"lazy\" src=\"https:\/\/antalyatouristinformation.com\/de\/wp-content\/uploads\/sites\/10\/2021\/03\/letoon-ancient-site-in-fethiye-in-turkey-.jpg\" data-width=\"702\" data-height=\"470\" data-pinpro-key=\"hzvidyp67\" data-pin-media=\"https:\/\/antalyatouristinformation.com\/de\/wp-content\/uploads\/sites\/10\/2021\/06\/Antalya-Pinterest-4-14.jpg\" data-pin-description=\"Guide Letoon Ancient Site, Antalya | Antalya Tourist Information\" data-pin-url=\"https:\/\/antalyatouristinformation.com\/de\/sehenswurdigkeiten\/geschichte\/letoon\/?tve=true&amp;tcbf=d3233f18a0\"><\/span><\/p>\n<h2 id=\"t-1625325840913\" data-alt-text=\"Anfahrt\">Wie komme ich nach Letoon?<\/h2>\n<p>Die antike St\u00e4tte Letoon liegt an der Grenze der Provinzen Mu\u011fla und Antalya.<\/p>\n<p><b>Mit dem Auto:<\/b> Ihr kommt \u00fcber die Stra\u00dfe D400, die von Ka\u015f nach Fethiye f\u00fchrt, nach Letoon. Bei der Stadt Kinik biegt ihr bei Kilometer 65 nach links ab und nach 4 Kilometern seid ihr in Letoon. Falls ihr bei eurem Ausflug auch Xanthos besuchen m\u00f6chtet, fahrt ihr auf der D400 weiter ohne abzubiegen. Nach Kurzem seht ihr die Schilder nach Xanthos.<\/p>\n<p><b>Mit dem Bus:<\/b> Ihr k\u00f6nnt den Bus KUMLUOVA-FETHIYE benutzen. Steigt in Kumluova aus und nehmt euch ein Taxi zu der antiken St\u00e4tte.<\/p>\n<p><span><img decoding=\"async\" alt=\"Temple of Leto in Letoon Ancient Site in Fethiye in Turkey\" data-id=\"1087\" width=\"702\" data-init-width=\"1000\" height=\"470\" data-init-height=\"670\" title=\"Temple of Leto in Letoon Ancient Site in Fethiye in Turkey\" loading=\"lazy\" src=\"https:\/\/antalyatouristinformation.com\/de\/wp-content\/uploads\/sites\/10\/2021\/03\/letoon-ancient-site-temple-of-Leto.jpg\" data-width=\"702\" data-height=\"470\" data-pinpro-key=\"h3pj63yl7\" data-pin-media=\"https:\/\/antalyatouristinformation.com\/de\/wp-content\/uploads\/sites\/10\/2021\/06\/Antalya-Pinterest-4-14.jpg\" data-pin-description=\"Guide Letoon Ancient Site, Antalya | Antalya Tourist Information\" data-pin-url=\"https:\/\/antalyatouristinformation.com\/de\/sehenswurdigkeiten\/geschichte\/letoon\/?tve=true&amp;tcbf=d3233f18a0\"><\/span><\/p>\n<h2 id=\"t-1619532089917\" data-alt-text=\"FAQ\">FAQ&nbsp;<\/h2>\n<h2 id=\"t-1625325840914\" data-alt-text=\"Hotels\">Hotels in der N\u00e4he von Letoon<\/h2>\n<p>Hier sind einige Optionen f\u00fcr Unterk\u00fcnfte rund um die antike Stadt Letoon. Alle 4 Hotels sind preisgekr\u00f6nt. F\u00fcr jedes Budget ist etwas dabei:<\/p>\n<p><b>Kalamar Hotel:<\/b> Das moderne Kalamar Hotel bietet Zimmer mit Blick auf das Meer und die wei\u00df get\u00fcnchten H\u00e4user des Fischerdorfes. Es befindet sich 30 Minuten mit dem Auto von Ka\u015f entfernt. Adresse: Yal\u0131boyu mah. Akdeniz cad. Nr.: 51, Kalkan<\/p>\n<p><b>Papermoon Hotel &amp; Aparts:<\/b> Falls ihr ein romantisches Hotel in Kalan sucht, ist das Papermoon Hotel &amp; Aparts genau das Richtige f\u00fcr euch. Adresse: Cumhuriyet Caddesi No: 63 Kalamar Yolu, Kalkan<\/p>\n<p><b>Golden Lighthouse Hotel:<\/b> Das Golden Lighthouse Hotel liegt nur knapp 2 Kilometer von den Ruinen von Patara entfernt und ist eine gute Option f\u00fcr euch, falls ihr die antiken St\u00e4tten in dieser Gegend besuchen m\u00f6chtet. Adresse: Patara Mevki Ka\u015f Merkez, Patara<\/p>\n<p><b>Apollon Hotel:<\/b> Auch vom Apollon Hotel aus k\u00f6nnt ihr die Ruinen von Patara bequem erreichen und euren Ausflug mit einem Besuch in Letoon und Zanthos verbinden. Adresse: Merkez Gelemi\u015f, Patara T\u00fcrkiye<\/p>\n<p><span><img decoding=\"async\" alt=\"Letoon Ancient Site in Fethiye in Turkey\" data-id=\"1085\" width=\"702\" data-init-width=\"1000\" height=\"470\" data-init-height=\"670\" title=\"Letoon Ancient Site in Fethiye in Turkey\" loading=\"lazy\" src=\"https:\/\/antalyatouristinformation.com\/de\/wp-content\/uploads\/sites\/10\/2021\/03\/letoon-ancient-site-in-turkey-.jpg\" data-width=\"702\" data-height=\"470\" data-pinpro-key=\"izxsu0zzf\" data-pin-media=\"https:\/\/antalyatouristinformation.com\/de\/wp-content\/uploads\/sites\/10\/2021\/06\/Antalya-Pinterest-4-14.jpg\" data-pin-description=\"Guide Letoon Ancient Site, Antalya | Antalya Tourist Information\" data-pin-url=\"https:\/\/antalyatouristinformation.com\/de\/sehenswurdigkeiten\/geschichte\/letoon\/?tve=true&amp;tcbf=d3233f18a0\"><\/span><\/p>\n<h2 id=\"t-1619532089918\" data-alt-text=\"Geschichte \">Die Geschichte von Letoon<\/h2>\n<p>Die Herkunft der Lykier ist r\u00e4tselhaft und ihre Sprache weitgehend unentschl\u00fcsselt. Bis zur Eroberung durch Alexander dem Gro\u00dfen entwickelten sie eine eigene Zivilisation.<\/p>\n<p>Nach Alexanders Tod wurde Lykien f\u00fcr einige Jahrzehnte von den Ptolem\u00e4ern, den griechischen Herrschern \u00c4gyptens, besetzt. Dann besetzten die Rhodier Lykien. Dank des Schutzes von Rom erlangten die Lykier im 2. Jahrhundert vor unserer Zeitrechnung ihre Unabh\u00e4ngigkeit zur\u00fcck. Sie wurden Teil der erneuerten Lykischen Konf\u00f6deration.<\/p>\n<p>W\u00e4hrend des R\u00f6mischen Reiches besuchte Hadrian die Stadt Letoon und lie\u00df einen kaiserlichen Gebetsraum vor dem Altar der Leto und der Nymphen errichten. Mit dem Edikt des Theodosius aus dem Jahr 380 nach unserer Zeitrechnung wurde die heidnische Verehrung verboten. Die Tempel wurden daraufhin zerst\u00f6rt und in kleine vorchristliche Kirchen umgebaut.<\/p>\n<p>Letoon wurde durch den Bau einer Kirche, f\u00fcr die Steine aus dem Heiligtum verwendet wurden, christianisiert. Nach dem Einfall der Araber im 7. Jahrhundert nach unserer Zeitrechnung wurde Letoon jedoch aufgegeben und verlassen.<\/p>\n<p>Systematische Ausgrabungen begannen 1962 mit der franz\u00f6sischen Mission von Xanthos, damals unter der Leitung von Henri Metzger. Seitdem wurden die Arbeiten kontinuierlich fortgesetzt. Die Leitung hatten aufeinanderfolgend Christian Le Roy, Jacques des Courtils, Didier Laroche und seit 2009 Laurence Cavalier.<\/p>\n<p>Die arch\u00e4ologische Mission von L\u00e9toon steht unter der Schirmherrschaft des franz\u00f6sischen Au\u00dfenministeriums. Sie setzt ihre Arbeit bis heute fort. Ziel ist es, die Ergebnisse der fr\u00fcheren Ausgrabungen zu ver\u00f6ffentlichen und die Gestaltung der St\u00e4tte zu verbessern.<\/p>\n<p>Letoon und Xanthos geh\u00f6ren zum UNESCO-Weltkulturerbe.<\/p>\n<h2 id=\"t-1619532089919\">Kontakt<\/h2>\n<ul>\n<li><span><strong>Adresse:&nbsp;<\/strong>Arifler Mahallesi, Fethiye Ka\u015f Karayolu 65. Km., 48360<\/span><\/li>\n<li><span><strong>\u00d6ffnungszeiten:&nbsp;<\/strong>Sommer t\u00e4glich von 10:00 bis 19:00 Uhr, im Winter t\u00e4glich von 08:30 bis 17:30 Uhr<\/span><\/li>\n<li><span><strong>\u00d6ffentlicher Verkehr:&nbsp;<\/strong>Kumluca-Fethiye, Kas-Fethiye Bus<\/span><\/li>\n<li><span><strong>Webseite:&nbsp;<\/strong><a href=\"https:\/\/muze.gov.tr\/muze-detay?SectionId=LET01&amp;DistId=MRK\" target=\"_blank\" rel=\"noopener\">Muze.gov.tr<\/a><\/span><\/li>\n<\/ul>\n","protected":false},"excerpt":{"rendered":"<p>Hier ist unser kompletter Guide zu der antiken St\u00e4tte Letoon. Zwischen Ka\u015f und Fethiye gibt es viele antike \u00dcberreste aus der lykischen Zivilisation. Eine davon ist Letoon. Letoon liegt in dem Dorf Kumluova, 4 km s\u00fcdwestlich von Xanthos. Fr\u00fcher war es das nationale Heiligtum Lykiens. Hier lest ihr alle wichtigen Informationen, die ihr vor dem [&hellip;]<\/p>\n","protected":false},"author":4,"featured_media":1061,"parent":119,"menu_order":0,"comment_status":"open","ping_status":"closed","template":"","meta":{"_acf_changed":false,"footnotes":""},"categories":[],"tags":[43,42],"class_list":["post-1054","page","type-page","status-publish","has-post-thumbnail","hentry","tag-antiquity","tag-history","post-wrapper","thrv_wrapper"],"acf":[],"wp-worthy-pixel":{"ignored":false,"public":null,"server":null,"url":null},"wp-worthy-type":"normal","_links":{"self":[{"href":"https:\/\/antalyatouristinformation.com\/de\/wp-json\/wp\/v2\/pages\/1054","targetHints":{"allow":["GET"]}}],"collection":[{"href":"https:\/\/antalyatouristinformation.com\/de\/wp-json\/wp\/v2\/pages"}],"about":[{"href":"https:\/\/antalyatouristinformation.com\/de\/wp-json\/wp\/v2\/types\/page"}],"author":[{"embeddable":true,"href":"https:\/\/antalyatouristinformation.com\/de\/wp-json\/wp\/v2\/users\/4"}],"replies":[{"embeddable":true,"href":"https:\/\/antalyatouristinformation.com\/de\/wp-json\/wp\/v2\/comments?post=1054"}],"version-history":[{"count":10,"href":"https:\/\/antalyatouristinformation.com\/de\/wp-json\/wp\/v2\/pages\/1054\/revisions"}],"predecessor-version":[{"id":14921,"href":"https:\/\/antalyatouristinformation.com\/de\/wp-json\/wp\/v2\/pages\/1054\/revisions\/14921"}],"up":[{"embeddable":true,"href":"https:\/\/antalyatouristinformation.com\/de\/wp-json\/wp\/v2\/pages\/119"}],"wp:featuredmedia":[{"embeddable":true,"href":"https:\/\/antalyatouristinformation.com\/de\/wp-json\/wp\/v2\/media\/1061"}],"wp:attachment":[{"href":"https:\/\/antalyatouristinformation.com\/de\/wp-json\/wp\/v2\/media?parent=1054"}],"wp:term":[{"taxonomy":"category","embeddable":true,"href":"https:\/\/antalyatouristinformation.com\/de\/wp-json\/wp\/v2\/categories?post=1054"},{"taxonomy":"post_tag","embeddable":true,"href":"https:\/\/antalyatouristinformation.com\/de\/wp-json\/wp\/v2\/tags?post=1054"}],"curies":[{"name":"wp","href":"https:\/\/api.w.org\/{rel}","templated":true}]}}