{"id":1091,"date":"2021-03-11T15:47:23","date_gmt":"2021-03-11T14:47:23","guid":{"rendered":"https:\/\/antalyatouristinformation.com\/clone4639485xzhehsskdjfhhdhebdkkekdeewsd4545gdfgm\/?page_id=1091"},"modified":"2021-07-16T17:43:40","modified_gmt":"2021-07-16T15:43:40","slug":"haufige-fragen","status":"publish","type":"page","link":"https:\/\/antalyatouristinformation.com\/de\/heiraten\/haufige-fragen\/","title":{"rendered":"H\u00e4ufige Fragen zu t\u00fcrkischen Hochzeiten"},"content":{"rendered":"<p>Ihr wollt in der T\u00fcrkei heiraten? Oder eine t\u00fcrkische Hochzeit besuchen?<\/p>\n<p>Dann seid ihr hier genau richtig!<\/p>\n<p>Wir beantworten in unserem Guide zu Hochzeiten in der T\u00fcrkei die wichtigsten Fragen, die h\u00e4ufig zu t\u00fcrkischen Hochzeiten in der T\u00fcrkei gestellt werden.<\/p>\n<p>Falls ihr eine Frage habt, die wir noch nicht beantwortet haben, k\u00f6nnt ihr sie uns in den Kommentaren unten hinterlassen. Wir gehen auf alle Fragen gerne ein.<\/p>\n<p>Los geht\u2019s!<\/p>\n<p><span><img decoding=\"async\" alt=\"Wedding in a Luxruy Hotel in Turkey\" data-id=\"2286\" width=\"702\" data-init-width=\"1000\" height=\"468\" data-init-height=\"667\" title=\"Wedding in a Luxruy Hotel in Turkey\" loading=\"lazy\" src=\"https:\/\/antalyatouristinformation.com\/de\/wp-content\/uploads\/sites\/10\/2021\/04\/Wedding-in-a-Luxruy-Hotel-in-Turkey.jpg\" data-width=\"702\" data-height=\"468\" data-pinpro-key=\"g89ls8my9\" data-pin-media=\"https:\/\/antalyatouristinformation.com\/de\/wp-content\/uploads\/sites\/10\/2021\/06\/Antalya-Pinterest-18.jpg\" data-pin-description=\"FAQ Weddings in Turkey | Antalya Tourist Information\" data-pin-url=\"https:\/\/antalyatouristinformation.com\/de\/wedding\/frequently-asked-questions\/?tve=true&amp;tcbf=ec5b58f2a2\"><\/span><\/p>\n<h2 id=\"t-1620039974626\" data-alt-text=\"1. Dauer von Hochzeiten\">1. Wie lange dauert eine t\u00fcrkische Hochzeit?<\/h2>\n<p>Die <b>Trauung beim Standesamt dauert lediglich 15 bis 20 Minuten<\/b>. Danach versammelt man sich in der Regel vor dem Saal und \u00fcberreicht dem frisch verm\u00e4hlten Paar nach der Reihe seine Gl\u00fcckw\u00fcnsche und Geschenke (Geld oder Gold). Normalerweise verweilen die G\u00e4ste hier f\u00fcr 30-60 Minuten. W\u00e4hrenddessen wird geplaudert und Fotos geschossen.<\/p>\n<p>Die <b>eigentliche Hochzeitsfeier<\/b> findet in der Regel am Abend statt. Sie beginnt zwischen 18:00 und 20:00 Uhr und geht mehrere Stunden. Im Regelfall endet die Hochzeitsfeier zwischen 23:00 Uhr und Mitternacht. Das Ende der Feier wird durch ein paar langsame Lieder eingeleitet.<\/p>\n<p>In manchen Regionen <b>k\u00f6nnen t\u00fcrkische Hochzeiten sogar drei Tage andauern<\/b>. Der Brauch trifft aber nicht auf Hochzeitsfeiern in Gro\u00dfst\u00e4dten wie Istanbul, Antalya oder Izmir zu.<\/p>\n<p><span><img decoding=\"async\" alt=\"Wedding in a Palace in Turkey (Editorial)\" data-id=\"2258\" width=\"702\" data-init-width=\"1000\" height=\"468\" data-init-height=\"667\" title=\"Wedding in a Palace in Turkey (Editorial)\" loading=\"lazy\" src=\"https:\/\/antalyatouristinformation.com\/de\/wp-content\/uploads\/sites\/10\/2021\/04\/Wedding-in-a-Palace-in-Turkey.jpg\" data-width=\"702\" data-height=\"468\" data-pinpro-key=\"skt1geipt\" data-pin-media=\"https:\/\/antalyatouristinformation.com\/de\/wp-content\/uploads\/sites\/10\/2021\/06\/Antalya-Pinterest-18.jpg\" data-pin-description=\"FAQ Weddings in Turkey | Antalya Tourist Information\" data-pin-url=\"https:\/\/antalyatouristinformation.com\/de\/wedding\/frequently-asked-questions\/?tve=true&amp;tcbf=ec5b58f2a2\"><\/span><\/p>\n<h2 id=\"t-1620039974627\" data-alt-text=\"2. Hochzeitslocations\">2. An welchen Orten finden Hochzeiten \u00fcblicherweise statt?<\/h2>\n<p>St\u00e4dte wie Istanbul, Antalya und Kappadokien sind bei Ausl\u00e4ndern und multikulturellen Paaren, die in der T\u00fcrkei eine unvergessliche Hochzeit erleben wollen, \u00e4u\u00dferst popul\u00e4re Orte zum Heiraten.<\/p>\n<p>Zu den beliebtesten Locations geh\u00f6ren Hochzeitss\u00e4le, Luxushotels, Locations am Meer, Veranstaltungsorte im Freien (<em>K\u0131r d\u00fc\u011f\u00fcn\u00fc<\/em>) und viele mehr.<\/p>\n<p>Mehr dazu findet ihr in unserem Guide \u00fcber <a href=\"https:\/\/antalyatouristinformation.com\/de\/heiraten\/location\/\">die besten Locations f\u00fcr Hochzeiten in der T\u00fcrkei.<\/a><\/p>\n<h2 id=\"t-1620039974628\" data-alt-text=\"3. Standesamt\">3. Heiratet man im Standesamt oder kann der Standesbeamte auch zur Hochzeitsfeier kommen?<\/h2>\n<p>Der <b>Standesbeamte kann nach Absprache eure standesamtliche Trauung an einem Ort eurer Wahl vollziehen. <\/b>Ihr m\u00fcsst allerdings eine zus\u00e4tzliche Geb\u00fchr bezahlen, damit er zu eurer Hochzeitslocation kommt. Der Preis variiert je nach der Stadt, in der ihr heiraten wollt. Beachtet, dass eine rechtzeitige Terminabsprache notwendig ist.<\/p>\n<p><span><img decoding=\"async\" alt=\"Marriage in the registry office in Turkey\" data-id=\"2241\" width=\"702\" data-init-width=\"1000\" height=\"468\" data-init-height=\"667\" title=\"Marriage in the registry office in Turkey\" loading=\"lazy\" src=\"https:\/\/antalyatouristinformation.com\/de\/wp-content\/uploads\/sites\/10\/2021\/04\/Marriage-in-the-registry-office-in-Turkey.jpg\" data-width=\"702\" data-height=\"468\" data-pinpro-key=\"y2md8tofj\" data-pin-media=\"https:\/\/antalyatouristinformation.com\/de\/wp-content\/uploads\/sites\/10\/2021\/06\/Antalya-Pinterest-18.jpg\" data-pin-description=\"FAQ Weddings in Turkey | Antalya Tourist Information\" data-pin-url=\"https:\/\/antalyatouristinformation.com\/de\/wedding\/frequently-asked-questions\/?tve=true&amp;tcbf=ec5b58f2a2\"><\/span><\/p>\n<h2 id=\"t-1620039974629\" data-alt-text=\"4. Hochzeitszeremonie\">4. Welche Schritte gibt es bei einer t\u00fcrkischen Hochzeitszeremonie?<\/h2>\n<p>Viele t\u00fcrkische Paare ziehen es vor, dass der Standesbeamte ihrer Hochzeitsfeier beiwohnt, anstatt zum Standesamt zu gehen.<\/p>\n<p>In so einem Fall beginnt die Hochzeit mit dem gemeinsamen Einzug des Brautpaars an der Hochzeitslocation, in der Regel gegen 20 Uhr. Die G\u00e4ste erscheinen 1 bis 2 Stunden im Voraus und nehmen ihre Pl\u00e4tze ein.<\/p>\n<p>Danach wird die Trauung durch den Standesbeamten durchgef\u00fchrt. Nachdem sich Braut und Br\u00e4utigam das Ja-Wort gegeben haben, unterschreiben beide ihre Heiratsurkunde. An dem Punkt oder manchmal auch w\u00e4hrend das Brautpaar unterschreibt, findet eine lustige <a href=\"https:\/\/antalyatouristinformation.com\/de\/heiraten\/turkische-traditionen\/\">t\u00fcrkische Hochzeitstradition<\/a> statt:<\/p>\n<p>Die Braut oder der Br\u00e4utigam (meistens die Braut) versucht, dem Partner\/ der Partnerin auf den Fu\u00df zu treten. Dadurch soll bestimmt werden, wer in der Ehe das Sagen hat.&nbsp;<\/p>\n<p>Dann erkl\u00e4rt der Standesbeamte die beiden zu Mann und Frau. Die Frischverm\u00e4hlten k\u00fcssen sich und begeben sich auf die Tanzfl\u00e4che f\u00fcr ihren ersten Tanz als Mann und Frau. Nun beginnt die eigentliche Feier mit reichlich Tanz, Essen und ausgelassener Stimmung.<\/p>\n<p>F\u00fcr Informationen \u00fcber die erforderlichen Unterlagen und den rechtlichen Rahmen f\u00fcr Ausl\u00e4nder lest bitte unseren Guide \u00fcber den <a href=\"https:\/\/antalyatouristinformation.com\/de\/heiraten\/bestimmungen\/\">rechtlichen Ablauf von Hochzeiten in der T\u00fcrkei<\/a>.<\/p>\n<p><span><img decoding=\"async\" alt=\"The Engagement Gifts in Turkish Weddings\" data-id=\"2209\" width=\"702\" data-init-width=\"1000\" height=\"468\" data-init-height=\"667\" title=\"The Engagement Gifts in Turkish Weddings\" loading=\"lazy\" src=\"https:\/\/antalyatouristinformation.com\/de\/wp-content\/uploads\/sites\/10\/2021\/04\/The-Engagement-Gifts-in-Turkish-Weddings.jpg\" data-width=\"702\" data-height=\"468\" data-pinpro-key=\"c2r5z7gzg\" data-pin-media=\"https:\/\/antalyatouristinformation.com\/de\/wp-content\/uploads\/sites\/10\/2021\/06\/Antalya-Pinterest-18.jpg\" data-pin-description=\"FAQ Weddings in Turkey | Antalya Tourist Information\" data-pin-url=\"https:\/\/antalyatouristinformation.com\/de\/wedding\/frequently-asked-questions\/?tve=true&amp;tcbf=ec5b58f2a2\"><\/span><\/p>\n<h2 id=\"t-1620039974630\" data-alt-text=\"5. Hochzeitskuss\">5. <strong>Darf man die Braut bei einer t\u00fcrkischen Hochzeit k\u00fcssen?&nbsp;<\/strong><\/h2>\n<p>Eine Frage, mit der sich viele Ausl\u00e4nder besch\u00e4ftigen, ist, ob es in einem muslimisch gepr\u00e4gten Land wie der T\u00fcrkei, missbilligt wird, die Braut bei der Hochzeit zu k\u00fcssen.<\/p>\n<p>Der Kuss, der auf das Ja-Wort folgt, ist ein wichtiger Bestandteil einer jeden Hochzeit, auch in der T\u00fcrkei. Allerdings ziehen die meisten Einheimischen aus Respekt vor der Familie einen Kuss auf die Stirn vor. Aber auch ein z\u00e4rtlicher Kuss auf die Lippen ist keine Seltenheit mehr.<\/p>\n<p>Mit anderen Worten, es h\u00e4ngt davon ab, wie es die Familie eures t\u00fcrkischen Partners empfindet. Fragt am besten euren Partner und stellt so sicher, dass ihr niemanden beleidigt&#8230;<\/p>\n<h2 id=\"t-1620039974631\" data-alt-text=\"6. DJ oder Live Band\">6. DJ oder Live Band?<\/h2>\n<p>F\u00fcr die musikalische Unterhaltung bei t\u00fcrkischen Hochzeiten wird in der Regel ein DJ oder eine Live-Band engagiert.<\/p>\n<p><strong>Live-Bands<\/strong> kommen bei t\u00fcrkischen Hochzeitsfesten \u00f6fter zum Einsatz. Sie sorgen nicht nur mit ihrer Musik f\u00fcr Unterhaltung, sondern begleiten das Fest auch als Entertainer bzw. Moderator. Das kann sehr unterhaltend und lustig sein, aber f\u00fcr Menschen aus dem Ausland auch ein wenig befremdlich sein. Ihr k\u00f6nnt das aber mit der Band besprechen.<\/p>\n<p>Der Markt wird haupts\u00e4chlich von t\u00fcrkischsprachigen <strong>Hochzeitsbands <\/strong>dominiert. Deshalb kann es etwas schwierig werden, eine professionelle Band mit einem t\u00fcrkisch- und englischsprachigen Repertoire sowie einer guten englischen Aussprache zu finden.<\/p>\n<p><strong>DJs<\/strong> haben den Vorteil, dass ihr ihnen eine Liste mit euren Lieblingsliedern geben k\u00f6nnt. Dabei spielt es keine Rolle, ob die Lieder ein bunter Mix aus englischen, deutschen, t\u00fcrkischen oder russischen Liedern sind. Bei multikulturellen Hochzeiten ist das eine gute M\u00f6glichkeit jeden Geschmack zu treffen.<\/p>\n<p>Eine <strong>dritte Variante<\/strong> ist eine Kombination aus DJ und Band. Dadurch k\u00f6nnt ihr alle Sprachen problemlos abdecken und f\u00fcr reichlich Stimmung sorgen. Es gibt etliche Bands, die f\u00fcr solche F\u00e4lle mit DJs zusammenarbeiten.<\/p>\n<p><span><img decoding=\"async\" alt=\"Dreamy romantic weddings in garden in Turkey\" data-id=\"2262\" width=\"702\" data-init-width=\"1000\" height=\"468\" data-init-height=\"667\" title=\"Dreamy romantic weddings in garden in Turkey\" loading=\"lazy\" src=\"https:\/\/antalyatouristinformation.com\/de\/wp-content\/uploads\/sites\/10\/2021\/04\/Dreamy-romantic-weddings-in-garden-in-Turkey.jpg\" data-width=\"702\" data-height=\"468\" data-pinpro-key=\"b1t5vesh1\" data-pin-media=\"https:\/\/antalyatouristinformation.com\/de\/wp-content\/uploads\/sites\/10\/2021\/06\/Antalya-Pinterest-18.jpg\" data-pin-description=\"FAQ Weddings in Turkey | Antalya Tourist Information\" data-pin-url=\"https:\/\/antalyatouristinformation.com\/de\/wedding\/frequently-asked-questions\/?tve=true&amp;tcbf=ec5b58f2a2\"><\/span><\/p>\n<h2 id=\"t-1620039974632\" data-alt-text=\"7. Hochzeit im Hotel \">7. Wie lange d\u00fcrfen Hochzeiten in Hotels andauern? &nbsp; &nbsp; &nbsp;<\/h2>\n<p>F\u00fcr Hochzeiten in Hotels gilt die gleiche Zeitbeschr\u00e4nkung wie bei Hochzeitss\u00e4len und anderen Locations: <strong>um 00:00 Uhr Mitternacht <\/strong>muss aufgrund der Ruhest\u00f6rung sp\u00e4testens Schluss sein.<\/p>\n<h2 id=\"t-1625643901758\" data-alt-text=\"8. Ausschank von Alkohol\">8. Ist bei t\u00fcrkischen Hochzeiten Alkohol erlaubt?<\/h2>\n<p>Das Servieren von Alkohol auf Hochzeiten ist in der T\u00fcrkei nicht so verbreitet wie in westlichen L\u00e4ndern. Deswegen werdet ihr bei t\u00fcrkischen Hochzeiten seltener alkoholische Getr\u00e4nke serviert bekommen. Allerdings <strong>liegt die Entscheidung in der Regel in den H\u00e4nden des Brautpaares oder ihrer Familien<\/strong>.<\/p>\n<p>Interessant ist auch, dass, obwohl auf vielen t\u00fcrkischen Hochzeiten aus religi\u00f6sen oder finanziellen Gr\u00fcnden kein Alkohol ausgeschenkt wird, es aber dann doch inoffiziell Alkohol gibt.<\/p>\n<p><strong>In den meisten Locations ist der Ausschank von Alkohol gestattet.<\/strong> Deswegen sollte es kein Problem sein, eine Hochzeitslocation zu finden, die dem Wunsch nachkommt. Bei einem Gespr\u00e4ch mit den Locations k\u00f6nnt ihr in Erfahrung bringen, wie die jeweilige St\u00e4tte das Thema handhabt.<\/p>\n<p><span><img decoding=\"async\" alt=\"Wedding fireworks in Turkey\" data-id=\"5839\" width=\"702\" data-init-width=\"1000\" height=\"468\" data-init-height=\"667\" title=\"Wedding fireworks in Turkey\" loading=\"lazy\" src=\"https:\/\/antalyatouristinformation.com\/de\/wp-content\/uploads\/sites\/10\/2021\/05\/Wedding-fireworks-in-Turkey.jpg\" data-width=\"702\" data-height=\"468\" data-pinpro-key=\"ylt90we1f\" data-pin-media=\"https:\/\/antalyatouristinformation.com\/de\/wp-content\/uploads\/sites\/10\/2021\/06\/Antalya-Pinterest-18.jpg\" data-pin-description=\"FAQ Weddings in Turkey | Antalya Tourist Information\" data-pin-url=\"https:\/\/antalyatouristinformation.com\/de\/wedding\/frequently-asked-questions\/?tve=true&amp;tcbf=ec5b58f2a2\"><\/span><\/p>\n<h2 id=\"t-1620039974634\" data-alt-text=\"9. Feuerwerk\">9. Ist bei Hochzeiten in der T\u00fcrkei Feuerwerk erlaubt?<\/h2>\n<p>Mehrere t\u00fcrkische Stadtverwaltungen, darunter Istanbul und Izmir, haben die Verwendung von Feuerwerksk\u00f6rpern bei Hochzeiten oder Partys aufgrund der L\u00e4rmbel\u00e4stigung verboten. Einige Hochzeitsplaner verwenden stattdessen Lasershows.<\/p>\n<p>In Antalya ist die Verwendung von Feuerwerksk\u00f6rpern in einigen Gebieten noch erlaubt. Aufgrund der Umweltbelastung sind Feuerwerke bei Hochzeiten aber nicht mehr so beliebt wie fr\u00fcher.<\/p>\n<p><span><img decoding=\"async\" alt=\"Amazing wedding photographers in Turkey (Editorial)\" data-id=\"2260\" width=\"702\" data-init-width=\"1000\" height=\"468\" data-init-height=\"667\" title=\"Amazing wedding photographers in Turkey (Editorial)\" loading=\"lazy\" src=\"https:\/\/antalyatouristinformation.com\/de\/wp-content\/uploads\/sites\/10\/2021\/04\/Amazing-wedding-photographers-in-Turkey.jpg\" data-width=\"702\" data-height=\"468\" data-pinpro-key=\"eu8z39i8w\" data-pin-media=\"https:\/\/antalyatouristinformation.com\/de\/wp-content\/uploads\/sites\/10\/2021\/06\/Antalya-Pinterest-18.jpg\" data-pin-description=\"FAQ Weddings in Turkey | Antalya Tourist Information\" data-pin-url=\"https:\/\/antalyatouristinformation.com\/de\/wedding\/frequently-asked-questions\/?tve=true&amp;tcbf=ec5b58f2a2\"><\/span><\/p>\n<h2 id=\"t-1620039974635\" data-alt-text=\"10. Corona Ma\u00dfnahmen\">10. Wie sehen die Covid-Ma\u00dfnahmen f\u00fcr Hochzeitslocations in der T\u00fcrkei aus?<\/h2>\n<p>Aufgrund der Corona-Pandemie gelten derzeit in der T\u00fcrkei besondere Regeln f\u00fcr Hochzeiten und standesamtliche Trauungen.<\/p>\n<p>Die Hochzeitslocations m\u00fcssen bestimmte Regelungen einhalten, darunter Hygieneregeln wie regelm\u00e4\u00dfiges Desinfizieren und L\u00fcften, und ausreichend Abst\u00e4nde. Alle Anwesenden m\u00fcssen zudem stets eine Maske tragen.<\/p>\n<p>F\u00fcr die Anzahl der G\u00e4ste gibt es derzeit keine Einschr\u00e4nkungen (unter der Voraussetzung, dass in offenen Bereichen mindestens 4 m\u00b2 und in geschlossenen R\u00e4umen mindestens 6 m\u00b2 pro Person vorhanden sind).<\/p>\n<p>Essen und Getr\u00e4nke d\u00fcrfen wieder serviert werden.<\/p>\n<p>Musik ist nur bis Mitternacht erlaubt.<\/p>\n<p>Falls ihr weitere Fragen habt, stellt sie uns in den Kommentaren. Wir werden euch so schnell wie m\u00f6glich eine detaillierte Antwort geben.<\/p>\n<p>F\u00fcr weitere Artikel \u00fcber t\u00fcrkische Hochzeiten schaut euch folgende Beitr\u00e4ge an:<\/p>\n<ul>\n<li><a href=\"https:\/\/antalyatouristinformation.com\/de\/heiraten\/bestimmungen\/\">Rechtlicher Ablauf von Hochzeiten in der T\u00fcrkei<\/a><\/li>\n<li><a href=\"https:\/\/antalyatouristinformation.com\/de\/heiraten\/hochzeitskleid\/\">Wie man ein Hochzeitskleid in der T\u00fcrkei kauft<\/a><\/li>\n<li><a href=\"https:\/\/antalyatouristinformation.com\/de\/heiraten\/turkische-traditionen\/\">T\u00fcrkische Hochzeitstraditionen<\/a><\/li>\n<li><a href=\"https:\/\/antalyatouristinformation.com\/de\/heiraten\/ideen\/\">14 einzigartige Ideen f\u00fcr eine tolle Hochzeit in der T\u00fcrkei<\/a><\/li>\n<li><a href=\"https:\/\/antalyatouristinformation.com\/de\/heiraten\/fotograf\/\">Hochzeitsfotografen in der T\u00fcrkei<\/a><\/li>\n<li><a href=\"https:\/\/antalyatouristinformation.com\/de\/heiraten\/location\/\">Locations f\u00fcr Hochzeiten in der T\u00fcrkei: 10 beste Ideen<\/a><\/li>\n<\/ul>\n<p>Holt euch von unseren M.I.C.E Experten Hilfe bei der Gestaltung eures gro\u00dfen Tages in der T\u00fcrkei. F\u00fcr mehr Informationen \u00fcber Hochzeiten in Antalya klickt auf die untenstehenden Links.<\/p>\n","protected":false},"excerpt":{"rendered":"<p>Ihr wollt in der T\u00fcrkei heiraten? Oder eine t\u00fcrkische Hochzeit besuchen? Dann seid ihr hier genau richtig! Wir beantworten in unserem Guide zu Hochzeiten in der T\u00fcrkei die wichtigsten Fragen, die h\u00e4ufig zu t\u00fcrkischen Hochzeiten in der T\u00fcrkei gestellt werden. Falls ihr eine Frage habt, die wir noch nicht beantwortet haben, k\u00f6nnt ihr sie uns [&hellip;]<\/p>\n","protected":false},"author":5,"featured_media":2266,"parent":961,"menu_order":0,"comment_status":"open","ping_status":"closed","template":"","meta":{"_acf_changed":false,"footnotes":""},"categories":[],"tags":[51],"class_list":["post-1091","page","type-page","status-publish","has-post-thumbnail","hentry","tag-wedding","post-wrapper","thrv_wrapper"],"acf":[],"wp-worthy-pixel":{"ignored":false,"public":"e16992e6ec21432f934682c38a3f0772","server":"vg01.met.vgwort.de","url":"https:\/\/vg01.met.vgwort.de\/na\/e16992e6ec21432f934682c38a3f0772"},"wp-worthy-type":"normal","_links":{"self":[{"href":"https:\/\/antalyatouristinformation.com\/de\/wp-json\/wp\/v2\/pages\/1091","targetHints":{"allow":["GET"]}}],"collection":[{"href":"https:\/\/antalyatouristinformation.com\/de\/wp-json\/wp\/v2\/pages"}],"about":[{"href":"https:\/\/antalyatouristinformation.com\/de\/wp-json\/wp\/v2\/types\/page"}],"author":[{"embeddable":true,"href":"https:\/\/antalyatouristinformation.com\/de\/wp-json\/wp\/v2\/users\/5"}],"replies":[{"embeddable":true,"href":"https:\/\/antalyatouristinformation.com\/de\/wp-json\/wp\/v2\/comments?post=1091"}],"version-history":[{"count":10,"href":"https:\/\/antalyatouristinformation.com\/de\/wp-json\/wp\/v2\/pages\/1091\/revisions"}],"predecessor-version":[{"id":14033,"href":"https:\/\/antalyatouristinformation.com\/de\/wp-json\/wp\/v2\/pages\/1091\/revisions\/14033"}],"up":[{"embeddable":true,"href":"https:\/\/antalyatouristinformation.com\/de\/wp-json\/wp\/v2\/pages\/961"}],"wp:featuredmedia":[{"embeddable":true,"href":"https:\/\/antalyatouristinformation.com\/de\/wp-json\/wp\/v2\/media\/2266"}],"wp:attachment":[{"href":"https:\/\/antalyatouristinformation.com\/de\/wp-json\/wp\/v2\/media?parent=1091"}],"wp:term":[{"taxonomy":"category","embeddable":true,"href":"https:\/\/antalyatouristinformation.com\/de\/wp-json\/wp\/v2\/categories?post=1091"},{"taxonomy":"post_tag","embeddable":true,"href":"https:\/\/antalyatouristinformation.com\/de\/wp-json\/wp\/v2\/tags?post=1091"}],"curies":[{"name":"wp","href":"https:\/\/api.w.org\/{rel}","templated":true}]}}