{"id":1101,"date":"2021-03-12T14:22:45","date_gmt":"2021-03-12T13:22:45","guid":{"rendered":"https:\/\/antalyatouristinformation.com\/clone4639485xzhehsskdjfhhdhebdkkekdeewsd4545gdfgm\/?page_id=1101"},"modified":"2023-04-18T14:37:48","modified_gmt":"2023-04-18T12:37:48","slug":"myra","status":"publish","type":"page","link":"https:\/\/antalyatouristinformation.com\/de\/sehenswurdigkeiten\/geschichte\/myra\/","title":{"rendered":"Myra in Antalya: Geschichte und Tipps"},"content":{"rendered":"<p>Hier ist unser kompletter Guide zu der antiken St\u00e4tte Myra.<\/p>\n<p>Myra liegt in dem Bezirk Demre von Antalya. Der Name Myra bedeutet &#8222;Der Ort der obersten Gottesmutter&#8220;.<\/p>\n<p>Myra ist ber\u00fchmt f\u00fcr die Grabeskirche des Heiligen Nikolaus, der Bischof in Myra und auch der ber\u00fchmteste Einwohner der Stadt war. Heute ist er jedermann unter dem Namen Sankt Nikolaus, Santa Claus oder eben als der \u201eheilige Nikolaus\u201c bekannt.<\/p>\n<p>Hier lest ihr alle wichtigen Informationen, die ihr vor dem Besuch von Myra wissen solltet.<\/p>\n<p>Dazu geh\u00f6ren die Sehensw\u00fcrdigkeiten, Tipps und h\u00e4ufige Fragen, Eintritt und Anfahrt sowie die Geschichte von Myra.<\/p>\n<p>Los geht\u2019s!<\/p>\n<p><span><img decoding=\"async\" alt=\"St Nicholaos Church in Demre in Antalya in Turkey\" data-id=\"1121\" width=\"702\" data-init-width=\"1000\" height=\"470\" data-init-height=\"670\" title=\"St Nicholaos Church in Demre in Antalya in Turkey\" loading=\"lazy\" src=\"https:\/\/antalyatouristinformation.com\/de\/wp-content\/uploads\/sites\/10\/2021\/03\/st-nicholaos-church-in-demre.jpg\" data-width=\"702\" data-height=\"470\" data-pinpro-key=\"c0kdo4mtd\" data-pin-media=\"https:\/\/antalyatouristinformation.com\/de\/wp-content\/uploads\/sites\/10\/2021\/06\/prag_50_sehenswuerdigkeiten_pinterest-3-6.jpg\" data-pin-description=\"Guide Myra Ancient Site in Antalya | Antalya Tourist Information\" data-pin-url=\"https:\/\/antalyatouristinformation.com\/de\/sehenswurdigkeiten\/geschichte\/myra\/?tve=true&amp;tcbf=d3233f18a0\"><\/span><\/p>\n<h2 id=\"t-1619532833588\">Was kann ich in Myra machen?<\/h2>\n<p>Die Kirche, die dem Weihnachtsmann zugeschrieben wird, gilt f\u00fcr viele Gl\u00e4ubige als heilig. Nachdem ihr die Kirche besucht habt, k\u00f6nnt ihr euch die ber\u00fchmten Felsengr\u00e4ber und das Theater ansehen.<\/p>\n<h2 id=\"t-1625327903368\">Akropolis<\/h2>\n<p>Die Akropolis liegt direkt oberhalb der Felsengr\u00e4ber und des Theaters. Allerdings ist nicht viel erhalten geblieben. Die Stadt wurde zun\u00e4chst auf dem H\u00fcgel \u00fcber den Felsengr\u00e4bern gegr\u00fcndet. Im Laufe der Zeit expandierte sie nach unten und entwickelte sich zu einer der sechs wichtigsten lykischen St\u00e4dte. Besonders im 2. Jahrhundert nach unserer Zeitrechnung entstanden viele Geb\u00e4ude, die mit Spenden von wohlhabenden B\u00fcrgern finanziert wurden.<\/p>\n<h2 id=\"t-1625327903369\">Felsengr\u00e4ber<\/h2>\n<p>In Myra gibt es zwei Bereiche, in denen ihr Felsengr\u00e4ber findet. Die Gr\u00e4ber wurden senkrecht in die Klippen gehauen. Sie sind wie kleine H\u00e4user gebaut. Oft haben sie S\u00e4uleneing\u00e4nge wie ein Tempel. Beachtet die reichen Reliefverzierungen. Das ber\u00fchmteste Grab ist das \u201eL\u00f6wengrab&#8220;.<\/p>\n<p>Die Form und die Merkmale der Gr\u00e4ber zeigten den Status der Person an. Hier wurden die reichen B\u00fcrger bestattet. In den Reliefs auf den B\u00f6den seht ihr teilweise Szenen aus dem Leben der Person.<\/p>\n<p><span><img decoding=\"async\" alt=\"Ancient Greco-Roman amphitheatre of Myra in Antalya in Turkey\" data-id=\"5698\" width=\"702\" data-init-width=\"1000\" height=\"468\" data-init-height=\"667\" title=\"Ancient Greco-Roman amphitheatre of Myra in Antalya in Turkey\" loading=\"lazy\" src=\"https:\/\/antalyatouristinformation.com\/de\/wp-content\/uploads\/sites\/10\/2021\/05\/Ancient-Greco-Roman-amphitheatre-of-Myra-in-Antalya-in-Turkey.jpg\" data-width=\"702\" data-height=\"468\" data-pinpro-key=\"6cbnw4s27\" data-pin-media=\"https:\/\/antalyatouristinformation.com\/de\/wp-content\/uploads\/sites\/10\/2021\/06\/prag_50_sehenswuerdigkeiten_pinterest-3-6.jpg\" data-pin-description=\"Guide Myra Ancient Site in Antalya | Antalya Tourist Information\" data-pin-url=\"https:\/\/antalyatouristinformation.com\/de\/sehenswurdigkeiten\/geschichte\/myra\/?tve=true&amp;tcbf=d3233f18a0\"><\/span><\/p>\n<h3>Theater<\/h3>\n<p>Das Theater von Myra ist eines der am besten erhaltenen Theater in der lykischen Region. Es wurde w\u00e4hrend der r\u00f6mischen Zeit gebaut und hat Platz f\u00fcr etwa 11.000 Zuschauer. Betrachtet das zweist\u00f6ckige B\u00fchnengeb\u00e4ude, der Gro\u00dfteil davon ist noch erhalten. Das Theater wurde bei dem Erdbeben im Jahr 141 besch\u00e4digt. Ein reicher Kaufmann namens Opramoas aus Rhadiapolis lie\u00df es reparieren. Man vermutet, dass die dem Publikum zugewandte Seite des Theaters einst mit Masken, Reliefs und Skulpturen geschm\u00fcckt war<span lang=\"en\"><span data-language-for-alternatives=\"en\" data-language-to-translate-into=\"auto\" data-phrase-index=\"0\">.<\/span><\/span><\/p>\n<p><span><img decoding=\"async\" alt=\"Church of St. Nicholas at Myra in Antalya in Turkey\" data-id=\"5696\" width=\"702\" data-init-width=\"1000\" height=\"468\" data-init-height=\"667\" title=\"Church of St. Nicholas at Myra in Antalya in Turkey\" loading=\"lazy\" src=\"https:\/\/antalyatouristinformation.com\/de\/wp-content\/uploads\/sites\/10\/2021\/05\/Church-of-St.-Nicholas-at-Myra-in-Antalya-in-Turkey.jpg\" data-width=\"702\" data-height=\"468\" data-pinpro-key=\"iv821ezyd\" data-pin-media=\"https:\/\/antalyatouristinformation.com\/de\/wp-content\/uploads\/sites\/10\/2021\/06\/prag_50_sehenswuerdigkeiten_pinterest-3-6.jpg\" data-pin-description=\"Guide Myra Ancient Site in Antalya | Antalya Tourist Information\" data-pin-url=\"https:\/\/antalyatouristinformation.com\/de\/sehenswurdigkeiten\/geschichte\/myra\/?tve=true&amp;tcbf=d3233f18a0\"><\/span><\/p>\n<h2 id=\"t-1625327903370\" data-alt-text=\"Kirche  St. Nikolaus\">Die Kirche des Heiligen Nikolaus von Myra<\/h2>\n<p>Erstmals wurde die St. Nikolaus-Kirche im 6. Jahrhundert, nach dem Tod des Heiligen Nikolaus, erbaut. Danach soll es mehrere wundersame Heilungen unter den Gl\u00e4ubigen gegeben haben, die zur Verehrung seiner Reliquien kamen. So wurde Myra zu einem Wallfahrtsort. Die Kirche, die ihr heute seht, wurde haupts\u00e4chlich ab dem 8. Jahrhundert gebaut.<\/p>\n<p>In der zweiten H\u00e4lfte des 11. Jahrhunderts wurde ein Kloster hinzugef\u00fcgt. Der russische Zar Alexander kaufte das Geb\u00e4ude und das Umfeld von der Osmanischen Regierung. Daraufhin begannen im Jahr 1863 umfangreiche Renovierungsarbeiten. Damals wurde auch der Glockenturm hinzugef\u00fcgt. Der Sarkophag des Heiligen Nikolaus, der 1087 zerst\u00f6rt wurde, wurde 1968 wieder ausgegraben.<\/p>\n<p>Die St. Nikolaus-Kirche steht seit 2000 auf der Vorschlagsliste f\u00fcr das UNESCO-Weltkulturerbe.<\/p>\n<p>Mehr dazu steht in unserem kompletten Guide zur <a href=\"https:\/\/antalyatouristinformation.com\/de\/sehenswurdigkeiten\/geschichte\/st-nikolaus-kirche\/\">St. Nikolaus Kirche in Demre.<\/a><\/p>\n<p><strong>Boottour von Andriake (\u00c7aya\u011fz\u0131)<\/strong><\/p>\n<p>Der Hafen von Myra hie\u00df fr\u00fcher Andriake. Er war einer der gr\u00f6\u00dften und wichtigsten H\u00e4fen der damaligen Zeit. Heute ist Andriake eine Anlegestelle, von der aus t\u00e4glich Bootstouren starten. Die Boote fahren nach Kalek\u00f6y, Kekova, \u00dc\u00e7a\u011f\u0131z und in die Tersane-Bucht. Ihr k\u00f6nnt euch entweder einer Gruppe anschlie\u00dfen oder selbst als Gruppe ein Boot mieten. Auf den Tagestouren mit Boot habt ihr reichlich Gelegenheit, im Meer zu schwimmen.<\/p>\n<p><span><img decoding=\"async\" alt=\"Masks at Myra in Antalya in Turkey\" data-id=\"1119\" width=\"702\" data-init-width=\"1000\" height=\"470\" data-init-height=\"670\" title=\"Masks at Myra in Antalya in Turkey\" loading=\"lazy\" src=\"https:\/\/antalyatouristinformation.com\/de\/wp-content\/uploads\/sites\/10\/2021\/03\/masks-myra-antalya-turkey.jpg\" data-width=\"702\" data-height=\"470\" data-pinpro-key=\"dr8x2qqn5\" data-pin-media=\"https:\/\/antalyatouristinformation.com\/de\/wp-content\/uploads\/sites\/10\/2021\/06\/prag_50_sehenswuerdigkeiten_pinterest-3-6.jpg\" data-pin-description=\"Guide Myra Ancient Site in Antalya | Antalya Tourist Information\" data-pin-url=\"https:\/\/antalyatouristinformation.com\/de\/sehenswurdigkeiten\/geschichte\/myra\/?tve=true&amp;tcbf=d3233f18a0\"><\/span><\/p>\n<h2 id=\"t-1619532833589\">Eintritt, Tickets und Touren<\/h2>\n<ul>\n<li><span><strong>Eintritt:<\/strong> In den Sommermonaten ist Myra von 08:30 bis 19:30 Uhr ge\u00f6ffnet, in den Wintermonaten von 08:30 bis 17:30 Uhr.<\/span><\/li>\n<li><span><strong>Tickets:&nbsp;<\/strong>Der Eintritt in die St\u00e4tte ist kostenpflichtig. Tickets sind vor Ort erh\u00e4ltlich.<\/span><\/li>\n<li><span><strong><span lang=\"en\"><span data-language-for-alternatives=\"en\" data-language-to-translate-into=\"auto\" data-phrase-index=\"0\">Museumspass Akdeniz:&nbsp;<\/span><\/span><\/strong><span lang=\"en\"><span data-language-for-alternatives=\"en\" data-language-to-translate-into=\"auto\" data-phrase-index=\"0\">Falls ihr den Museumspass Akdeniz habt, k\u00f6nnt ihr Myra kostenlos besichtigen.<\/span><\/span><\/span><\/li>\n<\/ul>\n<ul>\n<li><span><strong>Tipp:<\/strong> Falls ihr Tickets f\u00fcr Vergn\u00fcgungsparks, Museen und Touren f\u00fcr eure Antalya-Reise vorab buchen m\u00f6chtet, solltet ihr unbedingt einen Blick auf die Angebote in unserem offiziellen Shop werfen.<\/span><\/li>\n<\/ul>\n<p><span><img decoding=\"async\" alt=\"Myra Ancient City in Demre in Antalya in Turkey\" data-id=\"1120\" width=\"702\" data-init-width=\"1000\" height=\"470\" data-init-height=\"670\" title=\"Myra Ancient City in Demre in Antalya in Turkey\" loading=\"lazy\" src=\"https:\/\/antalyatouristinformation.com\/de\/wp-content\/uploads\/sites\/10\/2021\/03\/shutterstock_1900229326.jpg\" data-width=\"702\" data-height=\"470\" data-pinpro-key=\"9trhfksvz\" data-pin-media=\"https:\/\/antalyatouristinformation.com\/de\/wp-content\/uploads\/sites\/10\/2021\/06\/prag_50_sehenswuerdigkeiten_pinterest-3-6.jpg\" data-pin-description=\"Guide Myra Ancient Site in Antalya | Antalya Tourist Information\" data-pin-url=\"https:\/\/antalyatouristinformation.com\/de\/sehenswurdigkeiten\/geschichte\/myra\/?tve=true&amp;tcbf=d3233f18a0\"><\/span><\/p>\n<h2 id=\"t-1625327903371\" data-alt-text=\"Anfahrt\">Wie komme ich von Antalya nach Myra?<\/h2>\n<p>Die antike St\u00e4tte von Myra liegt in Demre, westlich von Antalya, auf der Halbinsel Teke. Myra ist 2 Kilometer vom Stadtzentrum von Demre, 30 Kilometer von Finike und 45 Kilometer von Ka\u015f entfernt.<\/p>\n<p>Der Eingang von Myra liegt in der N\u00e4he des Flusses Demre. Am besten kommt ihr hier mit dem Auto hin. Falls ihr ein <a href=\"https:\/\/antalyatouristinformation.com\/de\/plan\/mietwagen\/\">Auto mieten<\/a> m\u00f6chtet, werft einen Blick in unseren Guide.<\/p>\n<p>Bus: Es f\u00e4hrt ein Bus von Antalya nach Demre. Steigt im Zentrum aus und nehmt euch ein Taxi nach Myra.<\/p>\n<p><span><img decoding=\"async\" alt=\"St Nicholaos of Myra in Antalya in Turkey\" data-id=\"3501\" width=\"702\" data-init-width=\"1000\" height=\"470\" data-init-height=\"670\" title=\"St Nicholaos of Myra in Antalya in Turkey\" loading=\"lazy\" src=\"https:\/\/antalyatouristinformation.com\/de\/wp-content\/uploads\/sites\/10\/2021\/04\/st-nicholaos-of-Myra-in-Antalya-in-Turkey.jpg\" data-width=\"702\" data-height=\"470\" data-pinpro-key=\"g3xodj6or\" data-pin-media=\"https:\/\/antalyatouristinformation.com\/de\/wp-content\/uploads\/sites\/10\/2021\/06\/prag_50_sehenswuerdigkeiten_pinterest-3-6.jpg\" data-pin-description=\"Guide Myra Ancient Site in Antalya | Antalya Tourist Information\" data-pin-url=\"https:\/\/antalyatouristinformation.com\/de\/sehenswurdigkeiten\/geschichte\/myra\/?tve=true&amp;tcbf=d3233f18a0\"><\/span><\/p>\n<h2 id=\"t-1619532833591\" data-alt-text=\"FAQ\">FAQ&nbsp;<\/h2>\n<p><span><img decoding=\"async\" alt=\"Ruins of the ancient city of Myra in Demre in Antalya in Turkey\" data-id=\"5700\" width=\"702\" data-init-width=\"1000\" height=\"468\" data-init-height=\"667\" title=\"Ruins of the ancient city of Myra in Demre in Antalya in Turkey\" loading=\"lazy\" src=\"https:\/\/antalyatouristinformation.com\/de\/wp-content\/uploads\/sites\/10\/2021\/05\/Ruins-of-the-ancient-city-of-Myra-in-Demre-Turkey.jpg\" data-width=\"702\" data-height=\"468\" data-pinpro-key=\"xhnuiqxa7\" data-pin-media=\"https:\/\/antalyatouristinformation.com\/de\/wp-content\/uploads\/sites\/10\/2021\/06\/prag_50_sehenswuerdigkeiten_pinterest-3-6.jpg\" data-pin-description=\"Guide Myra Ancient Site in Antalya | Antalya Tourist Information\" data-pin-url=\"https:\/\/antalyatouristinformation.com\/de\/sehenswurdigkeiten\/geschichte\/myra\/?tve=true&amp;tcbf=d3233f18a0\"><\/span><\/p>\n<h2 id=\"t-1619532833592\" data-alt-text=\"Geschichte \">Die Geschichte von Myra<\/h2>\n<p>Myra war eine wichtige Stadt im lykischen K\u00f6nigreich. Ihre Geschichte reicht bis ins 5. Jahrhundert vor unserer Zeitrechnung zur\u00fcck.<\/p>\n<p>In den fr\u00fchen Jahren des Christentums kam der Apostel Paulus nach Myra. W\u00e4hrend dieser Periode entwickelte sich Myra zu einem religi\u00f6sen Zentrum. Myra verdankt seinen Ruhm dem Heiligen Nikolaus, der nach seinem Tod heiliggesprochen wurde. Hier steht die Kirche, die ihm gewidmet ist.<\/p>\n<p>Im folgenden Jahrhundert wurde Myra unter Theodosius II. die Hauptstadt des byzantinischen Bistums Lykien. Theodosius II. regierte von 408 bis 450.<\/p>\n<p>Ab dem 7. Jahrhundert verlor Myra wegen Erdbeben, \u00dcberschwemmungen und dem Schwemmland, das von dem Fluss Demre angesp\u00fclt wurde, an Bedeutung. Im 12. Jahrhundert \u00fcberfielen die Araber Myra und es wurde zu einem kleinen Dorf.<\/p>\n<p>In unserem Guide \u00fcber <a href=\"https:\/\/antalyatouristinformation.com\/de\/sehenswurdigkeiten\/geschichte\/\">antike Ruinen in Antalya<\/a> findet ihr ausf\u00fchrlichere Informationen.<\/p>\n<h2 id=\"t-1619532833593\" data-alt-text=\"Kontakt\">Kontakt<\/h2>\n<ul>\n<li><span><strong>Adresse:&nbsp;<\/strong>Myra \u00d6ren Yeri Demre \/ Antalya<\/span><\/li>\n<li><span><strong>\u00d6ffnungszeiten:&nbsp;<\/strong>In den Sommermonaten ist Myra von 08:30 bis 19:30 Uhr ge\u00f6ffnet, in den Wintermonaten von 08:30 bis 17:30 Uhr.<\/span><\/li>\n<li><span><strong>\u00d6ffentlicher Verkehr: <strong>Bus:&nbsp;<\/strong><\/strong>Es f\u00e4hrt ein Bus von Antalya nach Demre. Von dort aus nehmt ihr euch ein Taxi nach Myra<!--[endif]-->.<\/span><\/li>\n<li><span><strong>Webseite:&nbsp;<\/strong><a href=\"https:\/\/muze.gov.tr\/muze-detay?SectionId=MYR01&amp;DistId=MYR\" target=\"_blank\" rel=\"noopener\">Muze.gov.tr\/myra<\/a><\/span><\/li>\n<\/ul>\n","protected":false},"excerpt":{"rendered":"<p>Hier ist unser kompletter Guide zu der antiken St\u00e4tte Myra. Myra liegt in dem Bezirk Demre von Antalya. Der Name Myra bedeutet &#8222;Der Ort der obersten Gottesmutter&#8220;. Myra ist ber\u00fchmt f\u00fcr die Grabeskirche des Heiligen Nikolaus, der Bischof in Myra und auch der ber\u00fchmteste Einwohner der Stadt war. Heute ist er jedermann unter dem Namen [&hellip;]<\/p>\n","protected":false},"author":4,"featured_media":1116,"parent":119,"menu_order":0,"comment_status":"open","ping_status":"closed","template":"","meta":{"_acf_changed":false,"footnotes":""},"categories":[],"tags":[43,42],"class_list":["post-1101","page","type-page","status-publish","has-post-thumbnail","hentry","tag-antiquity","tag-history","post-wrapper","thrv_wrapper"],"acf":[],"wp-worthy-pixel":{"ignored":false,"public":null,"server":null,"url":null},"wp-worthy-type":"normal","_links":{"self":[{"href":"https:\/\/antalyatouristinformation.com\/de\/wp-json\/wp\/v2\/pages\/1101","targetHints":{"allow":["GET"]}}],"collection":[{"href":"https:\/\/antalyatouristinformation.com\/de\/wp-json\/wp\/v2\/pages"}],"about":[{"href":"https:\/\/antalyatouristinformation.com\/de\/wp-json\/wp\/v2\/types\/page"}],"author":[{"embeddable":true,"href":"https:\/\/antalyatouristinformation.com\/de\/wp-json\/wp\/v2\/users\/4"}],"replies":[{"embeddable":true,"href":"https:\/\/antalyatouristinformation.com\/de\/wp-json\/wp\/v2\/comments?post=1101"}],"version-history":[{"count":10,"href":"https:\/\/antalyatouristinformation.com\/de\/wp-json\/wp\/v2\/pages\/1101\/revisions"}],"predecessor-version":[{"id":14924,"href":"https:\/\/antalyatouristinformation.com\/de\/wp-json\/wp\/v2\/pages\/1101\/revisions\/14924"}],"up":[{"embeddable":true,"href":"https:\/\/antalyatouristinformation.com\/de\/wp-json\/wp\/v2\/pages\/119"}],"wp:featuredmedia":[{"embeddable":true,"href":"https:\/\/antalyatouristinformation.com\/de\/wp-json\/wp\/v2\/media\/1116"}],"wp:attachment":[{"href":"https:\/\/antalyatouristinformation.com\/de\/wp-json\/wp\/v2\/media?parent=1101"}],"wp:term":[{"taxonomy":"category","embeddable":true,"href":"https:\/\/antalyatouristinformation.com\/de\/wp-json\/wp\/v2\/categories?post=1101"},{"taxonomy":"post_tag","embeddable":true,"href":"https:\/\/antalyatouristinformation.com\/de\/wp-json\/wp\/v2\/tags?post=1101"}],"curies":[{"name":"wp","href":"https:\/\/api.w.org\/{rel}","templated":true}]}}