{"id":1130,"date":"2021-03-12T16:34:32","date_gmt":"2021-03-12T15:34:32","guid":{"rendered":"https:\/\/antalyatouristinformation.com\/clone4639485xzhehsskdjfhhdhebdkkekdeewsd4545gdfgm\/public-transport\/clone-of-taxi\/"},"modified":"2023-05-03T09:16:25","modified_gmt":"2023-05-03T07:16:25","slug":"taxi","status":"publish","type":"page","link":"https:\/\/antalyatouristinformation.com\/de\/offentlicher-verkehr\/taxi\/","title":{"rendered":"Taxi in Antalya: Tipps und Tricks"},"content":{"rendered":"<p>Das ist unser kompletter Guide \u00fcber Taxis in Antalya.<\/p>\n<p>In Antalya gibt es rund 3.500 lizenzierte Taxis. Ihr erkennt sie an der Lizenznummer auf der T\u00fcr, wie zum Beispiel 34 XYZ 98. Sch\u00e4tzungsweise gibt es genauso viele unlizenzierte Taxis. Die solltet ihr besser meiden.<\/p>\n<p>Es ist ganz einfach, ein Taxi zu bekommen. Winkt es einfach durch Handzeichen am Stra\u00dfenrand heran. Wenn das Taxi frei ist, ist das Taxischild oben auf dem Auto beleuchtet.<\/p>\n<p>Nat\u00fcrlich k\u00f6nnt ihr auch per Telefon oder App ein Taxi bestellen oder an einen Taxistand gehen.<\/p>\n<p>Hier sind alle Informationen zu den Taxis in Antlaya.<\/p>\n<h2 id=\"t-1625138575193\">Bezahlung<\/h2>\n<p>Die Bezahlung erfolgt nach Taximeter. In der T\u00fcrkei werden Taxitarife beh\u00f6rdlich von St\u00e4dten oder Landkreisen bestimmt. Der Taxitarif Antalya wurde zuletzt im Juni 2022 festgelegt und in der offiziellen Tarifverordnung ver\u00f6ffentlicht.<\/p>\n<p>Er ist f\u00fcr alle Taxis und Taxiunternehmen innerhalb des Pflichtfahrgebietes verbindlich und darf weder \u00fcber- noch unterschritten werden. Das wird durch beh\u00f6rdlich geeichte Taxameter in den Taxen sichergestellt. Auf dem R\u00fcckspiegel des Fahrers k\u00f6nnt ihr die Anzeige des Taxameters sehen.<\/p>\n<p>Bezahlt wird normalerweise in bar, nur wenige Taxen akzeptieren Kreditkarte. Falls ihr mit Karte bezahlt, kann der Fahrer einen Ausweis verlangen.<\/p>\n<p>Auf Wunsch muss euch der Fahrer eine Quittung ausstellen.<\/p>\n<p><span><img decoding=\"async\" alt=\"Group of yellow taxis parked in Antalya in Turkey (Editorial)\" data-id=\"2117\" width=\"702\" data-init-width=\"1000\" height=\"468\" data-init-height=\"667\" title=\"Group of yellow taxis parked in Antalya in Turkey (Editorial)\" loading=\"lazy\" src=\"\/\/antalyatouristinformation.com\/de\/wp-content\/uploads\/sites\/10\/2021\/04\/Group-of-yellow-taxis-parked-in-Antalya-in-Turkey.jpg\" data-width=\"702\" data-height=\"468\" data-pinpro-key=\"v5zfcbvdi\"><\/span><\/p>\n<h2 id=\"t-1625138575194\">Sprache<\/h2>\n<p>Die meisten Taxifahrer sprechen kein oder nur sehr wenig Englisch. Wenn ihr jedoch Gl\u00fcck habt, sto\u00dft ihr auf einen Fahrer, der mal in Deutschland gelebt hat und sogar Deutsch kann.<\/p>\n<h2 id=\"t-1625138575195\">Zieladresse<\/h2>\n<p>Wegen der m\u00f6glichen Verst\u00e4ndigungsschwierigkeiten empfehlen wir, die Zieladresse auf einen Zettel zu schreiben. Den zeigt ihr dann dem Fahrer.<\/p>\n<p>Um die Adresse leichter zu finden, ist es gut, wenn ihr einen gro\u00dfen Orientierungspunkt in der N\u00e4he kennt. Das kann zum Beispiel eine Sehensw\u00fcrdigkeit oder ein gro\u00dfes Einkaufszentrum sein. Auch das Stadtviertel solltet ihr unbedingt dazusagen.<\/p>\n<p>In Google-Maps k\u00f6nnt ihr die Fahrstrecke mitverfolgen.<\/p>\n<h2 id=\"t-1625138575196\">Tarife<\/p>\n<ul>\n<li><strong>Nachttarif<\/strong>Es gibt keinen Nachttarif in Antalya, es gelten 24 Stunden lang dieselben Preise.<\/li>\n<li><strong>Kurzstrecke<\/strong>Bei Kurzstrecken k\u00f6nnt ihr etwa 1 Kilometer weit fahren. Alle Fahrten, die k\u00fcrzer sind, werden mit einem speziellen Pauschaltarif berechnet.<\/li>\n<\/ul>\n<\/h2>\n<h2 id=\"t-1625138575197\">Farbe der Taxis<\/h2>\n<p>Die Taxis in Antalya sind knallgelb. F\u00fcr diese Taxis gelten die oben genannten Tarife. Ihr werdet euch wundern, wie viele Taxis ihr auf den Stra\u00dfen von Antalya unterwegs sind.<\/p>\n<p><span><img decoding=\"async\" alt=\"Yellow street taxi in Antalya (Editorial)\" data-id=\"2121\" width=\"702\" data-init-width=\"1000\" height=\"468\" data-init-height=\"667\" title=\"Yellow street taxi in Antalya (Editorial)\" loading=\"lazy\" src=\"\/\/antalyatouristinformation.com\/de\/wp-content\/uploads\/sites\/10\/2021\/04\/Yellow-street-taxi-in-Antalya.jpg\" data-width=\"702\" data-height=\"468\" data-pinpro-key=\"keqgqqow7\"><\/span><\/p>\n<h2 id=\"t-1625138575198\" data-alt-text=\"Taxi zum Flughafen&nbsp;\">Taxi zum Flughafen&nbsp; &#8211; Antalya International Airport<\/h2>\n<p>Die durchschnittliche Entfernung vom Flughafen Antalya zum Stadtzentrum betr\u00e4gt etwa 20 km, je nachdem wo genau ihr ein- bzw. aussteigt.<\/p>\n<p>Abgerechnet wird nach Taximeter, es fallen keine zus\u00e4tzlichen Geb\u00fchren an.<\/p>\n<h2 id=\"t-1625138575199\">Bef\u00f6rderungspflicht<\/h2>\n<p>Es besteht Bef\u00f6rderungspflicht. Ein Taxi ist verpflichtet, euch an jedes gew\u00fcnschte Ziel zu fahren, solange es im Stadtgebiet liegt. Der Taxifahrer muss die k\u00fcrzeste und damit g\u00fcnstigste Strecke fahren, es sei denn, es wurde eine andere Route vereinbart.<\/p>\n<h2 id=\"t-1625138575200\">Rauchverbot<\/h2>\n<p>In Taxis gilt ein generelles Rauchverbot f\u00fcr Fahrer und Fahrg\u00e4ste.<\/p>\n<h2 id=\"t-1625138575201\">Trinkgeld<\/h2>\n<p>Trinkgeld ist kein Muss. Ihr k\u00f6nnt jedoch auf die n\u00e4chste Zehnerstelle nach oben aufrunden, vor allem wenn der Fahrer beim Gep\u00e4ck geholfen hat.<\/p>\n<h2 id=\"t-1625138575202\">Taxirufnummern<\/h2>\n<p>Es gibt ungef\u00e4hr 280 Taxihaltestellen in Antalya. In der Regel werden Taxis \u00fcber die Taxi-App BiTaksi oder iTaksi bestellt oder direkt auf der Stra\u00dfe angehalten.<\/p>\n<p>Hier sind die Nummern einiger gro\u00dfer Taxihaltestellen, falls ihr telefonisch ein Taxi bestellen wollt. Euer Hotel oder Restaurant wird euch dabei helfen.<\/p>\n<ul>\n<li>(0242) 248 51 11 Kalei\u00e7i Taksi<\/li>\n<li>(0242) 229 27 28 Konyaalt\u0131 Merkez Taksi<\/li>\n<li>(0242) 229 03 31 Birlik Taksi<\/li>\n<li>(0242) 346 70 97 Taksi 7\/24<\/li>\n<li>(0242) 330 01 08 Airport Taksi Center<\/li>\n<\/ul>\n<p>\u00dcber diverse Taxi-Apps kann man online ein Taxi bestellen. Am bekanntesten ist BiTaksi. In diesen Taxen kann man in der Regel auch bargeldlos bezahlen. Daneben wird noch iTaksi h\u00e4ufig verwendet.<\/p>\n<h2 id=\"t-1625138575203\">Taxi Vorbestellung<\/h2>\n<p>Selbstverst\u00e4ndlich k\u00f6nnt ihr auch ein Taxi vorbestellen, entweder per Telefon oder per Handy-App. Euer Hotel wird euch gerne dabei helfen.<\/p>\n<h2 id=\"t-1625138575204\">Uber<\/h2>\n<p>Das Unternehmen UBER hat seinen Stammsitz in San Francisco, USA. Es ist ein US-amerikanisches Dienstleistungsunternehmen, welches seine Bef\u00f6rderungsdienste in vielen St\u00e4dten weltweit online vermittelt. \u200b<\/p>\n<p>Am 31. Mai 2019 wurde Uber in Antalya verboten, aber seit November 2022 ist es wieder in der Region Antalya t\u00e4tig. Um eine Fahrt zu planen, verwendet einfach die App oder besucht die <a href=\"https:\/\/www.uber.com\/tr\/en\/\" target=\"_blank\" rel=\"noopener\">offizielle UBER-Website<\/a>.<\/p>\n<p><span><img decoding=\"async\" alt=\"Taxis in Antalya (Editorial)\" data-id=\"2123\" width=\"702\" data-init-width=\"1000\" height=\"468\" data-init-height=\"667\" title=\"Taxis in Antalya (Editorial)\" loading=\"lazy\" src=\"\/\/antalyatouristinformation.com\/de\/wp-content\/uploads\/sites\/10\/2021\/04\/Taxis-in-Antalya.jpg\" data-width=\"702\" data-height=\"468\" data-pinpro-key=\"bff0sxgft\"><\/span><\/p>\n<h2 id=\"t-1625138575205\">Beschwerde Hotline<\/h2>\n<p>Solltet ihr doch mal Schwierigkeiten mit einem Taxi-Fahrer haben, k\u00f6nnt ihr euch beim <strong>t\u00fcrkischen Taxiverband Antalya beschweren<\/strong>. Bitte merkt euch auf jeden Fall die Lizenznummer auf der T\u00fcr. Ihr m\u00fcsst auch genau angeben, von wo ihr wohin fahren wolltet.<\/p>\n<ul>\n<li>Per Telefon: (0242) 331 33 33<\/li>\n<li>Per E-Mail: <a href=\"mailto:baskan@antalyasoforlerodasi.com.tr\" target=\"_blank\" rel=\"noopener\">baskan@antalyasoforlerodasi.com.tr<\/a><\/li>\n<li>\u00fcbers <a href=\"http:\/\/www.antalyasoforlerodasi.com.tr\/iletisim.php\" target=\"_blank\" rel=\"noopener\">Internet<\/a>&nbsp;<\/li>\n<li>unter 153, die Kurzrufnummer nimmt auch Beschwerden an.&nbsp;<\/li>\n<\/ul>\n<p>Falls ihr ein Auto mieten wollt, findet ihr in unserem Guide zum Thema <a href=\"https:\/\/antalyatouristinformation.com\/de\/plan\/mietwagen\/\">Mietwagen in Antalya<\/a> gute Tipps.<\/p>\n<p>Bei der Suche nach einem Hotel hilft unser <a href=\"http:\/\/antalyatouristinformation.com\/de\/hotel\/\">Hotel Guide <\/a>und im <a href=\"http:\/\/antalyatouristinformation.com\/de\/tickets\">Antalya Ticket Shop <\/a>gibt es interessante Angebote.<\/p>\n","protected":false},"excerpt":{"rendered":"<p>Das ist unser kompletter Guide \u00fcber Taxis in Antalya. In Antalya gibt es rund 3.500 lizenzierte Taxis. Ihr erkennt sie an der Lizenznummer auf der T\u00fcr, wie zum Beispiel 34 XYZ 98. Sch\u00e4tzungsweise gibt es genauso viele unlizenzierte Taxis. Die solltet ihr besser meiden. Es ist ganz einfach, ein Taxi zu bekommen. Winkt es einfach [&hellip;]<\/p>\n","protected":false},"author":6,"featured_media":2114,"parent":4806,"menu_order":0,"comment_status":"open","ping_status":"closed","template":"","meta":{"_acf_changed":false,"footnotes":""},"categories":[],"tags":[55,58],"class_list":["post-1130","page","type-page","status-publish","has-post-thumbnail","hentry","tag-plan","tag-public-transport","post-wrapper","thrv_wrapper"],"acf":[],"wp-worthy-pixel":{"ignored":false,"public":null,"server":null,"url":null},"wp-worthy-type":"normal","_links":{"self":[{"href":"https:\/\/antalyatouristinformation.com\/de\/wp-json\/wp\/v2\/pages\/1130","targetHints":{"allow":["GET"]}}],"collection":[{"href":"https:\/\/antalyatouristinformation.com\/de\/wp-json\/wp\/v2\/pages"}],"about":[{"href":"https:\/\/antalyatouristinformation.com\/de\/wp-json\/wp\/v2\/types\/page"}],"author":[{"embeddable":true,"href":"https:\/\/antalyatouristinformation.com\/de\/wp-json\/wp\/v2\/users\/6"}],"replies":[{"embeddable":true,"href":"https:\/\/antalyatouristinformation.com\/de\/wp-json\/wp\/v2\/comments?post=1130"}],"version-history":[{"count":10,"href":"https:\/\/antalyatouristinformation.com\/de\/wp-json\/wp\/v2\/pages\/1130\/revisions"}],"predecessor-version":[{"id":15037,"href":"https:\/\/antalyatouristinformation.com\/de\/wp-json\/wp\/v2\/pages\/1130\/revisions\/15037"}],"up":[{"embeddable":true,"href":"https:\/\/antalyatouristinformation.com\/de\/wp-json\/wp\/v2\/pages\/4806"}],"wp:featuredmedia":[{"embeddable":true,"href":"https:\/\/antalyatouristinformation.com\/de\/wp-json\/wp\/v2\/media\/2114"}],"wp:attachment":[{"href":"https:\/\/antalyatouristinformation.com\/de\/wp-json\/wp\/v2\/media?parent=1130"}],"wp:term":[{"taxonomy":"category","embeddable":true,"href":"https:\/\/antalyatouristinformation.com\/de\/wp-json\/wp\/v2\/categories?post=1130"},{"taxonomy":"post_tag","embeddable":true,"href":"https:\/\/antalyatouristinformation.com\/de\/wp-json\/wp\/v2\/tags?post=1130"}],"curies":[{"name":"wp","href":"https:\/\/api.w.org\/{rel}","templated":true}]}}