{"id":1150,"date":"2021-03-14T13:29:28","date_gmt":"2021-03-14T12:29:28","guid":{"rendered":"https:\/\/antalyatouristinformation.com\/clone4639485xzhehsskdjfhhdhebdkkekdeewsd4545gdfgm\/?page_id=1150"},"modified":"2023-04-18T14:35:51","modified_gmt":"2023-04-18T12:35:51","slug":"lyrbe","status":"publish","type":"page","link":"https:\/\/antalyatouristinformation.com\/de\/sehenswurdigkeiten\/geschichte\/lyrbe\/","title":{"rendered":"Lyrbe bei Antalya: Geschichte und Tipps"},"content":{"rendered":"<p>Hier ist unser kompletter Guide zu der antiken St\u00e4tte Lybre.<\/p>\n<p>In der Provinz Antalya gibt es zahlreiche antike Ruinen wie <a href=\"https:\/\/antalyatouristinformation.com\/de\/sehenswurdigkeiten\/geschichte\/letoon\/\">Letoon,<\/a><a href=\"https:\/\/antalyatouristinformation.com\/de\/sehenswurdigkeiten\/geschichte\/myra\/\">Myra<\/a>, <a href=\"https:\/\/antalyatouristinformation.com\/de\/sehenswurdigkeiten\/geschichte\/xanthos\/\">Xanthos <\/a>und <a href=\"https:\/\/antalyatouristinformation.com\/de\/sehenswurdigkeiten\/geschichte\/phaselis\/\">Phaselis.<\/a> Auch Lybre geh\u00f6rt dazu.<\/p>\n<p>Lybre liegt in der N\u00e4he von Manavgat. Ein anderer Name f\u00fcr Lybre ist &#8222;Seleukaia&#8220;.<\/p>\n<p>Hier lest ihr alle wichtigen Informationen, die ihr vor dem Besuch von Lybre wissen solltet.<\/p>\n<p>Dazu geh\u00f6ren die Sehensw\u00fcrdigkeiten, Tipps und h\u00e4ufige Fragen, Eintritt und Anfahrt sowie die Geschichte von Lybre.<\/p>\n<p>Los geht\u2019s!<\/p>\n<p><span><img decoding=\"async\" alt=\"Lybre Ancient Site Ruins in Antalya in Turkey\" data-id=\"1173\" width=\"702\" data-init-width=\"1000\" height=\"470\" data-init-height=\"670\" title=\"Lybre Ancient Site Ruins in Antalya in Turkey\" loading=\"lazy\" src=\"https:\/\/antalyatouristinformation.com\/de\/wp-content\/uploads\/sites\/10\/2021\/03\/lybre-ancient-site-ruins-in-antalya-in-turkey-.jpg\" data-width=\"702\" data-height=\"470\" data-pinpro-key=\"bnos9sz4w\" data-pin-media=\"https:\/\/antalyatouristinformation.com\/de\/wp-content\/uploads\/sites\/10\/2021\/06\/Antalya-Pinterest-4-16.jpg\" data-pin-description=\"Guide Lyrbe Ancient Site in Antalya | Antalya Tourist Information\" data-pin-url=\"https:\/\/antalyatouristinformation.com\/de\/sehenswurdigkeiten\/geschichte\/lyrbe\/?tve=true&amp;tcbf=d3233f18a0\"><\/span><\/p>\n<h2 id=\"t-1619532471229\" data-alt-text=\"Was kann ich dort machen?\">Was kann ich in Lybre machen?<\/h2>\n<p>Die Ruinen der antiken Stadt Lyrbe sind \u00fcber ein sehr weites Gebiet verstreut. Sie liegen zwischen dichten Kiefernw\u00e4ldern. Hier habt ihr einen sch\u00f6nen Blick auf die Ebene von Manavgat.<\/p>\n<p>Lybre liegt am Fu\u00dfe des Taurusgebirges. Einst war die Stadt an drei Seiten von Festungsmauern umgeben. Auch in der Antike lebten hier nicht sehr viele Menschen.<\/p>\n<p>In Lybre seht ihr Ruinen der Stadtmauern, monumentale Tore und T\u00fcrme, die am besten erhaltene Agora der Region Pamphylien, B\u00e4der, Tempel, Bibliotheken, Zisternen, Kirchen und Gr\u00e4ber.<\/p>\n<p>Die wichtigste aller Ruine ist die Agora. Fr\u00fcher war sie das kommerzielle und administrative Zentrum der Stadt. Westlich der Agora seht ihr eine Friedhofskirche im Bereich der Nekropole der Stadt. Beachtet auch den Tempel im dorischen Stil, der nahe bei der Agora steht. Von der Akropolis von Lybre habt ihr einen spektakul\u00e4ren Blick auf die einzigartige Landschaft mit steilen H\u00e4ngen und tiefen T\u00e4lern, die die gesamte Ebene bis zum Meer bedecken.<\/p>\n<p>Skulpturen und Mosaike, die bei den Ausgrabungen gefunden wurden, sind im <a href=\"https:\/\/antalyatouristinformation.com\/de\/sehenswurdigkeiten\/museum\/antalya-archaologisch\/\">Arch\u00e4ologischen Museum von Antalya<\/a> ausgestellt. Der ber\u00fchmteste Fund ist das &#8222;Sieben-Weisen-Mosaik&#8220;. Auch im <a href=\"https:\/\/antalyatouristinformation.com\/de\/sehenswurdigkeiten\/museum\/side-archaologisch\/\" target=\"_blank\" rel=\"noopener\">Arch\u00e4ologischen Museum von Side<\/a> sind einige wertvolle Gegenst\u00e4nde aus dieser Zeit ausgestellt.<\/p>\n<ul>\n<li><span><strong><b>Wichtig:<\/b> <\/strong>Nehmt euch eine Flasche Wasser mit, es gibt keine Einkaufsm\u00f6glichkeiten in der N\u00e4he der Ruinen.<\/span><\/li>\n<\/ul>\n<p><span><img decoding=\"async\" alt=\"Lybre Ancient City Entrance in Antalya in Turkey\" data-id=\"1177\" width=\"702\" data-init-width=\"1000\" height=\"470\" data-init-height=\"670\" title=\"Lybre Ancient City Entrance in Antalya in Turkey\" loading=\"lazy\" src=\"https:\/\/antalyatouristinformation.com\/de\/wp-content\/uploads\/sites\/10\/2021\/03\/lybre-ancient-city-entrance-in-antalya-in-turkey-.jpg\" data-width=\"702\" data-height=\"470\" data-pinpro-key=\"egvrqxcye\" data-pin-media=\"https:\/\/antalyatouristinformation.com\/de\/wp-content\/uploads\/sites\/10\/2021\/06\/Antalya-Pinterest-4-16.jpg\" data-pin-description=\"Guide Lyrbe Ancient Site in Antalya | Antalya Tourist Information\" data-pin-url=\"https:\/\/antalyatouristinformation.com\/de\/sehenswurdigkeiten\/geschichte\/lyrbe\/?tve=true&amp;tcbf=d3233f18a0\"><\/span><\/p>\n<h2 id=\"t-1619532471230\">Eintritt, Tickets und Touren<\/h2>\n<p>Der Besuch von Lybre kostet keinen Eintritt. Es gibt keine Eintrittszeiten, ihr k\u00f6nnt Lybre zu jeder Zeit besuchen.<\/p>\n<p>Falls ihr Informationen zu weiteren Touren im Gebiet Antalya sucht, werft doch einen Blick in unseren offiziellen Antalya Shop.<\/p>\n<ul>\n<li><span><strong>Tipp:<\/strong> Falls ihr Tickets f\u00fcr Vergn\u00fcgungsparks, Museen und Touren f\u00fcr eure Antalya-Reise vorab buchen m\u00f6chtet, solltet ihr unbedingt einen Blick auf die Angebote in unserem offiziellen Shop werfen.<\/span><\/li>\n<\/ul>\n<p><span><img decoding=\"async\" alt=\"Lybre Ancient City Roadsign in Antalya in Turkey\" data-id=\"1176\" width=\"702\" data-init-width=\"1000\" height=\"470\" data-init-height=\"670\" title=\"Lybre Ancient City Roadsign in Antalya in Turkey\" loading=\"lazy\" src=\"https:\/\/antalyatouristinformation.com\/de\/wp-content\/uploads\/sites\/10\/2021\/03\/lybre-ancient-city-roadsign-in-antalya-in-turkey-.jpg\" data-width=\"702\" data-height=\"470\" data-pinpro-key=\"tqkt2pbuy\" data-pin-media=\"https:\/\/antalyatouristinformation.com\/de\/wp-content\/uploads\/sites\/10\/2021\/06\/Antalya-Pinterest-4-16.jpg\" data-pin-description=\"Guide Lyrbe Ancient Site in Antalya | Antalya Tourist Information\" data-pin-url=\"https:\/\/antalyatouristinformation.com\/de\/sehenswurdigkeiten\/geschichte\/lyrbe\/?tve=true&amp;tcbf=d3233f18a0\"><\/span><\/p>\n<h2 id=\"t-1625326702904\" data-alt-text=\"Anfahrt\">Wie komme ich von Manavgat oder Side aus nach Lybre?<\/h2>\n<p>Lybre liegt in einem Dorf namens Bucak\u015feyhler im Bezirk Manavgat. Von Manavgat ist Lybre circa 15 Kilometer entfernt.<\/p>\n<p>So kommt ihr nach Lybre:<\/p>\n<p><b>Minibus:<\/b> Von Manavgat aus k\u00f6nnt ihr den Minibus nach Bucak\u015feyhler nehmen und dort aussteigen. Allerdings m\u00fcsst ihr danach leicht bergauf zu der antiken St\u00e4tte laufen. Das kann w\u00e4hrend der Sommerhitze sehr anstrengend sein. Am besten macht ihr diesen Spaziergang fr\u00fch am Morgen oder in den sp\u00e4teren Abendstunden.<\/p>\n<p><b>Mit dem Auto:<\/b> Auch mit dem Auto k\u00f6nnt ihr nur bis zu dem Dorf Bucak\u015feyhler fahren. Von dort aus m\u00fcsst ihr laufen. Falls ihr ein <a href=\"https:\/\/antalyatouristinformation.com\/de\/plan\/mietwagen\/\">Auto mieten <\/a>wollt, werft doch einen Blick in unseren Guide.<\/p>\n<p><b>Von Side aus:<\/b> Falls ihr aus Richtung Side kommt, m\u00fcsst ihr den <a href=\"https:\/\/antalyatouristinformation.com\/de\/sehenswurdigkeiten\/wasserfalle\/manavgat-wasserfall\/\">Manavgat Wasserfall<\/a> nach 4 Kilometern von der Stra\u00dfe aus passieren, die vor dem Stadtzentrum von Manavgat nach links abbiegt. Danach kommt ihr zu dem Dorf Bucak\u015feyhler. Hier stellt ihr euer Auto ab und folgt den Schildern Richtung Lybre.<\/p>\n<p><span><img decoding=\"async\" alt=\"Lybre Ancient City in Antalya in Turkey\" data-id=\"1175\" width=\"702\" data-init-width=\"1000\" height=\"470\" data-init-height=\"670\" title=\"Lybre Ancient City in Antalya in Turkey\" loading=\"lazy\" src=\"https:\/\/antalyatouristinformation.com\/de\/wp-content\/uploads\/sites\/10\/2021\/03\/lybre-ancient-city-in-antalya-in-turkey-.jpg\" data-width=\"702\" data-height=\"470\" data-pinpro-key=\"u0a05cmd1\" data-pin-media=\"https:\/\/antalyatouristinformation.com\/de\/wp-content\/uploads\/sites\/10\/2021\/06\/Antalya-Pinterest-4-16.jpg\" data-pin-description=\"Guide Lyrbe Ancient Site in Antalya | Antalya Tourist Information\" data-pin-url=\"https:\/\/antalyatouristinformation.com\/de\/sehenswurdigkeiten\/geschichte\/lyrbe\/?tve=true&amp;tcbf=d3233f18a0\"><\/span><\/p>\n<h2 id=\"t-1619532471232\" data-alt-text=\"FAQ\">FAQ&nbsp;<\/h2>\n<p><span><img decoding=\"async\" alt=\"The History of Lyrbe in Antalya in Turkey\" data-id=\"9564\" width=\"702\" data-init-width=\"1000\" height=\"468\" data-init-height=\"667\" title=\"The History of Lyrbe in Antalya in Turkey\" loading=\"lazy\" src=\"https:\/\/antalyatouristinformation.com\/de\/wp-content\/uploads\/sites\/10\/2021\/05\/The-History-of-Lyrbe-in-Antalya-in-Turkey.jpg\" data-width=\"702\" data-height=\"468\" data-pinpro-key=\"ta3crjs0f\" data-pin-media=\"https:\/\/antalyatouristinformation.com\/de\/wp-content\/uploads\/sites\/10\/2021\/06\/Antalya-Pinterest-4-16.jpg\" data-pin-description=\"Guide Lyrbe Ancient Site in Antalya | Antalya Tourist Information\" data-pin-url=\"https:\/\/antalyatouristinformation.com\/de\/sehenswurdigkeiten\/geschichte\/lyrbe\/?tve=true&amp;tcbf=d3233f18a0\"><\/span><\/p>\n<h2 id=\"t-1619532471233\" data-alt-text=\"Geschichte \">Die Geschichte von Lyrbe<\/h2>\n<p>Die antike Stadt Lybre wurde im 4. Jahrhundert vor unserer Zeitrechnung als Akropolis auf einem H\u00fcgel erbaut.<\/p>\n<p>Die meisten Forscher halten Seleucia Pamphylia f\u00fcr eine von vielen St\u00e4dten in Kleinasien, die diesen Namen trugen. Die Gr\u00fcnder dieser St\u00e4dte waren Seleukos I. Nikator und seine Nachfolger, die den Namen Seleukiden trugen. Seleukos I. Nikator war zwischen 312 und 280 vor unserer Zeitrechnung an der Macht. Er war einer der wichtigsten Gener\u00e4le Alexanders des Gro\u00dfen w\u00e4hrend seines Feldzuges nach Asien. Der deutsche Forscher Johannes N\u00f6lle vermutet jedoch, dass die Ruinen nicht die von Seleucia Pamphylia sind, sondern die der r\u00f6mischen Stadt Lyrbe.<\/p>\n<p>Seleucia Pamphylia war auch der Sitz eines Bischofs aus der Di\u00f6zese Side. Das Christentum war bereits seit der fr\u00fchchristlichen Zeit in diesem Gebiet verbreitet. Am Ende der sp\u00e4tbyzantinischen Zeit, die im 8. oder 9. Jahrhundert begann, war Seleucia Pamphylias der Sitz einer der byzantinischen Provinzen Kleinasiens.<\/p>\n<p>Die Ausgrabungen in Lyrbe wurden zwischen 1972 und 1979 von einem Team der Universit\u00e4t Istanbul unter der Leitung von Prof. Dr. Jale Inan durchgef\u00fchrt. In Lyrbe wurden einige Inschriften in der Side-Sprache gefunden. Aus diesen Inschriften geht hervor, dass die V\u00f6lker, die sich in der Antike in Lyrbe niederlie\u00dfen, dieselben sind, die sich in der Stadt Side niederlie\u00dfen.<\/p>\n<p>Mehr Informationen \u00fcber Sehensw\u00fcrdigkeiten und antike Ruinen in Antalya findet ihr in unserem Guide \u00fcber <a href=\"https:\/\/antalyatouristinformation.com\/de\/sehenswurdigkeiten\/geschichte\/\">Antike Ruinen in Antayla<\/a>.<\/p>\n<h2 id=\"t-1619532471234\">Kontakt<\/h2>\n<ul>\n<li><span><strong>Adresse :&nbsp;<\/strong>Bucak\u015feyhler, Manavgat Cd., 07330 Manavgat &#8211; Antalya<\/span><\/li>\n<li><span><strong>\u00d6ffnungszeiten:&nbsp;<\/strong>Lybre ist ganzj\u00e4hrig immer ge\u00f6ffnet.&nbsp;<\/span><\/li>\n<\/ul>\n","protected":false},"excerpt":{"rendered":"<p>Hier ist unser kompletter Guide zu der antiken St\u00e4tte Lybre. In der Provinz Antalya gibt es zahlreiche antike Ruinen wie Letoon,Myra, Xanthos und Phaselis. Auch Lybre geh\u00f6rt dazu. Lybre liegt in der N\u00e4he von Manavgat. Ein anderer Name f\u00fcr Lybre ist &#8222;Seleukaia&#8220;. Hier lest ihr alle wichtigen Informationen, die ihr vor dem Besuch von Lybre [&hellip;]<\/p>\n","protected":false},"author":4,"featured_media":9562,"parent":119,"menu_order":0,"comment_status":"open","ping_status":"closed","template":"","meta":{"_acf_changed":false,"footnotes":""},"categories":[],"tags":[43,42],"class_list":["post-1150","page","type-page","status-publish","has-post-thumbnail","hentry","tag-antiquity","tag-history","post-wrapper","thrv_wrapper"],"acf":[],"wp-worthy-pixel":{"ignored":false,"public":null,"server":null,"url":null},"wp-worthy-type":"normal","_links":{"self":[{"href":"https:\/\/antalyatouristinformation.com\/de\/wp-json\/wp\/v2\/pages\/1150","targetHints":{"allow":["GET"]}}],"collection":[{"href":"https:\/\/antalyatouristinformation.com\/de\/wp-json\/wp\/v2\/pages"}],"about":[{"href":"https:\/\/antalyatouristinformation.com\/de\/wp-json\/wp\/v2\/types\/page"}],"author":[{"embeddable":true,"href":"https:\/\/antalyatouristinformation.com\/de\/wp-json\/wp\/v2\/users\/4"}],"replies":[{"embeddable":true,"href":"https:\/\/antalyatouristinformation.com\/de\/wp-json\/wp\/v2\/comments?post=1150"}],"version-history":[{"count":10,"href":"https:\/\/antalyatouristinformation.com\/de\/wp-json\/wp\/v2\/pages\/1150\/revisions"}],"predecessor-version":[{"id":14922,"href":"https:\/\/antalyatouristinformation.com\/de\/wp-json\/wp\/v2\/pages\/1150\/revisions\/14922"}],"up":[{"embeddable":true,"href":"https:\/\/antalyatouristinformation.com\/de\/wp-json\/wp\/v2\/pages\/119"}],"wp:featuredmedia":[{"embeddable":true,"href":"https:\/\/antalyatouristinformation.com\/de\/wp-json\/wp\/v2\/media\/9562"}],"wp:attachment":[{"href":"https:\/\/antalyatouristinformation.com\/de\/wp-json\/wp\/v2\/media?parent=1150"}],"wp:term":[{"taxonomy":"category","embeddable":true,"href":"https:\/\/antalyatouristinformation.com\/de\/wp-json\/wp\/v2\/categories?post=1150"},{"taxonomy":"post_tag","embeddable":true,"href":"https:\/\/antalyatouristinformation.com\/de\/wp-json\/wp\/v2\/tags?post=1150"}],"curies":[{"name":"wp","href":"https:\/\/api.w.org\/{rel}","templated":true}]}}