{"id":1204,"date":"2021-03-15T12:00:17","date_gmt":"2021-03-15T11:00:17","guid":{"rendered":"https:\/\/antalyatouristinformation.com\/clone4639485xzhehsskdjfhhdhebdkkekdeewsd4545gdfgm\/?page_id=1204"},"modified":"2024-01-18T17:19:59","modified_gmt":"2024-01-18T16:19:59","slug":"dinopark","status":"publish","type":"page","link":"https:\/\/antalyatouristinformation.com\/de\/sehenswurdigkeiten\/attraktionen\/dinopark\/","title":{"rendered":"Dinopark in Antalya: Anfahrt und Tipps"},"content":{"rendered":"<h3>Das ist unser kompletter Guide zum Dinopark in Antalya.<\/h3>\n<p>M\u00f6gen eure Kinder Dinosaurier? Verbringen sie gerne Zeit in Vergn\u00fcgungsparks?<\/p>\n<p>Der Dinopark erstreckt sich auf einer Fl\u00e4che von 30 Hektar in einem schattigen Kiefernwald bei Kemer. Der Themenpark ist der erste Dinosaurierpark der T\u00fcrkei.<\/p>\n<p>Auf dieser Seite findet ihr alle wichtigen Informationen \u00fcber den Dinopark. Dazu geh\u00f6ren Tickets, Anfahrt und was euch in dem Park erwartet.<\/p>\n<p>Los geht\u2019s!<span style=\"font-size: 18px\">&nbsp;<\/span><\/p>\n<h2>Was kann ich im Dinopark machen?<\/h2>\n<p>Im Dinopark findet ihr <strong>Modelle von Dinosauriern<\/strong>, die vor Millionen von Jahren ausgestorben sind. Sie sind wirklichkeitsgetreu nachgebaut und machen realistische Dinosaurierger\u00e4usche. Dadurch habt ihr das Gef\u00fchl, dass sie echt sind.<\/p>\n<p>Chinesische Ingenieure entwarfen die beweglichen Skulpturen und stellten sie in China her. Von dort wurden sie nach Antalya gebracht.<\/p>\n<p>Vor jedem Dinosaurier steht eine Tabelle. Darauf k\u00f6nnt ihr lesen, wie der Dinosaurier genannt wurde, was er fra\u00df und in welcher Region er lebte.<\/p>\n<p>Auf der Anlage liegt ein kleiner <strong>Zoo<\/strong>. Hier k\u00f6nnt ihr verschiedene Tiere, unter anderem Kaninchen, Ziegen und Strau\u00dfe mit der Hand f\u00fcttern. Kinder d\u00fcrfen hier Ponyreiten.<\/p>\n<p>Die <strong>Ausgrabungsst\u00e4tte<\/strong> ist eine weitere lustige und spannende Aktivit\u00e4t, besonders f\u00fcr Kinder, die sich f\u00fcr Pal\u00e4ontologie interessieren. Eine Kletterwand und ein Trampolin geh\u00f6ren zu den weiteren Unterhaltungen, die f\u00fcr Kinder angeboten werden.<\/p>\n<p>Das <strong>7D-Kino<\/strong> sowie das <strong>Horrorhaus<\/strong> in Form eines Labyrinths ist f\u00fcr Erwachsene.<\/p>\n<p>Ihr k\u00f6nnt in dem <strong>Restaurant<\/strong> in dem Park fr\u00fchst\u00fccken oder Mittagessen. Hier werden auch oft Geburtstagsfeiern und Treffen organisiert.<\/p>\n<p><span><img decoding=\"async\" alt=\"Dinopark in Antalya in Turkey (Editorial) \" data-id=\"2372\" width=\"702\" data-init-width=\"1000\" height=\"468\" data-init-height=\"667\" title=\"Dinopark in Antalya in Turkey (Editorial) \" loading=\"lazy\" src=\"\/\/antalyatouristinformation.com\/de\/wp-content\/uploads\/sites\/10\/2021\/04\/Dinopark-in-Antalya-in-Turkey.jpg\" data-width=\"702\" data-height=\"468\" data-pin-media=\"https:\/\/antalyatouristinformation.com\/de\/wp-content\/uploads\/sites\/10\/2021\/06\/prag_50_sehenswuerdigkeiten_pinterest-18.jpg\" data-pin-description=\"Information about Dinopark Antalya | Antalya Tourist Information\" data-pin-url=\"https:\/\/antalyatouristinformation.com\/de\/things-to-do\/attraction\/dinopark\/?tve=true&amp;tcbf=bf964e88c1\" data-pinpro-key=\"rbb00wtgq\"><\/span><\/p>\n<h2>Eintritt, Tickets und Touren<\/h2>\n<ul>\n<li><span><strong>Eintritt:<\/strong> Der Dinopark ist t\u00e4glich von 09:00 bis 20:00 Uhr ge\u00f6ffnet.<\/span><\/li>\n<li><span><strong>Tickets:<\/strong> Ihr findet die aktuellen Ticketpreise auf der offiziellen<a href=\"http:\/\/www.dinopark.com.tr\/\" target=\"_blank\" data-lt-tmp-id=\"lt-909176\" rel=\"noopener\">&nbsp;Website<\/a>.<\/span><\/li>\n<\/ul>\n<ul>\n<li><span><strong>Tipp:&nbsp;<\/strong>Falls ihr Tickets f\u00fcr Vergn\u00fcgungsparks, Museen und Touren f\u00fcr eure Antalya-Reise vorab buchen m\u00f6chtet, solltet ihr unbedingt einen Blick auf die Angebote in unserem offiziellen Shop werfen.<\/span><\/li>\n<\/ul>\n<h2>Wie komme ich zum Dinopark?<\/h2>\n<p>Der Dinopark ist 9 Kilometer vom Stadtzentrum von Kemer und 36 Kilometer von Antalya entfernt.<\/p>\n<p><b>Bus:<\/b> Mit den Bussen, die von Kemer nach G\u00f6yn\u00fck fahren, kommt ihr zu dem Dinopark. Von Antalya aus nehmt ihr die Minibusse, die bei dem 5M Migros abfahren.<\/p>\n<h2>Kontakt<\/h2>\n<ul>\n<li><span><strong>Adresse:&nbsp;<\/strong>Esentepe Mah., Adnan Menderes Bulvar\u0131, 07985 G\u00f6yn\u00fck \/ Kemer &#8211; Antalya<\/span><\/li>\n<li><span><strong>Webseite:&nbsp;<\/strong><a href=\"http:\/\/www.dinopark.com.tr\" target=\"_blank\" rel=\"noopener\">Dinopark.com.tr<\/a><\/span><\/li>\n<\/ul>\n","protected":false},"excerpt":{"rendered":"<p>Das ist unser kompletter Guide zum Dinopark in Antalya. M\u00f6gen eure Kinder Dinosaurier? Verbringen sie gerne Zeit in Vergn\u00fcgungsparks? Der Dinopark erstreckt sich auf einer Fl\u00e4che von 30 Hektar in einem schattigen Kiefernwald bei Kemer. Der Themenpark ist der erste Dinosaurierpark der T\u00fcrkei. Auf dieser Seite findet ihr alle wichtigen Informationen \u00fcber den Dinopark. Dazu [&hellip;]<\/p>\n","protected":false},"author":5,"featured_media":2371,"parent":117,"menu_order":0,"comment_status":"open","ping_status":"closed","template":"","meta":{"_acf_changed":false,"footnotes":"","tve_updated_post":"<div class=\"thrv_wrapper thrv_contentbox_shortcode thrv-content-box tve-elem-default-pad\" data-css=\"tve-u-178354c0c3c\" style=\"\">\n\t<div class=\"tve-content-box-background\"><\/div>\n\t<div class=\"tve-cb\"><div class=\"thrv_wrapper thrv_text_element\"><h3 class=\"\">Das ist unser kompletter Guide zum Dinopark in Antalya.<\/h3><p>M\u00f6gen eure Kinder Dinosaurier? Verbringen sie gerne Zeit in Vergn\u00fcgungsparks?<\/p><p>Der Dinopark erstreckt sich auf einer Fl\u00e4che von 30 Hektar in einem schattigen Kiefernwald bei Kemer. Der Themenpark ist der erste Dinosaurierpark der T\u00fcrkei.<\/p><p>Auf dieser Seite findet ihr alle wichtigen Informationen \u00fcber den Dinopark. Dazu geh\u00f6ren Tickets, Anfahrt und was euch in dem Park erwartet.<\/p><p>Los geht\u2019s!<span style=\"font-size: 18px;\" data-css=\"tve-u-17a39b551ea\">&nbsp;<\/span><\/p><h2 class=\"\">Was kann ich im Dinopark machen?<\/h2><\/div><div class=\"thrv_wrapper thrv_text_element\"><p>Im Dinopark findet ihr <strong>Modelle von Dinosauriern<\/strong>, die vor Millionen von Jahren ausgestorben sind. Sie sind wirklichkeitsgetreu nachgebaut und machen realistische Dinosaurierger\u00e4usche. Dadurch habt ihr das Gef\u00fchl, dass sie echt sind.<\/p><p>Chinesische Ingenieure entwarfen die beweglichen Skulpturen und stellten sie in China her. Von dort wurden sie nach Antalya gebracht.<\/p><p>Vor jedem Dinosaurier steht eine Tabelle. Darauf k\u00f6nnt ihr lesen, wie der Dinosaurier genannt wurde, was er fra\u00df und in welcher Region er lebte.<\/p><p>Auf der Anlage liegt ein kleiner <strong>Zoo<\/strong>. Hier k\u00f6nnt ihr verschiedene Tiere, unter anderem Kaninchen, Ziegen und Strau\u00dfe mit der Hand f\u00fcttern. Kinder d\u00fcrfen hier Ponyreiten.<\/p><p>Die <strong>Ausgrabungsst\u00e4tte<\/strong> ist eine weitere lustige und spannende Aktivit\u00e4t, besonders f\u00fcr Kinder, die sich f\u00fcr Pal\u00e4ontologie interessieren. Eine Kletterwand und ein Trampolin geh\u00f6ren zu den weiteren Unterhaltungen, die f\u00fcr Kinder angeboten werden.<\/p><p>Das <strong>7D-Kino<\/strong> sowie das <strong>Horrorhaus<\/strong> in Form eines Labyrinths ist f\u00fcr Erwachsene.<\/p><p>Ihr k\u00f6nnt in dem <strong>Restaurant<\/strong> in dem Park fr\u00fchst\u00fccken oder Mittagessen. Hier werden auch oft Geburtstagsfeiern und Treffen organisiert.<\/p><\/div><div class=\"thrv_wrapper tve_image_caption\" data-css=\"tve-u-178ab3c35bd\"><span class=\"tve_image_frame\"><img decoding=\"async\" class=\"tve_image wp-image-2372 pin-process\" alt=\"Dinopark in Antalya in Turkey (Editorial) \" data-id=\"2372\" width=\"702\" data-init-width=\"1000\" height=\"468\" data-init-height=\"667\" title=\"Dinopark in Antalya in Turkey (Editorial) \" loading=\"lazy\" src=\"\/\/antalyatouristinformation.com\/de\/wp-content\/uploads\/sites\/10\/2021\/04\/Dinopark-in-Antalya-in-Turkey.jpg\" data-width=\"702\" data-height=\"468\" data-pin-media=\"https:\/\/antalyatouristinformation.com\/de\/wp-content\/uploads\/sites\/10\/2021\/06\/prag_50_sehenswuerdigkeiten_pinterest-18.jpg\" data-pin-description=\"Information about Dinopark Antalya | Antalya Tourist Information\" data-pin-url=\"https:\/\/antalyatouristinformation.com\/de\/things-to-do\/attraction\/dinopark\/?tve=true&amp;tcbf=bf964e88c1\" data-pinpro-key=\"rbb00wtgq\"><\/span><\/div><div class=\"thrv_wrapper thrv_text_element\"><h2 class=\"\">Eintritt, Tickets und Touren<\/h2><\/div><div class=\"thrv_wrapper thrv-styled_list\" data-icon-code=\"icon-check\" data-css=\"tve-u-178354c0c41\" style=\"\"><ul class=\"tcb-styled-list\"><li class=\"thrv-styled-list-item\" data-css=\"tve-u-175d0bd8a62\"><div class=\"tcb-styled-list-icon\"><div class=\"thrv_wrapper thrv_icon tve_no_drag tcb-no-delete tcb-no-clone tcb-no-save tcb-icon-inherit-style tcb-local-vars-root tcb-icon-display tcb-excluded-from-group-item\" data-css=\"tve-u-1785a530d29\" style=\"\"><svg class=\"tcb-icon\" viewBox=\"0 0 640 512\" data-id=\"icon-door-open-solid\" data-name=\"\"><path d=\"M624 448h-80V113.45C544 86.19 522.47 64 496 64H384v64h96v384h144c8.84 0 16-7.16 16-16v-32c0-8.84-7.16-16-16-16zM312.24 1.01l-192 49.74C105.99 54.44 96 67.7 96 82.92V448H16c-8.84 0-16 7.16-16 16v32c0 8.84 7.16 16 16 16h336V33.18c0-21.58-19.56-37.41-39.76-32.17zM264 288c-13.25 0-24-14.33-24-32s10.75-32 24-32 24 14.33 24 32-10.75 32-24 32z\"><\/path><\/svg><\/div><\/div><span class=\"thrv-advanced-inline-text tve_editable tcb-styled-list-icon-text tcb-no-delete tcb-no-save\" data-css=\"tve-u-178354c0c40\" style=\"\"><strong>Eintritt:<\/strong> Der Dinopark ist t\u00e4glich von 09:00 bis 20:00 Uhr ge\u00f6ffnet.<\/span><\/li><li class=\"thrv-styled-list-item\" data-css=\"tve-u-175d0bd8a62\" style=\"\"><div class=\"tcb-styled-list-icon\"><div class=\"thrv_wrapper thrv_icon tve_no_drag tcb-no-delete tcb-no-clone tcb-no-save tcb-icon-inherit-style tcb-icon-display tcb-local-vars-root tcb-excluded-from-group-item\" data-css=\"tve-u-178354c0c3e\" style=\"\"><svg class=\"tcb-icon\" viewBox=\"0 0 576 512\" data-id=\"icon-ticket-alt-solid\" data-name=\"\"><path d=\"M128 160h320v192H128V160zm400 96c0 26.51 21.49 48 48 48v96c0 26.51-21.49 48-48 48H48c-26.51 0-48-21.49-48-48v-96c26.51 0 48-21.49 48-48s-21.49-48-48-48v-96c0-26.51 21.49-48 48-48h480c26.51 0 48 21.49 48 48v96c-26.51 0-48 21.49-48 48zm-48-104c0-13.255-10.745-24-24-24H120c-13.255 0-24 10.745-24 24v208c0 13.255 10.745 24 24 24h336c13.255 0 24-10.745 24-24V152z\"><\/path><\/svg><\/div><\/div><span class=\"thrv-advanced-inline-text tve_editable tcb-styled-list-icon-text tcb-no-delete tcb-no-save\" data-css=\"tve-u-178354c0c40\" style=\"\"><strong>Tickets:<\/strong> Ihr findet die aktuellen Ticketpreise auf der offiziellen<lt-highlighter class=\"lt--mac-os\" data-lt-linked=\"1\" style=\"display: none; z-index: auto !important;\"><\/lt-highlighter><a href=\"http:\/\/www.dinopark.com.tr\/\" target=\"_blank\" class=\"\" style=\"outline: none;\" data-lt-tmp-id=\"lt-909176\" spellcheck=\"false\">&nbsp;Website<\/a>.<\/span><\/li><\/ul><\/div><div class=\"thrv_wrapper thrv-styled_list\" data-icon-code=\"icon-check\" data-css=\"tve-u-1785a53aba8\"><ul class=\"tcb-styled-list\"><li class=\"thrv-styled-list-item\" data-css=\"tve-u-177d92d607c\"><div class=\"tcb-styled-list-icon\"><div class=\"thrv_wrapper thrv_icon tve_no_drag tcb-no-delete tcb-no-clone tcb-no-save tcb-icon-inherit-style tcb-local-vars-root tcb-icon-display\" data-css=\"tve-u-1785a53abac\"><svg class=\"tcb-icon\" viewBox=\"0 0 512 512\" data-id=\"icon-arrow-alt-circle-right-solid\" data-name=\"\"><path d=\"M256 8c137 0 248 111 248 248S393 504 256 504 8 393 8 256 119 8 256 8zM140 300h116v70.9c0 10.7 13 16.1 20.5 8.5l114.3-114.9c4.7-4.7 4.7-12.2 0-16.9l-114.3-115c-7.6-7.6-20.5-2.2-20.5 8.5V212H140c-6.6 0-12 5.4-12 12v64c0 6.6 5.4 12 12 12z\"><\/path><\/svg><\/div><\/div><span class=\"thrv-advanced-inline-text tve_editable tcb-styled-list-icon-text tcb-no-delete tcb-no-save\" data-css=\"tve-u-177d92d77a1\"><strong>Tipp:&nbsp;<\/strong>Falls ihr Tickets f\u00fcr Vergn\u00fcgungsparks, Museen und Touren f\u00fcr eure Antalya-Reise vorab buchen m\u00f6chtet, solltet ihr unbedingt einen Blick auf die Angebote in unserem offiziellen Shop werfen.<\/span><\/li><\/ul><\/div><div class=\"thrv_wrapper thrv-button thrv-button-v2 tcb-local-vars-root\" data-css=\"tve-u-1785a53efc0\">\n\t<div class=\"thrive-colors-palette-config\" style=\"display: none !important\">__CONFIG_colors_palette__{\"active_palette\":0,\"config\":{\"colors\":{\"62516\":{\"name\":\"Main Accent\",\"parent\":-1}},\"gradients\":[]},\"palettes\":[{\"name\":\"Default Palette\",\"value\":{\"colors\":{\"62516\":{\"val\":\"var(--tcb-skin-color-0)\"}},\"gradients\":[]}}]}__CONFIG_colors_palette__<\/div>\n\t<a href=\"#\" class=\"tcb-button-link tcb-plain-text\" target=\"_blank\">\n\t\t<span class=\"tcb-button-texts\"><span class=\"tcb-button-text thrv-inline-text\" style=\"\" data-css=\"tve-u-1785a53efc4\">Zum Ticket-Shop<\/span><\/span>\n\t<\/a>\n<\/div><div class=\"thrv_wrapper thrv_text_element\"><h2 class=\"\">Wie komme ich zum Dinopark?<\/h2><p>Der Dinopark ist 9 Kilometer vom Stadtzentrum von Kemer und 36 Kilometer von Antalya entfernt.<\/p><p><b>Bus:<\/b> Mit den Bussen, die von Kemer nach G\u00f6yn\u00fck fahren, kommt ihr zu dem Dinopark. Von Antalya aus nehmt ihr die Minibusse, die bei dem 5M Migros abfahren.<\/p><\/div><div class=\"thrv_wrapper thrv_contentbox_shortcode thrv-content-box tve-elem-default-pad\" style=\"\" data-css=\"tve-u-178354c0c4c\">\n\t<div class=\"tve-content-box-background\" style=\"\" data-css=\"tve-u-178354c0c4d\"><\/div>\n\t<div class=\"tve-cb\"><div class=\"thrv_wrapper thrv_text_element\" style=\"\"><h2 class=\"\" style=\"\" data-css=\"tve-u-178354c0c5d\">Kontakt<\/h2><\/div><div class=\"thrv_wrapper thrv-columns\" data-css=\"tve-u-178354c0c5f\" style=\"--tcb-col-el-width:702;\"><div class=\"tcb-flex-row v-2 tcb--cols--1\" data-css=\"tve-u-178354c0c60\" style=\"\"><div class=\"tcb-flex-col\" data-css=\"tve-u-1785a55147e\" style=\"\"><div class=\"tcb-col\"><div class=\"thrv_wrapper thrv-styled_list\" data-icon-code=\"icon-check\" style=\"\" data-css=\"tve-u-178354c0c4a\"><ul class=\"tcb-styled-list\"><li class=\"thrv-styled-list-item\" data-css=\"tve-u-175d0bc8f2d\"><div class=\"tcb-styled-list-icon\"><div class=\"thrv_wrapper thrv_icon tve_no_drag tcb-no-delete tcb-no-clone tcb-no-save tcb-icon-inherit-style tcb-local-vars-root tcb-icon-display\" data-css=\"tve-u-178354c0c47\" style=\"\"><svg class=\"tcb-icon\" viewBox=\"0 0 384 512\" data-id=\"icon-map-marker-alt-solid\" data-name=\"\"><path d=\"M172.268 501.67C26.97 291.031 0 269.413 0 192 0 85.961 85.961 0 192 0s192 85.961 192 192c0 77.413-26.97 99.031-172.268 309.67-9.535 13.774-29.93 13.773-39.464 0zM192 272c44.183 0 80-35.817 80-80s-35.817-80-80-80-80 35.817-80 80 35.817 80 80 80z\"><\/path><\/svg><\/div><\/div><span class=\"thrv-advanced-inline-text tve_editable tcb-styled-list-icon-text tcb-no-delete tcb-no-save\" data-css=\"tve-u-178354c0c44\" style=\"\"><strong>Adresse:&nbsp;<\/strong>Esentepe Mah., Adnan Menderes Bulvar\u0131, 07985 G\u00f6yn\u00fck \/ Kemer - Antalya<\/span><\/li><li class=\"thrv-styled-list-item\" data-css=\"tve-u-175d0bc8f2d\" style=\"\"><div class=\"tcb-styled-list-icon\"><div class=\"thrv_wrapper thrv_icon tve_no_drag tcb-no-delete tcb-no-clone tcb-no-save tcb-icon-inherit-style tcb-local-vars-root tcb-icon-display\" data-css=\"tve-u-178354c0c46\" style=\"\"><svg class=\"tcb-icon\" viewBox=\"0 0 24 24\" data-id=\"icon-web-solid\" data-name=\"\"><path d=\"M16.36,14C16.44,13.34 16.5,12.68 16.5,12C16.5,11.32 16.44,10.66 16.36,10H19.74C19.9,10.64 20,11.31 20,12C20,12.69 19.9,13.36 19.74,14M14.59,19.56C15.19,18.45 15.65,17.25 15.97,16H18.92C17.96,17.65 16.43,18.93 14.59,19.56M14.34,14H9.66C9.56,13.34 9.5,12.68 9.5,12C9.5,11.32 9.56,10.65 9.66,10H14.34C14.43,10.65 14.5,11.32 14.5,12C14.5,12.68 14.43,13.34 14.34,14M12,19.96C11.17,18.76 10.5,17.43 10.09,16H13.91C13.5,17.43 12.83,18.76 12,19.96M8,8H5.08C6.03,6.34 7.57,5.06 9.4,4.44C8.8,5.55 8.35,6.75 8,8M5.08,16H8C8.35,17.25 8.8,18.45 9.4,19.56C7.57,18.93 6.03,17.65 5.08,16M4.26,14C4.1,13.36 4,12.69 4,12C4,11.31 4.1,10.64 4.26,10H7.64C7.56,10.66 7.5,11.32 7.5,12C7.5,12.68 7.56,13.34 7.64,14M12,4.03C12.83,5.23 13.5,6.57 13.91,8H10.09C10.5,6.57 11.17,5.23 12,4.03M18.92,8H15.97C15.65,6.75 15.19,5.55 14.59,4.44C16.43,5.07 17.96,6.34 18.92,8M12,2C6.47,2 2,6.5 2,12A10,10 0 0,0 12,22A10,10 0 0,0 22,12A10,10 0 0,0 12,2Z\"><\/path><\/svg><\/div><\/div><span class=\"thrv-advanced-inline-text tve_editable tcb-styled-list-icon-text tcb-no-delete tcb-no-save\" data-css=\"tve-u-178354c0c44\" style=\"\"><strong>Webseite:&nbsp;<\/strong><lt-highlighter style=\"display: none; z-index: 4 !important;\"><lt-div spellcheck=\"false\" class=\"lt-highlighter__wrapper\" style=\"width: 0px !important; height: 0px !important; transform: none !important; transform-origin: 0px 0px !important; zoom: 1 !important; margin-top: 4px !important; margin-left: 96.1094px !important;\"><lt-div class=\"lt-highlighter__scrollElement\" style=\"top: 0px !important; left: 0px !important;\"><\/lt-div><\/lt-div><\/lt-highlighter><a href=\"http:\/\/www.dinopark.com.tr\" target=\"_blank\" class=\"\" style=\"outline: none;\" spellcheck=\"false\">Dinopark.com.tr<\/a><\/span><\/li><\/ul><\/div><\/div><\/div><\/div><\/div><div class=\"thrv_wrapper thrv-google-map-embedded-code tve-flexible-container\" data-css=\"tve-u-178354c0c5c\">\n\t<iframe title=\"Google Map\" frameborder=\"0\" scrolling=\"no\" marginheight=\"0\" marginwidth=\"0\" src=\"https:\/\/www.google.com\/maps\/embed\/v1\/place?key={{THRIVE_GOOGLE_MAPS_API_EMBEDDED_KEY}}&amp;q=dinopark%20antalya&amp;zoom=15\"><\/iframe>\n<\/div><\/div>\n<\/div><\/div>\n<\/div>","tve_custom_css":"@media (min-width: 300px){[data-css=\"tve-u-178354c0c3c\"] { padding: 0px 0px 20px !important; margin-bottom: 0px !important; margin-top: 0px !important; }[data-css=\"tve-u-178354c0c3e\"] { --tcb-local-color-icon:rgb(64,64,64); --tcb-local-color-var:rgb(64,64,64); --tve-icon-size:18px; padding-top: 7px !important; padding-left: 3px !important; padding-bottom: 6px !important; }[data-css=\"tve-u-178354c0c40\"] { line-height: 1.73em !important; }[data-css=\"tve-u-178354c0c41\"] { margin-top: 10px !important; margin-bottom: 0px !important; }[data-css=\"tve-u-178354c0c44\"] { line-height: 1.73em !important; }[data-css=\"tve-u-178354c0c46\"] { --tcb-local-color-icon:rgb(64,64,64); --tcb-local-color-var:rgb(64,64,64); --tve-icon-size:18px; padding-top: 7px !important; padding-left: 3px !important; padding-bottom: 6px !important; }[data-css=\"tve-u-178354c0c47\"] { --tcb-local-color-icon:rgb(64,64,64); --tcb-local-color-var:rgb(64,64,64); --tve-icon-size:18px; padding-top: 7px !important; padding-left: 3px !important; padding-bottom: 6px !important; }[data-css=\"tve-u-178354c0c4a\"] { margin-top: 0px !important; margin-bottom: 0px !important; }[data-css=\"tve-u-178354c0c4c\"] { max-width: 100%; padding: 10px 0px !important; margin-top: 20px !important; margin-bottom: 0px !important; }[data-css=\"tve-u-178354c0c4d\"] { --tve-border-width:3px; border-top: 3px solid rgb(233, 7, 41) !important; }[data-css=\"tve-u-178354c0c5c\"] { height: 230px; }:not(#tve) [data-css=\"tve-u-178354c0c5d\"] { padding-bottom: 10px !important; margin-bottom: 0px !important; }[data-css=\"tve-u-178354c0c5f\"] { margin-top: 0px !important; margin-bottom: 0px !important; }[data-css=\"tve-u-178354c0c60\"] { padding-top: 0px !important; padding-bottom: 0px !important; padding-right: 0px !important; }[data-css=\"tve-u-1785a530d29\"] { --tcb-local-color-icon:rgb(64,64,64); --tcb-local-color-var:rgb(64,64,64); --tve-icon-size:18px; padding-top: 7px !important; padding-left: 3px !important; padding-bottom: 6px !important; }[data-css=\"tve-u-1785a53aba8\"] { margin-top: 0px !important; padding-top: 0px !important; margin-bottom: 10px !important; }[data-css=\"tve-u-1785a53abac\"] { --tcb-local-color-icon:rgb(106,107,108); --tcb-local-color-var:rgb(106,107,108); --tve-icon-size:18px; padding-left: 3px !important; }[data-css=\"tve-u-1785a53efc0\"] .tcb-button-link { letter-spacing: 2px; background-image: linear-gradient(var(--tcb-local-color-62516,rgb(19,114,211)),var(--tcb-local-color-62516,rgb(19,114,211))); --tve-applied-background-image:linear-gradient(var$(--tcb-local-color-62516,rgb(19,114,211)),var$(--tcb-local-color-62516,rgb(19,114,211))); background-size: auto; background-attachment: scroll; border-radius: 5px; overflow: hidden; padding: 18px; background-position: 50% 50%; background-repeat: no-repeat; }[data-css=\"tve-u-1785a53efc0\"] .tcb-button-link span { color: rgb(255, 255, 255); --tcb-applied-color:#fff; }[data-css=\"tve-u-1785a53efc0\"] { --tcb-local-color-62516:var(--tcb-skin-color-0) !important; margin-top: 0px !important; margin-bottom: 50px !important; }:not(#tve) [data-css=\"tve-u-1785a53efc4\"] { letter-spacing: 1px; }[data-css=\"tve-u-178ab3c35bd\"] { width: 1000px; }[data-css=\"tve-u-17a39b551ea\"] { font-size: 18px !important; }.tcb-post-list[data-css=\"tve-u-177edb5b9f9\"] .post-wrapper.thrv_wrapper { width: calc((100% - 40px) \/ 2); }.tcb-post-list[data-css=\"tve-u-177edb5b9f9\"] .post-wrapper.thrv_wrapper:nth-child(n+3) { margin-top: 40px !important; }.tcb-post-list[data-css=\"tve-u-177edb5b9f9\"] .post-wrapper.thrv_wrapper:not(:nth-child(n+3)) { margin-top: 0px !important; }.tcb-post-list[data-css=\"tve-u-177edb5b9f9\"] .post-wrapper.thrv_wrapper:not(:nth-child(2n)) { margin-right: 40px !important; }.tcb-post-list[data-css=\"tve-u-177edb5b9f9\"] .post-wrapper.thrv_wrapper:nth-child(2n) { margin-right: 0px !important; }.tcb-post-list[data-css=\"tve-u-178fbe10a6b\"] .post-wrapper.thrv_wrapper { width: calc((100% - 0px) \/ 1); }.tcb-post-list[data-css=\"tve-u-178fbe10a6b\"] .post-wrapper.thrv_wrapper:nth-child(n+2) { margin-top: 15px !important; }.tcb-post-list[data-css=\"tve-u-178fbe10a6b\"] .post-wrapper.thrv_wrapper:not(:nth-child(n+2)) { margin-top: 0px !important; }.tcb-post-list[data-css=\"tve-u-178fbe10a6b\"] .post-wrapper.thrv_wrapper:not(:nth-child(n)) { margin-right: 0px !important; }.tcb-post-list[data-css=\"tve-u-178fbe10a6b\"] .post-wrapper.thrv_wrapper:nth-child(n) { margin-right: 0px !important; }}@media (max-width: 767px){[data-css=\"tve-u-178354c0c3e\"] { padding-left: 1px !important; }[data-css=\"tve-u-178354c0c47\"] { padding-left: 1px !important; }[data-css=\"tve-u-178354c0c46\"] { padding-left: 1px !important; }[data-css=\"tve-u-1785a530d29\"] { padding-left: 1px !important; }}","tve_user_custom_css":"","tve_globals":{"e":"1","font_cls":[]},"tcb2_ready":1,"tcb_editor_enabled":1,"tve_landing_page":"","_tve_header":"0","_tve_footer":"0"},"categories":[],"tags":[36],"class_list":["post-1204","page","type-page","status-publish","has-post-thumbnail","hentry","tag-attraction","post-wrapper","thrv_wrapper"],"acf":[],"wp-worthy-pixel":{"ignored":false,"public":"1851cb149d4a4f20b77b19125d371dce","server":"vg01.met.vgwort.de","url":"https:\/\/vg01.met.vgwort.de\/na\/1851cb149d4a4f20b77b19125d371dce"},"wp-worthy-type":"normal","_links":{"self":[{"href":"https:\/\/antalyatouristinformation.com\/de\/wp-json\/wp\/v2\/pages\/1204","targetHints":{"allow":["GET"]}}],"collection":[{"href":"https:\/\/antalyatouristinformation.com\/de\/wp-json\/wp\/v2\/pages"}],"about":[{"href":"https:\/\/antalyatouristinformation.com\/de\/wp-json\/wp\/v2\/types\/page"}],"author":[{"embeddable":true,"href":"https:\/\/antalyatouristinformation.com\/de\/wp-json\/wp\/v2\/users\/5"}],"replies":[{"embeddable":true,"href":"https:\/\/antalyatouristinformation.com\/de\/wp-json\/wp\/v2\/comments?post=1204"}],"version-history":[{"count":9,"href":"https:\/\/antalyatouristinformation.com\/de\/wp-json\/wp\/v2\/pages\/1204\/revisions"}],"predecessor-version":[{"id":14820,"href":"https:\/\/antalyatouristinformation.com\/de\/wp-json\/wp\/v2\/pages\/1204\/revisions\/14820"}],"up":[{"embeddable":true,"href":"https:\/\/antalyatouristinformation.com\/de\/wp-json\/wp\/v2\/pages\/117"}],"wp:featuredmedia":[{"embeddable":true,"href":"https:\/\/antalyatouristinformation.com\/de\/wp-json\/wp\/v2\/media\/2371"}],"wp:attachment":[{"href":"https:\/\/antalyatouristinformation.com\/de\/wp-json\/wp\/v2\/media?parent=1204"}],"wp:term":[{"taxonomy":"category","embeddable":true,"href":"https:\/\/antalyatouristinformation.com\/de\/wp-json\/wp\/v2\/categories?post=1204"},{"taxonomy":"post_tag","embeddable":true,"href":"https:\/\/antalyatouristinformation.com\/de\/wp-json\/wp\/v2\/tags?post=1204"}],"curies":[{"name":"wp","href":"https:\/\/api.w.org\/{rel}","templated":true}]}}