{"id":1227,"date":"2021-03-16T20:32:58","date_gmt":"2021-03-16T19:32:58","guid":{"rendered":"https:\/\/antalyatouristinformation.com\/clone4639485xzhehsskdjfhhdhebdkkekdeewsd4545gdfgm\/?page_id=1227"},"modified":"2023-04-27T12:44:38","modified_gmt":"2023-04-27T10:44:38","slug":"alanya-archaologisch","status":"publish","type":"page","link":"https:\/\/antalyatouristinformation.com\/de\/sehenswurdigkeiten\/museum\/alanya-archaologisch\/","title":{"rendered":"Arch\u00e4ologisches Museum in Alanya: Tickets und Tipps"},"content":{"rendered":"<p>Das ist der komplette Guide zum Arch\u00e4ologischen Museum in Alanya.<\/p>\n<p>In jedem Teil von Alanya findet ihr historisches Erbe. Das Arch\u00e4ologische Museum von Alanya liegt mitten in der Stadt und zeigt vor allem Exponate, die in der n\u00e4heren Umgebung bei Ausgrabungen gefunden wurden.<\/p>\n<p>Hier lest ihr alle wichtigen Informationen, die ihr vor dem Besuch des Museums wissen solltet. Dazu geh\u00f6ren Tipps, Eintritt, Anfahrt sowie die Geschichte des Museums.<\/p>\n<h2 id=\"t-1625316761265\" data-alt-text=\"Was kann ich dort machen?\">Was kann ich im Arch\u00e4ologischen Museum von Alanya machen?<\/h2>\n<p><b>Der Museumsgarten<\/b><\/p>\n<p>Der Garten des Museums ist wie ein Open-Air Museum gestaltet. Hier k\u00f6nnt ihr unter anderem Amphoren, Grabsteine und Sarkophage bestaunen.<\/p>\n<p><b>Sarkophage:<\/b> In dem Museumsgarten stehen Sarkophage aus verschiedenen Epochen.<\/p>\n<p><b>Amphoren:<\/b> Schon in der Antike wurde Oliven\u00f6l hergestellt. Hier seht ihr die Materialien, die damals verwendet wurden sowie die antiken Amphoren.<\/p>\n<p><b>Ostoteken:<\/b> Ein Ostotek ist ein kleiner Sarkophag, der spezielle F\u00e4cher hat. Dort wurde die Asche der Toten nach ihrer Ein\u00e4scherung platziert. Beachtet die Lotosmotive, mit denen sie verziert sind. Man nimmt an, dass diese Form von Sarkophagen in Anatolien einzigartig ist.<\/p>\n<p><b>Osmanische Grabsteine:<\/b> In dem Museumsgarten seht ihr au\u00dferdem islamische Grabsteine aus der seldschukischen und osmanischen Zeit. Auf einigen sind die Inschriften noch erhalten.<\/p>\n<p><span><img decoding=\"async\" alt=\"Alanya Archaeological Museum in Antalya (Editorial)\" data-id=\"2016\" width=\"702\" data-init-width=\"1000\" height=\"468\" data-init-height=\"667\" title=\"Alanya Archaeological Museum in Antalya (Editorial)\" loading=\"lazy\" src=\"\/\/antalyatouristinformation.com\/de\/wp-content\/uploads\/sites\/10\/2021\/04\/Alanya-Archaeological-Museum-in-Antalya.jpg\" data-width=\"702\" data-height=\"468\" data-pinpro-key=\"uus0a9me0\" data-pin-media=\"https:\/\/antalyatouristinformation.com\/de\/wp-content\/uploads\/sites\/10\/2021\/06\/prag_50_sehenswuerdigkeiten_pinterest-18-3.jpg\" data-pin-description=\"Visit Alanya Archaeology Museum | Antalya Tourist Information\" data-pin-url=\"https:\/\/antalyatouristinformation.com\/de\/sehenswurdigkeiten\/museum\/alanya-archaologisch\/?tve=true&amp;tcbf=b79d6e7f6b\"><\/span><\/p>\n<p><b>Das Innere des Museums<\/b><\/p>\n<p>Das Museum besteht aus den zwei Abteilungen Arch\u00e4ologie und Ethnografie. Hier sind die bedeutendsten Artefakte, die ihr nicht verpassen solltet:<\/p>\n<p><b>Die Statue des Herkules:<\/b> Die Bronzestatue des Herakules stammt aus dem 2. Jahrhundert und ist das Symbol des Museums. Ihr k\u00f6nnt die 52 Meter hohe Statue in einer separaten Halle bewundern.<\/p>\n<p><b>Bodenmosaike im Herkules-Saal:<\/b> Auf dem Boden dieses Saals seht ihr Mosaike aus der r\u00f6mischen Zeit. Die meisten von ihnen stammen aus der antiken Stadt Syedra. Beachtet das Mosaik, auf dem Hylas, ein Freund von Herkules, dargestellt ist, wie er von den Nymphen entf\u00fchrt wird.<\/p>\n<p><b>M\u00fcnzen:<\/b> In der M\u00fcnzsammlung seht ihr St\u00fccke aus der archaischen Zeit vom 7. Jahrhundert vor unserer Zeitrechnung bis zum 15. Jahrhundert.<\/p>\n<p><b>Schiffe &amp; Maritimer Saal:<\/b> In dem Saal findet ihr Gegenst\u00e4nde aus der Seefahrt wie Amphoren, Angelhaken und Gewichte sowie ein altes primitives Bootsexemplar.<\/p>\n<p>Beachtet das Pegasus-Pferd aus dem 2. Jahrhundert. Das gefl\u00fcgelte Pferd ist eine ber\u00fchmte Figur der griechischen Mythologie.<\/p>\n<p><b>Abteilung f\u00fcr Ethnografie:<\/b> Hier findet ihr ein traditionelles Haus aus Alanya sowie lokale Kleidung, Schmuck, Teppiche und andere Alltagsgegenst\u00e4nde. Bewundert auch den handgeschriebenen Koran und die Kalligrafie.<\/p>\n<p><span><img decoding=\"async\" alt=\"Alanya Archaeological Museum in Turkey (Editorial)\" data-id=\"2018\" width=\"702\" data-init-width=\"1000\" height=\"468\" data-init-height=\"667\" title=\"Alanya Archaeological Museum in Turkey (Editorial)\" loading=\"lazy\" src=\"\/\/antalyatouristinformation.com\/de\/wp-content\/uploads\/sites\/10\/2021\/04\/Alanya-Archaeological-Museum-in-Turkey.jpg\" data-width=\"702\" data-height=\"468\" data-pinpro-key=\"tjtydjx41\" data-pin-media=\"https:\/\/antalyatouristinformation.com\/de\/wp-content\/uploads\/sites\/10\/2021\/06\/prag_50_sehenswuerdigkeiten_pinterest-18-3.jpg\" data-pin-description=\"Visit Alanya Archaeology Museum | Antalya Tourist Information\" data-pin-url=\"https:\/\/antalyatouristinformation.com\/de\/sehenswurdigkeiten\/museum\/alanya-archaologisch\/?tve=true&amp;tcbf=b79d6e7f6b\"><\/span><\/p>\n<h2 id=\"t-1619438759873\" data-alt-text=\"Eintritt, Tickets und Touren\">Eintritt, Tickets und Touren<\/h2>\n<ul>\n<li><span><strong>Eintritt:<\/strong> Das Museum ist im Winter von 08:00 bis 17:00 Uhr und im Sommer von 08:00 bis 19:00 Uhr ge\u00f6ffnet. In den Monaten April bis Oktober ist das Museum montags geschlossen.<\/span><\/li>\n<li><span><strong>Tickets:<\/strong> F\u00fcr den Besuch des Museums wird ein kleiner Eintrittspreis erhoben.<\/span><\/li>\n<\/ul>\n<ul>\n<li><span><strong>Museumspass:<\/strong> Falls ihr den Museumspass Akdeniz habt, k\u00f6nnt ihr das Museum umsonst besuchen.<\/span><\/li>\n<\/ul>\n<ul>\n<li><span><strong>Tipp:<\/strong> Falls ihr Tickets f\u00fcr Vergn\u00fcgungsparks, Museen und Touren f\u00fcr eure Antalya-Reise vorab buchen m\u00f6chtet, solltet ihr unbedingt einen Blick auf die Angebote in unserem offiziellen Shop werfen.<\/span><\/li>\n<\/ul>\n<h2 id=\"t-1625316761266\" data-alt-text=\"Anfahrt\">Wie komme ich zum Arch\u00e4ologischen Museum von Alanya?<\/h2>\n<p>Das Arch\u00e4ologische Museum liegt im Zentrum von Alanya, in der Ismet Hilmi Balc\u0131 Stra\u00dfe direkt hinter der Alanya Burg und ganz in der N\u00e4he der Damlata\u015f H\u00f6hle.<\/p>\n<p><strong>Bus: <\/strong>Ihr k\u00f6nnt die Alanya-Konakl\u0131 Buslinien 1, 101 und 50 nehmen, um zum Museum zu kommen.<\/p>\n<h2 id=\"t-1619438759875\" data-alt-text=\"FAQ\">FAQ&nbsp;<\/h2>\n<p><span><img decoding=\"async\" alt=\"Alanya Archaeological Museum (Editorial)\" data-id=\"2021\" width=\"702\" data-init-width=\"1000\" height=\"468\" data-init-height=\"667\" title=\"Alanya Archaeological Museum (Editorial)\" loading=\"lazy\" src=\"\/\/antalyatouristinformation.com\/de\/wp-content\/uploads\/sites\/10\/2021\/04\/Alanya-Archaeological-Museum.jpg\" data-width=\"702\" data-height=\"468\" data-pinpro-key=\"dggat10sg\" data-pin-media=\"https:\/\/antalyatouristinformation.com\/de\/wp-content\/uploads\/sites\/10\/2021\/06\/prag_50_sehenswuerdigkeiten_pinterest-18-3.jpg\" data-pin-description=\"Visit Alanya Archaeology Museum | Antalya Tourist Information\" data-pin-url=\"https:\/\/antalyatouristinformation.com\/de\/sehenswurdigkeiten\/museum\/alanya-archaologisch\/?tve=true&amp;tcbf=b79d6e7f6b\"><\/span><\/p>\n<h2 id=\"t-1625316761267\" data-alt-text=\"Geschichte\">Die Geschichte des Arch\u00e4ologischen Museums von Alanya<\/h2>\n<p>Das Museum wurde 1967 er\u00f6ffnet. Es zeigt arch\u00e4ologische und ethnografische Artefakte.<\/p>\n<p>Bei der Erster\u00f6ffnung des Museums gab es noch keine der Ruinen, die in der Region gefunden wurden, jedoch wurde die anatolische Chronologie der alten Bronze- und Urartu-Perioden genau erkl\u00e4rt.<\/p>\n<p>Die Werke, die zur phrygischen und lydischen Periode geh\u00f6ren, wurden von dem Museum f\u00fcr Anatolische Zivilisationen in Ankara hier hergebracht und sind nun in der Arch\u00e4ologieabteilung ausgestellt.<\/p>\n<p>Hier k\u00f6nnt ihr mehr \u00fcber die <a href=\"https:\/\/antalyatouristinformation.com\/de\/sehenswurdigkeiten\/museum\/\">Museen in Antalya<\/a> lesen.<\/p>\n<h2 id=\"t-1619438759877\">Kontakt<\/h2>\n<ul>\n<li><span><strong>Adresse:&nbsp;<\/strong>Saray Mah. Hilmi Balc\u0131 Cad. No: 2 Alanya<\/span><\/li>\n<li><span><strong>\u00d6ffnungszeiten:&nbsp;<\/strong>Das Arch\u00e4ologische Museum von Alanya ist im Winter von 08:00 bis 17:00 Uhr und im Sommer von 08:00 bis 19:00 Uhr ge\u00f6ffnet. In den Monaten April bis Oktober ist das Museum montags geschlossen.&nbsp;<\/span><\/li>\n<li><span><strong>\u00d6ffentlicher Verkehr:&nbsp;<\/strong><strong>Bus:<\/strong> Die Linien 1, 101 und 50 der Alanya-Konakl\u0131 Busse fahren zu dem Museum.<\/span><\/li>\n<\/ul>\n","protected":false},"excerpt":{"rendered":"<p>Das ist der komplette Guide zum Arch\u00e4ologischen Museum in Alanya. In jedem Teil von Alanya findet ihr historisches Erbe. Das Arch\u00e4ologische Museum von Alanya liegt mitten in der Stadt und zeigt vor allem Exponate, die in der n\u00e4heren Umgebung bei Ausgrabungen gefunden wurden. Hier lest ihr alle wichtigen Informationen, die ihr vor dem Besuch des [&hellip;]<\/p>\n","protected":false},"author":4,"featured_media":2014,"parent":115,"menu_order":0,"comment_status":"open","ping_status":"closed","template":"","meta":{"_acf_changed":false,"footnotes":""},"categories":[],"tags":[62,38],"class_list":["post-1227","page","type-page","status-publish","has-post-thumbnail","hentry","tag-archaeology","tag-museum","post-wrapper","thrv_wrapper"],"acf":[],"wp-worthy-pixel":{"ignored":false,"public":null,"server":null,"url":null},"wp-worthy-type":"normal","_links":{"self":[{"href":"https:\/\/antalyatouristinformation.com\/de\/wp-json\/wp\/v2\/pages\/1227","targetHints":{"allow":["GET"]}}],"collection":[{"href":"https:\/\/antalyatouristinformation.com\/de\/wp-json\/wp\/v2\/pages"}],"about":[{"href":"https:\/\/antalyatouristinformation.com\/de\/wp-json\/wp\/v2\/types\/page"}],"author":[{"embeddable":true,"href":"https:\/\/antalyatouristinformation.com\/de\/wp-json\/wp\/v2\/users\/4"}],"replies":[{"embeddable":true,"href":"https:\/\/antalyatouristinformation.com\/de\/wp-json\/wp\/v2\/comments?post=1227"}],"version-history":[{"count":10,"href":"https:\/\/antalyatouristinformation.com\/de\/wp-json\/wp\/v2\/pages\/1227\/revisions"}],"predecessor-version":[{"id":14952,"href":"https:\/\/antalyatouristinformation.com\/de\/wp-json\/wp\/v2\/pages\/1227\/revisions\/14952"}],"up":[{"embeddable":true,"href":"https:\/\/antalyatouristinformation.com\/de\/wp-json\/wp\/v2\/pages\/115"}],"wp:featuredmedia":[{"embeddable":true,"href":"https:\/\/antalyatouristinformation.com\/de\/wp-json\/wp\/v2\/media\/2014"}],"wp:attachment":[{"href":"https:\/\/antalyatouristinformation.com\/de\/wp-json\/wp\/v2\/media?parent=1227"}],"wp:term":[{"taxonomy":"category","embeddable":true,"href":"https:\/\/antalyatouristinformation.com\/de\/wp-json\/wp\/v2\/categories?post=1227"},{"taxonomy":"post_tag","embeddable":true,"href":"https:\/\/antalyatouristinformation.com\/de\/wp-json\/wp\/v2\/tags?post=1227"}],"curies":[{"name":"wp","href":"https:\/\/api.w.org\/{rel}","templated":true}]}}