{"id":127,"date":"2021-02-15T12:14:26","date_gmt":"2021-02-15T11:14:26","guid":{"rendered":"http:\/\/antalyatouristinformation.com\/clone4639485xzhehsskdjfhhdhebdkkekdeewsd4545gdfgm\/?page_id=127"},"modified":"2023-02-28T15:37:08","modified_gmt":"2023-02-28T14:37:08","slug":"antalya-aquarium","status":"publish","type":"page","link":"https:\/\/antalyatouristinformation.com\/de\/sehenswurdigkeiten\/attraktionen\/antalya-aquarium\/","title":{"rendered":"Aquarium Antalya: Tickets und Tipps"},"content":{"rendered":"<p>Das ist unser kompletter Guide zum Aquarium Antalya.<\/p>\n<p>Das Antalya Aquarium ist das <strong>zweitgr\u00f6\u00dfte Aquarium in Europa<\/strong> und das <strong>f\u00fcnftgr\u00f6\u00dfte der Welt.<\/strong><\/p>\n<p>Hier k\u00f6nnt ihr alle m\u00f6glichen Unterwasserlebewesen bestaunen, einschlie\u00dflich Haie und Mur\u00e4nen.<\/p>\n<p>Auf dieser Seite findet ihr alle n\u00fctzlichen Informationen, die ihr vor eurem Besuch wissen solltet. Dazu z\u00e4hlen, Anfahrt, Eintritt und was euch im Aquarium erwartet.<\/p>\n<p><span><img decoding=\"async\" alt=\"Aquarium in Antalya in Turkey\" data-id=\"558\" width=\"702\" data-init-width=\"1000\" height=\"470\" data-init-height=\"670\" title=\"Aquarium in Antalya in Turkey\" loading=\"lazy\" src=\"https:\/\/antalyatouristinformation.com\/de\/wp-content\/uploads\/sites\/10\/2021\/02\/shipwreck-antalya-in-turkey.jpg\" data-width=\"702\" data-height=\"470\" data-pin-media=\"https:\/\/antalyatouristinformation.com\/de\/wp-content\/uploads\/sites\/10\/2021\/06\/prag_50_sehenswuerdigkeiten_pinterest-21.jpg\" data-pin-description=\"Visit Antalya Aquarium Guide | Antalya Tourist Information\" data-pin-url=\"https:\/\/antalyatouristinformation.com\/de\/sehenswurdigkeiten\/attraktionen\/antalya-aquarium\/?tve=true&amp;tcbf=d3233f18a0\" data-pinpro-key=\"4c1tqvmo3\"><\/span><\/p>\n<h2>Was kann ich im Aquarium Antalya machen?<\/h2>\n<p>Insgesamt seht ihr 64 Becken und 40 thematische Aquarien, die 5 Millionen Liter Wasser enthalten. Darin sind <strong>f\u00fcnftausend Fischarten<\/strong> zu sehen, darunter Haie und Mur\u00e4nen. Alle Lebewesen wurden mit privaten Flugzeugen aus Ozeanen, verschiedenen Weltmeeren, Fl\u00fcssen und Seen nach Antalya gebracht.<\/p>\n<p>Viele Familien besuchen t\u00e4glich das Aquarium, der Zugang mit Kinderwagen oder Buggy ist kein Problem.<\/p>\n<p><b>Haie&nbsp;<\/b><\/p>\n<p>Es gibt ein Aquariumbecken, das speziell f\u00fcr \u00fcber 200 Haie angelegt ist. Eine der Hai Arten sind die Sandtigerhaie, die zu den gef\u00e4hrlichsten Haien der Welt geh\u00f6ren. Atemberaubende Momente k\u00f6nnt ihr w\u00e4hrend der F\u00fctterungszeiten der Haie erleben, die von speziell ausgebildeten Tauchern per Hand gef\u00fcttert werden. Erkundigt euch vor eurem Besuch nach den F\u00fctterungszeiten der Haie!<\/p>\n<p><span><img decoding=\"async\" alt=\"aquarium tunnel in Antalya in Turkey\" data-id=\"562\" width=\"702\" data-init-width=\"1000\" height=\"470\" data-init-height=\"670\" title=\"aquarium tunnel in Antalya in Turkey\" loading=\"lazy\" src=\"https:\/\/antalyatouristinformation.com\/de\/wp-content\/uploads\/sites\/10\/2021\/02\/aquarium-tunnel-in-antalya.jpg\" data-width=\"702\" data-height=\"470\" data-pin-media=\"https:\/\/antalyatouristinformation.com\/de\/wp-content\/uploads\/sites\/10\/2021\/06\/prag_50_sehenswuerdigkeiten_pinterest-21.jpg\" data-pin-description=\"Visit Antalya Aquarium Guide | Antalya Tourist Information\" data-pin-url=\"https:\/\/antalyatouristinformation.com\/de\/sehenswurdigkeiten\/attraktionen\/antalya-aquarium\/?tve=true&amp;tcbf=d3233f18a0\" data-pinpro-key=\"a7i9vgf85\"><\/span><\/p>\n<p><b>Das l\u00e4ngste Tunnel-Aquarium der Welt<\/b><\/p>\n<p>Besonders beeindruckend ist das gr\u00f6\u00dfte Tunnel-Aquarium der Welt, ein 131 Meter langer und 3 Meter breiter Tunnel, der unter den Becken hindurchf\u00fchrt und euch das Gef\u00fchl vermittelt, als w\u00fcrdet ihr mit den Haien schwimmen\u2026<\/p>\n<p>Hier seht ihr auch ein von dem ber\u00fchmten italienischen Bildhauer Benedetti in S\u00fcdafrika pr\u00e4pariertes Schiffswrack.<\/p>\n<p><b>Schneewelt<\/b><\/p>\n<p>Die integrierte Schneewelt des Aquariums hat auch im Hochsommer eine konstante Temperatur von -5 Grad und zeigt Eisskulpturen. Wer m\u00f6chte, kann hier im Hochsommer Schneeball spielen.<\/p>\n<p><b>Wildpark<\/b><\/p>\n<p>Im angrenzenden Wildpark erwarten euch riesige Insekten, Schlangen und Reptilien. Ihr braucht ein separates Ticket f\u00fcr den Wildpark oder ihr kauft gleich ein Kombi-Ticket. Auf dem Gel\u00e4nde findet ihr auch Restaurants und Caf\u00e9s.<\/p>\n<p><span><img decoding=\"async\" alt=\"Aquarium in Antalya in Turkey\" data-id=\"566\" width=\"702\" data-init-width=\"1000\" height=\"470\" data-init-height=\"670\" title=\"Aquarium in Antalya in Turkey\" loading=\"lazy\" src=\"https:\/\/antalyatouristinformation.com\/de\/wp-content\/uploads\/sites\/10\/2021\/02\/antalya-akvaryum.jpg\" data-width=\"702\" data-height=\"470\" data-pin-media=\"https:\/\/antalyatouristinformation.com\/de\/wp-content\/uploads\/sites\/10\/2021\/06\/prag_50_sehenswuerdigkeiten_pinterest-21.jpg\" data-pin-description=\"Visit Antalya Aquarium Guide | Antalya Tourist Information\" data-pin-url=\"https:\/\/antalyatouristinformation.com\/de\/sehenswurdigkeiten\/attraktionen\/antalya-aquarium\/?tve=true&amp;tcbf=d3233f18a0\" data-pinpro-key=\"saxdpw136\"><\/span><\/p>\n<h2>Eintritt, Tickets und Touren<\/h2>\n<p>Das Aquarium ist t\u00e4glich au\u00dfer sonntags von 10:00 bis 19:00 Uhr ge\u00f6ffnet. Der letzte Einlass ist 30 Minuten bevor es schlie\u00dft.<\/p>\n<ul>\n<li><span><strong>Eintritt:<\/strong> T\u00e4glich au\u00dfer sonntags von 10:00 bis 19:00 Uhr<\/span><\/li>\n<li><span><strong>Tickets: <\/strong>Ihr k\u00f6nnt die Tickets vor Ort oder online in unserem Shop kaufen.<\/span><\/li>\n<\/ul>\n<ul>\n<li><span><strong>Tipp:<\/strong> Falls ihr Tickets f\u00fcr Vergn\u00fcgungsparks, Museen und Touren f\u00fcr eure Antalya-Reise vorab buchen m\u00f6chtet, solltet ihr unbedingt einen Blick auf die Angebote in unserem offiziellen Shop werfen.<\/span><\/li>\n<\/ul>\n<p><span><img decoding=\"async\" alt=\"aquarium in Antalya in Turkey\" data-id=\"560\" width=\"702\" data-init-width=\"1000\" height=\"470\" data-init-height=\"670\" title=\"aquarium in Antalya in Turkey\" loading=\"lazy\" src=\"https:\/\/antalyatouristinformation.com\/de\/wp-content\/uploads\/sites\/10\/2021\/02\/aquarium-in-antalya.jpg\" data-width=\"702\" data-height=\"470\" data-pin-media=\"https:\/\/antalyatouristinformation.com\/de\/wp-content\/uploads\/sites\/10\/2021\/06\/prag_50_sehenswuerdigkeiten_pinterest-21.jpg\" data-pin-description=\"Visit Antalya Aquarium Guide | Antalya Tourist Information\" data-pin-url=\"https:\/\/antalyatouristinformation.com\/de\/sehenswurdigkeiten\/attraktionen\/antalya-aquarium\/?tve=true&amp;tcbf=d3233f18a0\" data-pinpro-key=\"1ruqg3jpg\"><\/span><\/p>\n<h2>Wie komme ich zum Aquarium von Antalya?<\/h2>\n<p>Das Antalya Aquarium liegt rechts an der Stra\u00dfe, die zum Meer f\u00fchrt direkt nach dem 5M Migros Shopping-Center und gegen\u00fcber des Su Hotels und des Dolphin Land.<\/p>\n<p>Es ist nur 70 Meter vom <a href=\"https:\/\/antalyatouristinformation.com\/de\/sehenswurdigkeiten\/strand\/konyaalti\/\">Konyaalt\u0131 Strand<\/a> entfernt.<\/p>\n<p>Ihr k\u00f6nnt mit einem Minibus oder den Buslinien KL08, KC71A, TK36, KC71, VC57, CV47 und AC03, Haltestelle &#8222;5M\u201c hinkommen.<\/p>\n<h2>FAQ<\/h2>\n<p><span><img decoding=\"async\" alt=\"aquarium in Antalya in Turkey\" data-id=\"564\" width=\"702\" data-init-width=\"1000\" height=\"470\" data-init-height=\"670\" title=\"aquarium in Antalya in Turkey\" loading=\"lazy\" src=\"https:\/\/antalyatouristinformation.com\/de\/wp-content\/uploads\/sites\/10\/2021\/02\/aquarium-tank-in-antalya.jpg\" data-width=\"702\" data-height=\"470\" data-pin-media=\"https:\/\/antalyatouristinformation.com\/de\/wp-content\/uploads\/sites\/10\/2021\/06\/prag_50_sehenswuerdigkeiten_pinterest-21.jpg\" data-pin-description=\"Visit Antalya Aquarium Guide | Antalya Tourist Information\" data-pin-url=\"https:\/\/antalyatouristinformation.com\/de\/sehenswurdigkeiten\/attraktionen\/antalya-aquarium\/?tve=true&amp;tcbf=d3233f18a0\" data-pinpro-key=\"p08i6w9e2\"><\/span><\/p>\n<h2>Geschichte des Aquarium Antalya<\/h2>\n<p>Das Antalya Aquarium ist das zweitgr\u00f6\u00dfte Aquarium in Europa und das f\u00fcnftgr\u00f6\u00dfte der Welt.<\/p>\n<p>Der Grundstein wurde im November 2011 gelegt. Nach 260 Tagen Bauzeit \u00f6ffnete das Aquarium am 15. August 2012 seine Pforten. Es wurde als ein geschlossener Bereich von 15.000 Metern auf 30 Dekar Land errichtet.<\/p>\n<p>Das Aquarium ist bei einheimischen und ausl\u00e4ndischen Besuchern sehr beliebt. Bereits in den ersten zwei Jahren verzeichnete es mehr als zwei Millionen Besucher. Es geh\u00f6rt zu einer der Hauptattraktionen in Antalya.<\/p>\n<h2>Kontakt<\/h2>\n<ul>\n<li><span><strong>Adresse :&nbsp;<\/strong>Dumlup\u0131nar Bulvar\u0131 Arapsuyu Mahallesi No: 502 Konyaalt\u0131, Antalya.<\/span><\/li>\n<li><span><strong>\u00d6ffnungszeiten: <\/strong>t\u00e4glich von 10:00- 19:00 Uhr<\/span><\/li>\n<li><span><strong>\u00d6ffentlicher Verkehr: <\/strong>Buslinien<strong>&nbsp;<\/strong>KL08, KC71A, TK36, KC71, VC57, CV47 und AC03, Haltestelle &nbsp;&#8222;5M&#8220;<\/span><\/li>\n<li><span><strong>Webseite:&nbsp;<\/strong><a href=\"http:\/\/www.antalyaaquarium.com\/\" target=\"_blank\" rel=\"noopener\">AntalyaAquarium.com<\/a><a href=\"http:\/\/www.antalyaaquarium.com\" target=\"_blank\" rel=\"noopener\"><\/a><\/span><\/li>\n<\/ul>\n","protected":false},"excerpt":{"rendered":"<p>Das ist unser kompletter Guide zum Aquarium Antalya. Das Antalya Aquarium ist das zweitgr\u00f6\u00dfte Aquarium in Europa und das f\u00fcnftgr\u00f6\u00dfte der Welt. Hier k\u00f6nnt ihr alle m\u00f6glichen Unterwasserlebewesen bestaunen, einschlie\u00dflich Haie und Mur\u00e4nen. Auf dieser Seite findet ihr alle n\u00fctzlichen Informationen, die ihr vor eurem Besuch wissen solltet. Dazu z\u00e4hlen, Anfahrt, Eintritt und was euch [&hellip;]<\/p>\n","protected":false},"author":4,"featured_media":6082,"parent":117,"menu_order":0,"comment_status":"open","ping_status":"closed","template":"","meta":{"_acf_changed":false,"footnotes":""},"categories":[],"tags":[36,38],"class_list":["post-127","page","type-page","status-publish","has-post-thumbnail","hentry","tag-attraction","tag-museum","post-wrapper","thrv_wrapper"],"acf":[],"wp-worthy-pixel":{"ignored":false,"public":null,"server":null,"url":null},"wp-worthy-type":"normal","_links":{"self":[{"href":"https:\/\/antalyatouristinformation.com\/de\/wp-json\/wp\/v2\/pages\/127","targetHints":{"allow":["GET"]}}],"collection":[{"href":"https:\/\/antalyatouristinformation.com\/de\/wp-json\/wp\/v2\/pages"}],"about":[{"href":"https:\/\/antalyatouristinformation.com\/de\/wp-json\/wp\/v2\/types\/page"}],"author":[{"embeddable":true,"href":"https:\/\/antalyatouristinformation.com\/de\/wp-json\/wp\/v2\/users\/4"}],"replies":[{"embeddable":true,"href":"https:\/\/antalyatouristinformation.com\/de\/wp-json\/wp\/v2\/comments?post=127"}],"version-history":[{"count":10,"href":"https:\/\/antalyatouristinformation.com\/de\/wp-json\/wp\/v2\/pages\/127\/revisions"}],"predecessor-version":[{"id":14817,"href":"https:\/\/antalyatouristinformation.com\/de\/wp-json\/wp\/v2\/pages\/127\/revisions\/14817"}],"up":[{"embeddable":true,"href":"https:\/\/antalyatouristinformation.com\/de\/wp-json\/wp\/v2\/pages\/117"}],"wp:featuredmedia":[{"embeddable":true,"href":"https:\/\/antalyatouristinformation.com\/de\/wp-json\/wp\/v2\/media\/6082"}],"wp:attachment":[{"href":"https:\/\/antalyatouristinformation.com\/de\/wp-json\/wp\/v2\/media?parent=127"}],"wp:term":[{"taxonomy":"category","embeddable":true,"href":"https:\/\/antalyatouristinformation.com\/de\/wp-json\/wp\/v2\/categories?post=127"},{"taxonomy":"post_tag","embeddable":true,"href":"https:\/\/antalyatouristinformation.com\/de\/wp-json\/wp\/v2\/tags?post=127"}],"curies":[{"name":"wp","href":"https:\/\/api.w.org\/{rel}","templated":true}]}}