{"id":129,"date":"2021-02-15T12:14:39","date_gmt":"2021-02-15T11:14:39","guid":{"rendered":"http:\/\/antalyatouristinformation.com\/clone4639485xzhehsskdjfhhdhebdkkekdeewsd4545gdfgm\/?page_id=129"},"modified":"2023-04-18T14:43:23","modified_gmt":"2023-04-18T12:43:23","slug":"perge","status":"publish","type":"page","link":"https:\/\/antalyatouristinformation.com\/de\/sehenswurdigkeiten\/geschichte\/perge\/","title":{"rendered":"Perge bei Antalya: Geschichte und Tipps"},"content":{"rendered":"<p>Das ist der komplette Guide zur antiken Stadt Perge.<\/p>\n<p>Perge ist eine der \u00e4ltesten antiken St\u00e4dte in der T\u00fcrkei. Einst war Perge die Hauptstadt der Region Pamphylia und eine der reichsten St\u00e4dte in der Antike. Ihre Geschichte reicht 3000 Jahre zur\u00fcck.<\/p>\n<p>Hier lest ihr alle wichtigen Informationen, die ihr vor dem Besuch der antiken St\u00e4tte wissen solltet.<\/p>\n<p>Dazu geh\u00f6ren Sehensw\u00fcrdigkeiten, Tipps und h\u00e4ufige Fragen, Eintritt und Anfahrt sowie die Geschichte von Perge.<\/p>\n<p>Los geht\u2019s!<\/p>\n<p><span><img decoding=\"async\" alt=\"Theatre at Perge Ancient City in Antalya in Turkey\" data-id=\"470\" width=\"702\" data-init-width=\"1000\" height=\"470\" data-init-height=\"670\" title=\"Theatre at Perge Ancient City in Antalya in Turkey\" loading=\"lazy\" src=\"https:\/\/antalyatouristinformation.com\/de\/wp-content\/uploads\/sites\/10\/2021\/02\/theatre-in-perge-antalya-in-turkey.jpg\" data-width=\"702\" data-height=\"470\" data-pinpro-key=\"jrlw85w6o\" data-pin-media=\"https:\/\/antalyatouristinformation.com\/de\/wp-content\/uploads\/sites\/10\/2021\/06\/Antalya-Pinterest-4-6.jpg\" data-pin-description=\"Guide Perge Ancient City, Antalya | Antalya Tourist Information\" data-pin-url=\"https:\/\/antalyatouristinformation.com\/de\/sehenswurdigkeiten\/geschichte\/perge\/?tve=true&amp;tcbf=d3233f18a0\"><\/span><\/p>\n<h2 id=\"t-1619535350185\" data-alt-text=\"Was kann ich dort machen?\">Was kann ich in Perge machen?<\/h2>\n<p>Die antike Stadt Perge war eine der am besten organisierten r\u00f6mischen St\u00e4dte. Hier findet ihr \u00dcberreste von B\u00e4dern, vier Brunnen, S\u00e4ulenstra\u00dfen, einer Agora, zwei Basiliken, hellenistischen T\u00fcrmen, Pal\u00e4sten, eines Theaters, eines Stadions sowie eines Tempels, der der G\u00f6ttin Athene geweiht war. Ihr k\u00f6nnt auch die Ruinen der Festungsmauern erkennen, die die Stadt einst umgaben.<\/p>\n<p>Perge ist sowohl f\u00fcr seine Architektur als auch f\u00fcr seine kunstvollen Marmorskulpturen ber\u00fchmt.<\/p>\n<p>Die Stadt war die Heimatstadt von mehreren Wissenschaftlern und Philosophen. Der ber\u00fchmteste unter ihnen war Apollonius, ein meisterhafter Mathematiker und Astronom der Antike.<\/p>\n<p><span><img decoding=\"async\" alt=\"Perge Ancient Site in Antalya in Turkey\" data-id=\"479\" width=\"702\" data-init-width=\"1000\" height=\"470\" data-init-height=\"670\" title=\"Perge Ancient Site in Antalya in Turkey\" loading=\"lazy\" src=\"https:\/\/antalyatouristinformation.com\/de\/wp-content\/uploads\/sites\/10\/2021\/02\/perge-ancient-site-in-antalya-in-turkey.jpg\" data-width=\"702\" data-height=\"470\" data-pinpro-key=\"ichgmsz9z\" data-pin-media=\"https:\/\/antalyatouristinformation.com\/de\/wp-content\/uploads\/sites\/10\/2021\/06\/Antalya-Pinterest-4-6.jpg\" data-pin-description=\"Guide Perge Ancient City, Antalya | Antalya Tourist Information\" data-pin-url=\"https:\/\/antalyatouristinformation.com\/de\/sehenswurdigkeiten\/geschichte\/perge\/?tve=true&amp;tcbf=d3233f18a0\"><\/span><\/p>\n<h3>Theater<\/h3>\n<p>Gleich am Eingang seht ihr das im griechisch-r\u00f6mischen Stil gebaute Theater. Es ist an den Berg gebaut und scheint sich an den H\u00fcgel anzulehnen. Damals bot es Platz f\u00fcr bis zu 15.000 Zuschauer. Die Fassade des Theaters hatte f\u00fcnf Tore und war reich verziert. Die B\u00fchne war mit Marmorreliefs geschm\u00fcckt. Einige davon sind heute im <a href=\"https:\/\/antalyatouristinformation.com\/de\/sehenswurdigkeiten\/museum\/antalya-archaologisch\/\">Arch\u00e4ologischen Museum von Antalya<\/a> ausgestellt.<\/p>\n<h2 id=\"t-1625333090816\">Stadion<\/h2>\n<p>Das Stadion von Perge ist eines der besterhaltenen Stadien der Antike. Es ist 234 Meter lang und 54 Meter breit. Die 17 gut erhaltenen Sitzreihen des Stadions liegen auf insgesamt 50 nach au\u00dfen offenen Gew\u00f6lben. Jedes dritte Gew\u00f6lbe war gleichzeitig ein Eingang zu dem Stadion, in den anderen waren Gesch\u00e4fte. Es hatte Platz f\u00fcr 12.000 Zuschauer.<\/p>\n<h2 id=\"t-1625333090817\">Brunnen<\/h2>\n<p>In der N\u00e4he des Eingangs seht ihr einen monumentalen Brunnen. Er wurde als Nymph\u00e4um erbaut und ist Kaiser Septimius Severus gewidmet. Ein Nymph\u00e4um war eine Brunnenanlage, die den Nymphen geweiht war. Einige Statuen und Skulpturen des Nymph\u00e4ums sind im Antalya-Museum ausgestellt.<\/p>\n<h2 id=\"t-1625333090818\">Stadtmauer und T\u00fcrme<\/h2>\n<p>Die Stadtmauern stammen aus der hellenistischen und r\u00f6mischen Zeit. Am Eingang der Anlage seht ihr zwei gut erhaltenen T\u00fcrme.<\/p>\n<h2 id=\"t-1625333090819\">Thermalb\u00e4der<\/h2>\n<p>Die Thermalb\u00e4der wurden im 2. Jahrhundert gebaut. Sie hatten verschiedene R\u00e4ume, die mit Statuen geschm\u00fcckt waren. Der Hof war von S\u00e4ulen und Reliefs ges\u00e4umt. Noch heute k\u00f6nnt ihr das Heizsystem unter dem Boden sehen.<\/p>\n<h2 id=\"t-1625333090820\">Agora<\/h2>\n<p>Die Agora war das kommerzielle und politische Zentrum der Stadt. Rund um den zentralen Hof gab es Gesch\u00e4fte. Der Bodenbelag einiger Gesch\u00e4fte war mit Mosaiken bedeckt.<\/p>\n<p><span><img decoding=\"async\" alt=\"Monumental Fountain Nymphaeum at Perge Ancient Site in Antalya in Turkey\" data-id=\"477\" width=\"702\" data-init-width=\"1000\" height=\"470\" data-init-height=\"670\" title=\"Monumental Fountain Nymphaeum at Perge Ancient Site in Antalya in Turkey\" loading=\"lazy\" src=\"https:\/\/antalyatouristinformation.com\/de\/wp-content\/uploads\/sites\/10\/2021\/02\/perge-antalya-in-turkey.jpg\" data-width=\"702\" data-height=\"470\" data-pinpro-key=\"7ovjrfmac\" data-pin-media=\"https:\/\/antalyatouristinformation.com\/de\/wp-content\/uploads\/sites\/10\/2021\/06\/Antalya-Pinterest-4-6.jpg\" data-pin-description=\"Guide Perge Ancient City, Antalya | Antalya Tourist Information\" data-pin-url=\"https:\/\/antalyatouristinformation.com\/de\/sehenswurdigkeiten\/geschichte\/perge\/?tve=true&amp;tcbf=d3233f18a0\"><\/span><\/p>\n<h2 id=\"t-1625333090821\" data-alt-text=\"Brunnen\">Monumentalbrunnen &#8211; Nymph\u00e4um<\/h2>\n<p>Am Ende der S\u00e4ulenstra\u00dfe seht ihr einen weiteren kolossalen Brunnen, der Kaiser Hadrian gewidmet ist. In der Mitte k\u00f6nnt ihr eine Statue des Flu\u00dfgottes Kaystros bewundern. Der Gott ist in liegender Position dargestellt.<\/p>\n<h2 id=\"t-1619535350186\" data-alt-text=\"Eintritt, Tickets und Touren\">Eintritt, Tickets und Touren<\/h2>\n<p>Falls ihr den Museumspass Akdeniz habt, k\u00f6nnt ihr Perge umsonst besichtigen.<\/p>\n<ul>\n<li><span><strong>Eintritt:&nbsp;<\/strong>Perge ist in den Sommermonaten April bis Oktober t\u00e4glich von 09:00 bis 19:00 Uhr und in den Wintermonaten Oktober bis M\u00e4rz von 08:00 bis 17:00 Uhr ge\u00f6ffnet.<\/span><\/li>\n<li><span><strong>Museumspass Akdeniz:<\/strong> Hier k\u00f6nnt ihr den Museumspass Akdeniz kaufen.<\/span><\/li>\n<li><span><strong>Tickets:<\/strong> Hier k\u00f6nnt ihr Eintrittstickets f\u00fcr Perge kaufen.<\/span><\/li>\n<\/ul>\n<ul>\n<li><span><strong>Tipp:<\/strong> Falls ihr Tickets f\u00fcr Vergn\u00fcgungsparks, Museen und Touren f\u00fcr eure Antalya-Reise vorab buchen m\u00f6chtet, solltet ihr unbedingt einen Blick auf die Angebote in unserem offiziellen Shop werfen.<\/span><\/li>\n<\/ul>\n<p><span><img decoding=\"async\" alt=\"Aerial View of Road to Perge Ancient Site in Antalya in Turkey\" data-id=\"473\" width=\"702\" data-init-width=\"1000\" height=\"470\" data-init-height=\"670\" title=\"Aerial View of Road to Perge Ancient Site in Antalya in Turkey\" loading=\"lazy\" src=\"https:\/\/antalyatouristinformation.com\/de\/wp-content\/uploads\/sites\/10\/2021\/02\/road-to-perge-in-antalya-in-turkey.jpg\" data-width=\"702\" data-height=\"470\" data-pinpro-key=\"snyhxwu96\" data-pin-media=\"https:\/\/antalyatouristinformation.com\/de\/wp-content\/uploads\/sites\/10\/2021\/06\/Antalya-Pinterest-4-6.jpg\" data-pin-description=\"Guide Perge Ancient City, Antalya | Antalya Tourist Information\" data-pin-url=\"https:\/\/antalyatouristinformation.com\/de\/sehenswurdigkeiten\/geschichte\/perge\/?tve=true&amp;tcbf=d3233f18a0\"><\/span><\/p>\n<h2 id=\"t-1625333090822\" data-alt-text=\"Anfahrt\">Wie komme ich von Antalya nach Perge?<\/h2>\n<p>Perge liegt 17 Kilometer vom Zentrum Antalyas entfernt. Es gibt zwei M\u00f6glichkeiten, wie ihr nach Perge kommen k\u00f6nnt:<\/p>\n<p><b>Bus:<\/b> Steigt im Zentrum von Antalya in die Buslinie AC03, die nach Aksu f\u00e4hrt. Die Fahrt nach dauert etwa eine Stunde.<\/p>\n<p><b>Auto<\/b>: Von Aksu aus folgt ihr den Schildern \u201cPerge\u201d. Ihr fahrt etwa 2 Kilometer die Stra\u00dfe entlang, die an der Gendarmerie vorbeif\u00fchrt. Es dauert etwa 20 Minuten, um mit dem Auto von Aksu nach Perge zu kommen.<\/p>\n<p>Falls ihr ein Auto mieten m\u00f6chtet, findet ihr in unserm Guide Tipps zur <a href=\"https:\/\/antalyatouristinformation.com\/de\/plan\/mietwagen\/\">Autovermietung in Antalya<\/a>.<\/p>\n<p><span><img decoding=\"async\" alt=\"Perge Ancient Site in Antalya in Turkey\" data-id=\"475\" width=\"702\" data-init-width=\"1000\" height=\"470\" data-init-height=\"670\" title=\"Perge Ancient Site in Antalya in Turkey\" loading=\"lazy\" src=\"https:\/\/antalyatouristinformation.com\/de\/wp-content\/uploads\/sites\/10\/2021\/02\/ruins-in-perge-site-in-antalya-in-turkey.jpg\" data-width=\"702\" data-height=\"470\" data-pinpro-key=\"oe7myxghf\" data-pin-media=\"https:\/\/antalyatouristinformation.com\/de\/wp-content\/uploads\/sites\/10\/2021\/06\/Antalya-Pinterest-4-6.jpg\" data-pin-description=\"Guide Perge Ancient City, Antalya | Antalya Tourist Information\" data-pin-url=\"https:\/\/antalyatouristinformation.com\/de\/sehenswurdigkeiten\/geschichte\/perge\/?tve=true&amp;tcbf=d3233f18a0\"><\/span><\/p>\n<h2 id=\"t-1619535350188\" data-alt-text=\"FAQ\">FAQ&nbsp;<\/h2>\n<p><span><img decoding=\"async\" alt=\"Agora Ruins at Perge Ancient Site in Antalya in Turkey\" data-id=\"472\" width=\"702\" data-init-width=\"1000\" height=\"470\" data-init-height=\"670\" title=\"Agora Ruins at Perge Ancient Site in Antalya in Turkey\" loading=\"lazy\" src=\"https:\/\/antalyatouristinformation.com\/de\/wp-content\/uploads\/sites\/10\/2021\/02\/ruins-agora-perge-in-antalya-in-turkey.jpg\" data-width=\"702\" data-height=\"470\" data-pinpro-key=\"xtsm7aoy6\" data-pin-media=\"https:\/\/antalyatouristinformation.com\/de\/wp-content\/uploads\/sites\/10\/2021\/06\/Antalya-Pinterest-4-6.jpg\" data-pin-description=\"Guide Perge Ancient City, Antalya | Antalya Tourist Information\" data-pin-url=\"https:\/\/antalyatouristinformation.com\/de\/sehenswurdigkeiten\/geschichte\/perge\/?tve=true&amp;tcbf=d3233f18a0\"><\/span><\/p>\n<h2 id=\"t-1619535350189\" data-alt-text=\"Geschichte\">Die Geschichte von Perge<\/h2>\n<p>Perge wurde bis 333 vor unserer Zeitrechnung von persischen Ach\u00e4meniden regiert. Alexander der Gro\u00dfe nahm die Stadt im Jahr 334 vor unserer Zeitrechnung kampflos ein. Seine erste Bl\u00fctezeit erlebte Perge w\u00e4hrend der hellenistischen Periode. Aus dieser Zeit stammen viele der \u00dcberreste, wie zum Beispiel die Stadtmauern und die beiden T\u00fcrme der Stadt. Nach dem Tod von Alexander dem Gro\u00dfen stand die Stadt eine Zeit lang unter der Herrschaft seines Feldherrn Antigonos und wurde dann vom K\u00f6nigreich Seleukos regiert.<\/p>\n<p>Das goldene Zeitalter von Perge war unter der Herrschaft des R\u00f6mischen Reiches. Die Stadt bl\u00fchte auf und wurde zu einer der reichsten St\u00e4dte der Region Pamphylien.<\/p>\n<p>Perge ist auch f\u00fcr das Christentum ein sehr wichtiger Ort. Der Apostel Paulus sowie die Evangelisten Markus und Barnabas besuchten die Stadt und predigten hier das Christentum. Bis zum 13. Jahrhundert galt Perge als die Metropole der Region Pamphylien.<\/p>\n<p>Die arch\u00e4ologischen Ausgrabungen in Perge begannen erstmals im Jahr 1946 und dauern bis heute an. Einige Artefakte sind vor Ort ausgestellt, w\u00e4hrend ihr andere im Arch\u00e4ologischen Museum von Antalya bewundern k\u00f6nnt.<\/p>\n<p>Seit dem Jahr 2009 steht Perge auf der Vorschlagsliste zum UNESCO-Weltkulturerbe.<\/p>\n<p>Mehr Informationen \u00fcber Sehensw\u00fcrdigkeiten in Antalya findet ihr in unserem Guide \u00fcber <a href=\"https:\/\/antalyatouristinformation.com\/de\/sehenswurdigkeiten\/geschichte\/\">antike Ruinen in Antalya.<\/a><\/p>\n<h2 id=\"t-1619535350190\" data-alt-text=\"Kontakt\">Kontakt<\/h2>\n<ul>\n<li><span><strong>Adresse:&nbsp;<\/strong>Barbaros Mahallesi, Perge Caddesi- Antalya<\/span><\/li>\n<li><span><strong>\u00d6ffnungszeiten:&nbsp;<\/strong>von April bis Oktober t\u00e4glich von 09:00 bis 19:00 Uhr, von Oktober bis M\u00e4rz von 08:00 bis 17:00 Uhr.&nbsp;<\/span><\/li>\n<li><span><strong>\u00d6ffentlicher Verkehr:&nbsp;<\/strong>Bus nach &#8222;Aksu&#8220;<\/span><\/li>\n<\/ul>\n","protected":false},"excerpt":{"rendered":"<p>Das ist der komplette Guide zur antiken Stadt Perge. Perge ist eine der \u00e4ltesten antiken St\u00e4dte in der T\u00fcrkei. Einst war Perge die Hauptstadt der Region Pamphylia und eine der reichsten St\u00e4dte in der Antike. Ihre Geschichte reicht 3000 Jahre zur\u00fcck. Hier lest ihr alle wichtigen Informationen, die ihr vor dem Besuch der antiken St\u00e4tte [&hellip;]<\/p>\n","protected":false},"author":4,"featured_media":468,"parent":119,"menu_order":0,"comment_status":"open","ping_status":"closed","template":"","meta":{"_acf_changed":false,"footnotes":""},"categories":[],"tags":[43,42],"class_list":["post-129","page","type-page","status-publish","has-post-thumbnail","hentry","tag-antiquity","tag-history","post-wrapper","thrv_wrapper"],"acf":[],"wp-worthy-pixel":{"ignored":false,"public":null,"server":null,"url":null},"wp-worthy-type":"normal","_links":{"self":[{"href":"https:\/\/antalyatouristinformation.com\/de\/wp-json\/wp\/v2\/pages\/129","targetHints":{"allow":["GET"]}}],"collection":[{"href":"https:\/\/antalyatouristinformation.com\/de\/wp-json\/wp\/v2\/pages"}],"about":[{"href":"https:\/\/antalyatouristinformation.com\/de\/wp-json\/wp\/v2\/types\/page"}],"author":[{"embeddable":true,"href":"https:\/\/antalyatouristinformation.com\/de\/wp-json\/wp\/v2\/users\/4"}],"replies":[{"embeddable":true,"href":"https:\/\/antalyatouristinformation.com\/de\/wp-json\/wp\/v2\/comments?post=129"}],"version-history":[{"count":10,"href":"https:\/\/antalyatouristinformation.com\/de\/wp-json\/wp\/v2\/pages\/129\/revisions"}],"predecessor-version":[{"id":14928,"href":"https:\/\/antalyatouristinformation.com\/de\/wp-json\/wp\/v2\/pages\/129\/revisions\/14928"}],"up":[{"embeddable":true,"href":"https:\/\/antalyatouristinformation.com\/de\/wp-json\/wp\/v2\/pages\/119"}],"wp:featuredmedia":[{"embeddable":true,"href":"https:\/\/antalyatouristinformation.com\/de\/wp-json\/wp\/v2\/media\/468"}],"wp:attachment":[{"href":"https:\/\/antalyatouristinformation.com\/de\/wp-json\/wp\/v2\/media?parent=129"}],"wp:term":[{"taxonomy":"category","embeddable":true,"href":"https:\/\/antalyatouristinformation.com\/de\/wp-json\/wp\/v2\/categories?post=129"},{"taxonomy":"post_tag","embeddable":true,"href":"https:\/\/antalyatouristinformation.com\/de\/wp-json\/wp\/v2\/tags?post=129"}],"curies":[{"name":"wp","href":"https:\/\/api.w.org\/{rel}","templated":true}]}}