{"id":131,"date":"2021-02-15T12:15:08","date_gmt":"2021-02-15T11:15:08","guid":{"rendered":"http:\/\/antalyatouristinformation.com\/clone4639485xzhehsskdjfhhdhebdkkekdeewsd4545gdfgm\/?page_id=131"},"modified":"2024-01-18T17:23:10","modified_gmt":"2024-01-18T16:23:10","slug":"sandland","status":"publish","type":"page","link":"https:\/\/antalyatouristinformation.com\/de\/sehenswurdigkeiten\/attraktionen\/sandland\/","title":{"rendered":"Sandland: Sandskulpturen in Antalya"},"content":{"rendered":"<p>Das ist unser kompletter Guide zum Sandland in Antalya.<\/p>\n<p>Habt ihr jemals ein Museum f\u00fcr Sandskulpturen gesehen? Das Freilichtmuseum Sandland Antalya gibt euch die M\u00f6glichkeit, diese au\u00dfergew\u00f6hnliche Erfahrung zu machen. Hier treffen Kunst, Kreativit\u00e4t und Spa\u00df zusammen.<\/p>\n<p>Es ist eines der gr\u00f6\u00dften Sandskulpturen-Events der Welt, gemessen an der Gr\u00f6\u00dfe des Areals, der Anzahl der teilnehmenden K\u00fcnstler und der Menge des verwendeten Sandes.<\/p>\n<p>Hier findet ihr alle wichtigen Informationen, die ihr vor eurem Besuch kennen solltet. Dazu z\u00e4hlen Eintritt, Anfahrt sowie die Geschichte des Sandland.<\/p>\n<p><span><img decoding=\"async\" alt=\"\" data-id=\"535\" width=\"702\" data-init-width=\"1000\" height=\"471\" data-init-height=\"670\" title=\"Sand land in Antalya in Turkey\" loading=\"lazy\" src=\"\/\/antalyatouristinformation.com\/de\/wp-content\/uploads\/sites\/10\/2021\/02\/Sand-land-in-Antalya-in-Turkey.jpg\" data-width=\"702\" data-height=\"471\" data-pin-media=\"https:\/\/antalyatouristinformation.com\/de\/wp-content\/uploads\/sites\/10\/2021\/06\/prag_50_sehenswuerdigkeiten_pinterest-17.jpg\" data-pin-description=\"Sand Sculpture Park in Antalya | Antalya Tourist Information\" data-pin-url=\"https:\/\/antalyatouristinformation.com\/de\/sehenswurdigkeiten\/attraktionen\/sandland\/?tve=true&amp;tcbf=d3233f18a0\" data-pinpro-key=\"sxbbyq9zr\"><\/span><\/p>\n<h2 id=\"t-1625337888851\" data-alt-text=\"Was kann ich  dort machen?\">Was kann ich im Sandland machen?<\/h2>\n<p>Das Sandland erstreckt sich auf eine Fl\u00e4che von etwa 10.000 Quadratmetern am Lara-Strand von Antalya. Ihr k\u00f6nnt hier hunderte von Sandskulpturen sehen, die in etwa 50 Unterthemen untergliedert sind. Jedes Jahr steht Sandland unter einem anderen Motto.<\/p>\n<p>Mythologische Figuren aus der ganzen Welt sowie ber\u00fchmte Sehensw\u00fcrdigkeiten findet ihr jedoch jedes Jahr. Dazu z\u00e4hlen unter anderem griechische und \u00e4gyptische Sagengestalten, die 7 Weltwunder, der Eiffelturm, das Kolosseum und viele mehr.<\/p>\n<p>Kinder k\u00f6nnen in einem separaten Bereich mit kinetischem Sand spielen. Verschiedene kreativit\u00e4tsf\u00f6rdernde Aktivit\u00e4ten werden angeboten.<\/p>\n<p>Ihr k\u00f6nnt den Herstellungsprozess der Werke beobachten und dazugeh\u00f6rige Videos der K\u00fcnstler sehen.<\/p>\n<p>Abends werden die riesigen Skulpturen mit LED-Leuchten bestrahlt, dazu spielt mystische Musik. Das vermittelt ein besonderes Flair.<\/p>\n<p><span><img decoding=\"async\" alt=\"Sandland in Antalya in Turkey\" data-id=\"537\" width=\"702\" data-init-width=\"1000\" height=\"470\" data-init-height=\"670\" title=\"Sandland in Antalya in Turkey\" loading=\"lazy\" src=\"https:\/\/antalyatouristinformation.com\/de\/wp-content\/uploads\/sites\/10\/2021\/02\/sandland-characters-in-Antalya-in-Turkey.jpg\" data-width=\"702\" data-height=\"470\" data-pin-media=\"https:\/\/antalyatouristinformation.com\/de\/wp-content\/uploads\/sites\/10\/2021\/06\/prag_50_sehenswuerdigkeiten_pinterest-17.jpg\" data-pin-description=\"Sand Sculpture Park in Antalya | Antalya Tourist Information\" data-pin-url=\"https:\/\/antalyatouristinformation.com\/de\/sehenswurdigkeiten\/attraktionen\/sandland\/?tve=true&amp;tcbf=d3233f18a0\" data-pinpro-key=\"19ducgh84\"><\/span><\/p>\n<h2 id=\"t-1620197319090\">Eintritt, Tickets und Touren<\/h2>\n<p>Das Sandland ist das ganze Jahr \u00fcber ge\u00f6ffnet. In den Monaten Mai bis Oktober t\u00e4glich von 9:00 bis 22:00 Uhr und von November bis April t\u00e4glich von 9:00 bis 19:00 Uhr.<\/p>\n<ul>\n<li><span><strong>Eintritt:<\/strong> Falls ihr den Museumspass Akdeniz habt, bekommt ihr 25 % Erm\u00e4\u00dfigung auf die Tickets. &nbsp;<\/span><\/li>\n<li><span>Kinder unter 3 Jahren ben\u00f6tigen keine Tickets und Kinder zwischen 3 und 12 Jahren erhalten Erm\u00e4\u00dfigung.<\/span><\/li>\n<li><span><strong>Tickets :<\/strong> Ihr k\u00f6nnt euer Ticket f\u00fcr Sandland in unserem Shop kaufen.<\/span><\/li>\n<\/ul>\n<ul>\n<li><span><strong>Tipp:<\/strong> Falls ihr Tickets f\u00fcr Vergn\u00fcgungsparks, Museen und Touren f\u00fcr eure Antalya-Reise vorab buchen m\u00f6chtet, solltet ihr unbedingt einen Blick auf die Angebote in unserem offiziellen Shop werfen.<\/span><\/li>\n<\/ul>\n<p><span><img decoding=\"async\" alt=\"sandland Antalya in Turkey\" data-id=\"539\" width=\"702\" data-init-width=\"1000\" height=\"470\" data-init-height=\"670\" title=\"sandland Antalya in Turkey\" loading=\"lazy\" src=\"https:\/\/antalyatouristinformation.com\/de\/wp-content\/uploads\/sites\/10\/2021\/02\/sandland-antalya-in-turkey.jpg\" data-width=\"702\" data-height=\"470\" data-pin-media=\"https:\/\/antalyatouristinformation.com\/de\/wp-content\/uploads\/sites\/10\/2021\/06\/prag_50_sehenswuerdigkeiten_pinterest-17.jpg\" data-pin-description=\"Sand Sculpture Park in Antalya | Antalya Tourist Information\" data-pin-url=\"https:\/\/antalyatouristinformation.com\/de\/sehenswurdigkeiten\/attraktionen\/sandland\/?tve=true&amp;tcbf=d3233f18a0\" data-pinpro-key=\"web7notyw\"><\/span><\/p>\n<h2 id=\"t-1625337888852\" data-alt-text=\"Anfahrt\">Wie komme ich zum Sandland?<\/h2>\n<p>Das Sandland liegt am Lara Beach im Stadtteil Muratpa\u015fa von Antalya etwa 18 Kilometer s\u00fcd\u00f6stlich des Stadtzentrums.<\/p>\n<p><b>Bus:<\/b> Die Buslinien KL08, LF10 und LF09 bringen euch zum Sandland, Haltestelle \u201cLara\u201d.<\/p>\n<p><b>Vom Flughafen Antalya:<\/b> Nehmt die Buslinie 800 und steigt bei der Haltestelle \u201eLara\u201c aus.<\/p>\n<p><b>Vom Busbahnhof:<\/b> Nehmt die Buslinie TC93 und steigt bei der Haltestelle \u201eLara\u201c aus.<\/p>\n<p><b>Von Kepez:<\/b> Falls ihr den Bus VF01, VF66 oder TCD49 nehmt, m\u00fcsst ihr bei der Haltestelle &#8222;100.Y\u0131l&#8220; aussteigen. Hier steigt ihr in die Buslinien KL08, LF10 oder LF08 um und steigt bei der Haltestelle \u201eLara\u201c aus.<\/p>\n<p><span><img decoding=\"async\" alt=\"sandland in Antalya  in Turkey\" data-id=\"541\" width=\"702\" data-init-width=\"1000\" height=\"470\" data-init-height=\"670\" title=\"sandland in Antalya  in Turkey\" loading=\"lazy\" src=\"https:\/\/antalyatouristinformation.com\/de\/wp-content\/uploads\/sites\/10\/2021\/02\/sand-land-Antalya-Turkey.jpg\" data-width=\"702\" data-height=\"470\" data-pin-media=\"https:\/\/antalyatouristinformation.com\/de\/wp-content\/uploads\/sites\/10\/2021\/06\/prag_50_sehenswuerdigkeiten_pinterest-17.jpg\" data-pin-description=\"Sand Sculpture Park in Antalya | Antalya Tourist Information\" data-pin-url=\"https:\/\/antalyatouristinformation.com\/de\/sehenswurdigkeiten\/attraktionen\/sandland\/?tve=true&amp;tcbf=d3233f18a0\" data-pinpro-key=\"h04ww7qos\"><\/span><\/p>\n<h2 id=\"t-1620197319092\" data-alt-text=\"FAQ\">FAQ&nbsp;<\/h2>\n<p><span><img decoding=\"async\" alt=\"Sand land in Antalya in Turkey\" data-id=\"534\" width=\"702\" data-init-width=\"1000\" height=\"470\" data-init-height=\"670\" title=\"Sand land in Antalya in Turkey\" loading=\"lazy\" src=\"https:\/\/antalyatouristinformation.com\/de\/wp-content\/uploads\/sites\/10\/2021\/02\/Sand-land-in-Antalya.jpg\" data-width=\"702\" data-height=\"470\" data-pin-media=\"https:\/\/antalyatouristinformation.com\/de\/wp-content\/uploads\/sites\/10\/2021\/06\/prag_50_sehenswuerdigkeiten_pinterest-17.jpg\" data-pin-description=\"Sand Sculpture Park in Antalya | Antalya Tourist Information\" data-pin-url=\"https:\/\/antalyatouristinformation.com\/de\/sehenswurdigkeiten\/attraktionen\/sandland\/?tve=true&amp;tcbf=d3233f18a0\" data-pinpro-key=\"qnkv9sslf\"><\/span><\/p>\n<h2 id=\"t-1620197319093\" data-alt-text=\"Geschichte \">Geschichte vom Sandland<\/h2>\n<p>Die Kunst der Sandskulptur ist eine spezielle tempor\u00e4re Art der Kunst, die sich in letzter Zeit in der Welt verbreitet hat. Nach einer kurzen Ausstellungszeit werden die Werke vollst\u00e4ndig zerst\u00f6rt.<\/p>\n<p>Die Philosophie dahinter sagt, dass &#8222;nichts dauerhaft ist und alles eines Tages verschwinden wird&#8220;.<\/p>\n<p>Das Sandskulpturen-Kunstfestival ist inzwischen eine traditionelle Kunstveranstaltung in Antalya, die sich zunehmend wachsendem Interesse erfreut. Die Veranstaltung steht jedes Jahr unter einem anderen Thema.<\/p>\n<h2 id=\"t-1620197319094\" data-alt-text=\"Kontakt\">Kontakt:<\/h2>\n<ul>\n<li><span><strong>Adresse :&nbsp;<\/strong>G\u00fczeloba Mahallesi Lara Caddesi Lara Birlik Halk Plaj\u0131 Muratpa\u015fa \/ Antalya<\/span><\/li>\n<li><span><strong>\u00d6ffentlicher Verkehr:&nbsp;<\/strong>Buslinien KL08, LF10, LF09, Haltestelle &#8222;Lara\u201d<\/span><\/li>\n<li><span><strong>Webseite: <\/strong>\u200b<a href=\"http:\/\/www.sandlandantalya.com\" target=\"_blank\" rel=\"noopener\">SandlandAntalya.com<\/a><\/span><\/li>\n<\/ul>\n","protected":false},"excerpt":{"rendered":"<p>Das ist unser kompletter Guide zum Sandland in Antalya. Habt ihr jemals ein Museum f\u00fcr Sandskulpturen gesehen? Das Freilichtmuseum Sandland Antalya gibt euch die M\u00f6glichkeit, diese au\u00dfergew\u00f6hnliche Erfahrung zu machen. Hier treffen Kunst, Kreativit\u00e4t und Spa\u00df zusammen. Es ist eines der gr\u00f6\u00dften Sandskulpturen-Events der Welt, gemessen an der Gr\u00f6\u00dfe des Areals, der Anzahl der teilnehmenden [&hellip;]<\/p>\n","protected":false},"author":5,"featured_media":532,"parent":117,"menu_order":0,"comment_status":"open","ping_status":"closed","template":"","meta":{"_acf_changed":false,"footnotes":""},"categories":[],"tags":[36,38],"class_list":["post-131","page","type-page","status-publish","has-post-thumbnail","hentry","tag-attraction","tag-museum","post-wrapper","thrv_wrapper"],"acf":[],"wp-worthy-pixel":{"ignored":false,"public":"e3f39fcb1252453c884935022ac81f59","server":"vg01.met.vgwort.de","url":"https:\/\/vg01.met.vgwort.de\/na\/e3f39fcb1252453c884935022ac81f59"},"wp-worthy-type":"normal","_links":{"self":[{"href":"https:\/\/antalyatouristinformation.com\/de\/wp-json\/wp\/v2\/pages\/131","targetHints":{"allow":["GET"]}}],"collection":[{"href":"https:\/\/antalyatouristinformation.com\/de\/wp-json\/wp\/v2\/pages"}],"about":[{"href":"https:\/\/antalyatouristinformation.com\/de\/wp-json\/wp\/v2\/types\/page"}],"author":[{"embeddable":true,"href":"https:\/\/antalyatouristinformation.com\/de\/wp-json\/wp\/v2\/users\/5"}],"replies":[{"embeddable":true,"href":"https:\/\/antalyatouristinformation.com\/de\/wp-json\/wp\/v2\/comments?post=131"}],"version-history":[{"count":10,"href":"https:\/\/antalyatouristinformation.com\/de\/wp-json\/wp\/v2\/pages\/131\/revisions"}],"predecessor-version":[{"id":14834,"href":"https:\/\/antalyatouristinformation.com\/de\/wp-json\/wp\/v2\/pages\/131\/revisions\/14834"}],"up":[{"embeddable":true,"href":"https:\/\/antalyatouristinformation.com\/de\/wp-json\/wp\/v2\/pages\/117"}],"wp:featuredmedia":[{"embeddable":true,"href":"https:\/\/antalyatouristinformation.com\/de\/wp-json\/wp\/v2\/media\/532"}],"wp:attachment":[{"href":"https:\/\/antalyatouristinformation.com\/de\/wp-json\/wp\/v2\/media?parent=131"}],"wp:term":[{"taxonomy":"category","embeddable":true,"href":"https:\/\/antalyatouristinformation.com\/de\/wp-json\/wp\/v2\/categories?post=131"},{"taxonomy":"post_tag","embeddable":true,"href":"https:\/\/antalyatouristinformation.com\/de\/wp-json\/wp\/v2\/tags?post=131"}],"curies":[{"name":"wp","href":"https:\/\/api.w.org\/{rel}","templated":true}]}}