{"id":133,"date":"2021-02-15T12:15:40","date_gmt":"2021-02-15T11:15:40","guid":{"rendered":"http:\/\/antalyatouristinformation.com\/clone4639485xzhehsskdjfhhdhebdkkekdeewsd4545gdfgm\/?page_id=133"},"modified":"2023-04-27T13:01:00","modified_gmt":"2023-04-27T11:01:00","slug":"karain","status":"publish","type":"page","link":"https:\/\/antalyatouristinformation.com\/de\/sehenswurdigkeiten\/hohle\/karain\/","title":{"rendered":"Karain H\u00f6hle in Antalya: Geschichte und Tipps"},"content":{"rendered":"<h3>Das ist der komplette Guide zur Karain-H\u00f6hle in Antalya.<\/h3>\n<p>Wollt ihr die H\u00f6hle sehen, in der die ersten Bewohner Anatoliens lebten?<\/p>\n<p>Die Karain-H\u00f6hle ist die \u00e4lteste menschliche Behausung in Anatolien und die gr\u00f6\u00dfte H\u00f6hle in der T\u00fcrkei, die jemals bewohnt wurde.<\/p>\n<p>Sie liegt eine Autostunde von Antalya entfernt.<\/p>\n<p>Hier sind ihr alle wichtigen Informationen, die ihr vor dem Besuch der H\u00f6hle wissen solltet. Dazu geh\u00f6ren Tipps, Eintritt, Anfahrt sowie die Geschichte der Karain H\u00f6hle.<\/p>\n<p><span><img decoding=\"async\" alt=\"\" data-id=\"383\" width=\"702\" data-init-width=\"1000\" height=\"471\" data-init-height=\"670\" title=\"karain cave in antalya turkey\" loading=\"lazy\" src=\"\/\/antalyatouristinformation.com\/de\/wp-content\/uploads\/sites\/10\/2021\/02\/karain-cave-in-antalya-turkey.jpg\" data-width=\"702\" data-height=\"471\" data-pinpro-key=\"x5ms3v7gg\" data-pin-media=\"https:\/\/antalyatouristinformation.com\/de\/wp-content\/uploads\/sites\/10\/2021\/06\/prag_50_sehenswuerdigkeiten_pinterest-8-5.jpg\" data-pin-description=\"Guide to Karain Cave in Antalya | Antalya Tourist Information\" data-pin-url=\"https:\/\/antalyatouristinformation.com\/de\/sehenswurdigkeiten\/hohle\/karain\/?tve=true&amp;tcbf=cab12c64ac\"><\/span><\/p>\n<h2 id=\"t-1625488643363\" data-alt-text=\"Was kann ich dort machen?\">Was kann ich in der Karain-H\u00f6hle machen?<\/h2>\n<p>Experten errechneten, dass die Karain-H\u00f6hle <strong>500.000 Jahre alt<\/strong> ist und <strong>von der Altsteinzeit bis zur Eisenzeit bewohnt war<\/strong>. Aus den alten Inschriften an den W\u00e4nden und anderen Funden geht hervor, dass sie w\u00e4hrend der hellenistischen und r\u00f6mischen Periode als religi\u00f6ses Zentrum genutzt wurde.<\/p>\n<p>H\u00f6hlen waren schon immer ein Unterschlupf f\u00fcr den Menschen, wo er Schutz suchte.<\/p>\n<p>Die Karain-H\u00f6hle ist sehr wichtig, weil sie Aufschluss dar\u00fcber geben kann, wie die ersten Menschen von Afrika nach Anatolien kamen. Das ist f\u00fcr die <strong>Erforschung der menschlichen Zivilisation<\/strong> sehr bedeutend.<\/p>\n<p>In der H\u00f6hle erwarten euch <strong>drei gro\u00dfe Kammern<\/strong>, die durch Kalzitw\u00e4nde, Stalagmiten und Stalaktiten getrennt und durch enge G\u00e4nge verbunden sind.<\/p>\n<h2 id=\"t-1625488643364\">Spuren der Neandertaler<\/h2>\n<p>Die Altsteinzeit hat drei Phasen: das Altpal\u00e4olithikum, das Mittelpal\u00e4olithikum und das Jungpal\u00e4olithikum. Neandertaler lebten in der Mittelpal\u00e4olithischen Periode.<\/p>\n<p>In der Karain H\u00f6hle wurden die Z\u00e4hne und Sch\u00e4del von Neandertalern gefunden. Ihr k\u00f6nnt in der H\u00f6hle Zeichnungen und Werkzeuge, sowie menschliche und tierische Knochen aus jeder Phase der Altsteinzeit sehen.<\/p>\n<p>In der H\u00f6hle fand man auch versteinerte Knochen von Tieren wie Schweinen, Pferden, Ziegen, Hirschen sowie anderen gro\u00dfen Tieren wie Elefanten, L\u00f6wen, Pantern, Flusspferden, Nash\u00f6rnern und Hy\u00e4nen, die heute in Anatolien ausgestorben sind.<\/p>\n<h2 id=\"t-1625488643365\">Karain Museum<\/h2>\n<p>Einige der Funde von der Karain H\u00f6hle k\u00f6nnt ihr in dem Karain Museum besichtigen. Das Museum liegt direkt am Fu\u00dfe des Berges. Andere Fundst\u00fccke wiederum findet ihr in der pr\u00e4historischen Halle des <a href=\"https:\/\/antalyatouristinformation.com\/de\/sehenswurdigkeiten\/museum\/antalya-archaologisch\/\">Arch\u00e4ologischen Museums von Antalya<\/a>.<\/p>\n<p>Es gibt ein kleines Caf\u00e9 und Gesch\u00e4ft bei dem Museum.<\/p>\n<p><span><img decoding=\"async\" alt=\"karain Cave in Antalya in Turkey\" data-id=\"380\" width=\"702\" data-init-width=\"1000\" height=\"470\" data-init-height=\"670\" title=\"karain Cave in Antalya in Turkey\" loading=\"lazy\" src=\"https:\/\/antalyatouristinformation.com\/de\/wp-content\/uploads\/sites\/10\/2021\/02\/karain-magarasi-antalya-turkey.jpg\" data-width=\"702\" data-height=\"470\" data-pinpro-key=\"e2i8vjqn0\" data-pin-media=\"https:\/\/antalyatouristinformation.com\/de\/wp-content\/uploads\/sites\/10\/2021\/06\/prag_50_sehenswuerdigkeiten_pinterest-8-5.jpg\" data-pin-description=\"Guide to Karain Cave in Antalya | Antalya Tourist Information\" data-pin-url=\"https:\/\/antalyatouristinformation.com\/de\/sehenswurdigkeiten\/hohle\/karain\/?tve=true&amp;tcbf=cab12c64ac\"><\/span><\/p>\n<h2 id=\"t-1619455445131\">Eintritt, Tickets und Touren<\/h2>\n<p>Die Karain H\u00f6hle ist in den <strong>Sommermonaten<\/strong> April bis Oktober von 10:00 bis 17:00 Uhr, in den <strong>Wintermonaten<\/strong> Oktober bis M\u00e4rz von 8:30 bis 17:30 Uhr ge\u00f6ffnet.<strong><\/strong><\/p>\n<ul>\n<li><span><strong>Eintritt:<\/strong> Die H\u00f6hle ist&nbsp;<strong>von Dienstag bis Freitag<\/strong> ge\u00f6ffnet.<\/span><\/li>\n<li><span><strong>Tickets:<\/strong> Tickets k\u00f6nnt ihr vor Ort kaufen. Der <strong>Museumspass Akdeniz<\/strong> ist auch f\u00fcr die Karain H\u00f6hle <strong>g\u00fcltig<\/strong>. Besorgt euch den Museumspass Akdeniz vorab in unserem Shop!&nbsp;<\/span><\/li>\n<\/ul>\n<ul>\n<li><span><strong>Tipp:<\/strong> Falls ihr Tickets f\u00fcr Vergn\u00fcgungsparks, Museen und Touren f\u00fcr eure Antalya-Reise vorab buchen m\u00f6chtet, solltet ihr unbedingt einen Blick auf die Angebote in unserem offiziellen Shop werfen.<\/span><\/li>\n<\/ul>\n<p><span><img decoding=\"async\" alt=\"\" data-id=\"390\" width=\"702\" data-init-width=\"1000\" height=\"471\" data-init-height=\"670\" title=\"road to karain cave in antalya in turkey\" loading=\"lazy\" src=\"\/\/antalyatouristinformation.com\/de\/wp-content\/uploads\/sites\/10\/2021\/02\/road-to-karain-cave-in-antalya-in-turkey.jpg\" data-width=\"702\" data-height=\"471\" data-pinpro-key=\"dkrbmb881\" data-pin-media=\"https:\/\/antalyatouristinformation.com\/de\/wp-content\/uploads\/sites\/10\/2021\/06\/prag_50_sehenswuerdigkeiten_pinterest-8-5.jpg\" data-pin-description=\"Guide to Karain Cave in Antalya | Antalya Tourist Information\" data-pin-url=\"https:\/\/antalyatouristinformation.com\/de\/sehenswurdigkeiten\/hohle\/karain\/?tve=true&amp;tcbf=cab12c64ac\"><\/span><\/p>\n<h2 id=\"t-1625488643366\" data-alt-text=\"Anfahrt\">Wie komme ich zur Karain H\u00f6hle?<\/h2>\n<p>Die H\u00f6hle liegt 35 Kilometer nordwestlich von Antalya in dem Dorf Ya\u011fca, das 5-6 Kilometer von der alten Autobahn Antalya-Burdur entfernt ist.<\/p>\n<p>Es gibt keine \u00f6ffentlichen Verkehrsmittel, die euch zur H\u00f6hle bringen. Am besten ihr <a href=\"https:\/\/antalyatouristinformation.com\/de\/plan\/mietwagen\/\">mietet ein Auto <\/a>in Antalya oder ihr nehmt euch ein <a href=\"https:\/\/antalyatouristinformation.com\/de\/offentlicher-verkehr\/taxi\/\">Taxi<\/a>.<\/p>\n<p>Um zu dem Eingang der H\u00f6hle zu gelangen, m\u00fcsst ihr 400 Stufen hinauf zu dem H\u00f6hleneingang steigen. Im Sommer gibt es hier keinen Schatten und der Anstieg ist anstrengend. F\u00fcr Menschen mit Gehbehinderung empfehlen wir den Besuch daher nicht.<\/p>\n<p><span><img decoding=\"async\" alt=\"\" data-id=\"385\" width=\"702\" data-init-width=\"1000\" height=\"471\" data-init-height=\"670\" title=\"karain cave antalya in turkey\" loading=\"lazy\" src=\"\/\/antalyatouristinformation.com\/de\/wp-content\/uploads\/sites\/10\/2021\/02\/karain-cave-antalya-in-turkey.jpg\" data-width=\"702\" data-height=\"471\" data-pinpro-key=\"a8n6ilxih\" data-pin-media=\"https:\/\/antalyatouristinformation.com\/de\/wp-content\/uploads\/sites\/10\/2021\/06\/prag_50_sehenswuerdigkeiten_pinterest-8-5.jpg\" data-pin-description=\"Guide to Karain Cave in Antalya | Antalya Tourist Information\" data-pin-url=\"https:\/\/antalyatouristinformation.com\/de\/sehenswurdigkeiten\/hohle\/karain\/?tve=true&amp;tcbf=cab12c64ac\"><\/span><\/p>\n<h2 id=\"t-1619455445133\" data-alt-text=\"FAQ\">FAQ&nbsp;<\/h2>\n<p><span><img decoding=\"async\" alt=\"karain cave in Antalya in Turkey 2\" data-id=\"381\" width=\"702\" data-init-width=\"1000\" height=\"470\" data-init-height=\"670\" title=\"karain cave in Antalya in Turkey 2\" loading=\"lazy\" src=\"https:\/\/antalyatouristinformation.com\/de\/wp-content\/uploads\/sites\/10\/2021\/02\/karain-cave-antalya-turkey.jpg\" data-width=\"702\" data-height=\"470\" data-pinpro-key=\"bsvtk7rgh\" data-pin-media=\"https:\/\/antalyatouristinformation.com\/de\/wp-content\/uploads\/sites\/10\/2021\/06\/prag_50_sehenswuerdigkeiten_pinterest-8-5.jpg\" data-pin-description=\"Guide to Karain Cave in Antalya | Antalya Tourist Information\" data-pin-url=\"https:\/\/antalyatouristinformation.com\/de\/sehenswurdigkeiten\/hohle\/karain\/?tve=true&amp;tcbf=cab12c64ac\"><\/span><\/p>\n<h2 id=\"t-1619455445134\" data-alt-text=\"Geschichte\">Die Geschichte der Karain Cave<\/h2>\n<p>Die H\u00f6hle wurde 1946 von Professor Dr. \u0130smail K\u0131l\u0131\u00e7 K\u00f6kten von der Universit\u00e4t Ankara entdeckt. Er beaufsichtigte die ersten Ausgrabungen von 1946 bis 1974.<\/p>\n<p>Die Karain-H\u00f6hle war aufgrund der nat\u00fcrlichen Bedingungen eine geeignete Siedlung f\u00fcr unsere Vorfahren.<\/p>\n<p>J\u00fcngste Studien ergaben, dass die Ebene vor der H\u00f6hle vor 60.000 Jahren ein See war. Das machte die H\u00f6hle als Siedlungsraum noch attraktiver.<\/p>\n<p>Die R\u00f6mer benutzen die Karain H\u00f6hle als Tempel.<\/p>\n<p>Viele Funde aus der H\u00f6hle wie z.B. Schneid- und Stechwerkzeuge aus Stein sowie Tierfossilien aus der Altsteinzeit k\u00f6nnt ihr in dem Arch\u00e4ologischen Museum in Antalya besichtigen. Auch im Museum f\u00fcr Anatolische Zivilisationen in Ankara k\u00f6nnt ihr Funde aus der Karain H\u00f6hle sehen.<\/p>\n<p>Wollt ihr mehr \u00fcber Sehensw\u00fcrdigkeiten in Antalya erfahren? Hier findet ihr ausf\u00fchrliche Informationen zu <a href=\"https:\/\/antalyatouristinformation.com\/de\/sehenswurdigkeiten\/hohle\/\">H\u00f6hlen in Antalya<\/a>.<\/p>\n<h2 id=\"t-1619455445135\">Kontakt<\/h2>\n<ul>\n<li><span><strong>Adresse:&nbsp;<\/strong>Ya\u011fca, 07190 Antalya Merkez\/Antalya<\/span><\/li>\n<li><span><strong>\u00d6ffnungszeiten:&nbsp;<\/strong>Die <a href=\"http:\/\/Muze.gov.tr\" target=\"_blank\" rel=\"noopener\">genauen \u00d6ffnungszeiten<\/a> findet ihr auf der offiziellen Seite der H\u00f6hle.<\/span><\/li>\n<li><span><strong>\u00d6ffentlicher Verkehr:&nbsp;<\/strong>Es gibt keine \u00f6ffentlichen Verkehrsmittel, Taxi oder Mietwagen sind die einzigen Optionen<!--[endif]-->.<\/span><\/li>\n<li><span><strong>Webseite:&nbsp;<\/strong><a href=\"https:\/\/muze.gov.tr\/muze-detay?sectionId=KRM01&amp;distId=MRK\" target=\"_blank\" rel=\"noopener\">Muze.gov.tr<\/a><\/span><\/li>\n<\/ul>\n<p>Which period belongs the Karain Cave?&nbsp;<\/p>\n<p>Paris ist die Stadt der XY. Zu den bedeutendsten Sehensw\u00fcrdigkeiten z\u00e4hlt Xy, XY und Xy.&nbsp;<\/p>\n<ol>\n<li>Eiffelturm<\/li>\n<li>qkerjbg<\/li>\n<li>qergbkhjqerbg<\/li>\n<li>qergbqkrgbq<\/li>\n<li>rgqerkgb<\/li>\n<\/ol>\n<p>Mehr steht in unserem Guide zu den Top 10 Sehensw\u00fcrdigkeiten von Paris.&nbsp;<\/p>\n<p><span><\/span><\/p>\n","protected":false},"excerpt":{"rendered":"<p>Das ist der komplette Guide zur Karain-H\u00f6hle in Antalya. Wollt ihr die H\u00f6hle sehen, in der die ersten Bewohner Anatoliens lebten? Die Karain-H\u00f6hle ist die \u00e4lteste menschliche Behausung in Anatolien und die gr\u00f6\u00dfte H\u00f6hle in der T\u00fcrkei, die jemals bewohnt wurde. Sie liegt eine Autostunde von Antalya entfernt. Hier sind ihr alle wichtigen Informationen, die [&hellip;]<\/p>\n","protected":false},"author":4,"featured_media":386,"parent":147,"menu_order":0,"comment_status":"open","ping_status":"closed","template":"","meta":{"_acf_changed":false,"footnotes":""},"categories":[],"tags":[41],"class_list":["post-133","page","type-page","status-publish","has-post-thumbnail","hentry","tag-cave","post-wrapper","thrv_wrapper"],"acf":[],"wp-worthy-pixel":{"ignored":false,"public":null,"server":null,"url":null},"wp-worthy-type":"normal","_links":{"self":[{"href":"https:\/\/antalyatouristinformation.com\/de\/wp-json\/wp\/v2\/pages\/133","targetHints":{"allow":["GET"]}}],"collection":[{"href":"https:\/\/antalyatouristinformation.com\/de\/wp-json\/wp\/v2\/pages"}],"about":[{"href":"https:\/\/antalyatouristinformation.com\/de\/wp-json\/wp\/v2\/types\/page"}],"author":[{"embeddable":true,"href":"https:\/\/antalyatouristinformation.com\/de\/wp-json\/wp\/v2\/users\/4"}],"replies":[{"embeddable":true,"href":"https:\/\/antalyatouristinformation.com\/de\/wp-json\/wp\/v2\/comments?post=133"}],"version-history":[{"count":10,"href":"https:\/\/antalyatouristinformation.com\/de\/wp-json\/wp\/v2\/pages\/133\/revisions"}],"predecessor-version":[{"id":14966,"href":"https:\/\/antalyatouristinformation.com\/de\/wp-json\/wp\/v2\/pages\/133\/revisions\/14966"}],"up":[{"embeddable":true,"href":"https:\/\/antalyatouristinformation.com\/de\/wp-json\/wp\/v2\/pages\/147"}],"wp:featuredmedia":[{"embeddable":true,"href":"https:\/\/antalyatouristinformation.com\/de\/wp-json\/wp\/v2\/media\/386"}],"wp:attachment":[{"href":"https:\/\/antalyatouristinformation.com\/de\/wp-json\/wp\/v2\/media?parent=133"}],"wp:term":[{"taxonomy":"category","embeddable":true,"href":"https:\/\/antalyatouristinformation.com\/de\/wp-json\/wp\/v2\/categories?post=133"},{"taxonomy":"post_tag","embeddable":true,"href":"https:\/\/antalyatouristinformation.com\/de\/wp-json\/wp\/v2\/tags?post=133"}],"curies":[{"name":"wp","href":"https:\/\/api.w.org\/{rel}","templated":true}]}}