{"id":135,"date":"2021-02-15T12:15:56","date_gmt":"2021-02-15T11:15:56","guid":{"rendered":"http:\/\/antalyatouristinformation.com\/clone4639485xzhehsskdjfhhdhebdkkekdeewsd4545gdfgm\/?page_id=135"},"modified":"2021-08-23T08:32:38","modified_gmt":"2021-08-23T06:32:38","slug":"wasserfalle","status":"publish","type":"page","link":"https:\/\/antalyatouristinformation.com\/de\/sehenswurdigkeiten\/wasserfalle\/","title":{"rendered":"10 einzigartige Wasserf\u00e4lle in Antalya, die ihr nicht verpassen solltet"},"content":{"rendered":"<p>Ihr wollt die traumhaften Wasserf\u00e4lle von Antalya erleben und erfrischende Momente in der Natur genie\u00dfen?<\/p>\n<p>Dann seid ihr hier genau richtig!<\/p>\n<p>In diesem kompletten Guide stellen wir euch die sch\u00f6nsten Wasserf\u00e4lle von Antalya vor, die ihr euch nicht entgehen lassen solltet!<\/p>\n<p>Als Bonus verraten wir euch auch n\u00fctzliche Tipps \u00fcber versteckte T\u00e4ler und Schluchten sowie <a href=\"https:\/\/antalyatouristinformation.com\/de\/plan\/urlaubsorte\/\">Urlaubsorte <\/a>und Wahrzeichen von Antalya.<\/p>\n<p>Los geht\u2019s!<\/p>\n<h2 id=\"t-1625049646359\">1. Manavgat Wasserfall<\/h2>\n<p><span><img decoding=\"async\" alt=\"manavgat river in Antalya in Turkey\" data-id=\"4781\" width=\"702\" data-init-width=\"1000\" height=\"470\" data-init-height=\"670\" title=\"manavgat river in Antalya in Turkey\" loading=\"lazy\" src=\"https:\/\/antalyatouristinformation.com\/de\/wp-content\/uploads\/sites\/10\/2021\/04\/manavgat-river-in-antalya-in-turkey.jpg\" data-width=\"702\" data-height=\"470\" data-pinpro-key=\"w15stslv8\" data-pin-media=\"https:\/\/antalyatouristinformation.com\/de\/wp-content\/uploads\/sites\/10\/2021\/07\/antalya-deutsch-pinterest-1-5.jpg\" data-pin-description=\"Discover 10 Best &amp;amp; Unique Waterfalls in Antalya You Should Visit \u27a4 Manavgat \u2714 Lower D\u00fcden \u2714 Upper D\u00fcden \u2714 Kur\u015funlu \u2714 G\u00f6yn\u00fck \u2714 Sapadere and more\" data-pin-url=\"https:\/\/antalyatouristinformation.com\/de\/things-to-do\/waterfall\/?tve=true&amp;tcbf=8a45bbc0ac\"><\/span><\/p>\n<p>Der Manavgat Wasserfall ist eine wahre Natur-Oase in Antalya! Kein Wunder, dass er <strong>zu den meistbesuchten Wasserf\u00e4llen in der T\u00fcrkei geh\u00f6rt<\/strong>. Der Fluss Manavgat f\u00fchrt zu allen Jahreszeiten reichlich Wasser. Er bildet 4 km n\u00f6rdlich von Manavgat einen wundersch\u00f6nen Wasserfall.Durch die hohe Flie\u00dfgeschwindigkeit des Wasserfalls ergeben sich g\u00fcnstige Voraussetzungen f\u00fcr Wassersport. So geh\u00f6ren Rafting-Touren auf dem Fluss und Safaris rund um den Wasserfall zu den beliebtesten Aktivit\u00e4ten in der Gegend.Auf eurer Reise durch Manavgat solltet ihr auch die <a href=\"https:\/\/antalyatouristinformation.com\/de\/sehenswurdigkeiten\/side-altstadt\/\">Sehensw\u00fcrdigkeiten in der Altstadt von Side<\/a>, die <a href=\"https:\/\/antalyatouristinformation.com\/de\/sehenswurdigkeiten\/geschichte\/aspendos\/\">antike Stadt Aspendos<\/a> und den ber\u00fchmten <a href=\"https:\/\/antalyatouristinformation.com\/de\/shopping\/manavgat-basar\/\">Basar von Manavgat<\/a> besuchen.Ihr k\u00f6nnt auch an Tagesausfl\u00fcgen zum Manavgat-Wasserfall teilnehmen. Sie werden von lokalen Reiseveranstaltern organisiert. In der Regel umfassen die Ausfl\u00fcge eine Manavgat-Flusskreuzfahrt, die am Manavgat Wasserfall endet.<\/p>\n<ul>\n<li>Mehr lesen: <a href=\"https:\/\/antalyatouristinformation.com\/de\/sehenswurdigkeiten\/wasserfalle\/manavgat-wasserfall\/\">Der Manavgat Wasserfall<\/a><\/li>\n<\/ul>\n<h2 id=\"t-1619769855925\" data-alt-text=\"2. Unterer D\u00fcden Wasserfall\">2. Karpuzkald\u0131ran (Unterer D\u00fcden Wasserfall)<\/h2>\n<p><span><img decoding=\"async\" alt=\"karpuzkaldiran waterfall in Antalya in Turkey\" data-id=\"4788\" width=\"702\" data-init-width=\"1000\" height=\"470\" data-init-height=\"670\" title=\"karpuzkaldiran waterfall in Antalya in Turkey\" loading=\"lazy\" src=\"https:\/\/antalyatouristinformation.com\/de\/wp-content\/uploads\/sites\/10\/2021\/04\/karpuzkaldiran-waterfall-in-antalya-in-turkey.jpg\" data-width=\"702\" data-height=\"470\" data-pinpro-key=\"xoh1lub35\" data-pin-media=\"https:\/\/antalyatouristinformation.com\/de\/wp-content\/uploads\/sites\/10\/2021\/07\/antalya-deutsch-pinterest-1-5.jpg\" data-pin-description=\"Discover 10 Best &amp;amp; Unique Waterfalls in Antalya You Should Visit \u27a4 Manavgat \u2714 Lower D\u00fcden \u2714 Upper D\u00fcden \u2714 Kur\u015funlu \u2714 G\u00f6yn\u00fck \u2714 Sapadere and more\" data-pin-url=\"https:\/\/antalyatouristinformation.com\/de\/things-to-do\/waterfall\/?tve=true&amp;tcbf=8a45bbc0ac\"><\/span><\/p>\n<p>Der 14 km lange D\u00fcden Bach entspringt dem s\u00fcdlichen Teil des Taurusgebirges. An einem Punkt, der &#8222;D\u00fcdenba\u015f\u0131&#8220; genannt wird, teilt sich der D\u00fcden-Bach in zwei Flussarme. Der erste Flussarm liegt etwa 7 km von Antalya entfernt und ist der untere D\u00fcden Wasserfall. Der andere, der 1 km von Varsak entfernt liegt, ist der obere D\u00fcden Wasserfall. Beide Wasserf\u00e4lle m\u00fcnden schlie\u00dflich in das Mittelmeer.<\/p>\n<p>Trotz des gleichen Namens solltet ihr die beiden nicht miteinander verwechseln! Der untere D\u00fcden Wasserfall <b>befindet sich am Strand und<\/b><b>st\u00fcrzt ins Meer<\/b>, w\u00e4hrend der obere D\u00fcden Wasserfall mitten in der Stadt ist. Der untere D\u00fcden Wasserfall im D\u00fcden-Park im Stadtteil Lara von Antalya wird euch mit seiner einzigartigen Sch\u00f6nheit in den Bann ziehen! Ihr k\u00f6nnt das Naturschauspiel sowohl vom B\u00fcrgersteig als auch bei einem Bootsausflug vom Wasser aus bewundern.<\/p>\n<p>Bootsfahrten von <b>Kalei\u00e7i<\/b> zum Wasserfall sind eine beliebte <a href=\"https:\/\/antalyatouristinformation.com\/de\/sehenswurdigkeiten\/attraktionen\/\">Attraktion in Antalya<\/a>. Selbst falls euer Hotel nicht im Zentrum von Antalya liegt, solltet ihr euch die von der <a href=\"https:\/\/antalyatouristinformation.com\/de\/sehenswurdigkeiten\/geschichte\/antalya-kaleici\/\"><b>Altstadt von Antalya (Kalei\u00e7i)<\/b><\/a><b> <span style=\"font-weight: normal\">aus&nbsp;<\/span><\/b>organisierten Bootstouren mit einem Zwischenstopp am Wasserfall nicht entgehen lassen!<\/p>\n<ul>\n<li>Hier geht es zu unserem Guide \u00fcber den<a href=\"https:\/\/antalyatouristinformation.com\/de\/sehenswurdigkeiten\/wasserfalle\/unterer-duden\/\"> unteren D\u00fcden Wasserfall (Lara &#8211; Karpuzkaldrian)<\/a>.<\/li>\n<\/ul>\n<h2 id=\"t-1619769855926\">3. Oberer D\u00fcden Wasserfall<\/h2>\n<p><span><img decoding=\"async\" alt=\"Upper Duden Waterfall kepez in Antalya in Turkey\" data-id=\"4915\" width=\"702\" data-init-width=\"1000\" height=\"470\" data-init-height=\"670\" title=\"Upper Duden Waterfall kepez in Antalya in Turkey\" loading=\"lazy\" src=\"https:\/\/antalyatouristinformation.com\/de\/wp-content\/uploads\/sites\/10\/2021\/04\/Upper-Duden-Waterfall-kepez-Antalya.jpg\" data-width=\"702\" data-height=\"470\" data-pinpro-key=\"068xpa83h\" data-pin-media=\"https:\/\/antalyatouristinformation.com\/de\/wp-content\/uploads\/sites\/10\/2021\/07\/antalya-deutsch-pinterest-1-5.jpg\" data-pin-description=\"Discover 10 Best &amp;amp; Unique Waterfalls in Antalya You Should Visit \u27a4 Manavgat \u2714 Lower D\u00fcden \u2714 Upper D\u00fcden \u2714 Kur\u015funlu \u2714 G\u00f6yn\u00fck \u2714 Sapadere and more\" data-pin-url=\"https:\/\/antalyatouristinformation.com\/de\/things-to-do\/waterfall\/?tve=true&amp;tcbf=8a45bbc0ac\"><\/span><\/p>\n<p>Der obere D\u00fcden Wasserfall liegt im Stadtteil Kepez der Stadt Varsak, etwa 12 km nord\u00f6stlich von Antalya.<\/p>\n<p>Er geh\u00f6rt zu <strong>den besten Erholungsgebieten der Region<\/strong>,<strong> die Abk\u00fchlung bieten. <\/strong>In der Idylle k\u00f6nnt ihr wunderbar die frische Luft und die sch\u00f6nsten Gr\u00fcnt\u00f6ne genie\u00dfen. Verwechselt ihn aber nicht mit dem unteren D\u00fcden Wasserfall, der sich an Steilklippen gegen\u00fcber vom Meer befindet!<\/p>\n<p>Ein Highlight sind die H\u00f6hlen hinter dem Wasserfall. Die L\u00f6cher in den H\u00f6hlen sind wie Fenster, die euch malerische Aussichten bieten. Ihr k\u00f6nnt sogar unter der Stelle vorbeigehen, wo der Wasserfall flie\u00dft. Vergesst nicht, von der H\u00f6hle aus das herabflie\u00dfende Wasser des Wasserfalls zu beobachten! In den H\u00f6hlen m\u00fcsst ihr euch manchmal b\u00fccken und es kann ziemlich feucht sein. Seid daher besonders vorsichtig, damit ihr nicht ausrutscht.<\/p>\n<ul>\n<li>Werft auch einen Blick in unseren kompletten Guide \u00fcber den <a href=\"https:\/\/antalyatouristinformation.com\/de\/sehenswurdigkeiten\/wasserfalle\/oberer-duden\/\">oberen D\u00fcden Wasserfall<\/a>.<\/li>\n<\/ul>\n<h2 id=\"t-1619769855927\">4. Kur\u015funlu Wasserfall<\/h2>\n<p><span><img decoding=\"async\" alt=\"kursunlu waterfall in antalya in turkey\" data-id=\"4783\" width=\"702\" data-init-width=\"1200\" height=\"369\" data-init-height=\"630\" title=\"kursunlu waterfall in antalya in turkey\" loading=\"lazy\" src=\"https:\/\/antalyatouristinformation.com\/de\/wp-content\/uploads\/sites\/10\/2021\/04\/kursunlu-waterfall-in-antalya-in-turkey.jpg\" data-width=\"702\" data-height=\"369\" data-pinpro-key=\"p0i9edfnk\" data-pin-media=\"https:\/\/antalyatouristinformation.com\/de\/wp-content\/uploads\/sites\/10\/2021\/07\/antalya-deutsch-pinterest-1-5.jpg\" data-pin-description=\"Discover 10 Best &amp;amp; Unique Waterfalls in Antalya You Should Visit \u27a4 Manavgat \u2714 Lower D\u00fcden \u2714 Upper D\u00fcden \u2714 Kur\u015funlu \u2714 G\u00f6yn\u00fck \u2714 Sapadere and more\" data-pin-url=\"https:\/\/antalyatouristinformation.com\/de\/things-to-do\/waterfall\/?tve=true&amp;tcbf=8a45bbc0ac\"><\/span><\/p>\n<p>Der Kur\u015funlu Wasserfall liegt im Stadtbezirk Aksu, ca. 21 km vom Stadtzentrum von Antalya entfernt. Das Gel\u00e4nde ist seit 1986 f\u00fcr den Tourismus ge\u00f6ffnet und gewann 1991 den Status &#8222;Naturpark&#8220;. Zus\u00e4tzlich zu 7 kleinen Becken trefft ihr hier auf einen gro\u00dfen Wasserfall sowie mehrere kleine Wasserf\u00e4lle.<\/p>\n<p>Ihr k\u00f6nnt euren Ausflug zum Kur\u015funlu Wasserfall wunderbar mit einem Tagesausflug in die antike Stadt <a href=\"https:\/\/antalyatouristinformation.com\/de\/sehenswurdigkeiten\/geschichte\/termessos\/\">Termessos <\/a>kombinieren. Sie ist eine der am besten erhaltenen antiken St\u00e4dte in der T\u00fcrkei. Die antike Stadt Termessos befindet sich in Richtung Korkuteli, 30 km nordwestlich von Antalya.<\/p>\n<ul>\n<li>Hier geht es zu unserem ausf\u00fchrlichen Guide \u00fcber den <a href=\"https:\/\/antalyatouristinformation.com\/de\/sehenswurdigkeiten\/wasserfalle\/kursunlu\/\">Kursunlu Wasserfall<\/a>.<\/li>\n<\/ul>\n<h2 id=\"t-1619769855928\" data-alt-text=\"5. Unterer U\u00e7ansu Wasserfall\">5. Kayab\u00fck\u00fc U\u00e7ansu Wasserfall (Unterer U\u00e7ansu Wasserfall)<\/h2>\n<p>Der untere U\u00e7ansu liegt im Tal unterhalb des Dorfes Kayab\u00fck\u00fc im Stadtbezirk G\u00fcndo\u011fmu\u015f von Antalya. Die Quelle des Wasserfalls entspringt vom Gipfel des Taurusgebirges und wird durch die Schneeschmelze der Akda\u011f- und Geyik-Berge gespeist.<\/p>\n<p>Die Lufttemperatur in der Region liegt bei maximal 15 Grad. Dadurch eignet sich der U\u00e7ansu Wasserfall f\u00fcr Besucher, die einen k\u00fchlen Ort suchen \u2013 vor allem in den hei\u00dfen Sommermonaten.<\/p>\n<p>Eine weitere Besonderheit ist, dass der U\u00e7ansu-Wasserfall in G\u00fcndo\u011fmu\u015f an dem <a href=\"https:\/\/antalyatouristinformation.com\/de\/sehenswurdigkeiten\/attraktionen\/paulus-weg\/\"><b>Paulus Weg<\/b><\/a> liegt, dem zweitl\u00e4ngsten Wanderweg der T\u00fcrkei.<\/p>\n<h2 id=\"t-1619769855929\">6. G\u00f6yn\u00fck Canyon Wasserfall<\/h2>\n<p><span><img decoding=\"async\" alt=\"goynuk canyon in kemer in antalya in Turkey\" data-id=\"4801\" width=\"702\" data-init-width=\"1000\" height=\"470\" data-init-height=\"670\" title=\"goynuk canyon in kemer in antalya in Turkey\" loading=\"lazy\" src=\"https:\/\/antalyatouristinformation.com\/de\/wp-content\/uploads\/sites\/10\/2021\/04\/goynuk-canyon-in-kemer-in-antalya.jpg\" data-width=\"702\" data-height=\"470\" data-pinpro-key=\"ww5zss5o0\" data-pin-media=\"https:\/\/antalyatouristinformation.com\/de\/wp-content\/uploads\/sites\/10\/2021\/07\/antalya-deutsch-pinterest-1-5.jpg\" data-pin-description=\"Discover 10 Best &amp;amp; Unique Waterfalls in Antalya You Should Visit \u27a4 Manavgat \u2714 Lower D\u00fcden \u2714 Upper D\u00fcden \u2714 Kur\u015funlu \u2714 G\u00f6yn\u00fck \u2714 Sapadere and more\" data-pin-url=\"https:\/\/antalyatouristinformation.com\/de\/things-to-do\/waterfall\/?tve=true&amp;tcbf=8a45bbc0ac\"><\/span><\/p>\n<p>Falls ihr euch f\u00fcr Outdoor-Sportarten, wie Wandern oder Trekking, interessiert, dann ist der G\u00f6yn\u00fck Canyon die richtige Wahl! Er liegt in dem beliebten Ferienort Kemer, etwa 4 km von G\u00f6yn\u00fck.<\/p>\n<p>Der Ort wird euch mit seiner idyllischen Natur, einem wilden Fluss, malerischen Wasserf\u00e4llen und einem beeindruckenden Canyon begeistern.<\/p>\n<p>Der G\u00f6yn\u00fck Canyon ist eine Art Abenteuerpark. Deswegen werden rund um den Canyon verschiedene Aktivit\u00e4ten angeboten. Dazu geh\u00f6ren Rafting, Canyoning-Safari-Touren, Paintball und gef\u00fchrte Wanderungen f\u00fcr ein Canyoning-Abenteuer.<\/p>\n<p>Falls ihr noch mehr Nervenkitzel wollt, erwartet euch eine <b>40 Meter \u00fcber dem Boden verlaufende Zipline.<\/b><\/p>\n<ul>\n<li>Mehr dazu: <a href=\"https:\/\/antalyatouristinformation.com\/de\/sehenswurdigkeiten\/canyon\/goynuk-canyon\/\">G\u00f6yn\u00fck Canyon<\/a> und der Wasserfall.<\/li>\n<\/ul>\n<h2 id=\"t-1625049646360\" data-alt-text=\"7. Oberer U\u00e7ansu Wasserfall\">7. Oberer U\u00e7ansu Wasserfall (Serik)<\/h2>\n<p><span><img decoding=\"async\" alt=\"upper ucansu serik in Antalya in Turkey\" data-id=\"4928\" width=\"702\" data-init-width=\"1000\" height=\"470\" data-init-height=\"670\" title=\"upper ucansu serik in Antalya in Turkey\" loading=\"lazy\" src=\"https:\/\/antalyatouristinformation.com\/de\/wp-content\/uploads\/sites\/10\/2021\/04\/upper-ucansu-serik.jpg\" data-width=\"702\" data-height=\"470\" data-pinpro-key=\"87tfa4tan\" data-pin-media=\"https:\/\/antalyatouristinformation.com\/de\/wp-content\/uploads\/sites\/10\/2021\/07\/antalya-deutsch-pinterest-1-5.jpg\" data-pin-description=\"Discover 10 Best &amp;amp; Unique Waterfalls in Antalya You Should Visit \u27a4 Manavgat \u2714 Lower D\u00fcden \u2714 Upper D\u00fcden \u2714 Kur\u015funlu \u2714 G\u00f6yn\u00fck \u2714 Sapadere and more\" data-pin-url=\"https:\/\/antalyatouristinformation.com\/de\/things-to-do\/waterfall\/?tve=true&amp;tcbf=8a45bbc0ac\"><\/span><\/p>\n<p>Der U\u00e7ansu Wasserfall liegt im Dorf Ak\u00e7ap\u0131nar, nahe der Stadt Gebiz, im Landkreis Serik in der Provinz Antalya. Er ist 57 km von der Stadt Antalya und 54 km von Serik entfernt.<\/p>\n<p>Die beste Reisezeit f\u00fcr den oberen U\u00e7ansu-Wasserfall ist im Fr\u00fchling oder in den ersten Monaten des Sommers. Der Wasserstand ist w\u00e4hrend der Regenzeit im Fr\u00fchling hoch. Es gibt aber auch Phasen in der Trockenzeit im Sommer, in denen das Wasser komplett ausbleibt.<\/p>\n<p>Der obere Wasserfall kann vom Dorf Kozan aus erreicht werden. Ihr k\u00f6nnt bis zu dem Pfad fahren, der zum oberen U\u00e7ansu-Wasserfall f\u00fchrt. Von hier aus ist es ein etwa 30-min\u00fctiger Spaziergang bis zum Wasserfall. Falls ihr eine Abk\u00fchlung sucht, empfehlen wir das nat\u00fcrliche Wasserbecken &#8222;<b>K\u00f6nigs-Pool&#8220;<\/b> auf dem Gipfel.<\/p>\n<h2 id=\"t-1625049646361\">8. K\u00f6nigs-Pool am oberen U\u00e7ansu Wasserfall<\/h2>\n<p><span><img decoding=\"async\" alt=\"ucansu waterfall kings pool in Antalya in Turkey\" data-id=\"4795\" width=\"702\" data-init-width=\"1000\" height=\"470\" data-init-height=\"670\" title=\"ucansu waterfall kings pool in Antalya in Turkey\" loading=\"lazy\" src=\"https:\/\/antalyatouristinformation.com\/de\/wp-content\/uploads\/sites\/10\/2021\/04\/ucansu-waterfall-kings-pool.jpg\" data-width=\"702\" data-height=\"470\" data-pinpro-key=\"5mcvkzl02\" data-pin-media=\"https:\/\/antalyatouristinformation.com\/de\/wp-content\/uploads\/sites\/10\/2021\/07\/antalya-deutsch-pinterest-1-5.jpg\" data-pin-description=\"Discover 10 Best &amp;amp; Unique Waterfalls in Antalya You Should Visit \u27a4 Manavgat \u2714 Lower D\u00fcden \u2714 Upper D\u00fcden \u2714 Kur\u015funlu \u2714 G\u00f6yn\u00fck \u2714 Sapadere and more\" data-pin-url=\"https:\/\/antalyatouristinformation.com\/de\/things-to-do\/waterfall\/?tve=true&amp;tcbf=8a45bbc0ac\"><\/span><\/p>\n<p>Der K\u00f6nigs-Pool auf dem Gipfel des oberen U\u00e7ansu-Wasserfalls ist von duftenden Kiefern umgeben. Mit seinem t\u00fcrkisfarbenen Wasser bietet er eine malerische Kulisse.<\/p>\n<p>Der obere U\u00e7ansu Wasserfall st\u00fcrzt aus einer H\u00f6he von 70 Metern und der untere U\u00e7ansu Wasserfall aus einer H\u00f6he von 51 Metern. Sie bilden ein nat\u00fcrliches Becken, das zwischen 1,5 und 4 Meter tief ist und oberhalb der Wasserf\u00e4lle liegt. Der Naturbecken mit eiskaltem Wasser ist ein verborgener Schatz in der Natur.<\/p>\n<h2 id=\"t-1619769855932\">9. Sapadere Canyon Wasserfall<\/h2>\n<p><span><img decoding=\"async\" alt=\"sapadere waterfall in antalya in turkey\" data-id=\"4808\" width=\"702\" data-init-width=\"1000\" height=\"470\" data-init-height=\"670\" title=\"sapadere waterfall in antalya in turkey\" loading=\"lazy\" src=\"https:\/\/antalyatouristinformation.com\/de\/wp-content\/uploads\/sites\/10\/2021\/04\/sapadere-waterfall-in-antalya-in-turkey.jpg\" data-width=\"702\" data-height=\"470\" data-pinpro-key=\"dxnt6w9pz\" data-pin-media=\"https:\/\/antalyatouristinformation.com\/de\/wp-content\/uploads\/sites\/10\/2021\/07\/antalya-deutsch-pinterest-1-5.jpg\" data-pin-description=\"Discover 10 Best &amp;amp; Unique Waterfalls in Antalya You Should Visit \u27a4 Manavgat \u2714 Lower D\u00fcden \u2714 Upper D\u00fcden \u2714 Kur\u015funlu \u2714 G\u00f6yn\u00fck \u2714 Sapadere and more\" data-pin-url=\"https:\/\/antalyatouristinformation.com\/de\/things-to-do\/waterfall\/?tve=true&amp;tcbf=8a45bbc0ac\"><\/span><\/p>\n<p>Der Sapadere Wasserfall in Alanya liegt 175 km von Antalya entfernt. Der Canyon befindet sich ca. 40 km von Alanya entfernt.<\/p>\n<p>Ihr trefft hier auf kleine und gro\u00dfe Wasserf\u00e4lle, sowie mehrere kleine Becken zum Schwimmen. Der Sapadere Wasserfall liegt am Ende eines Wanderweges und bildet ein kristallklares Becken. Mutige Besucher k\u00f6nnen sich in das eiskalte Wasser wagen.<\/p>\n<p>Viele Reiseveranstalter organisieren t\u00e4glich Ausfl\u00fcge zum Sapadere Canyon. Falls ihr auf der Suche nach einem Abenteuer seid, dann wendet euch an die lokalen Reiseveranstalter f\u00fcr eine <strong>Jeep-Safari<\/strong> im Canyon.<\/p>\n<p>Mehr dazu findet ihr in unserem Guide \u00fcber den <a href=\"https:\/\/antalyatouristinformation.com\/de\/sehenswurdigkeiten\/canyon\/sapadere\/\">Sapadere Canyon<\/a> und Sapadere Wasserfall.<\/p>\n<h2 id=\"t-1619769855933\">10. Koca\u00e7ay Wasserfall<\/h2>\n<p><span><img decoding=\"async\" alt=\"kocacay waterfall in Antalya in Turkey\" data-id=\"4926\" width=\"702\" data-init-width=\"1000\" height=\"470\" data-init-height=\"670\" title=\"kocacay waterfall in Antalya in Turkey\" loading=\"lazy\" src=\"https:\/\/antalyatouristinformation.com\/de\/wp-content\/uploads\/sites\/10\/2021\/04\/kocacay-waterfall.jpg\" data-width=\"702\" data-height=\"470\" data-pinpro-key=\"dkl27gdjt\" data-pin-media=\"https:\/\/antalyatouristinformation.com\/de\/wp-content\/uploads\/sites\/10\/2021\/07\/antalya-deutsch-pinterest-1-5.jpg\" data-pin-description=\"Discover 10 Best &amp;amp; Unique Waterfalls in Antalya You Should Visit \u27a4 Manavgat \u2714 Lower D\u00fcden \u2714 Upper D\u00fcden \u2714 Kur\u015funlu \u2714 G\u00f6yn\u00fck \u2714 Sapadere and more\" data-pin-url=\"https:\/\/antalyatouristinformation.com\/de\/things-to-do\/waterfall\/?tve=true&amp;tcbf=8a45bbc0ac\"><\/span><\/p>\n<p>Der Koca\u00e7ay Wasserfall ist ein verstecktes Juwel. Er verbirgt sich im Wald von Aksu, im Bezirk D\u00f6\u015femealt\u0131 der Provinz Antalya. Ihr erreicht den Wasserfall nach einem kurzen Spaziergang (ca. 1 km). Der Wasserfall st\u00fcrzt aus einer H\u00f6he von etwa 50 Metern in den Ek\u015fili-Teich. Die schweren karstigen Steilh\u00e4nge bilden das Flussbett des Wasserfalls.<\/p>\n<p>Der Koca\u00e7ay Wasserfall zeigt zu jeder Jahreszeit die sch\u00f6nsten Farben der Natur. Besonders in den Sommermonaten zieht er viele Besucher an. Der faszinierende Ort wird euch mit seiner reichen Artenvielfalt und den vielen Gr\u00fcnt\u00f6nen bezaubern.<\/p>\n<p>Wart ihr schon einmal an einem dieser Wasserf\u00e4lle? Erz\u00e4hlt uns von euren Erfahrungen in den Kommentaren!<\/p>\n<p>Entdeckt nun Antalyas Naturwunder bestehend aus zahlreichen Parks und Schluchten.<\/p>\n<p style=\"text-align: center\"><a href=\"https:\/\/www.google.com\/maps\/d\/u\/2\/viewer?hl=tr&amp;mid=12QTTJbKvtBhcm5iIHJ9nXn1tJv4Tekde&amp;ll=36.851783462982176%2C31.42231694999998&amp;z=10\" target=\"_blank\" rel=\"noopener\">(Link zur Karte)<\/a><\/p>\n<p>Mehr \u00fcber Antalyas Natur erfahrt ihr in unseren Kategorien Canyons und Nationalparks:<\/p>\n","protected":false},"excerpt":{"rendered":"<p>Ihr wollt die traumhaften Wasserf\u00e4lle von Antalya erleben und erfrischende Momente in der Natur genie\u00dfen? Dann seid ihr hier genau richtig! In diesem kompletten Guide stellen wir euch die sch\u00f6nsten Wasserf\u00e4lle von Antalya vor, die ihr euch nicht entgehen lassen solltet! Als Bonus verraten wir euch auch n\u00fctzliche Tipps \u00fcber versteckte T\u00e4ler und Schluchten sowie [&hellip;]<\/p>\n","protected":false},"author":4,"featured_media":4114,"parent":113,"menu_order":0,"comment_status":"open","ping_status":"closed","template":"","meta":{"_acf_changed":false,"footnotes":""},"categories":[],"tags":[50],"class_list":["post-135","page","type-page","status-publish","has-post-thumbnail","hentry","tag-waterfall","post-wrapper","thrv_wrapper"],"acf":[],"wp-worthy-pixel":{"ignored":false,"public":null,"server":null,"url":null},"wp-worthy-type":"normal","_links":{"self":[{"href":"https:\/\/antalyatouristinformation.com\/de\/wp-json\/wp\/v2\/pages\/135","targetHints":{"allow":["GET"]}}],"collection":[{"href":"https:\/\/antalyatouristinformation.com\/de\/wp-json\/wp\/v2\/pages"}],"about":[{"href":"https:\/\/antalyatouristinformation.com\/de\/wp-json\/wp\/v2\/types\/page"}],"author":[{"embeddable":true,"href":"https:\/\/antalyatouristinformation.com\/de\/wp-json\/wp\/v2\/users\/4"}],"replies":[{"embeddable":true,"href":"https:\/\/antalyatouristinformation.com\/de\/wp-json\/wp\/v2\/comments?post=135"}],"version-history":[{"count":10,"href":"https:\/\/antalyatouristinformation.com\/de\/wp-json\/wp\/v2\/pages\/135\/revisions"}],"predecessor-version":[{"id":14406,"href":"https:\/\/antalyatouristinformation.com\/de\/wp-json\/wp\/v2\/pages\/135\/revisions\/14406"}],"up":[{"embeddable":true,"href":"https:\/\/antalyatouristinformation.com\/de\/wp-json\/wp\/v2\/pages\/113"}],"wp:featuredmedia":[{"embeddable":true,"href":"https:\/\/antalyatouristinformation.com\/de\/wp-json\/wp\/v2\/media\/4114"}],"wp:attachment":[{"href":"https:\/\/antalyatouristinformation.com\/de\/wp-json\/wp\/v2\/media?parent=135"}],"wp:term":[{"taxonomy":"category","embeddable":true,"href":"https:\/\/antalyatouristinformation.com\/de\/wp-json\/wp\/v2\/categories?post=135"},{"taxonomy":"post_tag","embeddable":true,"href":"https:\/\/antalyatouristinformation.com\/de\/wp-json\/wp\/v2\/tags?post=135"}],"curies":[{"name":"wp","href":"https:\/\/api.w.org\/{rel}","templated":true}]}}