{"id":138,"date":"2021-02-15T12:16:59","date_gmt":"2021-02-15T11:16:59","guid":{"rendered":"http:\/\/antalyatouristinformation.com\/clone4639485xzhehsskdjfhhdhebdkkekdeewsd4545gdfgm\/?page_id=138"},"modified":"2023-07-14T12:38:56","modified_gmt":"2023-07-14T10:38:56","slug":"termessos","status":"publish","type":"page","link":"https:\/\/antalyatouristinformation.com\/de\/sehenswurdigkeiten\/geschichte\/termessos\/","title":{"rendered":"Termessos: Der komplette Guide zur antiken Stadt in Antalya"},"content":{"rendered":"<p>Das ist unser kompletter Guide zur antiken Stadt Termessos.<\/p>\n<p>Die sehr gut erhaltene antike Festungsstadt liegt 1050 Meter \u00fcber dem Meeresspiegel und geh\u00f6rt zu den wichtigsten antiken St\u00e4tten in Antalya.<\/p>\n<p>Wir verraten euch hier alle wichtigen Infos, Reisetipps, Eintrittspreise und die Geschichte von Termessos.<\/p>\n<p>Fangen wir mit dem an, was ihr dort machen k\u00f6nnt \u2026<\/p>\n<h2 id=\"t-1624950630606\" data-alt-text=\"Was kann ich machen?\">Was kann ich in Termessos machen?<\/h2>\n<p>Die Stadt Termessos liegt auf dem Berg Solymos (G\u00fcll\u00fck da\u011f\u0131), auch bekannt als \u201eG\u00fcll\u00fck Berg Termessos Nationalpark\u201c. Das Gebiet beherbergt eine umfangreiche Pflanzenwelt und viele bedrohte Tierarten. In der N\u00e4he vom Eingang des Nationalparks findet ihr ein kleines Museum. Darin k\u00f6nnt ihr ausgestopfte Tiere und Pflanzen sehen, die in dieser Umgebung heimisch sind.<\/p>\n<p>Termessos ist ein verborgener Schatz umgeben von wilden Pflanzen und Pinienw\u00e4ldern. Abseits der belebten Touristenorte werdet ihr hier von einer friedvollen Natur empfangen. Ihr werdet schnell feststellen, dass Termessos eine weitaus eindrucksvollere Atmosph\u00e4re hat als viele andere antike St\u00e4dte.<\/p>\n<p>Unter den verbliebenen Ruinen von Termessos sind die Stadtmauern, das <a href=\"https:\/\/antalyatouristinformation.com\/de\/sehenswurdigkeiten\/geschichte\/hadrianstor\/\">Hadrianstor<\/a>, Zisternen, das Theater, das Gymnasium, die Agora, das Odeon und das Heroon. Auf dem Parkplatz k\u00f6nnt ihr euch einen Stadtplan holen.<\/p>\n<p>Hier sind einige der wichtigsten Attraktionen, die euch in Termessos erwarten:<\/p>\n<h3>Nekropole<\/h3>\n<p>In der antiken Stadt Termessos gibt es viele Tempel und zwei gro\u00dfe Begr\u00e4bnisst\u00e4tten (Nekropolen). Die Nekropole enth\u00e4lt eine gro\u00dfe Anzahl von Gr\u00e4bern und Sarkophagen. Im <a href=\"https:\/\/antalyatouristinformation.com\/de\/sehenswurdigkeiten\/museum\/antalya-archaologisch\/\">Arch\u00e4ologischen Museum Antalya<\/a> werden in einem speziellen Saal die aus Termessos stammenden Sarkophage ausgestellt.<\/p>\n<p><span><img decoding=\"async\" alt=\"Tomb of Alcetas at Termessos in Antalya in Turkey\" data-id=\"457\" width=\"702\" data-init-width=\"1000\" height=\"470\" data-init-height=\"670\" title=\"Tomb of Alcetas at Termessos in Antalya in Turkey\" loading=\"lazy\" src=\"https:\/\/antalyatouristinformation.com\/de\/wp-content\/uploads\/sites\/10\/2021\/02\/termessos-tomb-in-Antalya-in-Turkey.jpg\" data-width=\"702\" data-height=\"470\" data-pinpro-key=\"3ejmi267q\" data-pin-media=\"https:\/\/antalyatouristinformation.com\/de\/wp-content\/uploads\/sites\/10\/2021\/06\/Antalya-Pinterest-4-9.jpg\" data-pin-description=\"Antike Stadt Termessos in Antalya | Antalya Tourist Information\" data-pin-url=\"https:\/\/antalyatouristinformation.com\/de\/things-to-do\/history\/termessos\/?tve=true&amp;tcbf=22c34766f8\"><\/span><\/p>\n<h3>Grabmal des Alcetas<\/h3>\n<p>In der oberen Nekropole entdeckt ihr ein bedeutendes Grab, das von Alcetas. Er war einer der Befehlshaber von Alexander dem Gro\u00dfen und wollte nach Alexanders Tod die Kontrolle \u00fcber Termessos \u00fcbernehmen. Junge Einwohner aus Termessos bauten f\u00fcr ihn ein ehrenvolles Mausoleum.<\/p>\n<p>Nach dem Tod von Alexander dem Gro\u00dfen kam es zu einem Konflikt zwischen zwei seiner Befehlshaber: Antigonos und Alcetas. Antigonos besiegte Alcetas, aber die Einwohner von Termessos verteidigten Alcetas. Aus diesem Grund wurde die Stadt erneut belagert. Schlie\u00dflich beging Alcetas Selbstmord und sein Leichnam wurde an Antigonos \u00fcbergeben. Zu seinem Andenken errichteten Alcetas&#8216; Verteidiger das Denkmal, das ihn k\u00e4mpfend auf seinem Pferd zeigt.<\/p>\n<p><span><img decoding=\"async\" alt=\"Theater of Termessos in Antalya in Turkey\" data-id=\"466\" width=\"702\" data-init-width=\"1000\" height=\"470\" data-init-height=\"670\" title=\"Theater of Termessos in Antalya in Turkey\" loading=\"lazy\" src=\"https:\/\/antalyatouristinformation.com\/de\/wp-content\/uploads\/sites\/10\/2021\/02\/termessos-theater-Antalya-in-Turkey.jpg\" data-width=\"702\" data-height=\"470\" data-pinpro-key=\"zxevhyn7m\" data-pin-media=\"https:\/\/antalyatouristinformation.com\/de\/wp-content\/uploads\/sites\/10\/2021\/06\/Antalya-Pinterest-4-9.jpg\" data-pin-description=\"Antike Stadt Termessos in Antalya | Antalya Tourist Information\" data-pin-url=\"https:\/\/antalyatouristinformation.com\/de\/things-to-do\/history\/termessos\/?tve=true&amp;tcbf=22c34766f8\"><\/span><\/p>\n<h2 id=\"t-1624950630607\">Theater<\/h2>\n<p>Ein Highlight ist das Theater mit Ausblick auf das Taurusgebirge. Man kann es problemlos als eine der weltweit interessantesten Bauwerke bezeichnen. Das Theater hat 4.200 Sitzpl\u00e4tze. Es weist Elemente eines r\u00f6mischen Theaters auf, hat aber das halbkreisf\u00f6rmige Design aus hellenistischer Zeit.<\/p>\n<h3>Odeon<\/h3>\n<p>\u00c4hnlich wie in anderen klassischen St\u00e4dten befand sich etwa 100 Meter neben dem Theater ein Odeon. Der Bau \u00e4hnelt einem kleinen Theater und stammt aus dem 1. Jahrhundert vor unserer Zeitrechnung. Die Steinkonstruktion ist gut erhalten.<\/p>\n<h3>Tempel der Artemis<\/h3>\n<p>Sowohl der Tempel als auch die Kultstatue darin wurden von einer Frau namens &#8222;Aurelia Armasta&#8220; und ihrem Mann erbaut. Aufgrund des Stils vermutet man, dass die Geschichte des Tempels bis ins Ende des 2. Jahrhunderts nach unserer Zeitrechnung zur\u00fcckreicht.<\/p>\n<h3>Tempel des Zeus Solymeus<\/h3>\n<p>Der Tempel war dem Schutzgott der Stadt, Zeus Solymeus, geweiht. Leider ist vom Tempel nur noch eine f\u00fcnf Meter hohe Mauer \u00fcbrig.<\/p>\n<p><span><img decoding=\"async\" alt=\"Road Ruins of Termessos in Antalya in Turkey\" data-id=\"463\" width=\"702\" data-init-width=\"1000\" height=\"470\" data-init-height=\"670\" title=\"Road Ruins of Termessos in Antalya in Turkey\" loading=\"lazy\" src=\"https:\/\/antalyatouristinformation.com\/de\/wp-content\/uploads\/sites\/10\/2021\/02\/termessos-road-ruins-in-Antalya-in-Turkey.jpg\" data-width=\"702\" data-height=\"470\" data-pinpro-key=\"z23i9m5q6\" data-pin-media=\"https:\/\/antalyatouristinformation.com\/de\/wp-content\/uploads\/sites\/10\/2021\/06\/Antalya-Pinterest-4-9.jpg\" data-pin-description=\"Antike Stadt Termessos in Antalya | Antalya Tourist Information\" data-pin-url=\"https:\/\/antalyatouristinformation.com\/de\/things-to-do\/history\/termessos\/?tve=true&amp;tcbf=22c34766f8\"><\/span><\/p>\n<h2 id=\"t-1624950630608\" data-alt-text=\"Eintritt, Tickets &amp; F\u00fchrungen\">Eintritt, Tickets und F\u00fchrungen<\/h2>\n<ul>\n<li><span><strong>Eintritt: <\/strong>Ihr k\u00f6nnt Termessos in der Sommersaison von 10.00 &#8211; 16.00 Uhr und in der Wintersaison von 08.30 &#8211; 17.30 Uhr besuchen. Der Ticketverkauf endet eine Stunde vor Schlie\u00dfung<strong>.<\/strong><\/span><\/li>\n<li><span><strong>Tickets:<\/strong> Tickets f\u00fcr die antike Stadt Termessos sind vor Ort erh\u00e4ltlich.&nbsp;<\/span><\/li>\n<li><span><strong>Museumspass:<\/strong> Falls ihr den Museumspass Akdeniz habt, k\u00f6nnt ihr die antike Stadt kostenlos besuchen. Holt euch euren Museumspass in unserem Shop.<\/span><\/li>\n<\/ul>\n<ul>\n<li><span><strong>Tipp:<\/strong> Falls ihr Tickets f\u00fcr Vergn\u00fcgungsparks, Museen und Touren f\u00fcr eure Antalya-Reise vorab buchen m\u00f6chtet, solltet ihr unbedingt einen Blick auf die Angebote in unserem offiziellen Shop werfen.<\/span><\/li>\n<\/ul>\n<p><span><img decoding=\"async\" alt=\"Road to Termessos in Antalya in Turkey\" data-id=\"464\" width=\"702\" data-init-width=\"1000\" height=\"470\" data-init-height=\"670\" title=\"Road to Termessos in Antalya in Turkey\" loading=\"lazy\" src=\"https:\/\/antalyatouristinformation.com\/de\/wp-content\/uploads\/sites\/10\/2021\/02\/termessos-road-in-Antalya-in-Turkey.jpg\" data-width=\"702\" data-height=\"470\" data-pinpro-key=\"tcapsd6qj\" data-pin-media=\"https:\/\/antalyatouristinformation.com\/de\/wp-content\/uploads\/sites\/10\/2021\/06\/Antalya-Pinterest-4-9.jpg\" data-pin-description=\"Antike Stadt Termessos in Antalya | Antalya Tourist Information\" data-pin-url=\"https:\/\/antalyatouristinformation.com\/de\/things-to-do\/history\/termessos\/?tve=true&amp;tcbf=22c34766f8\"><\/span><\/p>\n<h2 id=\"t-1624950630609\" data-alt-text=\"Anfahrt\">Wie komme ich von Antalya nach Termessos?<\/h2>\n<p>Von Antalya aus fahrt ihr 6,5 Kilometer in Richtung Korkuteli. Anschlie\u00dfend seht ihr auf der rechten Seite eine Abzweigung zur &#8222;<a href=\"https:\/\/antalyatouristinformation.com\/de\/sehenswurdigkeiten\/hohle\/karain\/\">Karain-H\u00f6hle<\/a>&#8220; und auf der linken Seite ein Schild zum &#8222;G\u00fcll\u00fck Berg Termessos Nationalpark &#8222;.<\/p>\n<p>Die Karain-H\u00f6hle ist 11 km von dieser Abzweigung entfernt. Daher kann man die beiden Ausfl\u00fcge gut miteinander kombinieren. Nachdem ihr den Eingang des Nationalparks passiert habt, erwartet euch noch eine 8,5 km lange Strecke auf einer kurvenreichen, asphaltierten Stra\u00dfe. Im Anschluss erreicht ihr den Parkplatz.<\/p>\n<p>Entlang der antiken Stra\u00dfe k\u00f6nnt ihr Ruinen entdecken. Die Stra\u00dfe ist auch als &#8222;K\u00f6nigsstra\u00dfe&#8220; bekannt.<\/p>\n<ul>\n<li><strong>Mietwagen<\/strong>: Die antike Stadt Termessos liegt an der Antalya-Korkuteli-Autobahn, etwa 37 km von Antalya entfernt. Die Fahrt mit dem Auto dauert etwa 45 Minuten. Mehr lesen: <a href=\"https:\/\/antalyatouristinformation.com\/de\/plan\/mietwagen\/\">Mietwagen in Antalya<\/a>.<\/li>\n<li><strong>Minibus<\/strong>: Es ist nicht m\u00f6glich, den Eingang von Termessos mit dem <a href=\"https:\/\/antalyatouristinformation.com\/de\/offentlicher-verkehr\/\">\u00f6ffentlichen Verkehr<\/a> zu erreichen. Falls ihr mit dem Minibus (Dolmu\u015f) fahrt, solltet ihr daher darauf gefasst sein, einiges zu Fu\u00df zur\u00fcckzulegen. Nehmt den Minibus &#8222;Antalya-Korkuteli&#8220; und steigt an der Kreuzung &#8222;Termessos&#8220; aus. Von hier aus nehmt ihr entweder ein <a href=\"https:\/\/antalyatouristinformation.com\/de\/offentlicher-verkehr\/taxi\/\">Taxi <\/a>oder wandert zu Fu\u00df zum Gel\u00e4nde hinauf. Die 8,5 km lange Stra\u00dfe eignet sich f\u00fcr Wanderer, die historische St\u00e4tten m\u00f6gen. F\u00fcr Personen, die an k\u00f6rperlichen Gebrechen leiden, ist sie keine gute Option. Denkt an eine gro\u00dfe Flasche Wasser und bequeme Schuhe.<\/li>\n<\/ul>\n<p><span><img decoding=\"async\" alt=\"Termessos Ancient Site in Antalya in Turkey\" data-id=\"455\" width=\"702\" data-init-width=\"1000\" height=\"470\" data-init-height=\"670\" title=\"Termessos Ancient Site in Antalya in Turkey\" loading=\"lazy\" src=\"https:\/\/antalyatouristinformation.com\/de\/wp-content\/uploads\/sites\/10\/2021\/02\/termessos-in-Antalya-in-Turkey.jpg\" data-width=\"702\" data-height=\"470\" data-pinpro-key=\"uheqi3nd3\" data-pin-media=\"https:\/\/antalyatouristinformation.com\/de\/wp-content\/uploads\/sites\/10\/2021\/06\/Antalya-Pinterest-4-9.jpg\" data-pin-description=\"Antike Stadt Termessos in Antalya | Antalya Tourist Information\" data-pin-url=\"https:\/\/antalyatouristinformation.com\/de\/things-to-do\/history\/termessos\/?tve=true&amp;tcbf=22c34766f8\"><\/span><\/p>\n<h2 id=\"t-1619536151707\" data-alt-text=\"FAQ \">FAQ (H\u00e4ufige Fragen)<\/h2>\n<p><span><img decoding=\"async\" alt=\"Theater of Termessos in Antalya in Turkey\" data-id=\"452\" width=\"702\" data-init-width=\"1000\" height=\"470\" data-init-height=\"670\" title=\"Theater of Termessos in Antalya in Turkey\" loading=\"lazy\" src=\"https:\/\/antalyatouristinformation.com\/de\/wp-content\/uploads\/sites\/10\/2021\/02\/termessos-theater-in-Antalya-in-Turkey.jpg\" data-width=\"702\" data-height=\"470\" data-pinpro-key=\"nr1xkxu3r\" data-pin-media=\"https:\/\/antalyatouristinformation.com\/de\/wp-content\/uploads\/sites\/10\/2021\/06\/Antalya-Pinterest-4-9.jpg\" data-pin-description=\"Antike Stadt Termessos in Antalya | Antalya Tourist Information\" data-pin-url=\"https:\/\/antalyatouristinformation.com\/de\/things-to-do\/history\/termessos\/?tve=true&amp;tcbf=22c34766f8\"><\/span><\/p>\n<h2 id=\"t-1624950630610\" data-alt-text=\"Geschichte\">Geschichte von Termessos<\/h2>\n<p>\u00dcber das genaue Gr\u00fcndungsdatum der Stadt Termessos ist nichts bekannt. Die Bewohner von Termessos geh\u00f6rten zum Bergvolk Pisidiens. Laut dem Geographen Strabo nannten sie sich &#8222;Solymi&#8220;. Solymos war einer der anatolischen G\u00f6tter, der sp\u00e4ter mit Zeus gleichgesetzt wurde. Auch der Berg hier wurde nach ihm benannt. Solymos wurde h\u00e4ufig auf die M\u00fcnzen von Termessos gepr\u00e4gt. In Homers ber\u00fchmtem Werk \u201eIlias\u201c wird Solymos im Zusammenhang mit der Sage von Bellerophon erw\u00e4hnt.<\/p>\n<p>In den historischen Quellen taucht Termessos jedoch erst um 334 vor unserer Zeitrechnung auf. Zu der Zeit zog Alexander der Gro\u00dfe durch die Gegend. Aufgrund ihrer strategisch g\u00fcnstigen Lage hoch in den Bergen griff er die Stadt nicht an.<\/p>\n<p>Die Bewohner von Termessos lebten in der hellenistischen und r\u00f6mischen Zeit als &#8222;Freunde und Verb\u00fcndete&#8220; der R\u00f6mer komfortabel. Die Stadt geh\u00f6rte zu der r\u00f6mischen Provinz Pamphylia.<\/p>\n<p>Termessos wurde nach einem allm\u00e4hlichen Niedergang im 5. Jahrhundert endg\u00fcltig aufgegeben. Die <a href=\"https:\/\/antalyatouristinformation.com\/de\/sehenswurdigkeiten\/geschichte\/\">antiken Ruinen<\/a> weisen Sch\u00e4den durch Erdbeben auf. Daher liegt die Vermutung nahe, dass ein Erdbeben dazu f\u00fchrte, dass die Bewohner die Stadt verlie\u00dfen.<\/p>\n<p>Die Stadt geh\u00f6rt aufgrund ihrer reichen Natur und dem historischen Erbe zur Kategorie der <a href=\"https:\/\/antalyatouristinformation.com\/de\/sehenswurdigkeiten\/attraktionen\/nationalpark\/\">Nationalparks<\/a>. Arch\u00e4ologische Ausgrabungen hat es in Termessos bisher noch nicht gegeben.<\/p>\n<h2 id=\"t-1624950630611\">Kontakt<\/h2>\n<ul>\n<li><span><strong>Adresse:&nbsp;<\/strong>Bayatbademleri, G\u00fcll\u00fck da\u011f\u0131, Termessos Milli Park\u0131 \/ Antalya<\/span><\/li>\n<li><span><strong>\u00d6ffnungszeiten:<\/strong> In der Sommersaison von 10.00 bis 16.00 Uhr, in der Wintersaison von 08.30 bis 17.30 Uhr.<\/span><\/li>\n<li><span><strong>\u00d6ffentlicher Verkehr: <\/strong>Privates Auto oder Minibus<\/span><\/li>\n<\/ul>\n","protected":false},"excerpt":{"rendered":"<p>Das ist unser kompletter Guide zur antiken Stadt Termessos. Die sehr gut erhaltene antike Festungsstadt liegt 1050 Meter \u00fcber dem Meeresspiegel und geh\u00f6rt zu den wichtigsten antiken St\u00e4tten in Antalya. Wir verraten euch hier alle wichtigen Infos, Reisetipps, Eintrittspreise und die Geschichte von Termessos. Fangen wir mit dem an, was ihr dort machen k\u00f6nnt \u2026 [&hellip;]<\/p>\n","protected":false},"author":4,"featured_media":453,"parent":119,"menu_order":0,"comment_status":"open","ping_status":"closed","template":"","meta":{"_acf_changed":false,"footnotes":""},"categories":[],"tags":[43,37,42],"class_list":["post-138","page","type-page","status-publish","has-post-thumbnail","hentry","tag-antiquity","tag-hiking","tag-history","post-wrapper","thrv_wrapper"],"acf":[],"wp-worthy-pixel":{"ignored":false,"public":null,"server":null,"url":null},"wp-worthy-type":"normal","_links":{"self":[{"href":"https:\/\/antalyatouristinformation.com\/de\/wp-json\/wp\/v2\/pages\/138","targetHints":{"allow":["GET"]}}],"collection":[{"href":"https:\/\/antalyatouristinformation.com\/de\/wp-json\/wp\/v2\/pages"}],"about":[{"href":"https:\/\/antalyatouristinformation.com\/de\/wp-json\/wp\/v2\/types\/page"}],"author":[{"embeddable":true,"href":"https:\/\/antalyatouristinformation.com\/de\/wp-json\/wp\/v2\/users\/4"}],"replies":[{"embeddable":true,"href":"https:\/\/antalyatouristinformation.com\/de\/wp-json\/wp\/v2\/comments?post=138"}],"version-history":[{"count":10,"href":"https:\/\/antalyatouristinformation.com\/de\/wp-json\/wp\/v2\/pages\/138\/revisions"}],"predecessor-version":[{"id":15182,"href":"https:\/\/antalyatouristinformation.com\/de\/wp-json\/wp\/v2\/pages\/138\/revisions\/15182"}],"up":[{"embeddable":true,"href":"https:\/\/antalyatouristinformation.com\/de\/wp-json\/wp\/v2\/pages\/119"}],"wp:featuredmedia":[{"embeddable":true,"href":"https:\/\/antalyatouristinformation.com\/de\/wp-json\/wp\/v2\/media\/453"}],"wp:attachment":[{"href":"https:\/\/antalyatouristinformation.com\/de\/wp-json\/wp\/v2\/media?parent=138"}],"wp:term":[{"taxonomy":"category","embeddable":true,"href":"https:\/\/antalyatouristinformation.com\/de\/wp-json\/wp\/v2\/categories?post=138"},{"taxonomy":"post_tag","embeddable":true,"href":"https:\/\/antalyatouristinformation.com\/de\/wp-json\/wp\/v2\/tags?post=138"}],"curies":[{"name":"wp","href":"https:\/\/api.w.org\/{rel}","templated":true}]}}