{"id":140,"date":"2021-02-15T12:19:43","date_gmt":"2021-02-15T11:19:43","guid":{"rendered":"http:\/\/antalyatouristinformation.com\/clone4639485xzhehsskdjfhhdhebdkkekdeewsd4545gdfgm\/?page_id=140"},"modified":"2024-01-18T17:31:58","modified_gmt":"2024-01-18T16:31:58","slug":"oberer-duden","status":"publish","type":"page","link":"https:\/\/antalyatouristinformation.com\/de\/sehenswurdigkeiten\/wasserfalle\/oberer-duden\/","title":{"rendered":"Oberer D\u00fcden Wasserfall in Antalya: Der komplette Guide"},"content":{"rendered":"<p>Hier ist unser Guide f\u00fcr den oberen D\u00fcden Wasserfall, etwa 12 km nord\u00f6stlich vom Stadtzentrum von Antalya.<\/p>\n<p>Die Natur-Oase ist eine der besten Erholungsgebiete in der Region Antalya.<\/p>\n<p>In unserem Guide findet ihr Reisetipps und die wichtigsten Infos vor eurem Besuch, einschlie\u00dflich Anfahrt, Eintritt und die Geschichte des D\u00fcden Wasserfalls.<\/p>\n<p>Fangen wir mit dem an, was ihr vor Ort machen k\u00f6nnt!<\/p>\n<p><span><img decoding=\"async\" alt=\"Upper Duden Waterfall kepez in Antalya in Turkey\" data-id=\"849\" width=\"702\" data-init-width=\"1000\" height=\"470\" data-init-height=\"670\" title=\"Upper Duden Waterfall kepez in Antalya in Turkey\" loading=\"lazy\" src=\"https:\/\/antalyatouristinformation.com\/de\/wp-content\/uploads\/sites\/10\/2021\/03\/Upper-Duden-Waterfall-kepez-Antalya.jpg\" data-width=\"702\" data-height=\"470\" data-pinpro-key=\"cno6pva3x\" data-pin-media=\"https:\/\/antalyatouristinformation.com\/de\/wp-content\/uploads\/sites\/10\/2021\/07\/antalya-deutsch-pinterest-1-4.jpg\" data-pin-description=\"Visit the Upper D\u00fcden Waterfall in Antalya, Turkey \u27a4 Read Info on \u2714 Access \u2714 Tour \u2714 Tips \u2714\" data-pin-url=\"https:\/\/antalyatouristinformation.com\/de\/things-to-do\/waterfall\/upper-duden\/?tve=true&amp;tcbf=8a45bbc0ac\"><\/span><\/p>\n<h2 id=\"t-1625046595563\" data-alt-text=\"Was kann ich machen?\">Was kann ich am oberen D\u00fcden Wasserfall machen?<\/h2>\n<p>Der obere D\u00fcden Wasserfall ist auch als &#8222;Alexanderfall&#8220; bekannt. Alexander der Gro\u00dfe, der zwischen 334 und 333 vor unserer Zeitrechnung Pamphylien eroberte, soll hier auf der Durchreise durch die Region seinen Pferden Wasser gegeben haben.<\/p>\n<p>Als Erholungsort wird der Wasserfall von Besuchern bevorzugt, die fernab vom Stadtzentrum Ruhe in der Natur finden wollen. Wie ihr euch vorstellen k\u00f6nnt, ist er besonders an hei\u00dfen Tagen eine willkommene Abwechslung.<\/p>\n<p>Neben dem Wasserfall findet ihr hier Pl\u00e4tze mit malerischen Aussichten, sowie Restaurants und Caf\u00e9s. Die etlichen Restaurants befinden sich zu beiden Seiten des Sees. Ihr k\u00f6nnt aber genauso gut euer eigenes Essen mitbringen und es an den Picknickpl\u00e4tzen genie\u00dfen. Ein Picknick am Bach kann sehr erfrischend sein. An hei\u00dfen Tagen k\u00f6nnt ihr die F\u00fc\u00dfe ins Wasser tauchen und euch wunderbar abk\u00fchlen.<\/p>\n<h3>Malerische Ausblicke von den H\u00f6hlen<\/h3>\n<p>Ein weiteres Highlight sind die hinter dem Wasserfall gelegenen H\u00f6hlen. Die L\u00f6cher in den H\u00f6hlen sind wie Fenster, von denen ihr sch\u00f6ne Aussichten bewundern k\u00f6nnt. Ihr k\u00f6nnt sogar unter der Stelle vorbeigehen, an dem der Wasserfall flie\u00dft. Vergesst nicht, von der H\u00f6hle aus das herabflie\u00dfende Wasser des Wasserfalls zu beobachten! In den H\u00f6hlen m\u00fcsst ihr euch manchmal b\u00fccken und es kann ziemlich feucht sein. Seid daher besonders vorsichtig, damit ihr nicht ausrutscht.<\/p>\n<p><span><img decoding=\"async\" alt=\"upper d\u00fcden waterfall in Antalya in Turkey\" data-id=\"852\" width=\"702\" data-init-width=\"1000\" height=\"470\" data-init-height=\"670\" title=\"upper d\u00fcden waterfall in Antalya in Turkey\" loading=\"lazy\" src=\"https:\/\/antalyatouristinformation.com\/de\/wp-content\/uploads\/sites\/10\/2021\/03\/upper-dueden-waterfalls-in-antalya.jpg\" data-width=\"702\" data-height=\"470\" data-pinpro-key=\"501aowcj8\" data-pin-media=\"https:\/\/antalyatouristinformation.com\/de\/wp-content\/uploads\/sites\/10\/2021\/07\/antalya-deutsch-pinterest-1-4.jpg\" data-pin-description=\"Visit the Upper D\u00fcden Waterfall in Antalya, Turkey \u27a4 Read Info on \u2714 Access \u2714 Tour \u2714 Tips \u2714\" data-pin-url=\"https:\/\/antalyatouristinformation.com\/de\/things-to-do\/waterfall\/upper-duden\/?tve=true&amp;tcbf=8a45bbc0ac\"><\/span><\/p>\n<h2 id=\"t-1625046595564\" data-alt-text=\"Eintritt, Tickets &amp; F\u00fchrungen\">Eintritt, Tickets und F\u00fchrungen<\/h2>\n<ul>\n<li><span><strong><b>Eintritt:<\/b> <\/strong>Der obere D\u00fcden Wasserfall kann t\u00e4glich besichtigt werden. Ihr k\u00f6nnt ihn im Sommer von 09:00 bis 19:30 Uhr und im Winter von 09:00 bis 18:00 Uhr besuchen.<\/span><\/li>\n<li><span><strong>Tickets:<\/strong> Es wird ein kleiner Eintrittspreis erhoben. Der Museumspass Akdeniz ist nicht g\u00fcltig.&nbsp;<\/span><\/li>\n<\/ul>\n<ul>\n<li><span><strong>Tipp:<\/strong> Falls ihr Tickets f\u00fcr Vergn\u00fcgungsparks, Museen und Touren f\u00fcr eure Antalya-Reise vorab buchen m\u00f6chtet, solltet ihr unbedingt einen Blick auf die Angebote in unserem offiziellen Shop werfen.<\/span><\/li>\n<\/ul>\n<h2 id=\"t-1625046595565\" data-alt-text=\"Anfahrt\">Wie komme ich zum oberen D\u00fcden Wasserfall?<\/h2>\n<p>Der obere D\u00fcden Wasserfall&nbsp; liegt im Stadtteil Kepez der Stadt Varsak.<\/p>\n<ul>\n<li><b>Mit dem Minibus:<\/b> Ihr k\u00f6nnt in die Minibusse (Dolmu\u015f) nach Varsak einsteigen, die vom Stadtzentrum von Antalya abfahren.<\/li>\n<li><b>Mit dem \u00f6ffentlichen Bus: <\/b>Alternativ k\u00f6nnt ihr den Wasserfall mit den st\u00e4dtischen Buslinien VC30, CV17A, VL62, VF66, VC69, 524 und 524A erreichen.<\/li>\n<\/ul>\n<h2 id=\"t-1619177756044\" data-alt-text=\"FAQ\">FAQ (H\u00e4ufige Fragen)<\/h2>\n<p><span><img decoding=\"async\" alt=\"upper duden waterfall \u0131n antalya \u0131n turkey\" data-id=\"850\" width=\"702\" data-init-width=\"1000\" height=\"470\" data-init-height=\"670\" title=\"upper duden waterfall \u0131n antalya \u0131n turkey\" loading=\"lazy\" src=\"https:\/\/antalyatouristinformation.com\/de\/wp-content\/uploads\/sites\/10\/2021\/03\/upper-duden-waterfall-in-antalya-in-turkey.jpg\" data-width=\"702\" data-height=\"470\" data-pinpro-key=\"r4jylokmy\" data-pin-media=\"https:\/\/antalyatouristinformation.com\/de\/wp-content\/uploads\/sites\/10\/2021\/07\/antalya-deutsch-pinterest-1-4.jpg\" data-pin-description=\"Visit the Upper D\u00fcden Waterfall in Antalya, Turkey \u27a4 Read Info on \u2714 Access \u2714 Tour \u2714 Tips \u2714\" data-pin-url=\"https:\/\/antalyatouristinformation.com\/de\/things-to-do\/waterfall\/upper-duden\/?tve=true&amp;tcbf=8a45bbc0ac\"><\/span><\/p>\n<h2 id=\"t-1625046595566\" data-alt-text=\"Geschichte\">Geschichte des oberen D\u00fcden Wasserfalls<\/h2>\n<p>Der D\u00fcden Fluss entspringt 30 km von Antalya entfernt aus einer Reihe von Karstquellen, die sich unter dem Oberbegriff K\u0131rkg\u00f6zler vereinen. Das Wasser sammelt sich in einem Strom und wird durch Kan\u00e4le zu den Turbinen der Wasserkraftwerke in Kepez geleitet. Daraufhin flie\u00dft es durch einen k\u00fcnstlichen Kanal, der von Westen nach Osten durch die Stadt f\u00fchrt und schlie\u00dflich den Ort D\u00fcdenba\u015f\u0131 erreicht. Dort beginnt das alte Flussbett, in dem sich der obere D\u00fcden Wasserfall befindet.<\/p>\n<p>Der Regulator, der vor der B\u0131y\u0131kl\u0131-Senke gebaut wurde, leitet das Wasser aus den beiden Quellfl\u00fcsschen K\u0131rkg\u00f6zler und P\u0131narba\u015f\u0131 durch den Kanal zum Kepez-Wasserkraftwerk. Dort wird es durch ein Druckrohr zu einem Auszugstrichter gef\u00fchrt und \u00fcber die Turbine der Anlage abgesenkt. In D\u00fcdenba\u015f\u0131 flie\u00dft das Wasser wiederum aus einer Abflussanlage, wo es k\u00fcnstliche Kaskaden bildet. Von hier aus formt sich die Wassermenge zu einem gro\u00dfen Fluss. Sieben Bew\u00e4sserungsgr\u00e4ben verteilen das Wasser auf das Land nord\u00f6stlich von Antalya.<\/p>\n<p>Das Areal des oberen D\u00fcden Wasserfall wurde zwischen 1970 und 1972 von der DS\u0130 in ein Picknick- und Erholungsgebiet umgestaltet.<\/p>\n<p>Mehr dazu findet ihr in <a href=\"https:\/\/antalyatouristinformation.com\/de\/sehenswurdigkeiten\/wasserfalle\/\">unserer Liste mit den sch\u00f6nsten Wasserf\u00e4llen in der Region Antalya.<\/a><\/p>\n<h2 id=\"t-1625046595567\">Kontakt<\/h2>\n<ul>\n<li><span><strong>Adresse:&nbsp;<\/strong>D\u00fcdenbas\u0131 mah 21 Cad, D\u00fcden Cd. 07320 Kepez\/Antalya<\/span><\/li>\n<li><span><strong>\u00d6ffnungszeiten: <\/strong>Im Sommer von 09:00 &#8211; 19:30 Uhr und im Winter von 09:00 &#8211; 18:00 Uhr.<\/span><\/li>\n<li><span><strong>\u00d6ffentlicher Verkehr: <\/strong>Mit den Buslinien VC30, CV17A, VL62, VF66, VC69, 524 oder 524A.<\/span><\/li>\n<\/ul>\n","protected":false},"excerpt":{"rendered":"<p>Hier ist unser Guide f\u00fcr den oberen D\u00fcden Wasserfall, etwa 12 km nord\u00f6stlich vom Stadtzentrum von Antalya. Die Natur-Oase ist eine der besten Erholungsgebiete in der Region Antalya. In unserem Guide findet ihr Reisetipps und die wichtigsten Infos vor eurem Besuch, einschlie\u00dflich Anfahrt, Eintritt und die Geschichte des D\u00fcden Wasserfalls. Fangen wir mit dem an, [&hellip;]<\/p>\n","protected":false},"author":5,"featured_media":854,"parent":135,"menu_order":0,"comment_status":"open","ping_status":"closed","template":"","meta":{"_acf_changed":false,"footnotes":""},"categories":[],"tags":[50],"class_list":["post-140","page","type-page","status-publish","has-post-thumbnail","hentry","tag-waterfall","post-wrapper","thrv_wrapper"],"acf":[],"wp-worthy-pixel":{"ignored":false,"public":"63a6a02c2d83479b9efc386e1a902015","server":"vg01.met.vgwort.de","url":"https:\/\/vg01.met.vgwort.de\/na\/63a6a02c2d83479b9efc386e1a902015"},"wp-worthy-type":"normal","_links":{"self":[{"href":"https:\/\/antalyatouristinformation.com\/de\/wp-json\/wp\/v2\/pages\/140","targetHints":{"allow":["GET"]}}],"collection":[{"href":"https:\/\/antalyatouristinformation.com\/de\/wp-json\/wp\/v2\/pages"}],"about":[{"href":"https:\/\/antalyatouristinformation.com\/de\/wp-json\/wp\/v2\/types\/page"}],"author":[{"embeddable":true,"href":"https:\/\/antalyatouristinformation.com\/de\/wp-json\/wp\/v2\/users\/5"}],"replies":[{"embeddable":true,"href":"https:\/\/antalyatouristinformation.com\/de\/wp-json\/wp\/v2\/comments?post=140"}],"version-history":[{"count":10,"href":"https:\/\/antalyatouristinformation.com\/de\/wp-json\/wp\/v2\/pages\/140\/revisions"}],"predecessor-version":[{"id":14721,"href":"https:\/\/antalyatouristinformation.com\/de\/wp-json\/wp\/v2\/pages\/140\/revisions\/14721"}],"up":[{"embeddable":true,"href":"https:\/\/antalyatouristinformation.com\/de\/wp-json\/wp\/v2\/pages\/135"}],"wp:featuredmedia":[{"embeddable":true,"href":"https:\/\/antalyatouristinformation.com\/de\/wp-json\/wp\/v2\/media\/854"}],"wp:attachment":[{"href":"https:\/\/antalyatouristinformation.com\/de\/wp-json\/wp\/v2\/media?parent=140"}],"wp:term":[{"taxonomy":"category","embeddable":true,"href":"https:\/\/antalyatouristinformation.com\/de\/wp-json\/wp\/v2\/categories?post=140"},{"taxonomy":"post_tag","embeddable":true,"href":"https:\/\/antalyatouristinformation.com\/de\/wp-json\/wp\/v2\/tags?post=140"}],"curies":[{"name":"wp","href":"https:\/\/api.w.org\/{rel}","templated":true}]}}