{"id":142,"date":"2021-02-15T12:20:03","date_gmt":"2021-02-15T11:20:03","guid":{"rendered":"http:\/\/antalyatouristinformation.com\/clone4639485xzhehsskdjfhhdhebdkkekdeewsd4545gdfgm\/?page_id=142"},"modified":"2024-08-24T13:55:45","modified_gmt":"2024-08-24T11:55:45","slug":"unterer-duden","status":"publish","type":"page","link":"https:\/\/antalyatouristinformation.com\/de\/sehenswurdigkeiten\/wasserfalle\/unterer-duden\/","title":{"rendered":"Unterer D\u00fcden Wasserfall: Boots-Touren und Tipps"},"content":{"rendered":"<p>Das ist der komplette Guide zum D\u00fcden Wasserfall in Antalya.<\/p>\n<p>Der Untere D\u00fcden-Wasserfall liegt direkt im Zentrum von Antalya.<\/p>\n<p>Ihr k\u00f6nnt ihn entweder bequem w\u00e4hrend eines Spaziergangs durch den Stadtteil Lara von oben besichtigen oder bei einer Bootstour vom Meer aus bestaunen.<\/p>\n<p>Hier sind ihr <strong>alle wichtigen Informationen,<\/strong> die ihr vor dem Besuch des Wasserfalls wissen solltet. Dazu geh\u00f6ren <strong>Tipps, Bootstouren und Anfahrt.<\/strong><\/p>\n<p><span><img decoding=\"async\" alt=\"Lower D\u00fcden Waterfall in Lara in Antalya Turkey\" data-id=\"5602\" width=\"702\" data-init-width=\"1000\" height=\"468\" data-init-height=\"667\" title=\"Lower D\u00fcden Waterfall in Lara in Antalya Turkey\" loading=\"lazy\" src=\"https:\/\/antalyatouristinformation.com\/de\/wp-content\/uploads\/sites\/10\/2021\/05\/Lower-Dueden-Waterfall-in-Lara-in-Antalya-Turkey.jpg\" data-width=\"702\" data-height=\"468\" data-pinpro-key=\"xp7veqvoy\" data-pin-media=\"https:\/\/antalyatouristinformation.com\/de\/wp-content\/uploads\/sites\/10\/2021\/06\/prag_50_sehenswuerdigkeiten_pinterest-9.jpg\" data-pin-description=\"Will you visit the Lower D\u00fcden Waterfall in Antalya, Turkey ? \u27a4 Read Info on \u2714 Access \u2714 Boat Tour \u2714 Tips \u2714\" data-pin-url=\"https:\/\/antalyatouristinformation.com\/de\/things-to-do\/waterfall\/lower-duden\/?tve=true&amp;tcbf=8a45bbc0ac\" style=\"aspect-ratio: auto 1000 \/ 667\"><\/span><\/p>\n<h2 id=\"t-1625079635847\" data-alt-text=\"Was kann ich dort machen?\">Was kann ich beim Unteren D\u00fcden-Wasserfall in Lara machen?<\/h2>\n<p>Der Untere D\u00fcden-Wasserfall wird auch \u201eKarpuzkald\u0131ran\u201c genannt. Auf Deutsch hei\u00dft das so viel wie \u201eWassermelonen-Heber\u201c. Das ist der Name der Gegend, in der der Wasserfall liegt.<\/p>\n<p>Es gibt zwei Wasserf\u00e4lle mit demselben Namen. Beide entstehen aus dem Fluss D\u00fcden, der einer der gr\u00f6\u00dften Fl\u00fcsse S\u00fcdanatoliens ist. Der <a href=\"https:\/\/antalyatouristinformation.com\/de\/sehenswurdigkeiten\/wasserfalle\/oberer-duden\/\">Obere D\u00fcden Wasserfall<\/a> liegt etwa 15 Kilometer n\u00f6rdlich der K\u00fcste von Antalya in einem Naturpark.<\/p>\n<p>Der Untere D\u00fcden Wasserfall hingegen ist die Stelle, an der das Wasser des Flusses von einer 40 Meter hohen Steilklippe an der K\u00fcste ins Meer st\u00fcrzt. Das Naturschauspiel ist eine der <a href=\"https:\/\/antalyatouristinformation.com\/de\/sehenswurdigkeiten\/attraktionen\/\">Top-Attraktionen<\/a> in Antalya.<\/p>\n<p>Ihr k\u00f6nnt den Wasserfall vom <b>D\u00fcden Park<\/b> aus beobachten. Hier findet ihr eine Aussichtsterrasse, die einen besonders sch\u00f6nen Blick auf den Wasserfall bietet. Die Gewalt des herabfallenden Wassers macht sich an dem k\u00fchlen Luftzug bemerkbar. Ihr sp\u00fcrt ihn sogar noch hier oben. Im D\u00fcden Park gibt es einen Picknickplatz und eine Cafeteria. Fr\u00fchst\u00fccken mit Blick auf den D\u00fcden Wasserfall ist sehr beliebt in Antalya.<\/p>\n<p><span><img decoding=\"async\" alt=\"Duden waterfall in Antalya in Turkey\" data-id=\"5529\" width=\"702\" data-init-width=\"1000\" height=\"468\" data-init-height=\"667\" title=\"Duden waterfall in Antalya in Turkey\" loading=\"lazy\" src=\"https:\/\/antalyatouristinformation.com\/de\/wp-content\/uploads\/sites\/10\/2021\/05\/Duden-waterfall-in-Antalya-in-Turkey.jpg\" data-width=\"702\" data-height=\"468\" data-pinpro-key=\"o42ifhzh6\" data-pin-media=\"https:\/\/antalyatouristinformation.com\/de\/wp-content\/uploads\/sites\/10\/2021\/06\/prag_50_sehenswuerdigkeiten_pinterest-9.jpg\" data-pin-description=\"Will you visit the Lower D\u00fcden Waterfall in Antalya, Turkey ? \u27a4 Read Info on \u2714 Access \u2714 Boat Tour \u2714 Tips \u2714\" data-pin-url=\"https:\/\/antalyatouristinformation.com\/de\/things-to-do\/waterfall\/lower-duden\/?tve=true&amp;tcbf=8a45bbc0ac\" style=\"aspect-ratio: auto 1000 \/ 667\"><\/span><\/p>\n<h2 id=\"t-1619797895767\" data-alt-text=\"Boots-Touren\"><b>Bootstouren zum D\u00fcden-Wasserfall von Kalei\u00e7i aus:<\/b><\/h2>\n<p>Vom Yachthafen in Kalei\u00e7i starten regelm\u00e4\u00dfig Ausflugsboote zur unteren Seite des Wasserfalls. Die beste Jahreszeit f\u00fcr die Tour sind Fr\u00fchling und Sommer, weil dann die Boote richtig nah an den Wasserfall heranfahren k\u00f6nnen.<\/p>\n<p>Vergesst eure Kamera nicht. Durch die Brechung der Sonnenstrahlen bildet sich oft ein Regenbogen \u00fcber dem Wasserfall. Ein tolles Fotomotiv!<\/p>\n<p>Ihr solltet auch eure Badesachen mitnehmen. Im Meer vor dem Wasserfall k\u00f6nnt ihr schwimmen.<\/p>\n<p>Die Stelle, an der der Wasserfall ins Meer st\u00fcrzt, ist f\u00fcr Fischer sehr wichtig. Dort treffen S\u00fc\u00df- und Salzwasser zusammen und es gibt hier sehr viele Fischarten.<\/p>\n<ul>\n<li><span><strong>Entfernung:&nbsp;<\/strong>Der Untere D\u00fcden Wasserfall liegt nur 2 Kilometer vom \u00f6ffentlichen Strand in Lara entfernt.<\/span><\/li>\n<li><span><a data-lt-tmp-id=\"lt-733868\" href=\"https:\/\/megapass.com\/tours-tickets\/antalya-city-tour-old-city-waterfalls-and-boat-trip-i2713?discountCode=ma-places\" rel=\"nofollow noopener\" target=\"_blank\">Beliebtester Ausflug ab Antalya: <strong>Antalya Stadtrundfahrt: Altstadt, Wasserf\u00e4lle und Bootsfahrt<\/strong><\/a>&nbsp;<em>(Bestseller)<\/em><\/span><\/li>\n<li><span>Hier findet ihr eine empfohlene&nbsp;<a data-lt-tmp-id=\"lt-897877\" href=\"https:\/\/megapass.com\/tours-tickets\/antalya-waterfalls-half-day-boat-cruise-i2785?discountCode=ma-places\" rel=\"nofollow noopener\" target=\"_blank\">halbt\u00e4gige Bootsfahrt zu den Wasserf\u00e4llen von Antalya<\/a><\/span><\/li>\n<li><span><strong>Tipp:<\/strong> Ihr k\u00f6nnt euren Besuch des Wasserfalls bequem mit einem Besuch von \u201e<a href=\"https:\/\/antalyatouristinformation.com\/de\/sehenswurdigkeiten\/attraktionen\/sandland\/\">Sandland\u201c, dem Sandskulpturen-Museum<\/a>, kombinieren.<\/span><\/li>\n<\/ul>\n<p><span><img decoding=\"async\" alt=\"karpuzkald\u0131ran waterfall by the sea in antalya in turkey\" data-id=\"775\" width=\"702\" data-init-width=\"1000\" height=\"470\" data-init-height=\"670\" title=\"karpuzkald\u0131ran waterfall by the sea in antalya in turkey\" loading=\"lazy\" src=\"https:\/\/antalyatouristinformation.com\/de\/wp-content\/uploads\/sites\/10\/2021\/02\/karpuzkaldiran-waterfall-by-the-sea-in-antalya-in-turkey.jpg\" data-width=\"702\" data-height=\"470\" data-pinpro-key=\"ld1ip1srl\" data-pin-media=\"https:\/\/antalyatouristinformation.com\/de\/wp-content\/uploads\/sites\/10\/2021\/06\/prag_50_sehenswuerdigkeiten_pinterest-9.jpg\" data-pin-description=\"Will you visit the Lower D\u00fcden Waterfall in Antalya, Turkey ? \u27a4 Read Info on \u2714 Access \u2714 Boat Tour \u2714 Tips \u2714\" data-pin-url=\"https:\/\/antalyatouristinformation.com\/de\/things-to-do\/waterfall\/lower-duden\/?tve=true&amp;tcbf=8a45bbc0ac\" style=\"aspect-ratio: auto 1000 \/ 670\"><\/span><\/p>\n<h2 id=\"t-1625079635848\">Eintritt, Tickets und Touren<\/h2>\n<p><b>Eintritt:<\/b> Der Wasserfall ist jeden Tag f\u00fcr Besucher ge\u00f6ffnet. Ihr braucht f\u00fcr den D\u00fcden Park keine Eintrittskarte. Der Parkplatz hier ist allerdings geb\u00fchrenpflichtig.<\/p>\n<p><b>Bootstouren:<\/b> Vom Yachthafen in Antalya aus k\u00f6nnt ihr eine Bootstour buchen. Die Preise der Touren variieren je nach Anbieter und Dauer der Tour. Manche Touren dauern bis zu 5 Stunden und kombinieren den Besuch mit anderen Attraktionen, die ihr vom Wasser aus besichtigen k\u00f6nnt.<\/p>\n<p>Wir raten euch, schon im Voraus eine Bootstour zu buchen und die Gegend vom Wasser aus zu genie\u00dfen.<\/p>\n<ul>\n<li><span><strong>Eintritt:<\/strong> Ihr k\u00f6nnt den Wasserfall zu jeder Tages- oder Nachtzeit besuchen.<\/span><\/li>\n<li><span><strong>Tickets:<\/strong> Ihr braucht kein Ticket kaufen, um den Unteren D\u00fcden Wasserfall zu besichtigen.<\/span><\/li>\n<li><span><strong>Touren:<\/strong> Vom Yachthafen in Antalya starten mehrmals t\u00e4glich Bootstouren. Am besten ihr bucht im Voraus.<strong> Zu unserer Empfehlung:<\/strong> <a data-lt-tmp-id=\"lt-897877\" href=\"https:\/\/megapass.com\/tours-tickets\/antalya-waterfalls-half-day-boat-cruise-i2785?discountCode=ma-places\" rel=\"nofollow noopener\" target=\"_blank\">Halbt\u00e4gige Bootsfahrt zu den Wasserf\u00e4llen von Antalya<\/a><\/span><\/li>\n<\/ul>\n<ul>\n<li><span><strong>Tipp:<\/strong> Hier findet ihr die<a href=\"https:\/\/megapass.com\/tours-tickets\/antalya-city-tour-old-city-waterfalls-and-boat-trip-i2713?discountCode=ma-places\" target=\"_blank\" rel=\"nofollow noopener\" data-lt-tmp-id=\"lt-298644\"> ideale Ganztagestour durch die Altstadt von Antalya,<\/a> einschlie\u00dflich der <strong>Oberen und Unteren D\u00fcden-Wasserf\u00e4lle, der Altstadt,&nbsp;<\/strong>einer entspannenden <strong>Bootstour<\/strong>, einem t\u00fcrkischen <strong>Mittagessen<\/strong> und einem unkomplizierten <strong>Hoteltransfer<\/strong>. Mehr Erlebnisse findet ihr in unserem Ticket-Shop:<\/span><\/li>\n<\/ul>\n<h2 id=\"t-1625079635849\" data-alt-text=\"Anfahrt\">Wie komme ich zum Unteren D\u00fcden Wasserfall?<\/h2>\n<p>Ihr k\u00f6nnt den Wasserfall vom Zentrum Antalyas aus mit dem Bus oder Minibus erreichen.<\/p>\n<p><b>Bus:<\/b> Die Buslinien KL08, LF09, LF10 und LC37 fahren vom Lara Strand und vom Zentrum aus zu dem Wasserfall.<\/p>\n<h2 style=\"text-align: center\" id=\"t-1619178348739\" data-alt-text=\"FAQ\">FAQ<\/h2>\n<p><span><img decoding=\"async\" alt=\"lower d\u00fcden fall in antalya in turkey\" data-id=\"777\" width=\"702\" data-init-width=\"1000\" height=\"470\" data-init-height=\"670\" title=\"lower d\u00fcden fall in antalya in turkey\" loading=\"lazy\" src=\"https:\/\/antalyatouristinformation.com\/de\/wp-content\/uploads\/sites\/10\/2021\/02\/lower-dueden-fall-in-antalya-in-turkey.jpg\" data-width=\"702\" data-height=\"470\" data-pinpro-key=\"pm8ak42vr\" data-pin-media=\"https:\/\/antalyatouristinformation.com\/de\/wp-content\/uploads\/sites\/10\/2021\/06\/prag_50_sehenswuerdigkeiten_pinterest-9.jpg\" data-pin-description=\"Will you visit the Lower D\u00fcden Waterfall in Antalya, Turkey ? \u27a4 Read Info on \u2714 Access \u2714 Boat Tour \u2714 Tips \u2714\" data-pin-url=\"https:\/\/antalyatouristinformation.com\/de\/things-to-do\/waterfall\/lower-duden\/?tve=true&amp;tcbf=8a45bbc0ac\" style=\"aspect-ratio: auto 1000 \/ 670\"><\/span><\/p>\n<h2 id=\"t-1619178348740\" data-alt-text=\"Geschichte\">Die Geschichte des Unteren D\u00fcden Wasserfalls<\/h2>\n<p>Der Wasserfall des D\u00fcden-Flusses erhielt diesen Namen, weil er unterirdisch flie\u00dft. Der Name des D\u00fcden-Flusses war in der Antike &#8222;Katarrhaktes&#8220;.<\/p>\n<p>Er ist einer der wichtigsten Fl\u00fcsse in der Mittelmeerregion, obwohl seine L\u00e4nge nur 15 km betr\u00e4gt. Das Wasser des Flusses kommt aus 40 km entfernten Quellen, die unterirdisch flie\u00dfen.<\/p>\n<p>Das Wasser steigt an einem Ort namens D\u00fcdenba\u015f\u0131 an die Oberfl\u00e4che und flie\u00dft dort weiter an der Oberfl\u00e4che, bis es das Meer erreicht. Es gibt zwei D\u00fcden-Wasserf\u00e4lle: den Oberen D\u00fcden-Wasserfall und den Unteren D\u00fcden-Wasserfall.<\/p>\n<p>Der Untere D\u00fcden-Wasserfall (Karpuzkald\u0131ran) f\u00e4llt aus einer H\u00f6he von 40 Metern \u00fcber die Lara-Stra\u00dfe ins Meer, wo der D\u00fcden-Fluss ins Meer m\u00fcndet.<\/p>\n<p>Hier k\u00f6nnt ihr mehr \u00fcber <a href=\"https:\/\/antalyatouristinformation.com\/de\/sehenswurdigkeiten\/wasserfalle\/\">Wasserf\u00e4lle <\/a>in der Provinz Antalya lesen.<\/p>\n<h2 id=\"t-1619178348741\">Kontakt<\/h2>\n<ul>\n<li><span><strong>Adresse:&nbsp;<\/strong>\u00c7a\u011flayan, Lara Cd. No:457, 07230 Muratpa\u015fa\/Antalya<\/span><\/li>\n<li><span><strong>\u00d6ffnungszeiten: <\/strong>t\u00e4glich,<strong>&nbsp;<\/strong>das ganze Jahr \u00fcber<\/span><\/li>\n<li><span><strong>\u00d6ffentlicher Verkehr:&nbsp;<\/strong>Minibus oder Bus: KL08, LF09, LF10 und LC37.<\/span><\/li>\n<\/ul>\n","protected":false},"excerpt":{"rendered":"<p>Das ist der komplette Guide zum D\u00fcden Wasserfall in Antalya. Der Untere D\u00fcden-Wasserfall liegt direkt im Zentrum von Antalya. Ihr k\u00f6nnt ihn entweder bequem w\u00e4hrend eines Spaziergangs durch den Stadtteil Lara von oben besichtigen oder bei einer Bootstour vom Meer aus bestaunen. Hier sind ihr alle wichtigen Informationen, die ihr vor dem Besuch des Wasserfalls [&hellip;]<\/p>\n","protected":false},"author":5,"featured_media":771,"parent":135,"menu_order":0,"comment_status":"open","ping_status":"closed","template":"","meta":{"_acf_changed":false,"footnotes":""},"categories":[],"tags":[50],"class_list":["post-142","page","type-page","status-publish","has-post-thumbnail","hentry","tag-waterfall","post-wrapper","thrv_wrapper"],"acf":[],"wp-worthy-pixel":{"ignored":false,"public":"2682818577584db49f01a401049cce58","server":"vg01.met.vgwort.de","url":"https:\/\/vg01.met.vgwort.de\/na\/2682818577584db49f01a401049cce58"},"wp-worthy-type":"normal","_links":{"self":[{"href":"https:\/\/antalyatouristinformation.com\/de\/wp-json\/wp\/v2\/pages\/142","targetHints":{"allow":["GET"]}}],"collection":[{"href":"https:\/\/antalyatouristinformation.com\/de\/wp-json\/wp\/v2\/pages"}],"about":[{"href":"https:\/\/antalyatouristinformation.com\/de\/wp-json\/wp\/v2\/types\/page"}],"author":[{"embeddable":true,"href":"https:\/\/antalyatouristinformation.com\/de\/wp-json\/wp\/v2\/users\/5"}],"replies":[{"embeddable":true,"href":"https:\/\/antalyatouristinformation.com\/de\/wp-json\/wp\/v2\/comments?post=142"}],"version-history":[{"count":10,"href":"https:\/\/antalyatouristinformation.com\/de\/wp-json\/wp\/v2\/pages\/142\/revisions"}],"predecessor-version":[{"id":16380,"href":"https:\/\/antalyatouristinformation.com\/de\/wp-json\/wp\/v2\/pages\/142\/revisions\/16380"}],"up":[{"embeddable":true,"href":"https:\/\/antalyatouristinformation.com\/de\/wp-json\/wp\/v2\/pages\/135"}],"wp:featuredmedia":[{"embeddable":true,"href":"https:\/\/antalyatouristinformation.com\/de\/wp-json\/wp\/v2\/media\/771"}],"wp:attachment":[{"href":"https:\/\/antalyatouristinformation.com\/de\/wp-json\/wp\/v2\/media?parent=142"}],"wp:term":[{"taxonomy":"category","embeddable":true,"href":"https:\/\/antalyatouristinformation.com\/de\/wp-json\/wp\/v2\/categories?post=142"},{"taxonomy":"post_tag","embeddable":true,"href":"https:\/\/antalyatouristinformation.com\/de\/wp-json\/wp\/v2\/tags?post=142"}],"curies":[{"name":"wp","href":"https:\/\/api.w.org\/{rel}","templated":true}]}}