{"id":144,"date":"2021-05-25T15:31:44","date_gmt":"2021-05-25T13:31:44","guid":{"rendered":"http:\/\/antalyatouristinformation.com\/clone4639485xzhehsskdjfhhdhebdkkekdeewsd4545gdfgm\/?page_id=144"},"modified":"2023-02-28T15:10:26","modified_gmt":"2023-02-28T14:10:26","slug":"kursunlu","status":"publish","type":"page","link":"https:\/\/antalyatouristinformation.com\/de\/sehenswurdigkeiten\/wasserfalle\/kursunlu\/","title":{"rendered":"Kur\u015funlu Wasserfall Naturpark: Anfahrt und Tipps"},"content":{"rendered":"<p>Das ist der komplette Guide zum Kur\u015funlu Wasserfall Naturpark in Antalya.<\/p>\n<p>In der Provinz Antalya gibt es zahlreiche Quellen und Wasserf\u00e4lle. Der Kur\u015funlu Wasserfall ist einer davon.<\/p>\n<p>Der Naturpark liegt am Rande des Taurusgebirges, etwa 40 Kilometer s\u00fcd\u00f6stlich von Antalya. Auf eurem Weg dorthin seht ihr 400 Jahre alte Wasserm\u00fchlen.&nbsp;<\/p>\n<p>Hier sind alle wichtigen Informationen, die ihr vor dem Besuch des Wasserfalls wissen solltet. Dazu geh\u00f6ren Tipps, Eintritt, Anfahrt sowie die Geschichte des Naturparks.<\/p>\n<p><span><img decoding=\"async\" alt=\"kur\u015funlu waterfall in Antalya in Turkey\" data-id=\"668\" width=\"702\" data-init-width=\"1000\" height=\"470\" data-init-height=\"670\" title=\"kur\u015funlu waterfall in Antalya in Turkey\" loading=\"lazy\" src=\"https:\/\/antalyatouristinformation.com\/de\/wp-content\/uploads\/sites\/10\/2021\/02\/kursunlu-waterfall-antalya-turkey.jpg\" data-width=\"702\" data-height=\"470\" data-pinpro-key=\"t8mbpq7o0\" data-pin-media=\"https:\/\/antalyatouristinformation.com\/de\/wp-content\/uploads\/sites\/10\/2021\/07\/antalya-deutsch-pinterest-1-6.jpg\" data-pin-description=\"Will you visit the Kur\u015funlu Waterfall Nature Park in Antalya, Turkey ? \u27a4 Read Info on \u2714 Access \u2714 Tour \u2714 Tips \u2714\" data-pin-url=\"https:\/\/antalyatouristinformation.com\/de\/things-to-do\/waterfall\/kursunlu\/?tve=true&amp;tcbf=8a45bbc0ac\"><\/span><\/p>\n<h2 id=\"t-1625081077481\" data-alt-text=\"Was kann ich dort machen?\">Was kann ich beim Kur\u015funlu Wasserfall machen?<\/h2>\n<p>Der Weg zum Kur\u015funlu Wasserfall f\u00fchrt euch durch Kiefern- und Pinienw\u00e4lder. Unterwegs findet ihr viele Stellen, an denen ihr ein Picknick machen k\u00f6nnt. Auf beiden Seiten des Flussufers liegen sch\u00f6ne Wanderwege. Die schmalen Wege sind nat\u00fcrlich angelegt und f\u00fcgen sich gut in die Landschaft ein. Vor allem im Hochsommer werdet ihr euch \u00fcber die angenehme K\u00fchle in dem Naturpark freuen.<\/p>\n<p>Unterwegs kommt ihr an 400 Jahre alten Wasserm\u00fchlen vorbei, die damals von den umliegenden D\u00f6rfern genutzt wurden.<\/p>\n<p>Der Kur\u015funlu-Wasserfall f\u00e4llt 18 Meter tief. Er ist der h\u00f6chste Wasserfall in der Schlucht. Obwohl in den Sommermonaten etwas weniger Wasser flie\u00dft, ist die Schlucht auf jeden Fall sehenswert. Zus\u00e4tzlich seht ihr mehrere kleine Wasserf\u00e4lle, die insgesamt 7 Teiche bilden.<\/p>\n<p><span><img decoding=\"async\" alt=\"kur\u015funlu waterfall in Antalya in Turkey\" data-id=\"670\" width=\"702\" data-init-width=\"1000\" height=\"470\" data-init-height=\"670\" title=\"kur\u015funlu waterfall in Antalya in Turkey\" loading=\"lazy\" src=\"https:\/\/antalyatouristinformation.com\/de\/wp-content\/uploads\/sites\/10\/2021\/02\/kursunlu-waterfall-park-antalya-turkey.jpg\" data-width=\"702\" data-height=\"470\" data-pinpro-key=\"n9v2otqjl\" data-pin-media=\"https:\/\/antalyatouristinformation.com\/de\/wp-content\/uploads\/sites\/10\/2021\/07\/antalya-deutsch-pinterest-1-6.jpg\" data-pin-description=\"Will you visit the Kur\u015funlu Waterfall Nature Park in Antalya, Turkey ? \u27a4 Read Info on \u2714 Access \u2714 Tour \u2714 Tips \u2714\" data-pin-url=\"https:\/\/antalyatouristinformation.com\/de\/things-to-do\/waterfall\/kursunlu\/?tve=true&amp;tcbf=8a45bbc0ac\"><\/span><\/p>\n<h2 id=\"t-1625081077482\" data-alt-text=\"Landschaft, Pflanzen &amp; Tiere\">Landschaft, Pflanzen und Tiere<\/h2>\n<p>In dem Naturpark seht ihr am Rande des Flusses interessante Felsformationen und eine reiche Pflanzen- und Tierwelt. Aufgrund der vielf\u00e4ltigen Flora nennt man das Gebiet auch den \u201ePflanzentunnel\u201c. Am h\u00e4ufigsten kommt die Traubenkiefer vor. Der Baum sorgt daf\u00fcr, dass es immer sch\u00f6n k\u00fchl ist. Au\u00dfer Kiefern k\u00f6nnt ihr Lorbeer, Johannisbrot, wilde Olive, Mastix, Weide, Feige, Myrte, Oleander, Brombeere, Wildrose, Tamariske, Fichte, Kermeseiche, Thymian, wilde Minze, Buche, Farn und Efeu sehen.<\/p>\n<p>Unter den Wasserpflanzen gibt es Wasserminze, Schilf, Wasserjagd und Lotos.<\/p>\n<p>Der Kur\u015funlu-Wasserfall-Naturpark ist die Heimat vieler Tiere, wie Hunde, Schlangen, Schildkr\u00f6ten, Flederm\u00e4use, Eichh\u00f6rnchen, F\u00fcchse, Wildschweine, Kaninchen, Schildkr\u00f6ten und Eidechsen.<\/p>\n<h2 id=\"t-1625081077483\" data-alt-text=\"Anlagen im Naturpark\">Anlagen im Kur\u015funlu Wasserfall Naturpark<\/h2>\n<p>Gleich am Eingang befindet sich ein Parkplatz.<\/p>\n<p>Es gibt Spielpl\u00e4tze f\u00fcr Kinder, Ponyreiten wird angeboten und falls ihr Lust habt, k\u00f6nnt ihr auf einem Kamel reiten.<\/p>\n<p>Rund um den Wasserfall gibt es WC, Caf\u00e9s und Restaurants. Von den Aussichtsterrassen aus k\u00f6nnt ihr tolle Fotos machen. Das Wasser des Flusses ist so klar und sauber, dass ihr die Fische darin schwimmen sehen k\u00f6nnt.<\/p>\n<p><span><img decoding=\"async\" alt=\"Kur\u015funlu Waterfall in Antalya in Turkey\" data-id=\"662\" width=\"702\" data-init-width=\"1000\" height=\"470\" data-init-height=\"670\" title=\"Kur\u015funlu Waterfall in Antalya in Turkey\" loading=\"lazy\" src=\"https:\/\/antalyatouristinformation.com\/de\/wp-content\/uploads\/sites\/10\/2021\/02\/kursunlu-waterfall.jpg\" data-width=\"702\" data-height=\"470\" data-pinpro-key=\"grz39pnij\" data-pin-media=\"https:\/\/antalyatouristinformation.com\/de\/wp-content\/uploads\/sites\/10\/2021\/07\/antalya-deutsch-pinterest-1-6.jpg\" data-pin-description=\"Will you visit the Kur\u015funlu Waterfall Nature Park in Antalya, Turkey ? \u27a4 Read Info on \u2714 Access \u2714 Tour \u2714 Tips \u2714\" data-pin-url=\"https:\/\/antalyatouristinformation.com\/de\/things-to-do\/waterfall\/kursunlu\/?tve=true&amp;tcbf=8a45bbc0ac\"><\/span><\/p>\n<h2 id=\"t-1619178520275\" data-alt-text=\"Eintritt, Tickets und Touren\">Eintritt, Tickets und Touren<\/h2>\n<p>Der Eintritt in den Nationalpark ist kostenpflichtig und der Museumspass Akdeniz ist am Kur\u015funlu-Wasserfall nicht g\u00fcltig. Der Park ist t\u00e4glich ge\u00f6ffnet, jedoch \u00e4ndern sich die Besuchszeiten &nbsp;je nach Jahreszeit. Bitte erkundigt euch vor eurem Besuch nach den genauen \u00d6ffnungszeiten.<\/p>\n<ul>\n<li><span><strong>Tickets:<\/strong> Tickets k\u00f6nnt ihr vor Ort kaufen. F\u00fcr Kinder und Studenten gibt es einen erm\u00e4\u00dfigten Eintrittspreis.<\/span><\/li>\n<\/ul>\n<ul>\n<li><span><strong>Tipp:<\/strong> Falls ihr Tickets f\u00fcr Vergn\u00fcgungsparks, Museen und Touren f\u00fcr eure Antalya-Reise vorab buchen m\u00f6chtet, solltet ihr unbedingt einen Blick auf die Angebote in unserem offiziellen Shop werfen.<\/span><\/li>\n<\/ul>\n<p><span><img decoding=\"async\" alt=\"kur\u015funlu natural park\" data-id=\"674\" width=\"702\" data-init-width=\"1000\" height=\"470\" data-init-height=\"670\" title=\"kur\u015funlu natural park\" loading=\"lazy\" src=\"https:\/\/antalyatouristinformation.com\/de\/wp-content\/uploads\/sites\/10\/2021\/02\/kursunlu-natural-park.jpg\" data-width=\"702\" data-height=\"470\" data-pinpro-key=\"zn4geyt1e\" data-pin-media=\"https:\/\/antalyatouristinformation.com\/de\/wp-content\/uploads\/sites\/10\/2021\/07\/antalya-deutsch-pinterest-1-6.jpg\" data-pin-description=\"Will you visit the Kur\u015funlu Waterfall Nature Park in Antalya, Turkey ? \u27a4 Read Info on \u2714 Access \u2714 Tour \u2714 Tips \u2714\" data-pin-url=\"https:\/\/antalyatouristinformation.com\/de\/things-to-do\/waterfall\/kursunlu\/?tve=true&amp;tcbf=8a45bbc0ac\"><\/span><\/p>\n<h2 id=\"t-1625081077484\" data-alt-text=\"Wie komme ich zum Wasserfall?\">Wie komme ich zum Kur\u015funlu Wasserfall?<\/h2>\n<p>Der Kur\u015funlu Wasserfall liegt etwa 40 Kilometer vom Zentrum Antalyas entfernt.<\/p>\n<p><b>Auto:<\/b> Vom Flughafen Antalya aus gelangt ihr nach 3 Kilometern zur Stadt Aksu. Hier m\u00fcsst ihr links abbiegen, folgt einfach den Schildern. Danach dauert es noch circa 10-15 Minuten, bis ihr den Eingang des Nationalparks erreicht. Falls ihr ein <a href=\"https:\/\/antalyatouristinformation.com\/de\/plan\/mietwagen\/\">Auto mieten<\/a> wollt, findet ihr hier wichtige Tipps.<\/p>\n<p><b>Minibus:<\/b> Vom Zentrum Antalyas aus fahren die Minibusse Nr. 230 und 231 st\u00fcndlich zum Kur\u015funlu Wasserfall Naturpark.<\/p>\n<p><b>Bus:<\/b> Mit der Buslinie 79 kommt ihr auch zu dem Wasserfall.<\/p>\n<p><b>ANTRAY und Bus:<\/b> Ihr k\u00f6nnt auch mit der neuen Stra\u00dfenbahn fahren. Steigt bei der Haltestelle \u201cMeydan&#8220; aus. Von dort fahren die Busse 519, 524 und 524A zum Kur\u015funlu Naturpark.<\/p>\n<h2 id=\"t-1619178520277\" data-alt-text=\"FAQ\">FAQ (Frequently Asked Questions)<\/h2>\n<p><span><img decoding=\"async\" alt=\"kur\u015funlu Waterfall in Antalya in Turkey\" data-id=\"672\" width=\"702\" data-init-width=\"1000\" height=\"470\" data-init-height=\"670\" title=\"kur\u015funlu Waterfall in Antalya in Turkey\" loading=\"lazy\" src=\"https:\/\/antalyatouristinformation.com\/de\/wp-content\/uploads\/sites\/10\/2021\/02\/kursunlu-wat.-antalya-in-turkey.jpg\" data-width=\"702\" data-height=\"470\" data-pinpro-key=\"pcjwjx25g\" data-pin-media=\"https:\/\/antalyatouristinformation.com\/de\/wp-content\/uploads\/sites\/10\/2021\/07\/antalya-deutsch-pinterest-1-6.jpg\" data-pin-description=\"Will you visit the Kur\u015funlu Waterfall Nature Park in Antalya, Turkey ? \u27a4 Read Info on \u2714 Access \u2714 Tour \u2714 Tips \u2714\" data-pin-url=\"https:\/\/antalyatouristinformation.com\/de\/things-to-do\/waterfall\/kursunlu\/?tve=true&amp;tcbf=8a45bbc0ac\"><\/span><\/p>\n<h2 id=\"t-1619178520278\" data-alt-text=\"Geschichte\">Die Geschichte des Kur\u015funlu Wasserfalls<\/h2>\n<p>Der Kur\u015funlu-Wasserfall liegt in einer tiefen Schlucht. Das Gebiet rund um den Wasserfall wurde in einen Nationalpark umgestaltet und ist seit 1986 f\u00fcr Besucher ge\u00f6ffnet. Der Park umfasst eine Fl\u00e4che von 33 Hektar und z\u00e4hlt jedes Jahr an die 300.000 Besucher.<\/p>\n<p>Hier k\u00f6nnt ihr mehr \u00fcber <a href=\"https:\/\/antalyatouristinformation.com\/de\/sehenswurdigkeiten\/wasserfalle\/\">Wasserf\u00e4lle in der Provinz Antalya<\/a> lesen.<\/p>\n<h2 id=\"t-1619178520279\">Kontakt<\/h2>\n<ul>\n<li><span><strong>Adresse:&nbsp;<\/strong>Kur\u015funlu, Kursunlu \u015eelalesi, 07119 Aksu\/Antalya<\/span><\/li>\n<li><span><strong>\u00d6ffnungszeiten:&nbsp;<\/strong>08.00-19.00<\/span><\/li>\n<li><span><strong>\u00d6ffentlicher Verkehr:&nbsp;<\/strong><strong>Minibus&nbsp;<\/strong>Nr.&nbsp;<strong>230 u<\/strong>nd <strong>231&nbsp;<\/strong>sowie <strong>Bus<\/strong> Nr.&nbsp;<strong>79<\/strong><\/span><\/li>\n<\/ul>\n","protected":false},"excerpt":{"rendered":"<p>Das ist der komplette Guide zum Kur\u015funlu Wasserfall Naturpark in Antalya. In der Provinz Antalya gibt es zahlreiche Quellen und Wasserf\u00e4lle. Der Kur\u015funlu Wasserfall ist einer davon. Der Naturpark liegt am Rande des Taurusgebirges, etwa 40 Kilometer s\u00fcd\u00f6stlich von Antalya. Auf eurem Weg dorthin seht ihr 400 Jahre alte Wasserm\u00fchlen.&nbsp; Hier sind alle wichtigen Informationen, [&hellip;]<\/p>\n","protected":false},"author":4,"featured_media":664,"parent":135,"menu_order":0,"comment_status":"open","ping_status":"closed","template":"","meta":{"_acf_changed":false,"footnotes":""},"categories":[],"tags":[50],"class_list":["post-144","page","type-page","status-publish","has-post-thumbnail","hentry","tag-waterfall","post-wrapper","thrv_wrapper"],"acf":[],"wp-worthy-pixel":{"ignored":false,"public":null,"server":null,"url":null},"wp-worthy-type":"normal","_links":{"self":[{"href":"https:\/\/antalyatouristinformation.com\/de\/wp-json\/wp\/v2\/pages\/144","targetHints":{"allow":["GET"]}}],"collection":[{"href":"https:\/\/antalyatouristinformation.com\/de\/wp-json\/wp\/v2\/pages"}],"about":[{"href":"https:\/\/antalyatouristinformation.com\/de\/wp-json\/wp\/v2\/types\/page"}],"author":[{"embeddable":true,"href":"https:\/\/antalyatouristinformation.com\/de\/wp-json\/wp\/v2\/users\/4"}],"replies":[{"embeddable":true,"href":"https:\/\/antalyatouristinformation.com\/de\/wp-json\/wp\/v2\/comments?post=144"}],"version-history":[{"count":9,"href":"https:\/\/antalyatouristinformation.com\/de\/wp-json\/wp\/v2\/pages\/144\/revisions"}],"predecessor-version":[{"id":14807,"href":"https:\/\/antalyatouristinformation.com\/de\/wp-json\/wp\/v2\/pages\/144\/revisions\/14807"}],"up":[{"embeddable":true,"href":"https:\/\/antalyatouristinformation.com\/de\/wp-json\/wp\/v2\/pages\/135"}],"wp:featuredmedia":[{"embeddable":true,"href":"https:\/\/antalyatouristinformation.com\/de\/wp-json\/wp\/v2\/media\/664"}],"wp:attachment":[{"href":"https:\/\/antalyatouristinformation.com\/de\/wp-json\/wp\/v2\/media?parent=144"}],"wp:term":[{"taxonomy":"category","embeddable":true,"href":"https:\/\/antalyatouristinformation.com\/de\/wp-json\/wp\/v2\/categories?post=144"},{"taxonomy":"post_tag","embeddable":true,"href":"https:\/\/antalyatouristinformation.com\/de\/wp-json\/wp\/v2\/tags?post=144"}],"curies":[{"name":"wp","href":"https:\/\/api.w.org\/{rel}","templated":true}]}}