{"id":14486,"date":"2022-11-07T10:46:49","date_gmt":"2022-11-07T09:46:49","guid":{"rendered":"https:\/\/antalyatouristinformation.com\/de\/?page_id=14486"},"modified":"2025-05-30T09:47:13","modified_gmt":"2025-05-30T07:47:13","slug":"hochzeit-in-antalya","status":"publish","type":"page","link":"https:\/\/antalyatouristinformation.com\/de\/hochzeit-in-antalya\/","title":{"rendered":"Wie organisiert man eine Hochzeit in Antalya?"},"content":{"rendered":"<h2 data-hide=\"true\" id=\"t-1648539554440\" style=\"text-align: center\">Plant ihr eine Hochzeit in Antalya? &nbsp;<\/h2>\n<h2 data-hide=\"true\" id=\"t-1648539554441\" style=\"text-align: center\"><span>Dann seid ihr hier genau richtig!<\/span><\/h2>\n<p>Auf dieser Seite findet ihr alle n\u00fctzlichen Informationen und Unterst\u00fctzung f\u00fcr die Planung eurer <strong>Traumhochzeit in der Provinz Antalya.<\/strong> Ob Haarstyling, Brautkleid, Fotograf oder traumhafte Locations am Strand, wir sind f\u00fcr euch da! Kontaktiert uns und fordert ein KOSTENLOSES Angebot f\u00fcr euer Event an!<\/p>\n<p><span><img decoding=\"async\" alt=\"\" data-id=\"11703\" width=\"1071\" data-init-width=\"1200\" height=\"562\" data-init-height=\"630\" title=\"10-Best-Wedding-Venue-ideas-in-Turkey\" loading=\"lazy\" src=\"https:\/\/antalyatouristinformation.com\/de\/wp-content\/uploads\/sites\/10\/2022\/11\/10-Best-Wedding-Venue-ideas-in-Turkey.jpg\" data-width=\"1071\" data-height=\"562\" style=\"aspect-ratio: auto 1200 \/ 630\"><\/span><\/p>\n<h4 id=\"t-1648539554442\">Schritt 1: Kontaktaufnahme<\/h4>\n<p style=\"text-align: justify\">Setzt euch mit unserem Team in Verbindung und teilt uns alle Details f\u00fcr eure Hochzeitsfeier mit.&nbsp;<\/p>\n<p style=\"text-align: justify\">Die Verwirklichung eurer Tr\u00e4ume ist unser Ziel!<\/p>\n<h4>Schritt 2: Angebot einholen<\/h4>\n<p style=\"text-align: justify\">Wir erstellen ein perfektes Angebot, das euren Erwartungen entspricht und alle Punkte ber\u00fccksichtigt, die ihr euch ertr\u00e4umt habt.<\/p>\n<h4>Schritt 3: Entspannt zur\u00fccklehnen<\/h4>\n<p>Nachdem der Vertrag unterzeichnet ist, k\u00f6nnt ihr euch entspannen und auf euren gro\u00dfen Tag vorbereiten! Wir sind hier, um euch zu unterst\u00fctzen!<\/p>\n<h2 style=\"text-align: center\" id=\"t-1648539554445\">Hochezeitspakete in Antalya<\/h2>\n<h3 style=\"text-align: center\" id=\"t-1648539554446\"><span>Die Provinz Antalya ist ein gro\u00dfartiger Ort zum Heiraten, denn sie bietet&nbsp;<\/span><span>eine Vielzahl von traumhaften Standorten&nbsp;<\/span><span>sowie sehr hochwertige kundenspezifische Dienstleistungen!<\/span><span> <\/span><\/h3>\n<p style=\"text-align: center\">Wir haben f\u00fcr euch die <strong>beliebtesten Veranstaltungsorte zusammengestellt, die von Ausl\u00e4ndern, die in Antalya heiraten m\u00f6chten<\/strong>, angefragt werden. Zur Auswahl stehen: 4-Sterne-Hotels mit Pool, 5-Sterne-Hotels mit Strandlage.<\/p>\n<p>4,7\/5<\/p>\n<h2 id=\"t-1648539554447\">Hochzeit am Pool in Antalya<\/h2>\n<p>Die Region Antalya ist ein hervorragender Ort f\u00fcr Hochzeiten. Mit einem sehr hochwertigen Service und atemberaubenden Locations mit Blick auf das Meer bietet die Region eine traumhafte Kulisse f\u00fcr Verliebte, die sich vor den Augen ihrer Liebsten das Ja-Wort geben m\u00f6chten.<\/p>\n<p>Eine Hochzeit am Pool in einem wundersch\u00f6nen Hotel geh\u00f6rt zu den beliebtesten Veranstaltungsorten, die f\u00fcr gro\u00dfe Hochzeiten internationaler Paare genutzt werden.<\/p>\n<p>4,9\/5<\/p>\n<h2 id=\"t-1648539554456\">Hochzeit am Strand in der Provinz Antalya<\/h2>\n<p>Die Provinz Antalya bietet eine Vielzahl von Veranstaltungsorten in Badeorten in der N\u00e4he von K\u00fcstenst\u00e4dten wie Antalya, Belek, Side oder Alanya. Die Preise sind sehr erschwinglich und der Service der Organisation ist mit dem richtigen Partner in der Regel erstklassig. Wir bieten euch f\u00fcr eure Hochzeit am Meer die besten Preise und die beste Servicequalit\u00e4t&#8230;<\/p>\n<h3>4-Sterne-Hotel als Veranstaltungsort<\/h3>\n<p><span><img decoding=\"async\" alt=\"Poolside Wedding in Istanbul Turkey\" data-id=\"29863\" width=\"513\" data-init-width=\"1200\" height=\"342\" data-init-height=\"800\" title=\"Poolside Wedding in Istanbul Turkey\" loading=\"lazy\" src=\"https:\/\/antalyatouristinformation.com\/de\/wp-content\/uploads\/sites\/10\/2022\/11\/Poolside-Wedding-in-Istanbul-Turkey.jpg\" data-width=\"513\" data-height=\"342\" style=\"aspect-ratio: auto 1200 \/ 800\"><\/span><\/p>\n<h4 id=\"t-1648539554458\">Hochzeit am Pool<\/h4>\n<p>Ob im Winter oder im Sommer, 4-Sterne-Hotels sind immer in der Lage, kleine oder gro\u00dfe Gruppen von Menschen zu empfangen, um eine aufregende und gesellige Feier zu veranstalten. Normalerweise findet die Hochzeit an einem sch\u00f6nen Swimmingpool mit Aussicht und stimmungsvoller Musik statt. Die 4-Sterne-Hotels haben oft keinen Zugang zum Strand, aber der Strand ist immer f\u00fcr Fotos verf\u00fcgbar. Gerne unterbreiten wir euch detaillierte Preisangaben. Damit ihr euch aber ein Bild machen k\u00f6nnt, hier einige Preisvorschl\u00e4ge.<\/p>\n<p><strong>Ungef\u00e4hre Preise f\u00fcr eine Hochzeit in einem 4-Sterne-Hotel in Antalya, pro Gast, in Euro, demn\u00e4chst hier.<\/strong><\/p>\n<ul>\n<li>Bitte&nbsp;<a href=\"https:\/\/istanbul-tourist-information.com\/en\/wedding-in-turkey\/?tve=true&amp;tcbf=2c35e95b4c#tve-jump-17ed84074ac\">stellt eure kostenlose Anfrage \u00fcber dieses Formular<\/a>.<\/li>\n<\/ul>\n<h3>Luxuri\u00f6se 5-Sterne-Hotels als Veranstaltungsort<\/h3>\n<p><span><img decoding=\"async\" alt=\"Wedding on the Beach in Istanbul Turkey\" data-id=\"29865\" width=\"515\" data-init-width=\"1200\" height=\"343\" data-init-height=\"800\" title=\"Wedding on the Beach in Istanbul Turkey\" loading=\"lazy\" src=\"https:\/\/antalyatouristinformation.com\/de\/wp-content\/uploads\/sites\/10\/2022\/11\/Wedding-on-the-Beach-in-Istanbul-Turkey.jpg\" data-width=\"515\" data-height=\"343\" style=\"aspect-ratio: auto 1200 \/ 800\"><\/span><\/p>\n<h4 id=\"t-1648539554460\">Hochzeit am Strand<\/h4>\n<p>Die beliebtesten Veranstaltungsorte f\u00fcr Hochzeiten im S\u00fcden der T\u00fcrkei sind die 5-Sterne-Hotels, die f\u00fcr die Hochzeit einen direkten Zugang zum Strand bieten. Das Personal ist in der Regel bereits bestens damit vertraut, alles nach euren W\u00fcnschen zu organisieren, von den Blumen bis zur Tischdekoration&#8230; Die 5-Sterne-Hotels in Antalya sind eine ausgezeichnete Wahl, die niemand so schnell f\u00fcr seine Hochzeit bereut.<\/p>\n<p><strong>Ungef\u00e4hre Preise f\u00fcr eine Hochzeit am Strand in einem 5-Sterne-Hotel in Antalya, pro Gast, in Euro, demn\u00e4chst hier.<\/strong><\/p>\n<ul>\n<li>Bitte&nbsp;<a href=\"https:\/\/istanbul-tourist-information.com\/en\/wedding-in-turkey\/?tve=true&amp;tcbf=2c35e95b4c#tve-jump-17ed84074ac\"><\/a><a href=\"https:\/\/istanbul-tourist-information.com\/en\/wedding-in-turkey\/?tve=true&amp;tcbf=2c35e95b4c#tve-jump-17ed84074ac\">stellt eure kostenlose Anfrage \u00fcber dieses Formular<\/a>.<\/li>\n<\/ul>\n<h2 style=\"text-align: center\" id=\"t-1648539554461\"><span>Erhaltet ein KOSTENLOSES Angebot innerhalb von 24 Stunden&nbsp;<\/span><span>f\u00fcr eure Hochzeit in Antalya<\/span><\/h2>\n<p>Fragt uns \u00fcber das unten stehende Formular alles, was ihr zu eurer Hochzeit wissen m\u00f6chtet und erhaltet <strong>innerhalb von 24 Stunden einen KOSTENLOSEN Kostenvoranschlag&nbsp;<\/strong><strong>&#8211; ganz unverbindlich! <\/strong>Unser Team von Hochzeitsplanern wird euch <strong>die besten Preise und Veranstaltungsorte <\/strong>gem\u00e4\u00df eurem Budget und euren Bed\u00fcrfnissen nennen.<\/p>\n<p>Bitte teilt uns im Folgenden die <strong>Daten eurer Hochzeit,<\/strong> euer ungef\u00e4hres <strong>Budget<\/strong>, eure&nbsp;<strong>Erwartungen in Bezug auf den Veranstaltungsort<\/strong>&nbsp;und die<strong>&nbsp;Anzahl der G\u00e4ste<\/strong>&nbsp;mit. Jedes Detail ist wichtig!<\/p>\n<\/p>\n<h2 style=\"text-align: center;color: var(--tcb-skin-color-4)  !important\" id=\"t-1648539554462\">Warum in Antalya heiraten?<\/h2>\n<p>Hochzeiten in Antalya werden bei ausl\u00e4ndischen und gemischten Paaren, die traumhafte Hochzeitslocations zu einem g\u00fcnstigeren Preis feiern m\u00f6chten, immer beliebter.Antalya ist der perfekte Ort, um ein unvergessliches Ereignis mit der Familie und Freunden zu organisieren. Im Folgenden findet ihr alle Vorteile, die die T\u00fcrkei und die Region Antalya euch bieten, wenn ihr dort heiratet. Dank der Kreativit\u00e4t professioneller t\u00fcrkischer Dienstleister gibt es unendlich viele M\u00f6glichkeiten.<\/p>\n<ul>\n<li><span><strong>Vielzahl spektakul\u00e4rer Veranstaltungsorte<\/strong>: Antalya ist gespickt mit atemberaubenden Naturwundern und einer reichen Geschichte, wodurch die Region mit einer Vielzahl spektakul\u00e4rer Veranstaltungsorte aufwarten kann. Von einem luxuri\u00f6sen 5-Sterne-Hotel \u00fcber eine Hochzeit in einem opulenten Resort bis hin zu einer Hochzeit auf dem Wasser &#8211; eine Location ist beeindruckender als die andere.<\/span><\/li>\n<li><span><strong><strong><strong>Geringere Kosten<\/strong><\/strong>: <\/strong>In letzter Zeit hat die Zahl der ausl\u00e4ndischen Paare, die sich f\u00fcr eine Hochzeit in Antalya entscheiden, erheblich zugenommen. Einer der Hauptgr\u00fcnde daf\u00fcr sind die Kosten f\u00fcr Hochzeitsfeiern in der T\u00fcrkei, die im Vergleich zu Europa oder den USA sehr viel niedriger sind und gleichzeitig qualitativ hochwertige Dienstleistungen bieten.<\/span><\/li>\n<li><span><strong>Kreative Ideen: <\/strong>In der T\u00fcrkei ist alles m\u00f6glich! Ihr habt eine ausgefallene Idee f\u00fcr eure Hochzeit? Kein Problem, in der T\u00fcrkei k\u00f6nnt ihr selbst die extravagantesten W\u00fcnsche verwirklichen: Ob ihr ein ganzes Hotel buchen oder einen eigenen Strand anlegen lassen wollt, hier wird eure Traumhochzeit nach euren W\u00fcnschen gestaltet.<\/span><\/li>\n<li><span><strong>Servicequalit\u00e4t: <\/strong>Die Region Antalya bietet eine au\u00dfergew\u00f6hnliche Servicequalit\u00e4t, die das A und O f\u00fcr die Verwirklichung jeder Traumhochzeit ist. Ob Catering, Entertainment, Fotografen oder Haare und Make-up &#8211; dank der erstklassigen Anbieter ist ein reibungsloser Ablauf eurer Hochzeitsfeier garantiert.<\/span><\/li>\n<li><span><strong>Beeindruckende Kulisse: <\/strong>Ein Grund, warum Antalya ein beliebtes Reiseziel f\u00fcr Hochzeiten ist, ist die gro\u00dfe Anzahl an malerischen Kulissen, die die Provinz Brautpaaren bietet. Von einer Hochzeit am Pool bis zu einer tropischen Strandhochzeit steht euch eine Vielzahl von traumhaften Kulissen zur Wahl.<\/span><\/li>\n<li><span><strong>Wetter<\/strong>: Ein weiterer Grund, der f\u00fcr eine Hochzeit in Antalya spricht, ist das g\u00fcnstige Wetter. Aus diesem Grund gibt es in der Region eine Vielzahl von Veranstaltungsorten im Freien. Paare, die von einer sch\u00f6nen Hochzeit im Freien tr\u00e4umen, sind hier genau richtig.<\/span><\/li>\n<li><span><strong>Touristische Angebote: <\/strong>Ein weiterer Vorteil einer Hochzeit in Antalya sind die zahlreichen touristischen M\u00f6glichkeiten, die die Region zu bieten hat. W\u00e4hrend Braut und Br\u00e4utigam ihre Flitterwochen in einem luxuri\u00f6sen Strandresort in einer malerischen t\u00fcrkischen K\u00fcstenstadt verbringen, k\u00f6nnen die Hochzeitsg\u00e4ste in der T\u00fcrkei Stadtbesichtigungen, Ausfl\u00fcge zu Kultur- oder Natursch\u00e4tzen, Shopping und Strandurlaub in vollen Z\u00fcgen genie\u00dfen.<\/span><\/li>\n<li><span><strong>Partystimmung: <\/strong>Die T\u00fcrken wissen wirklich, wie man sich am\u00fcsiert, und so ist es nicht verwunderlich, dass das Land ein gro\u00dfartiger Ort f\u00fcr eine epische Feier ist! Erwartet eine tolle Atmosph\u00e4re, gro\u00dfartige Musiker und Unterhaltung vom Feinsten. Ihr k\u00f6nnt eine Bauchtanzshow, ein Feuerwerk, eine Trommelshow, traditionelle t\u00fcrkische T\u00e4nzerinnen und sogar eine Zirkusshow w\u00e4hrend eurer Hochzeit erleben. Auch alkoholische Getr\u00e4nke sind an fast allen Veranstaltungsorten erh\u00e4ltlich.<strong><\/strong><\/span><\/li>\n<\/ul>\n<h2 style=\"text-align: center\" id=\"tve-jump-17efd6492e9\"><span style=\"font-size: 26px\">Unsere 25-j\u00e4hrige Expertise zu euren Diensten<\/span><\/h2>\n<p><span><img decoding=\"async\" alt=\"Our 25 years of experience at your service\" data-id=\"30102\" width=\"1060\" data-init-width=\"1200\" height=\"556\" data-init-height=\"630\" title=\"Our 25 years of experience at your service\" loading=\"lazy\" src=\"https:\/\/antalyatouristinformation.com\/de\/wp-content\/uploads\/sites\/10\/2022\/11\/Our-25-years-of-experience-at-your-service-1.jpg\" data-width=\"1060\" data-height=\"556\" style=\"aspect-ratio: auto 1200 \/ 630\"><\/span><\/p>\n<p>Unser Unternehmen verf\u00fcgt \u00fcber eine 25-j\u00e4hrige Erfahrung in der Organisation von Hochzeiten. Mit mehr als +2500 der erfahrensten Partner in der T\u00fcrkei, werden wir euch die besten Preise f\u00fcr den besten Service f\u00fcr eine perfekte Hochzeit in der T\u00fcrkei bieten!Wendet euch an uns, denn wir sind mit unserem M.I.C.E. Programm, das sich ganz euren Bed\u00fcrfnissen anpasst, seit 25 Jahren Spezialisten f\u00fcr die Organisation in der T\u00fcrkei.<\/p>\n<h2 style=\"text-align: center\" id=\"t-1648539554463\">H\u00e4ufig gestellte Fragen zu Hochzeiten in der T\u00fcrkei<\/h2>\n<h2 data-hide=\"true\" style=\"text-align: center\">Mehr \u00fcber Hochzeiten in der T\u00fcrkei lesen<\/h2>\n<p style=\"text-align: center\">Veranstaltungsorte, Ideen und Br\u00e4uche<\/p>\n<p><a href=\"https:\/\/antalyatouristinformation.com\/de\/heiraten\/haufige-fragen\/\" data-shortcode-id=\"1091\"><\/a><\/p>\n<h2 style=\"text-align: center;padding-top: 0px !important;margin-top: 0px !important\" id=\"t-1648539554466\" data-hide=\"true\"><span data-shortcode=\"tcb_post_title\" data-shortcode-name=\"Post title\" data-extra_key=\"\" data-attr-link=\"1\" data-attr-target=\"0\" data-attr-rel=\"0\" data-option-inline=\"1\" data-attr-static-link=\"{&quot;className&quot;:&quot;&quot;,&quot;href&quot;:&quot;https:\/\/antalyatouristinformation.com\/de\/heiraten\/haufige-fragen\/&quot;,&quot;title&quot;:&quot;H\u00e4ufige Fragen zu t\u00fcrkischen Hochzeiten&quot;,&quot;data-css&quot;:&quot;tve-u-17ec3ec804a&quot;,&quot;class&quot;:&quot;&quot;}\" data-attr-css=\"tve-u-17ec3ec804a\"><a href=\"https:\/\/antalyatouristinformation.com\/de\/heiraten\/haufige-fragen\/\" title=\"H\u00e4ufige Fragen zu t\u00fcrkischen Hochzeiten\">H\u00e4ufige Fragen zu t\u00fcrkischen Hochzeiten<\/a><\/span><\/h2>\n<p><a href=\"https:\/\/antalyatouristinformation.com\/de\/heiraten\/turkische-traditionen\/\" data-shortcode-id=\"1091\"><\/a><\/p>\n<h2 style=\"text-align: center;padding-top: 0px !important;margin-top: 0px !important\" id=\"t-1648539554466\" data-hide=\"true\"><span data-shortcode=\"tcb_post_title\" data-shortcode-name=\"Post title\" data-extra_key=\"\" data-attr-link=\"1\" data-attr-target=\"0\" data-attr-rel=\"0\" data-option-inline=\"1\" data-attr-static-link=\"{&quot;className&quot;:&quot;&quot;,&quot;href&quot;:&quot;https:\/\/antalyatouristinformation.com\/de\/heiraten\/haufige-fragen\/&quot;,&quot;title&quot;:&quot;H\u00e4ufige Fragen zu t\u00fcrkischen Hochzeiten&quot;,&quot;data-css&quot;:&quot;tve-u-17ec3ec804a&quot;,&quot;class&quot;:&quot;&quot;}\" data-attr-css=\"tve-u-17ec3ec804a\"><a href=\"https:\/\/antalyatouristinformation.com\/de\/heiraten\/turkische-traditionen\/\" title=\"15 T\u00fcrkische Hochzeitstraditionen\">15 T\u00fcrkische Hochzeitstraditionen<\/a><\/span><\/h2>\n<p><a href=\"https:\/\/antalyatouristinformation.com\/de\/heiraten\/location\/\" data-shortcode-id=\"1091\"><\/a><\/p>\n<h2 style=\"text-align: center;padding-top: 0px !important;margin-top: 0px !important\" id=\"t-1648539554466\" data-hide=\"true\"><span data-shortcode=\"tcb_post_title\" data-shortcode-name=\"Post title\" data-extra_key=\"\" data-attr-link=\"1\" data-attr-target=\"0\" data-attr-rel=\"0\" data-option-inline=\"1\" data-attr-static-link=\"{&quot;className&quot;:&quot;&quot;,&quot;href&quot;:&quot;https:\/\/antalyatouristinformation.com\/de\/heiraten\/haufige-fragen\/&quot;,&quot;title&quot;:&quot;H\u00e4ufige Fragen zu t\u00fcrkischen Hochzeiten&quot;,&quot;data-css&quot;:&quot;tve-u-17ec3ec804a&quot;,&quot;class&quot;:&quot;&quot;}\" data-attr-css=\"tve-u-17ec3ec804a\"><a href=\"https:\/\/antalyatouristinformation.com\/de\/heiraten\/location\/\" title=\"Locations f\u00fcr Hochzeiten in der T\u00fcrkei: 10 beste Ideen\">Locations f\u00fcr Hochzeiten in der T\u00fcrkei: 10 beste Ideen<\/a><\/span><\/h2>\n<p><a href=\"https:\/\/antalyatouristinformation.com\/de\/heiraten\/fotograf\/\" data-shortcode-id=\"1091\"><\/a><\/p>\n<h2 style=\"text-align: center;padding-top: 0px !important;margin-top: 0px !important\" id=\"t-1648539554466\" data-hide=\"true\"><span data-shortcode=\"tcb_post_title\" data-shortcode-name=\"Post title\" data-extra_key=\"\" data-attr-link=\"1\" data-attr-target=\"0\" data-attr-rel=\"0\" data-option-inline=\"1\" data-attr-static-link=\"{&quot;className&quot;:&quot;&quot;,&quot;href&quot;:&quot;https:\/\/antalyatouristinformation.com\/de\/heiraten\/haufige-fragen\/&quot;,&quot;title&quot;:&quot;H\u00e4ufige Fragen zu t\u00fcrkischen Hochzeiten&quot;,&quot;data-css&quot;:&quot;tve-u-17ec3ec804a&quot;,&quot;class&quot;:&quot;&quot;}\" data-attr-css=\"tve-u-17ec3ec804a\"><a href=\"https:\/\/antalyatouristinformation.com\/de\/heiraten\/fotograf\/\" title=\"Hochzeitsfotografen in der T\u00fcrkei: Tipps, wie ihr den richtigen findet!\">Hochzeitsfotografen in der T\u00fcrkei: Tipps, wie ihr den richtigen findet!<\/a><\/span><\/h2>\n<p><a href=\"https:\/\/antalyatouristinformation.com\/de\/heiraten\/hochzeitsplaner\/\" data-shortcode-id=\"1091\"><\/a><\/p>\n<h2 style=\"text-align: center;padding-top: 0px !important;margin-top: 0px !important\" id=\"t-1648539554466\" data-hide=\"true\"><span data-shortcode=\"tcb_post_title\" data-shortcode-name=\"Post title\" data-extra_key=\"\" data-attr-link=\"1\" data-attr-target=\"0\" data-attr-rel=\"0\" data-option-inline=\"1\" data-attr-static-link=\"{&quot;className&quot;:&quot;&quot;,&quot;href&quot;:&quot;https:\/\/antalyatouristinformation.com\/de\/heiraten\/haufige-fragen\/&quot;,&quot;title&quot;:&quot;H\u00e4ufige Fragen zu t\u00fcrkischen Hochzeiten&quot;,&quot;data-css&quot;:&quot;tve-u-17ec3ec804a&quot;,&quot;class&quot;:&quot;&quot;}\" data-attr-css=\"tve-u-17ec3ec804a\"><a href=\"https:\/\/antalyatouristinformation.com\/de\/heiraten\/hochzeitsplaner\/\" title=\"Hochzeitsplaner in der T\u00fcrkei: Guide, Budget &amp; h\u00e4ufige Fragen\">Hochzeitsplaner in der T\u00fcrkei: Guide, Budget &amp; h\u00e4ufige Fragen<\/a><\/span><\/h2>\n<p><a href=\"https:\/\/antalyatouristinformation.com\/de\/heiraten\/bestimmungen\/\" data-shortcode-id=\"1091\"><\/a><\/p>\n<h2 style=\"text-align: center;padding-top: 0px !important;margin-top: 0px !important\" id=\"t-1648539554466\" data-hide=\"true\"><span data-shortcode=\"tcb_post_title\" data-shortcode-name=\"Post title\" data-extra_key=\"\" data-attr-link=\"1\" data-attr-target=\"0\" data-attr-rel=\"0\" data-option-inline=\"1\" data-attr-static-link=\"{&quot;className&quot;:&quot;&quot;,&quot;href&quot;:&quot;https:\/\/antalyatouristinformation.com\/de\/heiraten\/haufige-fragen\/&quot;,&quot;title&quot;:&quot;H\u00e4ufige Fragen zu t\u00fcrkischen Hochzeiten&quot;,&quot;data-css&quot;:&quot;tve-u-17ec3ec804a&quot;,&quot;class&quot;:&quot;&quot;}\" data-attr-css=\"tve-u-17ec3ec804a\"><a href=\"https:\/\/antalyatouristinformation.com\/de\/heiraten\/bestimmungen\/\" title=\"Heiraten in der T\u00fcrkei: Bestimmungen und rechtlicher Ablauf f\u00fcr Ausl\u00e4nder\">Heiraten in der T\u00fcrkei: Bestimmungen und rechtlicher Ablauf f\u00fcr Ausl\u00e4nder<\/a><\/span><\/h2>\n<p><a href=\"void(0)\"><span><span>Load More<\/span><\/span><\/a><\/p>\n","protected":false},"excerpt":{"rendered":"<p>Plant ihr eine Hochzeit in Antalya? &nbsp; Dann seid ihr hier genau richtig! Auf dieser Seite findet ihr alle n\u00fctzlichen Informationen und Unterst\u00fctzung f\u00fcr die Planung eurer Traumhochzeit in der Provinz Antalya. Ob Haarstyling, Brautkleid, Fotograf oder traumhafte Locations am Strand, wir sind f\u00fcr euch da! Kontaktiert uns und fordert ein KOSTENLOSES Angebot f\u00fcr euer [&hellip;]<\/p>\n","protected":false},"author":5,"featured_media":14491,"parent":0,"menu_order":0,"comment_status":"closed","ping_status":"closed","template":"","meta":{"_acf_changed":false,"footnotes":""},"categories":[],"tags":[],"class_list":["post-14486","page","type-page","status-publish","has-post-thumbnail","hentry","post-wrapper","thrv_wrapper"],"acf":[],"wp-worthy-pixel":{"ignored":false,"public":"ec92061c38ac479f8566f88e5c7de44f","server":"vg01.met.vgwort.de","url":"https:\/\/vg01.met.vgwort.de\/na\/ec92061c38ac479f8566f88e5c7de44f"},"wp-worthy-type":"normal","_links":{"self":[{"href":"https:\/\/antalyatouristinformation.com\/de\/wp-json\/wp\/v2\/pages\/14486","targetHints":{"allow":["GET"]}}],"collection":[{"href":"https:\/\/antalyatouristinformation.com\/de\/wp-json\/wp\/v2\/pages"}],"about":[{"href":"https:\/\/antalyatouristinformation.com\/de\/wp-json\/wp\/v2\/types\/page"}],"author":[{"embeddable":true,"href":"https:\/\/antalyatouristinformation.com\/de\/wp-json\/wp\/v2\/users\/5"}],"replies":[{"embeddable":true,"href":"https:\/\/antalyatouristinformation.com\/de\/wp-json\/wp\/v2\/comments?post=14486"}],"version-history":[{"count":10,"href":"https:\/\/antalyatouristinformation.com\/de\/wp-json\/wp\/v2\/pages\/14486\/revisions"}],"predecessor-version":[{"id":16580,"href":"https:\/\/antalyatouristinformation.com\/de\/wp-json\/wp\/v2\/pages\/14486\/revisions\/16580"}],"wp:featuredmedia":[{"embeddable":true,"href":"https:\/\/antalyatouristinformation.com\/de\/wp-json\/wp\/v2\/media\/14491"}],"wp:attachment":[{"href":"https:\/\/antalyatouristinformation.com\/de\/wp-json\/wp\/v2\/media?parent=14486"}],"wp:term":[{"taxonomy":"category","embeddable":true,"href":"https:\/\/antalyatouristinformation.com\/de\/wp-json\/wp\/v2\/categories?post=14486"},{"taxonomy":"post_tag","embeddable":true,"href":"https:\/\/antalyatouristinformation.com\/de\/wp-json\/wp\/v2\/tags?post=14486"}],"curies":[{"name":"wp","href":"https:\/\/api.w.org\/{rel}","templated":true}]}}