{"id":14564,"date":"2022-11-17T15:39:46","date_gmt":"2022-11-17T14:39:46","guid":{"rendered":"https:\/\/antalyatouristinformation.com\/de\/?page_id=14564"},"modified":"2026-04-01T12:30:32","modified_gmt":"2026-04-01T10:30:32","slug":"beste-turkische-sim-karte-fur-antalya","status":"publish","type":"page","link":"https:\/\/antalyatouristinformation.com\/de\/beste-turkische-sim-karte-fur-antalya\/","title":{"rendered":"Beste t\u00fcrkische SIM Karte f\u00fcr Touristen in Antalya [+ eSIM Alternative]"},"content":{"rendered":"<p data-hide=\"true\" id=\"t-1668683676927\">Hier findet ihr unseren ultimativen Guide zum Kauf einer t\u00fcrkischen SIM-Karte f\u00fcr Touristen in Antalya.<\/p>\n<p>Falls ihr eine Reise nach Antalya plant, ist es wichtig, stets erreichbar zu sein. Die beste M\u00f6glichkeit, dies zu erreichen, ist eine t\u00fcrkische Prepaid-SIM-Karte f\u00fcr euren Urlaub zu kaufen.&nbsp;<\/p>\n<p>In diesem Guide erfahrt ihr alles, was ihr \u00fcber t\u00fcrkische SIM-Karten f\u00fcr Touristen in Antalya wissen m\u00fcsst &#8211; von der Frage, welcher Betreiber das beste Netz und <strong>die besten SIM-Karten-Angebote in der T\u00fcrkei <\/strong>anbietet, bis hin zu anderen attraktiven Optionen, wie etwa<strong>&nbsp;<\/strong><a href=\"#tve-jump-18cf87141b1\" data-lt-tmp-id=\"lt-300457\"><strong>e-SIM-Karten [+ Rabatt]<\/strong><\/a>.<\/p>\n<p>Lasst uns beginnen!<\/p>\n<p><span><img decoding=\"async\" alt=\"\" data-id=\"14581\" width=\"702\" data-init-width=\"1000\" height=\"468\" data-init-height=\"667\" title=\"Best Turkish SIM Card for Antalya\" loading=\"lazy\" src=\"https:\/\/antalyatouristinformation.com\/de\/wp-content\/uploads\/sites\/10\/2022\/11\/Best-Turkish-SIM-Card-for-Antalya.jpeg\" data-width=\"702\" data-height=\"468\" data-pinpro-key=\"lp9fu9oqh\" style=\"aspect-ratio: auto 1000 \/ 667\"><\/span><\/p>\n<h2 id=\"t-1668683676928\" data-alt-text=\"Brauche ich eine t\u00fcrkische SIM-Karte f\u00fcr Antalya?\"><strong>Brauche ich wirklich eine t\u00fcrkische SIM Karte f\u00fcr Antalya?<\/strong><\/h2>\n<p>Wer eine Reise in die Region Antalya plant, fragt sich meist, ob er eine t\u00fcrkische SIM Karte f\u00fcr seinen Urlaub braucht. Schlie\u00dflich bieten die meisten Hotels in Antalya kostenloses WLAN an, warum sollte man sich also nicht einfach damit zufriedengeben?<\/p>\n<p>Es gibt viele Gr\u00fcnde, warum eine t\u00fcrkische SIM-Karte n\u00fctzlich sein kann, selbst wenn ihr euch nur ein paar Tage in Antalya aufhaltet. Zum einen ist es <strong>viel billiger,<\/strong> mobiles Internet auf einer t\u00fcrkischen SIM Karte zu nutzen, als im heimischen Netz zu roamen.<\/p>\n<p>Au\u00dferdem bedeutet eine ortsgebundene SIM-Karte, dass man <strong>immer Zugang zum Internet hat<\/strong>, auch wenn kein Wi-Fi verf\u00fcgbar ist. Ihr m\u00fcsst euch also nicht auf das Wi-Fi des Hotels verlassen, das <strong>meistens frustrierend langsam und &#8211; noch schlimmer &#8211; nicht sicher ist<\/strong>. Falls ihr zudem in der Region Antalya auf <strong>Entdeckungstour<\/strong><strong>gehen wollt,<\/strong> ist eine t\u00fcrkische SIM-Karte definitiv von Vorteil.<\/p>\n<p><strong>Mit anderen Worten: <\/strong>Wenn es euch wichtig ist, w\u00e4hrend eures Aufenthalts in Antalya stets eine Internetverbindung zu haben, dann empfehlen wir euch, eine t\u00fcrkische SIM Karte zu besorgen. Das <strong>spart nicht nur Geld<\/strong>, sondern gibt euch auch die <strong>Garantie<\/strong>, dass ihr immer einen <strong>(sicheren) Zugang zum Internet habt.<\/strong><\/p>\n<p>Aber wie geht das am einfachsten, ohne Schlange stehen zu m\u00fcssen und <strong>zum besten Preis?<\/strong><\/p>\n<h2 id=\"t-1668683676929\" data-alt-text=\"Vor der Reise online buchen\"><strong>Die t\u00fcrkische SIM Karte vor der Reise nach Antalya online buchen<\/strong><\/h2>\n<p>Wie kann man am besten eine t\u00fcrkische SIM Karte oder ein Ger\u00e4t, das sofortigen Zugang zum Internet bietet, online kaufen, um es w\u00e4hrend des Urlaubs in der T\u00fcrkei zu nutzen?<\/p>\n<p>F\u00fcr Reisende, die f\u00fcr ihren T\u00fcrkei-Urlaub <strong>lediglich<\/strong><strong>mobiles Internet <\/strong>und keine Telefonanrufe oder SMS ben\u00f6tigen, haben wir die perfekte L\u00f6sung: <strong>die e-SIM-Karte f\u00fcr die T\u00fcrkei.&nbsp;<\/strong><\/p>\n<p>Sie ist eine der&nbsp;<strong>g\u00fcnstigsten und praktischsten M\u00f6glichkeiten,<\/strong> als Ausl\u00e4nder in Antalya&nbsp;<strong>Internetzugang zu erhalten.<\/strong><\/p>\n<p><span style=\"text-decoration: underline\">Findet nachfolgend unsere eSIM-Empfehlungen f\u00fcr die T\u00fcrkei.<\/span><\/p>\n<p data-end=\"403\" data-start=\"100\">Stellt sicher, dass <strong>euer Handy entsperrt<\/strong> ist und <strong>eSIM-Technologie unterst\u00fctzt, <\/strong>bevor ihr eine eSIM f\u00fcr Antalya kauft. So vermeidet ihr Probleme und unn\u00f6tige Ausgaben. Ihr k\u00f6nnt dies mit den folgenden Schritten \u00fcberpr\u00fcfen:<\/p>\n<p data-end=\"598\" data-start=\"405\"><strong data-end=\"427\" data-start=\"405\">F\u00fcr iPhone-Nutzer:<\/strong> Geht zu den Einstellungen, dann zu \u201eMobilfunk\u201c oder \u201eMobile Daten\u201c und pr\u00fcft, ob ihr die Option \u201eMobilfunktarif hinzuf\u00fcgen\u201c habt \u2013 dies best\u00e4tigt die eSIM-Kompatibilit\u00e4t.<\/p>\n<p data-end=\"814\" data-start=\"600\"><strong data-end=\"623\" data-start=\"600\">F\u00fcr Android-Nutzer:<\/strong> Geht zu den Einstellungen, dann zu \u201eVerbindungen\u201c &gt; \u201eSIM-Karten-Manager\u201c und sucht nach der Option, einen Mobilfunktarif hinzuzuf\u00fcgen \u2013 wenn diese verf\u00fcgbar ist, unterst\u00fctzt euer Ger\u00e4t eSIM.<\/p>\n<h3 data-pm-slice=\"1 1 []\">WICHTIG: eSIM vor der Ankunft in der T\u00fcrkei installieren<\/h3>\n<p>Bitte beachtet, dass eSIMs derzeit in der T\u00fcrkei<strong>&nbsp;nicht mehr installiert werden k\u00f6nnen.<\/strong> Damit alles reibungslos funktioniert, solltet ihr eure <strong>e<\/strong><strong>SIM unbedingt vor eurer Einreise installieren&nbsp;<\/strong>\u2013 idealerweise bereits zu Hause oder am Flughafen vor dem Abflug. Nur so stellt ihr sicher, dass ihr bei eurer Ankunft sofort ins Internet gehen k\u00f6nnt.<\/p>\n<h2 data-end=\"881\" data-start=\"816\" id=\"t-1741000442591\"><strong data-end=\"881\" data-start=\"816\">Vergleichstabelle: Alle verf\u00fcgbaren eSIM-Angebote f\u00fcr Antalya<\/strong><\/h2>\n<p data-end=\"1106\" data-start=\"883\">Die meisten eSIM-Anbieter in Antalya nutzen die gleichen lokalen Netzwerke wie Turkcell, Vodafone T\u00fcrkei und Turk Telekom.<\/p>\n<p data-end=\"1330\" data-is-last-node=\"\" data-is-only-node=\"\" data-start=\"1108\">Die Hauptunterschiede zwischen den Anbietern liegen daher in den <strong>Datenpaketen, den Preisen und der G\u00fcltigkeitsdauer der Tarife<\/strong>. Unten findet ihr einen detaillierten Vergleich, der euch hilft, die beste SIM-Karte f\u00fcr die T\u00fcrkei auszuw\u00e4hlen.<\/p>\n<table data-rows=\"9\" data-cols=\"5\">\n<thead>\n<tr>\n<th data-direction=\"down\">\n<p><\/p>\n<\/th>\n<th data-direction=\"\">\n<p>HOLAFLY<\/p>\n<\/th>\n<th data-direction=\"\">\n<p>ESQUICK<\/p>\n<\/th>\n<th data-direction=\"\">\n<p>AIRALO<\/p>\n<\/th>\n<th data-direction=\"\">\n<p>JETPAC<\/p>\n<\/th>\n<\/tr>\n<\/thead>\n<tbody>\n<tr>\n<td data-th=\"\">\n<p>ANBIETER<\/p>\n<\/td>\n<td data-th=\"ISTANBUL WELCOME CARD PREMIUM                    \"><span><img decoding=\"async\" alt=\"\" data-id=\"16521\" width=\"116\" data-init-width=\"859\" height=\"40\" data-init-height=\"300\" title=\"holafly-logo (2)\" src=\"https:\/\/antalyatouristinformation.com\/de\/wp-content\/uploads\/sites\/10\/2025\/03\/holafly-logo-2.jpg\" data-width=\"116\" style=\"aspect-ratio: auto 859 \/ 300\" loading=\"lazy\" data-height=\"40\" data-pinpro-key=\"0dilo2l0x\"><\/span><\/td>\n<td data-th=\"ISTANBUL WELCOME CARD DELUXE                    \"><span><img decoding=\"async\" alt=\"\" data-id=\"16518\" width=\"94\" data-init-width=\"512\" height=\"94\" data-init-height=\"512\" title=\"esquick esim logo\" src=\"https:\/\/antalyatouristinformation.com\/de\/wp-content\/uploads\/sites\/10\/2025\/03\/esquick-esim-logo.png\" data-width=\"94\" style=\"aspect-ratio: auto 512 \/ 512\" loading=\"lazy\" data-height=\"94\" data-pinpro-key=\"wx8sfqlor\"><\/span><\/td>\n<td data-th=\"ISTANBUL WELCOME CARD SAVER COMBO                    \"><span><img decoding=\"async\" alt=\"\" data-id=\"16517\" width=\"129\" data-init-width=\"1200\" height=\"38\" data-init-height=\"678\" title=\"airalo esim logo\" src=\"https:\/\/antalyatouristinformation.com\/de\/wp-content\/uploads\/sites\/10\/2025\/03\/airalo-esim-logo.svg\" data-width=\"129\" style=\"aspect-ratio: auto 1200 \/ 678\" loading=\"lazy\" data-height=\"38\" data-pinpro-key=\"16qqur0hr\"><\/span><\/td>\n<td data-th=\"ISTANBUL E-PASS                    \"><span><img decoding=\"async\" alt=\"\" data-id=\"16520\" width=\"129\" data-init-width=\"384\" height=\"32\" data-init-height=\"94\" title=\"jetpac esim\" src=\"https:\/\/antalyatouristinformation.com\/de\/wp-content\/uploads\/sites\/10\/2025\/03\/jetpac-esim.jpg\" data-width=\"129\" style=\"aspect-ratio: auto 384 \/ 94\" loading=\"lazy\" data-height=\"32\" data-pinpro-key=\"8o40spfnq\"><\/span><\/td>\n<\/tr>\n<tr>\n<td data-th=\"\">\n<p>DATENVOLUMEN<\/p>\n<\/td>\n<td data-th=\"ISTANBUL WELCOME CARD PREMIUM                    \">\n<p>Unbegrenzt<\/p>\n<\/td>\n<td data-th=\"ISTANBUL WELCOME CARD DELUXE                    \">\n<p>1 GB &#8211; 20 GB<\/p>\n<\/td>\n<td data-th=\"ISTANBUL WELCOME CARD SAVER COMBO                    \">\n<p>1 GB &#8211; 20 GB<br \/>(unbegrenztes Datenangebot verf\u00fcgbar)<\/p>\n<\/td>\n<td data-th=\"ISTANBUL E-PASS                    \">\n<p>1 GB &#8211; 30 GB<\/p>\n<\/td>\n<\/tr>\n<tr>\n<td data-th=\"\" rowspan=\"1\" colspan=\"1\">\n<p>G\u00dcLTIGKEIT<\/p>\n<\/td>\n<td data-th=\"ISTANBUL WELCOME CARD PREMIUM                    \" rowspan=\"1\" colspan=\"1\">\n<p>Beliebige Anzahl von Tagen w\u00e4hlbar<\/p>\n<\/td>\n<td data-th=\"ISTANBUL WELCOME CARD DELUXE                    \" rowspan=\"1\" colspan=\"1\">\n<p>7, 15 oder 30 Tage<\/p>\n<\/td>\n<td data-th=\"ISTANBUL WELCOME CARD SAVER COMBO                    \" rowspan=\"1\" colspan=\"1\">\n<p>7, 10, 15 oder 30 Tage<\/p>\n<\/td>\n<td data-th=\"ISTANBUL E-PASS                    \" rowspan=\"1\" colspan=\"1\">\n<p>4, 7 oder 30 Tage<\/p>\n<\/td>\n<\/tr>\n<tr>\n<td data-th=\"\" rowspan=\"1\" colspan=\"1\">\n<p>NETZABDECKUNG<\/p>\n<\/td>\n<td data-th=\"ISTANBUL WELCOME CARD PREMIUM                    \" rowspan=\"1\" colspan=\"1\">\n<p style=\"letter-spacing: 0px\">T\u00fcrkcell und T\u00fcrk Telekom<\/p>\n<\/td>\n<td data-th=\"ISTANBUL WELCOME CARD DELUXE                    \" rowspan=\"1\" colspan=\"1\">\n<p style=\"letter-spacing: 0px\">T\u00fcrkische Telekom (Avea)&nbsp;<\/p>\n<\/td>\n<td data-th=\"ISTANBUL WELCOME CARD SAVER COMBO                    \" rowspan=\"1\" colspan=\"1\">\n<p style=\"letter-spacing: 0px\">T\u00fcrkische Telekom (Avea)<\/p>\n<\/td>\n<td data-th=\"ISTANBUL E-PASS                    \" rowspan=\"1\" colspan=\"1\">\n<p style=\"letter-spacing: 0px\">T\u00fcrkische Telekom (Avea)<\/p>\n<\/td>\n<\/tr>\n<tr>\n<td data-th=\"\">\n<p><strong>TOP ANGEBOTE &amp; PREISE<\/strong><\/p>\n<\/td>\n<td data-th=\"ISTANBUL WELCOME CARD PREMIUM                    \">\n<p style=\"letter-spacing: 0px\"><strong>3 Tage<\/strong> unbegrenzte Daten:11,37\u20ac<\/p>\n<\/td>\n<td data-th=\"ISTANBUL WELCOME CARD DELUXE                    \">\n<p style=\"letter-spacing: 0px\"><strong>30 Tage<\/strong> 5 GB: 9,00\u20ac<\/p>\n<\/td>\n<td data-th=\"ISTANBUL WELCOME CARD SAVER COMBO                    \">\n<p style=\"letter-spacing: 0px\"><strong>3 Tage<\/strong> unbegrenztes Datenvolumen: 11,50\u20ac<\/p>\n<\/td>\n<td data-th=\"ISTANBUL E-PASS                    \">\n<p style=\"letter-spacing: 0px\"><strong>3 Tage<\/strong> unbegrenztes Datenvolumen: 12,50\u20ac<\/p>\n<\/td>\n<\/tr>\n<tr>\n<td data-th=\"\" rowspan=\"1\" colspan=\"1\">\n<p><strong>&nbsp;PREIS &amp; GB F\u00dcR 7 TAGE<\/strong><\/p>\n<\/td>\n<td data-th=\"ISTANBUL WELCOME CARD PREMIUM                    \" rowspan=\"1\" colspan=\"1\">\n<p style=\"letter-spacing: 0px\">26,90 \u20ac: unbegrenzte Daten<\/p>\n<\/td>\n<td data-th=\"ISTANBUL WELCOME CARD DELUXE                    \" rowspan=\"1\" colspan=\"1\">\n<p style=\"letter-spacing: 0px\">4,50 \u20ac: 1 GB Daten<\/p>\n<\/td>\n<td data-th=\"ISTANBUL WELCOME CARD SAVER COMBO                    \" rowspan=\"1\" colspan=\"1\">\n<p style=\"letter-spacing: 0px\">4,50 \u20ac: 1 GB Daten<\/p>\n<\/td>\n<td data-th=\"ISTANBUL E-PASS                    \" rowspan=\"1\" colspan=\"1\">\n<p style=\"letter-spacing: 0px\">4,00 \u20ac: 3 GB Daten<\/p>\n<\/td>\n<\/tr>\n<tr>\n<td data-th=\"\">\n<p>IDEAL F\u00dcR<\/p>\n<\/td>\n<td data-th=\"ISTANBUL WELCOME CARD PREMIUM                    \">\n<p style=\"letter-spacing: 0px\">Gesch\u00e4ftsreisende und Personen, die eine hohe Datennutzung ben\u00f6tigen<\/p>\n<\/td>\n<td data-th=\"ISTANBUL WELCOME CARD DELUXE                    \">\n<p style=\"letter-spacing: 0px\">Reisende, die nach einer zuverl\u00e4ssigen und dennoch preisg\u00fcnstigen Option suchen<\/p>\n<\/td>\n<td data-th=\"ISTANBUL WELCOME CARD SAVER COMBO                    \">\n<p style=\"letter-spacing: 0px\">Reisende mit kurzen Aufenthalten, die nach flexiblen Datenoptionen suchen<\/p>\n<\/td>\n<td data-th=\"ISTANBUL E-PASS                    \">\n<p style=\"letter-spacing: 0px\">Reisende, die nach den g\u00fcnstigsten Tarifen und gro\u00dfz\u00fcgigen Datenpaketen suchen<\/p>\n<\/td>\n<\/tr>\n<tr>\n<td data-th=\"\" rowspan=\"1\" colspan=\"1\">Cell<\/td>\n<td data-th=\"ISTANBUL WELCOME CARD PREMIUM                    \" rowspan=\"1\" colspan=\"1\"><\/td>\n<td data-th=\"ISTANBUL WELCOME CARD DELUXE                    \" rowspan=\"1\" colspan=\"1\"><\/td>\n<td data-th=\"ISTANBUL WELCOME CARD SAVER COMBO                    \" rowspan=\"1\" colspan=\"1\"><\/td>\n<td data-th=\"ISTANBUL E-PASS                    \" rowspan=\"1\" colspan=\"1\"><\/td>\n<\/tr>\n<\/tbody>\n<\/table>\n<h2 data-end=\"188\" data-start=\"137\" id=\"t-1740988554539\"><strong data-end=\"188\" data-start=\"137\">Details zu den besten eSIM-Angeboten f\u00fcr Antalya<\/strong><\/h2>\n<h3><strong data-end=\"204\" data-start=\"193\">1. Holafly<\/strong><\/h3>\n<p><span><img decoding=\"async\" alt=\"\" data-id=\"16521\" width=\"500\" data-init-width=\"859\" height=\"175\" data-init-height=\"300\" title=\"holafly-logo (2)\" loading=\"lazy\" src=\"https:\/\/antalyatouristinformation.com\/de\/wp-content\/uploads\/sites\/10\/2025\/03\/holafly-logo-2.jpg\" data-width=\"500\" data-height=\"175\" style=\"aspect-ratio: auto 859 \/ 300\"><\/span><\/p>\n<p data-end=\"598\" data-start=\"206\">Holafly ist ein eSIM-Anbieter, der in \u00fcber 160 L\u00e4ndern, einschlie\u00dflich der T\u00fcrkei, eSIMs anbietet. Was diesen Anbieter von anderen unterscheidet, sind die <strong>unbegrenzten Datentarife,<\/strong> die es Reisenden in Antalya erm\u00f6glichen, ohne jegliche Datenbegrenzung in Internet zu surfen. Holaflys eSIM ist eine ausgezeichnete Wahl f\u00fcr alle, die zuverl\u00e4ssiges Internet w\u00e4hrend ihrer Reise ben\u00f6tigen.<\/p>\n<ul>\n<li data-end=\"863\" data-start=\"600\"><strong data-end=\"617\" data-start=\"600\">Datenvolumen:<\/strong> Unbegrenzt<\/li>\n<li data-end=\"863\" data-start=\"600\"><strong data-end=\"646\" data-start=\"631\">G\u00fcltigkeit:<\/strong> Auswahl zwischen verschiedenen G\u00fcltigkeitszeitr\u00e4umen<\/li>\n<li data-end=\"863\" data-start=\"600\"><strong data-end=\"720\" data-start=\"702\">Netzabdeckung:<\/strong> Turkcell &amp; Turk Telekom<\/li>\n<li data-end=\"863\" data-start=\"600\"><strong data-end=\"774\" data-start=\"747\">Am besten geeignet f\u00fcr:<\/strong> Fernarbeiter und Gesch\u00e4ftsreisende mit hohem Datenbedarf<\/li>\n<\/ul>\n<p data-end=\"863\" data-start=\"600\"><strong data-end=\"861\" data-start=\"834\">Zus\u00e4tzliche Funktionen:<\/strong><\/p>\n<ul data-end=\"994\" data-start=\"864\">\n<li data-end=\"931\" data-start=\"864\">500 MB t\u00e4glicher Hotspot, um das Internet mit anderen zu teilen<\/li>\n<li data-end=\"971\" data-start=\"932\">Sofortige Aktivierung nach dem Kauf<\/li>\n<li data-end=\"994\" data-start=\"972\">24\/7 Kundensupport<\/li>\n<\/ul>\n<p data-end=\"1040\" data-start=\"996\"><strong data-end=\"1038\" data-start=\"996\">Holaflys Top eSIM-Angebote und Preise:<\/strong><\/p>\n<ul data-end=\"1281\" data-start=\"1041\">\n<li data-end=\"1100\" data-start=\"1041\"><a href=\"https:\/\/holafly.sjv.io\/ra1VPQ\" target=\"_blank\" rel=\"nofollow\" data-lt-tmp-id=\"lt-854655\">3 Tage unbegrenztes Datenvolumen in der T\u00fcrkei: 11,37 \u20ac<\/a><\/li>\n<li data-end=\"1160\" data-start=\"1101\"><a href=\"https:\/\/holafly.sjv.io\/ra1VPQ\" target=\"_blank\" rel=\"nofollow\" data-lt-tmp-id=\"lt-672432\">5 Tage unbegrenztes Datenvolumen in der T\u00fcrkei: 18,90 \u20ac<\/a><\/li>\n<li data-end=\"1220\" data-start=\"1161\"><a href=\"https:\/\/holafly.sjv.io\/ra1VPQ\" target=\"_blank\" rel=\"nofollow\" data-lt-tmp-id=\"lt-398540\">7 Tage unbegrenztes Datenvolumen in der T\u00fcrkei: 26,90 \u20ac<\/a><\/li>\n<li data-end=\"1281\" data-start=\"1221\"><a href=\"https:\/\/holafly.sjv.io\/ra1VPQ\" target=\"_blank\" rel=\"nofollow\" data-lt-tmp-id=\"lt-911175\">15 Tage unbegrenztes Datenvolumen in der T\u00fcrkei: 46,90 \u20ac<\/a><\/li>\n<\/ul>\n<p data-end=\"1387\" data-start=\"1283\">Besucht den folgenden Link, um mehr Informationen zu erhalten und von einem <strong>5 % Rabatt<\/strong> zu profitieren!<\/p>\n<h3><strong data-end=\"1447\" data-start=\"1437\">2. Esquik<\/strong><\/h3>\n<p><span><img decoding=\"async\" alt=\"\" data-id=\"16518\" width=\"300\" data-init-width=\"512\" height=\"300\" data-init-height=\"512\" title=\"esquick esim logo\" loading=\"lazy\" src=\"https:\/\/antalyatouristinformation.com\/de\/wp-content\/uploads\/sites\/10\/2025\/03\/esquick-esim-logo.png\" data-width=\"300\" data-height=\"300\" style=\"aspect-ratio: auto 512 \/ 512\"><\/span><\/p>\n<p data-end=\"1873\" data-start=\"1449\">Esquik ist ein vertrauensw\u00fcrdiger eSIM-Anbieter, der erschwingliche Datentarifen mit 5G in Antalya und der Rest der T\u00fcrkei anbietet. Im Vergleich zu vielen anderen Anbietern hat Esquik wettbewerbsf\u00e4hige Preise, was Esquik zu einer hervorragenden Option f\u00fcr preisbewusste Reisende macht. Mit Zugang zu den f\u00fchrenden Netzwerken der T\u00fcrkei wird eine starke und zuverl\u00e4ssige 5G-Abdeckung in der gesamten Region gew\u00e4hrleistet.<\/p>\n<ul>\n<li data-end=\"2110\" data-start=\"1875\"><strong data-end=\"1892\" data-start=\"1875\">Datenvolumen:<\/strong> 10 GB bis 20 GB<\/li>\n<li data-end=\"2110\" data-start=\"1875\"><strong data-end=\"1926\" data-start=\"1911\">G\u00fcltigkeit:<\/strong> 7, 15 oder 30 Tage<\/li>\n<li data-end=\"2110\" data-start=\"1875\"><strong data-end=\"1966\" data-start=\"1948\">Netzabdeckung:<\/strong> Turk Telekom (Avea)<\/li>\n<li data-end=\"2110\" data-start=\"1875\"><strong data-end=\"2016\" data-start=\"1989\">Am besten geeignet f\u00fcr:<\/strong> Preisbewusste Reisende, die zuverl\u00e4ssige Konnektivit\u00e4t suchen<\/li>\n<\/ul>\n","protected":false},"excerpt":{"rendered":"<p>Hier findet ihr unseren ultimativen Guide zum Kauf einer t\u00fcrkischen SIM-Karte f\u00fcr Touristen in Antalya. Falls ihr eine Reise nach Antalya plant, ist es wichtig, stets erreichbar zu sein. Die beste M\u00f6glichkeit, dies zu erreichen, ist eine t\u00fcrkische Prepaid-SIM-Karte f\u00fcr euren Urlaub zu kaufen.&nbsp; In diesem Guide erfahrt ihr alles, was ihr \u00fcber t\u00fcrkische SIM-Karten [&hellip;]<\/p>\n","protected":false},"author":5,"featured_media":14580,"parent":0,"menu_order":0,"comment_status":"closed","ping_status":"closed","template":"","meta":{"_acf_changed":false,"footnotes":""},"categories":[],"tags":[],"class_list":["post-14564","page","type-page","status-publish","has-post-thumbnail","hentry","post-wrapper","thrv_wrapper"],"acf":[],"wp-worthy-pixel":{"ignored":false,"public":"05a428cb70ae47cbbdaff1f72455b93a","server":"vg01.met.vgwort.de","url":"https:\/\/vg01.met.vgwort.de\/na\/05a428cb70ae47cbbdaff1f72455b93a"},"wp-worthy-type":"normal","_links":{"self":[{"href":"https:\/\/antalyatouristinformation.com\/de\/wp-json\/wp\/v2\/pages\/14564","targetHints":{"allow":["GET"]}}],"collection":[{"href":"https:\/\/antalyatouristinformation.com\/de\/wp-json\/wp\/v2\/pages"}],"about":[{"href":"https:\/\/antalyatouristinformation.com\/de\/wp-json\/wp\/v2\/types\/page"}],"author":[{"embeddable":true,"href":"https:\/\/antalyatouristinformation.com\/de\/wp-json\/wp\/v2\/users\/5"}],"replies":[{"embeddable":true,"href":"https:\/\/antalyatouristinformation.com\/de\/wp-json\/wp\/v2\/comments?post=14564"}],"version-history":[{"count":10,"href":"https:\/\/antalyatouristinformation.com\/de\/wp-json\/wp\/v2\/pages\/14564\/revisions"}],"predecessor-version":[{"id":16910,"href":"https:\/\/antalyatouristinformation.com\/de\/wp-json\/wp\/v2\/pages\/14564\/revisions\/16910"}],"wp:featuredmedia":[{"embeddable":true,"href":"https:\/\/antalyatouristinformation.com\/de\/wp-json\/wp\/v2\/media\/14580"}],"wp:attachment":[{"href":"https:\/\/antalyatouristinformation.com\/de\/wp-json\/wp\/v2\/media?parent=14564"}],"wp:term":[{"taxonomy":"category","embeddable":true,"href":"https:\/\/antalyatouristinformation.com\/de\/wp-json\/wp\/v2\/categories?post=14564"},{"taxonomy":"post_tag","embeddable":true,"href":"https:\/\/antalyatouristinformation.com\/de\/wp-json\/wp\/v2\/tags?post=14564"}],"curies":[{"name":"wp","href":"https:\/\/api.w.org\/{rel}","templated":true}]}}