{"id":147,"date":"2021-02-15T12:21:05","date_gmt":"2021-02-15T11:21:05","guid":{"rendered":"http:\/\/antalyatouristinformation.com\/clone4639485xzhehsskdjfhhdhebdkkekdeewsd4545gdfgm\/?page_id=147"},"modified":"2023-04-27T12:57:13","modified_gmt":"2023-04-27T10:57:13","slug":"hohle","status":"publish","type":"page","link":"https:\/\/antalyatouristinformation.com\/de\/sehenswurdigkeiten\/hohle\/","title":{"rendered":"H\u00f6hlen in Antalya: Entdeckung &amp; Abenteuer"},"content":{"rendered":"<p style=\"text-align: center;font-size: 15px !important\">Entdeckung<\/p>\n<h1 style=\"text-align: center\">H\u00f6hlen in Antalya:<\/h1>\n<h1 style=\"text-align: center\">Entdeckung und Abenteuer&nbsp;<\/h1>\n<p>Antalya ist ein ideales Ziel, um H\u00f6hlen zu entdecken und sich auf eine abenteuerliche Erkundung einzulassen.<\/p>\n<p>Hier findet ihr ber\u00fchmte Orte wie die drittl\u00e4ngste Unterwasserh\u00f6hle der Welt \u2013 <a href=\"https:\/\/antalyatouristinformation.com\/de\/sehenswurdigkeiten\/hohle\/altinbesik\/\">Altinbe\u015fik<\/a>. Die <a href=\"https:\/\/antalyatouristinformation.com\/de\/sehenswurdigkeiten\/hohle\/damlatas\/\">Damlata\u015f<\/a> H\u00f6hle ist der Grund, warum es in Alanya Tourismus gibt und die <a href=\"https:\/\/antalyatouristinformation.com\/de\/sehenswurdigkeiten\/hohle\/karain\/\">Karain<\/a> H\u00f6hle erz\u00e4hlt Geschichten aus l\u00e4ngst vergessenen Zeiten in Antalya.<\/p>\n<p>Hier ist unsere Sammlung von weiteren sehenswerten H\u00f6hlen in der gesamten Provinz Antalya.&nbsp;<\/p>\n<h2 style=\"text-align: center;font-size: 26px !important\">Die besten H\u00f6hlen<\/h2>\n<p style=\"text-align: center\">die ihr in Antalya besuchen solltet<\/p>\n<p><a href=\"https:\/\/antalyatouristinformation.com\/de\/sehenswurdigkeiten\/hohle\/dim\/\" data-shortcode-id=\"286\"><\/a><\/p>\n<p style=\"text-align: center\"><span data-shortcode=\"tcb_post_published_date\" data-shortcode-name=\"Post date\" data-extra_key=\"\" data-attr-type=\"modified\" data-attr-date-format-select=\"F j, Y\" data-attr-date-format=\"F j, Y\" data-attr-show-time=\"0\" data-attr-time-format-select=\"g:i a\" data-attr-time-format=\"\" data-attr-link=\"0\" data-attr-target=\"1\" data-attr-rel=\"0\" data-option-inline=\"1\">July 16, 2021 <\/span><\/p>\n<h3 style=\"text-align: center;padding-top: 0px !important;margin-top: 0px !important\"><span data-attr-link=\"1\" data-attr-rel=\"0\" data-attr-target=\"0\" data-extra_key=\"\" data-option-inline=\"1\" data-shortcode=\"tcb_post_title\" data-shortcode-name=\"Post title\" data-attr-css=\"\" data-attr-static-link=\"{&quot;className&quot;:&quot;&quot;,&quot;href&quot;:&quot;https:\/\/antalyatouristinformation.com\/de\/sehenswurdigkeiten\/hohle\/dim\/&quot;,&quot;title&quot;:&quot;Dim H\u00f6hle in Alanya: Eintritt und Tipps&quot;,&quot;class&quot;:&quot;&quot;}\"><a href=\"https:\/\/antalyatouristinformation.com\/de\/sehenswurdigkeiten\/hohle\/dim\/\" title=\"Dim H\u00f6hle in Alanya: Eintritt und Tipps\" data-css=\"\">Dim H\u00f6hle in Alanya: Eintritt und Tipps<\/a><\/span><\/h3>\n<p><a href=\"https:\/\/antalyatouristinformation.com\/de\/sehenswurdigkeiten\/hohle\/damlatas\/\" data-shortcode-id=\"286\"><\/a><\/p>\n<p style=\"text-align: center\"><span data-shortcode=\"tcb_post_published_date\" data-shortcode-name=\"Post date\" data-extra_key=\"\" data-attr-type=\"modified\" data-attr-date-format-select=\"F j, Y\" data-attr-date-format=\"F j, Y\" data-attr-show-time=\"0\" data-attr-time-format-select=\"g:i a\" data-attr-time-format=\"\" data-attr-link=\"0\" data-attr-target=\"1\" data-attr-rel=\"0\" data-option-inline=\"1\">July 16, 2021 <\/span><\/p>\n<h3 style=\"text-align: center;padding-top: 0px !important;margin-top: 0px !important\"><span data-attr-link=\"1\" data-attr-rel=\"0\" data-attr-target=\"0\" data-extra_key=\"\" data-option-inline=\"1\" data-shortcode=\"tcb_post_title\" data-shortcode-name=\"Post title\" data-attr-css=\"\" data-attr-static-link=\"{&quot;className&quot;:&quot;&quot;,&quot;href&quot;:&quot;https:\/\/antalyatouristinformation.com\/de\/sehenswurdigkeiten\/hohle\/dim\/&quot;,&quot;title&quot;:&quot;Dim H\u00f6hle in Alanya: Eintritt und Tipps&quot;,&quot;class&quot;:&quot;&quot;}\"><a href=\"https:\/\/antalyatouristinformation.com\/de\/sehenswurdigkeiten\/hohle\/damlatas\/\" title=\"Damlata\u015f H\u00f6hle in Alanya: Eintritt und Tipps\" data-css=\"\">Damlata\u015f H\u00f6hle in Alanya: Eintritt und Tipps<\/a><\/span><\/h3>\n<p><a href=\"https:\/\/antalyatouristinformation.com\/de\/sehenswurdigkeiten\/hohle\/altinbesik\/\" data-shortcode-id=\"286\"><\/a><\/p>\n<p style=\"text-align: center\"><span data-shortcode=\"tcb_post_published_date\" data-shortcode-name=\"Post date\" data-extra_key=\"\" data-attr-type=\"modified\" data-attr-date-format-select=\"F j, Y\" data-attr-date-format=\"F j, Y\" data-attr-show-time=\"0\" data-attr-time-format-select=\"g:i a\" data-attr-time-format=\"\" data-attr-link=\"0\" data-attr-target=\"1\" data-attr-rel=\"0\" data-option-inline=\"1\">July 16, 2021 <\/span><\/p>\n<h3 style=\"text-align: center;padding-top: 0px !important;margin-top: 0px !important\"><span data-attr-link=\"1\" data-attr-rel=\"0\" data-attr-target=\"0\" data-extra_key=\"\" data-option-inline=\"1\" data-shortcode=\"tcb_post_title\" data-shortcode-name=\"Post title\" data-attr-css=\"\" data-attr-static-link=\"{&quot;className&quot;:&quot;&quot;,&quot;href&quot;:&quot;https:\/\/antalyatouristinformation.com\/de\/sehenswurdigkeiten\/hohle\/dim\/&quot;,&quot;title&quot;:&quot;Dim H\u00f6hle in Alanya: Eintritt und Tipps&quot;,&quot;class&quot;:&quot;&quot;}\"><a href=\"https:\/\/antalyatouristinformation.com\/de\/sehenswurdigkeiten\/hohle\/altinbesik\/\" title=\"Alt\u0131nbe\u015fik H\u00f6hle in Alanya: Eintritt und Tipps\" data-css=\"\">Alt\u0131nbe\u015fik H\u00f6hle in Alanya: Eintritt und Tipps<\/a><\/span><\/h3>\n<p><a href=\"https:\/\/antalyatouristinformation.com\/de\/sehenswurdigkeiten\/hohle\/karain\/\" data-shortcode-id=\"286\"><\/a><\/p>\n<p style=\"text-align: center\"><span data-shortcode=\"tcb_post_published_date\" data-shortcode-name=\"Post date\" data-extra_key=\"\" data-attr-type=\"modified\" data-attr-date-format-select=\"F j, Y\" data-attr-date-format=\"F j, Y\" data-attr-show-time=\"0\" data-attr-time-format-select=\"g:i a\" data-attr-time-format=\"\" data-attr-link=\"0\" data-attr-target=\"1\" data-attr-rel=\"0\" data-option-inline=\"1\">July 16, 2021 <\/span><\/p>\n<h3 style=\"text-align: center;padding-top: 0px !important;margin-top: 0px !important\"><span data-attr-link=\"1\" data-attr-rel=\"0\" data-attr-target=\"0\" data-extra_key=\"\" data-option-inline=\"1\" data-shortcode=\"tcb_post_title\" data-shortcode-name=\"Post title\" data-attr-css=\"\" data-attr-static-link=\"{&quot;className&quot;:&quot;&quot;,&quot;href&quot;:&quot;https:\/\/antalyatouristinformation.com\/de\/sehenswurdigkeiten\/hohle\/dim\/&quot;,&quot;title&quot;:&quot;Dim H\u00f6hle in Alanya: Eintritt und Tipps&quot;,&quot;class&quot;:&quot;&quot;}\"><a href=\"https:\/\/antalyatouristinformation.com\/de\/sehenswurdigkeiten\/hohle\/karain\/\" title=\"Karain H\u00f6hle in Antalya: Geschichte und Tipps\" data-css=\"\">Karain H\u00f6hle in Antalya: Geschichte und Tipps<\/a><\/span><\/h3>\n<h2 style=\"text-align: center\">Dinge, die ihr vor eurem Besuch wissen solltet<\/h2>\n<p>Die Eing\u00e4nge zu den H\u00f6hlen liegen oft an den H\u00e4ngen eines H\u00fcgels und m\u00fcssen zu Fu\u00df \u00fcber Treppen oder steinige Wege erklommen werden. Das Innere ist feucht und klamm, es kann zu Wasseransammlungen kommen, und die Wege sind uneben, holprig und m\u00f6glicherweise rutschig. Festes Schuhwerk ist also erforderlich. Die Temperatur im Inneren der H\u00f6hlen liegt meist <strong>nicht \u00fcber 20 Grad.<\/strong> Lasst euch von den hohen Au\u00dfentemperaturen im Sommer nicht t\u00e4uschen und nehmt eine Jacke mit.<\/p>\n<p>In den Sommermonaten von April bis Oktober sind die H\u00f6hlen in der Regel von 08:00 bis 19:00 Uhr ge\u00f6ffnet, w\u00e4hrend sie in den Wintermonaten um 17:00 Uhr schlie\u00dfen. Die Eintrittspreise sind sehr moderat, ein Besuch der Karain-H\u00f6hle kostet deutlich weniger als ein paar Euro.<\/p>\n<p>Wenn ihr <strong>auf eigene Faust H\u00f6hlen erkunden<\/strong> wollt, beachtet bitte die <strong>allgemein g\u00fcltigen Sicherheitsvorkehrungen<\/strong>, achtet auf die <strong>Wettervorhersage<\/strong>, denkt an die entsprechende <strong>Ausr\u00fcstung<\/strong> und <strong>informiert<\/strong> die zust\u00e4ndigen Beh\u00f6rden, wann und wo ihr in welche H\u00f6hle gehen wollt. Ihr solltet H\u00f6hlen nie untersch\u00e4tzen und euch selbst nie \u00fcbersch\u00e4tzen.<\/p>\n<h2 style=\"text-align: center;font-size: 26px !important\">Andere Dinge<\/h2>\n<p style=\"text-align: center\">die ihr entdecken k\u00f6nnt<\/p>\n<p><a href=\"https:\/\/antalyatouristinformation.com\/de\/sehenswurdigkeiten\/rafting\/\" data-shortcode-id=\"3815\"><\/a><\/p>\n<h3 style=\"text-align: center;padding-top: 0px !important;margin-top: 0px !important\"><span data-attr-link=\"1\" data-attr-rel=\"0\" data-attr-target=\"0\" data-extra_key=\"\" data-option-inline=\"1\" data-shortcode=\"tcb_post_title\" data-shortcode-name=\"Post title\" data-attr-css=\"\" data-attr-static-link=\"{&quot;className&quot;:&quot;&quot;,&quot;href&quot;:&quot;https:\/\/antalyatouristinformation.com\/de\/sehenswurdigkeiten\/rafting\/&quot;,&quot;title&quot;:&quot;Rafting in Antalya: Der komplette Guide&quot;,&quot;class&quot;:&quot;&quot;}\"><a href=\"https:\/\/antalyatouristinformation.com\/de\/sehenswurdigkeiten\/rafting\/\" title=\"Rafting in Antalya: Der komplette Guide\" data-css=\"\">Rafting in Antalya: Der komplette Guide<\/a><\/span><\/h3>\n<p><a href=\"https:\/\/antalyatouristinformation.com\/de\/sehenswurdigkeiten\/wandern\/\" data-shortcode-id=\"3815\"><\/a><\/p>\n<h3 style=\"text-align: center;padding-top: 0px !important;margin-top: 0px !important\"><span data-attr-link=\"1\" data-attr-rel=\"0\" data-attr-target=\"0\" data-extra_key=\"\" data-option-inline=\"1\" data-shortcode=\"tcb_post_title\" data-shortcode-name=\"Post title\" data-attr-css=\"\" data-attr-static-link=\"{&quot;className&quot;:&quot;&quot;,&quot;href&quot;:&quot;https:\/\/antalyatouristinformation.com\/de\/sehenswurdigkeiten\/rafting\/&quot;,&quot;title&quot;:&quot;Rafting in Antalya: Der komplette Guide&quot;,&quot;class&quot;:&quot;&quot;}\"><a href=\"https:\/\/antalyatouristinformation.com\/de\/sehenswurdigkeiten\/wandern\/\" title=\"Wandern: 12 malerische Wanderwege\" data-css=\"\">Wandern: 12 malerische Wanderwege<\/a><\/span><\/h3>\n<p><a href=\"https:\/\/antalyatouristinformation.com\/de\/sehenswurdigkeiten\/canyoning\/\" data-shortcode-id=\"3815\"><\/a><\/p>\n<h3 style=\"text-align: center;padding-top: 0px !important;margin-top: 0px !important\"><span data-attr-link=\"1\" data-attr-rel=\"0\" data-attr-target=\"0\" data-extra_key=\"\" data-option-inline=\"1\" data-shortcode=\"tcb_post_title\" data-shortcode-name=\"Post title\" data-attr-css=\"\" data-attr-static-link=\"{&quot;className&quot;:&quot;&quot;,&quot;href&quot;:&quot;https:\/\/antalyatouristinformation.com\/de\/sehenswurdigkeiten\/rafting\/&quot;,&quot;title&quot;:&quot;Rafting in Antalya: Der komplette Guide&quot;,&quot;class&quot;:&quot;&quot;}\"><a href=\"https:\/\/antalyatouristinformation.com\/de\/sehenswurdigkeiten\/canyoning\/\" title=\"Canyoning in Antalya: die besten Pl\u00e4tze\" data-css=\"\">Canyoning in Antalya: die besten Pl\u00e4tze<\/a><\/span><\/h3>\n<p><a href=\"https:\/\/antalyatouristinformation.com\/de\/sehenswurdigkeiten\/tauchen\/\" data-shortcode-id=\"3815\"><\/a><\/p>\n<h3 style=\"text-align: center;padding-top: 0px !important;margin-top: 0px !important\"><span data-attr-link=\"1\" data-attr-rel=\"0\" data-attr-target=\"0\" data-extra_key=\"\" data-option-inline=\"1\" data-shortcode=\"tcb_post_title\" data-shortcode-name=\"Post title\" data-attr-css=\"\" data-attr-static-link=\"{&quot;className&quot;:&quot;&quot;,&quot;href&quot;:&quot;https:\/\/antalyatouristinformation.com\/de\/sehenswurdigkeiten\/rafting\/&quot;,&quot;title&quot;:&quot;Rafting in Antalya: Der komplette Guide&quot;,&quot;class&quot;:&quot;&quot;}\"><a href=\"https:\/\/antalyatouristinformation.com\/de\/sehenswurdigkeiten\/tauchen\/\" title=\"Tauchen in Antalya: Der komplette Guide\" data-css=\"\">Tauchen in Antalya: Der komplette Guide<\/a><\/span><\/h3>\n<p><a href=\"https:\/\/antalyatouristinformation.com\/de\/sehenswurdigkeiten\/attraktionen\/nationalpark\/\" data-shortcode-id=\"3815\"><\/a><\/p>\n<h3 style=\"text-align: center;padding-top: 0px !important;margin-top: 0px !important\"><span data-attr-link=\"1\" data-attr-rel=\"0\" data-attr-target=\"0\" data-extra_key=\"\" data-option-inline=\"1\" data-shortcode=\"tcb_post_title\" data-shortcode-name=\"Post title\" data-attr-css=\"\" data-attr-static-link=\"{&quot;className&quot;:&quot;&quot;,&quot;href&quot;:&quot;https:\/\/antalyatouristinformation.com\/de\/sehenswurdigkeiten\/rafting\/&quot;,&quot;title&quot;:&quot;Rafting in Antalya: Der komplette Guide&quot;,&quot;class&quot;:&quot;&quot;}\"><a href=\"https:\/\/antalyatouristinformation.com\/de\/sehenswurdigkeiten\/attraktionen\/nationalpark\/\" title=\"5 besten Nationalparks in der Region Antalya\" data-css=\"\">5 besten Nationalparks in der Region Antalya<\/a><\/span><\/h3>\n<p><a href=\"https:\/\/antalyatouristinformation.com\/de\/sehenswurdigkeiten\/wasserfalle\/\" data-shortcode-id=\"3815\"><\/a><\/p>\n<h3 style=\"text-align: center;padding-top: 0px !important;margin-top: 0px !important\"><span data-attr-link=\"1\" data-attr-rel=\"0\" data-attr-target=\"0\" data-extra_key=\"\" data-option-inline=\"1\" data-shortcode=\"tcb_post_title\" data-shortcode-name=\"Post title\" data-attr-css=\"\" data-attr-static-link=\"{&quot;className&quot;:&quot;&quot;,&quot;href&quot;:&quot;https:\/\/antalyatouristinformation.com\/de\/sehenswurdigkeiten\/rafting\/&quot;,&quot;title&quot;:&quot;Rafting in Antalya: Der komplette Guide&quot;,&quot;class&quot;:&quot;&quot;}\"><a href=\"https:\/\/antalyatouristinformation.com\/de\/sehenswurdigkeiten\/wasserfalle\/\" title=\"10 einzigartige Wasserf\u00e4lle in Antalya, die ihr nicht verpassen solltet\" data-css=\"\">10 einzigartige Wasserf\u00e4lle in Antalya, die ihr nicht verpassen solltet<\/a><\/span><\/h3>\n","protected":false},"excerpt":{"rendered":"<p>Entdeckung H\u00f6hlen in Antalya: Entdeckung und Abenteuer&nbsp; Antalya ist ein ideales Ziel, um H\u00f6hlen zu entdecken und sich auf eine abenteuerliche Erkundung einzulassen. Hier findet ihr ber\u00fchmte Orte wie die drittl\u00e4ngste Unterwasserh\u00f6hle der Welt \u2013 Altinbe\u015fik. Die Damlata\u015f H\u00f6hle ist der Grund, warum es in Alanya Tourismus gibt und die Karain H\u00f6hle erz\u00e4hlt Geschichten aus [&hellip;]<\/p>\n","protected":false},"author":3,"featured_media":4094,"parent":113,"menu_order":0,"comment_status":"open","ping_status":"closed","template":"","meta":{"_acf_changed":false,"footnotes":""},"categories":[],"tags":[41],"class_list":["post-147","page","type-page","status-publish","has-post-thumbnail","hentry","tag-cave","post-wrapper","thrv_wrapper"],"acf":[],"wp-worthy-pixel":{"ignored":false,"public":null,"server":null,"url":null},"wp-worthy-type":"normal","_links":{"self":[{"href":"https:\/\/antalyatouristinformation.com\/de\/wp-json\/wp\/v2\/pages\/147","targetHints":{"allow":["GET"]}}],"collection":[{"href":"https:\/\/antalyatouristinformation.com\/de\/wp-json\/wp\/v2\/pages"}],"about":[{"href":"https:\/\/antalyatouristinformation.com\/de\/wp-json\/wp\/v2\/types\/page"}],"author":[{"embeddable":true,"href":"https:\/\/antalyatouristinformation.com\/de\/wp-json\/wp\/v2\/users\/3"}],"replies":[{"embeddable":true,"href":"https:\/\/antalyatouristinformation.com\/de\/wp-json\/wp\/v2\/comments?post=147"}],"version-history":[{"count":9,"href":"https:\/\/antalyatouristinformation.com\/de\/wp-json\/wp\/v2\/pages\/147\/revisions"}],"predecessor-version":[{"id":14962,"href":"https:\/\/antalyatouristinformation.com\/de\/wp-json\/wp\/v2\/pages\/147\/revisions\/14962"}],"up":[{"embeddable":true,"href":"https:\/\/antalyatouristinformation.com\/de\/wp-json\/wp\/v2\/pages\/113"}],"wp:featuredmedia":[{"embeddable":true,"href":"https:\/\/antalyatouristinformation.com\/de\/wp-json\/wp\/v2\/media\/4094"}],"wp:attachment":[{"href":"https:\/\/antalyatouristinformation.com\/de\/wp-json\/wp\/v2\/media?parent=147"}],"wp:term":[{"taxonomy":"category","embeddable":true,"href":"https:\/\/antalyatouristinformation.com\/de\/wp-json\/wp\/v2\/categories?post=147"},{"taxonomy":"post_tag","embeddable":true,"href":"https:\/\/antalyatouristinformation.com\/de\/wp-json\/wp\/v2\/tags?post=147"}],"curies":[{"name":"wp","href":"https:\/\/api.w.org\/{rel}","templated":true}]}}