{"id":15241,"date":"2024-01-26T11:22:32","date_gmt":"2024-01-26T10:22:32","guid":{"rendered":"https:\/\/antalyatouristinformation.com\/de\/?page_id=15241"},"modified":"2024-12-31T11:59:46","modified_gmt":"2024-12-31T10:59:46","slug":"barttransplantation-turkei","status":"publish","type":"page","link":"https:\/\/antalyatouristinformation.com\/de\/barttransplantation-turkei\/","title":{"rendered":"Barttransplantation in Antalya, T\u00fcrkei | Beste Kliniken &amp; Preise"},"content":{"rendered":"<h3>Die Barttransplantation ist ein beliebter Eingriff bei M\u00e4nnern, die einen volleren, definierten Bart haben m\u00f6chten.&nbsp;<\/h3>\n<p><strong>Dank der&nbsp;<\/strong><strong>Fachkompetenz der \u00f6rtlichen Chirurgen, der neuesten Technologien und modernsten Techniken<\/strong>&nbsp;sowie der im Vergleich zu anderen L\u00e4ndern relativ&nbsp;<strong>niedrigen Kosten ist<\/strong>&nbsp;Antalya in der T\u00fcrkei f\u00fcr viele M\u00e4nner&nbsp;<strong>zum bevorzugten Reiseziel f\u00fcr eine Barttransplantation <\/strong>geworden.&nbsp;<\/p>\n<p>Lesen Sie hier alles, was Sie wissen sollten. Erfahren Sie, was Sie erwartet und wie der Ablauf ist. Erhalten Sie Informationen \u00fcber den Eingriff, die Kosten sowie \u00fcber \u00c4rzte und Kliniken.&nbsp;<\/p>\n<p>Fangen wir an!<\/p>\n<p><span><img decoding=\"async\" alt=\"\" data-id=\"13117\" width=\"703\" data-init-width=\"768\" height=\"469\" data-init-height=\"512\" title=\"Was-ist-Barttransplantation-768x512\" loading=\"lazy\" src=\"https:\/\/antalyatouristinformation.com\/de\/wp-content\/uploads\/sites\/10\/2024\/01\/What-is-Beard-Transplantation-768x512-1.jpg\" data-width=\"703\" data-height=\"469\" data-pinpro-key=\"y7nlqc78g\" style=\"aspect-ratio: auto 768 \/ 512\"><\/span><\/p>\n<h2 id=\"t-1673592821311\"><strong>Was ist eine Barttransplantation?<\/strong><\/h2>\n<p>Eine Barttransplantation ist ein chirurgischer Eingriff<strong>, bei dem Haarfollikel aus einem Bereich<\/strong> des K\u00f6rpers (normalerweise dem Halsbereich) entnommen und <strong>ins Gesicht transplantiert werden<\/strong>, um das Aussehen eines vollen oder dickeren Bartes und Koteletten zu erzeugen.&nbsp;<\/p>\n<p>Die transplantierten Grafts werden im gew\u00fcnschten Bereich platziert, indem je nach verwendeter Technik Kan\u00e4le im Transplantatbereich ge\u00f6ffnet. Die Eingriffe werden regelm\u00e4\u00dfig&nbsp;<strong>unter \u00f6rtlicher Bet\u00e4ubung<\/strong> durchgef\u00fchrt.&nbsp;<\/p>\n<h2 id=\"t-1673592821312\"><strong>Techniken der Barttransplantation<\/strong><\/h2>\n<p>Es gibt verschiedene Techniken zur Barttransplantation, <strong>drei der gebr\u00e4uchlichsten sind jedoch:<\/strong><\/p>\n<h3>1. FUE (Follicular Unit Excision)<\/h3>\n<p>Dies ist die <strong>beliebteste Technik<\/strong> f\u00fcr Haartransplantationen jeder Art und die bevorzugte Methode f\u00fcr M\u00e4nner, die <strong>eine gro\u00dfe Menge Haare auf gro\u00dfe Bereiche des Bartes verpflanzen m\u00fcssen.<\/strong> Bei dieser Technik werden die Spenderhaare einzeln entnommen. Es gilt als <strong>schmerzloses<\/strong> Verfahren.<\/p>\n<h3>2. DHI (Direkte Haarimplantation)<\/h3>\n<p>Diese Methode wird <strong>h\u00e4ufig bei M\u00e4nnern mit kleinen Haaren angewendet,<\/strong> die ihr Haar verdichten m\u00f6chten. Anders als bei der FUE-Technik werden die Kan\u00e4le nicht ge\u00f6ffnet, sondern die Transplantate werden mit einem gew\u00fcnschten Implantaterstift <strong>direkt in den Bereich eingef\u00fchrt.<\/strong><\/p>\n<h3>3. FUT (Follicular Unit Transplantation)&nbsp;<\/h3>\n<p>Bei dieser Technik, auch Streifenchirurgie genannt, wird <strong>mit einem Skalpell ein d\u00fcnner Streifen Spenderhaut mit gesundem Haar vom Hinterkopf entfernt.<\/strong> Anschlie\u00dfend platziert der Chirurg das Transplantat an der gew\u00fcnschten Stelle und hinterl\u00e4sst eine <strong>feine Narbe<\/strong>, die normalerweise von Haaren bedeckt ist. Aufgrund der j\u00fcngsten Entwicklungen bei der Haartransplantation erfreut sich die FUT-Methode jedoch <strong>nicht mehr so gro\u00dfer Beliebtheit<\/strong> wie fr\u00fcher.<\/p>\n<p><span><img decoding=\"async\" alt=\"\" data-id=\"13118\" width=\"703\" data-init-width=\"768\" height=\"469\" data-init-height=\"512\" title=\"Was-Sie-vor-Ihrer-Barttransplantation-in-der-T\u00fcrkei-wissen sollten-768x512\" loading=\"lazy\" src=\"https:\/\/antalyatouristinformation.com\/de\/wp-content\/uploads\/sites\/10\/2024\/01\/Things-you-should-know-before-your-Beard-Transplantation-in-Turkey-768x512-1.jpg\" data-width=\"703\" data-height=\"469\" data-pinpro-key=\"95k2te7z5\" style=\"aspect-ratio: auto 768 \/ 512\"><\/span><\/p>\n<h2 id=\"t-1673592821313\"><strong>Was Sie vorher wissen sollten &#8230;<\/strong><\/h2>\n<p>Vor einer Barttransplantation in Antalya sind einige wichtige Dinge zu beachten.<\/p>\n<p><strong>Antalya ist bekannt f\u00fcr seine fortschrittliche Technologie und sein Fachwissen bei Haar- und Barttransplantationen und<\/strong> ist daher ein beliebtes Ziel f\u00fcr diejenigen, die einen volleren, definierten Bart ben\u00f6tigen.<\/p>\n<p>Hier sind einige Dinge, die Sie beachten sollten:<\/p>\n<ul>\n<li><span><strong>Recherchieren Sie Ihren Chirurgen:<\/strong> Es ist wichtig, die Qualifikationen und Erfahrung des von Ihnen gew\u00e4hlten Chirurgen zu recherchieren. Suchen Sie nach einem Chirurgen mit einer guten Erfolgsbilanz und dem Ruf, nat\u00fcrlich aussehende Ergebnisse zu erzielen. Nachfolgend finden Sie unsere Empfehlungen f\u00fcr Antalya.<\/span><\/li>\n<li><span><strong>Risiken und m\u00f6gliche Schwierigkeiten:<\/strong> Wie bei jedem chirurgischen Eingriff sind auch mit der Barttransplantation Risiken verbunden. Dazu geh\u00f6ren Infektionen, Blutungen und Narbenbildung. <strong>Besprechen Sie diese Risiken unbedingt<\/strong> mit Ihrem Chirurgen und verstehen Sie die Anweisungen zur postoperativen Pflege.<\/span><\/li>\n<li><span><strong>Kosten:<\/strong> Eine Barttransplantation kann teuer sein, daher ist es wichtig, dass Sie sich vor der Buchung im Klaren sind, wie hoch die Kosten des Eingriffs sind und welche zus\u00e4tzlichen Geb\u00fchren anfallen. <strong>Antalya bietet im Vergleich zu anderen L\u00e4ndern<\/strong> allerdings eine kosteng\u00fcnstige Option.<strong><\/strong><\/span><\/li>\n<li><span><strong>Realistische Erwartungen:<\/strong> Es ist wichtig, realistische Erwartungen an das Ergebnis Ihrer Operation zu haben. Das Wachstum der transplantierten Haare dauert mehrere Monate. Werfen Sie einen Blick auf die Vorher-Nachher-Bilder, um ein besseres Verst\u00e4ndnis f\u00fcr m\u00f6gliche Ergebnisse zu erhalten.&nbsp;<\/span><\/li>\n<li><span><strong>Geeignete Kandidaten:<\/strong> Nicht jeder ist ein geeigneter Kandidat f\u00fcr eine Barttransplantation. Ihr Chirurg wird Ihre Krankengeschichte, die Qualit\u00e4t Ihrer Haut und Haare sowie Ihren allgemeinen Gesundheitszustand beurteilen, um festzustellen, ob Sie f\u00fcr den Eingriff geeignet sind.<\/span><\/li>\n<li><span><strong>Kombination mit Urlaub:<\/strong> Planen Sie mindestens 4 Tage f\u00fcr Ihre Barttransplantation in Antalya ein. Auf diese Weise k\u00f6nnen Sie den Eingriff mit einem Strandurlaub oder einer Besichtigungstour kombinieren.<\/span><\/li>\n<li><span><strong>Pr\u00e4operative Anweisungen:<\/strong> Die Patienten m\u00fcssen 2 Wochen vor und nach dem Eingriff mit dem Rauchen und dem Trinken von Alkohol aufh\u00f6ren, um die bestm\u00f6gliche Heilung und das bestm\u00f6gliche Wachstum der transplantierten Haare zu gew\u00e4hrleisten.<\/span><\/li>\n<li><span><strong>Erholungszeit:<\/strong> Nach dem Eingriff werden Sie wahrscheinlich eine gewisse Schwellung und R\u00f6tung bemerken. Es ist wichtig, die postoperativen Pflegeanweisungen Ihres Chirurgen zu befolgen, um Beschwerden zu minimieren und eine ordnungsgem\u00e4\u00dfe Heilung sicherzustellen.<\/span><\/li>\n<li><span><strong>Schlafposition:<\/strong> In den ersten Tagen nach dem Eingriff empfiehlt es sich, mit 2-3 Kissen zu schlafen, wobei der Kopf leicht \u00fcber dem K\u00f6rper liegt.<\/span><\/li>\n<li><span><strong>Waschen<\/strong> : Das erste Waschen des transplantierten Bereichs wird nach 2 Tagen von Spezialisten durchgef\u00fchrt.<\/span><\/li>\n<li><span><strong>K\u00f6rperliche Aktivit\u00e4t:<\/strong> Vermeiden Sie anstrengende Aktivit\u00e4ten, Saunen und direkte Sonneneinstrahlung.<\/span><\/li>\n<li><span><strong>Trimmen:<\/strong> Nach etwa 10\u201314 Tagen sollten Sie Ihren neuen Bart trimmen k\u00f6nnen.<\/span><\/li>\n<li><span><strong>Haarausfall:<\/strong> Nach 2-3 Wochen fallen neue Gesichtshaare aus, aber an ihrer Stelle wachsen neue Haare nach.<\/span><\/li>\n<li><span><strong>Endg\u00fcltige Ergebnisse:<\/strong> Endg\u00fcltige Ergebnisse sind in der Regel nach sechs Monaten sichtbar.<\/span><\/li>\n<\/ul>\n<p>Es ist wichtig zu bedenken, dass der Heilungsprozess bei jedem anders ist und die Anweisungen Ihres Chirurgen genau befolgt werden sollten, um das bestm\u00f6gliche Ergebnis zu gew\u00e4hrleisten.<\/p>\n<p><span><img decoding=\"async\" alt=\"\" data-id=\"13119\" width=\"703\" data-init-width=\"768\" height=\"469\" data-init-height=\"512\" title=\"Verfahren zur Barttransplantation in Istanbul 768x512\" loading=\"lazy\" src=\"https:\/\/antalyatouristinformation.com\/de\/wp-content\/uploads\/sites\/10\/2024\/01\/Procedure-of-Beard-Transplant-in-Istanbul-768x512-1.jpg\" data-width=\"703\" data-height=\"469\" data-pinpro-key=\"x4cork83e\" style=\"aspect-ratio: auto 768 \/ 512\"><\/span><\/p>\n<h2 id=\"t-1673592821314\"><strong>Barttransplantation in Antalya &#8211; Ablauf<\/strong><\/h2>\n<p>Hier sind die Schritte einer Barttransplantation in Antalya:<\/p>\n<ol>\n<li><strong>Senden Sie Ihre Krankengeschichte und Fotos<\/strong> Ihres Gesichts, Ihres Bartes und des Spenderbereichs zur Online-Beratung mit dem Chirurgen.<\/li>\n<li><strong>Besprechen Sie Ihre Erwartungen,<\/strong> Risiken und Vorteile des Eingriffs mit dem Chirurgen.<\/li>\n<li><strong>Stellen Sie fest, ob Sie f\u00fcr den Eingriff geeignet sind<\/strong> und welche Methode f\u00fcr Sie am besten geeignet ist.<\/li>\n<li><strong>Lassen Sie sich bei Ihrer Ankunft in Antalya<\/strong> vom medizinischen Team beraten. Der Eingriff ist in der Regel f\u00fcr den n\u00e4chsten Tag geplant.<\/li>\n<li>Fr\u00fchst\u00fccken Sie <strong>am Tag Ihrer Operation<\/strong> gut, verzichten Sie jedoch auf Kaffee. F\u00fchren Sie eine Blutuntersuchung durch und <strong>unterziehen Sie sich einer k\u00f6rperlichen Untersuchung<\/strong> durch den Arzt, um die Anzahl der ben\u00f6tigten Transplantate zu bestimmen.<\/li>\n<li><strong>Der Eingriff wird unter \u00f6rtlicher Bet\u00e4ubung durchgef\u00fchrt<\/strong> und dauert in der Regel zwischen 6 und 8 Stunden. Nach dem Eingriff wird Ihnen ein Verband um den Kopf gelegt.<\/li>\n<li><strong>Erhalten Sie Anweisungen zur postoperativen Pflege,<\/strong> bevor Sie die Klinik verlassen.<\/li>\n<li><strong>R\u00fcckkehr zur postoperativen Untersuchung<\/strong> und Abschlusskontrolle des transplantierten Bereichs in den n\u00e4chsten 2 Tagen.<\/li>\n<li>F\u00fchren Sie bei der Abschlusskontrolle <strong>einen Verbandswechsel durch.<\/strong><\/li>\n<\/ol>\n<h2 id=\"t-1673592821315\"><strong>Kosten einer Barttransplantation in Antalya<\/strong><\/h2>\n<p>Die Kosten f\u00fcr eine Standard-Barttransplantation in Antalya <strong>liegen typischerweise <\/strong><strong>zwischen 1.200 und 1.500 \u20ac.<\/strong><\/p>\n<h2 id=\"t-1673592821316\"><strong>Vorher-Nachher-Bilder&nbsp;<\/strong><\/h2>\n<p><span><img decoding=\"async\" alt=\"\" data-id=\"13120\" width=\"703\" data-init-width=\"768\" height=\"283\" data-init-height=\"309\" title=\"Barttransplantation-Vorher-Nachher-Bilder-768x309\" loading=\"lazy\" src=\"https:\/\/antalyatouristinformation.com\/de\/wp-content\/uploads\/sites\/10\/2024\/01\/Beard-Transplantation-Before-and-After-Pictures-768x309-1.jpg\" data-width=\"703\" data-height=\"283\" data-pinpro-key=\"npy3n2ars\" style=\"aspect-ratio: auto 768 \/ 309\"><\/span><span><img decoding=\"async\" alt=\"\" data-id=\"13121\" width=\"703\" data-init-width=\"768\" height=\"469\" data-init-height=\"512\" title=\"Barttransplantation-Vorher-Nachher-Bilder-2-768x512\" loading=\"lazy\" src=\"https:\/\/antalyatouristinformation.com\/de\/wp-content\/uploads\/sites\/10\/2024\/01\/Beard-Transplantation-Before-and-After-Pictures-2-768x512-1.jpg\" data-width=\"703\" data-height=\"469\" data-pinpro-key=\"3j36u7zjw\" style=\"aspect-ratio: auto 768 \/ 512\"><\/span><\/p>\n<h2 id=\"t-1673592821317\"><strong>Beliebte Kliniken<\/strong><\/h2>\n<p><strong><\/strong>Hier finden Sie in K\u00fcrze eine Auswahl empfehlenswerter Kliniken f\u00fcr Bart- und Haartransplantationen in Antalya.&nbsp;<\/p>\n<p><strong><a href=\"https:\/\/soracamed.com\/\" target=\"_blank\" rel=\"nofollow noopener\" data-lt-tmp-id=\"lt-526957\">SoracaMed-Klinik<\/a><\/strong><a href=\"https:\/\/soracamed.com\/\" rel=\"nofollow noopener\" target=\"_blank\"><\/a><a href=\"https:\/\/soracamed.com\/\" rel=\"nofollow noopener\" target=\"_blank\"><\/a><\/p>\n<p><span><img decoding=\"async\" alt=\"SoracaMed-Klinik in Antalya\" data-id=\"14205\" width=\"347\" data-init-width=\"280\" height=\"260\" data-init-height=\"210\" title=\"soracamed-klinik-lobby-2\" loading=\"lazy\" src=\"https:\/\/antalyatouristinformation.com\/de\/wp-content\/uploads\/sites\/10\/2024\/01\/soracamed-clinic-lobby-2.jpg\" data-width=\"347\" data-height=\"260\" style=\"aspect-ratio: auto 280 \/ 210\"><\/span><span><img decoding=\"async\" alt=\"\" data-id=\"14207\" width=\"324\" data-init-width=\"280\" height=\"243\" data-init-height=\"210\" title=\"soracamed-klinik-lobby\" loading=\"lazy\" src=\"https:\/\/antalyatouristinformation.com\/de\/wp-content\/uploads\/sites\/10\/2024\/01\/soracamed-clinic-lobby.jpg\" data-width=\"324\" data-height=\"243\" style=\"aspect-ratio: auto 280 \/ 210\"><\/span><\/p>\n<p style=\"text-align: justify\"><a href=\"https:\/\/medclinics.com\/clinics\/soracamed-clinic\/\" target=\"_blank\" data-lt-tmp-id=\"lt-273881\" rel=\"noopener\">Die SoracaMed Clinic<\/a> ist eine Gesundheitseinrichtung, deren Ziel es ist, <strong>zug\u00e4ngliche<\/strong> und <strong>qualifizierte<\/strong> Gesundheits- und Sch\u00f6nheits-dienstleistungen von <strong>hoher Qualit\u00e4t<\/strong> anzubieten.&nbsp;<\/p>\n<p style=\"text-align: justify\">Die Klinik bietet eine Vielzahl von Behandlungen an, darunter<strong><a href=\"https:\/\/medclinics.com\/hair-transplant\/\" target=\"_blank\" rel=\"nofollow noopener\" data-lt-tmp-id=\"lt-831443\">Haartransplantation<\/a><\/strong>,&nbsp;<a href=\"https:\/\/medclinics.com\/dental-treatment\/\" target=\"_blank\" rel=\"nofollow noopener\" data-lt-tmp-id=\"lt-689956\">Zahn\u00e4sthetik<\/a>,&nbsp;<a href=\"https:\/\/medclinics.com\/plastic-and-aesthetic-surgery\/\" target=\"_blank\" rel=\"nofollow noopener\" data-lt-tmp-id=\"lt-206893\">Plastische Chirurgie<\/a> und<a href=\"https:\/\/medclinics.com\/eye-treatments\/\" target=\"_blank\" rel=\"nofollow noopener\" data-lt-tmp-id=\"lt-542198\">Augenbehandlungen<\/a>. Dar\u00fcber hinaus bieten sie umfassende Pakete an, die nicht nur medizinische Leistungen, sondern auch Unterbringung in Luxushotels, VIP-Transport, Stadtrundfahrten und Einkaufserlebnisse umfassen.<\/p>\n<p style=\"text-align: justify\">Die Klinik legt gro\u00dfen Wert auf die Zufriedenheit und das Wohlbefinden der Patienten, h\u00e4lt <strong>hohe Pflegestandards<\/strong> aufrecht und informiert <strong>transparent<\/strong> \u00fcber Behandlungskosten und -verfahren. Sie stellen au\u00dferdem die Kontinuit\u00e4t der Versorgung sicher, um den Patienten im Heimatland eine reibungslose Versorgung und Sicherheit zu bieten.&nbsp;<\/p>\n<p style=\"text-align: justify\"><strong>Die SoracaMed-Klinik<\/strong> befindet sich in Egda Plaza, G\u00fczeloba, Antalya, einer wundersch\u00f6nen Gegend, die f\u00fcr ihre Touristenattraktionen sowie ihren historischen und kulturellen Reichtum bekannt ist.<\/p>\n<h2 id=\"t-1632401893497\" style=\"text-align: center\" data-hide=\"true\">Erhalten Sie eine kostenlose Beratung<\/h2>\n<p style=\"text-align: left\">Gerne sprechen wir \u00fcber Ihre Erwartungen. Sie k\u00f6nnen uns telefonisch oder per WhatsApp kontaktieren &nbsp;<a data-tcb_hover_state_parent=\"\" href=\"https:\/\/wa.me\/00905379778975\" target=\"_blank\" data-lt-tmp-id=\"lt-297952\" rel=\"noopener\">+90 537 977 89 75<\/a>, E-Mail an <em><span>request@medclinics.com&nbsp;<\/span><\/em>oder \u00fcber das Kontaktformular.<\/p>\n<p style=\"text-align: left\">\n<p style=\"text-align: left\"><span>Hinweis:<\/span>&nbsp;Unsere Vertragskrankenh\u00e4user, Kliniken und \u00c4rzte werden sich bez\u00fcglich der von Ihnen gew\u00fcnschten Behandlung mit Ihnen in Verbindung setzen.&nbsp;<\/p>\n","protected":false},"excerpt":{"rendered":"<p>Die Barttransplantation ist ein beliebter Eingriff bei M\u00e4nnern, die einen volleren, definierten Bart haben m\u00f6chten.&nbsp; Dank der&nbsp;Fachkompetenz der \u00f6rtlichen Chirurgen, der neuesten Technologien und modernsten Techniken&nbsp;sowie der im Vergleich zu anderen L\u00e4ndern relativ&nbsp;niedrigen Kosten ist&nbsp;Antalya in der T\u00fcrkei f\u00fcr viele M\u00e4nner&nbsp;zum bevorzugten Reiseziel f\u00fcr eine Barttransplantation geworden.&nbsp; Lesen Sie hier alles, was Sie wissen sollten. [&hellip;]<\/p>\n","protected":false},"author":6,"featured_media":15277,"parent":0,"menu_order":0,"comment_status":"closed","ping_status":"closed","template":"","meta":{"_acf_changed":false,"footnotes":""},"categories":[88],"tags":[89],"class_list":["post-15241","page","type-page","status-publish","has-post-thumbnail","hentry","category-haare","tag-medizinische-behandlung","post-wrapper","thrv_wrapper"],"acf":[],"wp-worthy-pixel":{"ignored":false,"public":null,"server":null,"url":null},"wp-worthy-type":"normal","_links":{"self":[{"href":"https:\/\/antalyatouristinformation.com\/de\/wp-json\/wp\/v2\/pages\/15241","targetHints":{"allow":["GET"]}}],"collection":[{"href":"https:\/\/antalyatouristinformation.com\/de\/wp-json\/wp\/v2\/pages"}],"about":[{"href":"https:\/\/antalyatouristinformation.com\/de\/wp-json\/wp\/v2\/types\/page"}],"author":[{"embeddable":true,"href":"https:\/\/antalyatouristinformation.com\/de\/wp-json\/wp\/v2\/users\/6"}],"replies":[{"embeddable":true,"href":"https:\/\/antalyatouristinformation.com\/de\/wp-json\/wp\/v2\/comments?post=15241"}],"version-history":[{"count":10,"href":"https:\/\/antalyatouristinformation.com\/de\/wp-json\/wp\/v2\/pages\/15241\/revisions"}],"predecessor-version":[{"id":16475,"href":"https:\/\/antalyatouristinformation.com\/de\/wp-json\/wp\/v2\/pages\/15241\/revisions\/16475"}],"wp:featuredmedia":[{"embeddable":true,"href":"https:\/\/antalyatouristinformation.com\/de\/wp-json\/wp\/v2\/media\/15277"}],"wp:attachment":[{"href":"https:\/\/antalyatouristinformation.com\/de\/wp-json\/wp\/v2\/media?parent=15241"}],"wp:term":[{"taxonomy":"category","embeddable":true,"href":"https:\/\/antalyatouristinformation.com\/de\/wp-json\/wp\/v2\/categories?post=15241"},{"taxonomy":"post_tag","embeddable":true,"href":"https:\/\/antalyatouristinformation.com\/de\/wp-json\/wp\/v2\/tags?post=15241"}],"curies":[{"name":"wp","href":"https:\/\/api.w.org\/{rel}","templated":true}]}}