{"id":15291,"date":"2024-01-30T10:26:25","date_gmt":"2024-01-30T09:26:25","guid":{"rendered":"https:\/\/antalyatouristinformation.com\/de\/?page_id=15291"},"modified":"2024-12-31T12:03:34","modified_gmt":"2024-12-31T11:03:34","slug":"multifokallinsen-turkei","status":"publish","type":"page","link":"https:\/\/antalyatouristinformation.com\/de\/multifokallinsen-turkei\/","title":{"rendered":"Multifokallinsen OP in Antalya, T\u00fcrkei | Beste Kliniken &amp; \u00c4rzte"},"content":{"rendered":"<h3>Gutes Sehen ist f\u00fcr das allgemeine Wohlbefinden und die Lebensqualit\u00e4t von entscheidender Bedeutung, da es uns erm\u00f6glicht, uns voll und ganz auf die Welt um uns herum einzulassen und sie zu navigieren.<\/h3>\n<p>Diejenigen, die mit Sehproblemen zu k\u00e4mpfen haben, suchen m\u00f6glicherweise nach M\u00f6glichkeiten, ihr Sehverm\u00f6gen zu verbessern, und obwohl eine Augenlaseroperation eine g\u00e4ngige Option ist, ist sie m\u00f6glicherweise nicht f\u00fcr jeden geeignet. Eine zu ber\u00fccksichtigende Alternative ist eine&nbsp;<strong>Multifokallinsen OP.<\/strong><\/p>\n<p><strong>Antalya<\/strong> , ein beliebtes Reiseziel f\u00fcr Gesundheitstourismus mit hochmodernen Kliniken und <strong>hochqualifizierten Augen\u00e4rzten, bietet diese fortschrittliche Operation an.<\/strong><\/p>\n<p>In diesem Artikel informieren wir Sie \u00fcber die Linsenimplantation mit Multifokallinsen, die Kosten und stellen Ihnen einige der besten Kliniken in Antalya vor.<\/p>\n<p>Los geht&#8217;s!<\/p>\n<h2 id=\"t-1672918291269\">Was ist die Linsenimplantation \/ Multifokallinsen OP<\/h2>\n<p><strong>Bei einer Multifokallinsen Operation handelt es sich um einen medizinischen Eingriff, bei dem eine k\u00fcnstliche Linse in das Auge<\/strong> implantiert wird . Mit Multifokallinsen k\u00f6nnen&nbsp;<strong>Sehprobleme<\/strong> wie Kurzsichtigkeit, Weitsichtigkeit und Astigmatismus korrigiert werden. Die Operation wird auch als <strong>Kataraktoperation<\/strong> bezeichnet und wird h\u00e4ufig zur Behandlung von Katarakterkrankungen eingesetzt.<\/p>\n<p><span style=\"color: var(--tcb-skin-color-4);font-weight: var(--g-regular-weight,normal)\">Die Multifokallinsen OP umfasst eine Reihe von Schritten, darunter die Verabreichung einer Lokalan\u00e4sthesie, die Erstellung eines Mikroschnitts im Auge und das Einsetzen der intelligenten Linse in das Auge mithilfe eines Femtosekundenlasers oder eines Ultraschallger\u00e4ts.<\/span><\/p>\n<p>Die aufgerollte k\u00fcnstliche Linse wird dann an der Stelle platziert, an der sich die nat\u00fcrliche Linse befand, wo sie sich entfaltet und in Position bewegt. Die in der Hornhaut vorgenommenen Schnitte&nbsp;<strong>heilen nach dem Eingriff in der Regel von selbst ab<\/strong> .&nbsp;<\/p>\n<p><span><img decoding=\"async\" alt=\"\" data-id=\"13083\" width=\"703\" data-init-width=\"1200\" height=\"369\" data-init-height=\"630\" title=\"Smart-Lens-Chirurgie-in-Istanbul-T\u00fcrkei-Alles, was Sie wissen m\u00fcssen\" loading=\"lazy\" src=\"https:\/\/antalyatouristinformation.com\/de\/wp-content\/uploads\/sites\/10\/2024\/01\/Smart-Lens-Surgery-in-Istanbul-Turkey-All-you-need-to-know.jpg\" data-width=\"703\" data-height=\"369\" data-pinpro-key=\"j45opzbx6\" style=\"aspect-ratio: auto 1200 \/ 630\"><\/span><\/p>\n<h2 id=\"t-1672918291270\">Arten von Linsen<\/h2>\n<p>Es gibt verschiedene Arten von k\u00fcnstliche Linsen, die f\u00fcr verschiedene Anwendungen entwickelt wurden:<\/p>\n<p><strong>1. Monofokallinsen:<\/strong> Hierbei handelt es sich um herk\u00f6mmliche Linsen, die eine klare Sicht <strong>in einer bestimmten Entfernung erm\u00f6glichen,<\/strong> z. B. im Nah-, Mittel- oder Fernbereich. F\u00fcr andere Entfernungen kann es jedoch erforderlich sein, dass Patienten dennoch eine Brille tragen m\u00fcssen.<\/p>\n<p><strong>2. Bifokallinsen:<\/strong> Diese Linsen bieten einen gr\u00f6\u00dferen Sehbereich als Monofokallinsen und <strong>verf\u00fcgen \u00fcber zwei Sichtbereiche<\/strong> . F\u00fcr bestimmte Entfernungen kann es sein, dass Patienten dennoch eine Brille ben\u00f6tigen.<\/p>\n<p><strong>3. Trifokale Multifokallinsen:<\/strong> Diese Linsen bieten den gr\u00f6\u00dften Sehbereich mit <strong>drei verschiedenen Sehbereichen<\/strong> . Viele Patienten entscheiden sich f\u00fcr diesen Linsentyp, um die Notwendigkeit einer Brille f\u00fcr mehrere Entfernungen zu vermeiden.<\/p>\n<p><span><img decoding=\"async\" alt=\"\" data-id=\"13085\" width=\"703\" data-init-width=\"768\" height=\"469\" data-init-height=\"512\" title=\"Dinge, die Sie vor Ihrer Smart-Lens-Operation in Istanbul wissen m\u00fcssen-768x512\" loading=\"lazy\" src=\"https:\/\/antalyatouristinformation.com\/de\/wp-content\/uploads\/sites\/10\/2024\/01\/Things-you-need-to-know-before-your-Smart-Lens-Surgery-in-Istanbul-768x512-1.jpg\" data-width=\"703\" data-height=\"469\" data-pinpro-key=\"nwwqwt895\" style=\"aspect-ratio: auto 768 \/ 512\"><\/span><\/p>\n<h2 id=\"t-1672918291271\">Was Sie vor Ihrer Multifokallinsen OP in Antalya wissen sollten<\/h2>\n<p>Es gibt ein paar Dinge, die Sie beachten sollten, bevor Sie sich in Antalya einer Multifokallinsen Operation unterziehen:<\/p>\n<ul>\n<li><span><strong>Informieren Sie sich \u00fcber die Klinik und den Chirurgen:<\/strong> Die Operation erfordert ein <strong>hohes Ma\u00df an Pr\u00e4zision<\/strong> und birgt einige Risiken. Daher ist es wichtig, eine seri\u00f6se Klinik und erfahrene Spezialisten auszuw\u00e4hlen. Antalya verf\u00fcgt \u00fcber viele&nbsp; <strong>erfahrene und kompetente Augen\u00e4rzte<\/strong> . Deshalb ist es hier einfach, eine Klinik mit einer Erfolgsgeschichte und qualifizierten Chirurgen zu finden.<\/span><\/li>\n<li><span><strong>Erfahren Sie&nbsp;<\/strong><span><strong>jetzt die Kosten:<\/strong> &nbsp;Die Kosten f\u00fcr eine intelligente Linsenoperation in&nbsp; <strong>Antalya sind g\u00fcnstiger als in Europa und&nbsp; <\/strong><strong>den <\/strong>&nbsp;<strong>USA.&nbsp;<\/strong><\/span><span> Stellen Sie sicher, dass Sie etwas recherchieren und ein Angebot finden, das in Ihrem Budget liegt.&nbsp;<\/span><\/span><\/li>\n<li><span><strong>Verstehen Sie das Verfahren:<\/strong>&nbsp;Intelligente Linsen k\u00f6nnen zur Korrektur von Sehproblemen wie Hyperopie, Myopie, Presbyopie oder Astigmatismus bei Personen mit Sehst\u00f6rung aufgrund von Katarakten verwendet werden. Es wird h\u00e4ufig Patienten \u00fcber 40 Jahren empfohlen, die f\u00fcr die Nah- und Fernsicht nicht auf eine Brille angewiesen sind, sowie Personen mit hohen Brillenwerten in jungen Jahren.&nbsp;<\/span><\/li>\n<li><span><strong>Pr\u00fcfen Sie, ob Sie ein geeigneter Kandidat sind:&nbsp;<\/strong> Personen mit dicker Hornhaut, die nicht f\u00fcr eine Augenlaseroperation in Frage kommen, k\u00f6nnten f\u00fcr eine Operation mit intelligenten Linsen geeignet sein. Frauen, die schwanger sind oder stillen, sollten sich aufgrund hormoneller Ver\u00e4nderungen nicht der Operation unterziehen. Sprechen Sie mit einem Spezialisten, um herauszufinden, ob dies f\u00fcr Ihren speziellen Fall die beste Option ist.&nbsp;<\/span><\/li>\n<li><span><strong>Planen Sie Ihren Aufenthalt in Antalya:<\/strong> F\u00fcr den Eingriff kann ein Aufenthalt von mindestens 5 Tagen in Antalya erforderlich sein, in dem Sie auch am Strand entspannen oder die vielen Sehensw\u00fcrdigkeiten der Region erkunden k\u00f6nnen.<\/span><\/li>\n<li><span><strong>Vermeiden Sie Rauchen und Alkohol:<\/strong> Es ist wichtig, mindestens eine Woche vor der Operation mit dem Konsum von Alkohol und dem Rauchen aufzuh\u00f6ren.<\/span><\/li>\n<li><span><strong>Nach der Augenlinsenoperation:<\/strong>&nbsp;Einige Patienten haben m\u00f6glicherweise innerhalb ein paar Stunden nach der Operation eine klare Sicht, w\u00e4hrend bei anderen einige Tage oder bis zu ein bis zwei Wochen lang verschwommenes Sehen auftreten kann.&nbsp;<\/span><\/li>\n<li><span><strong>Befolgen Sie die Nachsorgeanweisungen Ihres Arztes,<\/strong> einschlie\u00dflich der Vermeidung bestimmter Aktivit\u00e4ten und des Vermeidens von Reiben oder Dr\u00fccken auf die operierten Augen. M\u00f6glicherweise m\u00fcssen Sie nach dem Eingriff auch etwa einen Monat lang Augentropfen verwenden.<\/span><\/li>\n<\/ul>\n<p><span><img decoding=\"async\" alt=\"\" data-id=\"13086\" width=\"703\" data-init-width=\"768\" height=\"469\" data-init-height=\"512\" title=\"Vorgehensweise-der-Smart-Lens-Chirurgie-in-Istanbul-768x512\" loading=\"lazy\" src=\"https:\/\/antalyatouristinformation.com\/de\/wp-content\/uploads\/sites\/10\/2024\/01\/Procedure-of-the-Smart-Lens-Surgery-in-Istanbul-768x512-1.jpg\" data-width=\"703\" data-height=\"469\" data-pinpro-key=\"9cxt781ho\" style=\"aspect-ratio: auto 768 \/ 512\"><\/span><\/p>\n<h2 id=\"t-1672918291272\">Ablauf der Multifokallinsen OP in Antalya<\/h2>\n<p>Der Ablauf einer Multifokallinsen OP in Antalya ist wie folgt:<\/p>\n<ol>\n<li><strong>Sie \u00fcbermitteln Ihre Krankengeschichte an Ihren Arzt,<\/strong> der diese auswertet und in einer Online-Konsultation mit Ihnen die Risiken, Vorteile und Linsenoptionen bespricht.<\/li>\n<li><strong>Bei Ihrer Ankunft in Antalya<\/strong> werden Sie einer detaillierten Untersuchung Ihrer Augen und m\u00f6glicherweise einigen zus\u00e4tzlichen Tests <strong>unterzogen<\/strong> . Ihr Arzt wird best\u00e4tigen, dass die ausgew\u00e4hlte Linse f\u00fcr Sie geeignet ist, und <strong>die Linsen<\/strong> entsprechend Ihren spezifischen Bed\u00fcrfnissen vorbereiten.<\/li>\n<li><strong>Am n\u00e4chsten Tag kehren Sie in die Klinik zur\u00fcck, um die Einzelheiten zu besprechen und sich der Operation zu unterziehen,<\/strong> die unter \u00f6rtlicher Bet\u00e4ubung durchgef\u00fchrt wird und etwa <strong>20 Minuten pro Auge dauert.<\/strong> Ihr Arzt wird Ihnen Kontaktlinsen zum Schutz Ihrer Augen zur Verf\u00fcgung stellen und Ihnen Anweisungen zur Nachsorge geben.<\/li>\n<li><strong>Am n\u00e4chsten Tag gehen Sie zu einem Nachsorgetermin zu Ihrem Arzt,<\/strong> bei dem die Kontaktlinsen entfernt werden.<\/li>\n<li><strong>Am Tag danach<\/strong> erfolgt eine abschlie\u00dfende Untersuchung Ihrer Augen.<\/li>\n<\/ol>\n<h2 id=\"t-1672918291273\">Kosten einer Multifokallinsen OP in Antalya, T\u00fcrkei<\/h2>\n<p>Eine Multifokallinsen OP in Antalya kostet normalerweise zwischen&nbsp;<strong>&nbsp;3.650 und 4.000 \u20ac.<\/strong><\/p>\n<h2 id=\"t-1672918291274\"><strong>Beliebte Kliniken in Antalya<\/strong><\/h2>\n<p>Hier finden Sie in K\u00fcrze eine Auswahl empfohlener Kliniken f\u00fcr Multifokallinsen OP in Antalya.<\/p>\n<p><strong><a href=\"https:\/\/soracamed.com\/\" target=\"_blank\" rel=\"nofollow noopener\" data-lt-tmp-id=\"lt-526957\">SoracaMed-Klinik<\/a><\/strong><a href=\"https:\/\/soracamed.com\/\" rel=\"nofollow noopener\" target=\"_blank\"><\/a><a href=\"https:\/\/soracamed.com\/\" rel=\"nofollow noopener\" target=\"_blank\"><\/a><\/p>\n<p><span><img decoding=\"async\" alt=\"SoracaMed-Klinik in Antalya\" data-id=\"14205\" width=\"347\" data-init-width=\"280\" height=\"260\" data-init-height=\"210\" title=\"soracamed-klinik-lobby-2\" loading=\"lazy\" src=\"https:\/\/antalyatouristinformation.com\/de\/wp-content\/uploads\/sites\/10\/2024\/01\/soracamed-clinic-lobby-2-2.jpg\" data-width=\"347\" data-height=\"260\" style=\"aspect-ratio: auto 280 \/ 210\"><\/span><span><img decoding=\"async\" alt=\"\" data-id=\"14207\" width=\"324\" data-init-width=\"280\" height=\"243\" data-init-height=\"210\" title=\"soracamed-klinik-lobby\" loading=\"lazy\" src=\"https:\/\/antalyatouristinformation.com\/de\/wp-content\/uploads\/sites\/10\/2024\/01\/soracamed-clinic-lobby-3.jpg\" data-width=\"324\" data-height=\"243\" style=\"aspect-ratio: auto 280 \/ 210\"><\/span><\/p>\n<p style=\"text-align: justify\"><a href=\"https:\/\/medclinics.com\/clinics\/soracamed-clinic\/\" target=\"_blank\" data-lt-tmp-id=\"lt-273881\" rel=\"noopener\">Die SoracaMed Clinic<\/a> ist eine Gesundheitseinrichtung, deren Ziel es ist, <strong>zug\u00e4ngliche<\/strong> und <strong>erschwingliche<\/strong> Gesundheits- und Sch\u00f6nheitsdienstleistungen von <strong>hoher Qualit\u00e4t<\/strong> anzubieten .&nbsp;<\/p>\n<p style=\"text-align: justify\">Die Klinik bietet eine Vielzahl von Behandlungen an, darunter&nbsp; <a href=\"https:\/\/medclinics.com\/eye-treatments\/\" target=\"_blank\" rel=\"nofollow noopener\" data-lt-tmp-id=\"lt-542198\">Augenbehandlungen , <\/a> &nbsp;<strong><a data-lt-tmp-id=\"lt-831443\" href=\"https:\/\/antalyatouristinformation.com\/de\/haartransplantation-turkei\/\">Haartransplantationen<\/a><\/strong> und&nbsp; <a data-lt-tmp-id=\"lt-689956\" href=\"https:\/\/antalyatouristinformation.com\/de\/blog\/category\/zahnbehandlungen\/\">Zahn\u00e4sthetik<\/a> . Dar\u00fcber hinaus bieten sie umfassende Pakete an, die nicht nur medizinische Leistungen, sondern auch Unterk\u00fcnfte umfassen.<\/p>\n<p style=\"text-align: justify\">Die Klinik legt gro\u00dfen Wert auf die Zufriedenheit und das Wohlbefinden der Patienten, h\u00e4lt <strong>hohe Pflegestandards<\/strong> aufrecht und informiert <strong>transparent<\/strong> \u00fcber Behandlungskosten und -verfahren.&nbsp;<\/p>\n<p style=\"text-align: justify\"><strong>Die SoracaMed Clinic<\/strong> befindet sich in Antalya, einer wundersch\u00f6nen Gegend, die f\u00fcr ihre Touristenattraktionen sowie ihren historischen und kulturellen Reichtum bekannt ist.<\/p>\n<h2 id=\"t-1632401893497\" style=\"text-align: center\" data-hide=\"true\">Holen Sie sich eine kostenlose Beratung<\/h2>\n<p style=\"text-align: left\">Gerne sprechen wir \u00fcber Ihre Erwartungen. Sie k\u00f6nnen uns telefonisch oder per WhatsApp &nbsp; <a data-tcb_hover_state_parent=\"\" href=\"https:\/\/wa.me\/00905379778975\" target=\"_blank\" data-lt-tmp-id=\"lt-297952\" rel=\"noopener\">+90 537 977 89 75<\/a> , per E-Mail an <em><span>request@medclinics.com&nbsp;<\/span><\/em> oder \u00fcber das Kontaktformular kontaktieren.<a data-tcb_hover_state_parent=\"\" href=\"https:\/\/wa.me\/00905379778975\" target=\"_blank\" data-lt-tmp-id=\"lt-297952\" rel=\"noopener\"><\/a><em><span><\/span><\/em><\/p>\n<p style=\"text-align: left\">\n<p style=\"text-align: left\"><span>Hinweis:<\/span> Unsere Vertragskrankenh\u00e4user, Kliniken und \u00c4rzte werden sich bez\u00fcglich der von Ihnen gew\u00fcnschten Sch\u00f6nheitsbehandlung mit Ihnen in Verbindung setzen.&nbsp;<\/p>\n","protected":false},"excerpt":{"rendered":"<p>Gutes Sehen ist f\u00fcr das allgemeine Wohlbefinden und die Lebensqualit\u00e4t von entscheidender Bedeutung, da es uns erm\u00f6glicht, uns voll und ganz auf die Welt um uns herum einzulassen und sie zu navigieren. Diejenigen, die mit Sehproblemen zu k\u00e4mpfen haben, suchen m\u00f6glicherweise nach M\u00f6glichkeiten, ihr Sehverm\u00f6gen zu verbessern, und obwohl eine Augenlaseroperation eine g\u00e4ngige Option ist, [&hellip;]<\/p>\n","protected":false},"author":6,"featured_media":15295,"parent":0,"menu_order":0,"comment_status":"closed","ping_status":"closed","template":"","meta":{"_acf_changed":false,"footnotes":""},"categories":[90],"tags":[91],"class_list":["post-15291","page","type-page","status-publish","has-post-thumbnail","hentry","category-augen","tag-multifokallinsen","post-wrapper","thrv_wrapper"],"acf":[],"wp-worthy-pixel":{"ignored":false,"public":null,"server":null,"url":null},"wp-worthy-type":"normal","_links":{"self":[{"href":"https:\/\/antalyatouristinformation.com\/de\/wp-json\/wp\/v2\/pages\/15291","targetHints":{"allow":["GET"]}}],"collection":[{"href":"https:\/\/antalyatouristinformation.com\/de\/wp-json\/wp\/v2\/pages"}],"about":[{"href":"https:\/\/antalyatouristinformation.com\/de\/wp-json\/wp\/v2\/types\/page"}],"author":[{"embeddable":true,"href":"https:\/\/antalyatouristinformation.com\/de\/wp-json\/wp\/v2\/users\/6"}],"replies":[{"embeddable":true,"href":"https:\/\/antalyatouristinformation.com\/de\/wp-json\/wp\/v2\/comments?post=15291"}],"version-history":[{"count":10,"href":"https:\/\/antalyatouristinformation.com\/de\/wp-json\/wp\/v2\/pages\/15291\/revisions"}],"predecessor-version":[{"id":16494,"href":"https:\/\/antalyatouristinformation.com\/de\/wp-json\/wp\/v2\/pages\/15291\/revisions\/16494"}],"wp:featuredmedia":[{"embeddable":true,"href":"https:\/\/antalyatouristinformation.com\/de\/wp-json\/wp\/v2\/media\/15295"}],"wp:attachment":[{"href":"https:\/\/antalyatouristinformation.com\/de\/wp-json\/wp\/v2\/media?parent=15291"}],"wp:term":[{"taxonomy":"category","embeddable":true,"href":"https:\/\/antalyatouristinformation.com\/de\/wp-json\/wp\/v2\/categories?post=15291"},{"taxonomy":"post_tag","embeddable":true,"href":"https:\/\/antalyatouristinformation.com\/de\/wp-json\/wp\/v2\/tags?post=15291"}],"curies":[{"name":"wp","href":"https:\/\/api.w.org\/{rel}","templated":true}]}}