{"id":15351,"date":"2024-01-30T12:25:16","date_gmt":"2024-01-30T11:25:16","guid":{"rendered":"https:\/\/antalyatouristinformation.com\/de\/?page_id=15351"},"modified":"2024-12-31T12:04:31","modified_gmt":"2024-12-31T11:04:31","slug":"zahnimplantat-turkei","status":"publish","type":"page","link":"https:\/\/antalyatouristinformation.com\/de\/zahnimplantat-turkei\/","title":{"rendered":"Top Zahnimplantat in Antalya, T\u00fcrkei | Beste Kliniken &amp; Preise"},"content":{"rendered":"<h3>Antalya hat den Ruf, qualitativ hochwertige und erschwingliche Zahnpflege anzubieten.&nbsp;<\/h3>\n<p>Es ist keine \u00dcberraschung, dass sich viele Menschen, die Zahnimplantate suchen, <strong>f\u00fcr eine Behandlung in Antalya entscheiden, wo sie erstklassige Pflege zu geringeren Kosten<\/strong> als anderswo erhalten k\u00f6nnen. Viele Kliniken in Antalya verf\u00fcgen \u00fcber eigene Labore und R\u00f6ntgenger\u00e4te, was dazu beitr\u00e4gt, den Prozess zu rationalisieren und die Kosten niedrig zu halten.&nbsp;<\/p>\n<p>Auf dieser Seite finden Sie hilfreiche Informationen zu Zahnimplantaten, darunter Einzelheiten zum Verfahren, den Kosten f\u00fcr Zahnimplantate in Antalya und Empfehlungen f\u00fcr die besten Kliniken in der Region.<\/p>\n<p>Beginnen wir mit den Grundlagen!<\/p>\n<p><span><img decoding=\"async\" alt=\"\" data-id=\"12984\" width=\"703\" data-init-width=\"768\" height=\"469\" data-init-height=\"512\" title=\"Was-sind-Zahnimplantate-768x512\" loading=\"lazy\" src=\"https:\/\/antalyatouristinformation.com\/de\/wp-content\/uploads\/sites\/10\/2024\/01\/What-are-Dental-Implants-768x512-1.jpg\" data-width=\"703\" data-height=\"469\" data-pinpro-key=\"5xhkg5ajk\" style=\"aspect-ratio: auto 768 \/ 512\"><\/span><\/p>\n<h2 id=\"t-1672646935664\">Was sind Zahnimplantate?<\/h2>\n<p>Zahnimplantate sind <strong>k\u00fcnstliche Zahnwurzeln<\/strong> , die in den Kieferknochen eingesetzt werden, um einen Ersatzzahn oder eine Br\u00fccke an Ort und Stelle zu halten. Sie bestehen aus Titan, einem starken und biokompatiblen Material, das vom K\u00f6rper gut vertragen wird.<\/p>\n<p>Zahnimplantate sind eine hervorragende Option zum Ersatz fehlender Z\u00e4hne, da sie <strong>wie nat\u00fcrliche Z\u00e4hne aussehen, sich anf\u00fchlen und funktionieren<\/strong> . Sie tragen auch dazu bei, die <strong>Integrit\u00e4t des Kieferknochens<\/strong> zu bewahren , der nach Zahnverlust schrumpfen und schw\u00e4cher werden kann.<\/p>\n<h2 id=\"t-1672646935665\">Was Sie vor Ihrer Zahnimplantat Behandlung in Antalya wissen sollten<\/h2>\n<p>Hier sind einige Punkte, die Sie vor einer Zahnimplantation in Antalya beachten sollten:<\/p>\n<ul>\n<li><span><strong>Erw\u00e4gen Sie eine Klinik in Antalya, T\u00fcrkei:&nbsp;<\/strong> Die T\u00fcrkei und insbesondere Antalya verf\u00fcgen \u00fcber einen <strong>gut entwickelten zahn\u00e4rztlichen Gesundheitssektor<\/strong> mit vielen erfahrenen Kieferchirurgen und Zahn\u00e4rzten. Dar\u00fcber hinaus \u00e4hneln Zahnkliniken in Antalya <strong>5-Sterne-Hotels und<\/strong> sind mit eigenen R\u00f6ntgenger\u00e4ten und Dentallabors ausgestattet, was eine <strong>effiziente und kosteng\u00fcnstige Behandlung<\/strong> einschlie\u00dflich Zahnimplantaten, Kronen und Veneers erm\u00f6glicht.&nbsp;<\/span><\/li>\n<li><span><strong>Informieren Sie sich \u00fcber die Klinik: <\/strong>Stellen Sie sicher, dass Sie<strong> eine&nbsp;<\/strong><strong>seri\u00f6se Klinik<\/strong> mit einer Erfolgsbilanz bei erfolgreichen Zahnimplantat-Eingriffen w\u00e4hlen . Antalya verf\u00fcgt \u00fcber <strong>hochkompetente, zuverl\u00e4ssige Spezialisten mit langj\u00e4hriger Erfahrung<\/strong> , sodass Sie sich auch in komplexen F\u00e4llen sicher in guten H\u00e4nden f\u00fchlen k\u00f6nnen. Nachfolgend finden Sie unsere Auswahl vertrauensw\u00fcrdiger Kliniken in Antalya.<\/span><\/li>\n<li><span><strong>Ber\u00fccksichtigen Sie die Kosten:<\/strong> Zahnimplantatverfahren k\u00f6nnen teuer sein, sind aber <strong>in der T\u00fcrkei im Vergleich zu anderen L\u00e4ndern erschwinglicher<\/strong> . Nachfolgend finden Sie einen \u00dcberblick \u00fcber die durchschnittlichen Kosten f\u00fcr Zahnimplantate in Antalya.&nbsp;<\/span><\/li>\n<li><span><strong>Informieren Sie sich \u00fcber Ihre Implantatoptionen:<\/strong> Es stehen verschiedene <strong>internationale<\/strong> und <strong>lokale t\u00fcrkische Implantatmarken<\/strong> zur Verf\u00fcgung, und die Wahl liegt bei Ihnen. Bedenken Sie, dass lokale t\u00fcrkische Implantate m\u00f6glicherweise g\u00fcnstiger sind, alle Marken jedoch \u00fcber internationale <strong>Garantien verf\u00fcgen und zertifiziert sind<\/strong> .<\/span><\/li>\n<li><span><strong>Beachten Sie den Behandlungszeitraum:<\/strong>&nbsp;Eine Zahnimplantat Behandlung kann&nbsp;vom Anfang bis zum Ende mehrere Monate dauern und einen oder mehrere chirurgische Eingriffe erfordern. Dies kann <strong>mindestens zwei Besuche<\/strong> beim Zahnarzt in Antalya erfordern. F\u00fcr den ersten Besuch reichen in der Regel <strong>2 Tage in Antalya aus, w\u00e4hrend Sie f\u00fcr den zweiten Besuch etwa <\/strong><strong>6 Tage<\/strong> einplanen sollten . In komplizierteren F\u00e4llen k\u00f6nnen mehrere Besuche erforderlich sein. Planen Sie daher entsprechend.<\/span><\/li>\n<li><span><strong>Bereiten Sie sich auf die Genesung vor:&nbsp;<\/strong> Zahnimplantat-Eingriffe erfordern eine gewisse Erholungszeit. Stellen Sie sicher, dass Sie einen Plan f\u00fcr die Freistellung von der Arbeit oder anderen Verpflichtungen haben, und vereinbaren Sie, dass Ihnen bei Bedarf jemand bei den t\u00e4glichen Aufgaben hilft.&nbsp;<\/span><\/li>\n<li><span>\n<p><strong>Kombinieren Sie die Behandlung mit einem Urlaub:<\/strong>&nbsp;Viele Patienten entscheiden sich daf\u00fcr, ihre Zahnimplantat Behandlung mit&nbsp;<strong>einem Urlaub in Antalya zu kombinieren.<\/strong> Dies kann eine gute Gelegenheit sein, die wundersch\u00f6ne Region zu erkunden und sich nach dem Eingriff etwas Zeit zum Entspannen zu nehmen.<\/p>\n<p><\/span><\/li>\n<li><span><strong>Seien Sie auf m\u00f6gliche Komplikationen vorbereitet:<\/strong> In manchen F\u00e4llen ist m\u00f6glicherweise ausreichend Knochen und Gewebe erforderlich, um das Einsetzen eines Zahnimplantats zu erm\u00f6glichen. Ist dies nicht der Fall, <strong>kann die Behandlung aufw\u00e4ndiger und zeitaufw\u00e4ndiger sein<\/strong> . Erfahrene Spezialisten in Antalya k\u00f6nnen jedoch auch die kompliziertesten F\u00e4lle behandeln, einschlie\u00dflich der Verwendung von <strong>Megaimplantaten<\/strong> .<\/span><\/li>\n<\/ul>\n<p><span><img decoding=\"async\" alt=\"\" data-id=\"12985\" width=\"703\" data-init-width=\"768\" height=\"469\" data-init-height=\"512\" title=\"Verfahren zur Zahnimplantatbehandlung in Istanbul, T\u00fcrkei, 768 x 512\" loading=\"lazy\" src=\"https:\/\/antalyatouristinformation.com\/de\/wp-content\/uploads\/sites\/10\/2024\/01\/Procedure-of-Dental-Implant-Treatment-in-Istanbul-Turkey-768x512-1.jpg\" data-width=\"703\" data-height=\"469\" data-pinpro-key=\"9srnyu0lc\" style=\"aspect-ratio: auto 768 \/ 512\"><\/span><\/p>\n<h2 id=\"t-1672646935666\">Ablauf der Behandlung mit Zahnimplantaten in Antalya, T\u00fcrkei<\/h2>\n<p>Hier ist eine <strong>Schritt-f\u00fcr-Schritt-Anleitung<\/strong>&nbsp;f\u00fcr den Behandlungsprozess mir Zahnimplantaten in Antalya, T\u00fcrkei:<\/p>\n<ol>\n<li><strong>Online-Konsultation:<\/strong> Sie werden gebeten, Bilder Ihrer Z\u00e4hne und Ihrer Krankengeschichte einzusenden, und es wird eine Online-Konsultation vereinbart, um den genauen Behandlungsplan zu besprechen.<\/li>\n<li><strong>Umfassende zahn\u00e4rztliche Untersuchung:<\/strong> Nach Ihrer Ankunft in Antalya besuchen Sie die Klinik f\u00fcr eine umfassende zahn\u00e4rztliche Untersuchung, die R\u00f6ntgenaufnahmen, 3D-Bilder und Modelle Ihrer Z\u00e4hne und Ihres Kiefers umfassen kann. Dadurch kann die Klinik einen ma\u00dfgeschneiderten Implantatplan erstellen.<\/li>\n<li><strong>Chirurgischer Eingriff:<\/strong> Die Implantation wird unter \u00f6rtlicher Bet\u00e4ubung durchgef\u00fchrt. Zun\u00e4chst werden alle besch\u00e4digten Z\u00e4hne entfernt. Anschlie\u00dfend wird das Implantat operativ in den Kieferknochen eingesetzt und die Wunde verschlossen. In manchen F\u00e4llen kann eine Knochentransplantation notwendig sein.<\/li>\n<li><strong>Heilungsprozess:<\/strong> Nach dem Eingriff m\u00fcssen Sie etwa drei Monate warten, bis sich das Implantat in den Kieferknochen integriert hat.<\/li>\n<li><strong>Vorbereitung der Zahnkrone:<\/strong> Bei Ihrem zweiten Besuch erfolgt eine detaillierte Untersuchung Ihrer Z\u00e4hne und es werden neue Messungen oder Abdr\u00fccke zur Vorbereitung der <a href=\"https:\/\/antalyatouristinformation.com\/de\/zahnkrone-turkei\/\" data-lt-tmp-id=\"lt-929229\">Zahnkrone<\/a> gemacht .<\/li>\n<li><strong>Befestigung von Abutment und Zahnkrone:<\/strong> Am n\u00e4chsten Tag wird Ihr Zahnfleisch wieder ge\u00f6ffnet, um das Abutment am Zahnimplantat zu befestigen. Anschlie\u00dfend wird die neue Zahnkrone eingesetzt und fixiert.<\/li>\n<li><strong>Hinweise zur Nachsorge:<\/strong> Ihr Zahnarzt gibt Ihnen Hinweise zur Nachsorge und die Behandlung wird abgeschlossen. Anschlie\u00dfend k\u00f6nnen Sie nach Hause zur\u00fcckkehren.<\/li>\n<\/ol>\n<h2 id=\"t-1672646935667\">Kosten f\u00fcr ein Zahnimplantat in Antalya, T\u00fcrkei<\/h2>\n<p>Die Kosten f\u00fcr Zahnimplantate in Antalya k\u00f6nnen je nach Einzelfall, Komplexit\u00e4t und Marke des Implantats variieren. Der Preis f\u00fcr ein einzelnes Implantat kann je nach Marke und angewandter Methode&nbsp;<strong>zwischen 415 EUR und 1.700 EUR liegen .<\/strong><\/p>\n<p>Bitte beachten Sie, dass es sich bei diesen Sch\u00e4tzungen um N\u00e4herungswerte handelt, die je nach Ihren individuellen Umst\u00e4nden variieren k\u00f6nnen. Am besten konsultieren Sie einen Zahnarzt in Antalya, um einen genaueren Kostenvoranschlag f\u00fcr Ihren speziellen Fall zu erhalten.<\/p>\n<h2 id=\"t-1672646935668\">Beliebte Zahnkliniken in Antalya<\/h2>\n<p>Hier finden Sie in K\u00fcrze eine Auswahl der <a href=\"https:\/\/medclinics.com\/de\/zahnbehandlungen-in-antalya-tuerkei-die-besten-kliniken-preise-chirurgen\/\" target=\"_blank\" rel=\"nofollow noopener\">besten Kliniken in Antalya<\/a> .<\/p>\n<p><strong><a href=\"https:\/\/soracamed.com\/\" target=\"_blank\" rel=\"nofollow noopener\" data-lt-tmp-id=\"lt-526957\">SoracaMed-Klinik<\/a><\/strong><a href=\"https:\/\/soracamed.com\/\" rel=\"nofollow noopener\" target=\"_blank\"><\/a><a href=\"https:\/\/soracamed.com\/\" rel=\"nofollow noopener\" target=\"_blank\"><\/a><\/p>\n<p><span><img decoding=\"async\" alt=\"SoracaMed-Klinik in Antalya\" data-id=\"14205\" width=\"347\" data-init-width=\"280\" height=\"260\" data-init-height=\"210\" title=\"soracamed-klinik-lobby-2\" loading=\"lazy\" src=\"https:\/\/antalyatouristinformation.com\/de\/wp-content\/uploads\/sites\/10\/2024\/01\/soracamed-clinic-lobby-2-6.jpg\" data-width=\"347\" data-height=\"260\" style=\"aspect-ratio: auto 280 \/ 210\"><\/span><span><img decoding=\"async\" alt=\"\" data-id=\"14207\" width=\"324\" data-init-width=\"280\" height=\"243\" data-init-height=\"210\" title=\"soracamed-klinik-lobby\" loading=\"lazy\" src=\"https:\/\/antalyatouristinformation.com\/de\/wp-content\/uploads\/sites\/10\/2024\/01\/soracamed-clinic-lobby-7.jpg\" data-width=\"324\" data-height=\"243\" style=\"aspect-ratio: auto 280 \/ 210\"><\/span><\/p>\n<p style=\"text-align: justify\"><a href=\"https:\/\/medclinics.com\/clinics\/soracamed-clinic\/\" target=\"_blank\" data-lt-tmp-id=\"lt-273881\" rel=\"noopener\">Die SoracaMed Clinic<\/a> ist eine Gesundheitseinrichtung, deren Ziel es ist, <strong>zug\u00e4ngliche<\/strong> und <strong>qualifizierte<\/strong> Gesundheits- und Sch\u00f6nheitsdienstleistungen von <strong>hoher Qualit\u00e4t<\/strong> anzubieten.&nbsp;<\/p>\n<p style=\"text-align: justify\">Die Klinik bietet viele Behandlungen an, darunter&nbsp; <a href=\"https:\/\/antalyatouristinformation.com\/de\/blog\/category\/zahnbehandlungen\/\" data-lt-tmp-id=\"lt-960435\">Zahnbehandlungen<\/a> ,&nbsp; <a data-lt-tmp-id=\"lt-206893\" href=\"https:\/\/antalyatouristinformation.com\/de\/blog\/category\/plastische-chirurgie\/\">plastische Chirurgie<\/a> ,&nbsp; <a data-lt-tmp-id=\"lt-542198\" href=\"https:\/\/antalyatouristinformation.com\/de\/blog\/category\/augen\/\">Augenbehandlungen<\/a> und mehr. Dar\u00fcber hinaus bieten sie umfassende Pakete an, die nicht nur medizinische Leistungen, sondern auch Unterk\u00fcnfte umfassen.<a href=\"https:\/\/medclinics.com\/dental-treatment\/\" target=\"_blank\" data-lt-tmp-id=\"lt-960435\" rel=\"noopener\"><\/a><a data-lt-tmp-id=\"lt-206893\" href=\"https:\/\/medclinics.com\/plastic-and-aesthetic-surgery\/\" rel=\"nofollow noopener\" target=\"_blank\"><\/a><a data-lt-tmp-id=\"lt-542198\" href=\"https:\/\/medclinics.com\/eye-treatments\/\" rel=\"nofollow noopener\" target=\"_blank\"><\/a><\/p>\n<p style=\"text-align: justify\">Die Klinik legt gro\u00dfen Wert auf die Zufriedenheit und das Wohlbefinden der Patienten, h\u00e4lt <strong>hohe Pflegestandards<\/strong> aufrecht und informiert <strong>transparent<\/strong> \u00fcber Behandlungskosten und -verfahren. Sie stellen au\u00dferdem die Kontinuit\u00e4t der Versorgung sicher, um den Patienten im Heimatland eine reibungslose Versorgung und Sicherheit zu bieten.&nbsp;<\/p>\n<p style=\"text-align: justify\"><strong>Die SoracaMed-Klinik<\/strong> befindet sich in G\u00fczeloba, Antalya, einer wundersch\u00f6nen Gegend, die f\u00fcr ihre Touristenattraktionen sowie ihren historischen und kulturellen Reichtum bekannt ist.<\/p>\n<h2 id=\"t-1632401893497\" style=\"text-align: center\" data-hide=\"true\">Holen Sie sich eine kostenlose Beratung<\/h2>\n<p style=\"text-align: left\">Gerne sprechen wir \u00fcber Ihre Erwartungen. Sie k\u00f6nnen uns telefonisch oder per WhatsApp &nbsp; <a data-tcb_hover_state_parent=\"\" href=\"https:\/\/wa.me\/00905379778975\" target=\"_blank\" data-lt-tmp-id=\"lt-297952\" rel=\"noopener\">+90 537 977 89 75<\/a> , per E-Mail an <em><span>request@medclinics.com&nbsp;<\/span><\/em> oder \u00fcber das Kontaktformular kontaktieren.<\/p>\n<p style=\"text-align: left\">\n<p style=\"text-align: left\"><span>Hinweis:<\/span> Unsere Vertragskrankenh\u00e4user, Kliniken und \u00c4rzte werden sich bez\u00fcglich der von Ihnen gew\u00fcnschten Sch\u00f6nheitsbehandlung mit Ihnen in Verbindung setzen.&nbsp;<\/p><\/p>\n","protected":false},"excerpt":{"rendered":"<p>Antalya hat den Ruf, qualitativ hochwertige und erschwingliche Zahnpflege anzubieten.&nbsp; Es ist keine \u00dcberraschung, dass sich viele Menschen, die Zahnimplantate suchen, f\u00fcr eine Behandlung in Antalya entscheiden, wo sie erstklassige Pflege zu geringeren Kosten als anderswo erhalten k\u00f6nnen. Viele Kliniken in Antalya verf\u00fcgen \u00fcber eigene Labore und R\u00f6ntgenger\u00e4te, was dazu beitr\u00e4gt, den Prozess zu rationalisieren [&hellip;]<\/p>\n","protected":false},"author":6,"featured_media":15365,"parent":0,"menu_order":0,"comment_status":"closed","ping_status":"closed","template":"","meta":{"_acf_changed":false,"footnotes":""},"categories":[94],"tags":[95],"class_list":["post-15351","page","type-page","status-publish","has-post-thumbnail","hentry","category-zahnbehandlungen","tag-zahnimplantat","post-wrapper","thrv_wrapper"],"acf":[],"wp-worthy-pixel":{"ignored":false,"public":null,"server":null,"url":null},"wp-worthy-type":"normal","_links":{"self":[{"href":"https:\/\/antalyatouristinformation.com\/de\/wp-json\/wp\/v2\/pages\/15351","targetHints":{"allow":["GET"]}}],"collection":[{"href":"https:\/\/antalyatouristinformation.com\/de\/wp-json\/wp\/v2\/pages"}],"about":[{"href":"https:\/\/antalyatouristinformation.com\/de\/wp-json\/wp\/v2\/types\/page"}],"author":[{"embeddable":true,"href":"https:\/\/antalyatouristinformation.com\/de\/wp-json\/wp\/v2\/users\/6"}],"replies":[{"embeddable":true,"href":"https:\/\/antalyatouristinformation.com\/de\/wp-json\/wp\/v2\/comments?post=15351"}],"version-history":[{"count":8,"href":"https:\/\/antalyatouristinformation.com\/de\/wp-json\/wp\/v2\/pages\/15351\/revisions"}],"predecessor-version":[{"id":16502,"href":"https:\/\/antalyatouristinformation.com\/de\/wp-json\/wp\/v2\/pages\/15351\/revisions\/16502"}],"wp:featuredmedia":[{"embeddable":true,"href":"https:\/\/antalyatouristinformation.com\/de\/wp-json\/wp\/v2\/media\/15365"}],"wp:attachment":[{"href":"https:\/\/antalyatouristinformation.com\/de\/wp-json\/wp\/v2\/media?parent=15351"}],"wp:term":[{"taxonomy":"category","embeddable":true,"href":"https:\/\/antalyatouristinformation.com\/de\/wp-json\/wp\/v2\/categories?post=15351"},{"taxonomy":"post_tag","embeddable":true,"href":"https:\/\/antalyatouristinformation.com\/de\/wp-json\/wp\/v2\/tags?post=15351"}],"curies":[{"name":"wp","href":"https:\/\/api.w.org\/{rel}","templated":true}]}}