{"id":15366,"date":"2024-01-30T12:33:25","date_gmt":"2024-01-30T11:33:25","guid":{"rendered":"https:\/\/antalyatouristinformation.com\/de\/?page_id=15366"},"modified":"2024-12-31T12:02:42","modified_gmt":"2024-12-31T11:02:42","slug":"hollywood-smile-turkei","status":"publish","type":"page","link":"https:\/\/antalyatouristinformation.com\/de\/hollywood-smile-turkei\/","title":{"rendered":"Hollywood Smile in Antalya, T\u00fcrkei | Beste Kliniken &amp; Preise"},"content":{"rendered":"<h3>Das Hollywood-L\u00e4cheln ist eine beliebte Wahl f\u00fcr Personen, die das Erscheinungsbild Ihres L\u00e4chelns verbessern und ihr Selbstvertrauen durch kosmetische Zahnbehandlungen st\u00e4rken m\u00f6chten.<\/h3>\n<p>Die T\u00fcrkei und insbesondere Antalya sind zu einem beliebten Reiseziel f\u00fcr diejenigen geworden, die diesen Look erreichen m\u00f6chten. In der Provinz Antalya gibt es <strong>viele <\/strong><strong>spezialisierte Zahn\u00e4rzte<\/strong> . Dar\u00fcber hinaus ist die Region f\u00fcr ihre <strong>fortschrittliche Dentalindustrie und die F\u00e4higkeit<\/strong> bekannt , im Vergleich zu anderen L\u00e4ndern qualitativ hochwertige Behandlungen zu geringeren Kosten anzubieten.&nbsp;<\/p>\n<p>Wenn Sie eine Hollywood Smile-Behandlung in Antalya in Betracht ziehen, ist es wichtig, den Ablauf, die Kosten und die m\u00f6glichen Ergebnisse zu verstehen. In diesem Artikel finden Sie alle ben\u00f6tigten Details, einschlie\u00dflich Vorher-Nachher-Fotos.<\/p>\n<p>Lasst uns beginnen!<\/p>\n<p><span><img decoding=\"async\" alt=\"\" data-id=\"12989\" width=\"703\" data-init-width=\"768\" height=\"469\" data-init-height=\"512\" title=\"Was-ist-Hollywood-L\u00e4cheln-mit-Furnier-768x512\" loading=\"lazy\" src=\"https:\/\/antalyatouristinformation.com\/de\/wp-content\/uploads\/sites\/10\/2024\/01\/What-is-Hollywood-Smile-with-Veneer-768x512-1.jpg\" data-width=\"703\" data-height=\"469\" data-pinpro-key=\"3j3gdd8v0\" style=\"aspect-ratio: auto 768 \/ 512\"><\/span><\/p>\n<h2 id=\"t-1672656692054\">Was ist ein Hollywood Smile mit Veneer?<\/h2>\n<p>Das Hollywood Smile ist eine kosmetische Zahnbehandlung, bei der <strong>d\u00fcnne, individuell angefertigte Veneers auf der Vorderseite der Z\u00e4hne angebracht werden.<\/strong> Diese Veneers bestehen aus einem haltbaren, zahnfarbenen Material, das dem Aussehen nat\u00fcrlicher Z\u00e4hne m\u00f6glichst nahe kommt.<\/p>\n<p>Das Ziel eines Hollywood Smile besteht darin,&nbsp;<strong>ein attraktives und \u00e4sthetisch ansprechendes L\u00e4cheln zu schaffen<\/strong> , das allgemein als Symbol f\u00fcr Erfolg, Selbstvertrauen und Attraktivit\u00e4t gilt.&nbsp;<\/p>\n<p>Diese Behandlung gilt als <strong>nicht-chirurgisch,<\/strong> da sie kein Schneiden oder Entfernen der Zahnstruktur erfordert. Stattdessen werden die Veneers einfach auf die Vorderseite der Z\u00e4hne geklebt, um ein \u00e4sthetisch ansprechenderes L\u00e4cheln zu erzielen.<\/p>\n<h2 id=\"t-1672656692055\">Was Sie vor Ihrer Hollywood Smile Behandlung in Antalya wissen sollten<\/h2>\n<p>Wenn Sie eine Hollywood Smile Behandlung in Antalya in Betracht ziehen, sollten Sie Folgendes wissen:<\/p>\n<ul>\n<li><span><strong>Finden Sie einen seri\u00f6sen und erfahrenen Zahnarzt: <\/strong>Die Provinz Antalya verf\u00fcgt \u00fcber einen gut entwickelten zahnmedizinischen Gesundheitssektor mit vielen erfahrenen und qualifizierten Kieferchirurgen und Zahn\u00e4rzten.<\/span><\/li>\n<li><span><strong>Auswahl der richtigen Klinik: <\/strong><a href=\"https:\/\/medclinics.com\/de\/zahnbehandlungen-in-antalya-tuerkei-die-besten-kliniken-preise-chirurgen\/\" data-lt-tmp-id=\"lt-419030\">Zahnkliniken in Antalya<\/a> \u00e4hneln oft <strong>5-Sterne-Hotels und<\/strong>&nbsp;sind mit modernsten Einrichtungen ausgestattet, darunter eigene R\u00f6ntgenger\u00e4te und Dentallabore, was effiziente und kosteng\u00fcnstige Behandlungen was eine&nbsp;<strong>effiziente und kosteng\u00fcnstige Behandlung<\/strong>&nbsp;einschlie\u00dflich Zahnimplantaten, Kronen und Veneers erm\u00f6glicht. In&nbsp;<strong>unserem Abschnitt unten<\/strong> finden Sie vertrauensw\u00fcrdige Kliniken, die auf diese Behandlung spezialisiert sind .<\/span><\/li>\n<li><span><strong>Machen Sie das Beste aus Ihrem Aufenthalt:<\/strong> Die Hollywood Smile-Behandlung dauert in der Regel etwa <strong>vier Tage<\/strong> und viele Patienten entscheiden sich daf\u00fcr, sie mit einem Strandurlaub in Antalya zu kombinieren.&nbsp;<\/span><\/li>\n<li><span><strong>Verstehen Sie das Verfahren:<\/strong> Es ist wichtig, das Verfahren und seine Folgen vollst\u00e4ndig zu verstehen. Die Behandlung umfasst in der Regel die <strong>Anwendung von mindestens 16 Veneers<\/strong> , die zu sofortigen Ergebnissen f\u00fchren k\u00f6nnen <strong>.<\/strong> F\u00fcr Einzelheiten wenden Sie sich bitte an Ihren Zahnarzt und gehen Sie auf etwaige Bedenken oder Fragen ein.<\/span><\/li>\n<li><span><strong>Ber\u00fccksichtigen Sie Ihre Mundgesundheit:<\/strong> Eine Behandlung mit Hollywood Smile ist m\u00f6glicherweise nicht f\u00fcr jeden geeignet, insbesondere nicht f\u00fcr Personen mit schlechter Mundgesundheit. Besprechen Sie Ihre Mundgesundheit unbedingt mit Ihrem Zahnarzt, um festzustellen, ob diese Behandlung f\u00fcr Sie geeignet ist.<\/span><\/li>\n<li><span><strong>Vermeiden Sie sch\u00e4dliche Techniken:<\/strong> Vermeiden Sie Techniken, bei denen eine Zahnschmelzschicht entfernt werden muss, da diese als veraltet gelten und m\u00f6glicherweise Ihr Zahnfleisch sch\u00e4digen k\u00f6nnen.<\/span><\/li>\n<li><span><strong>Nach der Behandlung: Es ist normal, dass Sie nach der Behandlung eine gewisse <\/strong><strong>Empfindlichkeit<\/strong> versp\u00fcren , aber mit der richtigen Materialwahl und der richtigen Pflege k\u00f6nnen die Veneers <strong>&nbsp;ein Leben lang halten .<\/strong><\/span><\/li>\n<\/ul>\n<p><span><img decoding=\"async\" alt=\"\" data-id=\"12990\" width=\"703\" data-init-width=\"768\" height=\"469\" data-init-height=\"512\" title=\"Ablauf-der-Hollywood-Smile-Behandlung-in-der-T\u00fcrkei-768x512\" loading=\"lazy\" src=\"https:\/\/antalyatouristinformation.com\/de\/wp-content\/uploads\/sites\/10\/2024\/01\/Procedure-of-the-Hollywood-Smile-Treatment-in-Turkey-768x512-1.jpg\" data-width=\"703\" data-height=\"469\" data-pinpro-key=\"ba3q8rmgc\" style=\"aspect-ratio: auto 768 \/ 512\"><\/span><\/p>\n<h2 id=\"t-1672656692056\">Ablauf einer Hollywood Smile Behandlung mit Veneers in Antalya<\/h2>\n<p>Die Hollywood Smile Behandlung in Antalya folgt typischerweise diesem Prozess:<\/p>\n<ol>\n<li><strong>Erstgespr\u00e4ch:<\/strong> Zu Beginn werden Sie gebeten, Bilder Ihrer Z\u00e4hne und Ihrer Krankengeschichte einzusenden. M\u00f6glicherweise befragt Ihr Zahnarzt Sie auch zu Ihren Erwartungen, Allergien, Vorerkrankungen und Medikamenten, die Sie einnehmen. Anschlie\u00dfend wird ein <strong>Online-Beratungstermin<\/strong> vereinbart, um festzustellen, wie viele Veneers Sie ben\u00f6tigen, um Ihr gew\u00fcnschtes Aussehen zu erreichen.<\/li>\n<li><strong>Pers\u00f6nliche Beratung und Untersuchung:<\/strong> Nach Ihrer Ankunft in Antalya besuchen Sie die Klinik f\u00fcr eine Beratung und <strong>eine vollst\u00e4ndige zahn\u00e4rztliche Untersuchung<\/strong> mit R\u00f6ntgenaufnahmen. Dies ist eine Gelegenheit, die Anzahl der ben\u00f6tigten Veneers festzulegen und eventuelle Fragen oder Bedenken zu besprechen.<\/li>\n<li><strong>Auswahl des Veneermaterials und der Farbe:<\/strong> In einem zweiten Beratungsgespr\u00e4ch w\u00e4hlen Sie die Farbe und das Material f\u00fcr Ihre Veneers aus.<\/li>\n<li><strong>Vorbereitung und Abdrucknahme:<\/strong> Zur Herstellung der Veneers nimmt Ihr Zahnarzt einen Abdruck Ihrer Z\u00e4hne an, der an ein Labor geschickt wird. Auch Ihre Z\u00e4hne werden auf die Behandlung vorbereitet, indem <strong>eine kleine Zahnschmelzschicht<\/strong> von der Vorderseite <strong>entfernt wird.<\/strong><\/li>\n<li><strong>Platzierung der Veneers:<\/strong> Sobald die Veneers fertig sind, normalerweise innerhalb von 1\u20132 Tagen, kehren Sie zur <strong>endg\u00fcltigen Anpassung<\/strong>&nbsp;in die Klinik zur\u00fcck . Ihr Zahnarzt pr\u00fcft, ob alles gut passt und setzt dann die Veneers ein, um die Hollywood Smile Behandlung abzuschlie\u00dfen.<\/li>\n<\/ol>\n<h2 id=\"t-1672656692057\">Vorher Nachher Fotos von Hollywood Smile&nbsp;<\/h2>\n<p><span><img decoding=\"async\" alt=\"\" data-id=\"12991\" width=\"703\" data-init-width=\"768\" height=\"172\" data-init-height=\"188\" title=\"Hollywood-Smile-Vorher-Nachher-Bilder-1-768x188\" loading=\"lazy\" src=\"https:\/\/antalyatouristinformation.com\/de\/wp-content\/uploads\/sites\/10\/2024\/01\/Hollywood-Smile-Before-and-After-Pictures-1-768x188-1.jpg\" data-width=\"703\" data-height=\"172\" data-pinpro-key=\"my2x37c5e\" style=\"aspect-ratio: auto 768 \/ 188\"><\/span><span><img decoding=\"async\" alt=\"\" data-id=\"12992\" width=\"703\" data-init-width=\"768\" height=\"179\" data-init-height=\"196\" title=\"Hollywood-Smile-Vorher-Nachher-Bilder-2-768x196\" loading=\"lazy\" src=\"https:\/\/antalyatouristinformation.com\/de\/wp-content\/uploads\/sites\/10\/2024\/01\/Hollywood-Smile-Before-and-After-Pictures-2-768x196-1.jpg\" data-width=\"703\" data-height=\"179\" data-pinpro-key=\"sse3rtuuy\" style=\"aspect-ratio: auto 768 \/ 196\"><\/span><\/p>\n<h2 id=\"t-1672656692058\">Kosten f\u00fcr ein Hollywood Smile mit Veneers in Antalya<\/h2>\n<p>Die Kosten f\u00fcr eine <a href=\"https:\/\/medclinics.com\/de\/hollywood-smile\/\" target=\"_blank\" rel=\"nofollow noopener\">Hollywood Smile<\/a> Behandlung mit Veneers in Antalya k\u00f6nnen variieren, im Durchschnitt k\u00f6nnen Sie jedoch mit <strong>Kosten zwischen 250 und 300 \u20ac pro Zahn<\/strong> rechnen .<\/p>\n<p>Das bedeutet, dass die Gesamtkosten f\u00fcr ein vollst\u00e4ndiges Hollywood Smile, f\u00fcr das normalerweise&nbsp;<strong>mindestens 16 Veneers erforderlich sind,<\/strong> voraussichtlich zwischen <strong>4.000 <\/strong><strong>und 4.800 Euro liegen.<\/strong><\/p>\n<p>Es ist wichtig zu beachten, dass die endg\u00fcltigen Kosten je nach Faktoren wie den verwendeten Materialien und der Komplexit\u00e4t der Behandlung variieren k\u00f6nnen. Es ist immer eine gute Idee, die Kosten mit Ihrem Zahnarzt in Antalya zu besprechen und vor Beginn einer Behandlung ein detailliertes Angebot einzuholen.<\/p>\n<h2 id=\"t-1672656692059\">Beliebte Zahnkliniken in Antalya<\/h2>\n<p>Hier finden Sie in K\u00fcrze eine Auswahl der <a href=\"https:\/\/medclinics.com\/de\/zahnbehandlungen-in-antalya-tuerkei-die-besten-kliniken-preise-chirurgen\/\" target=\"_blank\" rel=\"nofollow noopener\">besten Kliniken in Antalya<\/a> .<\/p>\n<p><strong><a href=\"https:\/\/soracamed.com\/\" target=\"_blank\" rel=\"nofollow noopener\" data-lt-tmp-id=\"lt-526957\">SoracaMed-Klinik<\/a><\/strong><a href=\"https:\/\/soracamed.com\/\" rel=\"nofollow noopener\" target=\"_blank\"><\/a><a href=\"https:\/\/soracamed.com\/\" rel=\"nofollow noopener\" target=\"_blank\"><\/a><\/p>\n<p><span><img decoding=\"async\" alt=\"SoracaMed-Klinik in Antalya\" data-id=\"14205\" width=\"347\" data-init-width=\"280\" height=\"260\" data-init-height=\"210\" title=\"soracamed-klinik-lobby-2\" loading=\"lazy\" src=\"https:\/\/antalyatouristinformation.com\/de\/wp-content\/uploads\/sites\/10\/2024\/01\/soracamed-clinic-lobby-2-7.jpg\" data-width=\"347\" data-height=\"260\" style=\"aspect-ratio: auto 280 \/ 210\"><\/span><span><img decoding=\"async\" alt=\"\" data-id=\"14207\" width=\"324\" data-init-width=\"280\" height=\"243\" data-init-height=\"210\" title=\"soracamed-klinik-lobby\" loading=\"lazy\" src=\"https:\/\/antalyatouristinformation.com\/de\/wp-content\/uploads\/sites\/10\/2024\/01\/soracamed-clinic-lobby-8.jpg\" data-width=\"324\" data-height=\"243\" style=\"aspect-ratio: auto 280 \/ 210\"><\/span><\/p>\n<p style=\"text-align: justify\"><a href=\"https:\/\/medclinics.com\/clinics\/soracamed-clinic\/\" target=\"_blank\" data-lt-tmp-id=\"lt-273881\" rel=\"noopener\">Die SoracaMed Clinic<\/a> ist eine Gesundheitseinrichtung, deren Ziel es ist, <strong>zug\u00e4ngliche<\/strong> und <strong>erschwingliche<\/strong> Gesundheits- und Sch\u00f6nheitsdienstleistungen von <strong>hoher Qualit\u00e4t<\/strong> anzubieten .&nbsp;<\/p>\n<p style=\"text-align: justify\">Die Klinik bietet viele Behandlungen an, darunter&nbsp; <a href=\"https:\/\/antalyatouristinformation.com\/de\/blog\/category\/zahnbehandlungen\/\"><strong>Zahnbehandlungen<\/strong><\/a> ,&nbsp; <a data-lt-tmp-id=\"lt-206893\" href=\"https:\/\/antalyatouristinformation.com\/de\/blog\/category\/plastische-chirurgie\/\">plastische Chirurgie<\/a> ,&nbsp; <a data-lt-tmp-id=\"lt-542198\" href=\"https:\/\/antalyatouristinformation.com\/de\/blog\/category\/augen\/\">Augenbehandlungen<\/a> und mehr. Dar\u00fcber hinaus bieten sie umfassende Pakete an, die nicht nur medizinische Leistungen, sondern auch Unterk\u00fcnfte umfassen.<\/p>\n<p style=\"text-align: justify\">Die Klinik legt gro\u00dfen Wert auf <strong>die Zufriedenheit<\/strong> und das Wohlbefinden der Patienten, h\u00e4lt <strong>hohe Pflegestandards<\/strong> aufrecht und informiert <strong>transparent<\/strong> \u00fcber Behandlungskosten und -verfahren. Sie stellen au\u00dferdem die Kontinuit\u00e4t der Versorgung sicher, um dem Patienten im Heimatland eine reibungslose Versorgung und Sicherheit zu bieten.&nbsp;<\/p>\n<p style=\"text-align: justify\"><strong>Die SoracaMed Clinic<\/strong> befindet sich in Antalya, einer wundersch\u00f6nen Gegend, die f\u00fcr ihre Touristenattraktionen sowie ihren historischen und kulturellen Reichtum bekannt ist.<\/p>\n<h2 data-hide=\"true\" id=\"t-1632401893497\" style=\"text-align: center\">Holen Sie sich eine kostenlose Beratung<\/h2>\n<p style=\"text-align: left\">Gerne sprechen wir \u00fcber Ihre Erwartungen. Sie k\u00f6nnen uns telefonisch oder per WhatsApp &nbsp; <a data-tcb_hover_state_parent=\"\" href=\"https:\/\/wa.me\/00905379778975\" target=\"_blank\" data-lt-tmp-id=\"lt-297952\" rel=\"noopener\">+90 537 977 89 75<\/a> , per E-Mail an <em><span>request@medclinics.com&nbsp;<\/span><\/em> oder \u00fcber das Kontaktformular kontaktieren.<a data-tcb_hover_state_parent=\"\" href=\"https:\/\/wa.me\/00905379778975\" target=\"_blank\" data-lt-tmp-id=\"lt-297952\" rel=\"noopener\"><\/a><em><span><\/span><\/em><\/p>\n<p style=\"text-align: left\">\n<p style=\"text-align: left\"><span>Hinweis:<\/span> Unsere Vertragskrankenh\u00e4user, Kliniken und \u00c4rzte werden sich bez\u00fcglich der von Ihnen gew\u00fcnschten Sch\u00f6nheitsbehandlung mit Ihnen in Verbindung setzen.&nbsp;<\/p>\n","protected":false},"excerpt":{"rendered":"<p>Das Hollywood-L\u00e4cheln ist eine beliebte Wahl f\u00fcr Personen, die das Erscheinungsbild Ihres L\u00e4chelns verbessern und ihr Selbstvertrauen durch kosmetische Zahnbehandlungen st\u00e4rken m\u00f6chten. Die T\u00fcrkei und insbesondere Antalya sind zu einem beliebten Reiseziel f\u00fcr diejenigen geworden, die diesen Look erreichen m\u00f6chten. In der Provinz Antalya gibt es viele spezialisierte Zahn\u00e4rzte . Dar\u00fcber hinaus ist die Region [&hellip;]<\/p>\n","protected":false},"author":6,"featured_media":15382,"parent":0,"menu_order":0,"comment_status":"closed","ping_status":"closed","template":"","meta":{"_acf_changed":false,"footnotes":""},"categories":[94],"tags":[96],"class_list":["post-15366","page","type-page","status-publish","has-post-thumbnail","hentry","category-zahnbehandlungen","tag-hollywood-smile","post-wrapper","thrv_wrapper"],"acf":[],"wp-worthy-pixel":{"ignored":false,"public":null,"server":null,"url":null},"wp-worthy-type":"normal","_links":{"self":[{"href":"https:\/\/antalyatouristinformation.com\/de\/wp-json\/wp\/v2\/pages\/15366","targetHints":{"allow":["GET"]}}],"collection":[{"href":"https:\/\/antalyatouristinformation.com\/de\/wp-json\/wp\/v2\/pages"}],"about":[{"href":"https:\/\/antalyatouristinformation.com\/de\/wp-json\/wp\/v2\/types\/page"}],"author":[{"embeddable":true,"href":"https:\/\/antalyatouristinformation.com\/de\/wp-json\/wp\/v2\/users\/6"}],"replies":[{"embeddable":true,"href":"https:\/\/antalyatouristinformation.com\/de\/wp-json\/wp\/v2\/comments?post=15366"}],"version-history":[{"count":9,"href":"https:\/\/antalyatouristinformation.com\/de\/wp-json\/wp\/v2\/pages\/15366\/revisions"}],"predecessor-version":[{"id":16486,"href":"https:\/\/antalyatouristinformation.com\/de\/wp-json\/wp\/v2\/pages\/15366\/revisions\/16486"}],"wp:featuredmedia":[{"embeddable":true,"href":"https:\/\/antalyatouristinformation.com\/de\/wp-json\/wp\/v2\/media\/15382"}],"wp:attachment":[{"href":"https:\/\/antalyatouristinformation.com\/de\/wp-json\/wp\/v2\/media?parent=15366"}],"wp:term":[{"taxonomy":"category","embeddable":true,"href":"https:\/\/antalyatouristinformation.com\/de\/wp-json\/wp\/v2\/categories?post=15366"},{"taxonomy":"post_tag","embeddable":true,"href":"https:\/\/antalyatouristinformation.com\/de\/wp-json\/wp\/v2\/tags?post=15366"}],"curies":[{"name":"wp","href":"https:\/\/api.w.org\/{rel}","templated":true}]}}