{"id":15383,"date":"2024-01-30T12:37:41","date_gmt":"2024-01-30T11:37:41","guid":{"rendered":"https:\/\/antalyatouristinformation.com\/de\/?page_id=15383"},"modified":"2024-12-31T12:03:14","modified_gmt":"2024-12-31T11:03:14","slug":"magen-op-turkei","status":"publish","type":"page","link":"https:\/\/antalyatouristinformation.com\/de\/magen-op-turkei\/","title":{"rendered":"Magen OP in Antalya, T\u00fcrkei | Beste Chirurgen &amp; Kliniken"},"content":{"rendered":"<h3>Fettleibigkeit, auch Adipositas genannt, ist ein Hauptrisikofaktor f\u00fcr viele Gesundheitsprobleme. Eine Operation zur Gewichtsreduktion kann f\u00fcr Menschen mit starkem \u00dcbergewicht oder Fettleibigkeit eine wirksame M\u00f6glichkeit sein, Gewicht zu verlieren und ihre Gesundheit zu verbessern.&nbsp;<\/h3>\n<p>Die Region Antalya ist aufgrund ihrer <strong>erschwinglichen und qualitativ hochwertigen Gesundheitsdienstleistungen<\/strong> mit <strong>k\u00fcrzeren Wartezeiten <\/strong><strong>ein beliebtes Ziel f\u00fcr Medizintourismus<\/strong> , einschlie\u00dflich Operationen zur Gewichtsabnahme .&nbsp;<\/p>\n<p>In diesem Artikel geben wir einen \u00dcberblick \u00fcber die Optionen, das Verfahren und die Kosten einer Operation zur Gewichtsreduktion in Antalya sowie \u00fcber seri\u00f6se Kliniken in Antalya.<\/p>\n<p>Erfahren Sie mehr \u00fcber die verschiedenen Verfahren, den Ablauf und die Kosten in der T\u00fcrkei sowie \u00fcber vertrauensw\u00fcrdige Kliniken in Antalya.&nbsp;<\/p>\n<p>Los geht&#8217;s!<\/p>\n<p><span><img decoding=\"async\" alt=\"\" data-id=\"13065\" width=\"703\" data-init-width=\"768\" height=\"469\" data-init-height=\"512\" title=\"Was-ist-Fettleibigkeit-Gewichtsverlust-Chirurgie-768x512\" loading=\"lazy\" src=\"https:\/\/antalyatouristinformation.com\/de\/wp-content\/uploads\/sites\/10\/2024\/01\/What-is-Obesity-Weight-Loss-surgery-768x512-1.jpg\" data-width=\"703\" data-height=\"469\" data-pinpro-key=\"zv8bi4q3r\" style=\"aspect-ratio: auto 768 \/ 512\"><\/span><\/p>\n<h2 id=\"t-1672836493628\">Was ist eine bariatrische OP?<\/h2>\n<p><strong>Fettleibigkeit<\/strong> ist eine Erkrankung, bei der \u00fcbersch\u00fcssiges K\u00f6rperfett die Gesundheit beeintr\u00e4chtigen und die Lebenserwartung verk\u00fcrzen kann. Sie wird anhand des Body-Mass-Index (BMI) gemessen, wobei ein <strong>BMI von 30 oder h\u00f6her auf Fettleibigkeit hindeutet<\/strong> .&nbsp;<\/p>\n<p>Eine Operation zur Gewichtsreduktion, auch <strong>bariatrische Chirurgie<\/strong> genannt, ist ein chirurgischer Eingriff, der <strong>stark \u00fcbergewichtigen Menschen hilft, Gewicht zu verlieren und ihre Gesundheit zu verbessern.<\/strong> Es kommt in der Regel nur f\u00fcr diejenigen in Betracht, die durch andere Methoden wie Di\u00e4t und Bewegung nicht abnehmen konnten.<\/p>\n<p><strong>Es ist wichtig zu beachten<\/strong> , dass eine Operation zur Gewichtsabnahme ein schwerwiegender Eingriff ist und keine schnelle L\u00f6sung zur Gewichtsabnahme darstellt. Es erfordert ein lebenslanges Engagement f\u00fcr gesunde Ern\u00e4hrung und regelm\u00e4\u00dfige k\u00f6rperliche Aktivit\u00e4t.<\/p>\n<h2 id=\"t-1672836493629\">Arten der bariatrischen Eingriffe<\/h2>\n<p>Es gibt verschiedene Arten von Operationen zur <strong>Fettleibigkeit<\/strong> und <strong>Gewichtsreduktion<\/strong>, die durchgef\u00fchrt werden, um Menschen beim Abnehmen zu helfen. Die h\u00e4ufigsten Arten von Operationen zur Gewichtsabnahme in Antalya sind:<\/p>\n<h3>1. Magenballon<\/h3>\n<p><span><img decoding=\"async\" alt=\"\" data-id=\"13067\" width=\"703\" data-init-width=\"768\" height=\"469\" data-init-height=\"512\" title=\"Magen-Ballon-Behandlung-in-Istanbul-768x512\" loading=\"lazy\" src=\"https:\/\/antalyatouristinformation.com\/de\/wp-content\/uploads\/sites\/10\/2024\/01\/Gastric-Balloon-Treatment-in-Istanbul-768x512-1.jpg\" data-width=\"703\" data-height=\"469\" data-pinpro-key=\"64p4zvnbl\" style=\"aspect-ratio: auto 768 \/ 512\"><\/span><\/p>\n<p>Bei der Magenballonbehandlung handelt es sich um ein Verfahren zur Gewichtsabnahme, bei dem ein <strong>Silikongummiballon <\/strong><strong>in den Magen eingef\u00fchrt wird.<\/strong> Der Ballon ist mit Kochsalzl\u00f6sung gef\u00fcllt, wodurch das Magenvolumen verringert wird und der Patient sich schneller satt f\u00fchlt, was zu einer Gewichtsabnahme f\u00fchrt.&nbsp;<\/p>\n<p>Der Ballon <strong>bleibt in der Regel 6\u201312 Monate an Ort und Stelle,<\/strong> bevor er auf die gleiche Weise entfernt wird, wie er eingef\u00fchrt wurde.&nbsp;<\/p>\n<p><strong><span style=\"text-decoration: underline\">Schnelle Fakten:<\/span><\/strong><\/p>\n<ul>\n<li><strong>Body-Mass-Index (BMI):<\/strong> Der empfohlene Bereich liegt zwischen 27 und 40<\/li>\n<li><strong>Dauer des Eingriffs:<\/strong> ca. 20 Minuten<\/li>\n<li><strong>An\u00e4sthesie:<\/strong> leichte An\u00e4sthesie oder leichte Sedierung<\/li>\n<li><strong>Krankenhausaufenthalt:<\/strong> nicht erforderlich, nur ein paar Stunden<\/li>\n<li><strong>M\u00f6gliche Ergebnisse:<\/strong> Der Gewichtsverlust tritt typischerweise in den ersten 1\u20132 Monaten nach dem Eingriff auf, wobei das erreichte Gewicht in den folgenden 4\u20135 Monaten gehalten wird<\/li>\n<\/ul>\n<h3>2. Schlauchmagen OP (Sleeve-Gastrektomie)<\/h3>\n<p><span><img decoding=\"async\" alt=\"\" data-id=\"13066\" width=\"703\" data-init-width=\"768\" height=\"469\" data-init-height=\"512\" title=\"Laparoskopische-Sleeve-Gastrektomie-Magen-Sleeve-768x512\" loading=\"lazy\" src=\"https:\/\/antalyatouristinformation.com\/de\/wp-content\/uploads\/sites\/10\/2024\/01\/Laparoscopic-Sleeve-Gastrectomy-Gastric-Sleeve-768x512-1.jpg\" data-width=\"703\" data-height=\"469\" data-pinpro-key=\"1sij2l50l\" style=\"aspect-ratio: auto 768 \/ 512\"><\/span><\/p>\n<p>Die laparoskopische Schlauchmagenoperation, auch Schlauchmagen OP genannt, ist eine h\u00e4ufige Operation zur Gewichtsabnahme. Bei dem Eingriff&nbsp;<strong>wird ein Teil des Magens entfernt<\/strong> und der verbleibende Teil fungiert als neuer, kleinerer Magen.<\/p>\n<p><strong>Es ist wichtig<\/strong> zu beachten, dass dieser Gewichtsverlustvorgang <strong>nicht reversibel ist<\/strong> , da drei Viertel des Organs entfernt werden. Nach der Operation <strong>wird die Nahrungsaufnahme<\/strong> des Patienten reduziert, wodurch er 50 bis 70 % seines \u00dcbergewichts verlieren kann. Die Operation hinterl\u00e4sst eine kleine Narbe.<\/p>\n<p><strong><span style=\"text-decoration: underline\">Schnelle Fakten:<\/span><\/strong><\/p>\n<ul>\n<li><strong>Body-Mass-Index (BMI):&nbsp;<\/strong> Der empfohlene Bereich liegt zwischen 35 und 40 oder h\u00f6her<\/li>\n<li><strong>Dauer des Eingriffs:<\/strong> ca. 1 bis 1,5 Stunden<\/li>\n<li><strong>An\u00e4sthesie:<\/strong> Vollnarkose<\/li>\n<li><strong>Krankenhausaufenthalt:<\/strong> 3-4 N\u00e4chte<\/li>\n<li><strong>Hinweise zur Schwangerschaft:<\/strong> Eine Schwangerschaft kann 16-18 Monate nach der Operation geplant werden.<\/li>\n<li><strong>M\u00f6gliche Ergebnisse:<\/strong> Patienten erreichen typischerweise 1,5\u20132 Jahre nach der Operation ihr niedrigstes Gewicht und k\u00f6nnen 75\u201380 % ihres \u00dcbergewichts verlieren. Die meisten Patienten nehmen danach 5\u201310 kg an Gewicht zu, meist stabilisiert sich das Gewicht jedoch je nach Lebensstil.<\/li>\n<\/ul>\n<h3>3. Nicht-chirurgische Magenverkleinerung<\/h3>\n<p><span><img decoding=\"async\" alt=\"\" data-id=\"13068\" width=\"703\" data-init-width=\"768\" height=\"469\" data-init-height=\"512\" title=\"Fettleibigkeit-Gewichtsverlust-Chirurgie-in-der-T\u00fcrkei-768x512\" loading=\"lazy\" src=\"https:\/\/antalyatouristinformation.com\/de\/wp-content\/uploads\/sites\/10\/2024\/01\/Obesity-Weight-Loss-Surgery-in-Turkey-768x512-1.jpg\" data-width=\"703\" data-height=\"469\" data-pinpro-key=\"w3t085tt3\" style=\"aspect-ratio: auto 768 \/ 512\"><\/span><\/p>\n<p>Die nicht-chirurgische Magenverkleinerung ist ein Verfahren zur Gewichtsreduktion, bei dem \u00fcber ein durch den Mund eingef\u00fchrtes Endoskop ein <strong>Muskelrelaxans in 15\u201320 Teile des Magens injiziert wird<\/strong> .<\/p>\n<p>Das Toxin verlangsamt die Bewegung der Magenmuskulatur und <strong>verringert die Aussch\u00fcttung des Appetithormons<\/strong> , wodurch sich der Patient \u00fcber einen l\u00e4ngeren Zeitraum satt f\u00fchlt.<\/p>\n<p>Dieses Verfahren <strong>erfordert keine Schnitte oder Vollnarkose <\/strong>und gilt als sichere Option zur Gewichtsabnahme. Das Muskelrelaxans l\u00f6st sich 4\u20136 Monate nach dem Eingriff auf, sodass die Wirkung des Eingriffs nur f\u00fcr diesen Zeitraum anh\u00e4lt. Der Vorgang kann wiederholt werden.<\/p>\n<p><strong><span style=\"text-decoration: underline\">Schnelle Fakten:<\/span><\/strong><\/p>\n<ul>\n<li><strong>Body-Mass-Index (BMI):<\/strong> Der empfohlene Bereich liegt zwischen 27 und 35 (nicht h\u00f6her als 40).<\/li>\n<li><strong>Dauer des Eingriffs:<\/strong> ca. 15-30 Minuten<\/li>\n<li><strong>An\u00e4sthesie:<\/strong> medikament\u00f6se An\u00e4sthesie und Sedierung<\/li>\n<li><strong>Hinweise zur Schwangerschaft:<\/strong> Schwangere oder stillende Frauen kommen nicht f\u00fcr eine nicht-chirurgische Magenverkleinerung in Frage.<\/li>\n<li><strong>Krankenhausaufenthalt:<\/strong> nicht erforderlich, nur ein paar Stunden<\/li>\n<li><strong>M\u00f6gliche Ergebnisse:<\/strong> Patienten k\u00f6nnen \u00fcber einen Zeitraum von 3 bis 6 Monaten 10\u201315 % ihres Gesamtgewichts verlieren<\/li>\n<\/ul>\n<h2 id=\"t-1672836493630\">Was Sie vor Ihrer bariatrischen OP in Antalya wissen sollten:<\/h2>\n<p>Hier sind einige Punkte, die Sie beachten sollten, bevor Sie sich in Antalya einer bariatrischen Operation unterziehen:<\/p>\n<ul>\n<li><span><strong>Eine Gewichtsabnahme <\/strong><strong>kann<\/strong> mit keiner Methode garantiert werden. Einige Operationen und Behandlungen k\u00f6nnen die Ern\u00e4hrung unterst\u00fctzen oder den Appetit reduzieren.<\/span><\/li>\n<li><span><strong>Informieren Sie sich \u00fcber die verschiedenen Arten<\/strong> von Operationen zur Gewichtsabnahme und welche f\u00fcr Ihre Bed\u00fcrfnisse am besten geeignet ist. Ihr Body-Mass-Index (BMI) und Ihre Krankengeschichte sind wichtige Faktoren bei der Entscheidung, ob Sie ein guter Kandidat f\u00fcr eine Operation zur Gewichtsreduktion sind und welche Art von Eingriff f\u00fcr Sie am besten geeignet ist. Bestimmte Erkrankungen oder hormonelle Erkrankungen k\u00f6nnen dazu f\u00fchren, dass Sie f\u00fcr bestimmte Operationen zur Gewichtsabnahme nicht geeignet sind.<\/span><\/li>\n<li><span><strong>Konsultieren Sie einen qualifizierten und erfahrenen&nbsp;<\/strong> Adipositaschirurgen, um die Risiken und Vorteile des Eingriffs zu besprechen.<\/span><\/li>\n<li><span><strong>W\u00e4hlen Sie eine seri\u00f6se, zertifizierte Klinik mit erfahrenen Spezialisten<\/strong>&nbsp;f\u00fcr Gewichtsverlustchirurgie. Die Region Antalya verf\u00fcgt \u00fcber eine Reihe erfahrener Spezialisten. <strong>Eine Auswahl finden Sie<\/strong>&nbsp;<strong>unten <\/strong>in unseren empfohlenen Kliniken .<\/span><\/li>\n<li><span><strong>Machen Sie sich bewusst, dass eine Operation zur Gewichtsreduktion ein wichtiger Eingriff ist<\/strong> und eine lebenslange Verpflichtung zu gesunder Ern\u00e4hrung und regelm\u00e4\u00dfiger k\u00f6rperlicher Aktivit\u00e4t erfordert.<\/span><\/li>\n<li><span><strong>Ber\u00fccksichtigen Sie die Kosten<\/strong> der Operation und ob diese von Ihrer Versicherung \u00fcbernommen werden.<\/span><\/li>\n<li><span><strong>Seien Sie auf m\u00f6gliche Komplikationen<\/strong> wie Infektionen, Blutungen oder eine Reaktion auf die An\u00e4sthesie vorbereitet. Denken Sie auch daran, dass ein schneller Gewichtsverlust nach einer Operation zu schlaffer Haut f\u00fchren kann.<\/span><\/li>\n<li><span><strong>Stellen Sie sicher, dass Sie die Unterst\u00fctzung von Freunden und Familie haben<\/strong> , die Sie im Genesungsprozess unterst\u00fctzen.<\/span><\/li>\n<li><span><strong>Planen Sie Ihren Aufenthalt in Antalya.&nbsp;<\/strong> Mindestens 2 Tage in Antalya f\u00fcr einen Magenballon oder eine nicht-chirurgische Magenverkleinerung und 7 Tage f\u00fcr eine Schlauchmagenoperation.<\/span><\/li>\n<li><span>Verzichten Sie mindestens 2 Wochen vor und mehrere Wochen\/Monate nach der Operation auf <strong>Alkohol und Rauchen<\/strong>.<\/span><\/li>\n<li><span><strong>Achten Sie<\/strong> nach der Operation genau auf Ihre Ern\u00e4hrung, um Komplikationen zu vermeiden. Typischerweise wird in den ersten ein bis zwei Wochen nach der Operation eine fl\u00fcssige oder halbfeste Ern\u00e4hrung empfohlen, au\u00dferdem ist es wichtig, viel Wasser zu trinken.<\/span><\/li>\n<li><span><strong>Befolgen Sie die Anweisungen<\/strong> des Chirurgen zur Nachsorge, einschlie\u00dflich der empfohlenen Ern\u00e4hrung und k\u00f6rperlichen Aktivit\u00e4t.<\/span><\/li>\n<li><span><strong>Das Ergebnis<\/strong> der Operation ist in der Regel einige Wochen nach dem Eingriff sichtbar. Bedenken Sie, dass diese nicht dauerhaft sind und vom Lebensstil des Patienten nach der Operation abh\u00e4ngen.<\/span><\/li>\n<\/ul>\n<p><span><img decoding=\"async\" alt=\"\" data-id=\"13069\" width=\"703\" data-init-width=\"768\" height=\"469\" data-init-height=\"512\" title=\"Verfahren zur Fettleibigkeit-Gewichtsverlust-Chirurgie-in-der-T\u00fcrkei-768x512\" loading=\"lazy\" src=\"https:\/\/antalyatouristinformation.com\/de\/wp-content\/uploads\/sites\/10\/2024\/01\/Procedure-of-Obesity-Weight-Loss-Surgery-in-Turkey-768x512-1.jpg\" data-width=\"703\" data-height=\"469\" data-pinpro-key=\"wbqwhqi2m\" style=\"aspect-ratio: auto 768 \/ 512\"><\/span><\/p>\n<h2 id=\"t-1672836493631\">Ablauf einer bariatrischen OP in Antalya<\/h2>\n<p>Sehen Sie sich einige typische Schritte f\u00fcr den Ablauf einer Operation zur Gewichtsreduktion in Antalya an:<\/p>\n<ol>\n<li><strong>Reichen Sie Ihre Krankengeschichte f\u00fcr ein Beratungsgespr\u00e4ch<\/strong> mit Ihrem Chirurgen ein, um die Risiken und Vorteile der verschiedenen Operationen zur Gewichtsreduktion zu besprechen und das beste Verfahren f\u00fcr Ihren Fall zu ermitteln.<\/li>\n<li><strong>Besuchen Sie nach Ihrer Ankunft in Antalya<\/strong> die Klinik einen Tag vor der geplanten Operation f\u00fcr eine Beratung und Untersuchung.<\/li>\n<li><strong>Besprechen Sie mit dem Arzt die gew\u00e4hlte Art<\/strong>&nbsp;der Operation zur Gewichtsreduktion und die Operationsmethode.<\/li>\n<li><strong>Die Operation ist in der Regel f\u00fcr den n\u00e4chsten Tag geplant,<\/strong> wobei die Patienten auf n\u00fcchternen Magen kommen. Die Dauer der Operation h\u00e4ngt von der Art des Eingriffs und seiner Komplexit\u00e4t ab.<\/li>\n<li><strong>Patienten mit nicht-chirurgischer Magenverkleinerung und Magenballon-<\/strong> Operation k\u00f6nnen die Klinik in der Regel nach wenigen Stunden verlassen und m\u00f6glicherweise sogar noch am selben Tag nach Hause fliegen. Andererseits wird eine Schlauchmagen OP unter Vollnarkose durchgef\u00fchrt und erfordert je nach Zustand des Patienten einen Aufenthalt von 3 bis 5 Tagen in der Klinik.<\/li>\n<li><strong>Erhalten Sie Anweisungen zur Nachsorge <\/strong><strong>und <\/strong><strong>Medikamente,<\/strong> bevor Sie aus dem Krankenhaus entlassen werden.<\/li>\n<li><strong>F\u00fchren Sie in den Tagen nach der Operation eine abschlie\u00dfende Kontrolle und Konsultation<\/strong> mit dem Chirurgen durch.<\/li>\n<\/ol>\n<h2 id=\"t-1672836493632\">Kosten einer bariatrischen Magen OP in Antalya, T\u00fcrkei<\/h2>\n<p>Die Kosten f\u00fcr eine Adipositas- und Gewichtsverlustoperation in Antalya <strong>variieren je nach Art der Operation.<\/strong><\/p>\n<p>Eine laparoskopische Schlauchmagenoperation kann zwischen <strong>3.200 und 6.000 Euro kosten,<\/strong> eine Magenballon-Operation kann zwischen <strong>1.900 und 2.200 Euro<\/strong> kosten und eine nicht-chirurgische Magenverkleinerung kann in Antalya zwischen <strong>1.500 und 1.800 Euro kosten.<\/strong><\/p>\n<h2 id=\"t-1672836493633\">Beliebte \u00c4rzte und Kliniken in Antalya<\/h2>\n<p>Hier finden Sie in K\u00fcrze eine Auswahl empfohlener Kliniken f\u00fcr Adipositas- und Gewichtsverlustchirurgie in Antalya.<\/p>\n<p><strong><a href=\"https:\/\/soracamed.com\/\" data-lt-tmp-id=\"lt-526957\">SoracaMed-Klinik<\/a><\/strong><a href=\"https:\/\/soracamed.com\/\" rel=\"nofollow noopener\" target=\"_blank\"><\/a><a href=\"https:\/\/soracamed.com\/\" rel=\"nofollow noopener\" target=\"_blank\"><\/a><\/p>\n<p><span><img decoding=\"async\" alt=\"SoracaMed-Klinik in Antalya\" data-id=\"14205\" width=\"347\" data-init-width=\"280\" height=\"260\" data-init-height=\"210\" title=\"soracamed-klinik-lobby-2\" loading=\"lazy\" src=\"https:\/\/antalyatouristinformation.com\/de\/wp-content\/uploads\/sites\/10\/2024\/01\/soracamed-clinic-lobby-2-8.jpg\" data-width=\"347\" data-height=\"260\" style=\"aspect-ratio: auto 280 \/ 210\"><\/span><span><img decoding=\"async\" alt=\"\" data-id=\"14207\" width=\"324\" data-init-width=\"280\" height=\"243\" data-init-height=\"210\" title=\"soracamed-klinik-lobby\" loading=\"lazy\" src=\"https:\/\/antalyatouristinformation.com\/de\/wp-content\/uploads\/sites\/10\/2024\/01\/soracamed-clinic-lobby-9.jpg\" data-width=\"324\" data-height=\"243\" style=\"aspect-ratio: auto 280 \/ 210\"><\/span><\/p>\n<p style=\"text-align: justify\"><a href=\"https:\/\/medclinics.com\/clinics\/soracamed-clinic\/\" target=\"_blank\" data-lt-tmp-id=\"lt-273881\" rel=\"noopener\">Die SoracaMed Clinic<\/a> ist eine Gesundheitseinrichtung, deren Ziel es ist, <strong>zug\u00e4ngliche<\/strong> und <strong>erschwingliche<\/strong> Gesundheits- und Sch\u00f6nheitsdienstleistungen von <strong>hoher Qualit\u00e4t<\/strong> anzubieten .&nbsp;<\/p>\n<p style=\"text-align: justify\">Die Klinik bietet ein breites Behandlungsspektrum von <a href=\"https:\/\/antalyatouristinformation.com\/de\/blog\/category\/fettleibigkeit\/\">Fettleibigkeit<\/a> bis hin zu <a href=\"https:\/\/antalyatouristinformation.com\/de\/blog\/category\/augen\/\" data-lt-tmp-id=\"lt-542198\">Augenbehandlungen<\/a> . Dar\u00fcber hinaus bieten sie umfassende Pakete an, die nicht nur medizinische Leistungen, sondern auch Unterbringung in Luxushotels, VIP-Transport, Stadtrundfahrten und Einkaufserlebnisse umfassen.<\/p>\n<p style=\"text-align: justify\">Die Klinik legt gro\u00dfen Wert auf <strong>die Zufriedenheit<\/strong> und das Wohlbefinden der Patienten, h\u00e4lt <strong>hohe Pflegestandards<\/strong> aufrecht und informiert <strong>transparent<\/strong> \u00fcber Behandlungskosten und -verfahren. &nbsp;<\/p>\n<p style=\"text-align: justify\"><strong>Die SoracaMed-Klinik<\/strong> befindet sich in G\u00fczeloba, Antalya, einer wundersch\u00f6nen Gegend, die f\u00fcr ihre Touristenattraktionen sowie ihren historischen und kulturellen Reichtum bekannt ist.<\/p>\n<h2 id=\"t-1632401893497\" style=\"text-align: center\" data-hide=\"true\">Holen Sie sich eine kostenlose Beratung<\/h2>\n<p style=\"text-align: left\">Gerne sprechen wir \u00fcber Ihre Erwartungen. Sie k\u00f6nnen uns telefonisch oder per WhatsApp &nbsp; <a data-tcb_hover_state_parent=\"\" href=\"https:\/\/wa.me\/00905379778975\" target=\"_blank\" data-lt-tmp-id=\"lt-297952\" rel=\"noopener\">+90 537 977 89 75<\/a> , per E-Mail an <em><span>request@medclinics.com&nbsp;<\/span><\/em> oder \u00fcber das Kontaktformular kontaktieren.<a data-tcb_hover_state_parent=\"\" href=\"https:\/\/wa.me\/00905379778975\" target=\"_blank\" data-lt-tmp-id=\"lt-297952\" rel=\"noopener\"><\/a><em><span><\/span><\/em><\/p>\n<p style=\"text-align: left\">\n<p style=\"text-align: left\"><span>Hinweis:<\/span> Unsere Vertragskrankenh\u00e4user, Kliniken und \u00c4rzte werden sich bez\u00fcglich der von Ihnen gew\u00fcnschten Sch\u00f6nheitsbehandlung mit Ihnen in Verbindung setzen.&nbsp;<\/p>\n","protected":false},"excerpt":{"rendered":"<p>Fettleibigkeit, auch Adipositas genannt, ist ein Hauptrisikofaktor f\u00fcr viele Gesundheitsprobleme. Eine Operation zur Gewichtsreduktion kann f\u00fcr Menschen mit starkem \u00dcbergewicht oder Fettleibigkeit eine wirksame M\u00f6glichkeit sein, Gewicht zu verlieren und ihre Gesundheit zu verbessern.&nbsp; Die Region Antalya ist aufgrund ihrer erschwinglichen und qualitativ hochwertigen Gesundheitsdienstleistungen mit k\u00fcrzeren Wartezeiten ein beliebtes Ziel f\u00fcr Medizintourismus , einschlie\u00dflich [&hellip;]<\/p>\n","protected":false},"author":6,"featured_media":15400,"parent":0,"menu_order":0,"comment_status":"closed","ping_status":"closed","template":"","meta":{"_acf_changed":false,"footnotes":""},"categories":[97],"tags":[99,98],"class_list":["post-15383","page","type-page","status-publish","has-post-thumbnail","hentry","category-fettleibigkeit","tag-kosten","tag-magen-op","post-wrapper","thrv_wrapper"],"acf":[],"wp-worthy-pixel":{"ignored":false,"public":null,"server":null,"url":null},"wp-worthy-type":"normal","_links":{"self":[{"href":"https:\/\/antalyatouristinformation.com\/de\/wp-json\/wp\/v2\/pages\/15383","targetHints":{"allow":["GET"]}}],"collection":[{"href":"https:\/\/antalyatouristinformation.com\/de\/wp-json\/wp\/v2\/pages"}],"about":[{"href":"https:\/\/antalyatouristinformation.com\/de\/wp-json\/wp\/v2\/types\/page"}],"author":[{"embeddable":true,"href":"https:\/\/antalyatouristinformation.com\/de\/wp-json\/wp\/v2\/users\/6"}],"replies":[{"embeddable":true,"href":"https:\/\/antalyatouristinformation.com\/de\/wp-json\/wp\/v2\/comments?post=15383"}],"version-history":[{"count":10,"href":"https:\/\/antalyatouristinformation.com\/de\/wp-json\/wp\/v2\/pages\/15383\/revisions"}],"predecessor-version":[{"id":16491,"href":"https:\/\/antalyatouristinformation.com\/de\/wp-json\/wp\/v2\/pages\/15383\/revisions\/16491"}],"wp:featuredmedia":[{"embeddable":true,"href":"https:\/\/antalyatouristinformation.com\/de\/wp-json\/wp\/v2\/media\/15400"}],"wp:attachment":[{"href":"https:\/\/antalyatouristinformation.com\/de\/wp-json\/wp\/v2\/media?parent=15383"}],"wp:term":[{"taxonomy":"category","embeddable":true,"href":"https:\/\/antalyatouristinformation.com\/de\/wp-json\/wp\/v2\/categories?post=15383"},{"taxonomy":"post_tag","embeddable":true,"href":"https:\/\/antalyatouristinformation.com\/de\/wp-json\/wp\/v2\/tags?post=15383"}],"curies":[{"name":"wp","href":"https:\/\/api.w.org\/{rel}","templated":true}]}}