{"id":15437,"date":"2024-01-30T13:15:46","date_gmt":"2024-01-30T12:15:46","guid":{"rendered":"https:\/\/antalyatouristinformation.com\/de\/?page_id=15437"},"modified":"2024-12-31T11:59:30","modified_gmt":"2024-12-31T10:59:30","slug":"augenlidstraffung-turkei","status":"publish","type":"page","link":"https:\/\/antalyatouristinformation.com\/de\/augenlidstraffung-turkei\/","title":{"rendered":"Augenlidstraffung in Antalya, T\u00fcrkei | Beste Kliniken, \u00c4rzte &amp; Preise"},"content":{"rendered":"<h3>Die Augenlidstraffung ist ein chirurgischer Eingriff, der dazu beitragen kann, das Erscheinungsbild h\u00e4ngender oder schlaffer Augenlider zu verbessern, die eine nat\u00fcrliche Folge des Alterns sind.&nbsp;<\/h3>\n<p>In Antalya ist die Blepharoplastik eine <strong>erschwingliche Option f\u00fcr diejenigen, die eine hochwertige Augenlidoperation w\u00fcnschen.&nbsp;<\/strong><\/p>\n<p>In diesem Artikel geben wir einen detaillierten \u00dcberblick \u00fcber das Verfahren der Blepharoplastik, einschlie\u00dflich Wissenswertes vor der Operation, des Genesungsprozesses und Vorher-Nachher-Bildern. Dar\u00fcber hinaus werden wir einige der besten Kliniken f\u00fcr diese Operation in Antalya hervorheben.&nbsp;<\/p>\n<p>Hier kommen wir mit wichtigen Informationen.<\/p>\n<p><span><img decoding=\"async\" alt=\"\" data-id=\"13089\" width=\"703\" data-init-width=\"768\" height=\"469\" data-init-height=\"512\" title=\"Was-ist-Blepharoplastik-768x512\" loading=\"lazy\" src=\"https:\/\/antalyatouristinformation.com\/de\/wp-content\/uploads\/sites\/10\/2024\/01\/What-is-Blepharoplasty-768x512-1.jpg\" data-width=\"703\" data-height=\"469\" data-pinpro-key=\"kioypkgdm\" style=\"aspect-ratio: auto 768 \/ 512\"><\/span><\/p>\n<h2 id=\"t-1673008919157\">Was ist eine Augenlidstraffung (Blepharoplastik)?<\/h2>\n<p>Bei der Blepharoplastik handelt es sich um einen chirurgischen Eingriff, bei dem <strong>\u00fcbersch\u00fcssige Haut, Fett und Muskeln von den oberen oder unteren Augenlidern entfernt werden.<\/strong><\/p>\n<p>Sie wird in der Regel durchgef\u00fchrt, um <strong>das Aussehen<\/strong> der Augenlider zu verbessern, kann aber auch zur <strong>Verbesserung des Sehverm\u00f6gens<\/strong>&nbsp;durchgef\u00fchrt werden , wenn \u00fcbersch\u00fcssiges Gewebe zu St\u00f6rungen f\u00fchrt.<\/p>\n<h2 id=\"t-1673008919158\">Was Sie vor Ihrer Augenlidstraffung in Antalya wissen m\u00fcssen<\/h2>\n<p>Nachfolgend finden Sie einige Punkte, die Sie vor einer Blepharoplastik Operation in Antalya beachten sollten:<\/p>\n<ul>\n<li><span><strong>Suchen Sie nach einer zertifizierten Klinik mit erfahrenen Spezialisten:<\/strong> Es ist wichtig, eine zertifizierte Klinik mit erfahrenen und <strong>hochqualifizierten Spezialisten<\/strong> zu w\u00e4hlen , um das Risiko von Komplikationen zu minimieren. Neben erstklassigen Chirurgen <strong>bieten viele Privatkliniken in Antalya den Komfort eines 5-Sterne-Hotels<\/strong> und k\u00fcrzere Wartezeiten f\u00fcr Termine.<\/span><\/li>\n<li><span><strong>Machen Sie sich mit den Risiken und m\u00f6glichen Komplikationen vertraut:<\/strong> Wie bei jedem chirurgischen Eingriff <strong>birgt die Blepharoplastik einige Risiken und m\u00f6gliche Komplikationen<\/strong> . Dazu k\u00f6nnen H\u00e4matome (Blutungen unter der Haut), Infektionen, Probleme bei der Narbenheilung und Sehst\u00f6rungen geh\u00f6ren.<\/span><\/li>\n<li><span><strong>Seien Sie realistisch:<\/strong> Eine Blepharoplastik kann dabei helfen, das Erscheinungsbild der Augen zu verbessern, ist aber keine Wunderl\u00f6sung, die die Zeit komplett zur\u00fcckdrehen kann. Es ist wichtig, realistische Erwartungen hinsichtlich der m\u00f6glichen Ergebnisse dieses Verfahrens zu haben.&nbsp;<\/span><\/li>\n<li><span><strong>Sehen Sie sich Vorher-Nachher Fotos \u00e4hnlicher Patienten an:<\/strong>&nbsp;Vorher-Nachher Fotos anderer Patienten mit&nbsp;<strong>\u00e4hnlichen Augenlidern und Augenformen<\/strong>&nbsp;k\u00f6nnen Ihnen einen Eindruck von den realistischen Erwartungen an Ihren eigenen Blepharoplastik Eingriff vermitteln.<\/span><\/li>\n<li><span><strong>Ber\u00fccksichtigen Sie die Kosten:<\/strong> Eine Augenlidstraffung (Blepharoplastik) wird in der Regel als elektiver kosmetischer Eingriff betrachtet, was bedeutet, dass sie von den meisten Krankenkassen nicht abgedeckt wird. Aus diesem Grund reisen viele Patienten in die T\u00fcrkei und insbesondere nach Antalya, wo sie den Eingriff zu angemessenen Preisen durchf\u00fchren lassen k\u00f6nnen.&nbsp;<\/span><\/li>\n<li><span><strong>Seien Sie bei guter Gesundheit und verzichten Sie auf das Rauchen:<\/strong> Um ein guter Kandidat f\u00fcr eine Blepharoplastik zu sein, ist es wichtig, bei guter Gesundheit zu sein und nicht zu rauchen. Rauchen kann den Heilungsprozess beeintr\u00e4chtigen und das Risiko von Komplikationen erh\u00f6hen.<\/span><\/li>\n<li><span><strong>Planen Sie eine 6-t\u00e4gige Reise nach Antalya ein:<\/strong> Planen Sie f\u00fcr Ihre Augenlidstraffung (Blepharoplastik) mindestens 6 Tage in Antalya ein. Dies erm\u00f6glicht Ihnen die Operations- und Erholungsphase sowie Zeit zum Entspannen am Strand oder zum Erkunden der kulturellen und historischen Sch\u00e4tze der Region.<\/span><\/li>\n<li><span><strong>Befolgen Sie die postoperativen Anweisungen:<\/strong>&nbsp;Nach Ihrer Blepharoplastik Operation ist es wichtig, die Anweisungen Ihres Chirurgen sorgf\u00e4ltig zu befolgen, um das bestm\u00f6gliche Ergebnis zu gew\u00e4hrleisten. Dazu kann geh\u00f6ren, dass Sie Medikamente wie verordnet einnehmen, den Operationsbereich sauber und trocken halten und anstrengende Aktivit\u00e4ten vermeiden. In den ersten Tagen nach der Operation ist es wichtig, auf aktive k\u00f6rperliche Aktivit\u00e4t, hei\u00dfe Duschen oder B\u00e4der sowie das Tragen von Make-up oder Kontaktlinsen zu verzichten.<\/span><\/li>\n<li><span><strong>Planen Sie eine Erholungsphase von 7 bis 10 Tagen ein:<\/strong> Die Erholungszeit nach einer Blepharoplastik betr\u00e4gt in der Regel 7 bis 10 Tage. W\u00e4hrend dieser Zeit kann es zu Schwellungen und Bluterg\u00fcssen kommen. Lange Spazierg\u00e4nge k\u00f6nnen helfen, Schwellungen zu reduzieren.&nbsp;<\/span><\/li>\n<li><span><strong>Vermeiden Sie in den ersten Tagen aktive k\u00f6rperliche Aktivit\u00e4t, hei\u00dfe Duschen und das Tragen von Make-up<\/strong> oder Kontaktlinsen.<\/span><\/li>\n<li><span><strong>Vermeiden Sie Autofahren:<\/strong> Auch w\u00e4hrend der Erholungszeit ist es ratsam, das Autofahren zu vermeiden, da Ihre Augen <strong>tr\u00e4nen und tr\u00fcbe sein k\u00f6nnen.<\/strong> Das Tragen <strong>einer Sonnenbrille<\/strong> kann helfen, den operierten Bereich vor der Sonne zu sch\u00fctzen, da es wichtig ist, eine \u00fcberm\u00e4\u00dfige Sonneneinstrahlung zu vermeiden.<\/span><\/li>\n<li><span><strong>Beachten Sie, dass die Ergebnisse einer Blepharoplastik nicht von Dauer sind<\/strong> und durch Alterung im Laufe der Zeit beeintr\u00e4chtigt werden k\u00f6nnen. Es wird erwartet, dass die Ergebnisse <strong>bis zu 12 Jahre<\/strong> anhalten .<\/span><\/li>\n<\/ul>\n<p><span><img decoding=\"async\" alt=\"\" data-id=\"13090\" width=\"703\" data-init-width=\"768\" height=\"469\" data-init-height=\"512\" title=\"Blepharoplastik-768x512\" loading=\"lazy\" src=\"https:\/\/antalyatouristinformation.com\/de\/wp-content\/uploads\/sites\/10\/2024\/01\/Blepharoplasty-768x512-1.jpg\" data-width=\"703\" data-height=\"469\" data-pinpro-key=\"oq5b3qh4z\" style=\"aspect-ratio: auto 768 \/ 512\"><\/span><\/p>\n<h2 id=\"t-1673008919159\">Ablauf einer Blepharoplastik \/ Augenlidstraffung in Antalya, T\u00fcrkei<\/h2>\n<p>Der Ablauf einer Blepharoplastik&nbsp;Operation in Antalya l\u00e4uft wie folgt ab:<\/p>\n<ol>\n<li><strong>Senden Sie Ihre Krankengeschichte und Fotos<\/strong> zur Auswertung.<\/li>\n<li><strong>F\u00fchren Sie eine Online-Konsultation mit einem Chirurgen durch,<\/strong> bei der Sie festlegen, welche Art der Blepharoplastik (obere, untere oder transkonjunktivale) empfohlen wird und ob eine Lokalan\u00e4sthesie oder Vollnarkose angewendet werden soll.<\/li>\n<li><strong>Besuchen Sie die Klinik in Antalya f\u00fcr eine umfassende Augenliduntersuchung,<\/strong> um die Eignung f\u00fcr den gew\u00e4hlten Eingriff zu best\u00e4tigen.<\/li>\n<li>Wenn eine Vollnarkose gew\u00e4hlt wird, d\u00fcrfen Sie am Tag vor der Operation nach Mitternacht weder essen noch trinken.<\/li>\n<li><strong>F\u00fchren Sie am Tag des Eingriffs<\/strong> eine Blutuntersuchung durch und bereiten Sie sich entweder unter \u00f6rtlicher Bet\u00e4ubung oder unter Vollnarkose auf die Operation vor. Die Blepharoplastik dauert <strong>30 Minuten bis 1,5 Stunden.<\/strong><\/li>\n<li><strong>Bei \u00f6rtlicher Bet\u00e4ubung<\/strong> verlassen Sie die Klinik nach 3-4 Stunden. Wenn <strong>eine Vollnarkose<\/strong> angewendet wird, bleiben Sie \u00fcber Nacht im Krankenhaus. Befolgen Sie zur Nachsorge die Anweisungen des Arztes.<\/li>\n<li><strong>Kehren Sie am n\u00e4chsten Tag und 3\u20135 Tage sp\u00e4ter f\u00fcr Nachuntersuchungen in die Klinik zur\u00fcck <\/strong><strong>, <\/strong>bei denen der Arzt die Augenlider \u00fcberpr\u00fcft und F\u00e4den entfernt.<\/li>\n<\/ol>\n<p><strong>Bitte beachten Sie:<\/strong> Einige Patienten entscheiden sich m\u00f6glicherweise auch f\u00fcr die Kombination einer Blepharoplastik mit einer Kanthoplastik, um ihre Augen gr\u00f6\u00dfer und heller erscheinen zu lassen und ihnen eine Katzenform zu verleihen, sowie \u00fcbersch\u00fcssige Haut an den Augenlidern zu entfernen.<\/p>\n<h2 id=\"t-1673008919160\">Vorher Nachher Fotos einer Augenlidstraffung (Blepharoplastik)<\/h2>\n<p><span><img decoding=\"async\" alt=\"\" data-id=\"13091\" width=\"344\" data-init-width=\"768\" height=\"118\" data-init-height=\"263\" title=\"Blepharoplastik-Vorher-Nachher-Bilder-768x263\" loading=\"lazy\" src=\"https:\/\/antalyatouristinformation.com\/de\/wp-content\/uploads\/sites\/10\/2024\/01\/Blepharoplasty-Before-and-After-Pictures-768x263-1.jpg\" data-width=\"344\" data-height=\"118\" data-pinpro-key=\"g0re4ooe4\" style=\"aspect-ratio: auto 768 \/ 263\"><\/span><span><img decoding=\"async\" alt=\"\" data-id=\"13092\" width=\"449\" data-init-width=\"768\" height=\"189\" data-init-height=\"323\" title=\"Blepharoplastik-Vorher-Nachher-Bilder-2-768x323\" loading=\"lazy\" src=\"https:\/\/antalyatouristinformation.com\/de\/wp-content\/uploads\/sites\/10\/2024\/01\/Blepharoplasty-Before-and-After-Pictures-2-768x323-1.jpg\" data-width=\"449\" data-height=\"189\" style=\"aspect-ratio: auto 768 \/ 323\" data-pinpro-key=\"52ieks8me\"><\/span><\/p>\n<h2 id=\"t-1673008919161\">Kosten einer Augenlidstraffung (Blepharoplastik) Operation in Antalya<\/h2>\n<p>Die Kosten f\u00fcr eine Blepharoplastik in Antalya liegen <strong>zwischen 1750 und 2100 Euro.<\/strong><\/p>\n<h2 id=\"t-1673008919162\">Empfohlene Kliniken und \u00c4rzte in Antalya<\/h2>\n<p>Hier finden Sie in K\u00fcrze eine Auswahl empfohlener Kliniken f\u00fcr Blepharoplastik Operationen in Antalya.<\/p>\n<p><strong><a href=\"https:\/\/soracamed.com\/\" data-lt-tmp-id=\"lt-526957\">SoracaMed-Klinik<\/a><\/strong><a href=\"https:\/\/soracamed.com\/\" rel=\"nofollow noopener\" target=\"_blank\"><\/a><a href=\"https:\/\/soracamed.com\/\" rel=\"nofollow noopener\" target=\"_blank\"><\/a><\/p>\n<p><span><img decoding=\"async\" alt=\"SoracaMed-Klinik in Antalya\" data-id=\"14205\" width=\"347\" data-init-width=\"280\" height=\"260\" data-init-height=\"210\" title=\"soracamed-klinik-lobby-2\" loading=\"lazy\" src=\"https:\/\/antalyatouristinformation.com\/de\/wp-content\/uploads\/sites\/10\/2024\/01\/soracamed-clinic-lobby-2-11.jpg\" data-width=\"347\" data-height=\"260\" style=\"aspect-ratio: auto 280 \/ 210\"><\/span><span><img decoding=\"async\" alt=\"\" data-id=\"14207\" width=\"324\" data-init-width=\"280\" height=\"243\" data-init-height=\"210\" title=\"soracamed-klinik-lobby\" loading=\"lazy\" src=\"https:\/\/antalyatouristinformation.com\/de\/wp-content\/uploads\/sites\/10\/2024\/01\/soracamed-clinic-lobby-12.jpg\" data-width=\"324\" data-height=\"243\" style=\"aspect-ratio: auto 280 \/ 210\"><\/span><\/p>\n<p style=\"text-align: justify\"><a data-lt-tmp-id=\"lt-273881\" href=\"https:\/\/medclinics.com\/clinics\/soracamed-clinic\/\" target=\"_blank\" rel=\"noopener\">Die SoracaMed Clinic<\/a> &nbsp;widmet sich der Bereitstellung&nbsp; <strong>hochwertiger<\/strong> , zug\u00e4nglicher und&nbsp; <strong>kosteng\u00fcnstiger<\/strong> &nbsp;Gesundheits- und Sch\u00f6nheitsdienstleistungen. Die Klinik bietet ein breites Spektrum an Behandlungen an, darunter&nbsp; <strong><a data-lt-tmp-id=\"lt-831443\" href=\"https:\/\/antalyatouristinformation.com\/de\/haartransplantation-turkei\/\">Haartransplantation<\/a><\/strong> ,&nbsp; <a data-lt-tmp-id=\"lt-689956\" href=\"https:\/\/antalyatouristinformation.com\/de\/blog\/category\/zahnbehandlungen\/\">Zahn\u00e4sthetik<\/a> ,&nbsp; <a data-lt-tmp-id=\"lt-206893\" href=\"https:\/\/antalyatouristinformation.com\/de\/blog\/category\/plastische-chirurgie\/\">plastische Chirurgie<\/a> und&nbsp; <a data-lt-tmp-id=\"lt-542198\" href=\"https:\/\/antalyatouristinformation.com\/de\/blog\/category\/augen\/\">Augenbehandlungen<\/a> .<\/p>\n<p style=\"text-align: justify\">Dar\u00fcber hinaus bieten sie&nbsp; <strong>All-Inclusive-Pakete<\/strong> an &nbsp;, die nicht nur medizinische Leistungen abdecken, sondern auch luxuri\u00f6se Hotelunterk\u00fcnfte, VIP-Transporte, Stadtrundfahrten und Einkaufserlebnisse umfassen.<\/p>\n<p style=\"text-align: justify\">Die Klinik legt gro\u00dfen Wert auf&nbsp; die Zufriedenheit &nbsp;und&nbsp; <strong>das Wohlbefinden <\/strong><strong>der Patienten<\/strong> , h\u00e4lt strenge Pflegestandards ein und bietet&nbsp; <strong>klare Informationen<\/strong> &nbsp;zu Behandlungskosten und -verfahren. Sie sorgen auch f\u00fcr eine kontinuierliche Pflege, um den Patienten in ihrem Heimatland eine reibungslose Erfahrung und Sicherheit zu bieten.<strong><\/strong><strong><\/strong><\/p>\n<p style=\"text-align: justify\"><strong>Die SoracaMed Clinic<\/strong>&nbsp;liegt im malerischen Antalya&nbsp;in einer Gegend, die f\u00fcr ihre Touristenattraktionen, ihre historische Bedeutung und ihren kulturellen Reichtum bekannt ist.<\/p>\n<h2 id=\"t-1632401893497\" style=\"text-align: center\" data-hide=\"true\">Holen Sie sich eine kostenlose Beratung<\/h2>\n<p style=\"text-align: left\">Gerne sprechen wir \u00fcber Ihre Erwartungen. Sie k\u00f6nnen uns telefonisch oder per WhatsApp &nbsp; <a data-tcb_hover_state_parent=\"\" href=\"https:\/\/wa.me\/00905379778975\" target=\"_blank\" data-lt-tmp-id=\"lt-297952\" rel=\"noopener\">+90 537 977 89 75<\/a> , per E-Mail an <em><span>request@medclinics.com&nbsp;<\/span><\/em> oder \u00fcber das Kontaktformular kontaktieren.<a data-tcb_hover_state_parent=\"\" href=\"https:\/\/wa.me\/00905379778975\" target=\"_blank\" data-lt-tmp-id=\"lt-297952\" rel=\"noopener\"><\/a><em><span><\/span><\/em><\/p>\n<p style=\"text-align: left\">\n<p style=\"text-align: left\"><span>Hinweis:<\/span> Unsere Vertragskrankenh\u00e4user, Kliniken und \u00c4rzte werden sich bez\u00fcglich der von Ihnen gew\u00fcnschten Sch\u00f6nheitsbehandlung mit Ihnen in Verbindung setzen.&nbsp;<\/p><\/p>\n","protected":false},"excerpt":{"rendered":"<p>Die Augenlidstraffung ist ein chirurgischer Eingriff, der dazu beitragen kann, das Erscheinungsbild h\u00e4ngender oder schlaffer Augenlider zu verbessern, die eine nat\u00fcrliche Folge des Alterns sind.&nbsp; In Antalya ist die Blepharoplastik eine erschwingliche Option f\u00fcr diejenigen, die eine hochwertige Augenlidoperation w\u00fcnschen.&nbsp; In diesem Artikel geben wir einen detaillierten \u00dcberblick \u00fcber das Verfahren der Blepharoplastik, einschlie\u00dflich Wissenswertes [&hellip;]<\/p>\n","protected":false},"author":6,"featured_media":15453,"parent":0,"menu_order":0,"comment_status":"closed","ping_status":"closed","template":"","meta":{"_acf_changed":false,"footnotes":""},"categories":[101],"tags":[102],"class_list":["post-15437","page","type-page","status-publish","has-post-thumbnail","hentry","category-plastische-chirurgie","tag-augenlidstraffung","post-wrapper","thrv_wrapper"],"acf":[],"wp-worthy-pixel":{"ignored":false,"public":null,"server":null,"url":null},"wp-worthy-type":"normal","_links":{"self":[{"href":"https:\/\/antalyatouristinformation.com\/de\/wp-json\/wp\/v2\/pages\/15437","targetHints":{"allow":["GET"]}}],"collection":[{"href":"https:\/\/antalyatouristinformation.com\/de\/wp-json\/wp\/v2\/pages"}],"about":[{"href":"https:\/\/antalyatouristinformation.com\/de\/wp-json\/wp\/v2\/types\/page"}],"author":[{"embeddable":true,"href":"https:\/\/antalyatouristinformation.com\/de\/wp-json\/wp\/v2\/users\/6"}],"replies":[{"embeddable":true,"href":"https:\/\/antalyatouristinformation.com\/de\/wp-json\/wp\/v2\/comments?post=15437"}],"version-history":[{"count":10,"href":"https:\/\/antalyatouristinformation.com\/de\/wp-json\/wp\/v2\/pages\/15437\/revisions"}],"predecessor-version":[{"id":16473,"href":"https:\/\/antalyatouristinformation.com\/de\/wp-json\/wp\/v2\/pages\/15437\/revisions\/16473"}],"wp:featuredmedia":[{"embeddable":true,"href":"https:\/\/antalyatouristinformation.com\/de\/wp-json\/wp\/v2\/media\/15453"}],"wp:attachment":[{"href":"https:\/\/antalyatouristinformation.com\/de\/wp-json\/wp\/v2\/media?parent=15437"}],"wp:term":[{"taxonomy":"category","embeddable":true,"href":"https:\/\/antalyatouristinformation.com\/de\/wp-json\/wp\/v2\/categories?post=15437"},{"taxonomy":"post_tag","embeddable":true,"href":"https:\/\/antalyatouristinformation.com\/de\/wp-json\/wp\/v2\/tags?post=15437"}],"curies":[{"name":"wp","href":"https:\/\/api.w.org\/{rel}","templated":true}]}}